{"id":2985,"date":"2018-04-05T17:05:01","date_gmt":"2018-04-05T15:05:01","guid":{"rendered":"http:\/\/icom.site\/?page_id=318"},"modified":"2023-05-30T15:58:11","modified_gmt":"2023-05-30T13:58:11","slug":"icom-documentation-center","status":"publish","type":"page","link":"https:\/\/icom.museum\/en\/research\/icom-documentation-center\/","title":{"rendered":"ICOM Information Centre"},"content":{"rendered":"<h2>Created in 1948, the ICOM Documentation Centre is managed by the Secretariat.<\/h2>\n<div class=\"separator\">\n<p><strong>Collections held at ICOM headquarters <\/strong><\/p>\n<\/div>\n<p>Publications of ICOM, its Committees and Regional Alliances are kept at the headquarters. In addition, the centre holds a collection of national legislation concerning the protection of cultural heritage, directories of national and international museums, publications and reports on illicit trafficking and on heritage at risk in emergency situations.<\/p>\n<p>Over <strong>44,000 references<\/strong> are indexed in the ICOM online library.<\/p>\n<p>The secretariat archives and part of the archives of the international committees are also kept at ICOM headquarters. The archive database is accessible online to members via the m<strong>embers&#8217; area<\/strong>.<\/p>\n<div class=\"separator\">\n<p><strong>Access to the ICOM Information Centre<\/strong><\/p>\n<\/div>\n<p>The Centre is located at 15 rue Lasson &#8211; 75012 Paris. It is open to ICOM members, researchers and students, by appointment.<\/p>\n<p><span class=\"link_blue\"><a href=\"mailto:Elisabeth.JANI@icom.museum\">\u00a0For an appointment, contact the ICOM Information Center Documentalist<\/a><\/span><\/p>\n<div class=\"separator\">\n<p><strong>Off-site collections<\/strong><\/p>\n<\/div>\n<p>In 1995, the collection of monographs and periodicals on museology, museography and conservation as well as the collection of museum catalogues was transferred on deposit to the Documentation Unit of the Service des Mus\u00e9es de France of the Direction G\u00e9n\u00e9rale des Patrimoines. In 2022, the collection moved again. It is now housed in the Centre d&#8217;\u00e9tudes et de documentation of the Centre Dominique-Vivant Denon, located in the south wing of the <a href=\"https:\/\/www.louvre.fr\/recherche-et-conservation\/sources-et-ressources\/centre-d-etudes-et-de-documentation-centre-dominique-vivant-denon\">Cour Carr\u00e9e at the Mus\u00e9e du Louvre<\/a> (by appointment).<\/p>\n<p><span class=\"link_yellow\"><a href=\"http:\/\/capadoce.ext.culture.fr\/\">Catalogue of the Documentation Unit<\/a><\/span><\/p>\n<p><span class=\"link_red\"><a href=\"mailto:doc-mf.dgpat@culture.gouv.fr\">Send an email<\/a><\/span><\/p>\n<p>In 1994, an important collection of exhibition catalogues was transferred on deposit to the library of the \u00c9cole nationale sup\u00e9rieure des beaux-arts (ENSBA). For more information, contact them by email or by phone at +33 (0)1 47 03 50 82.<\/p>\n<p><span class=\"link_yellow\"><a href=\"http:\/\/www.ensba.fr\/aloes\/opacwebaloes\/\">Catalogue of the ENSBA library<\/a><\/span><\/p>\n<p><span class=\"link_red\"><a href=\"mailto:consultation-collections@beauxartsparis.fr\">Send an email<\/a><\/span><\/p>\n<p>&nbsp;<\/p>\n","protected":false},"excerpt":{"rendered":"<p>Created in 1948, the ICOM Documentation Centre is managed by the Secretariat. Collections held at ICOM headquarters Publications of ICOM, its Committees and Regional Alliances are kept at the headquarters. In addition, the centre holds a collection of national legislation concerning the protection of cultural heritage, directories of national and international museums, publications and reports [&hellip;]<\/p>\n","protected":false},"author":1,"featured_media":0,"parent":2982,"menu_order":2,"comment_status":"closed","ping_status":"closed","template":"","meta":{"inline_featured_image":false,"footnotes":""},"class_list":["post-2985","page","type-page","status-publish","hentry"],"acf":[],"yoast_head":"<!-- This site is optimized with the Yoast SEO plugin v23.7 - https:\/\/yoast.com\/wordpress\/plugins\/seo\/ -->\n<title>ICOM Information Centre - International Council of Museums<\/title>\n<meta name=\"description\" content=\"Created in 1948, the ICOM Documentation Centre is managed by the Secretariat and collections held at ICOM headquarters\" \/>\n<meta name=\"robots\" content=\"index, follow, max-snippet:-1, max-image-preview:large, max-video-preview:-1\" \/>\n<link rel=\"canonical\" href=\"https:\/\/icom.museum\/en\/research\/icom-documentation-center\/\" \/>\n<meta property=\"og:locale\" content=\"en_US\" \/>\n<meta property=\"og:type\" content=\"article\" \/>\n<meta property=\"og:title\" content=\"ICOM Information Centre - International Council of Museums\" \/>\n<meta property=\"og:description\" content=\"Created in 1948, the ICOM Documentation Centre is managed by the Secretariat and collections held at ICOM headquarters\" \/>\n<meta property=\"og:url\" content=\"https:\/\/icom.museum\/en\/research\/icom-documentation-center\/\" \/>\n<meta property=\"og:site_name\" content=\"International Council of Museums\" \/>\n<meta property=\"article:modified_time\" content=\"2023-05-30T13:58:11+00:00\" \/>\n<meta property=\"og:image\" content=\"https:\/\/icom.museum\/wp-content\/uploads\/2018\/05\/MG_Conceitos3-1.jpg\" \/>\n<meta name=\"twitter:card\" content=\"summary_large_image\" \/>\n<meta name=\"twitter:label1\" content=\"Est. reading time\" \/>\n\t<meta name=\"twitter:data1\" content=\"2 minutes\" \/>\n<script type=\"application\/ld+json\" class=\"yoast-schema-graph\">{\"@context\":\"https:\/\/schema.org\",\"@graph\":[{\"@type\":\"WebPage\",\"@id\":\"https:\/\/icom.museum\/en\/research\/icom-documentation-center\/\",\"url\":\"https:\/\/icom.museum\/en\/research\/icom-documentation-center\/\",\"name\":\"ICOM Information Centre - International Council of Museums\",\"isPartOf\":{\"@id\":\"https:\/\/icom.museum\/en\/#website\"},\"datePublished\":\"2018-04-05T15:05:01+00:00\",\"dateModified\":\"2023-05-30T13:58:11+00:00\",\"description\":\"Created in 1948, the ICOM Documentation Centre is managed by the Secretariat and collections held at ICOM headquarters\",\"breadcrumb\":{\"@id\":\"https:\/\/icom.museum\/en\/research\/icom-documentation-center\/#breadcrumb\"},\"inLanguage\":\"en-US\",\"potentialAction\":[{\"@type\":\"ReadAction\",\"target\":[\"https:\/\/icom.museum\/en\/research\/icom-documentation-center\/\"]}]},{\"@type\":\"BreadcrumbList\",\"@id\":\"https:\/\/icom.museum\/en\/research\/icom-documentation-center\/#breadcrumb\",\"itemListElement\":[{\"@type\":\"ListItem\",\"position\":1,\"name\":\"Home\",\"item\":\"https:\/\/icom.museum\/en\/\"},{\"@type\":\"ListItem\",\"position\":2,\"name\":\"Research\",\"item\":\"https:\/\/icom.museum\/en\/research\/\"},{\"@type\":\"ListItem\",\"position\":3,\"name\":\"ICOM Information Centre\"}]},{\"@type\":\"WebSite\",\"@id\":\"https:\/\/icom.museum\/en\/#website\",\"url\":\"https:\/\/icom.museum\/en\/\",\"name\":\"International Council of Museums\",\"description\":\"A global organisation of museums &amp; museum professionals committed to the promotion and protection of cultural heritage\",\"publisher\":{\"@id\":\"https:\/\/icom.museum\/en\/#organization\"},\"potentialAction\":[{\"@type\":\"SearchAction\",\"target\":{\"@type\":\"EntryPoint\",\"urlTemplate\":\"https:\/\/icom.museum\/en\/?s={search_term_string}\"},\"query-input\":{\"@type\":\"PropertyValueSpecification\",\"valueRequired\":true,\"valueName\":\"search_term_string\"}}],\"inLanguage\":\"en-US\"},{\"@type\":\"Organization\",\"@id\":\"https:\/\/icom.museum\/en\/#organization\",\"name\":\"International Council of Museums\",\"url\":\"https:\/\/icom.museum\/en\/\",\"logo\":{\"@type\":\"ImageObject\",\"inLanguage\":\"en-US\",\"@id\":\"https:\/\/icom.museum\/en\/#\/schema\/logo\/image\/\",\"url\":\"https:\/\/icom.museum\/wp-content\/uploads\/2018\/07\/ICOM_M_.jpg\",\"contentUrl\":\"https:\/\/icom.museum\/wp-content\/uploads\/2018\/07\/ICOM_M_.jpg\",\"width\":1721,\"height\":1721,\"caption\":\"International Council of Museums\"},\"image\":{\"@id\":\"https:\/\/icom.museum\/en\/#\/schema\/logo\/image\/\"}}]}<\/script>\n<!-- \/ Yoast SEO plugin. -->","yoast_head_json":{"title":"ICOM Information Centre - International Council of Museums","description":"Created in 1948, the ICOM Documentation Centre is managed by the Secretariat and collections held at ICOM headquarters","robots":{"index":"index","follow":"follow","max-snippet":"max-snippet:-1","max-image-preview":"max-image-preview:large","max-video-preview":"max-video-preview:-1"},"canonical":"https:\/\/icom.museum\/en\/research\/icom-documentation-center\/","og_locale":"en_US","og_type":"article","og_title":"ICOM Information Centre - International Council of Museums","og_description":"Created in 1948, the ICOM Documentation Centre is managed by the Secretariat and collections held at ICOM headquarters","og_url":"https:\/\/icom.museum\/en\/research\/icom-documentation-center\/","og_site_name":"International Council of Museums","article_modified_time":"2023-05-30T13:58:11+00:00","og_image":[{"url":"https:\/\/icom.museum\/wp-content\/uploads\/2018\/05\/MG_Conceitos3-1.jpg"}],"twitter_card":"summary_large_image","twitter_misc":{"Est. reading time":"2 minutes"},"schema":{"@context":"https:\/\/schema.org","@graph":[{"@type":"WebPage","@id":"https:\/\/icom.museum\/en\/research\/icom-documentation-center\/","url":"https:\/\/icom.museum\/en\/research\/icom-documentation-center\/","name":"ICOM Information Centre - International Council of Museums","isPartOf":{"@id":"https:\/\/icom.museum\/en\/#website"},"datePublished":"2018-04-05T15:05:01+00:00","dateModified":"2023-05-30T13:58:11+00:00","description":"Created in 1948, the ICOM Documentation Centre is managed by the Secretariat and collections held at ICOM headquarters","breadcrumb":{"@id":"https:\/\/icom.museum\/en\/research\/icom-documentation-center\/#breadcrumb"},"inLanguage":"en-US","potentialAction":[{"@type":"ReadAction","target":["https:\/\/icom.museum\/en\/research\/icom-documentation-center\/"]}]},{"@type":"BreadcrumbList","@id":"https:\/\/icom.museum\/en\/research\/icom-documentation-center\/#breadcrumb","itemListElement":[{"@type":"ListItem","position":1,"name":"Home","item":"https:\/\/icom.museum\/en\/"},{"@type":"ListItem","position":2,"name":"Research","item":"https:\/\/icom.museum\/en\/research\/"},{"@type":"ListItem","position":3,"name":"ICOM Information Centre"}]},{"@type":"WebSite","@id":"https:\/\/icom.museum\/en\/#website","url":"https:\/\/icom.museum\/en\/","name":"International Council of Museums","description":"A global organisation of museums &amp; museum professionals committed to the promotion and protection of cultural heritage","publisher":{"@id":"https:\/\/icom.museum\/en\/#organization"},"potentialAction":[{"@type":"SearchAction","target":{"@type":"EntryPoint","urlTemplate":"https:\/\/icom.museum\/en\/?s={search_term_string}"},"query-input":{"@type":"PropertyValueSpecification","valueRequired":true,"valueName":"search_term_string"}}],"inLanguage":"en-US"},{"@type":"Organization","@id":"https:\/\/icom.museum\/en\/#organization","name":"International Council of Museums","url":"https:\/\/icom.museum\/en\/","logo":{"@type":"ImageObject","inLanguage":"en-US","@id":"https:\/\/icom.museum\/en\/#\/schema\/logo\/image\/","url":"https:\/\/icom.museum\/wp-content\/uploads\/2018\/07\/ICOM_M_.jpg","contentUrl":"https:\/\/icom.museum\/wp-content\/uploads\/2018\/07\/ICOM_M_.jpg","width":1721,"height":1721,"caption":"International Council of Museums"},"image":{"@id":"https:\/\/icom.museum\/en\/#\/schema\/logo\/image\/"}}]}},"_links":{"self":[{"href":"https:\/\/icom.museum\/en\/wp-json\/wp\/v2\/pages\/2985"}],"collection":[{"href":"https:\/\/icom.museum\/en\/wp-json\/wp\/v2\/pages"}],"about":[{"href":"https:\/\/icom.museum\/en\/wp-json\/wp\/v2\/types\/page"}],"author":[{"embeddable":true,"href":"https:\/\/icom.museum\/en\/wp-json\/wp\/v2\/users\/1"}],"replies":[{"embeddable":true,"href":"https:\/\/icom.museum\/en\/wp-json\/wp\/v2\/comments?post=2985"}],"version-history":[{"count":23,"href":"https:\/\/icom.museum\/en\/wp-json\/wp\/v2\/pages\/2985\/revisions"}],"predecessor-version":[{"id":53480,"href":"https:\/\/icom.museum\/en\/wp-json\/wp\/v2\/pages\/2985\/revisions\/53480"}],"up":[{"embeddable":true,"href":"https:\/\/icom.museum\/en\/wp-json\/wp\/v2\/pages\/2982"}],"wp:attachment":[{"href":"https:\/\/icom.museum\/en\/wp-json\/wp\/v2\/media?parent=2985"}],"curies":[{"name":"wp","href":"https:\/\/api.w.org\/{rel}","templated":true}]}}