{"id":24837,"date":"2018-07-23T15:19:31","date_gmt":"2018-07-23T15:19:31","guid":{"rendered":"http:\/\/icom.museum\/?page_id=24837"},"modified":"2020-09-25T13:48:44","modified_gmt":"2020-09-25T11:48:44","slug":"informacion-legal","status":"publish","type":"page","link":"https:\/\/icom.museum\/es\/informacion-legal\/","title":{"rendered":"Informaci\u00f3n legal"},"content":{"rendered":"<p>Al conectarse a este sitio web, <a href=\"http:\/\/www.icom.museum\">www.icom.museum<\/a> y a todas las p\u00e1ginas de este dominio (en adelante denominados colectivamente &#8220;sitio web del ICOM&#8221;), el usuario acepta los siguientes t\u00e9rminos y condiciones.<\/p>\n<p>El Consejo Internacional de Museos (en adelante denominado &#8220;ICOM&#8221;) se reserva el derecho de invocar cualquier recurso previsto por la ley en caso de incumplimiento de las presentes condiciones, incluida la violaci\u00f3n del derecho del ICOM a su nombre o de los derechos relativos a la informaci\u00f3n, los documentos, el texto, el material v\u00eddeo o audio o las fotograf\u00edas (en adelante denominados colectivamente &#8220;Contenido&#8221;) que se encuentran en el sitio web del ICOM.<\/p>\n<p>Sitio dise\u00f1ado y desarrollado por Hands Agency<br \/>\nSitio hospedado por Oxymium<\/p>\n<p><strong>1. Sitio web del ICOM<\/strong><\/p>\n<p><strong>a) Informaciones jur\u00eddicas<\/strong><\/p>\n<p>Este sitio web es propiedad del ICOM, una asociaci\u00f3n registrada (n\u00b0 SIREN 784 614 813) con sede en 1 rue Miollis, 75015 Par\u00eds (Francia).<br \/>\nSitio dise\u00f1ado y desarrollado por: Hands Agency, 57 rue de Turbigo, 75003 Par\u00eds.<br \/>\nSitio hospedado por: Oxymium, 10 rue Rochambeau, 75009 Par\u00eds.<br \/>\nEl director de la publicaci\u00f3n del sitio es: Peter Keller, Director General.<\/p>\n<p><strong>b) Utilizaci\u00f3n del sitio web del ICOM<\/strong><\/p>\n<p>El ICOM autoriza el acceso a su sitio web s\u00f3lo para fines personales o educativos. Cualquier otro uso, incluida la reproducci\u00f3n o traducci\u00f3n del contenido del sitio web del ICOM o el uso para fines que no sean personales o educativos, est\u00e1 prohibido sin el previo consentimiento del ICOM expreso por escrito. Las solicitudes de autorizaci\u00f3n deben enviarse utilizando el formulario que se proporciona con una descripci\u00f3n detallada del uso previsto. Todo el contenido del sitio web del ICOM est\u00e1 protegido por la ley francesa de derechos de autor. El ICOM determina el contenido de su sitio web seg\u00fan sus propios criterios y a su entera discreci\u00f3n. El ICOM se reserva el derecho de modificar o eliminar cualquier aspecto o elemento de su sitio web en cualquier momento. El ICOM no garantiza la exactitud ni la integridad del Contenido.<\/p>\n<p>El ICOM declina cualquiera responsabilidad derivada del uso del sitio web del ICOM o del Contenido del sitio web del ICOM. El ICOM, los miembros de su personal y sus partes contratantes no ser\u00e1n responsables en modo alguno de las consecuencias financieras o de otro tipo que se deriven de la utilizaci\u00f3n del Contenido del sitio web del ICOM, incluida la utilizaci\u00f3n abusiva, incorrecta o fraudulenta de dicho Contenido.<br \/>\nEl ICOM no asume ninguna responsabilidad en caso de infecci\u00f3n por un virus inform\u00e1tico o por cualquier contaminaci\u00f3n o proceso que tenga propiedades destructivas.<\/p>\n<p><strong>c) Partes interactivas del sitio web del ICOM<\/strong><\/p>\n<p>El sitio web del ICOM puede incluir tableros de anuncios electr\u00f3nicos, foros, acceso a listas de correo u otras herramientas para enviar mensajes o comunicar. Las opiniones, los puntos de vista y las declaraciones de estas diversas fuentes de informaci\u00f3n no reflejan necesariamente los puntos de vista del ICOM.<\/p>\n<p>Al utilizar estas herramientas, el usuario est\u00e1 de acuerdo: a) no perpetrar ninguna acci\u00f3n que sea difamatoria, abusiva, acosadora, invasiva de la privacidad o que viole de alguna otra manera los derechos de cualquier otra persona; b) no publicar, anunciar, distribuir o difundir ninguna informaci\u00f3n o material difamatorio, obsceno, indecente, que infrinja o sea ilegal de alguna otra manera; c) no cargar o transmitir archivos que contengan software u otro material protegido por las leyes de propiedad intelectual (o de privacidad) a menos que el usuario posea o controle los derechos de los mismos o haya recibido todos los permisos necesarios; d) no cargar ni transmitir archivos que contengan virus inform\u00e1ticos, archivos corruptos o cualquier otro software o programa que pueda da\u00f1ar la funcionalidad del ordenador de otra persona; e) no eliminar ninguna atribuci\u00f3n de autor\u00eda, exenci\u00f3n de responsabilidad legal, nombres comerciales o etiquetas de un archivo que se cargue; f) no falsificar la fuente u origen del software u otro material contenido en cualquier archivo que se descargue; g) no promover ni ofrecer la venta de bienes o servicios, ni realizar o remitir encuestas, concursos o cartas en cadena; y h) no descargar archivos proporcionados por un tercero que el usuario sepa, o razonablemente deba saber, que no esta legalmente permitido distribuir.<\/p>\n<p>El ICOM se reserva el derecho absoluto de eliminar cualquier material publicado en su sitio web sin previo aviso al usuario. El ICOM declina toda responsabilidad por la conducta de los usuarios en relaci\u00f3n con tales herramientas o por cualquier material proporcionado por los usuarios y publicado en el sitio web del ICOM, incluida, por ejemplo, cualquier responsabilidad por la fiabilidad o veracidad de cualquier informaci\u00f3n, dato, opini\u00f3n, consejo o declaraci\u00f3n que aparezca en tales materiales.<\/p>\n<p><strong>d) Cookies<\/strong><\/p>\n<p>Una cookie es una pieza de informaci\u00f3n que un sitio web almacena en el ordenador del usuario y que el navegador del usuario proporciona al sitio web cada vez que el visitante se conecta a \u00e9l. El sitio web del ICOM utiliza cookies para ayudar a identificar a los usuarios, sus actividades en el sitio web del ICOM y sus preferencias de acceso. Los usuarios que no deseen conservar las cookies en sus ordenadores pueden cambiar las preferencias de su navegador para que \u00e9ste no las conserve. Sin embargo, algunas funciones del sitio web del ICOM, en particular en la parte interactiva del sitio, no funcionar\u00e1n correctamente si no se activan las cookies.<\/p>\n<p><strong>2. Otros sitios web<\/strong><\/p>\n<p><strong>a) Enlaces en el sitio web del ICOM<\/strong><\/p>\n<p>El sitio web del ICOM puede incluir enlaces a otros sitios web, sobre los cuales el ICOM no tiene control. El ICOM no se asume ninguna responsabilidad con respecto a estos sitios web, incluyendo, por ejemplo, cualquier responsabilidad por la veracidad o fiabilidad de las informaciones, los datos, las opiniones, los consejos o las declaraciones publicadas en ellos.<\/p>\n<p><strong>b) Enlaces al sitio web del ICOM<\/strong><\/p>\n<p>El ICOM agradece a los usuarios que crean un enlace en su sitio web &#8211; que conduce al sitio web del ICOM &#8211; por su inter\u00e9s en la organizaci\u00f3n. Al a\u00f1adir este enlace, los usuarios expresan su apoyo a las misiones del ICOM. Si los usuarios desean crear un enlace al sitio web del ICOM, se les pide que se pongan en contacto con el ICOM con antelaci\u00f3n para permitir el seguimiento administrativo. A continuaci\u00f3n, pueden crear un enlace a la p\u00e1gina de inicio o a una p\u00e1gina dentro del Contenido. El ICOM se reserva el derecho de rechazar los enlaces en cualquier momento. En este caso, los administradores del sitio se comprometen a eliminar el enlace inmediatamente. Adem\u00e1s, como el ICOM es una organizaci\u00f3n sin \u00e1nimo de lucro, no permite la publicaci\u00f3n de un enlace en las p\u00e1ginas comerciales de los sitios web. Por \u00faltimo, el ICOM no comparte, intercambia ni publica enlaces a sitios web que no sean de sus asociados oficiales.<\/p>\n<p><strong>3. Mapas y uso de nombres<\/strong><\/p>\n<p>El uso de un nombre espec\u00edfico para designar un pa\u00eds o territorio y los mapas que figuran en este sitio no implican ning\u00fan juicio por parte del ICOM sobre la condici\u00f3n jur\u00eddica de ese pa\u00eds o territorio, sus instituciones o autoridades de gobierno, o la delimitaci\u00f3n de sus fronteras o l\u00edmites. El ICOM se refiere a los Estados Miembros de las Naciones Unidas y a la denominaci\u00f3n reconocida en ellos. La menci\u00f3n del nombre de una empresa o producto (se especifique o no que se trata de una marca registrada) no implica ninguna intenci\u00f3n de infringir los derechos de propiedad, ni puede interpretarse como una promoci\u00f3n o recomendaci\u00f3n por parte del ICOM.<\/p>\n<p><strong>4. Protecci\u00f3n de los datos personales<\/strong><\/p>\n<p>El ICOM est\u00e1 muy comprometido con la protecci\u00f3n de los datos personales y la privacidad.<br \/>\nCon el fin de asegurar el cumplimiento de la legislaci\u00f3n vigente, y con el fin de estar informado sobre sus derechos y sobre la forma en que el ICOM utiliza sus informaciones personales, le invitamos a consultar los detalles de nuestra Pol\u00edtica de Privacidad, a la que puede acceder haciendo clic AQU\u00cd.<\/p>\n<p><strong>5. Propiedad intelectual<\/strong><\/p>\n<p><strong>a) ICOM &#8211; Consejo Internacional de Museos<\/strong><\/p>\n<p>El ICOM tiene la propiedad exclusiva de su nombre y logotipo. La marca compleja ICOM \u2013 International Council of Museums &#8211; Conseil international des mus\u00e9es &#8211; Consejo internacional de los museos beneficia de los derechos que le confiere su registro en la Oficina de Propiedad Intelectual de la Uni\u00f3n Europea (EUIPO). El nombre y el logotipo del ICOM no pueden ser copiados o reproducidos bajo ninguna circunstancia sin la autorizaci\u00f3n previa por escrito del ICOM. Toda solicitud de autorizaci\u00f3n debe ser enviada al ICOM utilizando el formulario previsto a tal efecto.<\/p>\n<p><strong>b) Contenido del sitio web del ICOM<\/strong><\/p>\n<p>El ICOM proporciona informaciones en Internet principalmente a los que est\u00e1n interesados en sus esfuerzos por asegurar la preservaci\u00f3n, conservaci\u00f3n y transmisi\u00f3n de los bienes culturales. Si el usuario desea aprovechar, reproducir, publicar o traducir estas informaciones para una difusi\u00f3n m\u00e1s amplia, deber\u00e1 enviar un correo electr\u00f3nico utilizando el formulario en l\u00ednea con los detalles del uso previsto, incluida la naturaleza y el tama\u00f1o del p\u00fablico destinatario. Se proh\u00edbe la utilizaci\u00f3n del material del ICOM en Internet para cualquier fin, sin previa autorizaci\u00f3n. El ICOM se reserva todos los derechos sobre sus publicaciones, su carta gr\u00e1fica y su contenido, as\u00ed como sobre su sitio web, su contenido y su carta gr\u00e1fica.<\/p>\n<p><strong>6. Cr\u00e9ditos fotogr\u00e1ficos<\/strong><\/p>\n<p>Todas las fotograf\u00edas publicadas en el sitio web del ICOM est\u00e1n libres de derechos. El ICOM quiere agradecer a todas las personas y organizaciones que han contribuido al sitio web. Salvo menci\u00f3n en contrario, las fotograf\u00edas presentadas en el sitio web son propiedad del ICOM. Todos los derechos est\u00e1n reservados. La reproducci\u00f3n de una o m\u00e1s fotograf\u00edas no autorizada por el titular de los derechos est\u00e1 prohibida por la ley.<\/p>\n","protected":false},"excerpt":{"rendered":"<p>Al conectarse a este sitio web, www.icom.museum y a todas las p\u00e1ginas de este dominio (en adelante denominados colectivamente &#8220;sitio web del ICOM&#8221;), el usuario acepta los siguientes t\u00e9rminos y condiciones. El Consejo Internacional de Museos (en adelante denominado &#8220;ICOM&#8221;) se reserva el derecho de invocar cualquier recurso previsto por la ley en caso de [&hellip;]<\/p>\n","protected":false},"author":1,"featured_media":0,"parent":0,"menu_order":0,"comment_status":"closed","ping_status":"closed","template":"","meta":{"inline_featured_image":false,"footnotes":""},"class_list":["post-24837","page","type-page","status-publish","hentry"],"acf":[],"yoast_head":"<!-- This site is optimized with the Yoast SEO plugin v23.7 - https:\/\/yoast.com\/wordpress\/plugins\/seo\/ -->\n<title>Informaci\u00f3n legal - International Council of Museums<\/title>\n<meta name=\"robots\" content=\"index, follow, max-snippet:-1, max-image-preview:large, max-video-preview:-1\" \/>\n<link rel=\"canonical\" href=\"https:\/\/icom.museum\/es\/informacion-legal\/\" \/>\n<meta property=\"og:locale\" content=\"es_ES\" \/>\n<meta property=\"og:type\" content=\"article\" \/>\n<meta property=\"og:title\" content=\"Informaci\u00f3n legal - International Council of Museums\" \/>\n<meta property=\"og:description\" content=\"Al conectarse a este sitio web, www.icom.museum y a todas las p\u00e1ginas de este dominio (en adelante denominados colectivamente &#8220;sitio web del ICOM&#8221;), el usuario acepta los siguientes t\u00e9rminos y condiciones. El Consejo Internacional de Museos (en adelante denominado &#8220;ICOM&#8221;) se reserva el derecho de invocar cualquier recurso previsto por la ley en caso de [&hellip;]\" \/>\n<meta property=\"og:url\" content=\"https:\/\/icom.museum\/es\/informacion-legal\/\" \/>\n<meta property=\"og:site_name\" content=\"International Council of Museums\" \/>\n<meta property=\"article:modified_time\" content=\"2020-09-25T11:48:44+00:00\" \/>\n<meta name=\"twitter:card\" content=\"summary_large_image\" \/>\n<meta name=\"twitter:label1\" content=\"Tiempo de lectura\" \/>\n\t<meta name=\"twitter:data1\" content=\"8 minutos\" \/>\n<script type=\"application\/ld+json\" class=\"yoast-schema-graph\">{\"@context\":\"https:\/\/schema.org\",\"@graph\":[{\"@type\":\"WebPage\",\"@id\":\"https:\/\/icom.museum\/es\/informacion-legal\/\",\"url\":\"https:\/\/icom.museum\/es\/informacion-legal\/\",\"name\":\"Informaci\u00f3n legal - International Council of Museums\",\"isPartOf\":{\"@id\":\"https:\/\/icom.museum\/en\/#website\"},\"datePublished\":\"2018-07-23T15:19:31+00:00\",\"dateModified\":\"2020-09-25T11:48:44+00:00\",\"breadcrumb\":{\"@id\":\"https:\/\/icom.museum\/es\/informacion-legal\/#breadcrumb\"},\"inLanguage\":\"es\",\"potentialAction\":[{\"@type\":\"ReadAction\",\"target\":[\"https:\/\/icom.museum\/es\/informacion-legal\/\"]}]},{\"@type\":\"BreadcrumbList\",\"@id\":\"https:\/\/icom.museum\/es\/informacion-legal\/#breadcrumb\",\"itemListElement\":[{\"@type\":\"ListItem\",\"position\":1,\"name\":\"Home\",\"item\":\"https:\/\/icom.museum\/es\/\"},{\"@type\":\"ListItem\",\"position\":2,\"name\":\"Informaci\u00f3n legal\"}]},{\"@type\":\"WebSite\",\"@id\":\"https:\/\/icom.museum\/en\/#website\",\"url\":\"https:\/\/icom.museum\/en\/\",\"name\":\"International Council of Museums\",\"description\":\"A global organisation of museums &amp; museum professionals committed to the promotion and protection of cultural heritage\",\"publisher\":{\"@id\":\"https:\/\/icom.museum\/en\/#organization\"},\"potentialAction\":[{\"@type\":\"SearchAction\",\"target\":{\"@type\":\"EntryPoint\",\"urlTemplate\":\"https:\/\/icom.museum\/en\/?s={search_term_string}\"},\"query-input\":{\"@type\":\"PropertyValueSpecification\",\"valueRequired\":true,\"valueName\":\"search_term_string\"}}],\"inLanguage\":\"es\"},{\"@type\":\"Organization\",\"@id\":\"https:\/\/icom.museum\/en\/#organization\",\"name\":\"International Council of Museums\",\"url\":\"https:\/\/icom.museum\/en\/\",\"logo\":{\"@type\":\"ImageObject\",\"inLanguage\":\"es\",\"@id\":\"https:\/\/icom.museum\/en\/#\/schema\/logo\/image\/\",\"url\":\"https:\/\/icom.museum\/wp-content\/uploads\/2018\/07\/ICOM_M_.jpg\",\"contentUrl\":\"https:\/\/icom.museum\/wp-content\/uploads\/2018\/07\/ICOM_M_.jpg\",\"width\":1721,\"height\":1721,\"caption\":\"International Council of Museums\"},\"image\":{\"@id\":\"https:\/\/icom.museum\/en\/#\/schema\/logo\/image\/\"}}]}<\/script>\n<!-- \/ Yoast SEO plugin. -->","yoast_head_json":{"title":"Informaci\u00f3n legal - International Council of Museums","robots":{"index":"index","follow":"follow","max-snippet":"max-snippet:-1","max-image-preview":"max-image-preview:large","max-video-preview":"max-video-preview:-1"},"canonical":"https:\/\/icom.museum\/es\/informacion-legal\/","og_locale":"es_ES","og_type":"article","og_title":"Informaci\u00f3n legal - International Council of Museums","og_description":"Al conectarse a este sitio web, www.icom.museum y a todas las p\u00e1ginas de este dominio (en adelante denominados colectivamente &#8220;sitio web del ICOM&#8221;), el usuario acepta los siguientes t\u00e9rminos y condiciones. El Consejo Internacional de Museos (en adelante denominado &#8220;ICOM&#8221;) se reserva el derecho de invocar cualquier recurso previsto por la ley en caso de [&hellip;]","og_url":"https:\/\/icom.museum\/es\/informacion-legal\/","og_site_name":"International Council of Museums","article_modified_time":"2020-09-25T11:48:44+00:00","twitter_card":"summary_large_image","twitter_misc":{"Tiempo de lectura":"8 minutos"},"schema":{"@context":"https:\/\/schema.org","@graph":[{"@type":"WebPage","@id":"https:\/\/icom.museum\/es\/informacion-legal\/","url":"https:\/\/icom.museum\/es\/informacion-legal\/","name":"Informaci\u00f3n legal - International Council of Museums","isPartOf":{"@id":"https:\/\/icom.museum\/en\/#website"},"datePublished":"2018-07-23T15:19:31+00:00","dateModified":"2020-09-25T11:48:44+00:00","breadcrumb":{"@id":"https:\/\/icom.museum\/es\/informacion-legal\/#breadcrumb"},"inLanguage":"es","potentialAction":[{"@type":"ReadAction","target":["https:\/\/icom.museum\/es\/informacion-legal\/"]}]},{"@type":"BreadcrumbList","@id":"https:\/\/icom.museum\/es\/informacion-legal\/#breadcrumb","itemListElement":[{"@type":"ListItem","position":1,"name":"Home","item":"https:\/\/icom.museum\/es\/"},{"@type":"ListItem","position":2,"name":"Informaci\u00f3n legal"}]},{"@type":"WebSite","@id":"https:\/\/icom.museum\/en\/#website","url":"https:\/\/icom.museum\/en\/","name":"International Council of Museums","description":"A global organisation of museums &amp; museum professionals committed to the promotion and protection of cultural heritage","publisher":{"@id":"https:\/\/icom.museum\/en\/#organization"},"potentialAction":[{"@type":"SearchAction","target":{"@type":"EntryPoint","urlTemplate":"https:\/\/icom.museum\/en\/?s={search_term_string}"},"query-input":{"@type":"PropertyValueSpecification","valueRequired":true,"valueName":"search_term_string"}}],"inLanguage":"es"},{"@type":"Organization","@id":"https:\/\/icom.museum\/en\/#organization","name":"International Council of Museums","url":"https:\/\/icom.museum\/en\/","logo":{"@type":"ImageObject","inLanguage":"es","@id":"https:\/\/icom.museum\/en\/#\/schema\/logo\/image\/","url":"https:\/\/icom.museum\/wp-content\/uploads\/2018\/07\/ICOM_M_.jpg","contentUrl":"https:\/\/icom.museum\/wp-content\/uploads\/2018\/07\/ICOM_M_.jpg","width":1721,"height":1721,"caption":"International Council of Museums"},"image":{"@id":"https:\/\/icom.museum\/en\/#\/schema\/logo\/image\/"}}]}},"_links":{"self":[{"href":"https:\/\/icom.museum\/es\/wp-json\/wp\/v2\/pages\/24837"}],"collection":[{"href":"https:\/\/icom.museum\/es\/wp-json\/wp\/v2\/pages"}],"about":[{"href":"https:\/\/icom.museum\/es\/wp-json\/wp\/v2\/types\/page"}],"author":[{"embeddable":true,"href":"https:\/\/icom.museum\/es\/wp-json\/wp\/v2\/users\/1"}],"replies":[{"embeddable":true,"href":"https:\/\/icom.museum\/es\/wp-json\/wp\/v2\/comments?post=24837"}],"version-history":[{"count":14,"href":"https:\/\/icom.museum\/es\/wp-json\/wp\/v2\/pages\/24837\/revisions"}],"predecessor-version":[{"id":40776,"href":"https:\/\/icom.museum\/es\/wp-json\/wp\/v2\/pages\/24837\/revisions\/40776"}],"wp:attachment":[{"href":"https:\/\/icom.museum\/es\/wp-json\/wp\/v2\/media?parent=24837"}],"curies":[{"name":"wp","href":"https:\/\/api.w.org\/{rel}","templated":true}]}}