{"id":3152,"date":"2018-04-05T16:50:50","date_gmt":"2018-04-05T14:50:50","guid":{"rendered":"http:\/\/icom.museum\/general-conference\/"},"modified":"2025-11-25T13:26:39","modified_gmt":"2025-11-25T11:26:39","slug":"conferencia-general","status":"publish","type":"page","link":"https:\/\/icom.museum\/es\/conferencia-general\/","title":{"rendered":"Conferencias Generales"},"content":{"rendered":"<h2 class=\"headline\">La Conferencia General del ICOM es un foco de renombre mundial para el intercambio sobre los desaf\u00edos que los museos enfrentan en la actualidad y las soluciones m\u00e1s innovadoras.<\/h2>\n<p>Cada tres a\u00f1os desde 1948, el ICOM congrega a la comunidad muse\u00edstica internacional en torno a un tema de m\u00e1ximo inter\u00e9s para facilitar el intercambio cultural, promover la cooperaci\u00f3n internacional e inspirar acciones locales con el fin de apoyar la misi\u00f3n de servicio p\u00fablico a la sociedad de los museos.<\/p>\n<p>M\u00e1s de 3.000 participantes de todo tipo de perfiles internacionales se re\u00fanen para asistir a debates, mesas redondas, charlas, eventos de <em>networking<\/em> y actividades culturales. En paralelo, la Feria Internacional de Museos, donde proveedores y museos muestran sus proyectos y productos m\u00e1s recientes, tiene lugar durante toda la semana.<\/p>\n<p>Los tres momentos clave de la Conferencia General del ICOM son:<\/p>\n<ul>\n<li>Los inspiradores discursos pronunciados por profesionales reconocidos mundialmente sobre cuestiones multidisciplinarias acerca de la comunidad muse\u00edstica internacional.<\/li>\n<li>Los debates cient\u00edficos llevados a cabo dentro de los Comit\u00e9s Internacionales del ICOM, que deliberan en torno al tema de la Conferencia.<\/li>\n<li>Las sesiones administrativas para resumir y evaluar las acciones emprendidas en el \u00faltimo trienio y para iniciar en el nuevo per\u00edodo de trabajo.<\/li>\n<\/ul>\n<h3>La 28.\u00aa Conferencia General del ICOM se celebrar\u00e1 en R\u00f3terdam en 2028.<\/h3>\n<p>Durante la 40.\u00aa sesi\u00f3n de la <b>Asamblea General del ICOM<\/b>, celebrada el 14 de noviembre de 2025 en el marco de la Conferencia General del ICOM en Dub\u00e1i, los miembros votaron a favor de seleccionar a R\u00f3terdam como la pr\u00f3xima ciudad anfitriona. ICOM Pa\u00edses Bajos present\u00f3 la candidatura ganadora bajo el lema <b>\u00abTendiendo puentes. Conectando mundos, culturas y generaciones\u00bb.<\/b><\/p>\n<h3>La 27\u00aa Conferencia General del ICOM se celebr\u00f3 en Dubai en noviembre de 2025.<\/h3>\n<p>El tema de esta conferencia es<em> El futuro de los museos en comunidades en constante cambio.<\/em><\/p>\n<p>En el mundo actual, un torbellino de acontecimientos globales ha reconfigurado nuestra comprensi\u00f3n del mundo y de nuestro lugar en \u00e9l, empuj\u00e1ndonos a una era de transformaci\u00f3n constante. En este paisaje en constante evoluci\u00f3n, todos nos esforzamos por adaptarnos, innovar y mantenernos a la vanguardia.<\/p>\n<p>Los museos tambi\u00e9n est\u00e1n en este viaje, aunque debido a su gran variedad, su ritmo puede variar. A medida que navegamos por estos cambios, los museos tambi\u00e9n est\u00e1n reimaginando sus funciones y forjando nuevas conexiones. Este es el viaje al que nos invita ICOM Dubai 2025: imaginar juntos el futuro de los museos y las comunidades. Aqu\u00ed, <strong>los profesionales de los museos y los miembros de la comunidad se reunieron para aprovechar las oportunidades de dar forma colectivamente a nuestro futuro<\/strong>. Nuestro objetivo es trabajar juntos para preservar, compartir y profundizar en nuestras identidades culturales, reforzando el papel de los museos como pilares vitales de la sociedad y catalizadores del crecimiento.<\/p>\n<p><em>El futuro de los museos en comunidades en constante cambio<\/em> resume el din\u00e1mico paisaje en constante cambio por el que navegan hoy nuestras comunidades y museos, mientras que tres subtemas interconectados invitar\u00e1n a debatir en profundidad la salvaguardia del patrimonio inmaterial, el poder de la juventud y el auge de las nuevas tecnolog\u00edas.<\/p>\n<p><span class=\"link_red\"><a href=\"https:\/\/icom.museum\/es\/news\/tema-de-la-27a-conferencia-general-del-icom-el-futuro-de-los-museos-en-comunidades-en-constante-cambio\/\">Para m\u00e1s informaci\u00f3n<\/a><\/span><\/p>\n<div class=\"column\">\n<details>\n<summary><strong> ICOM Praga 2022: El Poder de los Museos<br \/>\n<\/strong><\/summary>\n<p>En la semana del 20 al 28 de agosto de 2022, Praga, la capital de la Rep\u00fablica Checa, bell\u00edsmo museo al aire libre, dar\u00e1 la bienvenida a la 26a. Conferencia General\u00a0 de ICOM. Los profesionales muse\u00edsticos del mundo entero propondr\u00e1n nuevos temas y tambi\u00e9n los futuros derroteros\u00a0 de la disciplina muse\u00edsica para los pr\u00f3ximos tres a\u00f1os como m\u00ednimo.<\/p>\n<p>Nos interesar\u00e1n: la fuerza, la posici\u00f3n y las posibilidades\u00a0 de\u00a0 los museos a la hora de construir una sociedad libre, democr\u00e1tica y culta; la reacci\u00f3n de los museos ante los retos y las necesidades del siglo XXI; la capacidad de los museos para capear el impacto de la pandemia COVID-19 en el \u00e1mbito social y econ\u00f3mico. Durante ICOM Praga 2022 se presentar\u00e1n los resultados de la b\u00fasqueda de la nueva definici\u00f3n de museo.<\/p>\n<p>\u00a1Estemos todos juntos presentes!<\/p>\n<p><span class=\"link_blue\"><a href=\"https:\/\/prague2022.icom.museum\/sp\">Visite el sitio web de ICOM Praga 2022<\/a><\/span><\/p>\n<p><span class=\"link_yellow\"><a href=\"https:\/\/icom.museum\/wp-content\/uploads\/2022\/07\/loga-1-1.rar\">Descargar el logo de ICOM Praga 2022<\/a><\/span><\/p>\n<p><span class=\"link_red\"><a href=\"https:\/\/icom.museum\/wp-content\/uploads\/2022\/07\/ICOM-PRAGUE-2022-brand-guidelines-1.pdf\">Descargar el gr\u00e1fico de ICOM Praga 2022<\/a><\/span><\/p>\n<\/details>\n<\/div>\n","protected":false},"excerpt":{"rendered":"<p>La Conferencia General del ICOM es un foco de renombre mundial para el intercambio sobre los desaf\u00edos que los museos enfrentan en la actualidad y las soluciones m\u00e1s innovadoras. Cada tres a\u00f1os desde 1948, el ICOM congrega a la comunidad muse\u00edstica internacional en torno a un tema de m\u00e1ximo inter\u00e9s para facilitar el intercambio cultural, [&hellip;]<\/p>\n","protected":false},"author":1,"featured_media":0,"parent":0,"menu_order":3,"comment_status":"closed","ping_status":"closed","template":"","meta":{"inline_featured_image":false,"footnotes":""},"class_list":["post-3152","page","type-page","status-publish","hentry"],"acf":[],"yoast_head":"<!-- This site is optimized with the Yoast SEO plugin v23.7 - https:\/\/yoast.com\/wordpress\/plugins\/seo\/ -->\n<title>Conferencias Generales - International Council of Museums<\/title>\n<meta name=\"robots\" content=\"index, follow, max-snippet:-1, max-image-preview:large, max-video-preview:-1\" \/>\n<link rel=\"canonical\" href=\"https:\/\/icom.museum\/es\/conferencia-general\/\" \/>\n<meta property=\"og:locale\" content=\"es_ES\" \/>\n<meta property=\"og:type\" content=\"article\" \/>\n<meta property=\"og:title\" content=\"Conferencias Generales - International Council of Museums\" \/>\n<meta property=\"og:description\" content=\"La Conferencia General del ICOM es un foco de renombre mundial para el intercambio sobre los desaf\u00edos que los museos enfrentan en la actualidad y las soluciones m\u00e1s innovadoras. Cada tres a\u00f1os desde 1948, el ICOM congrega a la comunidad muse\u00edstica internacional en torno a un tema de m\u00e1ximo inter\u00e9s para facilitar el intercambio cultural, [&hellip;]\" \/>\n<meta property=\"og:url\" content=\"https:\/\/icom.museum\/es\/conferencia-general\/\" \/>\n<meta property=\"og:site_name\" content=\"International Council of Museums\" \/>\n<meta property=\"article:modified_time\" content=\"2025-11-25T11:26:39+00:00\" \/>\n<meta property=\"og:image\" content=\"https:\/\/icom.museum\/wp-content\/uploads\/2025\/11\/REA00022-scaled.jpg\" \/>\n<meta name=\"twitter:card\" content=\"summary_large_image\" \/>\n<meta name=\"twitter:label1\" content=\"Tiempo de lectura\" \/>\n\t<meta name=\"twitter:data1\" content=\"3 minutos\" \/>\n<script type=\"application\/ld+json\" class=\"yoast-schema-graph\">{\"@context\":\"https:\/\/schema.org\",\"@graph\":[{\"@type\":\"WebPage\",\"@id\":\"https:\/\/icom.museum\/es\/conferencia-general\/\",\"url\":\"https:\/\/icom.museum\/es\/conferencia-general\/\",\"name\":\"Conferencias Generales - International Council of Museums\",\"isPartOf\":{\"@id\":\"https:\/\/icom.museum\/en\/#website\"},\"datePublished\":\"2018-04-05T14:50:50+00:00\",\"dateModified\":\"2025-11-25T11:26:39+00:00\",\"breadcrumb\":{\"@id\":\"https:\/\/icom.museum\/es\/conferencia-general\/#breadcrumb\"},\"inLanguage\":\"es\",\"potentialAction\":[{\"@type\":\"ReadAction\",\"target\":[\"https:\/\/icom.museum\/es\/conferencia-general\/\"]}]},{\"@type\":\"BreadcrumbList\",\"@id\":\"https:\/\/icom.museum\/es\/conferencia-general\/#breadcrumb\",\"itemListElement\":[{\"@type\":\"ListItem\",\"position\":1,\"name\":\"Home\",\"item\":\"https:\/\/icom.museum\/es\/\"},{\"@type\":\"ListItem\",\"position\":2,\"name\":\"Conferencias Generales\"}]},{\"@type\":\"WebSite\",\"@id\":\"https:\/\/icom.museum\/en\/#website\",\"url\":\"https:\/\/icom.museum\/en\/\",\"name\":\"International Council of Museums\",\"description\":\"A global organisation of museums &amp; museum professionals committed to the promotion and protection of cultural heritage\",\"publisher\":{\"@id\":\"https:\/\/icom.museum\/en\/#organization\"},\"potentialAction\":[{\"@type\":\"SearchAction\",\"target\":{\"@type\":\"EntryPoint\",\"urlTemplate\":\"https:\/\/icom.museum\/en\/?s={search_term_string}\"},\"query-input\":{\"@type\":\"PropertyValueSpecification\",\"valueRequired\":true,\"valueName\":\"search_term_string\"}}],\"inLanguage\":\"es\"},{\"@type\":\"Organization\",\"@id\":\"https:\/\/icom.museum\/en\/#organization\",\"name\":\"International Council of Museums\",\"url\":\"https:\/\/icom.museum\/en\/\",\"logo\":{\"@type\":\"ImageObject\",\"inLanguage\":\"es\",\"@id\":\"https:\/\/icom.museum\/en\/#\/schema\/logo\/image\/\",\"url\":\"https:\/\/icom.museum\/wp-content\/uploads\/2018\/07\/ICOM_M_.jpg\",\"contentUrl\":\"https:\/\/icom.museum\/wp-content\/uploads\/2018\/07\/ICOM_M_.jpg\",\"width\":1721,\"height\":1721,\"caption\":\"International Council of Museums\"},\"image\":{\"@id\":\"https:\/\/icom.museum\/en\/#\/schema\/logo\/image\/\"}}]}<\/script>\n<!-- \/ Yoast SEO plugin. -->","yoast_head_json":{"title":"Conferencias Generales - International Council of Museums","robots":{"index":"index","follow":"follow","max-snippet":"max-snippet:-1","max-image-preview":"max-image-preview:large","max-video-preview":"max-video-preview:-1"},"canonical":"https:\/\/icom.museum\/es\/conferencia-general\/","og_locale":"es_ES","og_type":"article","og_title":"Conferencias Generales - International Council of Museums","og_description":"La Conferencia General del ICOM es un foco de renombre mundial para el intercambio sobre los desaf\u00edos que los museos enfrentan en la actualidad y las soluciones m\u00e1s innovadoras. Cada tres a\u00f1os desde 1948, el ICOM congrega a la comunidad muse\u00edstica internacional en torno a un tema de m\u00e1ximo inter\u00e9s para facilitar el intercambio cultural, [&hellip;]","og_url":"https:\/\/icom.museum\/es\/conferencia-general\/","og_site_name":"International Council of Museums","article_modified_time":"2025-11-25T11:26:39+00:00","og_image":[{"url":"https:\/\/icom.museum\/wp-content\/uploads\/2025\/11\/REA00022-scaled.jpg"}],"twitter_card":"summary_large_image","twitter_misc":{"Tiempo de lectura":"3 minutos"},"schema":{"@context":"https:\/\/schema.org","@graph":[{"@type":"WebPage","@id":"https:\/\/icom.museum\/es\/conferencia-general\/","url":"https:\/\/icom.museum\/es\/conferencia-general\/","name":"Conferencias Generales - International Council of Museums","isPartOf":{"@id":"https:\/\/icom.museum\/en\/#website"},"datePublished":"2018-04-05T14:50:50+00:00","dateModified":"2025-11-25T11:26:39+00:00","breadcrumb":{"@id":"https:\/\/icom.museum\/es\/conferencia-general\/#breadcrumb"},"inLanguage":"es","potentialAction":[{"@type":"ReadAction","target":["https:\/\/icom.museum\/es\/conferencia-general\/"]}]},{"@type":"BreadcrumbList","@id":"https:\/\/icom.museum\/es\/conferencia-general\/#breadcrumb","itemListElement":[{"@type":"ListItem","position":1,"name":"Home","item":"https:\/\/icom.museum\/es\/"},{"@type":"ListItem","position":2,"name":"Conferencias Generales"}]},{"@type":"WebSite","@id":"https:\/\/icom.museum\/en\/#website","url":"https:\/\/icom.museum\/en\/","name":"International Council of Museums","description":"A global organisation of museums &amp; museum professionals committed to the promotion and protection of cultural heritage","publisher":{"@id":"https:\/\/icom.museum\/en\/#organization"},"potentialAction":[{"@type":"SearchAction","target":{"@type":"EntryPoint","urlTemplate":"https:\/\/icom.museum\/en\/?s={search_term_string}"},"query-input":{"@type":"PropertyValueSpecification","valueRequired":true,"valueName":"search_term_string"}}],"inLanguage":"es"},{"@type":"Organization","@id":"https:\/\/icom.museum\/en\/#organization","name":"International Council of Museums","url":"https:\/\/icom.museum\/en\/","logo":{"@type":"ImageObject","inLanguage":"es","@id":"https:\/\/icom.museum\/en\/#\/schema\/logo\/image\/","url":"https:\/\/icom.museum\/wp-content\/uploads\/2018\/07\/ICOM_M_.jpg","contentUrl":"https:\/\/icom.museum\/wp-content\/uploads\/2018\/07\/ICOM_M_.jpg","width":1721,"height":1721,"caption":"International Council of Museums"},"image":{"@id":"https:\/\/icom.museum\/en\/#\/schema\/logo\/image\/"}}]}},"_links":{"self":[{"href":"https:\/\/icom.museum\/es\/wp-json\/wp\/v2\/pages\/3152"}],"collection":[{"href":"https:\/\/icom.museum\/es\/wp-json\/wp\/v2\/pages"}],"about":[{"href":"https:\/\/icom.museum\/es\/wp-json\/wp\/v2\/types\/page"}],"author":[{"embeddable":true,"href":"https:\/\/icom.museum\/es\/wp-json\/wp\/v2\/users\/1"}],"replies":[{"embeddable":true,"href":"https:\/\/icom.museum\/es\/wp-json\/wp\/v2\/comments?post=3152"}],"version-history":[{"count":37,"href":"https:\/\/icom.museum\/es\/wp-json\/wp\/v2\/pages\/3152\/revisions"}],"predecessor-version":[{"id":66639,"href":"https:\/\/icom.museum\/es\/wp-json\/wp\/v2\/pages\/3152\/revisions\/66639"}],"wp:attachment":[{"href":"https:\/\/icom.museum\/es\/wp-json\/wp\/v2\/media?parent=3152"}],"curies":[{"name":"wp","href":"https:\/\/api.w.org\/{rel}","templated":true}]}}