{"id":36158,"date":"2019-12-19T16:09:29","date_gmt":"2019-12-19T14:09:29","guid":{"rendered":"https:\/\/icom.museum\/?page_id=36158"},"modified":"2022-07-22T15:00:18","modified_gmt":"2022-07-22T13:00:18","slug":"sostenibilidad-y-desarrollo-local","status":"publish","type":"page","link":"https:\/\/icom.museum\/es\/investigacion-y-desarrollo\/sostenibilidad-y-desarrollo-local\/","title":{"rendered":"Sostenibilidad"},"content":{"rendered":"<h2 class=\"headline\">Los museos est\u00e1n perfectamente posicionados para abordar y potenciar la sostenibilidad. Son capaces de trabajar con las comunidades para sensibilizar al p\u00fablico, apoyar la investigaci\u00f3n y la creaci\u00f3n de conocimientos para contribuir al bienestar del planeta y de las sociedades para las generaciones venideras.<\/h2>\n<p>El t\u00e9rmino sostenibilidad tambi\u00e9n se aplica a la salud de los propios museos, para que estos sean capaces de llevar a cabo sus misiones y posicionarse como actores vitales de la sociedad. En representaci\u00f3n de la comunidad muse\u00edstica mundial, la visi\u00f3n del Consejo Internacional de Museos (ICOM) concibe un mundo donde la importancia del patrimonio natural y cultural se valora universalmente.\u00a0El ICOM se esfuerza por garantizar que la sostenibilidad, en cualquiera de sus formas, social, econ\u00f3mica y medioambiental, est\u00e9 incluida en su misi\u00f3n y sus valores, as\u00ed como en actividades espec\u00edficas.<\/p>\n<p><strong>\u00a0<\/strong><\/p>\n<div class=\"separator\">\n<p><strong>GRUPO DE TRABAJO SOBRE EL DESARROLLO SOSTENIBILE<\/strong><\/p>\n<\/div>\n<p><img loading=\"lazy\" decoding=\"async\" class=\"size-full wp-image-36214 aligncenter\" src=\"https:\/\/icom.museum\/wp-content\/uploads\/2019\/12\/sustaibility.jpg\" alt=\"\" width=\"613\" height=\"792\" srcset=\"https:\/\/icom.museum\/wp-content\/uploads\/2019\/12\/sustaibility.jpg 613w, https:\/\/icom.museum\/wp-content\/uploads\/2019\/12\/sustaibility-232x300.jpg 232w\" sizes=\"(max-width: 613px) 100vw, 613px\" \/>En 2015 se adoptaron tanto los Objetivos de Desarrollo Sostenible como el Acuerdo de Paris. Pero, a pesar de estas medidas, la poblaci\u00f3n mundial consume actualmente el equivalente a 1,6 planetas al a\u00f1o, una situaci\u00f3n que no puede continuar. La propia naturaleza de este problema mundial requiere una respuesta colectiva en todos los sectores y a todos los niveles. En este contexto, y para contribuir de manera constructiva a los debates sobre sostenibilidad, el ICOM cre\u00f3 en 2018 un Grupo de Trabajo sobre el Desarrollo Sostenible (WGS). Su misi\u00f3n consiste en ayudar al ICOM a determinar c\u00f3mo integrar la sostenibilidad tanto en el ICOM como entre sus miembros particulares e institucionales. Se est\u00e1 analizando tambi\u00e9n el papel de un posible Comit\u00e9 Internacional sobre Sostenibilidad.<\/p>\n<p><span class=\"link_blue\"><a href=\"https:\/\/icom.museum\/wp-content\/uploads\/2018\/09\/GB-WGS_Press-Release_final.pdf\"><strong>Nota de prensa del WGS<\/strong><\/a><\/span><\/p>\n<p><span class=\"link_blue\"><a href=\"https:\/\/www.youtube.com\/watch?v=De09l9Gp3vI\"><strong>Video<\/strong><strong> de la sesi\u00f3n plenaria de Kioto<\/strong><\/a><\/span><\/p>\n<p><span class=\"link_blue\"><a href=\"https:\/\/icom.museum\/en\/news\/presidents-statement-on-the-alignment-of-icom-with-the-un-agenda-2030\/\"><strong>Declaraci\u00f3n de la presidenta<\/strong><\/a><\/span><\/p>\n<p><strong>\u00a0<\/strong>El 7 de septiembre de 2019, la 34a Asamblea General del ICOM, celebrada en Kioto, Jap\u00f3n, aprob\u00f3 las dos resoluciones siguientes sobre la sostenibilidad:<\/p>\n<ol>\n<li>Sostenibilidad y la implementaci\u00f3n de la Agenda 2030,\u00a0<em>Transformar nuestro mundo<\/em><\/li>\n<li>Museos, comunidades y sostenibilidad<\/li>\n<\/ol>\n<p>Puede encontrar el texto completo de las Resoluciones a continuaci\u00f3n:<\/p>\n<p><span class=\"link_blue\"><a href=\"https:\/\/icom.museum\/wp-content\/uploads\/2019\/09\/Resolutions_2019_ES.pdf\"><strong>Resoluciones 34a Asamblea General<\/strong><\/a><\/span><\/p>\n<p>&nbsp;<\/p>\n<div class=\"separator\">\n<p><strong>GU\u00cdA OCDE-ICOM \u201cCULTURA Y DESARROLLO LOCAL: MAXIMIZAR EL IMPACTO\u201d<\/strong><\/p>\n<\/div>\n<p>En diciembre de 2019 el ICOM y la OCDE unieron esfuerzos y publicaron la gu\u00eda <strong>\u201cCultura y desarrollo local: maximizar el impacto \u2013 Gu\u00eda para gobiernos locales, comunidades y museos\u201d<\/strong>. La presentaci\u00f3n tuvo lugar en Venecia y corri\u00f3 a cargo del director general del ICOM, Peter Keller, y el secretario general de la OCDE, \u00c1ngel Gurria.<\/p>\n<p>El objetivo de este instrumento conjunto es ayudar e inspirar a los representantes de los gobiernos locales, museos y organizaciones de la sociedad civil a encontrar formas innovadoras y una definici\u00f3n conjunta de una agenda de desarrollo local que promueva un futuro m\u00e1s sostenible.<\/p>\n<p>Tras varias modificaciones del contenido, el ICOM y la OCDE finalizaron la versi\u00f3n definitiva de la Gu\u00eda, y ambas instituciones la presentaron durante una de las sesiones sobre Desarrollo Local y Museos de la 25\u00aa Conferencia General del ICOM celebrada en Kioto.<\/p>\n<p><span class=\"link_blue\"><a href=\"https:\/\/icom.museum\/wp-content\/uploads\/2019\/09\/OECD-ICOM-GUIDE-MUSEUMS.pdf\"><strong>Descargar la Gu\u00eda<\/strong><\/a><\/span><\/p>\n<p>Si desea m\u00e1s informaci\u00f3n o saber c\u00f3mo contribuir a esta iniciativa, puede descargar el folleto en:\u00a0<a href=\"https:\/\/icom.museum\/wp-content\/uploads\/2019\/08\/ICOM_OECD_Museums-and-Local-Development_Flyer_ES.pdf\"><em>Hiperv\u00ednculo al folleto<\/em><\/a><em><u>.<\/u><\/em><\/p>\n<p><strong>G<\/strong><strong>u\u00eda I<\/strong><strong>COM-OCDE e<\/strong><strong>n otros idiomas<\/strong><strong>: <a href=\"https:\/\/icom.museum\/wp-content\/uploads\/2019\/09\/OECD-ICOM-GUIDE-MUSEUMS.pdf\">ingl\u00e8s<\/a> \/\u00a0<\/strong><strong>franc\u00e9s (<\/strong><strong>pr\u00f3ximamente) \/ <a href=\"https:\/\/icom.museum\/wp-content\/uploads\/2020\/02\/OECD-ICOM-GUIDE-MUSEUMS-IT.pdf\">italiano<\/a><\/strong><\/p>\n<p><strong>Folleto ICOM-OECD en otros idiomas: <a href=\"https:\/\/icom.museum\/wp-content\/uploads\/2019\/08\/ICOM_OECD_Museums-and-Local-Development_Flyer_EN.pdf\">ingl\u00e8s<\/a> \/ <a href=\"https:\/\/icom.museum\/wp-content\/uploads\/2019\/08\/ICOM_OECD_Museums-and-Local-Development_Flyer_FR.pdf\">franc\u00e9s<\/a> \/ <a href=\"https:\/\/icom.museum\/wp-content\/uploads\/2019\/08\/J-Flyer-Museums-and-LD-2019-20_KYOTO_AR-_%E6%97%A5%E6%9C%AC%E8%AA%9E%E6%9C%80%E7%B5%82.pdf\">japon\u00e9s<\/a><\/strong><\/p>\n<p><img loading=\"lazy\" decoding=\"async\" class=\"aligncenter size-full wp-image-36211\" src=\"https:\/\/icom.museum\/wp-content\/uploads\/2019\/12\/5themes.jpg\" alt=\"\" width=\"660\" height=\"572\" srcset=\"https:\/\/icom.museum\/wp-content\/uploads\/2019\/12\/5themes.jpg 660w, https:\/\/icom.museum\/wp-content\/uploads\/2019\/12\/5themes-300x260.jpg 300w\" sizes=\"(max-width: 660px) 100vw, 660px\" \/><\/p>\n<div class=\"separator\">\n<p><strong>EU-LAC-MUSEUMS<\/strong><\/p>\n<\/div>\n<p>\u201cEU-LAC-MUSEUMS. Museos y comunidad: conceptos, experiencias y sostenibilidad en Europa, Am\u00e9rica Latina y Caribe\u201d es un proyecto de investigaci\u00f3n lanzado en octubre de 2016 cuyo objetivo es ayudar a entender mejor la dimensi\u00f3n cultural, cient\u00edfica y social de la relaci\u00f3n entre la UE y la regi\u00f3n de Am\u00e9rica Latina y el Caribe, planteado desde la perspectiva de la museolog\u00eda comunitaria.<\/p>\n<p>Para abordar este reto, EU-LAC-MUSEUMS organiz\u00f3 un equipo de l\u00edderes acad\u00e9micos, profesionales de los museos y dirigentes pol\u00edticos que trabajan en Escocia, Portugal, Espa\u00f1a, Francia, Per\u00fa, Chile, Costa Rica y las Antillas, y coordinado por la Universidad de St. Andrews, en Escocia. El proyecto, que durar\u00e1 hasta 2020, se origin\u00f3 bajo el auspicio del ICOM y ha sido financiado por el programa EU Horizonte 2020 en respuesta a la convocatoria INT12 (2015): \u201cLa dimensi\u00f3n cultural, cient\u00edfica y social de las relaciones UE-LAC\u201d.<\/p>\n<p><em>\u00a0\u201cLos cambios sociales pueden convertirse en oportunidades si se abordan de forma adecuada. Europa est\u00e1 atravesando una crisis de identidad, buscando definir su pasado, presente y futuro en relaci\u00f3n con el resto del mundo y consolidar la cohesi\u00f3n regional entre generaciones dentro de una econom\u00eda del conocimiento universal. EU-LAC-MUSEUMS, ICOM Europa e ICOM LAC est\u00e1n comprometidos con la promoci\u00f3n del di\u00e1logo intercultural y la creatividad a trav\u00e9s de sus museos regionales y comunitarios, un aspecto fundamental para este proceso\u201d. (Dra. Karen Brown, coordinadora del Proyecto EU-LAC-MUSEUMS).<\/em><\/p>\n<p><a href=\"https:\/\/eulacmuseums.net\/\"><strong>EU-LAC-MUSEUMS sitio web<\/strong><\/a><\/p>\n<p><iframe loading=\"lazy\" src=\"https:\/\/www.youtube.com\/embed\/EbFFjqbYFJo\" width=\"560\" height=\"315\" frameborder=\"0\" allowfullscreen=\"allowfullscreen\"><\/iframe><\/p>\n<div class=\"separator\">\n<p><strong>RED DEL ICOM<\/strong><\/p>\n<\/div>\n<p>La sostenibilidad es un tema transversal que impregna muchas de las actividades desarrolladas por la red del ICOM, y los Comit\u00e9s Nacionales e Internacionales han organizado diversas acciones dedicadas espec\u00edficamente al desarrollo sostenible.<\/p>\n<p>La reuni\u00f3n anual de ICOM-ASPAC\u00a02018 estuvo dedicada al tema \u201c<em>Cultural Heritage for a Sustainable Future\u2014Natural Disasters and Museums<\/em>\u201d (Patrimonio cultural para un futuro sostenible\u2014 desastres naturales y museos). ICOM Georgia, en colaboraci\u00f3n con ICOM Europa, organiz\u00f3 un foro internacional y un taller regional sobre \u201c<em>Museums for the Sustainable Development of the Society<\/em>\u201d (Museos para el desarrollo sostenible de la sociedad). ICOM Suiza centr\u00f3 su conferencia anual, organizada en Lausana en cooperaci\u00f3n con la Asociaci\u00f3n de Museos Suizos, en el tema del \u201cDesarrollo sostenible\u201d, y dedic\u00f3 el n\u00famero 13 de su revista Museums.ch al mismo tema.<\/p>\n<p>Como ejemplo adicional, entre otras actividades, el ICOM-NATHIST cre\u00f3 en 2018 el Grupo de Trabajo sobre el Antropoceno y la Plataforma 2022, una colaboraci\u00f3n entre el NATHIST, la Asociaci\u00f3n Mundial de Zoos y Acuarios y la Asociaci\u00f3n Internacional de Jardines Bot\u00e1nicos. Se trata de una iniciativa que surgi\u00f3 como respuesta a la Conferencia de las Naciones Unidas sobre Desarrollo Sostenible, R\u00edo+20, y que insta a los gobiernos de todo el mundo a basar sus decisiones sobre desarrollo sostenible en conocimientos cient\u00edficos rigurosos proporcionados por las instituciones responsables de la gesti\u00f3n de colecciones.<\/p>\n","protected":false},"excerpt":{"rendered":"<p>Los museos est\u00e1n perfectamente posicionados para abordar y potenciar la sostenibilidad. Son capaces de trabajar con las comunidades para sensibilizar al p\u00fablico, apoyar la investigaci\u00f3n y la creaci\u00f3n de conocimientos para contribuir al bienestar del planeta y de las sociedades para las generaciones venideras. El t\u00e9rmino sostenibilidad tambi\u00e9n se aplica a la salud de los [&hellip;]<\/p>\n","protected":false},"author":4,"featured_media":0,"parent":7361,"menu_order":3,"comment_status":"closed","ping_status":"closed","template":"","meta":{"inline_featured_image":false,"footnotes":""},"class_list":["post-36158","page","type-page","status-publish","hentry"],"acf":[],"yoast_head":"<!-- This site is optimized with the Yoast SEO plugin v23.7 - https:\/\/yoast.com\/wordpress\/plugins\/seo\/ -->\n<title>Sostenibilidad - International Council of Museums<\/title>\n<meta name=\"robots\" content=\"index, follow, max-snippet:-1, max-image-preview:large, max-video-preview:-1\" \/>\n<link rel=\"canonical\" href=\"https:\/\/icom.museum\/es\/nuestras-acciones\/investigacion-y-desarrollo\/sostenibilidad-y-desarrollo-local\/\" \/>\n<meta property=\"og:locale\" content=\"es_ES\" \/>\n<meta property=\"og:type\" content=\"article\" \/>\n<meta property=\"og:title\" content=\"Sostenibilidad - International Council of Museums\" \/>\n<meta property=\"og:description\" content=\"Los museos est\u00e1n perfectamente posicionados para abordar y potenciar la sostenibilidad. Son capaces de trabajar con las comunidades para sensibilizar al p\u00fablico, apoyar la investigaci\u00f3n y la creaci\u00f3n de conocimientos para contribuir al bienestar del planeta y de las sociedades para las generaciones venideras. El t\u00e9rmino sostenibilidad tambi\u00e9n se aplica a la salud de los [&hellip;]\" \/>\n<meta property=\"og:url\" content=\"https:\/\/icom.museum\/es\/nuestras-acciones\/investigacion-y-desarrollo\/sostenibilidad-y-desarrollo-local\/\" \/>\n<meta property=\"og:site_name\" content=\"International Council of Museums\" \/>\n<meta property=\"article:modified_time\" content=\"2022-07-22T13:00:18+00:00\" \/>\n<meta property=\"og:image\" content=\"https:\/\/icom.museum\/wp-content\/uploads\/2019\/12\/sustaibility.jpg\" \/>\n<meta name=\"twitter:card\" content=\"summary_large_image\" \/>\n<meta name=\"twitter:label1\" content=\"Tiempo de lectura\" \/>\n\t<meta name=\"twitter:data1\" content=\"5 minutos\" \/>\n<script type=\"application\/ld+json\" class=\"yoast-schema-graph\">{\"@context\":\"https:\/\/schema.org\",\"@graph\":[{\"@type\":\"WebPage\",\"@id\":\"https:\/\/icom.museum\/es\/nuestras-acciones\/investigacion-y-desarrollo\/sostenibilidad-y-desarrollo-local\/\",\"url\":\"https:\/\/icom.museum\/es\/nuestras-acciones\/investigacion-y-desarrollo\/sostenibilidad-y-desarrollo-local\/\",\"name\":\"Sostenibilidad - International Council of Museums\",\"isPartOf\":{\"@id\":\"https:\/\/icom.museum\/en\/#website\"},\"primaryImageOfPage\":{\"@id\":\"https:\/\/icom.museum\/es\/nuestras-acciones\/investigacion-y-desarrollo\/sostenibilidad-y-desarrollo-local\/#primaryimage\"},\"image\":{\"@id\":\"https:\/\/icom.museum\/es\/nuestras-acciones\/investigacion-y-desarrollo\/sostenibilidad-y-desarrollo-local\/#primaryimage\"},\"thumbnailUrl\":\"https:\/\/icom.museum\/wp-content\/uploads\/2019\/12\/sustaibility.jpg\",\"datePublished\":\"2019-12-19T14:09:29+00:00\",\"dateModified\":\"2022-07-22T13:00:18+00:00\",\"breadcrumb\":{\"@id\":\"https:\/\/icom.museum\/es\/nuestras-acciones\/investigacion-y-desarrollo\/sostenibilidad-y-desarrollo-local\/#breadcrumb\"},\"inLanguage\":\"es\",\"potentialAction\":[{\"@type\":\"ReadAction\",\"target\":[\"https:\/\/icom.museum\/es\/nuestras-acciones\/investigacion-y-desarrollo\/sostenibilidad-y-desarrollo-local\/\"]}]},{\"@type\":\"ImageObject\",\"inLanguage\":\"es\",\"@id\":\"https:\/\/icom.museum\/es\/nuestras-acciones\/investigacion-y-desarrollo\/sostenibilidad-y-desarrollo-local\/#primaryimage\",\"url\":\"https:\/\/icom.museum\/wp-content\/uploads\/2019\/12\/sustaibility.jpg\",\"contentUrl\":\"https:\/\/icom.museum\/wp-content\/uploads\/2019\/12\/sustaibility.jpg\"},{\"@type\":\"BreadcrumbList\",\"@id\":\"https:\/\/icom.museum\/es\/nuestras-acciones\/investigacion-y-desarrollo\/sostenibilidad-y-desarrollo-local\/#breadcrumb\",\"itemListElement\":[{\"@type\":\"ListItem\",\"position\":1,\"name\":\"Home\",\"item\":\"https:\/\/icom.museum\/es\/\"},{\"@type\":\"ListItem\",\"position\":2,\"name\":\"Acciones\",\"item\":\"https:\/\/icom.museum\/es\/nuestras-acciones\/\"},{\"@type\":\"ListItem\",\"position\":3,\"name\":\"Investigaci\u00f3n y desarrollo\",\"item\":\"https:\/\/icom.museum\/es\/nuestras-acciones\/investigacion-y-desarrollo\/\"},{\"@type\":\"ListItem\",\"position\":4,\"name\":\"Sostenibilidad\"}]},{\"@type\":\"WebSite\",\"@id\":\"https:\/\/icom.museum\/en\/#website\",\"url\":\"https:\/\/icom.museum\/en\/\",\"name\":\"International Council of Museums\",\"description\":\"A global organisation of museums &amp; museum professionals committed to the promotion and protection of cultural heritage\",\"publisher\":{\"@id\":\"https:\/\/icom.museum\/en\/#organization\"},\"potentialAction\":[{\"@type\":\"SearchAction\",\"target\":{\"@type\":\"EntryPoint\",\"urlTemplate\":\"https:\/\/icom.museum\/en\/?s={search_term_string}\"},\"query-input\":{\"@type\":\"PropertyValueSpecification\",\"valueRequired\":true,\"valueName\":\"search_term_string\"}}],\"inLanguage\":\"es\"},{\"@type\":\"Organization\",\"@id\":\"https:\/\/icom.museum\/en\/#organization\",\"name\":\"International Council of Museums\",\"url\":\"https:\/\/icom.museum\/en\/\",\"logo\":{\"@type\":\"ImageObject\",\"inLanguage\":\"es\",\"@id\":\"https:\/\/icom.museum\/en\/#\/schema\/logo\/image\/\",\"url\":\"https:\/\/icom.museum\/wp-content\/uploads\/2018\/07\/ICOM_M_.jpg\",\"contentUrl\":\"https:\/\/icom.museum\/wp-content\/uploads\/2018\/07\/ICOM_M_.jpg\",\"width\":1721,\"height\":1721,\"caption\":\"International Council of Museums\"},\"image\":{\"@id\":\"https:\/\/icom.museum\/en\/#\/schema\/logo\/image\/\"}}]}<\/script>\n<!-- \/ Yoast SEO plugin. -->","yoast_head_json":{"title":"Sostenibilidad - International Council of Museums","robots":{"index":"index","follow":"follow","max-snippet":"max-snippet:-1","max-image-preview":"max-image-preview:large","max-video-preview":"max-video-preview:-1"},"canonical":"https:\/\/icom.museum\/es\/nuestras-acciones\/investigacion-y-desarrollo\/sostenibilidad-y-desarrollo-local\/","og_locale":"es_ES","og_type":"article","og_title":"Sostenibilidad - International Council of Museums","og_description":"Los museos est\u00e1n perfectamente posicionados para abordar y potenciar la sostenibilidad. Son capaces de trabajar con las comunidades para sensibilizar al p\u00fablico, apoyar la investigaci\u00f3n y la creaci\u00f3n de conocimientos para contribuir al bienestar del planeta y de las sociedades para las generaciones venideras. El t\u00e9rmino sostenibilidad tambi\u00e9n se aplica a la salud de los [&hellip;]","og_url":"https:\/\/icom.museum\/es\/nuestras-acciones\/investigacion-y-desarrollo\/sostenibilidad-y-desarrollo-local\/","og_site_name":"International Council of Museums","article_modified_time":"2022-07-22T13:00:18+00:00","og_image":[{"url":"https:\/\/icom.museum\/wp-content\/uploads\/2019\/12\/sustaibility.jpg"}],"twitter_card":"summary_large_image","twitter_misc":{"Tiempo de lectura":"5 minutos"},"schema":{"@context":"https:\/\/schema.org","@graph":[{"@type":"WebPage","@id":"https:\/\/icom.museum\/es\/nuestras-acciones\/investigacion-y-desarrollo\/sostenibilidad-y-desarrollo-local\/","url":"https:\/\/icom.museum\/es\/nuestras-acciones\/investigacion-y-desarrollo\/sostenibilidad-y-desarrollo-local\/","name":"Sostenibilidad - International Council of Museums","isPartOf":{"@id":"https:\/\/icom.museum\/en\/#website"},"primaryImageOfPage":{"@id":"https:\/\/icom.museum\/es\/nuestras-acciones\/investigacion-y-desarrollo\/sostenibilidad-y-desarrollo-local\/#primaryimage"},"image":{"@id":"https:\/\/icom.museum\/es\/nuestras-acciones\/investigacion-y-desarrollo\/sostenibilidad-y-desarrollo-local\/#primaryimage"},"thumbnailUrl":"https:\/\/icom.museum\/wp-content\/uploads\/2019\/12\/sustaibility.jpg","datePublished":"2019-12-19T14:09:29+00:00","dateModified":"2022-07-22T13:00:18+00:00","breadcrumb":{"@id":"https:\/\/icom.museum\/es\/nuestras-acciones\/investigacion-y-desarrollo\/sostenibilidad-y-desarrollo-local\/#breadcrumb"},"inLanguage":"es","potentialAction":[{"@type":"ReadAction","target":["https:\/\/icom.museum\/es\/nuestras-acciones\/investigacion-y-desarrollo\/sostenibilidad-y-desarrollo-local\/"]}]},{"@type":"ImageObject","inLanguage":"es","@id":"https:\/\/icom.museum\/es\/nuestras-acciones\/investigacion-y-desarrollo\/sostenibilidad-y-desarrollo-local\/#primaryimage","url":"https:\/\/icom.museum\/wp-content\/uploads\/2019\/12\/sustaibility.jpg","contentUrl":"https:\/\/icom.museum\/wp-content\/uploads\/2019\/12\/sustaibility.jpg"},{"@type":"BreadcrumbList","@id":"https:\/\/icom.museum\/es\/nuestras-acciones\/investigacion-y-desarrollo\/sostenibilidad-y-desarrollo-local\/#breadcrumb","itemListElement":[{"@type":"ListItem","position":1,"name":"Home","item":"https:\/\/icom.museum\/es\/"},{"@type":"ListItem","position":2,"name":"Acciones","item":"https:\/\/icom.museum\/es\/nuestras-acciones\/"},{"@type":"ListItem","position":3,"name":"Investigaci\u00f3n y desarrollo","item":"https:\/\/icom.museum\/es\/nuestras-acciones\/investigacion-y-desarrollo\/"},{"@type":"ListItem","position":4,"name":"Sostenibilidad"}]},{"@type":"WebSite","@id":"https:\/\/icom.museum\/en\/#website","url":"https:\/\/icom.museum\/en\/","name":"International Council of Museums","description":"A global organisation of museums &amp; museum professionals committed to the promotion and protection of cultural heritage","publisher":{"@id":"https:\/\/icom.museum\/en\/#organization"},"potentialAction":[{"@type":"SearchAction","target":{"@type":"EntryPoint","urlTemplate":"https:\/\/icom.museum\/en\/?s={search_term_string}"},"query-input":{"@type":"PropertyValueSpecification","valueRequired":true,"valueName":"search_term_string"}}],"inLanguage":"es"},{"@type":"Organization","@id":"https:\/\/icom.museum\/en\/#organization","name":"International Council of Museums","url":"https:\/\/icom.museum\/en\/","logo":{"@type":"ImageObject","inLanguage":"es","@id":"https:\/\/icom.museum\/en\/#\/schema\/logo\/image\/","url":"https:\/\/icom.museum\/wp-content\/uploads\/2018\/07\/ICOM_M_.jpg","contentUrl":"https:\/\/icom.museum\/wp-content\/uploads\/2018\/07\/ICOM_M_.jpg","width":1721,"height":1721,"caption":"International Council of Museums"},"image":{"@id":"https:\/\/icom.museum\/en\/#\/schema\/logo\/image\/"}}]}},"_links":{"self":[{"href":"https:\/\/icom.museum\/es\/wp-json\/wp\/v2\/pages\/36158"}],"collection":[{"href":"https:\/\/icom.museum\/es\/wp-json\/wp\/v2\/pages"}],"about":[{"href":"https:\/\/icom.museum\/es\/wp-json\/wp\/v2\/types\/page"}],"author":[{"embeddable":true,"href":"https:\/\/icom.museum\/es\/wp-json\/wp\/v2\/users\/4"}],"replies":[{"embeddable":true,"href":"https:\/\/icom.museum\/es\/wp-json\/wp\/v2\/comments?post=36158"}],"version-history":[{"count":14,"href":"https:\/\/icom.museum\/es\/wp-json\/wp\/v2\/pages\/36158\/revisions"}],"predecessor-version":[{"id":49025,"href":"https:\/\/icom.museum\/es\/wp-json\/wp\/v2\/pages\/36158\/revisions\/49025"}],"up":[{"embeddable":true,"href":"https:\/\/icom.museum\/es\/wp-json\/wp\/v2\/pages\/7361"}],"wp:attachment":[{"href":"https:\/\/icom.museum\/es\/wp-json\/wp\/v2\/media?parent=36158"}],"curies":[{"name":"wp","href":"https:\/\/api.w.org\/{rel}","templated":true}]}}