{"id":36239,"date":"2019-12-20T14:15:43","date_gmt":"2019-12-20T12:15:43","guid":{"rendered":"https:\/\/icom.museum\/?page_id=36239"},"modified":"2021-10-01T12:21:09","modified_gmt":"2021-10-01T10:21:09","slug":"democracia-cultural-e-inclusion","status":"publish","type":"page","link":"https:\/\/icom.museum\/es\/investigacion-y-desarrollo\/democracia-cultural-e-inclusion\/","title":{"rendered":"Democracia cultural e inclusi\u00f3n"},"content":{"rendered":"<h2 class=\"headline\">Abordar de manera proactiva las desigualdades y la exclusi\u00f3n resulta esencial para los museos a la hora de cumplir con su misi\u00f3n de servir a la sociedad.<\/h2>\n<p>Algo todav\u00eda m\u00e1s importante en un contexto en el que aumentan los movimientos poblacionales, la polarizaci\u00f3n y los discursos p\u00fablicos divisorios. Para tratar estas cuestiones, los museos organizan diversas actividades enfocadas en temas como la participaci\u00f3n, la accesibilidad, el bienestar, el g\u00e9nero, la marginalizaci\u00f3n y la inclusi\u00f3n\/exclusi\u00f3n.<\/p>\n<p>&nbsp;<\/p>\n<div class=\"separator\">\n<p><strong>PAPEL SOCIAL DE LOS MUSEOS<\/strong><\/p>\n<\/div>\n<p>En octubre de 2016 el ICOM y la Fundaci\u00f3n la Caixa coorganizaron una conferencia de 15 museos l\u00edderes en Barcelona (Espa\u00f1a), la cual explor\u00f3 con \u00e9xito oportunidades de conectar a los museos de todo el mundo que trabajan por la inclusi\u00f3n social. El encuentro destac\u00f3 el valor y los beneficios de la acci\u00f3n social en los museos. Debido al \u00e9xito y al inter\u00e9s que despert\u00f3 el evento, el ICOM tiene intenci\u00f3n de seguir trabajando con el mismo tema en los pr\u00f3ximos a\u00f1os para que los museos asuman su funci\u00f3n social e implementen y organicen actividades que promuevan la justicia social y la inclusi\u00f3n.<strong>\u00a0<\/strong><\/p>\n<div class=\"separator\">\n<p><strong>RECOMENDACI\u00d3N DE LA UNESCO DE 2015<\/strong><\/p>\n<\/div>\n<p>El ICOM, por encargo de la UNESCO, ha trabajado en la <a href=\"http:\/\/www.unesco.org\/new\/en\/culture\/themes\/museums\/recommendation-on-the-protection-and-promotion-of-museums-and-collections\/\">Recomendaci\u00f3n relativa a la Protecci\u00f3n y Promoci\u00f3n de los Museos y Colecciones, su Diversidad y su Funci\u00f3n en la Sociedad<\/a> desde 2012. Muchos comit\u00e9s del ICOM han desarrollado un papel activo en el desarrollo de esta publicaci\u00f3n al consultar agencias gubernamentales, aportar sus conocimientos y defender los papeles que desempe\u00f1an los museos y los profesionales de los mismos dentro de la sociedad. Los a\u00f1os de debate y consultas se concretaron finalmente en la resoluci\u00f3n final, que se present\u00f3 en la 38\u00aa Conferencia General de la UNESCO en noviembre de 2015.<\/p>\n<p>Este documento se basa en el principio que establece que los museos comparten un n\u00famero de objetivos, entre los que se incluyen la educaci\u00f3n y divulgaci\u00f3n de la cultura, y que trabajan en pro de la justicia, la libertad y la paz, puesto que contribuyen en la construcci\u00f3n de una solidaridad moral e intelectual entre los pueblos y garantizan el acceso a la educaci\u00f3n para todos por igual. De acuerdo con las normas profesionales que el ICOM ha publicado, la recomendaci\u00f3n aclarar\u00e1 el papel de los museos al subrayar la importancia de su protecci\u00f3n y promoci\u00f3n para que puedan participar completamente en el desarrollo sostenible y en el di\u00e1logo intercultural, en especial a trav\u00e9s de la protecci\u00f3n y promoci\u00f3n de la diversidad cultural y del patrimonio. En su discurso en la sede de la UNESCO, la Directora General del ICOM declar\u00f3: \u201cEste documento [\u2026] resulta esencial para el desarrollo de los museos y las colecciones, para el reconocimiento de los profesionales de los museos, para el respeto hacia el papel social que los museos desempe\u00f1an en los niveles regionales y comunitarios y para la defensa de la integridad de las colecciones en todos los pa\u00edses\u201d.<\/p>\n<p><span class=\"link_red\"><a href=\"https:\/\/unesdoc.unesco.org\/ark:\/48223\/pf0000371549?posInSet=3&amp;queryId=56524045-c43b-404d-8559-bfe47206c5da\">Informe sobre la implementaci\u00f3n de la Recomendaci\u00f3n UNESCO 2015<\/a><\/span><\/p>\n<div class=\"separator\">\n<p><strong>#WOMENINMUSEUMS<\/strong><\/p>\n<\/div>\n<p>Desde 2017, el ICOM promueve el papel de las mujeres en los museos durante el D\u00eda Internacional de la Mujer a trav\u00e9s del hashtag #MujeresEnLosMuseos. Para 2019, el lema es \u201cEl lugar de una mujer est\u00e1 en el museo\u201d y tiene como objetivo resaltar las muchas formas en que las mujeres dan forma a los museos, desde transformar las narrativas hasta luchar por la inclusi\u00f3n. El hashtag se ha convertido en un centro de intercambio dentro de las redes sociales para compartir y celebrar el trabajo de mujeres profesionales de los museos, mujeres artistas y mujeres de la historia.<\/p>\n<div class=\"separator\">\n<p><strong>VOCES DE LA CULTURA<\/strong><\/p>\n<\/div>\n<p>\u201cVoces de la cultura\u201d (<em>Voices of Culture<\/em>) es un di\u00e1logo estructurado entre la Comisi\u00f3n Europea y el sector cultural que establece un marco para el debate entre la sociedad civil de la UE y la Comisi\u00f3n Europea. Su objetivo es reforzar la capacidad de representaci\u00f3n del sector cultural en los debates pol\u00edticos sobre cultura a nivel europeo y fomentar un trabajo m\u00e1s colaborativo.<\/p>\n<p>El ICOM estuvo representado en 2017 por la Secretar\u00eda del ICOM en las sesiones de \u201cVoces de la cultura\u201d tituladas \u201c<em>Skills, Training and Knowledge Transfer: traditional and emerging heritage<\/em>\u201d (Competencias, formaci\u00f3n y transferencia de conocimiento: patrimonio tradicional y emergente), y por ICOM Europa en el \u201c<em>Stakeholders\u2019 Committee for the 2018 European Year of Cultural Heritage<\/em>\u201d (Comit\u00e9 para el A\u00f1o Europeo del Patrimonio Cultural 2018). El ICOM fue seleccionado una vez m\u00e1s para contribuir a la siguiente sesi\u00f3n en abril-septiembre de 2018 dedicada al tema \u201c<em>Social Inclusion: Partnering with Other Sectors<\/em>\u201d (Inclusi\u00f3n social: asociaci\u00f3n con otros sectores). Esta nueva reuni\u00f3n de lluvia de ideas dio lugar a un informe elaborado conjuntamente entre 35 organizaciones participantes tanto del sector cultural como de otros sectores, incluido el ICOM.<\/p>\n<p><span class=\"link_red\"><a href=\"http:\/\/www.voicesofculture.eu\/wp-content\/uploads\/2018\/10\/FINAL-Brainstorming-report-SD7-Social-inclusion.pdf\"><strong>Voces de la cultura <\/strong><\/a><\/span><\/p>\n<p><strong>\u00a0<\/strong><\/p>\n<div class=\"separator\">\n<p><strong>RED DEL ICOM<\/strong><\/p>\n<\/div>\n<p>Desde 2016 el CAMOC dirige un proyecto titulado \u201c<em>Migration: Cities (Im)migration and Arrival Cities<\/em>\u201d (Migraci\u00f3n: ciudades de (in)migraci\u00f3n y ciudades de llegada), en colaboraci\u00f3n con el ICR y la CAM. El proyecto implica una serie de talleres y la creaci\u00f3n de una plataforma <em>online<\/em> sobre migraci\u00f3n y museos de ciudades.<\/p>\n<p>Como parte del proyecto de investigaci\u00f3n EU-LAC MUSEUMS (2016\u20132020) del 7 al 9 de noviembre se celebr\u00f3 en Barbados una conferencia internacional, en colaboraci\u00f3n con la Asociaci\u00f3n de Museos del Caribe, titulada \u201cIdentidades itinerantes: comunidades de museos \/ museos de comunidades\u201d. Una conferencia que reuni\u00f3, entre otros, a expertos en museolog\u00eda, acad\u00e9micos, funcionarios del gobierno, ONG y miembros, para debatir sobre nuevas perspectivas en el \u00e1mbito de los museos en relaci\u00f3n con las comunidades y la sostenibilidad, la migraci\u00f3n y el g\u00e9nero, la educaci\u00f3n p\u00fablica y la evoluci\u00f3n del p\u00fablico, la ciber-museolog\u00eda y las identidades digitales, entre otros temas.<\/p>\n<p><span class=\"link_red\"><a href=\"http:\/\/www.migrationcities.net\/\"><strong>Migration: Cities<\/strong><\/a><\/span><\/p>\n","protected":false},"excerpt":{"rendered":"<p>Abordar de manera proactiva las desigualdades y la exclusi\u00f3n resulta esencial para los museos a la hora de cumplir con su misi\u00f3n de servir a la sociedad. Algo todav\u00eda m\u00e1s importante en un contexto en el que aumentan los movimientos poblacionales, la polarizaci\u00f3n y los discursos p\u00fablicos divisorios. Para tratar estas cuestiones, los museos organizan [&hellip;]<\/p>\n","protected":false},"author":4,"featured_media":0,"parent":7361,"menu_order":5,"comment_status":"closed","ping_status":"closed","template":"","meta":{"inline_featured_image":false,"footnotes":""},"class_list":["post-36239","page","type-page","status-publish","hentry"],"acf":[],"yoast_head":"<!-- This site is optimized with the Yoast SEO plugin v23.7 - https:\/\/yoast.com\/wordpress\/plugins\/seo\/ -->\n<title>Democracia cultural e inclusi\u00f3n - International Council of Museums<\/title>\n<meta name=\"robots\" content=\"index, follow, max-snippet:-1, max-image-preview:large, max-video-preview:-1\" \/>\n<link rel=\"canonical\" href=\"https:\/\/icom.museum\/es\/nuestras-acciones\/investigacion-y-desarrollo\/democracia-cultural-e-inclusion\/\" \/>\n<meta property=\"og:locale\" content=\"es_ES\" \/>\n<meta property=\"og:type\" content=\"article\" \/>\n<meta property=\"og:title\" content=\"Democracia cultural e inclusi\u00f3n - International Council of Museums\" \/>\n<meta property=\"og:description\" content=\"Abordar de manera proactiva las desigualdades y la exclusi\u00f3n resulta esencial para los museos a la hora de cumplir con su misi\u00f3n de servir a la sociedad. Algo todav\u00eda m\u00e1s importante en un contexto en el que aumentan los movimientos poblacionales, la polarizaci\u00f3n y los discursos p\u00fablicos divisorios. Para tratar estas cuestiones, los museos organizan [&hellip;]\" \/>\n<meta property=\"og:url\" content=\"https:\/\/icom.museum\/es\/nuestras-acciones\/investigacion-y-desarrollo\/democracia-cultural-e-inclusion\/\" \/>\n<meta property=\"og:site_name\" content=\"International Council of Museums\" \/>\n<meta property=\"article:modified_time\" content=\"2021-10-01T10:21:09+00:00\" \/>\n<meta property=\"og:image\" content=\"https:\/\/icom.museum\/wp-content\/uploads\/2019\/12\/sound-space-3851251_1920.jpg\" \/>\n<meta name=\"twitter:card\" content=\"summary_large_image\" \/>\n<meta name=\"twitter:label1\" content=\"Tiempo de lectura\" \/>\n\t<meta name=\"twitter:data1\" content=\"5 minutos\" \/>\n<script type=\"application\/ld+json\" class=\"yoast-schema-graph\">{\"@context\":\"https:\/\/schema.org\",\"@graph\":[{\"@type\":\"WebPage\",\"@id\":\"https:\/\/icom.museum\/es\/nuestras-acciones\/investigacion-y-desarrollo\/democracia-cultural-e-inclusion\/\",\"url\":\"https:\/\/icom.museum\/es\/nuestras-acciones\/investigacion-y-desarrollo\/democracia-cultural-e-inclusion\/\",\"name\":\"Democracia cultural e inclusi\u00f3n - International Council of Museums\",\"isPartOf\":{\"@id\":\"https:\/\/icom.museum\/en\/#website\"},\"datePublished\":\"2019-12-20T12:15:43+00:00\",\"dateModified\":\"2021-10-01T10:21:09+00:00\",\"breadcrumb\":{\"@id\":\"https:\/\/icom.museum\/es\/nuestras-acciones\/investigacion-y-desarrollo\/democracia-cultural-e-inclusion\/#breadcrumb\"},\"inLanguage\":\"es\",\"potentialAction\":[{\"@type\":\"ReadAction\",\"target\":[\"https:\/\/icom.museum\/es\/nuestras-acciones\/investigacion-y-desarrollo\/democracia-cultural-e-inclusion\/\"]}]},{\"@type\":\"BreadcrumbList\",\"@id\":\"https:\/\/icom.museum\/es\/nuestras-acciones\/investigacion-y-desarrollo\/democracia-cultural-e-inclusion\/#breadcrumb\",\"itemListElement\":[{\"@type\":\"ListItem\",\"position\":1,\"name\":\"Home\",\"item\":\"https:\/\/icom.museum\/es\/\"},{\"@type\":\"ListItem\",\"position\":2,\"name\":\"Acciones\",\"item\":\"https:\/\/icom.museum\/es\/nuestras-acciones\/\"},{\"@type\":\"ListItem\",\"position\":3,\"name\":\"Investigaci\u00f3n y desarrollo\",\"item\":\"https:\/\/icom.museum\/es\/nuestras-acciones\/investigacion-y-desarrollo\/\"},{\"@type\":\"ListItem\",\"position\":4,\"name\":\"Democracia cultural e inclusi\u00f3n\"}]},{\"@type\":\"WebSite\",\"@id\":\"https:\/\/icom.museum\/en\/#website\",\"url\":\"https:\/\/icom.museum\/en\/\",\"name\":\"International Council of Museums\",\"description\":\"A global organisation of museums &amp; museum professionals committed to the promotion and protection of cultural heritage\",\"publisher\":{\"@id\":\"https:\/\/icom.museum\/en\/#organization\"},\"potentialAction\":[{\"@type\":\"SearchAction\",\"target\":{\"@type\":\"EntryPoint\",\"urlTemplate\":\"https:\/\/icom.museum\/en\/?s={search_term_string}\"},\"query-input\":{\"@type\":\"PropertyValueSpecification\",\"valueRequired\":true,\"valueName\":\"search_term_string\"}}],\"inLanguage\":\"es\"},{\"@type\":\"Organization\",\"@id\":\"https:\/\/icom.museum\/en\/#organization\",\"name\":\"International Council of Museums\",\"url\":\"https:\/\/icom.museum\/en\/\",\"logo\":{\"@type\":\"ImageObject\",\"inLanguage\":\"es\",\"@id\":\"https:\/\/icom.museum\/en\/#\/schema\/logo\/image\/\",\"url\":\"https:\/\/icom.museum\/wp-content\/uploads\/2018\/07\/ICOM_M_.jpg\",\"contentUrl\":\"https:\/\/icom.museum\/wp-content\/uploads\/2018\/07\/ICOM_M_.jpg\",\"width\":1721,\"height\":1721,\"caption\":\"International Council of Museums\"},\"image\":{\"@id\":\"https:\/\/icom.museum\/en\/#\/schema\/logo\/image\/\"}}]}<\/script>\n<!-- \/ Yoast SEO plugin. -->","yoast_head_json":{"title":"Democracia cultural e inclusi\u00f3n - International Council of Museums","robots":{"index":"index","follow":"follow","max-snippet":"max-snippet:-1","max-image-preview":"max-image-preview:large","max-video-preview":"max-video-preview:-1"},"canonical":"https:\/\/icom.museum\/es\/nuestras-acciones\/investigacion-y-desarrollo\/democracia-cultural-e-inclusion\/","og_locale":"es_ES","og_type":"article","og_title":"Democracia cultural e inclusi\u00f3n - International Council of Museums","og_description":"Abordar de manera proactiva las desigualdades y la exclusi\u00f3n resulta esencial para los museos a la hora de cumplir con su misi\u00f3n de servir a la sociedad. Algo todav\u00eda m\u00e1s importante en un contexto en el que aumentan los movimientos poblacionales, la polarizaci\u00f3n y los discursos p\u00fablicos divisorios. Para tratar estas cuestiones, los museos organizan [&hellip;]","og_url":"https:\/\/icom.museum\/es\/nuestras-acciones\/investigacion-y-desarrollo\/democracia-cultural-e-inclusion\/","og_site_name":"International Council of Museums","article_modified_time":"2021-10-01T10:21:09+00:00","og_image":[{"url":"https:\/\/icom.museum\/wp-content\/uploads\/2019\/12\/sound-space-3851251_1920.jpg"}],"twitter_card":"summary_large_image","twitter_misc":{"Tiempo de lectura":"5 minutos"},"schema":{"@context":"https:\/\/schema.org","@graph":[{"@type":"WebPage","@id":"https:\/\/icom.museum\/es\/nuestras-acciones\/investigacion-y-desarrollo\/democracia-cultural-e-inclusion\/","url":"https:\/\/icom.museum\/es\/nuestras-acciones\/investigacion-y-desarrollo\/democracia-cultural-e-inclusion\/","name":"Democracia cultural e inclusi\u00f3n - International Council of Museums","isPartOf":{"@id":"https:\/\/icom.museum\/en\/#website"},"datePublished":"2019-12-20T12:15:43+00:00","dateModified":"2021-10-01T10:21:09+00:00","breadcrumb":{"@id":"https:\/\/icom.museum\/es\/nuestras-acciones\/investigacion-y-desarrollo\/democracia-cultural-e-inclusion\/#breadcrumb"},"inLanguage":"es","potentialAction":[{"@type":"ReadAction","target":["https:\/\/icom.museum\/es\/nuestras-acciones\/investigacion-y-desarrollo\/democracia-cultural-e-inclusion\/"]}]},{"@type":"BreadcrumbList","@id":"https:\/\/icom.museum\/es\/nuestras-acciones\/investigacion-y-desarrollo\/democracia-cultural-e-inclusion\/#breadcrumb","itemListElement":[{"@type":"ListItem","position":1,"name":"Home","item":"https:\/\/icom.museum\/es\/"},{"@type":"ListItem","position":2,"name":"Acciones","item":"https:\/\/icom.museum\/es\/nuestras-acciones\/"},{"@type":"ListItem","position":3,"name":"Investigaci\u00f3n y desarrollo","item":"https:\/\/icom.museum\/es\/nuestras-acciones\/investigacion-y-desarrollo\/"},{"@type":"ListItem","position":4,"name":"Democracia cultural e inclusi\u00f3n"}]},{"@type":"WebSite","@id":"https:\/\/icom.museum\/en\/#website","url":"https:\/\/icom.museum\/en\/","name":"International Council of Museums","description":"A global organisation of museums &amp; museum professionals committed to the promotion and protection of cultural heritage","publisher":{"@id":"https:\/\/icom.museum\/en\/#organization"},"potentialAction":[{"@type":"SearchAction","target":{"@type":"EntryPoint","urlTemplate":"https:\/\/icom.museum\/en\/?s={search_term_string}"},"query-input":{"@type":"PropertyValueSpecification","valueRequired":true,"valueName":"search_term_string"}}],"inLanguage":"es"},{"@type":"Organization","@id":"https:\/\/icom.museum\/en\/#organization","name":"International Council of Museums","url":"https:\/\/icom.museum\/en\/","logo":{"@type":"ImageObject","inLanguage":"es","@id":"https:\/\/icom.museum\/en\/#\/schema\/logo\/image\/","url":"https:\/\/icom.museum\/wp-content\/uploads\/2018\/07\/ICOM_M_.jpg","contentUrl":"https:\/\/icom.museum\/wp-content\/uploads\/2018\/07\/ICOM_M_.jpg","width":1721,"height":1721,"caption":"International Council of Museums"},"image":{"@id":"https:\/\/icom.museum\/en\/#\/schema\/logo\/image\/"}}]}},"_links":{"self":[{"href":"https:\/\/icom.museum\/es\/wp-json\/wp\/v2\/pages\/36239"}],"collection":[{"href":"https:\/\/icom.museum\/es\/wp-json\/wp\/v2\/pages"}],"about":[{"href":"https:\/\/icom.museum\/es\/wp-json\/wp\/v2\/types\/page"}],"author":[{"embeddable":true,"href":"https:\/\/icom.museum\/es\/wp-json\/wp\/v2\/users\/4"}],"replies":[{"embeddable":true,"href":"https:\/\/icom.museum\/es\/wp-json\/wp\/v2\/comments?post=36239"}],"version-history":[{"count":4,"href":"https:\/\/icom.museum\/es\/wp-json\/wp\/v2\/pages\/36239\/revisions"}],"predecessor-version":[{"id":36340,"href":"https:\/\/icom.museum\/es\/wp-json\/wp\/v2\/pages\/36239\/revisions\/36340"}],"up":[{"embeddable":true,"href":"https:\/\/icom.museum\/es\/wp-json\/wp\/v2\/pages\/7361"}],"wp:attachment":[{"href":"https:\/\/icom.museum\/es\/wp-json\/wp\/v2\/media?parent=36239"}],"curies":[{"name":"wp","href":"https:\/\/api.w.org\/{rel}","templated":true}]}}