{"id":36246,"date":"2019-12-20T14:21:12","date_gmt":"2019-12-20T12:21:12","guid":{"rendered":"https:\/\/icom.museum\/?page_id=36246"},"modified":"2020-06-22T15:04:08","modified_gmt":"2020-06-22T13:04:08","slug":"patrimonio-inmaterial","status":"publish","type":"page","link":"https:\/\/icom.museum\/es\/proteccion-del-patrimonio\/patrimonio-inmaterial\/","title":{"rendered":"Patrimonio inmaterial"},"content":{"rendered":"<h2 class=\"headline\"><strong>El ICOM opina que los museos tienen un papel que desempe\u00f1ar en la protecci\u00f3n del patrimonio cultural inmaterial y se compromete con la defensa de su vulnerabilidad.<\/strong><\/h2>\n<p>El Patrimonio Cultural abarca m\u00e1s que colecciones de objetos o monumentos: incluye manifestaciones inmateriales tales como la tradici\u00f3n de los s\u00edmbolos vivientes. La definici\u00f3n del ICOM de museo reconoce el papel de los museos en la preservaci\u00f3n y protecci\u00f3n del \u201cpatrimonio material e inmaterial de la humanidad\u201d. Los museos pueden contribuir de manera significativa a la protecci\u00f3n del patrimonio cultural inmaterial (ICH, por sus siglas en ingl\u00e9s), mediante el desempe\u00f1o de sus atribuciones, infraestructuras y recursos para desarrollar iniciativas innovadoras sobre su preservaci\u00f3n.<\/p>\n<div class=\"separator\">\n<p><strong>20\u00aa CONFERENCIA GENERAL DEL ICOM EN SE\u00daL<\/strong><\/p>\n<\/div>\n<p>\u201cPatrimonio inmaterial y museos\u201d fue el tema de la 20\u00aa Conferencia General del ICOM que se celebr\u00f3 en Se\u00fal en 2004. Esta pretend\u00eda concienciar sobre la importancia del patrimonio cultural inmaterial para la diversidad cultural y reuni\u00f3 a 1462 participantes procedentes <strong>de m\u00e1s de 100 pa\u00edses.<\/strong><\/p>\n<div class=\"separator\">\n<p><strong><em>INTERNATIONAL JOURNAL OF INTANGIBLE HERITAGE <\/em><\/strong><\/p>\n<\/div>\n<p>Como resultado de dicha conferencia se cre\u00f3 la revista <em>International Journal of Intangible Heritage<\/em>, publicada por el Museo Nacional del Folclore de Corea desde el a\u00f1o 2006. Se trata de una revista acad\u00e9mica y profesional dedicada a la difusi\u00f3n de la comprensi\u00f3n de cada aspecto del patrimonio inmaterial mundial.<\/p>\n<div class=\"separator\">\n<p><strong>PROYECTO MUSEOS Y PATRIMONIO CULTURAL INMATERIAL (IMP)<\/strong><\/p>\n<\/div>\n<p>El\u00a0Proyecto Museos y Patrimonio Cultural Inmaterial (IMP), que comenz\u00f3 en 2017, explora la variedad de enfoques y pr\u00e1cticas en el Patrimonio Cultural Inmaterial (ICH) en los museos de B\u00e9lgica, los Pa\u00edses Bajos, Suiza, Italia y Francia. El IMP fomenta el aprendizaje interdisciplinar entre iguales, desarrolla la capacitaci\u00f3n profesional y los recursos, y ofrece las posibilidades que ofrece una red internacional para el intercambio de pr\u00e1cticas \u00f3pticas. El ICOM contribuye al proyecto como miembro del centro mundial de reflexi\u00f3n, por medio de su participaci\u00f3n en las conferencias internacionales, reuniones de expertos y reuniones t\u00e9cnicas para la implementaci\u00f3n del conjunto de recursos. La misi\u00f3n del centro mundial de reflexi\u00f3n es actuar a modo de consejo consultivo y prestar puntos de vista, opiniones y experiencia.\u00a0Este proyecto cont\u00f3 con el apoyo del programa Europa Creativa, el\u00a0 programa marco de la Comisi\u00f3n Europea para fortalecer la diversidad cultural.<\/p>\n<p>Las cinco conferencias internacionales y reuniones de expertos se organizan en relaci\u00f3n con el Patrimonio Cultural Inmaterial (ICH) y los siguientes temas: museos y diversidad, participaci\u00f3n, sociedades urbanas, innovaci\u00f3n y pol\u00edticas culturales. La p\u00e1gina web del IMP recopila tales recursos como los informes de las reuniones, los discursos de ponentes, documentos de posici\u00f3n o bibliograf\u00edas. Tambi\u00e9n alberga un <a href=\"https:\/\/www.google.com\/url?q=https:\/\/www.ichandmuseums.eu\/en\/imp-toolkit&amp;sa=D&amp;ust=1592832597777000&amp;usg=AFQjCNF4iFPkeBEjTjB9lCPAFL9z9io0Jg\">conjunto de recursos<\/a> que brindan a los profesionales muse\u00edsticos herramientas metodol\u00f3gicas para la protecci\u00f3n del ICH.<\/p>\n<p><span class=\"link_red\"><a href=\"https:\/\/www.ichandmuseums.eu\/en\"><strong>Intangible Cultural Heritage and Museums Project (IMP)<\/strong><\/a><\/span><\/p>\n<p><strong>\u00a0<\/strong><\/p>\n<div class=\"separator\">\n<p><strong>\u00bfQU\u00c9 ES EL PATRIMONIO CULTURAL INMATERIAL?<\/strong><\/p>\n<\/div>\n<p>La Convenci\u00f3n para la Salvaguardia del Patrimonio Cultural Inmaterial de la UNESCO de 2003 define el Patrimonio Cultural Inmaterial (ICH) y resalta su papel en la preservaci\u00f3n de la diversidad cultural. Se trata de una forma viviente del patrimonio (tradiciones orales, artes esc\u00e9nicas, pr\u00e1cticas sociales\u2026) heredado de nuestros ancestros y transmitido a nuestros descendientes, de manera que se establece un sentido de identidad. Como manifestaci\u00f3n de su\u00a0compromiso en la protecci\u00f3n del ICH, y como implementaci\u00f3n de la Convenci\u00f3n de 2003, el ICOM desempe\u00f1a funciones de asesoramiento ante el Comit\u00e9 Intergubernamental para la Salvaguardia del Patrimonio Cultural Inmaterial de la UNESCO.<\/p>\n","protected":false},"excerpt":{"rendered":"<p>El ICOM opina que los museos tienen un papel que desempe\u00f1ar en la protecci\u00f3n del patrimonio cultural inmaterial y se compromete con la defensa de su vulnerabilidad. El Patrimonio Cultural abarca m\u00e1s que colecciones de objetos o monumentos: incluye manifestaciones inmateriales tales como la tradici\u00f3n de los s\u00edmbolos vivientes. La definici\u00f3n del ICOM de museo [&hellip;]<\/p>\n","protected":false},"author":4,"featured_media":0,"parent":7351,"menu_order":4,"comment_status":"closed","ping_status":"closed","template":"","meta":{"inline_featured_image":false,"footnotes":""},"class_list":["post-36246","page","type-page","status-publish","hentry"],"acf":[],"yoast_head":"<!-- This site is optimized with the Yoast SEO plugin v23.7 - https:\/\/yoast.com\/wordpress\/plugins\/seo\/ -->\n<title>Patrimonio inmaterial - International Council of Museums<\/title>\n<meta name=\"robots\" content=\"index, follow, max-snippet:-1, max-image-preview:large, max-video-preview:-1\" \/>\n<link rel=\"canonical\" href=\"https:\/\/icom.museum\/es\/proteccion-del-patrimonio\/patrimonio-inmaterial\/\" \/>\n<meta property=\"og:locale\" content=\"es_ES\" \/>\n<meta property=\"og:type\" content=\"article\" \/>\n<meta property=\"og:title\" content=\"Patrimonio inmaterial - International Council of Museums\" \/>\n<meta property=\"og:description\" content=\"El ICOM opina que los museos tienen un papel que desempe\u00f1ar en la protecci\u00f3n del patrimonio cultural inmaterial y se compromete con la defensa de su vulnerabilidad. El Patrimonio Cultural abarca m\u00e1s que colecciones de objetos o monumentos: incluye manifestaciones inmateriales tales como la tradici\u00f3n de los s\u00edmbolos vivientes. La definici\u00f3n del ICOM de museo [&hellip;]\" \/>\n<meta property=\"og:url\" content=\"https:\/\/icom.museum\/es\/proteccion-del-patrimonio\/patrimonio-inmaterial\/\" \/>\n<meta property=\"og:site_name\" content=\"International Council of Museums\" \/>\n<meta property=\"article:modified_time\" content=\"2020-06-22T13:04:08+00:00\" \/>\n<meta property=\"og:image\" content=\"https:\/\/icom.museum\/wp-content\/uploads\/2019\/12\/paris-846873_1920.jpg\" \/>\n<meta name=\"twitter:card\" content=\"summary_large_image\" \/>\n<meta name=\"twitter:label1\" content=\"Tiempo de lectura\" \/>\n\t<meta name=\"twitter:data1\" content=\"3 minutos\" \/>\n<script type=\"application\/ld+json\" class=\"yoast-schema-graph\">{\"@context\":\"https:\/\/schema.org\",\"@graph\":[{\"@type\":\"WebPage\",\"@id\":\"https:\/\/icom.museum\/es\/proteccion-del-patrimonio\/patrimonio-inmaterial\/\",\"url\":\"https:\/\/icom.museum\/es\/proteccion-del-patrimonio\/patrimonio-inmaterial\/\",\"name\":\"Patrimonio inmaterial - International Council of Museums\",\"isPartOf\":{\"@id\":\"https:\/\/icom.museum\/en\/#website\"},\"datePublished\":\"2019-12-20T12:21:12+00:00\",\"dateModified\":\"2020-06-22T13:04:08+00:00\",\"breadcrumb\":{\"@id\":\"https:\/\/icom.museum\/es\/proteccion-del-patrimonio\/patrimonio-inmaterial\/#breadcrumb\"},\"inLanguage\":\"es\",\"potentialAction\":[{\"@type\":\"ReadAction\",\"target\":[\"https:\/\/icom.museum\/es\/proteccion-del-patrimonio\/patrimonio-inmaterial\/\"]}]},{\"@type\":\"BreadcrumbList\",\"@id\":\"https:\/\/icom.museum\/es\/proteccion-del-patrimonio\/patrimonio-inmaterial\/#breadcrumb\",\"itemListElement\":[{\"@type\":\"ListItem\",\"position\":1,\"name\":\"Home\",\"item\":\"https:\/\/icom.museum\/es\/\"},{\"@type\":\"ListItem\",\"position\":2,\"name\":\"Protecci\u00f3n del patrimonio\",\"item\":\"https:\/\/icom.museum\/es\/proteccion-del-patrimonio\/\"},{\"@type\":\"ListItem\",\"position\":3,\"name\":\"Patrimonio inmaterial\"}]},{\"@type\":\"WebSite\",\"@id\":\"https:\/\/icom.museum\/en\/#website\",\"url\":\"https:\/\/icom.museum\/en\/\",\"name\":\"International Council of Museums\",\"description\":\"A global organisation of museums &amp; museum professionals committed to the promotion and protection of cultural heritage\",\"publisher\":{\"@id\":\"https:\/\/icom.museum\/en\/#organization\"},\"potentialAction\":[{\"@type\":\"SearchAction\",\"target\":{\"@type\":\"EntryPoint\",\"urlTemplate\":\"https:\/\/icom.museum\/en\/?s={search_term_string}\"},\"query-input\":{\"@type\":\"PropertyValueSpecification\",\"valueRequired\":true,\"valueName\":\"search_term_string\"}}],\"inLanguage\":\"es\"},{\"@type\":\"Organization\",\"@id\":\"https:\/\/icom.museum\/en\/#organization\",\"name\":\"International Council of Museums\",\"url\":\"https:\/\/icom.museum\/en\/\",\"logo\":{\"@type\":\"ImageObject\",\"inLanguage\":\"es\",\"@id\":\"https:\/\/icom.museum\/en\/#\/schema\/logo\/image\/\",\"url\":\"https:\/\/icom.museum\/wp-content\/uploads\/2018\/07\/ICOM_M_.jpg\",\"contentUrl\":\"https:\/\/icom.museum\/wp-content\/uploads\/2018\/07\/ICOM_M_.jpg\",\"width\":1721,\"height\":1721,\"caption\":\"International Council of Museums\"},\"image\":{\"@id\":\"https:\/\/icom.museum\/en\/#\/schema\/logo\/image\/\"}}]}<\/script>\n<!-- \/ Yoast SEO plugin. -->","yoast_head_json":{"title":"Patrimonio inmaterial - International Council of Museums","robots":{"index":"index","follow":"follow","max-snippet":"max-snippet:-1","max-image-preview":"max-image-preview:large","max-video-preview":"max-video-preview:-1"},"canonical":"https:\/\/icom.museum\/es\/proteccion-del-patrimonio\/patrimonio-inmaterial\/","og_locale":"es_ES","og_type":"article","og_title":"Patrimonio inmaterial - International Council of Museums","og_description":"El ICOM opina que los museos tienen un papel que desempe\u00f1ar en la protecci\u00f3n del patrimonio cultural inmaterial y se compromete con la defensa de su vulnerabilidad. El Patrimonio Cultural abarca m\u00e1s que colecciones de objetos o monumentos: incluye manifestaciones inmateriales tales como la tradici\u00f3n de los s\u00edmbolos vivientes. La definici\u00f3n del ICOM de museo [&hellip;]","og_url":"https:\/\/icom.museum\/es\/proteccion-del-patrimonio\/patrimonio-inmaterial\/","og_site_name":"International Council of Museums","article_modified_time":"2020-06-22T13:04:08+00:00","og_image":[{"url":"https:\/\/icom.museum\/wp-content\/uploads\/2019\/12\/paris-846873_1920.jpg"}],"twitter_card":"summary_large_image","twitter_misc":{"Tiempo de lectura":"3 minutos"},"schema":{"@context":"https:\/\/schema.org","@graph":[{"@type":"WebPage","@id":"https:\/\/icom.museum\/es\/proteccion-del-patrimonio\/patrimonio-inmaterial\/","url":"https:\/\/icom.museum\/es\/proteccion-del-patrimonio\/patrimonio-inmaterial\/","name":"Patrimonio inmaterial - International Council of Museums","isPartOf":{"@id":"https:\/\/icom.museum\/en\/#website"},"datePublished":"2019-12-20T12:21:12+00:00","dateModified":"2020-06-22T13:04:08+00:00","breadcrumb":{"@id":"https:\/\/icom.museum\/es\/proteccion-del-patrimonio\/patrimonio-inmaterial\/#breadcrumb"},"inLanguage":"es","potentialAction":[{"@type":"ReadAction","target":["https:\/\/icom.museum\/es\/proteccion-del-patrimonio\/patrimonio-inmaterial\/"]}]},{"@type":"BreadcrumbList","@id":"https:\/\/icom.museum\/es\/proteccion-del-patrimonio\/patrimonio-inmaterial\/#breadcrumb","itemListElement":[{"@type":"ListItem","position":1,"name":"Home","item":"https:\/\/icom.museum\/es\/"},{"@type":"ListItem","position":2,"name":"Protecci\u00f3n del patrimonio","item":"https:\/\/icom.museum\/es\/proteccion-del-patrimonio\/"},{"@type":"ListItem","position":3,"name":"Patrimonio inmaterial"}]},{"@type":"WebSite","@id":"https:\/\/icom.museum\/en\/#website","url":"https:\/\/icom.museum\/en\/","name":"International Council of Museums","description":"A global organisation of museums &amp; museum professionals committed to the promotion and protection of cultural heritage","publisher":{"@id":"https:\/\/icom.museum\/en\/#organization"},"potentialAction":[{"@type":"SearchAction","target":{"@type":"EntryPoint","urlTemplate":"https:\/\/icom.museum\/en\/?s={search_term_string}"},"query-input":{"@type":"PropertyValueSpecification","valueRequired":true,"valueName":"search_term_string"}}],"inLanguage":"es"},{"@type":"Organization","@id":"https:\/\/icom.museum\/en\/#organization","name":"International Council of Museums","url":"https:\/\/icom.museum\/en\/","logo":{"@type":"ImageObject","inLanguage":"es","@id":"https:\/\/icom.museum\/en\/#\/schema\/logo\/image\/","url":"https:\/\/icom.museum\/wp-content\/uploads\/2018\/07\/ICOM_M_.jpg","contentUrl":"https:\/\/icom.museum\/wp-content\/uploads\/2018\/07\/ICOM_M_.jpg","width":1721,"height":1721,"caption":"International Council of Museums"},"image":{"@id":"https:\/\/icom.museum\/en\/#\/schema\/logo\/image\/"}}]}},"_links":{"self":[{"href":"https:\/\/icom.museum\/es\/wp-json\/wp\/v2\/pages\/36246"}],"collection":[{"href":"https:\/\/icom.museum\/es\/wp-json\/wp\/v2\/pages"}],"about":[{"href":"https:\/\/icom.museum\/es\/wp-json\/wp\/v2\/types\/page"}],"author":[{"embeddable":true,"href":"https:\/\/icom.museum\/es\/wp-json\/wp\/v2\/users\/4"}],"replies":[{"embeddable":true,"href":"https:\/\/icom.museum\/es\/wp-json\/wp\/v2\/comments?post=36246"}],"version-history":[{"count":2,"href":"https:\/\/icom.museum\/es\/wp-json\/wp\/v2\/pages\/36246\/revisions"}],"predecessor-version":[{"id":39010,"href":"https:\/\/icom.museum\/es\/wp-json\/wp\/v2\/pages\/36246\/revisions\/39010"}],"up":[{"embeddable":true,"href":"https:\/\/icom.museum\/es\/wp-json\/wp\/v2\/pages\/7351"}],"wp:attachment":[{"href":"https:\/\/icom.museum\/es\/wp-json\/wp\/v2\/media?parent=36246"}],"curies":[{"name":"wp","href":"https:\/\/api.w.org\/{rel}","templated":true}]}}