{"id":37506,"date":"2020-04-10T13:44:59","date_gmt":"2020-04-10T11:44:59","guid":{"rendered":"https:\/\/icom.museum\/?page_id=37506"},"modified":"2020-06-23T09:36:51","modified_gmt":"2020-06-23T07:36:51","slug":"icom-oecd-webinar-impacto-innovaciones-y-planificacion-post-crisis","status":"publish","type":"page","link":"https:\/\/icom.museum\/es\/covid-19\/webinars\/icom-oecd-webinar-impacto-innovaciones-y-planificacion-post-crisis\/","title":{"rendered":"Webinar de ICOM y OECD: impacto, innovaciones y planificaci\u00f3n post-crisis"},"content":{"rendered":"<h3>Junto con la industria del turismo, el sector cultural y creativo se encuentra entre los m\u00e1s afectados por la actual crisis del Coronavirus (COVID-19). La situaci\u00f3n actual es particularmente cr\u00edtica para el sector cultural y creativo, debido a la repentina y masiva p\u00e9rdida de oportunidades de ganancias, especialmente para los operadores m\u00e1s fr\u00e1giles.<\/h3>\n<p>Algunos actores se benefician de apoyos p\u00fablicos (por ejemplo, los museos p\u00fablicos, las bibliotecas y los teatros) pero podr\u00e1n sufrir importantes recortes en su presupuesto. El sector incluye\u00a0grandes empresas multinacionales con ganancias garantidas (por ejemplo, Netflix): sin embargo, muchas peque\u00f1as empresas y profesionales independientes esenciales pare el sector podr\u00edan enfrentarse a la quiebra. Esta crisis\u00a0crea una amenaza estructural para la supervivencia de muchas empresas y trabajadores de la producci\u00f3n cultural y creativa.<\/p>\n<p>Hoy m\u00e1s que nunca se hace evidente lo importante que son la cultura y la creatividad para nuestra sociedad.\u00a0La disponibilidad de contenidos culturales contribuye a la salud mental y el bienestar\u00a0y muchas instituciones culturales han proporcionado en las \u00faltimas semanas contenidos en l\u00ednea y gratuitos con ese fin. La sostenibilidad de los modelos de negocio aplicados durante y despu\u00e9s de la crisis inicial es necesaria para la supervivencia del sector. Dejar atr\u00e1s la parte m\u00e1s fr\u00e1gil del sector podr\u00eda causar da\u00f1os econ\u00f3micos y sociales irreparables. El desaf\u00edo actual es concebir apoyos p\u00fablicos que mitiguen los impactos negativos a corto plazo y ayuden a identificar nuevas oportunidades a medio plazo para los diferentes actores p\u00fablicos, privados y sin \u00e1nimo de lucro que se dedican a la producci\u00f3n cultural y creativa.<\/p>\n<p><strong>Este webinar, organizado conjuntamente con la OCDE, reuni\u00f3 a representantes de la comunidad de los museos y de los gobiernos locales y nacionales para revisar:<\/strong><\/p>\n<ul class=\"pub-1-col-list\">\n<li>El impacto a corto y largo plazo de la crisis actual en los museos<\/li>\n<li>Las soluciones innovadoras puestas en pr\u00e1ctica por los museos de todos los pa\u00edses<\/li>\n<li>Las pol\u00edticas de apoyo establecidas por los gobiernos nacionales y locales para mitigar los efectos a corto y largo plazo de la crisis sobre los museos y sus ecosistemas m\u00e1s amplios. \u00bfQu\u00e9 es lo que todav\u00eda se necesita?<\/li>\n<\/ul>\n<div class=\"separator\">\n<p>Mira el webinar<\/p>\n<\/div>\n<p><iframe loading=\"lazy\" title=\"OECD webinar: COVID-19 and museums. Impact, innovations and planning for post-crisis.\" width=\"500\" height=\"281\" src=\"https:\/\/www.youtube.com\/embed\/PIo_8VWMU6o?start=23&#038;feature=oembed\" frameborder=\"0\" allow=\"accelerometer; autoplay; clipboard-write; encrypted-media; gyroscope; picture-in-picture; web-share\" referrerpolicy=\"strict-origin-when-cross-origin\" allowfullscreen><\/iframe><\/p>\n<div class=\"separator\">\n<p>ORADORES<\/p>\n<\/div>\n<ul>\n<li><strong>Mattia AGNETTI\u00a0<\/strong>Secretario Ejecutivo, Fondazione Musei Civici di Venezia (MUVE),\u00a0Italia<\/li>\n<li>\u00a0<strong>Natalie BONDIL\u00a0<\/strong>Director General y Curador Jefe, Montreal Museum of Fine Arts, Canada<\/li>\n<li><strong>Inkyung CHANG\u00a0\u00a0<\/strong>Director Fundador, Iron Museum, Rep\u00fablica de Corea<\/li>\n<li><strong>John DAVIES\u00a0<\/strong>Becario de investigaci\u00f3n en Economia, Creative Economy &amp; Data Analytics, nesta<\/li>\n<li><strong>Peter KELLER\u00a0<\/strong>Director General, ICOM<\/li>\n<li><strong>Antonio LAMPIS<\/strong>\u00a0Director General de los Museos, Ministerio de los Bienes Culturales y del Turismo de Italia (MIBACT)<\/li>\n<li><strong>Joan ROCA\u00a0<\/strong>Director, Museo de Historia de Barcelona (MUHBA), Espa\u00f1a<\/li>\n<li><strong>Ekaterina TRAVKINA\u00a0<\/strong>Coordinador \u2013 Cultura, industrias creativas y desarrollo local, OCDE<\/li>\n<\/ul>\n<p>&nbsp;<\/p>\n<p><img loading=\"lazy\" decoding=\"async\" class=\"aligncenter size-large wp-image-37433\" src=\"https:\/\/icom.museum\/wp-content\/uploads\/2020\/03\/Peter-Keller-quote-1024x512.jpg\" sizes=\"(max-width: 1024px) 100vw, 1024px\" srcset=\"https:\/\/icom.museum\/wp-content\/uploads\/2020\/03\/Peter-Keller-quote.jpg 1024w, https:\/\/icom.museum\/wp-content\/uploads\/2020\/03\/Peter-Keller-quote-300x150.jpg 300w, https:\/\/icom.museum\/wp-content\/uploads\/2020\/03\/Peter-Keller-quote-768x384.jpg 768w\" alt=\"\" width=\"1024\" height=\"512\" \/><\/p>\n","protected":false},"excerpt":{"rendered":"<p>Junto con la industria del turismo, el sector cultural y creativo se encuentra entre los m\u00e1s afectados por la actual crisis del Coronavirus (COVID-19). La situaci\u00f3n actual es particularmente cr\u00edtica para el sector cultural y creativo, debido a la repentina y masiva p\u00e9rdida de oportunidades de ganancias, especialmente para los operadores m\u00e1s fr\u00e1giles. Algunos actores [&hellip;]<\/p>\n","protected":false},"author":3334,"featured_media":0,"parent":39048,"menu_order":0,"comment_status":"closed","ping_status":"closed","template":"","meta":{"inline_featured_image":false,"footnotes":""},"class_list":["post-37506","page","type-page","status-publish","hentry"],"acf":[],"yoast_head":"<!-- This site is optimized with the Yoast SEO plugin v23.7 - https:\/\/yoast.com\/wordpress\/plugins\/seo\/ -->\n<title>Webinar de ICOM y OECD: impacto, innovaciones y planificaci\u00f3n post-crisis - International Council of Museums<\/title>\n<meta name=\"robots\" content=\"index, follow, max-snippet:-1, max-image-preview:large, max-video-preview:-1\" \/>\n<link rel=\"canonical\" href=\"https:\/\/icom.museum\/es\/covid-19\/webinars\/icom-oecd-webinar-impacto-innovaciones-y-planificacion-post-crisis\/\" \/>\n<meta property=\"og:locale\" content=\"es_ES\" \/>\n<meta property=\"og:type\" content=\"article\" \/>\n<meta property=\"og:title\" content=\"Webinar de ICOM y OECD: impacto, innovaciones y planificaci\u00f3n post-crisis - International Council of Museums\" \/>\n<meta property=\"og:description\" content=\"Junto con la industria del turismo, el sector cultural y creativo se encuentra entre los m\u00e1s afectados por la actual crisis del Coronavirus (COVID-19). La situaci\u00f3n actual es particularmente cr\u00edtica para el sector cultural y creativo, debido a la repentina y masiva p\u00e9rdida de oportunidades de ganancias, especialmente para los operadores m\u00e1s fr\u00e1giles. Algunos actores [&hellip;]\" \/>\n<meta property=\"og:url\" content=\"https:\/\/icom.museum\/es\/covid-19\/webinars\/icom-oecd-webinar-impacto-innovaciones-y-planificacion-post-crisis\/\" \/>\n<meta property=\"og:site_name\" content=\"International Council of Museums\" \/>\n<meta property=\"article:modified_time\" content=\"2020-06-23T07:36:51+00:00\" \/>\n<meta property=\"og:image\" content=\"https:\/\/icom.museum\/wp-content\/uploads\/2020\/03\/Peter-Keller-quote.jpg\" \/>\n\t<meta property=\"og:image:width\" content=\"1024\" \/>\n\t<meta property=\"og:image:height\" content=\"512\" \/>\n\t<meta property=\"og:image:type\" content=\"image\/jpeg\" \/>\n<meta name=\"twitter:card\" content=\"summary_large_image\" \/>\n<meta name=\"twitter:label1\" content=\"Tiempo de lectura\" \/>\n\t<meta name=\"twitter:data1\" content=\"2 minutos\" \/>\n<script type=\"application\/ld+json\" class=\"yoast-schema-graph\">{\"@context\":\"https:\/\/schema.org\",\"@graph\":[{\"@type\":\"WebPage\",\"@id\":\"https:\/\/icom.museum\/es\/covid-19\/webinars\/icom-oecd-webinar-impacto-innovaciones-y-planificacion-post-crisis\/\",\"url\":\"https:\/\/icom.museum\/es\/covid-19\/webinars\/icom-oecd-webinar-impacto-innovaciones-y-planificacion-post-crisis\/\",\"name\":\"Webinar de ICOM y OECD: impacto, innovaciones y planificaci\u00f3n post-crisis - International Council of Museums\",\"isPartOf\":{\"@id\":\"https:\/\/icom.museum\/en\/#website\"},\"primaryImageOfPage\":{\"@id\":\"https:\/\/icom.museum\/es\/covid-19\/webinars\/icom-oecd-webinar-impacto-innovaciones-y-planificacion-post-crisis\/#primaryimage\"},\"image\":{\"@id\":\"https:\/\/icom.museum\/es\/covid-19\/webinars\/icom-oecd-webinar-impacto-innovaciones-y-planificacion-post-crisis\/#primaryimage\"},\"thumbnailUrl\":\"https:\/\/icom.museum\/wp-content\/uploads\/2020\/03\/Peter-Keller-quote-1024x512.jpg\",\"datePublished\":\"2020-04-10T11:44:59+00:00\",\"dateModified\":\"2020-06-23T07:36:51+00:00\",\"breadcrumb\":{\"@id\":\"https:\/\/icom.museum\/es\/covid-19\/webinars\/icom-oecd-webinar-impacto-innovaciones-y-planificacion-post-crisis\/#breadcrumb\"},\"inLanguage\":\"es\",\"potentialAction\":[{\"@type\":\"ReadAction\",\"target\":[\"https:\/\/icom.museum\/es\/covid-19\/webinars\/icom-oecd-webinar-impacto-innovaciones-y-planificacion-post-crisis\/\"]}]},{\"@type\":\"ImageObject\",\"inLanguage\":\"es\",\"@id\":\"https:\/\/icom.museum\/es\/covid-19\/webinars\/icom-oecd-webinar-impacto-innovaciones-y-planificacion-post-crisis\/#primaryimage\",\"url\":\"https:\/\/icom.museum\/wp-content\/uploads\/2020\/03\/Peter-Keller-quote-1024x512.jpg\",\"contentUrl\":\"https:\/\/icom.museum\/wp-content\/uploads\/2020\/03\/Peter-Keller-quote-1024x512.jpg\"},{\"@type\":\"BreadcrumbList\",\"@id\":\"https:\/\/icom.museum\/es\/covid-19\/webinars\/icom-oecd-webinar-impacto-innovaciones-y-planificacion-post-crisis\/#breadcrumb\",\"itemListElement\":[{\"@type\":\"ListItem\",\"position\":1,\"name\":\"Home\",\"item\":\"https:\/\/icom.museum\/es\/\"},{\"@type\":\"ListItem\",\"position\":2,\"name\":\"COVID-19\",\"item\":\"https:\/\/icom.museum\/es\/covid-19\/\"},{\"@type\":\"ListItem\",\"position\":3,\"name\":\"Webinars\",\"item\":\"https:\/\/icom.museum\/es\/covid-19\/webinars\/\"},{\"@type\":\"ListItem\",\"position\":4,\"name\":\"Webinar de ICOM y OECD: impacto, innovaciones y planificaci\u00f3n post-crisis\"}]},{\"@type\":\"WebSite\",\"@id\":\"https:\/\/icom.museum\/en\/#website\",\"url\":\"https:\/\/icom.museum\/en\/\",\"name\":\"International Council of Museums\",\"description\":\"A global organisation of museums &amp; museum professionals committed to the promotion and protection of cultural heritage\",\"publisher\":{\"@id\":\"https:\/\/icom.museum\/en\/#organization\"},\"potentialAction\":[{\"@type\":\"SearchAction\",\"target\":{\"@type\":\"EntryPoint\",\"urlTemplate\":\"https:\/\/icom.museum\/en\/?s={search_term_string}\"},\"query-input\":{\"@type\":\"PropertyValueSpecification\",\"valueRequired\":true,\"valueName\":\"search_term_string\"}}],\"inLanguage\":\"es\"},{\"@type\":\"Organization\",\"@id\":\"https:\/\/icom.museum\/en\/#organization\",\"name\":\"International Council of Museums\",\"url\":\"https:\/\/icom.museum\/en\/\",\"logo\":{\"@type\":\"ImageObject\",\"inLanguage\":\"es\",\"@id\":\"https:\/\/icom.museum\/en\/#\/schema\/logo\/image\/\",\"url\":\"https:\/\/icom.museum\/wp-content\/uploads\/2018\/07\/ICOM_M_.jpg\",\"contentUrl\":\"https:\/\/icom.museum\/wp-content\/uploads\/2018\/07\/ICOM_M_.jpg\",\"width\":1721,\"height\":1721,\"caption\":\"International Council of Museums\"},\"image\":{\"@id\":\"https:\/\/icom.museum\/en\/#\/schema\/logo\/image\/\"}}]}<\/script>\n<!-- \/ Yoast SEO plugin. -->","yoast_head_json":{"title":"Webinar de ICOM y OECD: impacto, innovaciones y planificaci\u00f3n post-crisis - International Council of Museums","robots":{"index":"index","follow":"follow","max-snippet":"max-snippet:-1","max-image-preview":"max-image-preview:large","max-video-preview":"max-video-preview:-1"},"canonical":"https:\/\/icom.museum\/es\/covid-19\/webinars\/icom-oecd-webinar-impacto-innovaciones-y-planificacion-post-crisis\/","og_locale":"es_ES","og_type":"article","og_title":"Webinar de ICOM y OECD: impacto, innovaciones y planificaci\u00f3n post-crisis - International Council of Museums","og_description":"Junto con la industria del turismo, el sector cultural y creativo se encuentra entre los m\u00e1s afectados por la actual crisis del Coronavirus (COVID-19). La situaci\u00f3n actual es particularmente cr\u00edtica para el sector cultural y creativo, debido a la repentina y masiva p\u00e9rdida de oportunidades de ganancias, especialmente para los operadores m\u00e1s fr\u00e1giles. Algunos actores [&hellip;]","og_url":"https:\/\/icom.museum\/es\/covid-19\/webinars\/icom-oecd-webinar-impacto-innovaciones-y-planificacion-post-crisis\/","og_site_name":"International Council of Museums","article_modified_time":"2020-06-23T07:36:51+00:00","og_image":[{"width":1024,"height":512,"url":"https:\/\/icom.museum\/wp-content\/uploads\/2020\/03\/Peter-Keller-quote.jpg","type":"image\/jpeg"}],"twitter_card":"summary_large_image","twitter_misc":{"Tiempo de lectura":"2 minutos"},"schema":{"@context":"https:\/\/schema.org","@graph":[{"@type":"WebPage","@id":"https:\/\/icom.museum\/es\/covid-19\/webinars\/icom-oecd-webinar-impacto-innovaciones-y-planificacion-post-crisis\/","url":"https:\/\/icom.museum\/es\/covid-19\/webinars\/icom-oecd-webinar-impacto-innovaciones-y-planificacion-post-crisis\/","name":"Webinar de ICOM y OECD: impacto, innovaciones y planificaci\u00f3n post-crisis - International Council of Museums","isPartOf":{"@id":"https:\/\/icom.museum\/en\/#website"},"primaryImageOfPage":{"@id":"https:\/\/icom.museum\/es\/covid-19\/webinars\/icom-oecd-webinar-impacto-innovaciones-y-planificacion-post-crisis\/#primaryimage"},"image":{"@id":"https:\/\/icom.museum\/es\/covid-19\/webinars\/icom-oecd-webinar-impacto-innovaciones-y-planificacion-post-crisis\/#primaryimage"},"thumbnailUrl":"https:\/\/icom.museum\/wp-content\/uploads\/2020\/03\/Peter-Keller-quote-1024x512.jpg","datePublished":"2020-04-10T11:44:59+00:00","dateModified":"2020-06-23T07:36:51+00:00","breadcrumb":{"@id":"https:\/\/icom.museum\/es\/covid-19\/webinars\/icom-oecd-webinar-impacto-innovaciones-y-planificacion-post-crisis\/#breadcrumb"},"inLanguage":"es","potentialAction":[{"@type":"ReadAction","target":["https:\/\/icom.museum\/es\/covid-19\/webinars\/icom-oecd-webinar-impacto-innovaciones-y-planificacion-post-crisis\/"]}]},{"@type":"ImageObject","inLanguage":"es","@id":"https:\/\/icom.museum\/es\/covid-19\/webinars\/icom-oecd-webinar-impacto-innovaciones-y-planificacion-post-crisis\/#primaryimage","url":"https:\/\/icom.museum\/wp-content\/uploads\/2020\/03\/Peter-Keller-quote-1024x512.jpg","contentUrl":"https:\/\/icom.museum\/wp-content\/uploads\/2020\/03\/Peter-Keller-quote-1024x512.jpg"},{"@type":"BreadcrumbList","@id":"https:\/\/icom.museum\/es\/covid-19\/webinars\/icom-oecd-webinar-impacto-innovaciones-y-planificacion-post-crisis\/#breadcrumb","itemListElement":[{"@type":"ListItem","position":1,"name":"Home","item":"https:\/\/icom.museum\/es\/"},{"@type":"ListItem","position":2,"name":"COVID-19","item":"https:\/\/icom.museum\/es\/covid-19\/"},{"@type":"ListItem","position":3,"name":"Webinars","item":"https:\/\/icom.museum\/es\/covid-19\/webinars\/"},{"@type":"ListItem","position":4,"name":"Webinar de ICOM y OECD: impacto, innovaciones y planificaci\u00f3n post-crisis"}]},{"@type":"WebSite","@id":"https:\/\/icom.museum\/en\/#website","url":"https:\/\/icom.museum\/en\/","name":"International Council of Museums","description":"A global organisation of museums &amp; museum professionals committed to the promotion and protection of cultural heritage","publisher":{"@id":"https:\/\/icom.museum\/en\/#organization"},"potentialAction":[{"@type":"SearchAction","target":{"@type":"EntryPoint","urlTemplate":"https:\/\/icom.museum\/en\/?s={search_term_string}"},"query-input":{"@type":"PropertyValueSpecification","valueRequired":true,"valueName":"search_term_string"}}],"inLanguage":"es"},{"@type":"Organization","@id":"https:\/\/icom.museum\/en\/#organization","name":"International Council of Museums","url":"https:\/\/icom.museum\/en\/","logo":{"@type":"ImageObject","inLanguage":"es","@id":"https:\/\/icom.museum\/en\/#\/schema\/logo\/image\/","url":"https:\/\/icom.museum\/wp-content\/uploads\/2018\/07\/ICOM_M_.jpg","contentUrl":"https:\/\/icom.museum\/wp-content\/uploads\/2018\/07\/ICOM_M_.jpg","width":1721,"height":1721,"caption":"International Council of Museums"},"image":{"@id":"https:\/\/icom.museum\/en\/#\/schema\/logo\/image\/"}}]}},"_links":{"self":[{"href":"https:\/\/icom.museum\/es\/wp-json\/wp\/v2\/pages\/37506"}],"collection":[{"href":"https:\/\/icom.museum\/es\/wp-json\/wp\/v2\/pages"}],"about":[{"href":"https:\/\/icom.museum\/es\/wp-json\/wp\/v2\/types\/page"}],"author":[{"embeddable":true,"href":"https:\/\/icom.museum\/es\/wp-json\/wp\/v2\/users\/3334"}],"replies":[{"embeddable":true,"href":"https:\/\/icom.museum\/es\/wp-json\/wp\/v2\/comments?post=37506"}],"version-history":[{"count":5,"href":"https:\/\/icom.museum\/es\/wp-json\/wp\/v2\/pages\/37506\/revisions"}],"predecessor-version":[{"id":39029,"href":"https:\/\/icom.museum\/es\/wp-json\/wp\/v2\/pages\/37506\/revisions\/39029"}],"up":[{"embeddable":true,"href":"https:\/\/icom.museum\/es\/wp-json\/wp\/v2\/pages\/39048"}],"wp:attachment":[{"href":"https:\/\/icom.museum\/es\/wp-json\/wp\/v2\/media?parent=37506"}],"curies":[{"name":"wp","href":"https:\/\/api.w.org\/{rel}","templated":true}]}}