{"id":37589,"date":"2020-04-14T17:08:15","date_gmt":"2020-04-14T15:08:15","guid":{"rendered":"https:\/\/icom.museum\/?page_id=37589"},"modified":"2020-05-26T17:57:09","modified_gmt":"2020-05-26T15:57:09","slug":"conservacion-en-los-museos","status":"publish","type":"page","link":"https:\/\/icom.museum\/es\/covid-19\/recursos\/conservacion-en-los-museos\/","title":{"rendered":"Conservaci\u00f3n en los museos"},"content":{"rendered":"<p class=\"p1\"><span class=\"s1\"><b>La pandemia de COVID-19 est\u00e1 afectando al sector de los museos en formas que a\u00fan no podemos predecir plenamente, especialmente en lo que concierne a las p\u00e9rdidas econ\u00f3micas. Sin embargo, en este momento, el confinamiento y la ausencia de la mayor parte del personal ya puede provocar graves repercusiones en la conservaci\u00f3n y la seguridad de las colecciones.<\/b><\/span><\/p>\n<p class=\"p1\"><span class=\"s1\">Sin descuidar todas las medidas necesarias para contener la propagaci\u00f3n de la epidemia y para garantizar la seguridad de la poblaci\u00f3n, los museos no pueden dejar de cumplir su funci\u00f3n primaria de conservar el patrimonio material e inmaterial de la humanidad.<\/span><\/p>\n<p class=\"p1\"><span class=\"s1\">Las instituciones culturales de todo el mundo ya est\u00e1n demostrando una gran capacidad de adaptaci\u00f3n y creatividad para <a href=\"https:\/\/icom.museum\/es\/news\/como-comunicarse-e-interactuar-a-distancia-con-su-publico\/\"><span class=\"s2\">comunicarse a distancia con su p\u00fablico<\/span><\/a>. Para ayudarles a\u00fan m\u00e1s en estos tiempos de incertidumbre, ICOM ha preparado, con la ayuda del <a href=\"http:\/\/www.icom-cc.org\/\"><span class=\"s2\">Comit\u00e9 Internacional para la Conservaci\u00f3n (ICOM-CC)<\/span><\/a>, una serie de recomendaciones sobre c\u00f3mo tratar la conservaci\u00f3n durante la emergencia, poniendo la seguridad de los empleados en primer lugar:<\/span><\/p>\n<p class=\"p1\"><span class=\"s1\"><i>Por favor, tengan en cuenta que estas recomendaciones, redactadas el 4 de abril de 2020 y actualizadas el 26 de mayo de 2020, contemplan las directrices sobre la prevenci\u00f3n de la propagaci\u00f3n de COVID-19 que se van actualizando continuamente. Busquen en su gobierno local, en su instituci\u00f3n y en la <\/i><a href=\"https:\/\/www.who.int\/docs\/default-source\/coronaviruse\/advice-for-workplace-clean-19-03-2020.pdf\"><span class=\"s2\"><i>OMS<\/i><\/span><\/a><i>, la informaci\u00f3n m\u00e1s actualizada sobre comportamiento seguros y procedimientos a seguir.<\/i><\/span><\/p>\n<div class=\"separator\">\n<p class=\"p1\"><span class=\"s1\"><b>En general<\/b><\/span><\/p>\n<\/div>\n<ol class=\"ol1\">\n<li><span style=\"color: #474747; font-family: Georgia; font-size: 15px;\">Recomendaciones en todo el mundo exhortan a las instituciones p\u00fablicas a cerrar hasta que la amenaza del coronavirus deje de ser un problema. <b>S\u00f3lo el personal esencial debe permanecer en su instituci\u00f3n.<\/b> Esto puede incluir seguridad, ingenier\u00eda y, ocasionalmente, conservadores o administradores de colecciones.\u00a0Para los museos autorizados a reabrir, en los pa\u00edses en que la situaci\u00f3n lo permita, hemos publicado algunas <a href=\"https:\/\/icom.museum\/es\/news\/prepararse-para-la-reapertura-garantizar-la-seguridad-del-publico-y-del-personal\/\">medidas b\u00e1sicas<\/a> que pueden adoptarse para proteger la salud tanto de los visitantes como del personal.<\/span><\/li>\n<li><span style=\"color: #474747; font-family: Georgia; font-size: 15px;\">Preparen listas de personal\/expertos que estar\u00e1n en servicio regular y otros que est\u00e9n disponibles. <b>Establezcan colaboraciones con los museos cercanos<\/b> o instituciones similares para realizar los reemplazos de personal necesarios o los arreglos en caso de que los miembros del personal de un museo se infecten.<\/span><\/li>\n<li><span style=\"color: #474747; font-family: Georgia; font-size: 15px;\">Investigaciones sobre el deterioro del virus est\u00e1n en desarrollo, por lo que los datos se basan en los resultados de anteriores investigaciones sobre el coronavirus humano: el virus podr\u00eda perder la mayor parte de su infectividad en seis d\u00edas y toda su infectividad en nueve d\u00edas a temperatura ambiente.<\/span><\/li>\n<li><span style=\"color: #474747; font-family: Georgia; font-size: 15px;\"><strong>Realicen una limpieza m\u00e1s frecuente de las zonas a las que la gente tiene acceso diariamente<\/strong><\/span><\/li>\n<li><span style=\"color: #474747; font-family: Georgia; font-size: 15px;\">Consideren la posibilidad de cambiar los filtros de los sistemas de calefacci\u00f3n, ventilaci\u00f3n y aire acondicionado. Si estos sistemas no est\u00e1n instalados, consideren otro tipo de <b>ventilaci\u00f3n regular y controlada<\/b> para las colecciones y los almacenes.<\/span><\/li>\n<li><span style=\"color: #474747; font-family: Georgia; font-size: 15px;\">En el caso de infecciones comprobadas, pongan en <b>cuarentena<\/b> las \u00e1reas afectadas por lo menos durante dos semanas o hasta que su acceso sea seguro.<\/span><\/li>\n<\/ol>\n<p><img loading=\"lazy\" decoding=\"async\" class=\"aligncenter size-large wp-image-37522\" src=\"https:\/\/icom.museum\/wp-content\/uploads\/2020\/04\/A_visitor_in_the_Louvre_Museum_Paris_27_April_2013-1024x683.jpg\" alt=\"\" width=\"1024\" height=\"683\" srcset=\"https:\/\/icom.museum\/wp-content\/uploads\/2020\/04\/A_visitor_in_the_Louvre_Museum_Paris_27_April_2013-1024x683.jpg 1024w, https:\/\/icom.museum\/wp-content\/uploads\/2020\/04\/A_visitor_in_the_Louvre_Museum_Paris_27_April_2013-300x200.jpg 300w, https:\/\/icom.museum\/wp-content\/uploads\/2020\/04\/A_visitor_in_the_Louvre_Museum_Paris_27_April_2013-768x512.jpg 768w, https:\/\/icom.museum\/wp-content\/uploads\/2020\/04\/A_visitor_in_the_Louvre_Museum_Paris_27_April_2013.jpg 1280w\" sizes=\"(max-width: 1024px) 100vw, 1024px\" \/><\/p>\n<div class=\"separator\">\n<p class=\"p1\"><span class=\"s1\"><b>En los espacios de exposici\u00f3n<\/b><\/span><\/p>\n<\/div>\n<p class=\"p1\"><span class=\"s1\">Si en su museo se est\u00e1 preparando la reapertura, le invitamos a consultar <a href=\"https:\/\/icom.museum\/es\/news\/prepararse-para-la-reapertura-garantizar-la-seguridad-del-publico-y-del-personal\/\">este articulo<\/a>. Con respecto a las medidas de conservaci\u00f3n en un contexto de reapertura, por favor consideren instituir lo siguiente:<\/span><\/p>\n<ul class=\"ul1\">\n<li><span style=\"color: #474747; font-family: Georgia; font-size: 15px;\">Organicen una limpieza de polvo de todas las salas del museo, as\u00ed como una limpieza meticulosa de todas las superficies (vitrinas, pomos de las puertas, ascensores, pasamanos, etc.) antes de abrirlas al p\u00fablico.<\/span><\/li>\n<li><span style=\"color: #474747; font-family: Georgia; font-size: 15px;\">Sigan las instrucciones habituales con respecto a la limpieza en seco y h\u00famedo, pero aumenten la frecuencia de la limpieza por lo menos a una vez al d\u00eda.<\/span><\/li>\n<li><span style=\"color: #474747; font-family: Georgia; font-size: 15px;\">En cuanto a las vitrinas y superficies an\u00e1logas, se pueden aplicar agua, jab\u00f3n y spray desinfectante (es decir, alcohol isoprop\u00edlico al 70% o etanol), siempre que no se apliquen a los objetos expuestos. Tengan cuidado con los materiales y revestimientos sensibles al alcohol (plexigl\u00e1s, barnices de laca, etc.).<\/span><\/li>\n<li><span style=\"color: #474747; font-family: Georgia; font-size: 15px;\">Aseg\u00farense de que el personal de limpieza est\u00e9 preparado. Si es posible, recurran a empleados que ya est\u00e9n familiarizados con las colecciones y los procedimientos de limpieza adecuados.<\/span><\/li>\n<li><span style=\"color: #474747; font-family: Georgia; font-size: 15px;\">Los objetos expuestos s\u00f3lo deben ser limpiados por conservadores o profesionales debidamente formados.<\/span><\/li>\n<li><span style=\"color: #474747; font-family: Georgia; font-size: 15px;\">Restrinjan el acceso a las instalaciones y espacios que no puedan ser limpiados o desinfectados completamente y\/o despu\u00e9s de cada uso.<\/span><\/li>\n<li><span style=\"color: #474747; font-family: Georgia; font-size: 15px;\">Como es necesario aumentar la vigilancia para la conservaci\u00f3n adecuada de las obras y su seguridad, se puede considerar la posibilidad de adaptar el n\u00famero de personal de seguridad en los espacios del museo.<\/span><\/li>\n<\/ul>\n<div class=\"separator\">\n<p><strong>En las zonas de almacenamiento y de trabajo (sin acceso p\u00fablico)<\/strong><\/p>\n<\/div>\n<p class=\"p1\">Incluso en el caso de una reapertura, el museo funcionar\u00e1 en condiciones especiales y con una presencia de personal limitada:<\/p>\n<ul class=\"ul1\">\n<li><span style=\"color: #474747; font-family: Georgia; font-size: 15px;\">Aseg\u00farense de que todo el personal tenga f\u00e1cil acceso a las instalaciones para lavarse las manos con agua caliente y jab\u00f3n, gel desinfectante y guantes desechables.<\/span><\/li>\n<li><span style=\"color: #474747; font-family: Georgia; font-size: 15px;\">Aseg\u00farense de que s\u00f3lo un n\u00famero limitado de personas trabajen en la misma habitaci\u00f3n, manteniendo la distancia necesaria. Generalmente, se recomienda 1,5-2 m como distancia entre individuos.<\/span><\/li>\n<li><span style=\"color: #474747; font-family: Georgia; font-size: 15px;\">Los grupos m\u00e1s grandes pueden dividirse y trabajar en d\u00edas alternos para mantener una distancia segura entre ellos.<\/span><\/li>\n<li><span style=\"color: #474747; font-family: Georgia; font-size: 15px;\">Dividan al personal en equipos donde s\u00f3lo los miembros del mismo equipo trabajen juntos.<\/span><\/li>\n<li><span style=\"color: #474747; font-family: Georgia; font-size: 15px;\">Laven y desinfecten con gran frecuencia superficies duras, manijas, perillas de puertas, interruptores de luz, m\u00e1quinas de caf\u00e9 y otros objetos an\u00e1logos.<\/span><\/li>\n<li><span style=\"color: #474747; font-family: Georgia; font-size: 15px;\">Se deben siempre llevar m\u00e1scaras, incluso las de tela casera.<\/span><\/li>\n<li><span style=\"color: #474747; font-family: Georgia; font-size: 15px;\">Pospongan en la medida de lo posible las reuniones, los comit\u00e9s de adquisici\u00f3n, las restauraciones, las obras de construcci\u00f3n, las asambleas o cualquier otra actividad que no sea indispensable para la buena conservaci\u00f3n de las obras.<\/span><\/li>\n<li><span style=\"color: #474747; font-family: Georgia; font-size: 15px;\">Limiten el manejo de las colecciones, si es posible.<\/span><\/li>\n<li><span style=\"color: #474747; font-family: Georgia; font-size: 15px;\">Consideren la posibilidad de extender sus pr\u00e9stamos &#8211; siempre que las obras sean seguras &#8211; para evitar el transporte y la manipulaci\u00f3n. La presentaci\u00f3n de las colecciones permanentes tendr\u00e1 prioridad sobre las exposiciones temporales hasta que la situaci\u00f3n sanitaria vuelva a la normalidad.<\/span><\/li>\n<li><span style=\"color: #474747; font-family: Georgia; font-size: 15px;\">Los museos deber\u00edan tener un \u00e1rea de cuarentena para los objetos. Esta \u00e1rea debe tener estanter\u00edas, armarios, cajas vac\u00edas, donde los objetos implicados con un m\u00ednimo de contacto\/manipulaci\u00f3n puedan separarse de la colecci\u00f3n principal, as\u00ed como un sistema de marcaci\u00f3n sencillo que indique las fechas, la denominaci\u00f3n del objeto y la raz\u00f3n por la que el objeto ha sido puesto en cuarentena.<\/span><\/li>\n<\/ul>\n<p><a href=\"https:\/\/www.aliph-foundation.org\/en\"><img loading=\"lazy\" decoding=\"async\" class=\"aligncenter size-full wp-image-38604\" src=\"https:\/\/icom.museum\/wp-content\/uploads\/2020\/05\/2-2.png\" alt=\"\" width=\"560\" height=\"315\" srcset=\"https:\/\/icom.museum\/wp-content\/uploads\/2020\/05\/2-2.png 560w, https:\/\/icom.museum\/wp-content\/uploads\/2020\/05\/2-2-300x169.png 300w\" sizes=\"(max-width: 560px) 100vw, 560px\" \/><\/a><\/p>\n","protected":false},"excerpt":{"rendered":"<p>La pandemia de COVID-19 est\u00e1 afectando al sector de los museos en formas que a\u00fan no podemos predecir plenamente, especialmente en lo que concierne a las p\u00e9rdidas econ\u00f3micas. Sin embargo, en este momento, el confinamiento y la ausencia de la mayor parte del personal ya puede provocar graves repercusiones en la conservaci\u00f3n y la seguridad [&hellip;]<\/p>\n","protected":false},"author":3334,"featured_media":0,"parent":37724,"menu_order":0,"comment_status":"closed","ping_status":"closed","template":"","meta":{"inline_featured_image":false,"footnotes":""},"class_list":["post-37589","page","type-page","status-publish","hentry"],"acf":[],"yoast_head":"<!-- This site is optimized with the Yoast SEO plugin v23.7 - https:\/\/yoast.com\/wordpress\/plugins\/seo\/ -->\n<title>Conservaci\u00f3n en los museos - International Council of Museums<\/title>\n<meta name=\"robots\" content=\"index, follow, max-snippet:-1, max-image-preview:large, max-video-preview:-1\" \/>\n<link rel=\"canonical\" href=\"https:\/\/icom.museum\/es\/covid-19\/recursos\/conservacion-en-los-museos\/\" \/>\n<meta property=\"og:locale\" content=\"es_ES\" \/>\n<meta property=\"og:type\" content=\"article\" \/>\n<meta property=\"og:title\" content=\"Conservaci\u00f3n en los museos - International Council of Museums\" \/>\n<meta property=\"og:description\" content=\"La pandemia de COVID-19 est\u00e1 afectando al sector de los museos en formas que a\u00fan no podemos predecir plenamente, especialmente en lo que concierne a las p\u00e9rdidas econ\u00f3micas. Sin embargo, en este momento, el confinamiento y la ausencia de la mayor parte del personal ya puede provocar graves repercusiones en la conservaci\u00f3n y la seguridad [&hellip;]\" \/>\n<meta property=\"og:url\" content=\"https:\/\/icom.museum\/es\/covid-19\/recursos\/conservacion-en-los-museos\/\" \/>\n<meta property=\"og:site_name\" content=\"International Council of Museums\" \/>\n<meta property=\"article:modified_time\" content=\"2020-05-26T15:57:09+00:00\" \/>\n<meta property=\"og:image\" content=\"https:\/\/icom.museum\/wp-content\/uploads\/2020\/04\/A_visitor_in_the_Louvre_Museum_Paris_27_April_2013.jpg\" \/>\n\t<meta property=\"og:image:width\" content=\"1280\" \/>\n\t<meta property=\"og:image:height\" content=\"854\" \/>\n\t<meta property=\"og:image:type\" content=\"image\/jpeg\" \/>\n<meta name=\"twitter:card\" content=\"summary_large_image\" \/>\n<meta name=\"twitter:label1\" content=\"Tiempo de lectura\" \/>\n\t<meta name=\"twitter:data1\" content=\"6 minutos\" \/>\n<script type=\"application\/ld+json\" class=\"yoast-schema-graph\">{\"@context\":\"https:\/\/schema.org\",\"@graph\":[{\"@type\":\"WebPage\",\"@id\":\"https:\/\/icom.museum\/es\/covid-19\/recursos\/conservacion-en-los-museos\/\",\"url\":\"https:\/\/icom.museum\/es\/covid-19\/recursos\/conservacion-en-los-museos\/\",\"name\":\"Conservaci\u00f3n en los museos - International Council of Museums\",\"isPartOf\":{\"@id\":\"https:\/\/icom.museum\/en\/#website\"},\"primaryImageOfPage\":{\"@id\":\"https:\/\/icom.museum\/es\/covid-19\/recursos\/conservacion-en-los-museos\/#primaryimage\"},\"image\":{\"@id\":\"https:\/\/icom.museum\/es\/covid-19\/recursos\/conservacion-en-los-museos\/#primaryimage\"},\"thumbnailUrl\":\"https:\/\/icom.museum\/wp-content\/uploads\/2020\/04\/A_visitor_in_the_Louvre_Museum_Paris_27_April_2013-1024x683.jpg\",\"datePublished\":\"2020-04-14T15:08:15+00:00\",\"dateModified\":\"2020-05-26T15:57:09+00:00\",\"breadcrumb\":{\"@id\":\"https:\/\/icom.museum\/es\/covid-19\/recursos\/conservacion-en-los-museos\/#breadcrumb\"},\"inLanguage\":\"es\",\"potentialAction\":[{\"@type\":\"ReadAction\",\"target\":[\"https:\/\/icom.museum\/es\/covid-19\/recursos\/conservacion-en-los-museos\/\"]}]},{\"@type\":\"ImageObject\",\"inLanguage\":\"es\",\"@id\":\"https:\/\/icom.museum\/es\/covid-19\/recursos\/conservacion-en-los-museos\/#primaryimage\",\"url\":\"https:\/\/icom.museum\/wp-content\/uploads\/2020\/04\/A_visitor_in_the_Louvre_Museum_Paris_27_April_2013-1024x683.jpg\",\"contentUrl\":\"https:\/\/icom.museum\/wp-content\/uploads\/2020\/04\/A_visitor_in_the_Louvre_Museum_Paris_27_April_2013-1024x683.jpg\"},{\"@type\":\"BreadcrumbList\",\"@id\":\"https:\/\/icom.museum\/es\/covid-19\/recursos\/conservacion-en-los-museos\/#breadcrumb\",\"itemListElement\":[{\"@type\":\"ListItem\",\"position\":1,\"name\":\"Home\",\"item\":\"https:\/\/icom.museum\/es\/\"},{\"@type\":\"ListItem\",\"position\":2,\"name\":\"COVID-19\",\"item\":\"https:\/\/icom.museum\/es\/covid-19\/\"},{\"@type\":\"ListItem\",\"position\":3,\"name\":\"Recomendaciones\",\"item\":\"https:\/\/icom.museum\/es\/covid-19\/recursos\/\"},{\"@type\":\"ListItem\",\"position\":4,\"name\":\"Conservaci\u00f3n en los museos\"}]},{\"@type\":\"WebSite\",\"@id\":\"https:\/\/icom.museum\/en\/#website\",\"url\":\"https:\/\/icom.museum\/en\/\",\"name\":\"International Council of Museums\",\"description\":\"A global organisation of museums &amp; museum professionals committed to the promotion and protection of cultural heritage\",\"publisher\":{\"@id\":\"https:\/\/icom.museum\/en\/#organization\"},\"potentialAction\":[{\"@type\":\"SearchAction\",\"target\":{\"@type\":\"EntryPoint\",\"urlTemplate\":\"https:\/\/icom.museum\/en\/?s={search_term_string}\"},\"query-input\":{\"@type\":\"PropertyValueSpecification\",\"valueRequired\":true,\"valueName\":\"search_term_string\"}}],\"inLanguage\":\"es\"},{\"@type\":\"Organization\",\"@id\":\"https:\/\/icom.museum\/en\/#organization\",\"name\":\"International Council of Museums\",\"url\":\"https:\/\/icom.museum\/en\/\",\"logo\":{\"@type\":\"ImageObject\",\"inLanguage\":\"es\",\"@id\":\"https:\/\/icom.museum\/en\/#\/schema\/logo\/image\/\",\"url\":\"https:\/\/icom.museum\/wp-content\/uploads\/2018\/07\/ICOM_M_.jpg\",\"contentUrl\":\"https:\/\/icom.museum\/wp-content\/uploads\/2018\/07\/ICOM_M_.jpg\",\"width\":1721,\"height\":1721,\"caption\":\"International Council of Museums\"},\"image\":{\"@id\":\"https:\/\/icom.museum\/en\/#\/schema\/logo\/image\/\"}}]}<\/script>\n<!-- \/ Yoast SEO plugin. -->","yoast_head_json":{"title":"Conservaci\u00f3n en los museos - International Council of Museums","robots":{"index":"index","follow":"follow","max-snippet":"max-snippet:-1","max-image-preview":"max-image-preview:large","max-video-preview":"max-video-preview:-1"},"canonical":"https:\/\/icom.museum\/es\/covid-19\/recursos\/conservacion-en-los-museos\/","og_locale":"es_ES","og_type":"article","og_title":"Conservaci\u00f3n en los museos - International Council of Museums","og_description":"La pandemia de COVID-19 est\u00e1 afectando al sector de los museos en formas que a\u00fan no podemos predecir plenamente, especialmente en lo que concierne a las p\u00e9rdidas econ\u00f3micas. Sin embargo, en este momento, el confinamiento y la ausencia de la mayor parte del personal ya puede provocar graves repercusiones en la conservaci\u00f3n y la seguridad [&hellip;]","og_url":"https:\/\/icom.museum\/es\/covid-19\/recursos\/conservacion-en-los-museos\/","og_site_name":"International Council of Museums","article_modified_time":"2020-05-26T15:57:09+00:00","og_image":[{"width":1280,"height":854,"url":"https:\/\/icom.museum\/wp-content\/uploads\/2020\/04\/A_visitor_in_the_Louvre_Museum_Paris_27_April_2013.jpg","type":"image\/jpeg"}],"twitter_card":"summary_large_image","twitter_misc":{"Tiempo de lectura":"6 minutos"},"schema":{"@context":"https:\/\/schema.org","@graph":[{"@type":"WebPage","@id":"https:\/\/icom.museum\/es\/covid-19\/recursos\/conservacion-en-los-museos\/","url":"https:\/\/icom.museum\/es\/covid-19\/recursos\/conservacion-en-los-museos\/","name":"Conservaci\u00f3n en los museos - International Council of Museums","isPartOf":{"@id":"https:\/\/icom.museum\/en\/#website"},"primaryImageOfPage":{"@id":"https:\/\/icom.museum\/es\/covid-19\/recursos\/conservacion-en-los-museos\/#primaryimage"},"image":{"@id":"https:\/\/icom.museum\/es\/covid-19\/recursos\/conservacion-en-los-museos\/#primaryimage"},"thumbnailUrl":"https:\/\/icom.museum\/wp-content\/uploads\/2020\/04\/A_visitor_in_the_Louvre_Museum_Paris_27_April_2013-1024x683.jpg","datePublished":"2020-04-14T15:08:15+00:00","dateModified":"2020-05-26T15:57:09+00:00","breadcrumb":{"@id":"https:\/\/icom.museum\/es\/covid-19\/recursos\/conservacion-en-los-museos\/#breadcrumb"},"inLanguage":"es","potentialAction":[{"@type":"ReadAction","target":["https:\/\/icom.museum\/es\/covid-19\/recursos\/conservacion-en-los-museos\/"]}]},{"@type":"ImageObject","inLanguage":"es","@id":"https:\/\/icom.museum\/es\/covid-19\/recursos\/conservacion-en-los-museos\/#primaryimage","url":"https:\/\/icom.museum\/wp-content\/uploads\/2020\/04\/A_visitor_in_the_Louvre_Museum_Paris_27_April_2013-1024x683.jpg","contentUrl":"https:\/\/icom.museum\/wp-content\/uploads\/2020\/04\/A_visitor_in_the_Louvre_Museum_Paris_27_April_2013-1024x683.jpg"},{"@type":"BreadcrumbList","@id":"https:\/\/icom.museum\/es\/covid-19\/recursos\/conservacion-en-los-museos\/#breadcrumb","itemListElement":[{"@type":"ListItem","position":1,"name":"Home","item":"https:\/\/icom.museum\/es\/"},{"@type":"ListItem","position":2,"name":"COVID-19","item":"https:\/\/icom.museum\/es\/covid-19\/"},{"@type":"ListItem","position":3,"name":"Recomendaciones","item":"https:\/\/icom.museum\/es\/covid-19\/recursos\/"},{"@type":"ListItem","position":4,"name":"Conservaci\u00f3n en los museos"}]},{"@type":"WebSite","@id":"https:\/\/icom.museum\/en\/#website","url":"https:\/\/icom.museum\/en\/","name":"International Council of Museums","description":"A global organisation of museums &amp; museum professionals committed to the promotion and protection of cultural heritage","publisher":{"@id":"https:\/\/icom.museum\/en\/#organization"},"potentialAction":[{"@type":"SearchAction","target":{"@type":"EntryPoint","urlTemplate":"https:\/\/icom.museum\/en\/?s={search_term_string}"},"query-input":{"@type":"PropertyValueSpecification","valueRequired":true,"valueName":"search_term_string"}}],"inLanguage":"es"},{"@type":"Organization","@id":"https:\/\/icom.museum\/en\/#organization","name":"International Council of Museums","url":"https:\/\/icom.museum\/en\/","logo":{"@type":"ImageObject","inLanguage":"es","@id":"https:\/\/icom.museum\/en\/#\/schema\/logo\/image\/","url":"https:\/\/icom.museum\/wp-content\/uploads\/2018\/07\/ICOM_M_.jpg","contentUrl":"https:\/\/icom.museum\/wp-content\/uploads\/2018\/07\/ICOM_M_.jpg","width":1721,"height":1721,"caption":"International Council of Museums"},"image":{"@id":"https:\/\/icom.museum\/en\/#\/schema\/logo\/image\/"}}]}},"_links":{"self":[{"href":"https:\/\/icom.museum\/es\/wp-json\/wp\/v2\/pages\/37589"}],"collection":[{"href":"https:\/\/icom.museum\/es\/wp-json\/wp\/v2\/pages"}],"about":[{"href":"https:\/\/icom.museum\/es\/wp-json\/wp\/v2\/types\/page"}],"author":[{"embeddable":true,"href":"https:\/\/icom.museum\/es\/wp-json\/wp\/v2\/users\/3334"}],"replies":[{"embeddable":true,"href":"https:\/\/icom.museum\/es\/wp-json\/wp\/v2\/comments?post=37589"}],"version-history":[{"count":31,"href":"https:\/\/icom.museum\/es\/wp-json\/wp\/v2\/pages\/37589\/revisions"}],"predecessor-version":[{"id":38607,"href":"https:\/\/icom.museum\/es\/wp-json\/wp\/v2\/pages\/37589\/revisions\/38607"}],"up":[{"embeddable":true,"href":"https:\/\/icom.museum\/es\/wp-json\/wp\/v2\/pages\/37724"}],"wp:attachment":[{"href":"https:\/\/icom.museum\/es\/wp-json\/wp\/v2\/media?parent=37589"}],"curies":[{"name":"wp","href":"https:\/\/api.w.org\/{rel}","templated":true}]}}