{"id":37608,"date":"2020-04-14T17:27:57","date_gmt":"2020-04-14T15:27:57","guid":{"rendered":"https:\/\/icom.museum\/survey-museums-and-museum-professionals\/"},"modified":"2020-05-28T10:39:55","modified_gmt":"2020-05-28T08:39:55","slug":"survey-museums-and-museum-professionals","status":"publish","type":"page","link":"https:\/\/icom.museum\/es\/covid-19\/encuestas-y-datos\/survey-museums-and-museum-professionals\/","title":{"rendered":"Encuesta: museos, profesionales de los museos y COVID-19"},"content":{"rendered":"<h3>El ICOM y la UNESCO publican sus informes completos<\/h3>\n<p><strong>La pandemia de COVID-19 ha interrumpido las actividades de los museos en todo el mundo, amenazando su supervivencia financiera as\u00ed como el sustento de miles de profesionales de los museos.<\/strong><\/p>\n<p>Para reunir informaciones sobre la forma en que el actual brote de COVID-19 est\u00e1 afectando y afectar\u00e1 al sector cultural a corto y largo plazo, el ICOM puso en marcha una encuesta mundial para analizar el impacto del confinamiento en torno a 5 temas: la situaci\u00f3n de los museos y de su personal, el impacto econ\u00f3mico previsto, la tecnolog\u00eda digital y la comunicaci\u00f3n, la seguridad y la conservaci\u00f3n de las colecciones, los profesionales independientes de los museos.<\/p>\n<p>En el informe se analizaron alrededor de 1.600 respuestas entregadas entre el 7 de abril y el 7 de mayo por museos y profesionales de los museos desde 107 pa\u00edses y cinco continentes.<\/p>\n<p>Paralelamente, el informe de la UNESCO &#8220;<a href=\"https:\/\/en.unesco.org\/news\/launch-unesco-report-museums-around-world-face-covid-19\">Museos en el mundo frente el COVID-19<\/a>&#8221; (mayo de 2020) contiene los resultados de la encuesta mundial de la UNESCO sobre el impacto del COVID-19 en los museos. El informe ofrece nuevas perspectivas sobre las cifras y las principales tendencias de los museos de todo el mundo, las medidas que han adoptado los museos en respuesta a la pandemia y las acciones propuestas para las secuelas de la crisis. En el informe se subraya la capacidad de resiliencia de los museos, as\u00ed como los retos a los que se enfrentan en sus esfuerzos por seguir promoviendo el acceso a la cultura<\/p>\n<p><span class=\"link_red\"><a href=\"https:\/\/icom.museum\/wp-content\/uploads\/2020\/05\/Informe-museos-y-COVID-19.pdf\">Lea el informe ICOM completo<\/a><\/span><\/p>\n<p><span class=\"link_yellow\"><a href=\"https:\/\/icom.museum\/wp-content\/uploads\/2020\/05\/ICOM-Survey-Comunicado-de-prensa-1.pdf\">Comunicado de prensa<\/a><\/span><\/p>\n<div class=\"separator\">\n<p>Resumen de las conclusiones<\/p>\n<\/div>\n<ul>\n<li>En abril, <b>casi todos los museos del mundo permanecieron cerrados<\/b> a causa de la pandemia de COVID-19, seg\u00fan el 94,7% de los encuestados.<\/li>\n<li>Durante el confinamiento,<b> muchos museos reforzaron sus actividades digitales<\/b>. Aunque casi la mitad de los encuestados respondieron que su museo ya estaba presente en los medios sociales o compart\u00eda sus colecciones en l\u00ednea antes del confinamiento, las actividades de comunicaci\u00f3n digital aumentaron al menos en el 15% de los museos. En particular,<b> m\u00e1s de la mitad de los museos decidieron reforzar sus actividades en las redes sociales<\/b>.<\/li>\n<li><b>La mayor\u00eda de los profesionales de los museos siguen trabajando desde casa<\/b>: en el 84% de los museos, al menos una parte del personal trabaj\u00f3 desde casa durante el confinamiento.<\/li>\n<li>La situaci\u00f3n de los empleados permanentes parece relativamente estable. A\u00fan as\u00ed, en el 6% de los casos los contratos no fueron renovados o terminados.<\/li>\n<li><b>La situaci\u00f3n de los profesionales aut\u00f3nomos de los museos es alarmante<\/b>: el 16,1% de los encuestados fue despedido provisionalmente, y al 22,6% no se les renov\u00f3 su contrato. <b>El sector de los aut\u00f3nomos es muy fr\u00e1gil<\/b>: el 56,4% de los encuestados declar\u00f3 que tendr\u00e1 que suspender el pago de su propio salario como resultado de la crisis; el 39,4% dijo que se ir\u00e1 reduciendo el personal en sus empresas.<\/li>\n<li>Del mismo modo,<b> casi todos los museos del mundo reducir\u00e1n sus actividades <\/b>a causa de la pandemia de COVID-19;<b> casi un tercio entre ellos reducir\u00e1 su personal y m\u00e1s de una d\u00e9cima parte se ver\u00e1 obligada a cerrar permanentemente<\/b>. El 82,6% de los encuestados estima que se tendr\u00e1n que reducir los programas de los museos y el 29,8% prev\u00e9 recortes del personal. El 12,8% de los participantes teme que su museo pueda cerrar.<\/li>\n<li>Los<b> cierres afectan especialmente a las regiones donde los museos son menos por cantidad y m\u00e1s recientes, <\/b>con estructuras de gesti\u00f3n todav\u00eda fr\u00e1giles<b>: <\/b>entre los encuestados<b> de los pa\u00edses africanos, asi\u00e1ticos y \u00e1rabes,<\/b> el 24, el 27 y el 39%, respectivamente, teme que los museos puedan cerrar, en comparaci\u00f3n con s\u00f3lo el 12, el 10 y el 8% de Am\u00e9rica Latina y Caribe, de Am\u00e9rica del Norte y de Europa.<\/li>\n<li>En general, la<b> seguridad y la conservaci\u00f3n del patrimonio de los museos continu\u00f3 durante el confinamiento<\/b>: alrededor del 80% de los encuestados dijo que se mantuvieron o incluso aumentaron las medidas de seguridad y conservaci\u00f3n, para hacer frente a la falta de personal <i>in situ<\/i>. Sin embargo,<b> en \u00c1frica, en Am\u00e9rica Latina y en el Caribe estas medidas son consideradas insuficientes<\/b> casi por el 20% de los encuestados.<\/li>\n<\/ul>\n<p>Una vez m\u00e1s, el ICOM, en representaci\u00f3n de la comunidad internacional de los museos, exhorta a los responsables pol\u00edticos y de la toma de decisiones a que se asignen urgentemente fondos de ayuda para salvar a los museos y a sus profesionales, de modo que puedan sobrevivir a esta crisis y continuar su vital misi\u00f3n de servicio p\u00fablico. El proceso de restauraci\u00f3n social y econ\u00f3mica de nuestras sociedades despu\u00e9s del brote de COVID-19 ser\u00e1 largo y complejo. Los museos, como lugares incomparables de encuentro y aprendizaje para todos, tendr\u00e1n un importante papel en la reparaci\u00f3n y en el fortalecimiento del tejido social de las comunidades afectadas.<\/p>\n","protected":false},"excerpt":{"rendered":"<p>El ICOM y la UNESCO publican sus informes completos La pandemia de COVID-19 ha interrumpido las actividades de los museos en todo el mundo, amenazando su supervivencia financiera as\u00ed como el sustento de miles de profesionales de los museos. Para reunir informaciones sobre la forma en que el actual brote de COVID-19 est\u00e1 afectando y [&hellip;]<\/p>\n","protected":false},"author":3334,"featured_media":0,"parent":37924,"menu_order":0,"comment_status":"closed","ping_status":"closed","template":"","meta":{"inline_featured_image":false,"footnotes":""},"class_list":["post-37608","page","type-page","status-publish","hentry"],"acf":[],"yoast_head":"<!-- This site is optimized with the Yoast SEO plugin v23.7 - https:\/\/yoast.com\/wordpress\/plugins\/seo\/ -->\n<title>Encuesta: museos, profesionales de los museos y COVID-19 - International Council of Museums<\/title>\n<meta name=\"robots\" content=\"index, follow, max-snippet:-1, max-image-preview:large, max-video-preview:-1\" \/>\n<link rel=\"canonical\" href=\"https:\/\/icom.museum\/es\/covid-19\/encuestas-y-datos\/survey-museums-and-museum-professionals\/\" \/>\n<meta property=\"og:locale\" content=\"es_ES\" \/>\n<meta property=\"og:type\" content=\"article\" \/>\n<meta property=\"og:title\" content=\"Encuesta: museos, profesionales de los museos y COVID-19 - International Council of Museums\" \/>\n<meta property=\"og:description\" content=\"El ICOM y la UNESCO publican sus informes completos La pandemia de COVID-19 ha interrumpido las actividades de los museos en todo el mundo, amenazando su supervivencia financiera as\u00ed como el sustento de miles de profesionales de los museos. Para reunir informaciones sobre la forma en que el actual brote de COVID-19 est\u00e1 afectando y [&hellip;]\" \/>\n<meta property=\"og:url\" content=\"https:\/\/icom.museum\/es\/covid-19\/encuestas-y-datos\/survey-museums-and-museum-professionals\/\" \/>\n<meta property=\"og:site_name\" content=\"International Council of Museums\" \/>\n<meta property=\"article:modified_time\" content=\"2020-05-28T08:39:55+00:00\" \/>\n<meta property=\"og:image\" content=\"https:\/\/icom.museum\/wp-content\/uploads\/2020\/05\/ioana-cristiana-FFBkz2lOTkE-unsplash.jpg\" \/>\n<meta name=\"twitter:card\" content=\"summary_large_image\" \/>\n<meta name=\"twitter:label1\" content=\"Tiempo de lectura\" \/>\n\t<meta name=\"twitter:data1\" content=\"4 minutos\" \/>\n<script type=\"application\/ld+json\" class=\"yoast-schema-graph\">{\"@context\":\"https:\/\/schema.org\",\"@graph\":[{\"@type\":\"WebPage\",\"@id\":\"https:\/\/icom.museum\/es\/covid-19\/encuestas-y-datos\/survey-museums-and-museum-professionals\/\",\"url\":\"https:\/\/icom.museum\/es\/covid-19\/encuestas-y-datos\/survey-museums-and-museum-professionals\/\",\"name\":\"Encuesta: museos, profesionales de los museos y COVID-19 - International Council of Museums\",\"isPartOf\":{\"@id\":\"https:\/\/icom.museum\/en\/#website\"},\"datePublished\":\"2020-04-14T15:27:57+00:00\",\"dateModified\":\"2020-05-28T08:39:55+00:00\",\"breadcrumb\":{\"@id\":\"https:\/\/icom.museum\/es\/covid-19\/encuestas-y-datos\/survey-museums-and-museum-professionals\/#breadcrumb\"},\"inLanguage\":\"es\",\"potentialAction\":[{\"@type\":\"ReadAction\",\"target\":[\"https:\/\/icom.museum\/es\/covid-19\/encuestas-y-datos\/survey-museums-and-museum-professionals\/\"]}]},{\"@type\":\"BreadcrumbList\",\"@id\":\"https:\/\/icom.museum\/es\/covid-19\/encuestas-y-datos\/survey-museums-and-museum-professionals\/#breadcrumb\",\"itemListElement\":[{\"@type\":\"ListItem\",\"position\":1,\"name\":\"Home\",\"item\":\"https:\/\/icom.museum\/es\/\"},{\"@type\":\"ListItem\",\"position\":2,\"name\":\"COVID-19\",\"item\":\"https:\/\/icom.museum\/es\/covid-19\/\"},{\"@type\":\"ListItem\",\"position\":3,\"name\":\"Encuestas y datos\",\"item\":\"https:\/\/icom.museum\/es\/covid-19\/encuestas-y-datos\/\"},{\"@type\":\"ListItem\",\"position\":4,\"name\":\"Encuesta: museos, profesionales de los museos y COVID-19\"}]},{\"@type\":\"WebSite\",\"@id\":\"https:\/\/icom.museum\/en\/#website\",\"url\":\"https:\/\/icom.museum\/en\/\",\"name\":\"International Council of Museums\",\"description\":\"A global organisation of museums &amp; museum professionals committed to the promotion and protection of cultural heritage\",\"publisher\":{\"@id\":\"https:\/\/icom.museum\/en\/#organization\"},\"potentialAction\":[{\"@type\":\"SearchAction\",\"target\":{\"@type\":\"EntryPoint\",\"urlTemplate\":\"https:\/\/icom.museum\/en\/?s={search_term_string}\"},\"query-input\":{\"@type\":\"PropertyValueSpecification\",\"valueRequired\":true,\"valueName\":\"search_term_string\"}}],\"inLanguage\":\"es\"},{\"@type\":\"Organization\",\"@id\":\"https:\/\/icom.museum\/en\/#organization\",\"name\":\"International Council of Museums\",\"url\":\"https:\/\/icom.museum\/en\/\",\"logo\":{\"@type\":\"ImageObject\",\"inLanguage\":\"es\",\"@id\":\"https:\/\/icom.museum\/en\/#\/schema\/logo\/image\/\",\"url\":\"https:\/\/icom.museum\/wp-content\/uploads\/2018\/07\/ICOM_M_.jpg\",\"contentUrl\":\"https:\/\/icom.museum\/wp-content\/uploads\/2018\/07\/ICOM_M_.jpg\",\"width\":1721,\"height\":1721,\"caption\":\"International Council of Museums\"},\"image\":{\"@id\":\"https:\/\/icom.museum\/en\/#\/schema\/logo\/image\/\"}}]}<\/script>\n<!-- \/ Yoast SEO plugin. -->","yoast_head_json":{"title":"Encuesta: museos, profesionales de los museos y COVID-19 - International Council of Museums","robots":{"index":"index","follow":"follow","max-snippet":"max-snippet:-1","max-image-preview":"max-image-preview:large","max-video-preview":"max-video-preview:-1"},"canonical":"https:\/\/icom.museum\/es\/covid-19\/encuestas-y-datos\/survey-museums-and-museum-professionals\/","og_locale":"es_ES","og_type":"article","og_title":"Encuesta: museos, profesionales de los museos y COVID-19 - International Council of Museums","og_description":"El ICOM y la UNESCO publican sus informes completos La pandemia de COVID-19 ha interrumpido las actividades de los museos en todo el mundo, amenazando su supervivencia financiera as\u00ed como el sustento de miles de profesionales de los museos. Para reunir informaciones sobre la forma en que el actual brote de COVID-19 est\u00e1 afectando y [&hellip;]","og_url":"https:\/\/icom.museum\/es\/covid-19\/encuestas-y-datos\/survey-museums-and-museum-professionals\/","og_site_name":"International Council of Museums","article_modified_time":"2020-05-28T08:39:55+00:00","og_image":[{"url":"https:\/\/icom.museum\/wp-content\/uploads\/2020\/05\/ioana-cristiana-FFBkz2lOTkE-unsplash.jpg"}],"twitter_card":"summary_large_image","twitter_misc":{"Tiempo de lectura":"4 minutos"},"schema":{"@context":"https:\/\/schema.org","@graph":[{"@type":"WebPage","@id":"https:\/\/icom.museum\/es\/covid-19\/encuestas-y-datos\/survey-museums-and-museum-professionals\/","url":"https:\/\/icom.museum\/es\/covid-19\/encuestas-y-datos\/survey-museums-and-museum-professionals\/","name":"Encuesta: museos, profesionales de los museos y COVID-19 - International Council of Museums","isPartOf":{"@id":"https:\/\/icom.museum\/en\/#website"},"datePublished":"2020-04-14T15:27:57+00:00","dateModified":"2020-05-28T08:39:55+00:00","breadcrumb":{"@id":"https:\/\/icom.museum\/es\/covid-19\/encuestas-y-datos\/survey-museums-and-museum-professionals\/#breadcrumb"},"inLanguage":"es","potentialAction":[{"@type":"ReadAction","target":["https:\/\/icom.museum\/es\/covid-19\/encuestas-y-datos\/survey-museums-and-museum-professionals\/"]}]},{"@type":"BreadcrumbList","@id":"https:\/\/icom.museum\/es\/covid-19\/encuestas-y-datos\/survey-museums-and-museum-professionals\/#breadcrumb","itemListElement":[{"@type":"ListItem","position":1,"name":"Home","item":"https:\/\/icom.museum\/es\/"},{"@type":"ListItem","position":2,"name":"COVID-19","item":"https:\/\/icom.museum\/es\/covid-19\/"},{"@type":"ListItem","position":3,"name":"Encuestas y datos","item":"https:\/\/icom.museum\/es\/covid-19\/encuestas-y-datos\/"},{"@type":"ListItem","position":4,"name":"Encuesta: museos, profesionales de los museos y COVID-19"}]},{"@type":"WebSite","@id":"https:\/\/icom.museum\/en\/#website","url":"https:\/\/icom.museum\/en\/","name":"International Council of Museums","description":"A global organisation of museums &amp; museum professionals committed to the promotion and protection of cultural heritage","publisher":{"@id":"https:\/\/icom.museum\/en\/#organization"},"potentialAction":[{"@type":"SearchAction","target":{"@type":"EntryPoint","urlTemplate":"https:\/\/icom.museum\/en\/?s={search_term_string}"},"query-input":{"@type":"PropertyValueSpecification","valueRequired":true,"valueName":"search_term_string"}}],"inLanguage":"es"},{"@type":"Organization","@id":"https:\/\/icom.museum\/en\/#organization","name":"International Council of Museums","url":"https:\/\/icom.museum\/en\/","logo":{"@type":"ImageObject","inLanguage":"es","@id":"https:\/\/icom.museum\/en\/#\/schema\/logo\/image\/","url":"https:\/\/icom.museum\/wp-content\/uploads\/2018\/07\/ICOM_M_.jpg","contentUrl":"https:\/\/icom.museum\/wp-content\/uploads\/2018\/07\/ICOM_M_.jpg","width":1721,"height":1721,"caption":"International Council of Museums"},"image":{"@id":"https:\/\/icom.museum\/en\/#\/schema\/logo\/image\/"}}]}},"_links":{"self":[{"href":"https:\/\/icom.museum\/es\/wp-json\/wp\/v2\/pages\/37608"}],"collection":[{"href":"https:\/\/icom.museum\/es\/wp-json\/wp\/v2\/pages"}],"about":[{"href":"https:\/\/icom.museum\/es\/wp-json\/wp\/v2\/types\/page"}],"author":[{"embeddable":true,"href":"https:\/\/icom.museum\/es\/wp-json\/wp\/v2\/users\/3334"}],"replies":[{"embeddable":true,"href":"https:\/\/icom.museum\/es\/wp-json\/wp\/v2\/comments?post=37608"}],"version-history":[{"count":6,"href":"https:\/\/icom.museum\/es\/wp-json\/wp\/v2\/pages\/37608\/revisions"}],"predecessor-version":[{"id":38639,"href":"https:\/\/icom.museum\/es\/wp-json\/wp\/v2\/pages\/37608\/revisions\/38639"}],"up":[{"embeddable":true,"href":"https:\/\/icom.museum\/es\/wp-json\/wp\/v2\/pages\/37924"}],"wp:attachment":[{"href":"https:\/\/icom.museum\/es\/wp-json\/wp\/v2\/media?parent=37608"}],"curies":[{"name":"wp","href":"https:\/\/api.w.org\/{rel}","templated":true}]}}