{"id":37669,"date":"2020-04-14T17:48:54","date_gmt":"2020-04-14T15:48:54","guid":{"rendered":"https:\/\/icom.museum\/?page_id=37669"},"modified":"2020-04-14T17:48:54","modified_gmt":"2020-04-14T15:48:54","slug":"declaracion-sobre-la-necesidad-de-fondos-de-emergencia-para-museos","status":"publish","type":"page","link":"https:\/\/icom.museum\/es\/covid-19\/apoyo\/declaracion-sobre-la-necesidad-de-fondos-de-emergencia-para-museos\/","title":{"rendered":"Declaraci\u00f3n sobre la necesidad de fondos de emergencia para museos"},"content":{"rendered":"<h2 class=\"headline\">El Consejo Internacional de Museos (ICOM) expresa su profunda tristeza y su solidaridad con las personas afectadas en todo el mundo por el COVID-19.<\/h2>\n<p>Lamentamos la p\u00e9rdida de vidas y enviamos nuestras m\u00e1s profundas condolencias a quienes han perdido a sus seres queridos por la pandemia. Deseamos agradecer a los profesionales sanitarios por su esfuerzo incomparable luchando contra la enfermedad en primera l\u00ednea, arriesgando sus propias vidas, y a la comunidad cient\u00edfica internacional, que trabaja incansablemente para encontrar una cura.<\/p>\n<p>Los gobiernos de todo el mundo han tomado medidas para detener la propagaci\u00f3n del virus. Tres mil millones de personas han sido confinadas en sus hogares, y el n\u00famero sigue creciendo. Estas personas solo ven amenazada su salud, sino tambi\u00e9n su trabajo y sustento, ya que la econom\u00eda mundial se encuentra al borde de una profunda recesi\u00f3n. El sector cultural, ferozmente afectado por el cierre de museos, bibliotecas, cines, teatros y otros, enfrentar\u00e1 p\u00e9rdidas que pueden arruinar permanentemente el paisaje cultural de comunidades y pa\u00edses enteros.<\/p>\n<p>Siendo claramente conscientes de que la prioridad es garantizar la salud y la seguridad econ\u00f3mica de las poblaciones afectadas, expresamos nuestra preocupaci\u00f3n con respecto al futuro de los museos y el patrimonio cultural de inestimable valor que albergan; una parte esencial de la identidad de pueblos y naciones y un elemento vital para las comunidades a las que sirven. Como repositories de conocimiento cient\u00edfico acumulado durante siglos, su papel es clave en el futuro de la humanidad, especialmente en tiempos de incertidumbre como los que vivimos hoy.<\/p>\n<p>Ya operando con fondos insuficientes en muchos lugares, los museos que est\u00e1n cerrados temporalmente hoy corren el riesgo de cerrarse permanentemente ma\u00f1ana. En Italia, se espera que el sector cultural pierda 3.000 millones de euros en el pr\u00f3ximo semestre; en Espa\u00f1a, 980 millones de euros solo en abril. La Alianza Estadounidense de Museos (AAM, por sus siglas en ingl\u00e9s) estima que un tercio de los museos en los Estados Unidos no volver\u00e1n a abrir. Miles de profesionales de museos, en particular los aut\u00f3nomos y empleados en contratos precarios, est\u00e1n a punto o ya han perdido su trabajo.<\/p>\n<p>El ICOM, representando a la comunidad internacional de museos, hace un llamamiento a los representantes y l\u00edderes pol\u00edticos para que se asignen con urgencia fondos de ayuda para rescatar a los museos y sus profesionales. Esto es vital para su supervivencia y la continuaci\u00f3n de su misi\u00f3n en la mejora y el avance de la sociedad para las generaciones futuras. La crisis de COVID-19 nos deja por delante un largo y complejo proceso de recuperaci\u00f3n. Los museos, como lugares incomparables de intercambio y aprendizaje para todos, tendr\u00e1n un papel importante en la reparaci\u00f3n y el fortalecimiento del tejido social de las comunidades afectadas. Por nuestra parte, el ICOM colaborar\u00e1\u00a0con los gobiernos nacionales y regionales, as\u00ed como con nuestras instituciones asociadas y otras organizaciones internacionales, para garantizar el futuro de los museos.<\/p>\n","protected":false},"excerpt":{"rendered":"<p>El Consejo Internacional de Museos (ICOM) expresa su profunda tristeza y su solidaridad con las personas afectadas en todo el mundo por el COVID-19. Lamentamos la p\u00e9rdida de vidas y enviamos nuestras m\u00e1s profundas condolencias a quienes han perdido a sus seres queridos por la pandemia. Deseamos agradecer a los profesionales sanitarios por su esfuerzo [&hellip;]<\/p>\n","protected":false},"author":3334,"featured_media":0,"parent":37747,"menu_order":0,"comment_status":"closed","ping_status":"closed","template":"","meta":{"inline_featured_image":false,"footnotes":""},"class_list":["post-37669","page","type-page","status-publish","hentry"],"acf":[],"yoast_head":"<!-- This site is optimized with the Yoast SEO plugin v23.7 - https:\/\/yoast.com\/wordpress\/plugins\/seo\/ -->\n<title>Declaraci\u00f3n sobre la necesidad de fondos de emergencia para museos - International Council of Museums<\/title>\n<meta name=\"robots\" content=\"index, follow, max-snippet:-1, max-image-preview:large, max-video-preview:-1\" \/>\n<link rel=\"canonical\" href=\"https:\/\/icom.museum\/es\/covid-19\/apoyo\/declaracion-sobre-la-necesidad-de-fondos-de-emergencia-para-museos\/\" \/>\n<meta property=\"og:locale\" content=\"es_ES\" \/>\n<meta property=\"og:type\" content=\"article\" \/>\n<meta property=\"og:title\" content=\"Declaraci\u00f3n sobre la necesidad de fondos de emergencia para museos - International Council of Museums\" \/>\n<meta property=\"og:description\" content=\"El Consejo Internacional de Museos (ICOM) expresa su profunda tristeza y su solidaridad con las personas afectadas en todo el mundo por el COVID-19. Lamentamos la p\u00e9rdida de vidas y enviamos nuestras m\u00e1s profundas condolencias a quienes han perdido a sus seres queridos por la pandemia. Deseamos agradecer a los profesionales sanitarios por su esfuerzo [&hellip;]\" \/>\n<meta property=\"og:url\" content=\"https:\/\/icom.museum\/es\/covid-19\/apoyo\/declaracion-sobre-la-necesidad-de-fondos-de-emergencia-para-museos\/\" \/>\n<meta property=\"og:site_name\" content=\"International Council of Museums\" \/>\n<meta property=\"og:image\" content=\"https:\/\/icom.museum\/wp-content\/uploads\/2020\/04\/WhatsApp-Image-2020-04-01-at-16.51.26.jpeg\" \/>\n<meta name=\"twitter:card\" content=\"summary_large_image\" \/>\n<meta name=\"twitter:label1\" content=\"Tiempo de lectura\" \/>\n\t<meta name=\"twitter:data1\" content=\"3 minutos\" \/>\n<script type=\"application\/ld+json\" class=\"yoast-schema-graph\">{\"@context\":\"https:\/\/schema.org\",\"@graph\":[{\"@type\":\"WebPage\",\"@id\":\"https:\/\/icom.museum\/es\/covid-19\/apoyo\/declaracion-sobre-la-necesidad-de-fondos-de-emergencia-para-museos\/\",\"url\":\"https:\/\/icom.museum\/es\/covid-19\/apoyo\/declaracion-sobre-la-necesidad-de-fondos-de-emergencia-para-museos\/\",\"name\":\"Declaraci\u00f3n sobre la necesidad de fondos de emergencia para museos - International Council of Museums\",\"isPartOf\":{\"@id\":\"https:\/\/icom.museum\/en\/#website\"},\"datePublished\":\"2020-04-14T15:48:54+00:00\",\"dateModified\":\"2020-04-14T15:48:54+00:00\",\"breadcrumb\":{\"@id\":\"https:\/\/icom.museum\/es\/covid-19\/apoyo\/declaracion-sobre-la-necesidad-de-fondos-de-emergencia-para-museos\/#breadcrumb\"},\"inLanguage\":\"es\",\"potentialAction\":[{\"@type\":\"ReadAction\",\"target\":[\"https:\/\/icom.museum\/es\/covid-19\/apoyo\/declaracion-sobre-la-necesidad-de-fondos-de-emergencia-para-museos\/\"]}]},{\"@type\":\"BreadcrumbList\",\"@id\":\"https:\/\/icom.museum\/es\/covid-19\/apoyo\/declaracion-sobre-la-necesidad-de-fondos-de-emergencia-para-museos\/#breadcrumb\",\"itemListElement\":[{\"@type\":\"ListItem\",\"position\":1,\"name\":\"Home\",\"item\":\"https:\/\/icom.museum\/es\/\"},{\"@type\":\"ListItem\",\"position\":2,\"name\":\"COVID-19\",\"item\":\"https:\/\/icom.museum\/es\/covid-19\/\"},{\"@type\":\"ListItem\",\"position\":3,\"name\":\"Apoyo\",\"item\":\"https:\/\/icom.museum\/es\/covid-19\/apoyo\/\"},{\"@type\":\"ListItem\",\"position\":4,\"name\":\"Declaraci\u00f3n sobre la necesidad de fondos de emergencia para museos\"}]},{\"@type\":\"WebSite\",\"@id\":\"https:\/\/icom.museum\/en\/#website\",\"url\":\"https:\/\/icom.museum\/en\/\",\"name\":\"International Council of Museums\",\"description\":\"A global organisation of museums &amp; museum professionals committed to the promotion and protection of cultural heritage\",\"publisher\":{\"@id\":\"https:\/\/icom.museum\/en\/#organization\"},\"potentialAction\":[{\"@type\":\"SearchAction\",\"target\":{\"@type\":\"EntryPoint\",\"urlTemplate\":\"https:\/\/icom.museum\/en\/?s={search_term_string}\"},\"query-input\":{\"@type\":\"PropertyValueSpecification\",\"valueRequired\":true,\"valueName\":\"search_term_string\"}}],\"inLanguage\":\"es\"},{\"@type\":\"Organization\",\"@id\":\"https:\/\/icom.museum\/en\/#organization\",\"name\":\"International Council of Museums\",\"url\":\"https:\/\/icom.museum\/en\/\",\"logo\":{\"@type\":\"ImageObject\",\"inLanguage\":\"es\",\"@id\":\"https:\/\/icom.museum\/en\/#\/schema\/logo\/image\/\",\"url\":\"https:\/\/icom.museum\/wp-content\/uploads\/2018\/07\/ICOM_M_.jpg\",\"contentUrl\":\"https:\/\/icom.museum\/wp-content\/uploads\/2018\/07\/ICOM_M_.jpg\",\"width\":1721,\"height\":1721,\"caption\":\"International Council of Museums\"},\"image\":{\"@id\":\"https:\/\/icom.museum\/en\/#\/schema\/logo\/image\/\"}}]}<\/script>\n<!-- \/ Yoast SEO plugin. -->","yoast_head_json":{"title":"Declaraci\u00f3n sobre la necesidad de fondos de emergencia para museos - International Council of Museums","robots":{"index":"index","follow":"follow","max-snippet":"max-snippet:-1","max-image-preview":"max-image-preview:large","max-video-preview":"max-video-preview:-1"},"canonical":"https:\/\/icom.museum\/es\/covid-19\/apoyo\/declaracion-sobre-la-necesidad-de-fondos-de-emergencia-para-museos\/","og_locale":"es_ES","og_type":"article","og_title":"Declaraci\u00f3n sobre la necesidad de fondos de emergencia para museos - International Council of Museums","og_description":"El Consejo Internacional de Museos (ICOM) expresa su profunda tristeza y su solidaridad con las personas afectadas en todo el mundo por el COVID-19. Lamentamos la p\u00e9rdida de vidas y enviamos nuestras m\u00e1s profundas condolencias a quienes han perdido a sus seres queridos por la pandemia. Deseamos agradecer a los profesionales sanitarios por su esfuerzo [&hellip;]","og_url":"https:\/\/icom.museum\/es\/covid-19\/apoyo\/declaracion-sobre-la-necesidad-de-fondos-de-emergencia-para-museos\/","og_site_name":"International Council of Museums","og_image":[{"url":"https:\/\/icom.museum\/wp-content\/uploads\/2020\/04\/WhatsApp-Image-2020-04-01-at-16.51.26.jpeg"}],"twitter_card":"summary_large_image","twitter_misc":{"Tiempo de lectura":"3 minutos"},"schema":{"@context":"https:\/\/schema.org","@graph":[{"@type":"WebPage","@id":"https:\/\/icom.museum\/es\/covid-19\/apoyo\/declaracion-sobre-la-necesidad-de-fondos-de-emergencia-para-museos\/","url":"https:\/\/icom.museum\/es\/covid-19\/apoyo\/declaracion-sobre-la-necesidad-de-fondos-de-emergencia-para-museos\/","name":"Declaraci\u00f3n sobre la necesidad de fondos de emergencia para museos - International Council of Museums","isPartOf":{"@id":"https:\/\/icom.museum\/en\/#website"},"datePublished":"2020-04-14T15:48:54+00:00","dateModified":"2020-04-14T15:48:54+00:00","breadcrumb":{"@id":"https:\/\/icom.museum\/es\/covid-19\/apoyo\/declaracion-sobre-la-necesidad-de-fondos-de-emergencia-para-museos\/#breadcrumb"},"inLanguage":"es","potentialAction":[{"@type":"ReadAction","target":["https:\/\/icom.museum\/es\/covid-19\/apoyo\/declaracion-sobre-la-necesidad-de-fondos-de-emergencia-para-museos\/"]}]},{"@type":"BreadcrumbList","@id":"https:\/\/icom.museum\/es\/covid-19\/apoyo\/declaracion-sobre-la-necesidad-de-fondos-de-emergencia-para-museos\/#breadcrumb","itemListElement":[{"@type":"ListItem","position":1,"name":"Home","item":"https:\/\/icom.museum\/es\/"},{"@type":"ListItem","position":2,"name":"COVID-19","item":"https:\/\/icom.museum\/es\/covid-19\/"},{"@type":"ListItem","position":3,"name":"Apoyo","item":"https:\/\/icom.museum\/es\/covid-19\/apoyo\/"},{"@type":"ListItem","position":4,"name":"Declaraci\u00f3n sobre la necesidad de fondos de emergencia para museos"}]},{"@type":"WebSite","@id":"https:\/\/icom.museum\/en\/#website","url":"https:\/\/icom.museum\/en\/","name":"International Council of Museums","description":"A global organisation of museums &amp; museum professionals committed to the promotion and protection of cultural heritage","publisher":{"@id":"https:\/\/icom.museum\/en\/#organization"},"potentialAction":[{"@type":"SearchAction","target":{"@type":"EntryPoint","urlTemplate":"https:\/\/icom.museum\/en\/?s={search_term_string}"},"query-input":{"@type":"PropertyValueSpecification","valueRequired":true,"valueName":"search_term_string"}}],"inLanguage":"es"},{"@type":"Organization","@id":"https:\/\/icom.museum\/en\/#organization","name":"International Council of Museums","url":"https:\/\/icom.museum\/en\/","logo":{"@type":"ImageObject","inLanguage":"es","@id":"https:\/\/icom.museum\/en\/#\/schema\/logo\/image\/","url":"https:\/\/icom.museum\/wp-content\/uploads\/2018\/07\/ICOM_M_.jpg","contentUrl":"https:\/\/icom.museum\/wp-content\/uploads\/2018\/07\/ICOM_M_.jpg","width":1721,"height":1721,"caption":"International Council of Museums"},"image":{"@id":"https:\/\/icom.museum\/en\/#\/schema\/logo\/image\/"}}]}},"_links":{"self":[{"href":"https:\/\/icom.museum\/es\/wp-json\/wp\/v2\/pages\/37669"}],"collection":[{"href":"https:\/\/icom.museum\/es\/wp-json\/wp\/v2\/pages"}],"about":[{"href":"https:\/\/icom.museum\/es\/wp-json\/wp\/v2\/types\/page"}],"author":[{"embeddable":true,"href":"https:\/\/icom.museum\/es\/wp-json\/wp\/v2\/users\/3334"}],"replies":[{"embeddable":true,"href":"https:\/\/icom.museum\/es\/wp-json\/wp\/v2\/comments?post=37669"}],"version-history":[{"count":1,"href":"https:\/\/icom.museum\/es\/wp-json\/wp\/v2\/pages\/37669\/revisions"}],"predecessor-version":[{"id":37672,"href":"https:\/\/icom.museum\/es\/wp-json\/wp\/v2\/pages\/37669\/revisions\/37672"}],"up":[{"embeddable":true,"href":"https:\/\/icom.museum\/es\/wp-json\/wp\/v2\/pages\/37747"}],"wp:attachment":[{"href":"https:\/\/icom.museum\/es\/wp-json\/wp\/v2\/media?parent=37669"}],"curies":[{"name":"wp","href":"https:\/\/api.w.org\/{rel}","templated":true}]}}