{"id":37866,"date":"2020-04-16T16:13:53","date_gmt":"2020-04-16T14:13:53","guid":{"rendered":"https:\/\/icom.museum\/covid-19\/apoyo\/advocate-for-museums\/"},"modified":"2020-06-11T12:37:09","modified_gmt":"2020-06-11T10:37:09","slug":"advocate-for-museums","status":"publish","type":"page","link":"https:\/\/icom.museum\/es\/covid-19\/apoyo\/advocate-for-museums\/","title":{"rendered":"Tomar acci\u00f3n: abogar por los museos"},"content":{"rendered":"<h2 class=\"p2 headline\">El impacto financiero de la pandemia de COVID-19 pone en riesgo el futuro de los museos y el sustento de profesionales de los museos de todo el mundo.<\/h2>\n<p class=\"p2\"><span class=\"s1\">A medida que los gobiernos definen su estrategia y los paquetes de fondos de emergencia para hacer frente a la inminente crisis econ\u00f3mica, el sector de los museos debe unirse y defender colectivamente medidas nacionales, regionales y locales para garantizar su supervivencia.<\/span><\/p>\n<p class=\"p1\"><span class=\"s1\">Mientras los museos est\u00e1n cerrados, es normal que los profesionales de los museos se sientan impotentes, pero hay una infinidad de cosas que uno puede hacer para lograr un cambio positivo y mejorar la situaci\u00f3n de su museo y la de otros muchos (\u00a1incluso desde su casa!). Ya sea que tenga una amplia experiencia abogando por museos o ninguna, nuestras contribuciones colectivas tienen el potencial de proteger a la comunidad internacional de museos.<\/span><\/p>\n<p class=\"p2\"><span class=\"s1\">En esta p\u00e1gina, hemos recopilado buenas pr\u00e1cticas, infograf\u00edas y materiales que puede utilizar a la hora de defender eficazmente ante representantes pol\u00edticos la necesidad de ayuda financiera y otras medidas de seguridad social para su museo.<\/span><\/p>\n<h3 class=\"p1\"><img loading=\"lazy\" decoding=\"async\" class=\"aligncenter size-full wp-image-38855\" src=\"https:\/\/icom.museum\/wp-content\/uploads\/2020\/06\/2.png\" alt=\"\" width=\"767\" height=\"138\" srcset=\"https:\/\/icom.museum\/wp-content\/uploads\/2020\/06\/2.png 767w, https:\/\/icom.museum\/wp-content\/uploads\/2020\/06\/2-300x54.png 300w\" sizes=\"(max-width: 767px) 100vw, 767px\" \/><\/h3>\n<div class=\"separator\">\n<p class=\"p1\"><span class=\"s1\"><b>1. Establezca lo que necesita<\/b><\/span><\/p>\n<\/div>\n<p class=\"p2\"><span class=\"s1\">Eval\u00fae el impacto econ\u00f3mico del COVID-19 en su propio museo y establezca exactamente lo que necesita para garantizar el empleo del personal (permanente y temporal), sus operaciones diarias y sus programas. Esto puede ser una cantidad espec\u00edfica de ayuda financiera o medidas concretas de seguridad social. Una solicitud espec\u00edfica tendr\u00e1 un impacto mucho mayor que una vaga.<\/span><\/p>\n<div class=\"separator\">\n<p class=\"p1\"><span class=\"s1\"><b>2. Coord\u00ednese con sus aliados<\/b><\/span><\/p>\n<\/div>\n<p class=\"p2\"><span class=\"s1\"> Somos m\u00e1s fuertes cuando estamos unidos. P\u00f3ngase en contacto con organizaciones de museos locales, regionales y nacionales, incluido su <a href=\"https:\/\/icom.museum\/es\/red\/directorio-de-los-comites\/?type=221\">comit\u00e9 nacional del ICOM<\/a>,\u00a0para coordinarse o unirse a iniciativas. Investigue otras instituciones y organizaciones del sector cultural o de industrias creativas que puedan estar interesadas en unir fuerzas. Durante el confinamiento, hay muchas herramientas que puede usar para mantenerse en contacto, como los grupos de WhatsApp, Slack, Zoom o Skype.<\/span><\/p>\n<div class=\"separator\">\n<p class=\"p1\"><span class=\"s1\"><b>3. Construya un mensaje fuerte<\/b><\/span><\/p>\n<\/div>\n<p class=\"p2\"><span class=\"s1\">Use el m\u00e9todo SPIT (por sus siglas en ingl\u00e9s) para crear un mensaje fuerte y maximizar su impacto:<\/span><\/p>\n<ul>\n<li>Espec\u00edfico (<em>specific<\/em>): sepa exactamente lo que necesita.<\/li>\n<li>Personal (<em>personal<\/em>): personalice su mensaje explicando c\u00f3mo la pandemia COVID-19 afecta a su museo en particular.<\/li>\n<li>Informativo (<em>informative<\/em>): use datos cuantitativos para respaldar sus argumentos.<\/li>\n<li>Oportuno (<em>timely<\/em>): sepa cu\u00e1ndo se votar\u00e1n o se tomar\u00e1n las decisiones y p\u00f3ngase en contacto con sus representantes pol\u00edticos de antemano.<\/li>\n<\/ul>\n<div class=\"separator\">\n<p class=\"p1\"><span class=\"s1\"><b>4. Use datos impactantes<\/b><\/span><\/p>\n<\/div>\n<p class=\"p1\"><span class=\"s1\">Si bien la mayor\u00eda de las personas son conscientes del valor social de los museos, su gran contribuci\u00f3n al desarrollo local no es tan conocido. Cuando se trata de solicitar ayudas financieras, es extremadamente importante aportar datos del impacto econ\u00f3mico de su museo. Estime el impacto econ\u00f3mico de su museo en su comunidad local, como trabajos indirectos que crea y los ingresos fiscales que produce. Puede consultar la <a href=\"https:\/\/icom.museum\/wp-content\/uploads\/2019\/09\/OECD-ICOM-GUIDE-MUSEUMS.pdf\"><em>Gu\u00eda ICOM-OCDE para gobiernos locales, comunidades y museos<\/em><\/a>, una herramienta que los museos pueden utilizar para evaluar y fortalecer sus v\u00ednculos existentes y potenciales con la econom\u00eda local y el tejido social.<\/span><\/p>\n<div class=\"separator\">\n<p class=\"p1\"><span class=\"s1\"><b>5. P\u00f3ngase en contacto con los responsables pol\u00edticos<\/b><\/span><\/p>\n<\/div>\n<p class=\"p5\"><span class=\"s1\">Para abogar por su museo, env\u00ede su mensaje a los actores pol\u00edticos. Aunque pueden estar desbordados con muchos otros problemas y no responder de inmediato o en absoluto, es importante informarles sobre c\u00f3mo el COVID-19 est\u00e1 afectando su museo y qu\u00e9 pueden hacer para ayudarlo. Como las medidas de confinamiento no permiten reuniones en persona, deber\u00e1 hacerlo de forma remota. Hay varias opciones:<\/span><\/p>\n<p class=\"p2\"><span class=\"s2\"><strong>Correo y correo electr\u00f3nico<\/strong>:\u00a0<\/span><span class=\"s1\"><a href=\"https:\/\/icom.museum\/wp-content\/uploads\/2020\/04\/Carta_Ejemplo.docx\">Aqu\u00ed<\/a> puede descargar un ejemplo de carta para representantes pol\u00edticos con consejos e ideas que puede usar. En la siguiente infograf\u00eda, tambi\u00e9n puede encontrar un m\u00e9todo simple para escribir su propia misiva.<\/span><\/p>\n<p><img loading=\"lazy\" decoding=\"async\" class=\"aligncenter size-large wp-image-37881\" src=\"https:\/\/icom.museum\/wp-content\/uploads\/2020\/04\/Schermata-2020-04-16-alle-17.13.59-592x1024.png\" alt=\"\" width=\"592\" height=\"1024\" srcset=\"https:\/\/icom.museum\/wp-content\/uploads\/2020\/04\/Schermata-2020-04-16-alle-17.13.59-592x1024.png 592w, https:\/\/icom.museum\/wp-content\/uploads\/2020\/04\/Schermata-2020-04-16-alle-17.13.59-173x300.png 173w, https:\/\/icom.museum\/wp-content\/uploads\/2020\/04\/Schermata-2020-04-16-alle-17.13.59-768x1329.png 768w, https:\/\/icom.museum\/wp-content\/uploads\/2020\/04\/Schermata-2020-04-16-alle-17.13.59.png 884w\" sizes=\"(max-width: 592px) 100vw, 592px\" \/><\/p>\n<p><span class=\"s2\"><strong>Redes sociales<\/strong>: h<\/span><span class=\"s1\">oy en d\u00eda, la mayor\u00eda de los representantes pol\u00edticos est\u00e1n activos en las redes sociales. Puede contactarlos directamente etiquet\u00e1ndolos en sus publicaciones. Si no est\u00e1 familiarizado con el uso de las redes sociales, puede consultar el<a href=\"https:\/\/icom.museum\/es\/news\/nueva-publicacion-para-miembros-del-icom-el-manual-del-icom-para-redes-sociales\/\"> Manual de redes sociales para los Comit\u00e9s del ICOM<\/a>. Aunque se cre\u00f3 para nuestros comit\u00e9s, contiene consejos \u00fatiles que puede aplicar a su estrategia para abogar por los museos, como realizar campa\u00f1as o escribir eficazmente en las redes sociales.<\/span><\/p>\n<div class=\"separator\">\n<p class=\"p1\"><span class=\"s1\"><b>6. Mant\u00e9ngase en contacto con la comunidad internacional de museos<\/b><\/span><\/p>\n<\/div>\n<p>El ICOM continuar\u00e1 brindando apoyo a la comunidad internacional de museos durante la pandemia. Hemos emitido una <a href=\"https:\/\/icom.museum\/es\/covid-19\/apoyo\/declaracion-sobre-la-necesidad-de-fondos-de-emergencia-para-museos\/\">Declaraci\u00f3n<\/a> sobre la necesidad de fondos de emergencia para museos durante la crisis del COVID-19 que puede usar para respaldar sus argumentos.\u00a0Adem\u00e1s, realizamos una <a href=\"https:\/\/icom.museum\/es\/covid-19\/encuestas-y-datos\/survey-museums-and-museum-professionals\/\">encuesta sobre el impacto econ\u00f3mico de COVID-19 en los museos y los profesionales de los museos<\/a> de todo el mundo. Sus resultados proporcionan una visi\u00f3n global de la situaci\u00f3n actual y pueden ayudar a los museos y a los responsables pol\u00edticos a encontrar soluciones a la crisis.<\/p>\n<p>Por \u00faltimo, a fin de fortalecer eficazmente las estrategias de apoyo adoptadas por los Comit\u00e9s Nacionales del ICOM, estamos trabajando actualmente en la elaboraci\u00f3n de un <strong>manual de abogac\u00eda<\/strong>. A fin de asegurar que el contenido del manual sea pertinente y adecuado, pedimos a los Comit\u00e9s nacionales que completen una encuesta sobre las pr\u00e1cticas de promoci\u00f3n en su pa\u00eds y sobre las medidas que su Comit\u00e9 est\u00e1 tomando.<\/p>\n<p>Si a\u00fan no ha participado, puede completar la encuesta que aparece a continuaci\u00f3n.<\/p>\n<p class=\"p6\"><span class=\"link_blue\"><a href=\"https:\/\/docs.google.com\/forms\/d\/e\/1FAIpQLSc2pyuH7c9pN-arLHp4f8JnF8vEonCoPbTfk-hR-29ZO4EKQA\/viewform\"><span class=\"s1\"><b>EMPEZAR ENCUESTA<\/b><\/span><\/a><\/span><\/p>\n","protected":false},"excerpt":{"rendered":"<p>El impacto financiero de la pandemia de COVID-19 pone en riesgo el futuro de los museos y el sustento de profesionales de los museos de todo el mundo. A medida que los gobiernos definen su estrategia y los paquetes de fondos de emergencia para hacer frente a la inminente crisis econ\u00f3mica, el sector de los [&hellip;]<\/p>\n","protected":false},"author":8,"featured_media":0,"parent":37747,"menu_order":1,"comment_status":"closed","ping_status":"closed","template":"","meta":{"inline_featured_image":false,"footnotes":""},"class_list":["post-37866","page","type-page","status-publish","hentry"],"acf":[],"yoast_head":"<!-- This site is optimized with the Yoast SEO plugin v23.7 - https:\/\/yoast.com\/wordpress\/plugins\/seo\/ -->\n<title>Tomar acci\u00f3n: abogar por los museos - International Council of Museums<\/title>\n<meta name=\"robots\" content=\"index, follow, max-snippet:-1, max-image-preview:large, max-video-preview:-1\" \/>\n<link rel=\"canonical\" href=\"https:\/\/icom.museum\/es\/covid-19\/apoyo\/advocate-for-museums\/\" \/>\n<meta property=\"og:locale\" content=\"es_ES\" \/>\n<meta property=\"og:type\" content=\"article\" \/>\n<meta property=\"og:title\" content=\"Tomar acci\u00f3n: abogar por los museos - International Council of Museums\" \/>\n<meta property=\"og:description\" content=\"El impacto financiero de la pandemia de COVID-19 pone en riesgo el futuro de los museos y el sustento de profesionales de los museos de todo el mundo. A medida que los gobiernos definen su estrategia y los paquetes de fondos de emergencia para hacer frente a la inminente crisis econ\u00f3mica, el sector de los [&hellip;]\" \/>\n<meta property=\"og:url\" content=\"https:\/\/icom.museum\/es\/covid-19\/apoyo\/advocate-for-museums\/\" \/>\n<meta property=\"og:site_name\" content=\"International Council of Museums\" \/>\n<meta property=\"article:modified_time\" content=\"2020-06-11T10:37:09+00:00\" \/>\n<meta property=\"og:image\" content=\"https:\/\/icom.museum\/wp-content\/uploads\/2020\/06\/2.png\" \/>\n\t<meta property=\"og:image:width\" content=\"767\" \/>\n\t<meta property=\"og:image:height\" content=\"138\" \/>\n\t<meta property=\"og:image:type\" content=\"image\/png\" \/>\n<meta name=\"twitter:card\" content=\"summary_large_image\" \/>\n<meta name=\"twitter:label1\" content=\"Tiempo de lectura\" \/>\n\t<meta name=\"twitter:data1\" content=\"5 minutos\" \/>\n<script type=\"application\/ld+json\" class=\"yoast-schema-graph\">{\"@context\":\"https:\/\/schema.org\",\"@graph\":[{\"@type\":\"WebPage\",\"@id\":\"https:\/\/icom.museum\/es\/covid-19\/apoyo\/advocate-for-museums\/\",\"url\":\"https:\/\/icom.museum\/es\/covid-19\/apoyo\/advocate-for-museums\/\",\"name\":\"Tomar acci\u00f3n: abogar por los museos - International Council of Museums\",\"isPartOf\":{\"@id\":\"https:\/\/icom.museum\/en\/#website\"},\"primaryImageOfPage\":{\"@id\":\"https:\/\/icom.museum\/es\/covid-19\/apoyo\/advocate-for-museums\/#primaryimage\"},\"image\":{\"@id\":\"https:\/\/icom.museum\/es\/covid-19\/apoyo\/advocate-for-museums\/#primaryimage\"},\"thumbnailUrl\":\"https:\/\/icom.museum\/wp-content\/uploads\/2020\/06\/2.png\",\"datePublished\":\"2020-04-16T14:13:53+00:00\",\"dateModified\":\"2020-06-11T10:37:09+00:00\",\"breadcrumb\":{\"@id\":\"https:\/\/icom.museum\/es\/covid-19\/apoyo\/advocate-for-museums\/#breadcrumb\"},\"inLanguage\":\"es\",\"potentialAction\":[{\"@type\":\"ReadAction\",\"target\":[\"https:\/\/icom.museum\/es\/covid-19\/apoyo\/advocate-for-museums\/\"]}]},{\"@type\":\"ImageObject\",\"inLanguage\":\"es\",\"@id\":\"https:\/\/icom.museum\/es\/covid-19\/apoyo\/advocate-for-museums\/#primaryimage\",\"url\":\"https:\/\/icom.museum\/wp-content\/uploads\/2020\/06\/2.png\",\"contentUrl\":\"https:\/\/icom.museum\/wp-content\/uploads\/2020\/06\/2.png\"},{\"@type\":\"BreadcrumbList\",\"@id\":\"https:\/\/icom.museum\/es\/covid-19\/apoyo\/advocate-for-museums\/#breadcrumb\",\"itemListElement\":[{\"@type\":\"ListItem\",\"position\":1,\"name\":\"Home\",\"item\":\"https:\/\/icom.museum\/es\/\"},{\"@type\":\"ListItem\",\"position\":2,\"name\":\"COVID-19\",\"item\":\"https:\/\/icom.museum\/es\/covid-19\/\"},{\"@type\":\"ListItem\",\"position\":3,\"name\":\"Apoyo\",\"item\":\"https:\/\/icom.museum\/es\/covid-19\/apoyo\/\"},{\"@type\":\"ListItem\",\"position\":4,\"name\":\"Tomar acci\u00f3n: abogar por los museos\"}]},{\"@type\":\"WebSite\",\"@id\":\"https:\/\/icom.museum\/en\/#website\",\"url\":\"https:\/\/icom.museum\/en\/\",\"name\":\"International Council of Museums\",\"description\":\"A global organisation of museums &amp; museum professionals committed to the promotion and protection of cultural heritage\",\"publisher\":{\"@id\":\"https:\/\/icom.museum\/en\/#organization\"},\"potentialAction\":[{\"@type\":\"SearchAction\",\"target\":{\"@type\":\"EntryPoint\",\"urlTemplate\":\"https:\/\/icom.museum\/en\/?s={search_term_string}\"},\"query-input\":{\"@type\":\"PropertyValueSpecification\",\"valueRequired\":true,\"valueName\":\"search_term_string\"}}],\"inLanguage\":\"es\"},{\"@type\":\"Organization\",\"@id\":\"https:\/\/icom.museum\/en\/#organization\",\"name\":\"International Council of Museums\",\"url\":\"https:\/\/icom.museum\/en\/\",\"logo\":{\"@type\":\"ImageObject\",\"inLanguage\":\"es\",\"@id\":\"https:\/\/icom.museum\/en\/#\/schema\/logo\/image\/\",\"url\":\"https:\/\/icom.museum\/wp-content\/uploads\/2018\/07\/ICOM_M_.jpg\",\"contentUrl\":\"https:\/\/icom.museum\/wp-content\/uploads\/2018\/07\/ICOM_M_.jpg\",\"width\":1721,\"height\":1721,\"caption\":\"International Council of Museums\"},\"image\":{\"@id\":\"https:\/\/icom.museum\/en\/#\/schema\/logo\/image\/\"}}]}<\/script>\n<!-- \/ Yoast SEO plugin. -->","yoast_head_json":{"title":"Tomar acci\u00f3n: abogar por los museos - International Council of Museums","robots":{"index":"index","follow":"follow","max-snippet":"max-snippet:-1","max-image-preview":"max-image-preview:large","max-video-preview":"max-video-preview:-1"},"canonical":"https:\/\/icom.museum\/es\/covid-19\/apoyo\/advocate-for-museums\/","og_locale":"es_ES","og_type":"article","og_title":"Tomar acci\u00f3n: abogar por los museos - International Council of Museums","og_description":"El impacto financiero de la pandemia de COVID-19 pone en riesgo el futuro de los museos y el sustento de profesionales de los museos de todo el mundo. A medida que los gobiernos definen su estrategia y los paquetes de fondos de emergencia para hacer frente a la inminente crisis econ\u00f3mica, el sector de los [&hellip;]","og_url":"https:\/\/icom.museum\/es\/covid-19\/apoyo\/advocate-for-museums\/","og_site_name":"International Council of Museums","article_modified_time":"2020-06-11T10:37:09+00:00","og_image":[{"width":767,"height":138,"url":"https:\/\/icom.museum\/wp-content\/uploads\/2020\/06\/2.png","type":"image\/png"}],"twitter_card":"summary_large_image","twitter_misc":{"Tiempo de lectura":"5 minutos"},"schema":{"@context":"https:\/\/schema.org","@graph":[{"@type":"WebPage","@id":"https:\/\/icom.museum\/es\/covid-19\/apoyo\/advocate-for-museums\/","url":"https:\/\/icom.museum\/es\/covid-19\/apoyo\/advocate-for-museums\/","name":"Tomar acci\u00f3n: abogar por los museos - International Council of Museums","isPartOf":{"@id":"https:\/\/icom.museum\/en\/#website"},"primaryImageOfPage":{"@id":"https:\/\/icom.museum\/es\/covid-19\/apoyo\/advocate-for-museums\/#primaryimage"},"image":{"@id":"https:\/\/icom.museum\/es\/covid-19\/apoyo\/advocate-for-museums\/#primaryimage"},"thumbnailUrl":"https:\/\/icom.museum\/wp-content\/uploads\/2020\/06\/2.png","datePublished":"2020-04-16T14:13:53+00:00","dateModified":"2020-06-11T10:37:09+00:00","breadcrumb":{"@id":"https:\/\/icom.museum\/es\/covid-19\/apoyo\/advocate-for-museums\/#breadcrumb"},"inLanguage":"es","potentialAction":[{"@type":"ReadAction","target":["https:\/\/icom.museum\/es\/covid-19\/apoyo\/advocate-for-museums\/"]}]},{"@type":"ImageObject","inLanguage":"es","@id":"https:\/\/icom.museum\/es\/covid-19\/apoyo\/advocate-for-museums\/#primaryimage","url":"https:\/\/icom.museum\/wp-content\/uploads\/2020\/06\/2.png","contentUrl":"https:\/\/icom.museum\/wp-content\/uploads\/2020\/06\/2.png"},{"@type":"BreadcrumbList","@id":"https:\/\/icom.museum\/es\/covid-19\/apoyo\/advocate-for-museums\/#breadcrumb","itemListElement":[{"@type":"ListItem","position":1,"name":"Home","item":"https:\/\/icom.museum\/es\/"},{"@type":"ListItem","position":2,"name":"COVID-19","item":"https:\/\/icom.museum\/es\/covid-19\/"},{"@type":"ListItem","position":3,"name":"Apoyo","item":"https:\/\/icom.museum\/es\/covid-19\/apoyo\/"},{"@type":"ListItem","position":4,"name":"Tomar acci\u00f3n: abogar por los museos"}]},{"@type":"WebSite","@id":"https:\/\/icom.museum\/en\/#website","url":"https:\/\/icom.museum\/en\/","name":"International Council of Museums","description":"A global organisation of museums &amp; museum professionals committed to the promotion and protection of cultural heritage","publisher":{"@id":"https:\/\/icom.museum\/en\/#organization"},"potentialAction":[{"@type":"SearchAction","target":{"@type":"EntryPoint","urlTemplate":"https:\/\/icom.museum\/en\/?s={search_term_string}"},"query-input":{"@type":"PropertyValueSpecification","valueRequired":true,"valueName":"search_term_string"}}],"inLanguage":"es"},{"@type":"Organization","@id":"https:\/\/icom.museum\/en\/#organization","name":"International Council of Museums","url":"https:\/\/icom.museum\/en\/","logo":{"@type":"ImageObject","inLanguage":"es","@id":"https:\/\/icom.museum\/en\/#\/schema\/logo\/image\/","url":"https:\/\/icom.museum\/wp-content\/uploads\/2018\/07\/ICOM_M_.jpg","contentUrl":"https:\/\/icom.museum\/wp-content\/uploads\/2018\/07\/ICOM_M_.jpg","width":1721,"height":1721,"caption":"International Council of Museums"},"image":{"@id":"https:\/\/icom.museum\/en\/#\/schema\/logo\/image\/"}}]}},"_links":{"self":[{"href":"https:\/\/icom.museum\/es\/wp-json\/wp\/v2\/pages\/37866"}],"collection":[{"href":"https:\/\/icom.museum\/es\/wp-json\/wp\/v2\/pages"}],"about":[{"href":"https:\/\/icom.museum\/es\/wp-json\/wp\/v2\/types\/page"}],"author":[{"embeddable":true,"href":"https:\/\/icom.museum\/es\/wp-json\/wp\/v2\/users\/8"}],"replies":[{"embeddable":true,"href":"https:\/\/icom.museum\/es\/wp-json\/wp\/v2\/comments?post=37866"}],"version-history":[{"count":19,"href":"https:\/\/icom.museum\/es\/wp-json\/wp\/v2\/pages\/37866\/revisions"}],"predecessor-version":[{"id":38859,"href":"https:\/\/icom.museum\/es\/wp-json\/wp\/v2\/pages\/37866\/revisions\/38859"}],"up":[{"embeddable":true,"href":"https:\/\/icom.museum\/es\/wp-json\/wp\/v2\/pages\/37747"}],"wp:attachment":[{"href":"https:\/\/icom.museum\/es\/wp-json\/wp\/v2\/media?parent=37866"}],"curies":[{"name":"wp","href":"https:\/\/api.w.org\/{rel}","templated":true}]}}