{"id":38000,"date":"2020-04-27T15:43:46","date_gmt":"2020-04-27T13:43:46","guid":{"rendered":"https:\/\/icom.museum\/?page_id=38000"},"modified":"2020-04-27T15:43:46","modified_gmt":"2020-04-27T13:43:46","slug":"garantizar-la-seguridad-del-patrimonio-cultural-durante-el-confinamiento-un-desafio-para-profesionales-de-museos-y-cuerpos-de-policia","status":"publish","type":"page","link":"https:\/\/icom.museum\/es\/covid-19\/recursos\/garantizar-la-seguridad-del-patrimonio-cultural-durante-el-confinamiento-un-desafio-para-profesionales-de-museos-y-cuerpos-de-policia\/","title":{"rendered":"Garantizar la seguridad del patrimonio cultural durante el confinamiento: un desaf\u00edo para profesionales de museos y cuerpos de polic\u00eda"},"content":{"rendered":"<h2 class=\"p1 headline\"><span class=\"s1\"><b>Recomendaciones del ICOM y la INTERPOL<\/b><\/span><\/h2>\n<p class=\"p1\"><span class=\"s1\">Desde el comienzo de la crisis sanitaria del COVID-19, el 95% de los museos del mundo se han visto obligados a cerrar temporalmente sus puertas para proteger a sus visitantes. Las medidas de auto-aislamiento representan un enorme obst\u00e1culo para los profesionales de los museos, que deben seguir garantizando la seguridad de sus colecciones. La complejidad de la situaci\u00f3n es diferente en cada museo: cada instituci\u00f3n encontrar\u00e1 soluciones espec\u00edficas en cuanto a la rotaci\u00f3n de los equipos, los servicios de seguridad, el confinamiento etc. <\/span><\/p>\n<p class=\"p1\"><span class=\"s1\">El ICOM condena los recientes robos en el Reino Unido y en los Pa\u00edses Bajos. Pese a las medidas de confinamiento, es fundamental seguir mejorando y perfeccionando las medidas de seguridad de los museos.<\/span><\/p>\n<p class=\"p1\"><span class=\"s1\">Durante d\u00e9cadas, el ICOM y su <a href=\"http:\/\/network.icom.museum\/icms\/L\/2\/\"><span class=\"s2\">Comit\u00e9 Internacional para la Seguridad de los Museos<\/span><\/a> (ICMS) han apoyado a la comunidad de museos en la protecci\u00f3n de sus colecciones, ofreciendo asesoramiento y herramientas sencillas de aplicar en cuanto a la organizaci\u00f3n del personal de seguridad, los sistemas de detecci\u00f3n de intrusos, las c\u00e1maras de vigilancia, la comunicaci\u00f3n interna y la elaboraci\u00f3n de informes.<\/span><\/p>\n<p class=\"p1\"><span class=\"s1\">INTERPOL, a trav\u00e9s de su <a href=\"https:\/\/www.interpol.int\/es\/Delitos\/Delitos-contra-el-patrimonio-cultural\/Que-se-puede-hacer\"><span class=\"s3\">Unidad de Obras de Arte<\/span><\/a>, contin\u00faa a proteger el patrimonio cultural en sus 194 pa\u00edses miembros.<\/span><\/p>\n<p class=\"p1\"><span class=\"s1\">Adem\u00e1s de las medidas ya existentes, el ICOM y la INTERPOL recomiendan ahora la implementaci\u00f3n o el refuerzo de las siguientes acciones:<\/span><\/p>\n<p class=\"p1\"><span class=\"s1\"><b>Comprobar los sistemas de seguridad y alarma<\/b><\/span><\/p>\n<p class=\"p1\"><span class=\"s4\">L<\/span><span class=\"s1\">os museos deben evaluar sus condiciones de seguridad y poner en marcha un plan de protecci\u00f3n. En particular, se aconseja:<\/span><\/p>\n<ul class=\"ul1\">\n<li class=\"li1\"><span class=\"s1\">mantener los servicios de seguridad las 24 horas del d\u00eda, 7 d\u00edas a la semana (n\u00famero de personal capacitado disponible que pueda desplazarse f\u00e1cilmente, con una lista de reemplazos),<\/span><\/li>\n<li class=\"li1\"><span class=\"s1\">mantener en pleno funcionamiento todos los sistemas de detecci\u00f3n de intrusos, en particular las c\u00e1maras de vigilancia y las alarmas, (dentro y fuera, 24 horas al d\u00eda, 7 d\u00edas a la semana), que deber\u00e1n ser comprobadas regularmente por el personal de seguridad,<\/span><\/li>\n<li class=\"li1\"><span class=\"s1\">establecer un protocolo que asegure un di\u00e1logo regular y una n\u00edtida red de informaci\u00f3n entre los agentes de seguridad y los responsables de la instituci\u00f3n (a qui\u00e9n llamar, en qu\u00e9 orden, con n\u00fameros de contacto actualizados, etc.), as\u00ed como con los prestadores de servicios externos (en el caso de almacenamientos subcontratados).<\/span><\/li>\n<\/ul>\n<p class=\"p1\"><span class=\"s1\"><b>Adaptar los protocolos<\/b><\/span><\/p>\n<p class=\"p1\"><span class=\"s1\">La gran mayor\u00eda de los museos ya tiene un plan de protecci\u00f3n y seguridad. Sin embargo, la reciente encuesta del ICOM, sobre la crisis de COVID-19, indica que aproximadamente el 10% de los museos considera como inadecuadas las medidas de seguridad adicionales. El ICOM recomienda encarecidamente que los protocolos de seguridad se adec\u00faen al confinamiento y a la disponibilidad del personal.<\/span><\/p>\n<p class=\"p1\"><span class=\"s1\">Por ejemplo,<\/span><\/p>\n<ul class=\"ul1\">\n<li class=\"li1\"><span class=\"s1\">la direcci\u00f3n del museo y el personal de seguridad deben establecer una lista precisa y clara del personal autorizado a acceder al edificio,<\/span><\/li>\n<li class=\"li1\"><span class=\"s1\">los guardias de seguridad deben vigilar el per\u00edmetro del edificio\/sitio (en particular cuando no hay CCTV disponible en el exterior),<\/span><\/li>\n<li class=\"li1\"><span class=\"s1\">se deber\u00e1 impedir o restringir, si es posible, el acercamiento de veh\u00edculos a los alrededores del edificio (con la ayuda de la polic\u00eda),<\/span><\/li>\n<li class=\"li1\"><span class=\"s1\">se deber\u00e1 evitar cualquier desplazamiento de obras de las colecciones,<\/span><\/li>\n<li class=\"li1\"><span class=\"s1\">se deber\u00edan programar informes de seguridad a la direcci\u00f3n del museo con una frecuencia de una vez a la semana.<\/span><\/li>\n<\/ul>\n<p class=\"p5\"><img loading=\"lazy\" decoding=\"async\" class=\"aligncenter size-large wp-image-38123\" src=\"https:\/\/icom.museum\/wp-content\/uploads\/2020\/04\/ES-1024x273.png\" alt=\"\" width=\"1024\" height=\"273\" srcset=\"https:\/\/icom.museum\/wp-content\/uploads\/2020\/04\/ES-1024x273.png 1024w, https:\/\/icom.museum\/wp-content\/uploads\/2020\/04\/ES-300x80.png 300w, https:\/\/icom.museum\/wp-content\/uploads\/2020\/04\/ES-768x205.png 768w, https:\/\/icom.museum\/wp-content\/uploads\/2020\/04\/ES.png 1772w\" sizes=\"(max-width: 1024px) 100vw, 1024px\" \/><\/p>\n<p class=\"p1\"><span class=\"s1\"><b>Comunicarse regularmente con los cuerpos de polic\u00eda<\/b><\/span><\/p>\n<p class=\"p1\"><span class=\"s1\">Los cuerpos de polic\u00eda se cuentan entre las profesiones en primera l\u00ednea en esta crisis, ya que el respeto de las medidas de confinamiento se considera una necesidad absoluta para luchar contra la pandemia. El ICOM y la INTERPOL animan a cada director de museo a mantener una estrecha comunicaci\u00f3n con su contacto en el seno de la polic\u00eda y a intercambiar informaci\u00f3n regularmente con su ministerio de referencia\/supervisi\u00f3n, si procede.<\/span><\/p>\n<p class=\"p1\"><span class=\"s1\">Una comunicaci\u00f3n frecuente y un r\u00e1pido flujo de informaci\u00f3n entre las personas de referencia designadas representan las bases de un sistema ya adoptado por el ICOM, la INTERPOL y sus aliados internacionales como la Organizaci\u00f3n Mundial de Aduana (OMA), la UNESCO y UNIDROIT. Por este motivo, el ICOM insta a los museos v\u00edctimas de robos a que informen inmediatamente a los servicios policiales competentes, para que \u00e9stos se pongan en contacto con su Oficina Central Nacional (OCN) de la INTERPOL y con la Unidad de Obras de Arte de la Secretar\u00eda General de INTERPOL (encargada de la base de datos sobre obras de arte robadas).<\/span><\/p>\n<p class=\"p6\" style=\"text-align: right;\"><span class=\"s1\"><i>\u201cNuestra historia y cultura, en su conjunto, se conserva en los museos. Hoy en d\u00eda, m\u00e1s que nunca, necesitamos fortalecerlos para proteger nuestro patrimonio de los ataques y la codicia de los criminales. INTERPOL est\u00e1 firmemente comprometida con la lucha contra el tr\u00e1fico il\u00edcito de bienes culturales, que est\u00e1 altamente relacionado con la delincuencia organizada y la financiaci\u00f3n del terrorismo.\u201d<\/i><\/span><\/p>\n<p class=\"p7\" style=\"text-align: right;\"><span class=\"s1\">Stephen Kavanagh, Director Ejecutivo de Servicios Policiales,<br \/>\n<\/span><span class=\"s1\">INTERPOL<\/span><\/p>\n<p><img loading=\"lazy\" decoding=\"async\" class=\"aligncenter size-large wp-image-38146\" src=\"https:\/\/icom.museum\/wp-content\/uploads\/2020\/04\/1599px-2006-09-16_-_United_Kingdom_-_England_-_London_-_British_Museum_-_Guard_-_Black_and_White_4889726280-1024x683.jpg\" alt=\"\" width=\"1024\" height=\"683\" srcset=\"https:\/\/icom.museum\/wp-content\/uploads\/2020\/04\/1599px-2006-09-16_-_United_Kingdom_-_England_-_London_-_British_Museum_-_Guard_-_Black_and_White_4889726280-1024x683.jpg 1024w, https:\/\/icom.museum\/wp-content\/uploads\/2020\/04\/1599px-2006-09-16_-_United_Kingdom_-_England_-_London_-_British_Museum_-_Guard_-_Black_and_White_4889726280-300x200.jpg 300w, https:\/\/icom.museum\/wp-content\/uploads\/2020\/04\/1599px-2006-09-16_-_United_Kingdom_-_England_-_London_-_British_Museum_-_Guard_-_Black_and_White_4889726280-768x512.jpg 768w, https:\/\/icom.museum\/wp-content\/uploads\/2020\/04\/1599px-2006-09-16_-_United_Kingdom_-_England_-_London_-_British_Museum_-_Guard_-_Black_and_White_4889726280.jpg 1599w\" sizes=\"(max-width: 1024px) 100vw, 1024px\" \/><\/p>\n<p class=\"p1\"><span class=\"s1\"><b>Colaborar con otras instituciones culturales que se enfrentan a las mismas dificultades<\/b><\/span><\/p>\n<p class=\"p1\"><span class=\"s1\">Los museos est\u00e1n afectados por esta crisis, as\u00ed como los monumentos, sitios, bibliotecas y edificios religiosos. Los asuntos de seguridad representan actualmente una grave preocupaci\u00f3n para todas estas instituciones. Por lo tanto, las soluciones descritas anteriormente podr\u00e1n ser compartidas. En particular, la comunicaci\u00f3n con la polic\u00eda que, en colaboraci\u00f3n con los responsables de esas instituciones, puede contribuir a reforzar la vigilancia de las zonas m\u00e1s ricas en patrimonio cultural.<\/span><\/p>\n<p class=\"p1\"><span class=\"s1\"><b>Incluir a los vecinos y a la comunidad local<\/b><\/span><\/p>\n<p class=\"p1\"><span class=\"s1\">Los museos son espacios sociales vitales dentro de sus comunidades. Cuando un museo est\u00e1 ubicado en una zona residencial, los propios residentes, confinados en sus casas, podr\u00edan ser sensibilizados sobre la necesidad de informar a la polic\u00eda en caso de tr\u00e1fico o ruido sospechoso en el museo o en sus alrededores. Saber a qui\u00e9n llamar y actuar r\u00e1pidamente son dos medidas preventivas importantes.<\/span><\/p>\n<p class=\"p1\"><span class=\"s1\"><b>Empezar a pensar en el ma\u00f1ana&#8230;<\/b><\/span><\/p>\n<p class=\"p6\" style=\"text-align: right;\"><span class=\"s1\"><i>\u201cMi consejo es que se empiece a pensar en c\u00f3mo se reabrir\u00e1 cuando llegue el momento oportuno. Se deber\u00eda pensar en c\u00f3mo llevar a cabo la reapertura de los museos. \u00a1Un pronto retorno a la situaci\u00f3n normal es la mejor medida de seguridad que se pueda ejecutar!\u201d<\/i><\/span><\/p>\n<p class=\"p7\" style=\"text-align: right;\"><span class=\"s1\">Anette Hansen,<br \/>\n<\/span><span class=\"s1\">ICMS Chair<\/span><\/p>\n<p class=\"p1\"><span class=\"s1\">El ICOM recibe regularmente informaci\u00f3n sobre iniciativas de seguridad espec\u00edficas, incluso sin precedentes, que no pueden, por razones evidentes, hacerse p\u00fablicas. Sin embargo, en esta \u00e9poca de crisis, debemos agradecer a todas las personas que, trabajando dentro y fuera de los museos, garantizan que las colecciones se mantengan seguras, para que el p\u00fablico pueda volver a tener acceso a ellas en condiciones \u00f3ptimas una vez que termine el confinamiento. Gracias por su dedicaci\u00f3n.<\/span><\/p>\n<p class=\"p8\"><span class=\"link_red\"><a href=\"https:\/\/icom.museum\/wp-content\/uploads\/2020\/04\/ICOM-INTERPOL-RecommendationsES.pdf\">Versi\u00f3n PDF<\/a><\/span><\/p>\n<p><img loading=\"lazy\" decoding=\"async\" class=\"aligncenter size-large wp-image-38129\" src=\"https:\/\/icom.museum\/wp-content\/uploads\/2020\/04\/HeaderES-1024x272.png\" alt=\"\" width=\"1024\" height=\"272\" srcset=\"https:\/\/icom.museum\/wp-content\/uploads\/2020\/04\/HeaderES-1024x272.png 1024w, https:\/\/icom.museum\/wp-content\/uploads\/2020\/04\/HeaderES-300x80.png 300w, https:\/\/icom.museum\/wp-content\/uploads\/2020\/04\/HeaderES-768x204.png 768w\" sizes=\"(max-width: 1024px) 100vw, 1024px\" \/><\/p>\n","protected":false},"excerpt":{"rendered":"<p>Recomendaciones del ICOM y la INTERPOL Desde el comienzo de la crisis sanitaria del COVID-19, el 95% de los museos del mundo se han visto obligados a cerrar temporalmente sus puertas para proteger a sus visitantes. Las medidas de auto-aislamiento representan un enorme obst\u00e1culo para los profesionales de los museos, que deben seguir garantizando la [&hellip;]<\/p>\n","protected":false},"author":5865,"featured_media":0,"parent":37724,"menu_order":0,"comment_status":"closed","ping_status":"closed","template":"","meta":{"inline_featured_image":false,"footnotes":""},"class_list":["post-38000","page","type-page","status-publish","hentry"],"acf":[],"yoast_head":"<!-- This site is optimized with the Yoast SEO plugin v23.7 - https:\/\/yoast.com\/wordpress\/plugins\/seo\/ -->\n<title>Garantizar la seguridad del patrimonio cultural durante el confinamiento: un desaf\u00edo para profesionales de museos y cuerpos de polic\u00eda - International Council of Museums<\/title>\n<meta name=\"robots\" content=\"index, follow, max-snippet:-1, max-image-preview:large, max-video-preview:-1\" \/>\n<link rel=\"canonical\" href=\"https:\/\/icom.museum\/es\/covid-19\/recursos\/garantizar-la-seguridad-del-patrimonio-cultural-durante-el-confinamiento-un-desafio-para-profesionales-de-museos-y-cuerpos-de-policia\/\" \/>\n<meta property=\"og:locale\" content=\"es_ES\" \/>\n<meta property=\"og:type\" content=\"article\" \/>\n<meta property=\"og:title\" content=\"Garantizar la seguridad del patrimonio cultural durante el confinamiento: un desaf\u00edo para profesionales de museos y cuerpos de polic\u00eda - International Council of Museums\" \/>\n<meta property=\"og:description\" content=\"Recomendaciones del ICOM y la INTERPOL Desde el comienzo de la crisis sanitaria del COVID-19, el 95% de los museos del mundo se han visto obligados a cerrar temporalmente sus puertas para proteger a sus visitantes. Las medidas de auto-aislamiento representan un enorme obst\u00e1culo para los profesionales de los museos, que deben seguir garantizando la [&hellip;]\" \/>\n<meta property=\"og:url\" content=\"https:\/\/icom.museum\/es\/covid-19\/recursos\/garantizar-la-seguridad-del-patrimonio-cultural-durante-el-confinamiento-un-desafio-para-profesionales-de-museos-y-cuerpos-de-policia\/\" \/>\n<meta property=\"og:site_name\" content=\"International Council of Museums\" \/>\n<meta property=\"og:image\" content=\"https:\/\/icom.museum\/wp-content\/uploads\/2020\/04\/ES.png\" \/>\n\t<meta property=\"og:image:width\" content=\"1772\" \/>\n\t<meta property=\"og:image:height\" content=\"472\" \/>\n\t<meta property=\"og:image:type\" content=\"image\/png\" \/>\n<meta name=\"twitter:card\" content=\"summary_large_image\" \/>\n<meta name=\"twitter:label1\" content=\"Tiempo de lectura\" \/>\n\t<meta name=\"twitter:data1\" content=\"6 minutos\" \/>\n<script type=\"application\/ld+json\" class=\"yoast-schema-graph\">{\"@context\":\"https:\/\/schema.org\",\"@graph\":[{\"@type\":\"WebPage\",\"@id\":\"https:\/\/icom.museum\/es\/covid-19\/recursos\/garantizar-la-seguridad-del-patrimonio-cultural-durante-el-confinamiento-un-desafio-para-profesionales-de-museos-y-cuerpos-de-policia\/\",\"url\":\"https:\/\/icom.museum\/es\/covid-19\/recursos\/garantizar-la-seguridad-del-patrimonio-cultural-durante-el-confinamiento-un-desafio-para-profesionales-de-museos-y-cuerpos-de-policia\/\",\"name\":\"Garantizar la seguridad del patrimonio cultural durante el confinamiento: un desaf\u00edo para profesionales de museos y cuerpos de polic\u00eda - International Council of Museums\",\"isPartOf\":{\"@id\":\"https:\/\/icom.museum\/en\/#website\"},\"primaryImageOfPage\":{\"@id\":\"https:\/\/icom.museum\/es\/covid-19\/recursos\/garantizar-la-seguridad-del-patrimonio-cultural-durante-el-confinamiento-un-desafio-para-profesionales-de-museos-y-cuerpos-de-policia\/#primaryimage\"},\"image\":{\"@id\":\"https:\/\/icom.museum\/es\/covid-19\/recursos\/garantizar-la-seguridad-del-patrimonio-cultural-durante-el-confinamiento-un-desafio-para-profesionales-de-museos-y-cuerpos-de-policia\/#primaryimage\"},\"thumbnailUrl\":\"https:\/\/icom.museum\/wp-content\/uploads\/2020\/04\/ES-1024x273.png\",\"datePublished\":\"2020-04-27T13:43:46+00:00\",\"dateModified\":\"2020-04-27T13:43:46+00:00\",\"breadcrumb\":{\"@id\":\"https:\/\/icom.museum\/es\/covid-19\/recursos\/garantizar-la-seguridad-del-patrimonio-cultural-durante-el-confinamiento-un-desafio-para-profesionales-de-museos-y-cuerpos-de-policia\/#breadcrumb\"},\"inLanguage\":\"es\",\"potentialAction\":[{\"@type\":\"ReadAction\",\"target\":[\"https:\/\/icom.museum\/es\/covid-19\/recursos\/garantizar-la-seguridad-del-patrimonio-cultural-durante-el-confinamiento-un-desafio-para-profesionales-de-museos-y-cuerpos-de-policia\/\"]}]},{\"@type\":\"ImageObject\",\"inLanguage\":\"es\",\"@id\":\"https:\/\/icom.museum\/es\/covid-19\/recursos\/garantizar-la-seguridad-del-patrimonio-cultural-durante-el-confinamiento-un-desafio-para-profesionales-de-museos-y-cuerpos-de-policia\/#primaryimage\",\"url\":\"https:\/\/icom.museum\/wp-content\/uploads\/2020\/04\/ES-1024x273.png\",\"contentUrl\":\"https:\/\/icom.museum\/wp-content\/uploads\/2020\/04\/ES-1024x273.png\"},{\"@type\":\"BreadcrumbList\",\"@id\":\"https:\/\/icom.museum\/es\/covid-19\/recursos\/garantizar-la-seguridad-del-patrimonio-cultural-durante-el-confinamiento-un-desafio-para-profesionales-de-museos-y-cuerpos-de-policia\/#breadcrumb\",\"itemListElement\":[{\"@type\":\"ListItem\",\"position\":1,\"name\":\"Home\",\"item\":\"https:\/\/icom.museum\/es\/\"},{\"@type\":\"ListItem\",\"position\":2,\"name\":\"COVID-19\",\"item\":\"https:\/\/icom.museum\/es\/covid-19\/\"},{\"@type\":\"ListItem\",\"position\":3,\"name\":\"Recomendaciones\",\"item\":\"https:\/\/icom.museum\/es\/covid-19\/recursos\/\"},{\"@type\":\"ListItem\",\"position\":4,\"name\":\"Garantizar la seguridad del patrimonio cultural durante el confinamiento: un desaf\u00edo para profesionales de museos y cuerpos de polic\u00eda\"}]},{\"@type\":\"WebSite\",\"@id\":\"https:\/\/icom.museum\/en\/#website\",\"url\":\"https:\/\/icom.museum\/en\/\",\"name\":\"International Council of Museums\",\"description\":\"A global organisation of museums &amp; museum professionals committed to the promotion and protection of cultural heritage\",\"publisher\":{\"@id\":\"https:\/\/icom.museum\/en\/#organization\"},\"potentialAction\":[{\"@type\":\"SearchAction\",\"target\":{\"@type\":\"EntryPoint\",\"urlTemplate\":\"https:\/\/icom.museum\/en\/?s={search_term_string}\"},\"query-input\":{\"@type\":\"PropertyValueSpecification\",\"valueRequired\":true,\"valueName\":\"search_term_string\"}}],\"inLanguage\":\"es\"},{\"@type\":\"Organization\",\"@id\":\"https:\/\/icom.museum\/en\/#organization\",\"name\":\"International Council of Museums\",\"url\":\"https:\/\/icom.museum\/en\/\",\"logo\":{\"@type\":\"ImageObject\",\"inLanguage\":\"es\",\"@id\":\"https:\/\/icom.museum\/en\/#\/schema\/logo\/image\/\",\"url\":\"https:\/\/icom.museum\/wp-content\/uploads\/2018\/07\/ICOM_M_.jpg\",\"contentUrl\":\"https:\/\/icom.museum\/wp-content\/uploads\/2018\/07\/ICOM_M_.jpg\",\"width\":1721,\"height\":1721,\"caption\":\"International Council of Museums\"},\"image\":{\"@id\":\"https:\/\/icom.museum\/en\/#\/schema\/logo\/image\/\"}}]}<\/script>\n<!-- \/ Yoast SEO plugin. -->","yoast_head_json":{"title":"Garantizar la seguridad del patrimonio cultural durante el confinamiento: un desaf\u00edo para profesionales de museos y cuerpos de polic\u00eda - International Council of Museums","robots":{"index":"index","follow":"follow","max-snippet":"max-snippet:-1","max-image-preview":"max-image-preview:large","max-video-preview":"max-video-preview:-1"},"canonical":"https:\/\/icom.museum\/es\/covid-19\/recursos\/garantizar-la-seguridad-del-patrimonio-cultural-durante-el-confinamiento-un-desafio-para-profesionales-de-museos-y-cuerpos-de-policia\/","og_locale":"es_ES","og_type":"article","og_title":"Garantizar la seguridad del patrimonio cultural durante el confinamiento: un desaf\u00edo para profesionales de museos y cuerpos de polic\u00eda - International Council of Museums","og_description":"Recomendaciones del ICOM y la INTERPOL Desde el comienzo de la crisis sanitaria del COVID-19, el 95% de los museos del mundo se han visto obligados a cerrar temporalmente sus puertas para proteger a sus visitantes. Las medidas de auto-aislamiento representan un enorme obst\u00e1culo para los profesionales de los museos, que deben seguir garantizando la [&hellip;]","og_url":"https:\/\/icom.museum\/es\/covid-19\/recursos\/garantizar-la-seguridad-del-patrimonio-cultural-durante-el-confinamiento-un-desafio-para-profesionales-de-museos-y-cuerpos-de-policia\/","og_site_name":"International Council of Museums","og_image":[{"width":1772,"height":472,"url":"https:\/\/icom.museum\/wp-content\/uploads\/2020\/04\/ES.png","type":"image\/png"}],"twitter_card":"summary_large_image","twitter_misc":{"Tiempo de lectura":"6 minutos"},"schema":{"@context":"https:\/\/schema.org","@graph":[{"@type":"WebPage","@id":"https:\/\/icom.museum\/es\/covid-19\/recursos\/garantizar-la-seguridad-del-patrimonio-cultural-durante-el-confinamiento-un-desafio-para-profesionales-de-museos-y-cuerpos-de-policia\/","url":"https:\/\/icom.museum\/es\/covid-19\/recursos\/garantizar-la-seguridad-del-patrimonio-cultural-durante-el-confinamiento-un-desafio-para-profesionales-de-museos-y-cuerpos-de-policia\/","name":"Garantizar la seguridad del patrimonio cultural durante el confinamiento: un desaf\u00edo para profesionales de museos y cuerpos de polic\u00eda - International Council of Museums","isPartOf":{"@id":"https:\/\/icom.museum\/en\/#website"},"primaryImageOfPage":{"@id":"https:\/\/icom.museum\/es\/covid-19\/recursos\/garantizar-la-seguridad-del-patrimonio-cultural-durante-el-confinamiento-un-desafio-para-profesionales-de-museos-y-cuerpos-de-policia\/#primaryimage"},"image":{"@id":"https:\/\/icom.museum\/es\/covid-19\/recursos\/garantizar-la-seguridad-del-patrimonio-cultural-durante-el-confinamiento-un-desafio-para-profesionales-de-museos-y-cuerpos-de-policia\/#primaryimage"},"thumbnailUrl":"https:\/\/icom.museum\/wp-content\/uploads\/2020\/04\/ES-1024x273.png","datePublished":"2020-04-27T13:43:46+00:00","dateModified":"2020-04-27T13:43:46+00:00","breadcrumb":{"@id":"https:\/\/icom.museum\/es\/covid-19\/recursos\/garantizar-la-seguridad-del-patrimonio-cultural-durante-el-confinamiento-un-desafio-para-profesionales-de-museos-y-cuerpos-de-policia\/#breadcrumb"},"inLanguage":"es","potentialAction":[{"@type":"ReadAction","target":["https:\/\/icom.museum\/es\/covid-19\/recursos\/garantizar-la-seguridad-del-patrimonio-cultural-durante-el-confinamiento-un-desafio-para-profesionales-de-museos-y-cuerpos-de-policia\/"]}]},{"@type":"ImageObject","inLanguage":"es","@id":"https:\/\/icom.museum\/es\/covid-19\/recursos\/garantizar-la-seguridad-del-patrimonio-cultural-durante-el-confinamiento-un-desafio-para-profesionales-de-museos-y-cuerpos-de-policia\/#primaryimage","url":"https:\/\/icom.museum\/wp-content\/uploads\/2020\/04\/ES-1024x273.png","contentUrl":"https:\/\/icom.museum\/wp-content\/uploads\/2020\/04\/ES-1024x273.png"},{"@type":"BreadcrumbList","@id":"https:\/\/icom.museum\/es\/covid-19\/recursos\/garantizar-la-seguridad-del-patrimonio-cultural-durante-el-confinamiento-un-desafio-para-profesionales-de-museos-y-cuerpos-de-policia\/#breadcrumb","itemListElement":[{"@type":"ListItem","position":1,"name":"Home","item":"https:\/\/icom.museum\/es\/"},{"@type":"ListItem","position":2,"name":"COVID-19","item":"https:\/\/icom.museum\/es\/covid-19\/"},{"@type":"ListItem","position":3,"name":"Recomendaciones","item":"https:\/\/icom.museum\/es\/covid-19\/recursos\/"},{"@type":"ListItem","position":4,"name":"Garantizar la seguridad del patrimonio cultural durante el confinamiento: un desaf\u00edo para profesionales de museos y cuerpos de polic\u00eda"}]},{"@type":"WebSite","@id":"https:\/\/icom.museum\/en\/#website","url":"https:\/\/icom.museum\/en\/","name":"International Council of Museums","description":"A global organisation of museums &amp; museum professionals committed to the promotion and protection of cultural heritage","publisher":{"@id":"https:\/\/icom.museum\/en\/#organization"},"potentialAction":[{"@type":"SearchAction","target":{"@type":"EntryPoint","urlTemplate":"https:\/\/icom.museum\/en\/?s={search_term_string}"},"query-input":{"@type":"PropertyValueSpecification","valueRequired":true,"valueName":"search_term_string"}}],"inLanguage":"es"},{"@type":"Organization","@id":"https:\/\/icom.museum\/en\/#organization","name":"International Council of Museums","url":"https:\/\/icom.museum\/en\/","logo":{"@type":"ImageObject","inLanguage":"es","@id":"https:\/\/icom.museum\/en\/#\/schema\/logo\/image\/","url":"https:\/\/icom.museum\/wp-content\/uploads\/2018\/07\/ICOM_M_.jpg","contentUrl":"https:\/\/icom.museum\/wp-content\/uploads\/2018\/07\/ICOM_M_.jpg","width":1721,"height":1721,"caption":"International Council of Museums"},"image":{"@id":"https:\/\/icom.museum\/en\/#\/schema\/logo\/image\/"}}]}},"_links":{"self":[{"href":"https:\/\/icom.museum\/es\/wp-json\/wp\/v2\/pages\/38000"}],"collection":[{"href":"https:\/\/icom.museum\/es\/wp-json\/wp\/v2\/pages"}],"about":[{"href":"https:\/\/icom.museum\/es\/wp-json\/wp\/v2\/types\/page"}],"author":[{"embeddable":true,"href":"https:\/\/icom.museum\/es\/wp-json\/wp\/v2\/users\/5865"}],"replies":[{"embeddable":true,"href":"https:\/\/icom.museum\/es\/wp-json\/wp\/v2\/comments?post=38000"}],"version-history":[{"count":7,"href":"https:\/\/icom.museum\/es\/wp-json\/wp\/v2\/pages\/38000\/revisions"}],"predecessor-version":[{"id":38250,"href":"https:\/\/icom.museum\/es\/wp-json\/wp\/v2\/pages\/38000\/revisions\/38250"}],"up":[{"embeddable":true,"href":"https:\/\/icom.museum\/es\/wp-json\/wp\/v2\/pages\/37724"}],"wp:attachment":[{"href":"https:\/\/icom.museum\/es\/wp-json\/wp\/v2\/media?parent=38000"}],"curies":[{"name":"wp","href":"https:\/\/api.w.org\/{rel}","templated":true}]}}