{"id":38066,"date":"2020-04-22T12:22:47","date_gmt":"2020-04-22T10:22:47","guid":{"rendered":"https:\/\/icom.museum\/?page_id=38066"},"modified":"2020-06-30T13:08:56","modified_gmt":"2020-06-30T11:08:56","slug":"comparta-su-experiencia-con-icom-voices","status":"publish","type":"page","link":"https:\/\/icom.museum\/es\/covid-19\/encuestas-y-datos\/comparta-su-experiencia-con-icom-voices\/","title":{"rendered":"Comparta sus experiencias con ICOM Voices"},"content":{"rendered":"<p class=\"p1\"><span class=\"s1\">En el contexto de la actual crisis sanitaria mundial, lanzamos una convocatoria especial de art\u00edculos para nuestro espacio editorial en l\u00ednea, <b>ICOM Voices.<\/b> Seg\u00fan <a href=\"https:\/\/icom.museum\/es\/covid-19\/encuestas-y-datos\/survey-museums-and-museum-professionals\/\">una encuesta del ICOM<\/a>, mas del 94% de los museos est\u00e1n cerrados en todo el mundo y, en el 84% de esas instituciones, menos del 25% del personal trabaja actualmente <i>in situ<\/i>. Se estiman graves consecuencias para la estabilidad econ\u00f3mica de los museos, la seguridad y la conservaci\u00f3n de sus colecciones, y para el sector cultural en su conjunto.<\/span><\/p>\n<p class=\"p1\"><span class=\"s1\">Por lo tanto, el objetivo de este llamamiento es fomentar una reflexi\u00f3n y un di\u00e1logo colectivos sobre las repercusiones de la crisis actual en los museos, explorando y destacando las soluciones que se est\u00e1n desarrollando a trav\u00e9s de los medios digitales.<\/span><\/p>\n<p class=\"p1\"><span class=\"s1\">Invitamos a todos los miembros del ICOM a compartir sus experiencias en esta crisis enviando art\u00edculos o breves relatos personales relacionados con los temas que figuran a continuaci\u00f3n, en ingl\u00e9s, franc\u00e9s o espa\u00f1ol.<\/span><\/p>\n<p><span class=\"s1\"><b>Protecci\u00f3n y conservaci\u00f3n del patrimonio material e inmaterial:<\/b><\/span><\/p>\n<ul class=\"ul1\">\n<li class=\"li1\"><span class=\"s1\">\u00bfC\u00f3mo est\u00e1 afectando la actual crisis sanitaria a la protecci\u00f3n y conservaci\u00f3n del patrimonio (material e inmaterial) de las colecciones de los museos?<\/span><\/li>\n<\/ul>\n<p><span class=\"s1\"><b>Profesionales de los museos, su gesti\u00f3n y administraci\u00f3n:<\/b><\/span><\/p>\n<ul class=\"ul1\">\n<li class=\"li1\"><span class=\"s1\">\u00bfC\u00f3mo afecta la actual crisis sanitaria a las condiciones laborales de los profesionales de los museos y de los aut\u00f3nomos?<\/span><\/li>\n<li class=\"li1\"><span class=\"s1\">\u00bfQu\u00e9 soluciones internas o externas pueden considerarse? <\/span><\/li>\n<li class=\"li1\"><span class=\"s1\">\u00bfHan adoptado los gobiernos medidas de emergencia para apoyar a los museos? \u00bfHan surgido iniciativas de base que las complementen?<\/span><\/li>\n<\/ul>\n<p><span class=\"s1\"><b>Desarrollo local y comunidades:<\/b><\/span><\/p>\n<ul class=\"ul1\">\n<li class=\"li1\"><span class=\"s1\">\u00bfC\u00f3mo pueden los museos ayudar a sus comunidades a hacer frente a la crisis?<\/span><\/li>\n<li class=\"li1\"><span class=\"s1\">\u00bfQu\u00e9 medidas est\u00e1n llevando a cabo los museos para apoyar la capacidad de adaptaci\u00f3n de la comunidad, fomentando la salud y el bienestar del p\u00fablico y de los profesionales?<\/span><\/li>\n<\/ul>\n<p><span class=\"s1\"><b>Accesibilidad e inclusi\u00f3n:<\/b><\/span><\/p>\n<ul class=\"ul1\">\n<li class=\"li1\"><span class=\"s1\">\u00bfC\u00f3mo mantienen los museos el contacto con su p\u00fablico a distancia, especialmente con sus visitantes m\u00e1s fr\u00e1giles?<\/span><\/li>\n<li class=\"li1\"><span class=\"s1\">\u00bfC\u00f3mo preservan los museos su misi\u00f3n educativa al estimular la formaci\u00f3n de nuevos conocimientos a distancia?<\/span><\/li>\n<\/ul>\n<p class=\"p1\"><span class=\"s1\">Nos interesa conocer no solo sus iniciativas digitales innovadoras a nivel institucional, sino tambi\u00e9n c\u00f3mo la crisis est\u00e1 afectando a los profesionales de los museos y a los trabajadores aut\u00f3nomos.<\/span><\/p>\n<p><span class=\"link_blue\"><a href=\"https:\/\/icom.museum\/es\/noticias\/?c=541\">LEA TODOS LOS ART\u00cdCULOS DE ICOM VOICES<\/a><\/span><\/p>\n<div class=\"separator\">\n<p class=\"p1\"><span class=\"s1\">C\u00d3MO PRESENTAR UNA PROPUESTA<\/span><\/p>\n<\/div>\n<p class=\"p1\"><span class=\"s1\">Para enviar una propuesta de art\u00edculo para <b>ICOM<\/b> <b>Voices<\/b>, por favor, acceda a su espacio miembro en el sitio web del ICOM y clique en &#8220;Enviar una propuesta de art\u00edculo para ICOM Voices&#8221;.<\/span><\/p>\n<div class=\"separator\">\n<p class=\"p1\"><span class=\"s1\">FORMATO<\/span><\/p>\n<\/div>\n<p class=\"p1\"><span class=\"s1\">Por favor, escriba un resumen de 100 palabras de su art\u00edculo en el recuadro provisto. Tambi\u00e9n se tendr\u00e1n en cuenta los art\u00edculos completos (700 palabras como m\u00e1ximo) y los relatos personales (500 palabras como m\u00e1ximo) enviados como adjuntos.<\/span><\/p>\n<div class=\"separator\">\n<p class=\"p1\"><span class=\"s1\">IDIOMA<\/span><\/p>\n<\/div>\n<p class=\"p1\"><span class=\"s1\">Puede enviar su propuesta en uno de los tres idiomas oficiales del ICOM: ingl\u00e9s, franc\u00e9s o espa\u00f1ol. Por favor, aseg\u00farese de que su propuesta se relaciona con uno de los cuatro temas especificados arriba.<\/span><\/p>\n<div class=\"separator\">\n<p class=\"p1\"><span class=\"s1\">FECHAS<\/span><\/p>\n<\/div>\n<p class=\"p1\"><span class=\"s1\">Las propuestas recibidas ser\u00e1n revisadas por el equipo editorial del sitio web del ICOM. Si su propuesta resulta seleccionada, nos pondremos en contacto con usted.<\/span><\/p>\n<p class=\"p1\"><span class=\"s1\">Puede encontrar las directrices para la presentaci\u00f3n de art\u00edculos completos e informaciones sobre el proceso editoria <a href=\"https:\/\/icom.museum\/wp-content\/uploads\/2019\/12\/Editorial-Guidelines_web_final_061219_ES-1.docx\">aqu\u00ed<\/a>.\u00a0<\/span><\/p>\n<p class=\"p6\"><span class=\"s1\">El equipo de <b>ICOM Voices<\/b> les agradece por sus contribuciones.<\/span><\/p>\n","protected":false},"excerpt":{"rendered":"<p>En el contexto de la actual crisis sanitaria mundial, lanzamos una convocatoria especial de art\u00edculos para nuestro espacio editorial en l\u00ednea, ICOM Voices. Seg\u00fan una encuesta del ICOM, mas del 94% de los museos est\u00e1n cerrados en todo el mundo y, en el 84% de esas instituciones, menos del 25% del personal trabaja actualmente in [&hellip;]<\/p>\n","protected":false},"author":3334,"featured_media":0,"parent":37924,"menu_order":0,"comment_status":"closed","ping_status":"closed","template":"","meta":{"inline_featured_image":false,"footnotes":""},"class_list":["post-38066","page","type-page","status-publish","hentry"],"acf":[],"yoast_head":"<!-- This site is optimized with the Yoast SEO plugin v23.7 - https:\/\/yoast.com\/wordpress\/plugins\/seo\/ -->\n<title>Comparta sus experiencias con ICOM Voices - International Council of Museums<\/title>\n<meta name=\"robots\" content=\"index, follow, max-snippet:-1, max-image-preview:large, max-video-preview:-1\" \/>\n<link rel=\"canonical\" href=\"https:\/\/icom.museum\/es\/covid-19\/encuestas-y-datos\/comparta-su-experiencia-con-icom-voices\/\" \/>\n<meta property=\"og:locale\" content=\"es_ES\" \/>\n<meta property=\"og:type\" content=\"article\" \/>\n<meta property=\"og:title\" content=\"Comparta sus experiencias con ICOM Voices - International Council of Museums\" \/>\n<meta property=\"og:description\" content=\"En el contexto de la actual crisis sanitaria mundial, lanzamos una convocatoria especial de art\u00edculos para nuestro espacio editorial en l\u00ednea, ICOM Voices. Seg\u00fan una encuesta del ICOM, mas del 94% de los museos est\u00e1n cerrados en todo el mundo y, en el 84% de esas instituciones, menos del 25% del personal trabaja actualmente in [&hellip;]\" \/>\n<meta property=\"og:url\" content=\"https:\/\/icom.museum\/es\/covid-19\/encuestas-y-datos\/comparta-su-experiencia-con-icom-voices\/\" \/>\n<meta property=\"og:site_name\" content=\"International Council of Museums\" \/>\n<meta property=\"article:modified_time\" content=\"2020-06-30T11:08:56+00:00\" \/>\n<meta property=\"og:image\" content=\"https:\/\/icom.museum\/wp-content\/uploads\/2020\/04\/Copia-di-What-do-you-love-about-social-media_-happysocialmediaday.png\" \/>\n<meta name=\"twitter:card\" content=\"summary_large_image\" \/>\n<meta name=\"twitter:label1\" content=\"Tiempo de lectura\" \/>\n\t<meta name=\"twitter:data1\" content=\"3 minutos\" \/>\n<script type=\"application\/ld+json\" class=\"yoast-schema-graph\">{\"@context\":\"https:\/\/schema.org\",\"@graph\":[{\"@type\":\"WebPage\",\"@id\":\"https:\/\/icom.museum\/es\/covid-19\/encuestas-y-datos\/comparta-su-experiencia-con-icom-voices\/\",\"url\":\"https:\/\/icom.museum\/es\/covid-19\/encuestas-y-datos\/comparta-su-experiencia-con-icom-voices\/\",\"name\":\"Comparta sus experiencias con ICOM Voices - International Council of Museums\",\"isPartOf\":{\"@id\":\"https:\/\/icom.museum\/en\/#website\"},\"datePublished\":\"2020-04-22T10:22:47+00:00\",\"dateModified\":\"2020-06-30T11:08:56+00:00\",\"breadcrumb\":{\"@id\":\"https:\/\/icom.museum\/es\/covid-19\/encuestas-y-datos\/comparta-su-experiencia-con-icom-voices\/#breadcrumb\"},\"inLanguage\":\"es\",\"potentialAction\":[{\"@type\":\"ReadAction\",\"target\":[\"https:\/\/icom.museum\/es\/covid-19\/encuestas-y-datos\/comparta-su-experiencia-con-icom-voices\/\"]}]},{\"@type\":\"BreadcrumbList\",\"@id\":\"https:\/\/icom.museum\/es\/covid-19\/encuestas-y-datos\/comparta-su-experiencia-con-icom-voices\/#breadcrumb\",\"itemListElement\":[{\"@type\":\"ListItem\",\"position\":1,\"name\":\"Home\",\"item\":\"https:\/\/icom.museum\/es\/\"},{\"@type\":\"ListItem\",\"position\":2,\"name\":\"COVID-19\",\"item\":\"https:\/\/icom.museum\/es\/covid-19\/\"},{\"@type\":\"ListItem\",\"position\":3,\"name\":\"Encuestas y datos\",\"item\":\"https:\/\/icom.museum\/es\/covid-19\/encuestas-y-datos\/\"},{\"@type\":\"ListItem\",\"position\":4,\"name\":\"Comparta sus experiencias con ICOM Voices\"}]},{\"@type\":\"WebSite\",\"@id\":\"https:\/\/icom.museum\/en\/#website\",\"url\":\"https:\/\/icom.museum\/en\/\",\"name\":\"International Council of Museums\",\"description\":\"A global organisation of museums &amp; museum professionals committed to the promotion and protection of cultural heritage\",\"publisher\":{\"@id\":\"https:\/\/icom.museum\/en\/#organization\"},\"potentialAction\":[{\"@type\":\"SearchAction\",\"target\":{\"@type\":\"EntryPoint\",\"urlTemplate\":\"https:\/\/icom.museum\/en\/?s={search_term_string}\"},\"query-input\":{\"@type\":\"PropertyValueSpecification\",\"valueRequired\":true,\"valueName\":\"search_term_string\"}}],\"inLanguage\":\"es\"},{\"@type\":\"Organization\",\"@id\":\"https:\/\/icom.museum\/en\/#organization\",\"name\":\"International Council of Museums\",\"url\":\"https:\/\/icom.museum\/en\/\",\"logo\":{\"@type\":\"ImageObject\",\"inLanguage\":\"es\",\"@id\":\"https:\/\/icom.museum\/en\/#\/schema\/logo\/image\/\",\"url\":\"https:\/\/icom.museum\/wp-content\/uploads\/2018\/07\/ICOM_M_.jpg\",\"contentUrl\":\"https:\/\/icom.museum\/wp-content\/uploads\/2018\/07\/ICOM_M_.jpg\",\"width\":1721,\"height\":1721,\"caption\":\"International Council of Museums\"},\"image\":{\"@id\":\"https:\/\/icom.museum\/en\/#\/schema\/logo\/image\/\"}}]}<\/script>\n<!-- \/ Yoast SEO plugin. -->","yoast_head_json":{"title":"Comparta sus experiencias con ICOM Voices - International Council of Museums","robots":{"index":"index","follow":"follow","max-snippet":"max-snippet:-1","max-image-preview":"max-image-preview:large","max-video-preview":"max-video-preview:-1"},"canonical":"https:\/\/icom.museum\/es\/covid-19\/encuestas-y-datos\/comparta-su-experiencia-con-icom-voices\/","og_locale":"es_ES","og_type":"article","og_title":"Comparta sus experiencias con ICOM Voices - International Council of Museums","og_description":"En el contexto de la actual crisis sanitaria mundial, lanzamos una convocatoria especial de art\u00edculos para nuestro espacio editorial en l\u00ednea, ICOM Voices. Seg\u00fan una encuesta del ICOM, mas del 94% de los museos est\u00e1n cerrados en todo el mundo y, en el 84% de esas instituciones, menos del 25% del personal trabaja actualmente in [&hellip;]","og_url":"https:\/\/icom.museum\/es\/covid-19\/encuestas-y-datos\/comparta-su-experiencia-con-icom-voices\/","og_site_name":"International Council of Museums","article_modified_time":"2020-06-30T11:08:56+00:00","og_image":[{"url":"https:\/\/icom.museum\/wp-content\/uploads\/2020\/04\/Copia-di-What-do-you-love-about-social-media_-happysocialmediaday.png"}],"twitter_card":"summary_large_image","twitter_misc":{"Tiempo de lectura":"3 minutos"},"schema":{"@context":"https:\/\/schema.org","@graph":[{"@type":"WebPage","@id":"https:\/\/icom.museum\/es\/covid-19\/encuestas-y-datos\/comparta-su-experiencia-con-icom-voices\/","url":"https:\/\/icom.museum\/es\/covid-19\/encuestas-y-datos\/comparta-su-experiencia-con-icom-voices\/","name":"Comparta sus experiencias con ICOM Voices - International Council of Museums","isPartOf":{"@id":"https:\/\/icom.museum\/en\/#website"},"datePublished":"2020-04-22T10:22:47+00:00","dateModified":"2020-06-30T11:08:56+00:00","breadcrumb":{"@id":"https:\/\/icom.museum\/es\/covid-19\/encuestas-y-datos\/comparta-su-experiencia-con-icom-voices\/#breadcrumb"},"inLanguage":"es","potentialAction":[{"@type":"ReadAction","target":["https:\/\/icom.museum\/es\/covid-19\/encuestas-y-datos\/comparta-su-experiencia-con-icom-voices\/"]}]},{"@type":"BreadcrumbList","@id":"https:\/\/icom.museum\/es\/covid-19\/encuestas-y-datos\/comparta-su-experiencia-con-icom-voices\/#breadcrumb","itemListElement":[{"@type":"ListItem","position":1,"name":"Home","item":"https:\/\/icom.museum\/es\/"},{"@type":"ListItem","position":2,"name":"COVID-19","item":"https:\/\/icom.museum\/es\/covid-19\/"},{"@type":"ListItem","position":3,"name":"Encuestas y datos","item":"https:\/\/icom.museum\/es\/covid-19\/encuestas-y-datos\/"},{"@type":"ListItem","position":4,"name":"Comparta sus experiencias con ICOM Voices"}]},{"@type":"WebSite","@id":"https:\/\/icom.museum\/en\/#website","url":"https:\/\/icom.museum\/en\/","name":"International Council of Museums","description":"A global organisation of museums &amp; museum professionals committed to the promotion and protection of cultural heritage","publisher":{"@id":"https:\/\/icom.museum\/en\/#organization"},"potentialAction":[{"@type":"SearchAction","target":{"@type":"EntryPoint","urlTemplate":"https:\/\/icom.museum\/en\/?s={search_term_string}"},"query-input":{"@type":"PropertyValueSpecification","valueRequired":true,"valueName":"search_term_string"}}],"inLanguage":"es"},{"@type":"Organization","@id":"https:\/\/icom.museum\/en\/#organization","name":"International Council of Museums","url":"https:\/\/icom.museum\/en\/","logo":{"@type":"ImageObject","inLanguage":"es","@id":"https:\/\/icom.museum\/en\/#\/schema\/logo\/image\/","url":"https:\/\/icom.museum\/wp-content\/uploads\/2018\/07\/ICOM_M_.jpg","contentUrl":"https:\/\/icom.museum\/wp-content\/uploads\/2018\/07\/ICOM_M_.jpg","width":1721,"height":1721,"caption":"International Council of Museums"},"image":{"@id":"https:\/\/icom.museum\/en\/#\/schema\/logo\/image\/"}}]}},"_links":{"self":[{"href":"https:\/\/icom.museum\/es\/wp-json\/wp\/v2\/pages\/38066"}],"collection":[{"href":"https:\/\/icom.museum\/es\/wp-json\/wp\/v2\/pages"}],"about":[{"href":"https:\/\/icom.museum\/es\/wp-json\/wp\/v2\/types\/page"}],"author":[{"embeddable":true,"href":"https:\/\/icom.museum\/es\/wp-json\/wp\/v2\/users\/3334"}],"replies":[{"embeddable":true,"href":"https:\/\/icom.museum\/es\/wp-json\/wp\/v2\/comments?post=38066"}],"version-history":[{"count":8,"href":"https:\/\/icom.museum\/es\/wp-json\/wp\/v2\/pages\/38066\/revisions"}],"predecessor-version":[{"id":39433,"href":"https:\/\/icom.museum\/es\/wp-json\/wp\/v2\/pages\/38066\/revisions\/39433"}],"up":[{"embeddable":true,"href":"https:\/\/icom.museum\/es\/wp-json\/wp\/v2\/pages\/37924"}],"wp:attachment":[{"href":"https:\/\/icom.museum\/es\/wp-json\/wp\/v2\/media?parent=38066"}],"curies":[{"name":"wp","href":"https:\/\/api.w.org\/{rel}","templated":true}]}}