{"id":38669,"date":"2020-06-01T09:56:00","date_gmt":"2020-06-01T07:56:00","guid":{"rendered":"https:\/\/icom.museum\/?page_id=38669"},"modified":"2020-06-01T09:56:00","modified_gmt":"2020-06-01T07:56:00","slug":"prepararse-para-la-reapertura-garantizar-la-seguridad-del-publico-y-del-personal-2","status":"publish","type":"page","link":"https:\/\/icom.museum\/es\/covid-19\/recursos\/prepararse-para-la-reapertura-garantizar-la-seguridad-del-publico-y-del-personal-2\/","title":{"rendered":"Prepararse para la reapertura: garantizar la seguridad del p\u00fablico y del personal"},"content":{"rendered":"<p>A medida que el confinamiento se va terminando en varias regiones y pa\u00edses, los museos tienen que revisar y actualizar sus protocolos de seguridad sanitaria para reabrir adecuadamente. Si bien las reglamentaciones nacionales var\u00edan seg\u00fan la evoluci\u00f3n espec\u00edfica de la pandemia de COVID-19, hay algunas medidas b\u00e1sicas que pueden adoptarse para proteger la salud tanto de los visitantes como del personal.<\/p>\n<div class=\"separator\">\n<p>Prepar\u00e1ndose para la llegada del p\u00fablico<\/p>\n<\/div>\n<ul>\n<li>Defina un n\u00famero m\u00e1ximo de visitantes permitidos en el museo e informar al p\u00fablico acerca de eso<\/li>\n<li>Defina un n\u00famero m\u00e1ximo de visitantes por sala de exposici\u00f3n e informe al p\u00fablico (se recomienda establecer un numero m\u00e1ximo de personas por metros cuadrados para permitir una distancia de seguridad de 1,5 m entre cada visitante)<\/li>\n<li>Determine el tiempo medio de visita para establecer unas franjas horarias<\/li>\n<li>Considere una reapertura gradual de las exposiciones<\/li>\n<li>En la medida de lo posible, establezca un sistema de reservas (en l\u00ednea, por tel\u00e9fono y\/o por correo electr\u00f3nico). Establezca un sistema de venta de entradas en l\u00ednea: las entradas vendidas en l\u00ednea pueden ser escaneadas por los propios visitantes en la entrada del museo<\/li>\n<li>Considere la posibilidad de ampliar el horario de apertura<\/li>\n<li>Prevea un horario de apertura dedicado a ciertos grupos de p\u00fablico (por ejemplo &gt; 65 a\u00f1os)<\/li>\n<li>Deniegue el acceso a las personas que presenten s\u00edntomas de la enfermedad<\/li>\n<li>Notifique al p\u00fablico las restricciones vinculadas al contexto en el sitio web de la instituci\u00f3n (si es posible) y antes de entrar en el museo<\/li>\n<\/ul>\n<div class=\"separator\">\n<p>Acceso del p\u00fablico &#8211; adaptar el flujo de visitantes<\/p>\n<\/div>\n<ul>\n<li>Evite las colas en las entradas y en los mostradores,\u00a0o intente manejarlas<\/li>\n<li>Considere la posibilidad de marcar unas l\u00edneas en el suelo para asegurar que se mantenga la distancia recomendada de 1,5 m<\/li>\n<li>Asegure la distancia entre los visitantes y los mostradores de recepci\u00f3n, posiblemente instalando vidrios para proteger al personal y a los visitantes<\/li>\n<li>Cierre los vestuarios que requieran la presencia del personal (las taquillas pueden permanecer disponibles si se desinfectan regularmente entre sus usos) para evitar cualquier manipulaci\u00f3n y contacto innecesarios<\/li>\n<li>Aseg\u00farese de que se mantengan separados los flujos de entradas y salidas, proporcionando un recorrido unidireccional de las salas (cuando es posible)<\/li>\n<li>Se pueden ofrecer visitas guiadas y ofertas educativas solo si se respeta la distancia de seguridad entre los participantes. En tal caso, define franjas horarias espec\u00edficas para las visitas en grupo, restringiendo su tama\u00f1o<\/li>\n<li>Las aperturas de las zonas comerciales comunes (cafeter\u00eda, librer\u00eda, tiendas) est\u00e1n sujetas a reglamentaciones nacionales espec\u00edficas<\/li>\n<\/ul>\n<div class=\"separator\">\n<figure id=\"attachment_38378\" aria-describedby=\"caption-attachment-38378\" style=\"width: 635px\" class=\"wp-caption aligncenter\"><img loading=\"lazy\" decoding=\"async\" class=\"wp-image-38379 size-full\" src=\"https:\/\/icom.museum\/wp-content\/uploads\/2020\/05\/anshu-a-oJdsl8Xn4W0-unsplash-e1589288449179.jpg\" alt=\"\" width=\"635\" height=\"421\" \/><figcaption id=\"caption-attachment-38378\" class=\"wp-caption-text\">Photo by Anshu A on Unsplash<\/figcaption><\/figure>\n<p>Acceso del p\u00fablico: reforzar las medidas de seguridad sanitaria<\/p>\n<\/div>\n<ul>\n<li>Instale dispensadores de desinfectante de manos a la entrada del museo y coloque se\u00f1ales de advertencia para alentar a los visitantes a respetar las medidas sanitarias vigentes<\/li>\n<li>Asegure el acceso de los visitantes a los aseos (permiti\u00e9ndoles lavarse las manos con jab\u00f3n y agua caliente y dando preferencia al material higi\u00e9nico desechable), adaptando este acceso a las normas de distanciamiento social vigentes (marcadores en el suelo, etc.)<\/li>\n<li>Vele por que los dispositivos como las audiogu\u00edas, los auriculares y otros dispositivos similares &#8211; que requieren manipulaci\u00f3n &#8211; se desinfecten sistem\u00e1ticamente despu\u00e9s de cada uso<\/li>\n<li>Las instalaciones para personas con discapacidad y los dispositivos expuestos con botones de control con fines educativos deben limpiarse frecuentemente con desinfectantes<\/li>\n<li>Las puertas interiores permanecer\u00e1n abiertas (si es posible). De lo contrario, deben desinfectarse cada vez que se utilicen<\/li>\n<\/ul>\n<div class=\"separator\">\n<p>Acceso del p\u00fablico &#8211; restringir alg\u00fan acceso si es necesario<\/p>\n<\/div>\n<ul>\n<li>Restrinja el acceso a las salas e instalaciones que no se pueden limpiar o desinfectar completamente<\/li>\n<li>Cierre las salas (por ejemplo, algunas instalaciones de arte contempor\u00e1neo) que implican la interacci\u00f3n del visitante<\/li>\n<li>Los ascensores deben reservarse para personas con movilidad reducida, asegurando que se respete la distancia de 1,5 m entre cada usuario. Los botones de comando deben ser desinfectados despu\u00e9s de cada uso<\/li>\n<li>Si las zonas comunes no permiten la aplicaci\u00f3n de las normas de distanciamiento social, podr\u00eda considerarse un ajuste de los horarios y del movimiento de los visitantes<\/li>\n<\/ul>\n<div class=\"separator\">\n<figure id=\"attachment_38381\" aria-describedby=\"caption-attachment-38381\" style=\"width: 483px\" class=\"wp-caption aligncenter\"><img loading=\"lazy\" decoding=\"async\" class=\"size-full wp-image-38382\" src=\"https:\/\/icom.museum\/wp-content\/uploads\/2020\/05\/eric-tompkins-u6DT7nigEmw-unsplash-2-e1589288518168.jpg\" alt=\"\" width=\"483\" height=\"336\" \/><figcaption id=\"caption-attachment-38381\" class=\"wp-caption-text\">Photo by Eric Tompkins on Unsplash<\/figcaption><\/figure>\n<p>Personal de recepci\u00f3n y seguridad<\/p>\n<\/div>\n<ul>\n<li>El personal de seguridad debe estar presente en los mostradores de recepci\u00f3n y en las salas del museo para asegurarse no s\u00f3lo de que haya una distancia suficiente entre el visitante y las obras expuestas, sino tambi\u00e9n para garantizar una distancia suficiente entre los propios visitantes. Si es necesario, para preservar la seguridad de las obras y de los visitantes, los equipos pueden ser completados con personal adicional<\/li>\n<li>Proporcione al personal dispositivos de protecci\u00f3n adecuados (protecci\u00f3n de la caja registradora, m\u00e1scaras, desinfectantes): se trata de una condici\u00f3n obligatoria para la apertura al p\u00fablico<\/li>\n<\/ul>\n<div class=\"separator\">\n<p>Medidas de limpieza y conservaci\u00f3n<\/p>\n<\/div>\n<ul>\n<li>Aumente los ciclos de limpieza de acuerdo con las regulaciones nacionales<\/li>\n<li>Todas las \u00e1reas del museo accesibles al p\u00fablico se limpiar\u00e1n diariamente, como m\u00ednimo<\/li>\n<li>Para asegurar la conservaci\u00f3n de las colecciones, v\u00e9anse tambi\u00e9n <a href=\"https:\/\/icom.museum\/es\/covid-19\/recursos\/conservacion-en-los-museos\/\">las actualizaciones de nuestras recomendaciones sobre ese tema<\/a><\/li>\n<\/ul>\n<div class=\"separator\">\n<p>En las oficinas<\/p>\n<\/div>\n<ul>\n<li>Considere la adaptaci\u00f3n sostenible de los planes de emergencia<\/li>\n<li>Ampl\u00ede la duraci\u00f3n de los pr\u00e9stamos de obras para minimizar el movimiento, la manipulaci\u00f3n y el transporte<\/li>\n<li>Las \u00e1reas accesibles al personal se limpiar\u00e1n de acuerdo con las directrices nacionales<\/li>\n<li>El material com\u00fan utilizado por varios miembros del personal deber\u00e1 ser desinfectado regularmente. En ausencia de normas de desinfecci\u00f3n, este material no se utilizar\u00e1<\/li>\n<li>El personal limpiar\u00e1 diariamente su lugar de trabajo con toallitas a base de alcohol o toallas de papel, independientemente del servicio de limpieza que se haya establecido<\/li>\n<li>Cualquier empleado cuya actividad no requiera una presencia en el lugar de trabajo seguir\u00e1 trabajando desde su casa, de acuerdo con la normativa nacional<\/li>\n<\/ul>\n<p>&nbsp;<\/p>\n<h3>Por \u00faltimo, se recomienda que los museos que no est\u00e9n en condiciones de adaptarse a estas medidas, permanezcan provisionalmente cerrados.<\/h3>\n","protected":false},"excerpt":{"rendered":"<p>A medida que el confinamiento se va terminando en varias regiones y pa\u00edses, los museos tienen que revisar y actualizar sus protocolos de seguridad sanitaria para reabrir adecuadamente. Si bien las reglamentaciones nacionales var\u00edan seg\u00fan la evoluci\u00f3n espec\u00edfica de la pandemia de COVID-19, hay algunas medidas b\u00e1sicas que pueden adoptarse para proteger la salud tanto [&hellip;]<\/p>\n","protected":false},"author":3334,"featured_media":0,"parent":37724,"menu_order":0,"comment_status":"closed","ping_status":"closed","template":"","meta":{"inline_featured_image":false,"footnotes":""},"class_list":["post-38669","page","type-page","status-publish","hentry"],"acf":[],"yoast_head":"<!-- This site is optimized with the Yoast SEO plugin v23.7 - https:\/\/yoast.com\/wordpress\/plugins\/seo\/ -->\n<title>Prepararse para la reapertura: garantizar la seguridad del p\u00fablico y del personal - International Council of Museums<\/title>\n<meta name=\"robots\" content=\"index, follow, max-snippet:-1, max-image-preview:large, max-video-preview:-1\" \/>\n<link rel=\"canonical\" href=\"https:\/\/icom.museum\/es\/covid-19\/recursos\/prepararse-para-la-reapertura-garantizar-la-seguridad-del-publico-y-del-personal-2\/\" \/>\n<meta property=\"og:locale\" content=\"es_ES\" \/>\n<meta property=\"og:type\" content=\"article\" \/>\n<meta property=\"og:title\" content=\"Prepararse para la reapertura: garantizar la seguridad del p\u00fablico y del personal - International Council of Museums\" \/>\n<meta property=\"og:description\" content=\"A medida que el confinamiento se va terminando en varias regiones y pa\u00edses, los museos tienen que revisar y actualizar sus protocolos de seguridad sanitaria para reabrir adecuadamente. Si bien las reglamentaciones nacionales var\u00edan seg\u00fan la evoluci\u00f3n espec\u00edfica de la pandemia de COVID-19, hay algunas medidas b\u00e1sicas que pueden adoptarse para proteger la salud tanto [&hellip;]\" \/>\n<meta property=\"og:url\" content=\"https:\/\/icom.museum\/es\/covid-19\/recursos\/prepararse-para-la-reapertura-garantizar-la-seguridad-del-publico-y-del-personal-2\/\" \/>\n<meta property=\"og:site_name\" content=\"International Council of Museums\" \/>\n<meta property=\"og:image\" content=\"https:\/\/icom.museum\/wp-content\/uploads\/2020\/05\/anshu-a-oJdsl8Xn4W0-unsplash.jpg\" \/>\n\t<meta property=\"og:image:width\" content=\"640\" \/>\n\t<meta property=\"og:image:height\" content=\"959\" \/>\n\t<meta property=\"og:image:type\" content=\"image\/jpeg\" \/>\n<meta name=\"twitter:card\" content=\"summary_large_image\" \/>\n<meta name=\"twitter:label1\" content=\"Tiempo de lectura\" \/>\n\t<meta name=\"twitter:data1\" content=\"5 minutos\" \/>\n<script type=\"application\/ld+json\" class=\"yoast-schema-graph\">{\"@context\":\"https:\/\/schema.org\",\"@graph\":[{\"@type\":\"WebPage\",\"@id\":\"https:\/\/icom.museum\/es\/covid-19\/recursos\/prepararse-para-la-reapertura-garantizar-la-seguridad-del-publico-y-del-personal-2\/\",\"url\":\"https:\/\/icom.museum\/es\/covid-19\/recursos\/prepararse-para-la-reapertura-garantizar-la-seguridad-del-publico-y-del-personal-2\/\",\"name\":\"Prepararse para la reapertura: garantizar la seguridad del p\u00fablico y del personal - International Council of Museums\",\"isPartOf\":{\"@id\":\"https:\/\/icom.museum\/en\/#website\"},\"primaryImageOfPage\":{\"@id\":\"https:\/\/icom.museum\/es\/covid-19\/recursos\/prepararse-para-la-reapertura-garantizar-la-seguridad-del-publico-y-del-personal-2\/#primaryimage\"},\"image\":{\"@id\":\"https:\/\/icom.museum\/es\/covid-19\/recursos\/prepararse-para-la-reapertura-garantizar-la-seguridad-del-publico-y-del-personal-2\/#primaryimage\"},\"thumbnailUrl\":\"https:\/\/icom.museum\/wp-content\/uploads\/2020\/05\/anshu-a-oJdsl8Xn4W0-unsplash-e1589288449179.jpg\",\"datePublished\":\"2020-06-01T07:56:00+00:00\",\"dateModified\":\"2020-06-01T07:56:00+00:00\",\"breadcrumb\":{\"@id\":\"https:\/\/icom.museum\/es\/covid-19\/recursos\/prepararse-para-la-reapertura-garantizar-la-seguridad-del-publico-y-del-personal-2\/#breadcrumb\"},\"inLanguage\":\"es\",\"potentialAction\":[{\"@type\":\"ReadAction\",\"target\":[\"https:\/\/icom.museum\/es\/covid-19\/recursos\/prepararse-para-la-reapertura-garantizar-la-seguridad-del-publico-y-del-personal-2\/\"]}]},{\"@type\":\"ImageObject\",\"inLanguage\":\"es\",\"@id\":\"https:\/\/icom.museum\/es\/covid-19\/recursos\/prepararse-para-la-reapertura-garantizar-la-seguridad-del-publico-y-del-personal-2\/#primaryimage\",\"url\":\"https:\/\/icom.museum\/wp-content\/uploads\/2020\/05\/anshu-a-oJdsl8Xn4W0-unsplash-e1589288449179.jpg\",\"contentUrl\":\"https:\/\/icom.museum\/wp-content\/uploads\/2020\/05\/anshu-a-oJdsl8Xn4W0-unsplash-e1589288449179.jpg\"},{\"@type\":\"BreadcrumbList\",\"@id\":\"https:\/\/icom.museum\/es\/covid-19\/recursos\/prepararse-para-la-reapertura-garantizar-la-seguridad-del-publico-y-del-personal-2\/#breadcrumb\",\"itemListElement\":[{\"@type\":\"ListItem\",\"position\":1,\"name\":\"Home\",\"item\":\"https:\/\/icom.museum\/es\/\"},{\"@type\":\"ListItem\",\"position\":2,\"name\":\"COVID-19\",\"item\":\"https:\/\/icom.museum\/es\/covid-19\/\"},{\"@type\":\"ListItem\",\"position\":3,\"name\":\"Recomendaciones\",\"item\":\"https:\/\/icom.museum\/es\/covid-19\/recursos\/\"},{\"@type\":\"ListItem\",\"position\":4,\"name\":\"Prepararse para la reapertura: garantizar la seguridad del p\u00fablico y del personal\"}]},{\"@type\":\"WebSite\",\"@id\":\"https:\/\/icom.museum\/en\/#website\",\"url\":\"https:\/\/icom.museum\/en\/\",\"name\":\"International Council of Museums\",\"description\":\"A global organisation of museums &amp; museum professionals committed to the promotion and protection of cultural heritage\",\"publisher\":{\"@id\":\"https:\/\/icom.museum\/en\/#organization\"},\"potentialAction\":[{\"@type\":\"SearchAction\",\"target\":{\"@type\":\"EntryPoint\",\"urlTemplate\":\"https:\/\/icom.museum\/en\/?s={search_term_string}\"},\"query-input\":{\"@type\":\"PropertyValueSpecification\",\"valueRequired\":true,\"valueName\":\"search_term_string\"}}],\"inLanguage\":\"es\"},{\"@type\":\"Organization\",\"@id\":\"https:\/\/icom.museum\/en\/#organization\",\"name\":\"International Council of Museums\",\"url\":\"https:\/\/icom.museum\/en\/\",\"logo\":{\"@type\":\"ImageObject\",\"inLanguage\":\"es\",\"@id\":\"https:\/\/icom.museum\/en\/#\/schema\/logo\/image\/\",\"url\":\"https:\/\/icom.museum\/wp-content\/uploads\/2018\/07\/ICOM_M_.jpg\",\"contentUrl\":\"https:\/\/icom.museum\/wp-content\/uploads\/2018\/07\/ICOM_M_.jpg\",\"width\":1721,\"height\":1721,\"caption\":\"International Council of Museums\"},\"image\":{\"@id\":\"https:\/\/icom.museum\/en\/#\/schema\/logo\/image\/\"}}]}<\/script>\n<!-- \/ Yoast SEO plugin. -->","yoast_head_json":{"title":"Prepararse para la reapertura: garantizar la seguridad del p\u00fablico y del personal - International Council of Museums","robots":{"index":"index","follow":"follow","max-snippet":"max-snippet:-1","max-image-preview":"max-image-preview:large","max-video-preview":"max-video-preview:-1"},"canonical":"https:\/\/icom.museum\/es\/covid-19\/recursos\/prepararse-para-la-reapertura-garantizar-la-seguridad-del-publico-y-del-personal-2\/","og_locale":"es_ES","og_type":"article","og_title":"Prepararse para la reapertura: garantizar la seguridad del p\u00fablico y del personal - International Council of Museums","og_description":"A medida que el confinamiento se va terminando en varias regiones y pa\u00edses, los museos tienen que revisar y actualizar sus protocolos de seguridad sanitaria para reabrir adecuadamente. Si bien las reglamentaciones nacionales var\u00edan seg\u00fan la evoluci\u00f3n espec\u00edfica de la pandemia de COVID-19, hay algunas medidas b\u00e1sicas que pueden adoptarse para proteger la salud tanto [&hellip;]","og_url":"https:\/\/icom.museum\/es\/covid-19\/recursos\/prepararse-para-la-reapertura-garantizar-la-seguridad-del-publico-y-del-personal-2\/","og_site_name":"International Council of Museums","og_image":[{"width":640,"height":959,"url":"https:\/\/icom.museum\/wp-content\/uploads\/2020\/05\/anshu-a-oJdsl8Xn4W0-unsplash.jpg","type":"image\/jpeg"}],"twitter_card":"summary_large_image","twitter_misc":{"Tiempo de lectura":"5 minutos"},"schema":{"@context":"https:\/\/schema.org","@graph":[{"@type":"WebPage","@id":"https:\/\/icom.museum\/es\/covid-19\/recursos\/prepararse-para-la-reapertura-garantizar-la-seguridad-del-publico-y-del-personal-2\/","url":"https:\/\/icom.museum\/es\/covid-19\/recursos\/prepararse-para-la-reapertura-garantizar-la-seguridad-del-publico-y-del-personal-2\/","name":"Prepararse para la reapertura: garantizar la seguridad del p\u00fablico y del personal - International Council of Museums","isPartOf":{"@id":"https:\/\/icom.museum\/en\/#website"},"primaryImageOfPage":{"@id":"https:\/\/icom.museum\/es\/covid-19\/recursos\/prepararse-para-la-reapertura-garantizar-la-seguridad-del-publico-y-del-personal-2\/#primaryimage"},"image":{"@id":"https:\/\/icom.museum\/es\/covid-19\/recursos\/prepararse-para-la-reapertura-garantizar-la-seguridad-del-publico-y-del-personal-2\/#primaryimage"},"thumbnailUrl":"https:\/\/icom.museum\/wp-content\/uploads\/2020\/05\/anshu-a-oJdsl8Xn4W0-unsplash-e1589288449179.jpg","datePublished":"2020-06-01T07:56:00+00:00","dateModified":"2020-06-01T07:56:00+00:00","breadcrumb":{"@id":"https:\/\/icom.museum\/es\/covid-19\/recursos\/prepararse-para-la-reapertura-garantizar-la-seguridad-del-publico-y-del-personal-2\/#breadcrumb"},"inLanguage":"es","potentialAction":[{"@type":"ReadAction","target":["https:\/\/icom.museum\/es\/covid-19\/recursos\/prepararse-para-la-reapertura-garantizar-la-seguridad-del-publico-y-del-personal-2\/"]}]},{"@type":"ImageObject","inLanguage":"es","@id":"https:\/\/icom.museum\/es\/covid-19\/recursos\/prepararse-para-la-reapertura-garantizar-la-seguridad-del-publico-y-del-personal-2\/#primaryimage","url":"https:\/\/icom.museum\/wp-content\/uploads\/2020\/05\/anshu-a-oJdsl8Xn4W0-unsplash-e1589288449179.jpg","contentUrl":"https:\/\/icom.museum\/wp-content\/uploads\/2020\/05\/anshu-a-oJdsl8Xn4W0-unsplash-e1589288449179.jpg"},{"@type":"BreadcrumbList","@id":"https:\/\/icom.museum\/es\/covid-19\/recursos\/prepararse-para-la-reapertura-garantizar-la-seguridad-del-publico-y-del-personal-2\/#breadcrumb","itemListElement":[{"@type":"ListItem","position":1,"name":"Home","item":"https:\/\/icom.museum\/es\/"},{"@type":"ListItem","position":2,"name":"COVID-19","item":"https:\/\/icom.museum\/es\/covid-19\/"},{"@type":"ListItem","position":3,"name":"Recomendaciones","item":"https:\/\/icom.museum\/es\/covid-19\/recursos\/"},{"@type":"ListItem","position":4,"name":"Prepararse para la reapertura: garantizar la seguridad del p\u00fablico y del personal"}]},{"@type":"WebSite","@id":"https:\/\/icom.museum\/en\/#website","url":"https:\/\/icom.museum\/en\/","name":"International Council of Museums","description":"A global organisation of museums &amp; museum professionals committed to the promotion and protection of cultural heritage","publisher":{"@id":"https:\/\/icom.museum\/en\/#organization"},"potentialAction":[{"@type":"SearchAction","target":{"@type":"EntryPoint","urlTemplate":"https:\/\/icom.museum\/en\/?s={search_term_string}"},"query-input":{"@type":"PropertyValueSpecification","valueRequired":true,"valueName":"search_term_string"}}],"inLanguage":"es"},{"@type":"Organization","@id":"https:\/\/icom.museum\/en\/#organization","name":"International Council of Museums","url":"https:\/\/icom.museum\/en\/","logo":{"@type":"ImageObject","inLanguage":"es","@id":"https:\/\/icom.museum\/en\/#\/schema\/logo\/image\/","url":"https:\/\/icom.museum\/wp-content\/uploads\/2018\/07\/ICOM_M_.jpg","contentUrl":"https:\/\/icom.museum\/wp-content\/uploads\/2018\/07\/ICOM_M_.jpg","width":1721,"height":1721,"caption":"International Council of Museums"},"image":{"@id":"https:\/\/icom.museum\/en\/#\/schema\/logo\/image\/"}}]}},"_links":{"self":[{"href":"https:\/\/icom.museum\/es\/wp-json\/wp\/v2\/pages\/38669"}],"collection":[{"href":"https:\/\/icom.museum\/es\/wp-json\/wp\/v2\/pages"}],"about":[{"href":"https:\/\/icom.museum\/es\/wp-json\/wp\/v2\/types\/page"}],"author":[{"embeddable":true,"href":"https:\/\/icom.museum\/es\/wp-json\/wp\/v2\/users\/3334"}],"replies":[{"embeddable":true,"href":"https:\/\/icom.museum\/es\/wp-json\/wp\/v2\/comments?post=38669"}],"version-history":[{"count":3,"href":"https:\/\/icom.museum\/es\/wp-json\/wp\/v2\/pages\/38669\/revisions"}],"predecessor-version":[{"id":38674,"href":"https:\/\/icom.museum\/es\/wp-json\/wp\/v2\/pages\/38669\/revisions\/38674"}],"up":[{"embeddable":true,"href":"https:\/\/icom.museum\/es\/wp-json\/wp\/v2\/pages\/37724"}],"wp:attachment":[{"href":"https:\/\/icom.museum\/es\/wp-json\/wp\/v2\/media?parent=38669"}],"curies":[{"name":"wp","href":"https:\/\/api.w.org\/{rel}","templated":true}]}}