{"id":39018,"date":"2020-06-23T09:22:00","date_gmt":"2020-06-23T07:22:00","guid":{"rendered":"https:\/\/icom.museum\/?page_id=39018"},"modified":"2020-07-01T21:32:57","modified_gmt":"2020-07-01T19:32:57","slug":"webinar-del-icom-preparandose-para-la-reapertura-de-los-museos-las-secuelas-de-una-pandemia","status":"publish","type":"page","link":"https:\/\/icom.museum\/es\/covid-19\/webinars\/webinar-del-icom-preparandose-para-la-reapertura-de-los-museos-las-secuelas-de-una-pandemia\/","title":{"rendered":"Webinar del ICOM | Prepar\u00e1ndose para la reapertura de los museos"},"content":{"rendered":"<h3><b>Una reciente <\/b><a href=\"https:\/\/icom.museum\/es\/covid-19\/encuestas-y-datos\/survey-museums-and-museum-professionals\/\"><b>encuesta del ICOM<\/b><\/a><b> estima que el 95% de los museos de todo el mundo han permanecido cerrados durante un largo per\u00edodo de tiempo en los \u00faltimos meses.<\/b><\/h3>\n<p>Si bien a\u00fan se est\u00e1n analizando las repercusiones econ\u00f3micas y sociales directas de la pandemia en el sector cultural, es esencial que las instituciones culturales aborden adecuadamente esta fase de reapertura gradual. Recurriendo a su decisiva funci\u00f3n social, se debe garantizar a los museos el apoyo adecuado durante el proceso de recuperaci\u00f3n que se llevar\u00e1 a cabo en los pr\u00f3ximos meses y a\u00f1os.<\/p>\n<p>El 24 de junio de 2020, el <strong>webinar del ICOM \u201cPrepar\u00e1ndose para la reapertura de los museos: Las secuelas de una pandemia\u201d<\/strong> entabl\u00f3 un debate entre todos los participantes para hacer un balance de lo que ocurri\u00f3 durante estos largos meses de confinamiento, tambi\u00e9n evaluando esos proyectos innovadores que han resultado \u00fatiles para el futuro.<\/p>\n<p>Tras un discurso de introducci\u00f3n del Director General del ICOM, Dr. Peter Keller, el webinar reuni\u00f3 a cuatro especialistas internacionales del sector de los museos, coordinados por Vinod Daniel, moderador del debate. La discusi\u00f3n evalu\u00f3 el impacto global de la actual pandemia en las instituciones culturales &#8211; con sus consecuencias a corto y largo plazo en los museos &#8211; y se centr\u00f3 en las delicadas acciones que se ir\u00e1n realizando durante la fase de reapertura.\u00a0Bas\u00e1ndose en su vasta experiencia profesional, los participantes proporcionaron al p\u00fablico ejemplos de iniciativas de museos que han demostrado su eficacia en el contexto actual.<\/p>\n<p><em>El webinar del ICOM reuni\u00f3 a <strong>m\u00e1s de 3.000 usuarios<\/strong> en la plataforma de transmisi\u00f3n en vivo. En caso de que se lo haya perdido, <strong>puede volver a ver la sesi\u00f3n completa<\/strong> del webinar <strong><a href=\"https:\/\/www.yuca.tv\/es\/icom\/webinary17june2020\">en este enlace<\/a><\/strong> &#8211; hasta finales de agosto de 2020 &#8211; tambi\u00e9n disponible en sus traducciones simult\u00e1neas en franc\u00e9s y espa\u00f1ol.<\/em><\/p>\n<p><a href=\"https:\/\/www.yuca.tv\/es\/icom\/webinary17june2020\"><img loading=\"lazy\" decoding=\"async\" class=\"aligncenter wp-image-38966 size-large\" src=\"https:\/\/icom.museum\/wp-content\/uploads\/2020\/06\/ES-724x1024.png\" alt=\"\" width=\"724\" height=\"1024\" srcset=\"https:\/\/icom.museum\/wp-content\/uploads\/2020\/06\/ES-724x1024.png 724w, https:\/\/icom.museum\/wp-content\/uploads\/2020\/06\/ES-212x300.png 212w, https:\/\/icom.museum\/wp-content\/uploads\/2020\/06\/ES-768x1086.png 768w\" sizes=\"(max-width: 724px) 100vw, 724px\" \/><\/a><\/p>\n<p><strong><u>Participantes<\/u><\/strong>:<\/p>\n<ul>\n<li><span style=\"color: #474747; font-family: Georgia; font-size: 15px;\"><strong>Laishun An<\/strong>.\u00a0Vicepresidente del ICOM, Vicepresidente y Secretario General de la Asociaci\u00f3n de Museos Chinos y Editor Jefe de la revista Chinese Museum, An ense\u00f1a estudios muse\u00edsticos y del patrimonio en tres universidades de China.<\/span><\/li>\n<li><span style=\"color: #474747; font-family: Georgia; font-size: 15px;\"><strong>Elke Kellner<\/strong>. Periodista, productora de radio y televisi\u00f3n y curadora, Kellner se gradu\u00f3 en Historia del Arte y Arqueolog\u00eda. Es Directora General de ICOM Austria y miembro del consejo de administraci\u00f3n de Blue Shield Austria y de ICOM Europa.<\/span><\/li>\n<li><span style=\"color: #474747; font-family: Georgia; font-size: 15px;\"><strong>Cristina Lleras<\/strong>. Curadora jefe del Museo de Bogot\u00e1, Colombia, Lleras ha sido anteriormente Curadora de Arte e Historia del Museo Nacional de Colombia y dirigi\u00f3 el Departamento de Museolog\u00eda del Museo de Memoria de Colombia.<\/span><\/li>\n<li><span style=\"color: #474747; font-family: Georgia; font-size: 15px;\"><strong>Christian Nana Tchuisseu<\/strong>. Director del Museo Blackitude y de la Galer\u00eda Art of God de Yaund\u00e9, Camer\u00fan, Nana Tchuisseu fue elegido recientemente Presidente del ICOM Camer\u00fan y Vicepresidente del Consejo Consultivo del ICOM.<\/span><\/li>\n<\/ul>\n<p><strong><u>Moderador<\/u><\/strong>:<\/p>\n<ul>\n<li><span style=\"color: #474747; font-family: Georgia; font-size: 15px;\"><strong>Vinod Daniel<\/strong>. Especialista en museos de renombre internacional, Daniel es actualmente Presidente de la Junta de AusHeritage (Red de Industrias del Patrimonio de Australia) y miembro de la Junta del ICOM.<\/span><\/li>\n<\/ul>\n<p><strong><u>Introducci\u00f3n<\/u><\/strong>:<\/p>\n<ul>\n<li><span style=\"color: #474747; font-family: Georgia; font-size: 15px;\"><strong>Peter Keller<\/strong>.\u00a0Nombrado Director General del ICOM en 2017, Keller hab\u00eda sido Director del Museo de la Catedral de Salzburgo (Dommuseum), Austria, desde 2002. Anteriormente fue Tesorero del ICOM, Presidente y Secretario del ICOM-DEMHIST y miembro de la junta de ICOM Austria<\/span><\/li>\n<\/ul>\n<p>Para m\u00e1s informaci\u00f3n y preguntas, no dude en ponerse en contacto con Elsa Urtizverea, Coordinadora de Protecci\u00f3n del Patrimonio del ICOM, en <a style=\"font-family: Georgia; font-size: 15px;\" href=\"mailto:elsa.urtizverea@icom.museum\">elsa.urtizverea@icom.museum<\/a>.<\/p>\n<p>***<\/p>\n<p>Desde el principio de esta emergencia, el ICOM ha tratado de asistir a sus miembros y a la comunidad muse\u00edstica internacional en la b\u00fasqueda de soluciones que puedan responder eficazmente a los m\u00faltiples problemas a los que se enfrentan las instituciones culturales mundiales. Mediante la regular puesta al d\u00eda de la <a href=\"https:\/\/icom.museum\/es\/covid-19\/\">secci\u00f3n del sitio web<\/a> dedicado a COVID-19, nos hemos comprometido, con la colaboraci\u00f3n de varios socios clave, a tener en cuenta los diferentes aspectos de esta crisis que afectan al trabajo de los museos y de los profesionales de los museos.<\/p>\n<figure id=\"attachment_38910\" aria-describedby=\"caption-attachment-38910\" style=\"width: 659px\" class=\"wp-caption aligncenter\"><a href=\"https:\/\/www.yuca.tv\/es\/icom\/webinary17june2020\"><img loading=\"lazy\" decoding=\"async\" class=\"wp-image-38912\" src=\"https:\/\/icom.museum\/wp-content\/uploads\/2020\/06\/aaina-sharma-nqj3ncOPS0g-unsplash-1024x684.jpg\" alt=\"\" width=\"659\" height=\"440\" srcset=\"https:\/\/icom.museum\/wp-content\/uploads\/2020\/06\/aaina-sharma-nqj3ncOPS0g-unsplash-1024x684.jpg 1024w, https:\/\/icom.museum\/wp-content\/uploads\/2020\/06\/aaina-sharma-nqj3ncOPS0g-unsplash-300x200.jpg 300w, https:\/\/icom.museum\/wp-content\/uploads\/2020\/06\/aaina-sharma-nqj3ncOPS0g-unsplash-768x513.jpg 768w\" sizes=\"(max-width: 659px) 100vw, 659px\" \/><\/a><figcaption id=\"caption-attachment-38910\" class=\"wp-caption-text\">Foto de Aaina Sharma en Unsplash<\/figcaption><\/figure>\n","protected":false},"excerpt":{"rendered":"<p>Una reciente encuesta del ICOM estima que el 95% de los museos de todo el mundo han permanecido cerrados durante un largo per\u00edodo de tiempo en los \u00faltimos meses. Si bien a\u00fan se est\u00e1n analizando las repercusiones econ\u00f3micas y sociales directas de la pandemia en el sector cultural, es esencial que las instituciones culturales aborden [&hellip;]<\/p>\n","protected":false},"author":5865,"featured_media":0,"parent":39048,"menu_order":0,"comment_status":"closed","ping_status":"closed","template":"","meta":{"inline_featured_image":false,"footnotes":""},"class_list":["post-39018","page","type-page","status-publish","hentry"],"acf":[],"yoast_head":"<!-- This site is optimized with the Yoast SEO plugin v23.7 - https:\/\/yoast.com\/wordpress\/plugins\/seo\/ -->\n<title>Webinar del ICOM | Prepar\u00e1ndose para la reapertura de los museos - International Council of Museums<\/title>\n<meta name=\"robots\" content=\"index, follow, max-snippet:-1, max-image-preview:large, max-video-preview:-1\" \/>\n<link rel=\"canonical\" href=\"https:\/\/icom.museum\/es\/covid-19\/webinars\/webinar-del-icom-preparandose-para-la-reapertura-de-los-museos-las-secuelas-de-una-pandemia\/\" \/>\n<meta property=\"og:locale\" content=\"es_ES\" \/>\n<meta property=\"og:type\" content=\"article\" \/>\n<meta property=\"og:title\" content=\"Webinar del ICOM | Prepar\u00e1ndose para la reapertura de los museos - International Council of Museums\" \/>\n<meta property=\"og:description\" content=\"Una reciente encuesta del ICOM estima que el 95% de los museos de todo el mundo han permanecido cerrados durante un largo per\u00edodo de tiempo en los \u00faltimos meses. Si bien a\u00fan se est\u00e1n analizando las repercusiones econ\u00f3micas y sociales directas de la pandemia en el sector cultural, es esencial que las instituciones culturales aborden [&hellip;]\" \/>\n<meta property=\"og:url\" content=\"https:\/\/icom.museum\/es\/covid-19\/webinars\/webinar-del-icom-preparandose-para-la-reapertura-de-los-museos-las-secuelas-de-una-pandemia\/\" \/>\n<meta property=\"og:site_name\" content=\"International Council of Museums\" \/>\n<meta property=\"article:modified_time\" content=\"2020-07-01T19:32:57+00:00\" \/>\n<meta property=\"og:image\" content=\"https:\/\/icom.museum\/wp-content\/uploads\/2020\/06\/ES-724x1024.png\" \/>\n\t<meta property=\"og:image:width\" content=\"724\" \/>\n\t<meta property=\"og:image:height\" content=\"1024\" \/>\n\t<meta property=\"og:image:type\" content=\"image\/png\" \/>\n<meta name=\"twitter:card\" content=\"summary_large_image\" \/>\n<meta name=\"twitter:label1\" content=\"Tiempo de lectura\" \/>\n\t<meta name=\"twitter:data1\" content=\"3 minutos\" \/>\n<script type=\"application\/ld+json\" class=\"yoast-schema-graph\">{\"@context\":\"https:\/\/schema.org\",\"@graph\":[{\"@type\":\"WebPage\",\"@id\":\"https:\/\/icom.museum\/es\/covid-19\/webinars\/webinar-del-icom-preparandose-para-la-reapertura-de-los-museos-las-secuelas-de-una-pandemia\/\",\"url\":\"https:\/\/icom.museum\/es\/covid-19\/webinars\/webinar-del-icom-preparandose-para-la-reapertura-de-los-museos-las-secuelas-de-una-pandemia\/\",\"name\":\"Webinar del ICOM | Prepar\u00e1ndose para la reapertura de los museos - International Council of Museums\",\"isPartOf\":{\"@id\":\"https:\/\/icom.museum\/en\/#website\"},\"primaryImageOfPage\":{\"@id\":\"https:\/\/icom.museum\/es\/covid-19\/webinars\/webinar-del-icom-preparandose-para-la-reapertura-de-los-museos-las-secuelas-de-una-pandemia\/#primaryimage\"},\"image\":{\"@id\":\"https:\/\/icom.museum\/es\/covid-19\/webinars\/webinar-del-icom-preparandose-para-la-reapertura-de-los-museos-las-secuelas-de-una-pandemia\/#primaryimage\"},\"thumbnailUrl\":\"https:\/\/icom.museum\/wp-content\/uploads\/2020\/06\/ES-724x1024.png\",\"datePublished\":\"2020-06-23T07:22:00+00:00\",\"dateModified\":\"2020-07-01T19:32:57+00:00\",\"breadcrumb\":{\"@id\":\"https:\/\/icom.museum\/es\/covid-19\/webinars\/webinar-del-icom-preparandose-para-la-reapertura-de-los-museos-las-secuelas-de-una-pandemia\/#breadcrumb\"},\"inLanguage\":\"es\",\"potentialAction\":[{\"@type\":\"ReadAction\",\"target\":[\"https:\/\/icom.museum\/es\/covid-19\/webinars\/webinar-del-icom-preparandose-para-la-reapertura-de-los-museos-las-secuelas-de-una-pandemia\/\"]}]},{\"@type\":\"ImageObject\",\"inLanguage\":\"es\",\"@id\":\"https:\/\/icom.museum\/es\/covid-19\/webinars\/webinar-del-icom-preparandose-para-la-reapertura-de-los-museos-las-secuelas-de-una-pandemia\/#primaryimage\",\"url\":\"https:\/\/icom.museum\/wp-content\/uploads\/2020\/06\/ES-724x1024.png\",\"contentUrl\":\"https:\/\/icom.museum\/wp-content\/uploads\/2020\/06\/ES-724x1024.png\"},{\"@type\":\"BreadcrumbList\",\"@id\":\"https:\/\/icom.museum\/es\/covid-19\/webinars\/webinar-del-icom-preparandose-para-la-reapertura-de-los-museos-las-secuelas-de-una-pandemia\/#breadcrumb\",\"itemListElement\":[{\"@type\":\"ListItem\",\"position\":1,\"name\":\"Home\",\"item\":\"https:\/\/icom.museum\/es\/\"},{\"@type\":\"ListItem\",\"position\":2,\"name\":\"COVID-19\",\"item\":\"https:\/\/icom.museum\/es\/covid-19\/\"},{\"@type\":\"ListItem\",\"position\":3,\"name\":\"Webinars\",\"item\":\"https:\/\/icom.museum\/es\/covid-19\/webinars\/\"},{\"@type\":\"ListItem\",\"position\":4,\"name\":\"Webinar del ICOM | Prepar\u00e1ndose para la reapertura de los museos\"}]},{\"@type\":\"WebSite\",\"@id\":\"https:\/\/icom.museum\/en\/#website\",\"url\":\"https:\/\/icom.museum\/en\/\",\"name\":\"International Council of Museums\",\"description\":\"A global organisation of museums &amp; museum professionals committed to the promotion and protection of cultural heritage\",\"publisher\":{\"@id\":\"https:\/\/icom.museum\/en\/#organization\"},\"potentialAction\":[{\"@type\":\"SearchAction\",\"target\":{\"@type\":\"EntryPoint\",\"urlTemplate\":\"https:\/\/icom.museum\/en\/?s={search_term_string}\"},\"query-input\":{\"@type\":\"PropertyValueSpecification\",\"valueRequired\":true,\"valueName\":\"search_term_string\"}}],\"inLanguage\":\"es\"},{\"@type\":\"Organization\",\"@id\":\"https:\/\/icom.museum\/en\/#organization\",\"name\":\"International Council of Museums\",\"url\":\"https:\/\/icom.museum\/en\/\",\"logo\":{\"@type\":\"ImageObject\",\"inLanguage\":\"es\",\"@id\":\"https:\/\/icom.museum\/en\/#\/schema\/logo\/image\/\",\"url\":\"https:\/\/icom.museum\/wp-content\/uploads\/2018\/07\/ICOM_M_.jpg\",\"contentUrl\":\"https:\/\/icom.museum\/wp-content\/uploads\/2018\/07\/ICOM_M_.jpg\",\"width\":1721,\"height\":1721,\"caption\":\"International Council of Museums\"},\"image\":{\"@id\":\"https:\/\/icom.museum\/en\/#\/schema\/logo\/image\/\"}}]}<\/script>\n<!-- \/ Yoast SEO plugin. -->","yoast_head_json":{"title":"Webinar del ICOM | Prepar\u00e1ndose para la reapertura de los museos - International Council of Museums","robots":{"index":"index","follow":"follow","max-snippet":"max-snippet:-1","max-image-preview":"max-image-preview:large","max-video-preview":"max-video-preview:-1"},"canonical":"https:\/\/icom.museum\/es\/covid-19\/webinars\/webinar-del-icom-preparandose-para-la-reapertura-de-los-museos-las-secuelas-de-una-pandemia\/","og_locale":"es_ES","og_type":"article","og_title":"Webinar del ICOM | Prepar\u00e1ndose para la reapertura de los museos - International Council of Museums","og_description":"Una reciente encuesta del ICOM estima que el 95% de los museos de todo el mundo han permanecido cerrados durante un largo per\u00edodo de tiempo en los \u00faltimos meses. Si bien a\u00fan se est\u00e1n analizando las repercusiones econ\u00f3micas y sociales directas de la pandemia en el sector cultural, es esencial que las instituciones culturales aborden [&hellip;]","og_url":"https:\/\/icom.museum\/es\/covid-19\/webinars\/webinar-del-icom-preparandose-para-la-reapertura-de-los-museos-las-secuelas-de-una-pandemia\/","og_site_name":"International Council of Museums","article_modified_time":"2020-07-01T19:32:57+00:00","og_image":[{"width":724,"height":1024,"url":"https:\/\/icom.museum\/wp-content\/uploads\/2020\/06\/ES-724x1024.png","type":"image\/png"}],"twitter_card":"summary_large_image","twitter_misc":{"Tiempo de lectura":"3 minutos"},"schema":{"@context":"https:\/\/schema.org","@graph":[{"@type":"WebPage","@id":"https:\/\/icom.museum\/es\/covid-19\/webinars\/webinar-del-icom-preparandose-para-la-reapertura-de-los-museos-las-secuelas-de-una-pandemia\/","url":"https:\/\/icom.museum\/es\/covid-19\/webinars\/webinar-del-icom-preparandose-para-la-reapertura-de-los-museos-las-secuelas-de-una-pandemia\/","name":"Webinar del ICOM | Prepar\u00e1ndose para la reapertura de los museos - International Council of Museums","isPartOf":{"@id":"https:\/\/icom.museum\/en\/#website"},"primaryImageOfPage":{"@id":"https:\/\/icom.museum\/es\/covid-19\/webinars\/webinar-del-icom-preparandose-para-la-reapertura-de-los-museos-las-secuelas-de-una-pandemia\/#primaryimage"},"image":{"@id":"https:\/\/icom.museum\/es\/covid-19\/webinars\/webinar-del-icom-preparandose-para-la-reapertura-de-los-museos-las-secuelas-de-una-pandemia\/#primaryimage"},"thumbnailUrl":"https:\/\/icom.museum\/wp-content\/uploads\/2020\/06\/ES-724x1024.png","datePublished":"2020-06-23T07:22:00+00:00","dateModified":"2020-07-01T19:32:57+00:00","breadcrumb":{"@id":"https:\/\/icom.museum\/es\/covid-19\/webinars\/webinar-del-icom-preparandose-para-la-reapertura-de-los-museos-las-secuelas-de-una-pandemia\/#breadcrumb"},"inLanguage":"es","potentialAction":[{"@type":"ReadAction","target":["https:\/\/icom.museum\/es\/covid-19\/webinars\/webinar-del-icom-preparandose-para-la-reapertura-de-los-museos-las-secuelas-de-una-pandemia\/"]}]},{"@type":"ImageObject","inLanguage":"es","@id":"https:\/\/icom.museum\/es\/covid-19\/webinars\/webinar-del-icom-preparandose-para-la-reapertura-de-los-museos-las-secuelas-de-una-pandemia\/#primaryimage","url":"https:\/\/icom.museum\/wp-content\/uploads\/2020\/06\/ES-724x1024.png","contentUrl":"https:\/\/icom.museum\/wp-content\/uploads\/2020\/06\/ES-724x1024.png"},{"@type":"BreadcrumbList","@id":"https:\/\/icom.museum\/es\/covid-19\/webinars\/webinar-del-icom-preparandose-para-la-reapertura-de-los-museos-las-secuelas-de-una-pandemia\/#breadcrumb","itemListElement":[{"@type":"ListItem","position":1,"name":"Home","item":"https:\/\/icom.museum\/es\/"},{"@type":"ListItem","position":2,"name":"COVID-19","item":"https:\/\/icom.museum\/es\/covid-19\/"},{"@type":"ListItem","position":3,"name":"Webinars","item":"https:\/\/icom.museum\/es\/covid-19\/webinars\/"},{"@type":"ListItem","position":4,"name":"Webinar del ICOM | Prepar\u00e1ndose para la reapertura de los museos"}]},{"@type":"WebSite","@id":"https:\/\/icom.museum\/en\/#website","url":"https:\/\/icom.museum\/en\/","name":"International Council of Museums","description":"A global organisation of museums &amp; museum professionals committed to the promotion and protection of cultural heritage","publisher":{"@id":"https:\/\/icom.museum\/en\/#organization"},"potentialAction":[{"@type":"SearchAction","target":{"@type":"EntryPoint","urlTemplate":"https:\/\/icom.museum\/en\/?s={search_term_string}"},"query-input":{"@type":"PropertyValueSpecification","valueRequired":true,"valueName":"search_term_string"}}],"inLanguage":"es"},{"@type":"Organization","@id":"https:\/\/icom.museum\/en\/#organization","name":"International Council of Museums","url":"https:\/\/icom.museum\/en\/","logo":{"@type":"ImageObject","inLanguage":"es","@id":"https:\/\/icom.museum\/en\/#\/schema\/logo\/image\/","url":"https:\/\/icom.museum\/wp-content\/uploads\/2018\/07\/ICOM_M_.jpg","contentUrl":"https:\/\/icom.museum\/wp-content\/uploads\/2018\/07\/ICOM_M_.jpg","width":1721,"height":1721,"caption":"International Council of Museums"},"image":{"@id":"https:\/\/icom.museum\/en\/#\/schema\/logo\/image\/"}}]}},"_links":{"self":[{"href":"https:\/\/icom.museum\/es\/wp-json\/wp\/v2\/pages\/39018"}],"collection":[{"href":"https:\/\/icom.museum\/es\/wp-json\/wp\/v2\/pages"}],"about":[{"href":"https:\/\/icom.museum\/es\/wp-json\/wp\/v2\/types\/page"}],"author":[{"embeddable":true,"href":"https:\/\/icom.museum\/es\/wp-json\/wp\/v2\/users\/5865"}],"replies":[{"embeddable":true,"href":"https:\/\/icom.museum\/es\/wp-json\/wp\/v2\/comments?post=39018"}],"version-history":[{"count":5,"href":"https:\/\/icom.museum\/es\/wp-json\/wp\/v2\/pages\/39018\/revisions"}],"predecessor-version":[{"id":39446,"href":"https:\/\/icom.museum\/es\/wp-json\/wp\/v2\/pages\/39018\/revisions\/39446"}],"up":[{"embeddable":true,"href":"https:\/\/icom.museum\/es\/wp-json\/wp\/v2\/pages\/39048"}],"wp:attachment":[{"href":"https:\/\/icom.museum\/es\/wp-json\/wp\/v2\/media?parent=39018"}],"curies":[{"name":"wp","href":"https:\/\/api.w.org\/{rel}","templated":true}]}}