{"id":40705,"date":"2020-09-22T10:45:12","date_gmt":"2020-09-22T08:45:12","guid":{"rendered":"https:\/\/icom.museum\/?page_id=40705"},"modified":"2020-12-15T11:19:26","modified_gmt":"2020-12-15T09:19:26","slug":"encuesta-de-seguimiento-covid-19-museos","status":"publish","type":"page","link":"https:\/\/icom.museum\/es\/covid-19\/encuestas-y-datos\/encuesta-de-seguimiento-covid-19-museos\/","title":{"rendered":"Encuesta de seguimiento: el impacto de COVID-19 en el sector de los museos"},"content":{"rendered":"<h3>El brote de COVID-19 sigue afectando seriamente a las instituciones culturales de todo el mundo. Mientras que algunos museos han reabierto con grandes limitaciones, otros todav\u00eda se enfrentan a las consecuencias de la crisis a puerta cerrada.<\/h3>\n<p class=\"p1\"><a href=\"https:\/\/icom.museum\/es\/news\/museos-profesionales-de-los-museos-%e2%80%a8y-covid-19-resultados-de-la-encuesta\/\">Nuestro primer informe<\/a>, publicado en mayo, presentaba una situaci\u00f3n calamitosa para los museos y los profesionales de los museos de todo el mundo, con alrededor del 95% de las instituciones obligadas a cerrar para salvaguardar el bienestar del personal y los visitantes, y graves repercusiones econ\u00f3micas, sociales y culturales.<\/p>\n<p class=\"p1\">Con el fin de reunir m\u00e1s informaci\u00f3n y datos adicionales sobre la forma en que el actual brote de COVID-19 est\u00e1 afectando y afectar\u00e1 al sector de los museos a corto y largo plazo, lanzamos un segundo estudio mundial el 7 de septiembre de 2020. La mayor\u00eda de las secciones y preguntas se refer\u00edan a la encuesta anterior, lo que nos permiti\u00f3 evaluar el curso de la crisis y su percepci\u00f3n por parte de los profesionales de los museos. Por otra parte, algunas preguntas ten\u00edan en cuenta la evoluci\u00f3n de la situaci\u00f3n en los \u00faltimos meses, especialmente en vista de la reapertura progresiva de los museos en algunas regiones del mundo.<\/p>\n<p class=\"p1\">En este informe se analizan casi 900 respuestas de museos y profesionales de museos de los cinco continentes, que se recogieron entre el 7 de septiembre y el 18 de octubre de 2020. Es importante subrayar que, poco despu\u00e9s del cierre de la encuesta, Europa comenz\u00f3 a experimentar una segunda oleada de cierres generalizados.<\/p>\n<p><span class=\"link_red\"><a href=\"https:\/\/icom.museum\/wp-content\/uploads\/2020\/11\/FINAL-ES_Follow-up-survey.pdf\">Lea el informe ICOM completo<\/a><\/span><\/p>\n<p>&nbsp;<\/p>\n","protected":false},"excerpt":{"rendered":"<p>El brote de COVID-19 sigue afectando seriamente a las instituciones culturales de todo el mundo. Mientras que algunos museos han reabierto con grandes limitaciones, otros todav\u00eda se enfrentan a las consecuencias de la crisis a puerta cerrada. Nuestro primer informe, publicado en mayo, presentaba una situaci\u00f3n calamitosa para los museos y los profesionales de los [&hellip;]<\/p>\n","protected":false},"author":3334,"featured_media":0,"parent":37924,"menu_order":0,"comment_status":"closed","ping_status":"closed","template":"","meta":{"inline_featured_image":false,"footnotes":""},"class_list":["post-40705","page","type-page","status-publish","hentry"],"acf":[],"yoast_head":"<!-- This site is optimized with the Yoast SEO plugin v23.7 - https:\/\/yoast.com\/wordpress\/plugins\/seo\/ -->\n<title>Encuesta de seguimiento: el impacto de COVID-19 en el sector de los museos<\/title>\n<meta name=\"description\" content=\"Para recoger datos adicionales sobre c\u00f3mo el actual brote de COVID-19 est\u00e1 afectando a los museos, el ICOM est\u00e1 lanzando una segunda encuesta mundial.\" \/>\n<meta name=\"robots\" content=\"index, follow, max-snippet:-1, max-image-preview:large, max-video-preview:-1\" \/>\n<link rel=\"canonical\" href=\"https:\/\/icom.museum\/es\/covid-19\/encuestas-y-datos\/encuesta-de-seguimiento-covid-19-museos\/\" \/>\n<meta property=\"og:locale\" content=\"es_ES\" \/>\n<meta property=\"og:type\" content=\"article\" \/>\n<meta property=\"og:title\" content=\"Encuesta de seguimiento: el impacto de COVID-19 en el sector de los museos\" \/>\n<meta property=\"og:description\" content=\"Para recoger datos adicionales sobre c\u00f3mo el actual brote de COVID-19 est\u00e1 afectando a los museos, el ICOM est\u00e1 lanzando una segunda encuesta mundial.\" \/>\n<meta property=\"og:url\" content=\"https:\/\/icom.museum\/es\/covid-19\/encuestas-y-datos\/encuesta-de-seguimiento-covid-19-museos\/\" \/>\n<meta property=\"og:site_name\" content=\"International Council of Museums\" \/>\n<meta property=\"article:modified_time\" content=\"2020-12-15T09:19:26+00:00\" \/>\n<meta property=\"og:image\" content=\"https:\/\/icom.museum\/wp-content\/uploads\/2020\/09\/photo-1596879623528-a400e06ae371.jpeg\" \/>\n<meta name=\"twitter:card\" content=\"summary_large_image\" \/>\n<meta name=\"twitter:label1\" content=\"Tiempo de lectura\" \/>\n\t<meta name=\"twitter:data1\" content=\"1 minuto\" \/>\n<script type=\"application\/ld+json\" class=\"yoast-schema-graph\">{\"@context\":\"https:\/\/schema.org\",\"@graph\":[{\"@type\":\"WebPage\",\"@id\":\"https:\/\/icom.museum\/es\/covid-19\/encuestas-y-datos\/encuesta-de-seguimiento-covid-19-museos\/\",\"url\":\"https:\/\/icom.museum\/es\/covid-19\/encuestas-y-datos\/encuesta-de-seguimiento-covid-19-museos\/\",\"name\":\"Encuesta de seguimiento: el impacto de COVID-19 en el sector de los museos\",\"isPartOf\":{\"@id\":\"https:\/\/icom.museum\/en\/#website\"},\"datePublished\":\"2020-09-22T08:45:12+00:00\",\"dateModified\":\"2020-12-15T09:19:26+00:00\",\"description\":\"Para recoger datos adicionales sobre c\u00f3mo el actual brote de COVID-19 est\u00e1 afectando a los museos, el ICOM est\u00e1 lanzando una segunda encuesta mundial.\",\"breadcrumb\":{\"@id\":\"https:\/\/icom.museum\/es\/covid-19\/encuestas-y-datos\/encuesta-de-seguimiento-covid-19-museos\/#breadcrumb\"},\"inLanguage\":\"es\",\"potentialAction\":[{\"@type\":\"ReadAction\",\"target\":[\"https:\/\/icom.museum\/es\/covid-19\/encuestas-y-datos\/encuesta-de-seguimiento-covid-19-museos\/\"]}]},{\"@type\":\"BreadcrumbList\",\"@id\":\"https:\/\/icom.museum\/es\/covid-19\/encuestas-y-datos\/encuesta-de-seguimiento-covid-19-museos\/#breadcrumb\",\"itemListElement\":[{\"@type\":\"ListItem\",\"position\":1,\"name\":\"Home\",\"item\":\"https:\/\/icom.museum\/es\/\"},{\"@type\":\"ListItem\",\"position\":2,\"name\":\"COVID-19\",\"item\":\"https:\/\/icom.museum\/es\/covid-19\/\"},{\"@type\":\"ListItem\",\"position\":3,\"name\":\"Encuestas y datos\",\"item\":\"https:\/\/icom.museum\/es\/covid-19\/encuestas-y-datos\/\"},{\"@type\":\"ListItem\",\"position\":4,\"name\":\"Encuesta de seguimiento: el impacto de COVID-19 en el sector de los museos\"}]},{\"@type\":\"WebSite\",\"@id\":\"https:\/\/icom.museum\/en\/#website\",\"url\":\"https:\/\/icom.museum\/en\/\",\"name\":\"International Council of Museums\",\"description\":\"A global organisation of museums &amp; museum professionals committed to the promotion and protection of cultural heritage\",\"publisher\":{\"@id\":\"https:\/\/icom.museum\/en\/#organization\"},\"potentialAction\":[{\"@type\":\"SearchAction\",\"target\":{\"@type\":\"EntryPoint\",\"urlTemplate\":\"https:\/\/icom.museum\/en\/?s={search_term_string}\"},\"query-input\":{\"@type\":\"PropertyValueSpecification\",\"valueRequired\":true,\"valueName\":\"search_term_string\"}}],\"inLanguage\":\"es\"},{\"@type\":\"Organization\",\"@id\":\"https:\/\/icom.museum\/en\/#organization\",\"name\":\"International Council of Museums\",\"url\":\"https:\/\/icom.museum\/en\/\",\"logo\":{\"@type\":\"ImageObject\",\"inLanguage\":\"es\",\"@id\":\"https:\/\/icom.museum\/en\/#\/schema\/logo\/image\/\",\"url\":\"https:\/\/icom.museum\/wp-content\/uploads\/2018\/07\/ICOM_M_.jpg\",\"contentUrl\":\"https:\/\/icom.museum\/wp-content\/uploads\/2018\/07\/ICOM_M_.jpg\",\"width\":1721,\"height\":1721,\"caption\":\"International Council of Museums\"},\"image\":{\"@id\":\"https:\/\/icom.museum\/en\/#\/schema\/logo\/image\/\"}}]}<\/script>\n<!-- \/ Yoast SEO plugin. -->","yoast_head_json":{"title":"Encuesta de seguimiento: el impacto de COVID-19 en el sector de los museos","description":"Para recoger datos adicionales sobre c\u00f3mo el actual brote de COVID-19 est\u00e1 afectando a los museos, el ICOM est\u00e1 lanzando una segunda encuesta mundial.","robots":{"index":"index","follow":"follow","max-snippet":"max-snippet:-1","max-image-preview":"max-image-preview:large","max-video-preview":"max-video-preview:-1"},"canonical":"https:\/\/icom.museum\/es\/covid-19\/encuestas-y-datos\/encuesta-de-seguimiento-covid-19-museos\/","og_locale":"es_ES","og_type":"article","og_title":"Encuesta de seguimiento: el impacto de COVID-19 en el sector de los museos","og_description":"Para recoger datos adicionales sobre c\u00f3mo el actual brote de COVID-19 est\u00e1 afectando a los museos, el ICOM est\u00e1 lanzando una segunda encuesta mundial.","og_url":"https:\/\/icom.museum\/es\/covid-19\/encuestas-y-datos\/encuesta-de-seguimiento-covid-19-museos\/","og_site_name":"International Council of Museums","article_modified_time":"2020-12-15T09:19:26+00:00","og_image":[{"url":"https:\/\/icom.museum\/wp-content\/uploads\/2020\/09\/photo-1596879623528-a400e06ae371.jpeg"}],"twitter_card":"summary_large_image","twitter_misc":{"Tiempo de lectura":"1 minuto"},"schema":{"@context":"https:\/\/schema.org","@graph":[{"@type":"WebPage","@id":"https:\/\/icom.museum\/es\/covid-19\/encuestas-y-datos\/encuesta-de-seguimiento-covid-19-museos\/","url":"https:\/\/icom.museum\/es\/covid-19\/encuestas-y-datos\/encuesta-de-seguimiento-covid-19-museos\/","name":"Encuesta de seguimiento: el impacto de COVID-19 en el sector de los museos","isPartOf":{"@id":"https:\/\/icom.museum\/en\/#website"},"datePublished":"2020-09-22T08:45:12+00:00","dateModified":"2020-12-15T09:19:26+00:00","description":"Para recoger datos adicionales sobre c\u00f3mo el actual brote de COVID-19 est\u00e1 afectando a los museos, el ICOM est\u00e1 lanzando una segunda encuesta mundial.","breadcrumb":{"@id":"https:\/\/icom.museum\/es\/covid-19\/encuestas-y-datos\/encuesta-de-seguimiento-covid-19-museos\/#breadcrumb"},"inLanguage":"es","potentialAction":[{"@type":"ReadAction","target":["https:\/\/icom.museum\/es\/covid-19\/encuestas-y-datos\/encuesta-de-seguimiento-covid-19-museos\/"]}]},{"@type":"BreadcrumbList","@id":"https:\/\/icom.museum\/es\/covid-19\/encuestas-y-datos\/encuesta-de-seguimiento-covid-19-museos\/#breadcrumb","itemListElement":[{"@type":"ListItem","position":1,"name":"Home","item":"https:\/\/icom.museum\/es\/"},{"@type":"ListItem","position":2,"name":"COVID-19","item":"https:\/\/icom.museum\/es\/covid-19\/"},{"@type":"ListItem","position":3,"name":"Encuestas y datos","item":"https:\/\/icom.museum\/es\/covid-19\/encuestas-y-datos\/"},{"@type":"ListItem","position":4,"name":"Encuesta de seguimiento: el impacto de COVID-19 en el sector de los museos"}]},{"@type":"WebSite","@id":"https:\/\/icom.museum\/en\/#website","url":"https:\/\/icom.museum\/en\/","name":"International Council of Museums","description":"A global organisation of museums &amp; museum professionals committed to the promotion and protection of cultural heritage","publisher":{"@id":"https:\/\/icom.museum\/en\/#organization"},"potentialAction":[{"@type":"SearchAction","target":{"@type":"EntryPoint","urlTemplate":"https:\/\/icom.museum\/en\/?s={search_term_string}"},"query-input":{"@type":"PropertyValueSpecification","valueRequired":true,"valueName":"search_term_string"}}],"inLanguage":"es"},{"@type":"Organization","@id":"https:\/\/icom.museum\/en\/#organization","name":"International Council of Museums","url":"https:\/\/icom.museum\/en\/","logo":{"@type":"ImageObject","inLanguage":"es","@id":"https:\/\/icom.museum\/en\/#\/schema\/logo\/image\/","url":"https:\/\/icom.museum\/wp-content\/uploads\/2018\/07\/ICOM_M_.jpg","contentUrl":"https:\/\/icom.museum\/wp-content\/uploads\/2018\/07\/ICOM_M_.jpg","width":1721,"height":1721,"caption":"International Council of Museums"},"image":{"@id":"https:\/\/icom.museum\/en\/#\/schema\/logo\/image\/"}}]}},"_links":{"self":[{"href":"https:\/\/icom.museum\/es\/wp-json\/wp\/v2\/pages\/40705"}],"collection":[{"href":"https:\/\/icom.museum\/es\/wp-json\/wp\/v2\/pages"}],"about":[{"href":"https:\/\/icom.museum\/es\/wp-json\/wp\/v2\/types\/page"}],"author":[{"embeddable":true,"href":"https:\/\/icom.museum\/es\/wp-json\/wp\/v2\/users\/3334"}],"replies":[{"embeddable":true,"href":"https:\/\/icom.museum\/es\/wp-json\/wp\/v2\/comments?post=40705"}],"version-history":[{"count":3,"href":"https:\/\/icom.museum\/es\/wp-json\/wp\/v2\/pages\/40705\/revisions"}],"predecessor-version":[{"id":42236,"href":"https:\/\/icom.museum\/es\/wp-json\/wp\/v2\/pages\/40705\/revisions\/42236"}],"up":[{"embeddable":true,"href":"https:\/\/icom.museum\/es\/wp-json\/wp\/v2\/pages\/37924"}],"wp:attachment":[{"href":"https:\/\/icom.museum\/es\/wp-json\/wp\/v2\/media?parent=40705"}],"curies":[{"name":"wp","href":"https:\/\/api.w.org\/{rel}","templated":true}]}}