{"id":41131,"date":"2020-10-14T16:09:30","date_gmt":"2020-10-14T14:09:30","guid":{"rendered":"https:\/\/icom.museum\/?page_id=41131"},"modified":"2020-10-14T16:11:24","modified_gmt":"2020-10-14T14:11:24","slug":"webinar-del-icom-comunidades-locales-fortaleciendo-los-museos","status":"publish","type":"page","link":"https:\/\/icom.museum\/es\/covid-19\/webinars\/webinar-del-icom-comunidades-locales-fortaleciendo-los-museos\/","title":{"rendered":"Webinar del ICOM | Comunidades locales fortaleciendo los museos"},"content":{"rendered":"<h3>Tras los dos webinars sobre el impacto de la crisis de COVID-19 y las soluciones innovadoras para hacerle frente, el ICOM quiere continuar con su compromiso de apoyar a la comunidad de museos, con un debate en l\u00ednea que explorar\u00e1 las sinergias fruct\u00edferas entre los museos y sus comunidades.<\/h3>\n<p>El <strong>5 de agosto de 2020, 15:00h-16:15h (CEST)<\/strong> el <a href=\"https:\/\/www.yuca.tv\/es\/icom\/webinaire-5-aout-2020\"><strong>webinar del ICOM &#8220;Comunidades locales fortaleciendo los museos&#8221;<\/strong><\/a> presentar\u00e1 un debate abierto en l\u00ednea sobre la relaci\u00f3n actual entre museos y comunidades locales, proponiendo acciones y actividades recientemente implementadas en diferentes \u00e1reas del mundo. Este webinar quiere subrayar el papel crucial que pueden desempe\u00f1ar las comunidades locales hacia cualquier instituci\u00f3n cultural. Sobre todo en un contexto de pandemia mundial, las sinergias fruct\u00edferas que vinculan a los museos con las comunidades circundantes pueden dar lugar a proyectos de gran impacto, en beneficio tanto del sector cultural como de la sociedad.<\/p>\n<p>Peter Keller, Director General del ICOM, abrir\u00e1 la discusi\u00f3n con un discurso de bienvenida que introducir\u00e1 el debate principal. Luego, Vinod Daniel, moderador del webinar, dar\u00e1 inicio al di\u00e1logo principal, que reunir\u00e1 a cuatro especialistas internacionales de Chile, Sud\u00e1frica, Jap\u00f3n y el Reino Unido. El objetivo de este debate es inspirar a todos los museos, incluidos los de peque\u00f1o y mediano tama\u00f1o, para que atraigan y trabajen conjuntamente con sus p\u00fablicos locales en el futuro.<\/p>\n<p><iframe loading=\"lazy\" src=\"https:\/\/www.youtube.com\/embed\/3j3qbj_E16E\" width=\"560\" height=\"315\" frameborder=\"0\" allowfullscreen=\"allowfullscreen\"><\/iframe><\/p>\n<p><strong><u>Participantes<\/u><\/strong>:<\/p>\n<ul>\n<li><span style=\"color: #474747; font-family: Georgia; font-size: 15px;\"><strong>Paulina Roblero<\/strong>. Licenciada en Comunicaci\u00f3n Social y en Preservaci\u00f3n, Conservaci\u00f3n y Gesti\u00f3n del Patrimonio Cultural, Paulina ha cofundado el Colectivo Vamos al Museo! (VAM) en diciembre 2016, una organizaci\u00f3n que difunde, estimula y crea instancias de participaci\u00f3n del publico en los museos de Chile.<\/span><\/li>\n<li><span style=\"color: #474747; font-family: Georgia; font-size: 15px;\"><strong>Bonita Bennett.<\/strong> Ex directora del District Six Museum de Ciudad del Cabo (Sud\u00e1frica), Bonita tiene experiencia como educadora y activista contra el apartheid y en favor de los derechos humanos. Despu\u00e9s de ense\u00f1ar en escuelas de zonas empobrecidas de Ciudad del Cabo, obtuvo un MPhil de la Universidad de Ciudad del Cabo centrando su investigaci\u00f3n en la narrativa y la memoria.<\/span><\/li>\n<li><span style=\"color: #474747; font-family: Georgia; font-size: 15px;\"><strong>Kenji Saotome.<\/strong> Graduado en Educaci\u00f3n y Desarrollo Internacional y en Estudios Muse\u00edsticos, Saotome trabaja para el Suita City Museum de Osaka, Jap\u00f3n, como conservador desde 2011. Su investigaci\u00f3n se centra en la historia moderna y contempor\u00e1nea de la ciudad de Suita. Kenji es miembro de la junta del Comit\u00e9 Internacional del ICOM para Museos Regionales (ICR) y organizador de la Red de Peque\u00f1os Museos de Jap\u00f3n.<\/span><\/li>\n<li><span style=\"color: #474747; font-family: Georgia; font-size: 15px;\"><strong>Carol Rogers.<\/strong> Reconocida como MBE (Miembro del Imperio Brit\u00e1nico) en enero de 2015, Carol dirige el programa de concienciaci\u00f3n sobre la demencia de los Museos Nacionales de Liverpool, que ha sido premiado en varias ocasiones. House of Memories apoya a las personas que viven con demencia, a sus cuidadores, a sus familias y a sus comunidades. En 2019, 60.000 personas se hab\u00edan beneficiado del programa, que se est\u00e1 ampliando en el Reino Unido, los Estados Unidos y el sudeste asi\u00e1tico. Carol mantiene una amplia red nacional e internacional de asociaciones de educaci\u00f3n, museos, salud y asistencia social.<\/span><\/li>\n<\/ul>\n<p><strong><u>Moderador<\/u><\/strong>:<\/p>\n<ul>\n<li><span style=\"color: #474747; font-family: Georgia; font-size: 15px;\"><strong>Vinod Daniel<\/strong>. Especialista en museos de renombre internacional, Daniel es actualmente Presidente de la Junta de AusHeritage (Red de Industrias del Patrimonio de Australia) y miembro de la Junta del ICOM.<\/span><\/li>\n<\/ul>\n<p><strong><u>Introducci\u00f3n<\/u><\/strong>:<\/p>\n<ul>\n<li><span style=\"color: #474747; font-family: Georgia; font-size: 15px;\"><strong>Peter Keller<\/strong>. Nombrado Director General del ICOM en 2017, Keller hab\u00eda sido Director del Museo de la Catedral de Salzburgo (Dommuseum), Austria, desde 2002. Anteriormente fue Tesorero del ICOM, Presidente y Secretario del ICOM-DEMHIST y miembro de la junta de ICOM Austria.<\/span><\/li>\n<\/ul>\n<p><em>El webinar del ICOM reuni\u00f3 a <strong>m\u00e1s de 3.000 usuarios<\/strong> en la plataforma de transmisi\u00f3n en vivo. En caso de que se lo haya perdido, <strong>puede volver a ver la sesi\u00f3n completa<\/strong> del webinar <strong><a href=\"https:\/\/www.yuca.tv\/es\/icom\/webinary17june2020\">en este enlace<\/a><\/strong> &#8211; hasta finales de agosto de 2020 &#8211; tambi\u00e9n disponible en sus traducciones simult\u00e1neas en franc\u00e9s y espa\u00f1ol.<\/em><\/p>\n<figure id=\"attachment_40388\" aria-describedby=\"caption-attachment-40388\" style=\"width: 1024px\" class=\"wp-caption aligncenter\"><a href=\"https:\/\/www.yuca.tv\/es\/icom\/webinaire-5-aout-2020\"><img loading=\"lazy\" decoding=\"async\" class=\"wp-image-40388 size-large\" src=\"https:\/\/icom.museum\/wp-content\/uploads\/2020\/08\/jake-schumacher-FShcc4u-6bY-unsplash-1024x746.jpg\" alt=\"\" width=\"1024\" height=\"746\" srcset=\"https:\/\/icom.museum\/wp-content\/uploads\/2020\/08\/jake-schumacher-FShcc4u-6bY-unsplash-1024x746.jpg 1024w, https:\/\/icom.museum\/wp-content\/uploads\/2020\/08\/jake-schumacher-FShcc4u-6bY-unsplash-300x218.jpg 300w, https:\/\/icom.museum\/wp-content\/uploads\/2020\/08\/jake-schumacher-FShcc4u-6bY-unsplash-768x559.jpg 768w\" sizes=\"(max-width: 1024px) 100vw, 1024px\" \/><\/a><figcaption id=\"caption-attachment-40388\" class=\"wp-caption-text\">Foto de Jake Schumacher en Unsplash<\/figcaption><\/figure>\n<p>***<\/p>\n<p>Desde el principio de esta emergencia, el ICOM ha tratado de asistir a sus miembros y a la comunidad muse\u00edstica internacional en la b\u00fasqueda de soluciones que puedan responder eficazmente a los m\u00faltiples problemas a los que se enfrentan las instituciones culturales mundiales. Mediante la regular puesta al d\u00eda de la <a href=\"https:\/\/icom.museum\/es\/covid-19\/\">secci\u00f3n del sitio web<\/a> dedicado a COVID-19, nos hemos comprometido, con la colaboraci\u00f3n de varios socios clave, a tener en cuenta los diferentes aspectos de esta crisis que afectan al trabajo de los museos y de los profesionales de los museos.<\/p>\n","protected":false},"excerpt":{"rendered":"<p>Tras los dos webinars sobre el impacto de la crisis de COVID-19 y las soluciones innovadoras para hacerle frente, el ICOM quiere continuar con su compromiso de apoyar a la comunidad de museos, con un debate en l\u00ednea que explorar\u00e1 las sinergias fruct\u00edferas entre los museos y sus comunidades. El 5 de agosto de 2020, [&hellip;]<\/p>\n","protected":false},"author":3334,"featured_media":0,"parent":39048,"menu_order":0,"comment_status":"closed","ping_status":"closed","template":"","meta":{"inline_featured_image":false,"footnotes":""},"class_list":["post-41131","page","type-page","status-publish","hentry"],"acf":[],"yoast_head":"<!-- This site is optimized with the Yoast SEO plugin v23.7 - https:\/\/yoast.com\/wordpress\/plugins\/seo\/ -->\n<title>Webinar del ICOM | Comunidades locales fortaleciendo los museos<\/title>\n<meta name=\"description\" content=\"Este webinar quiere subrayar el papel crucial que pueden desempe\u00f1ar las comunidades locales hacia los museos y cualquier instituci\u00f3n cultural.\" \/>\n<meta name=\"robots\" content=\"index, follow, max-snippet:-1, max-image-preview:large, max-video-preview:-1\" \/>\n<link rel=\"canonical\" href=\"https:\/\/icom.museum\/es\/covid-19\/webinars\/webinar-del-icom-comunidades-locales-fortaleciendo-los-museos\/\" \/>\n<meta property=\"og:locale\" content=\"es_ES\" \/>\n<meta property=\"og:type\" content=\"article\" \/>\n<meta property=\"og:title\" content=\"Webinar del ICOM | Comunidades locales fortaleciendo los museos\" \/>\n<meta property=\"og:description\" content=\"Este webinar quiere subrayar el papel crucial que pueden desempe\u00f1ar las comunidades locales hacia los museos y cualquier instituci\u00f3n cultural.\" \/>\n<meta property=\"og:url\" content=\"https:\/\/icom.museum\/es\/covid-19\/webinars\/webinar-del-icom-comunidades-locales-fortaleciendo-los-museos\/\" \/>\n<meta property=\"og:site_name\" content=\"International Council of Museums\" \/>\n<meta property=\"article:modified_time\" content=\"2020-10-14T14:11:24+00:00\" \/>\n<meta property=\"og:image\" content=\"https:\/\/icom.museum\/wp-content\/uploads\/2020\/08\/jake-schumacher-FShcc4u-6bY-unsplash.jpg\" \/>\n\t<meta property=\"og:image:width\" content=\"3376\" \/>\n\t<meta property=\"og:image:height\" content=\"2458\" \/>\n\t<meta property=\"og:image:type\" content=\"image\/jpeg\" \/>\n<meta name=\"twitter:card\" content=\"summary_large_image\" \/>\n<meta name=\"twitter:label1\" content=\"Tiempo de lectura\" \/>\n\t<meta name=\"twitter:data1\" content=\"4 minutos\" \/>\n<script type=\"application\/ld+json\" class=\"yoast-schema-graph\">{\"@context\":\"https:\/\/schema.org\",\"@graph\":[{\"@type\":\"WebPage\",\"@id\":\"https:\/\/icom.museum\/es\/covid-19\/webinars\/webinar-del-icom-comunidades-locales-fortaleciendo-los-museos\/\",\"url\":\"https:\/\/icom.museum\/es\/covid-19\/webinars\/webinar-del-icom-comunidades-locales-fortaleciendo-los-museos\/\",\"name\":\"Webinar del ICOM | Comunidades locales fortaleciendo los museos\",\"isPartOf\":{\"@id\":\"https:\/\/icom.museum\/en\/#website\"},\"primaryImageOfPage\":{\"@id\":\"https:\/\/icom.museum\/es\/covid-19\/webinars\/webinar-del-icom-comunidades-locales-fortaleciendo-los-museos\/#primaryimage\"},\"image\":{\"@id\":\"https:\/\/icom.museum\/es\/covid-19\/webinars\/webinar-del-icom-comunidades-locales-fortaleciendo-los-museos\/#primaryimage\"},\"thumbnailUrl\":\"https:\/\/icom.museum\/wp-content\/uploads\/2020\/08\/jake-schumacher-FShcc4u-6bY-unsplash-1024x746.jpg\",\"datePublished\":\"2020-10-14T14:09:30+00:00\",\"dateModified\":\"2020-10-14T14:11:24+00:00\",\"description\":\"Este webinar quiere subrayar el papel crucial que pueden desempe\u00f1ar las comunidades locales hacia los museos y cualquier instituci\u00f3n cultural.\",\"breadcrumb\":{\"@id\":\"https:\/\/icom.museum\/es\/covid-19\/webinars\/webinar-del-icom-comunidades-locales-fortaleciendo-los-museos\/#breadcrumb\"},\"inLanguage\":\"es\",\"potentialAction\":[{\"@type\":\"ReadAction\",\"target\":[\"https:\/\/icom.museum\/es\/covid-19\/webinars\/webinar-del-icom-comunidades-locales-fortaleciendo-los-museos\/\"]}]},{\"@type\":\"ImageObject\",\"inLanguage\":\"es\",\"@id\":\"https:\/\/icom.museum\/es\/covid-19\/webinars\/webinar-del-icom-comunidades-locales-fortaleciendo-los-museos\/#primaryimage\",\"url\":\"https:\/\/icom.museum\/wp-content\/uploads\/2020\/08\/jake-schumacher-FShcc4u-6bY-unsplash-1024x746.jpg\",\"contentUrl\":\"https:\/\/icom.museum\/wp-content\/uploads\/2020\/08\/jake-schumacher-FShcc4u-6bY-unsplash-1024x746.jpg\"},{\"@type\":\"BreadcrumbList\",\"@id\":\"https:\/\/icom.museum\/es\/covid-19\/webinars\/webinar-del-icom-comunidades-locales-fortaleciendo-los-museos\/#breadcrumb\",\"itemListElement\":[{\"@type\":\"ListItem\",\"position\":1,\"name\":\"Home\",\"item\":\"https:\/\/icom.museum\/es\/\"},{\"@type\":\"ListItem\",\"position\":2,\"name\":\"COVID-19\",\"item\":\"https:\/\/icom.museum\/es\/covid-19\/\"},{\"@type\":\"ListItem\",\"position\":3,\"name\":\"Webinars\",\"item\":\"https:\/\/icom.museum\/es\/covid-19\/webinars\/\"},{\"@type\":\"ListItem\",\"position\":4,\"name\":\"Webinar del ICOM | Comunidades locales fortaleciendo los museos\"}]},{\"@type\":\"WebSite\",\"@id\":\"https:\/\/icom.museum\/en\/#website\",\"url\":\"https:\/\/icom.museum\/en\/\",\"name\":\"International Council of Museums\",\"description\":\"A global organisation of museums &amp; museum professionals committed to the promotion and protection of cultural heritage\",\"publisher\":{\"@id\":\"https:\/\/icom.museum\/en\/#organization\"},\"potentialAction\":[{\"@type\":\"SearchAction\",\"target\":{\"@type\":\"EntryPoint\",\"urlTemplate\":\"https:\/\/icom.museum\/en\/?s={search_term_string}\"},\"query-input\":{\"@type\":\"PropertyValueSpecification\",\"valueRequired\":true,\"valueName\":\"search_term_string\"}}],\"inLanguage\":\"es\"},{\"@type\":\"Organization\",\"@id\":\"https:\/\/icom.museum\/en\/#organization\",\"name\":\"International Council of Museums\",\"url\":\"https:\/\/icom.museum\/en\/\",\"logo\":{\"@type\":\"ImageObject\",\"inLanguage\":\"es\",\"@id\":\"https:\/\/icom.museum\/en\/#\/schema\/logo\/image\/\",\"url\":\"https:\/\/icom.museum\/wp-content\/uploads\/2018\/07\/ICOM_M_.jpg\",\"contentUrl\":\"https:\/\/icom.museum\/wp-content\/uploads\/2018\/07\/ICOM_M_.jpg\",\"width\":1721,\"height\":1721,\"caption\":\"International Council of Museums\"},\"image\":{\"@id\":\"https:\/\/icom.museum\/en\/#\/schema\/logo\/image\/\"}}]}<\/script>\n<!-- \/ Yoast SEO plugin. -->","yoast_head_json":{"title":"Webinar del ICOM | Comunidades locales fortaleciendo los museos","description":"Este webinar quiere subrayar el papel crucial que pueden desempe\u00f1ar las comunidades locales hacia los museos y cualquier instituci\u00f3n cultural.","robots":{"index":"index","follow":"follow","max-snippet":"max-snippet:-1","max-image-preview":"max-image-preview:large","max-video-preview":"max-video-preview:-1"},"canonical":"https:\/\/icom.museum\/es\/covid-19\/webinars\/webinar-del-icom-comunidades-locales-fortaleciendo-los-museos\/","og_locale":"es_ES","og_type":"article","og_title":"Webinar del ICOM | Comunidades locales fortaleciendo los museos","og_description":"Este webinar quiere subrayar el papel crucial que pueden desempe\u00f1ar las comunidades locales hacia los museos y cualquier instituci\u00f3n cultural.","og_url":"https:\/\/icom.museum\/es\/covid-19\/webinars\/webinar-del-icom-comunidades-locales-fortaleciendo-los-museos\/","og_site_name":"International Council of Museums","article_modified_time":"2020-10-14T14:11:24+00:00","og_image":[{"width":3376,"height":2458,"url":"https:\/\/icom.museum\/wp-content\/uploads\/2020\/08\/jake-schumacher-FShcc4u-6bY-unsplash.jpg","type":"image\/jpeg"}],"twitter_card":"summary_large_image","twitter_misc":{"Tiempo de lectura":"4 minutos"},"schema":{"@context":"https:\/\/schema.org","@graph":[{"@type":"WebPage","@id":"https:\/\/icom.museum\/es\/covid-19\/webinars\/webinar-del-icom-comunidades-locales-fortaleciendo-los-museos\/","url":"https:\/\/icom.museum\/es\/covid-19\/webinars\/webinar-del-icom-comunidades-locales-fortaleciendo-los-museos\/","name":"Webinar del ICOM | Comunidades locales fortaleciendo los museos","isPartOf":{"@id":"https:\/\/icom.museum\/en\/#website"},"primaryImageOfPage":{"@id":"https:\/\/icom.museum\/es\/covid-19\/webinars\/webinar-del-icom-comunidades-locales-fortaleciendo-los-museos\/#primaryimage"},"image":{"@id":"https:\/\/icom.museum\/es\/covid-19\/webinars\/webinar-del-icom-comunidades-locales-fortaleciendo-los-museos\/#primaryimage"},"thumbnailUrl":"https:\/\/icom.museum\/wp-content\/uploads\/2020\/08\/jake-schumacher-FShcc4u-6bY-unsplash-1024x746.jpg","datePublished":"2020-10-14T14:09:30+00:00","dateModified":"2020-10-14T14:11:24+00:00","description":"Este webinar quiere subrayar el papel crucial que pueden desempe\u00f1ar las comunidades locales hacia los museos y cualquier instituci\u00f3n cultural.","breadcrumb":{"@id":"https:\/\/icom.museum\/es\/covid-19\/webinars\/webinar-del-icom-comunidades-locales-fortaleciendo-los-museos\/#breadcrumb"},"inLanguage":"es","potentialAction":[{"@type":"ReadAction","target":["https:\/\/icom.museum\/es\/covid-19\/webinars\/webinar-del-icom-comunidades-locales-fortaleciendo-los-museos\/"]}]},{"@type":"ImageObject","inLanguage":"es","@id":"https:\/\/icom.museum\/es\/covid-19\/webinars\/webinar-del-icom-comunidades-locales-fortaleciendo-los-museos\/#primaryimage","url":"https:\/\/icom.museum\/wp-content\/uploads\/2020\/08\/jake-schumacher-FShcc4u-6bY-unsplash-1024x746.jpg","contentUrl":"https:\/\/icom.museum\/wp-content\/uploads\/2020\/08\/jake-schumacher-FShcc4u-6bY-unsplash-1024x746.jpg"},{"@type":"BreadcrumbList","@id":"https:\/\/icom.museum\/es\/covid-19\/webinars\/webinar-del-icom-comunidades-locales-fortaleciendo-los-museos\/#breadcrumb","itemListElement":[{"@type":"ListItem","position":1,"name":"Home","item":"https:\/\/icom.museum\/es\/"},{"@type":"ListItem","position":2,"name":"COVID-19","item":"https:\/\/icom.museum\/es\/covid-19\/"},{"@type":"ListItem","position":3,"name":"Webinars","item":"https:\/\/icom.museum\/es\/covid-19\/webinars\/"},{"@type":"ListItem","position":4,"name":"Webinar del ICOM | Comunidades locales fortaleciendo los museos"}]},{"@type":"WebSite","@id":"https:\/\/icom.museum\/en\/#website","url":"https:\/\/icom.museum\/en\/","name":"International Council of Museums","description":"A global organisation of museums &amp; museum professionals committed to the promotion and protection of cultural heritage","publisher":{"@id":"https:\/\/icom.museum\/en\/#organization"},"potentialAction":[{"@type":"SearchAction","target":{"@type":"EntryPoint","urlTemplate":"https:\/\/icom.museum\/en\/?s={search_term_string}"},"query-input":{"@type":"PropertyValueSpecification","valueRequired":true,"valueName":"search_term_string"}}],"inLanguage":"es"},{"@type":"Organization","@id":"https:\/\/icom.museum\/en\/#organization","name":"International Council of Museums","url":"https:\/\/icom.museum\/en\/","logo":{"@type":"ImageObject","inLanguage":"es","@id":"https:\/\/icom.museum\/en\/#\/schema\/logo\/image\/","url":"https:\/\/icom.museum\/wp-content\/uploads\/2018\/07\/ICOM_M_.jpg","contentUrl":"https:\/\/icom.museum\/wp-content\/uploads\/2018\/07\/ICOM_M_.jpg","width":1721,"height":1721,"caption":"International Council of Museums"},"image":{"@id":"https:\/\/icom.museum\/en\/#\/schema\/logo\/image\/"}}]}},"_links":{"self":[{"href":"https:\/\/icom.museum\/es\/wp-json\/wp\/v2\/pages\/41131"}],"collection":[{"href":"https:\/\/icom.museum\/es\/wp-json\/wp\/v2\/pages"}],"about":[{"href":"https:\/\/icom.museum\/es\/wp-json\/wp\/v2\/types\/page"}],"author":[{"embeddable":true,"href":"https:\/\/icom.museum\/es\/wp-json\/wp\/v2\/users\/3334"}],"replies":[{"embeddable":true,"href":"https:\/\/icom.museum\/es\/wp-json\/wp\/v2\/comments?post=41131"}],"version-history":[{"count":2,"href":"https:\/\/icom.museum\/es\/wp-json\/wp\/v2\/pages\/41131\/revisions"}],"predecessor-version":[{"id":41133,"href":"https:\/\/icom.museum\/es\/wp-json\/wp\/v2\/pages\/41131\/revisions\/41133"}],"up":[{"embeddable":true,"href":"https:\/\/icom.museum\/es\/wp-json\/wp\/v2\/pages\/39048"}],"wp:attachment":[{"href":"https:\/\/icom.museum\/es\/wp-json\/wp\/v2\/media?parent=41131"}],"curies":[{"name":"wp","href":"https:\/\/api.w.org\/{rel}","templated":true}]}}