{"id":45670,"date":"2021-09-07T15:25:03","date_gmt":"2021-09-07T13:25:03","guid":{"rendered":"https:\/\/icom.museum\/?page_id=45670"},"modified":"2025-10-30T22:49:29","modified_gmt":"2025-10-30T20:49:29","slug":"centro-internacional-de-formacion-en-museologia-icom-itc","status":"publish","type":"page","link":"https:\/\/icom.museum\/es\/desarrollo-de-capacidades\/centro-internacional-de-formacion-en-museologia-icom-itc\/","title":{"rendered":"Centro Internacional De Formaci\u00f3n En Museolog\u00eda (ICOM-ITC)"},"content":{"rendered":"<h2 class=\"headline\">El Centro Internacional de Formaci\u00f3n en Museolog\u00eda del ICOM (ICOM-ITC) es una colaboraci\u00f3n entre el ICOM, ICOM China y el Museo del Palacio de Pek\u00edn, creada para ofrecer programas de formaci\u00f3n a la creciente comunidad de los museos.<\/h2>\n<p>El Centro desarrolla estos programas con la participaci\u00f3n de expertos internacionales y chinos que imparten conferencias y dirigen debates y actividades relacionadas con necesidades actuales como la participaci\u00f3n de la comunidad, el rol social de los museos, el desarrollo de partenariados, la \u00e9tica de los museos, etc.<\/p>\n<p>El ICOM-ITC tiene por objeto promover la investigaci\u00f3n y el intercambio entre los museos a nivel internacional y desarrollar los conocimientos muse\u00edsticos de los profesionales de los pa\u00edses en desarrollo, especialmente los de la regi\u00f3n de Asia-Pac\u00edfico. Para ello, el Centro ofrece regularmente becas completas y parciales para garantizar la participaci\u00f3n de los participantes seleccionados.<\/p>\n<p>Los cursos se ofrecen dos veces al a\u00f1o, en ingl\u00e9s. Las convocatorias suelen publicarse en nuestra p\u00e1gina web y en las redes sociales.<\/p>\n<p>Las condiciones para participar en los cursos son:<\/p>\n<ul>\n<li>Haber pagado las cuotas de afiliaci\u00f3n al ICOM durante dos a\u00f1os consecutivos, incluido el a\u00f1o en curso de la solicitud o, en el caso de una nueva afiliaci\u00f3n al ICOM o de su reincorporaci\u00f3n, haber pagado las cuotas correspondientes al a\u00f1o de la solicitud;<\/li>\n<li>Dominio del ingl\u00e9s hablado y escrito;<\/li>\n<li>Ocupar un puesto de nivel intermedio en un museo o instituci\u00f3n p\u00fablica reconocida;<\/li>\n<li>Tener 45 a\u00f1os o menos, a 31 de diciembre del a\u00f1o de la solicitud.<\/li>\n<\/ul>\n<p>Algunos de nuestros \u00faltimos programas son:<\/p>\n<ul>\n<li><em>Los museos como entornos de aprendizaje: Desarrollando programas p\u00fablicos relevantes<\/em>, Yixing, noviembre de 2019<\/li>\n<li><em>Los retos de las colecciones de los museos en la actualidad<\/em>, Pek\u00edn, abril de 2019<\/li>\n<li><em>Promover su museo: Hazlo relevante y atractivo<\/em>, Fuzhou, noviembre de 2018<\/li>\n<li><em>La gesti\u00f3n de un museo en la actualidad<\/em>, Pek\u00edn, abril de 2018<\/li>\n<li><em>Desarrollo de exposiciones muse\u00edsticas atractivas<\/em>, Pek\u00edn, noviembre de 2017<\/li>\n<\/ul>\n<p><iframe loading=\"lazy\" title=\"ICOM\u2013ITC 2023\u20132024: Ten Years of International Museum Training and Collaboration\" src=\"https:\/\/www.youtube.com\/embed\/1mKFHy9ubS4\" width=\"1728\" height=\"715\" frameborder=\"0\" allowfullscreen=\"allowfullscreen\"><\/iframe><\/p>\n<p>Celebrando m\u00e1s de una d\u00e9cada de colaboraci\u00f3n, este v\u00eddeo muestra los momentos destacados de los talleres 2023\u20132024, con entrevistas a participantes y ponentes que comparten sus experiencias y perspectivas. El v\u00eddeo est\u00e1 presentado en ingl\u00e9s.<\/p>\n","protected":false},"excerpt":{"rendered":"<p>El Centro Internacional de Formaci\u00f3n en Museolog\u00eda del ICOM (ICOM-ITC) es una colaboraci\u00f3n entre el ICOM, ICOM China y el Museo del Palacio de Pek\u00edn, creada para ofrecer programas de formaci\u00f3n a la creciente comunidad de los museos. El Centro desarrolla estos programas con la participaci\u00f3n de expertos internacionales y chinos que imparten conferencias y [&hellip;]<\/p>\n","protected":false},"author":4,"featured_media":0,"parent":45663,"menu_order":1,"comment_status":"closed","ping_status":"closed","template":"","meta":{"inline_featured_image":false,"footnotes":""},"class_list":["post-45670","page","type-page","status-publish","hentry"],"acf":[],"yoast_head":"<!-- This site is optimized with the Yoast SEO plugin v23.7 - https:\/\/yoast.com\/wordpress\/plugins\/seo\/ -->\n<title>Centro Internacional De Formaci\u00f3n En Museolog\u00eda (ICOM-ITC) - International Council of Museums<\/title>\n<meta name=\"robots\" content=\"index, follow, max-snippet:-1, max-image-preview:large, max-video-preview:-1\" \/>\n<link rel=\"canonical\" href=\"https:\/\/icom.museum\/es\/desarrollo-de-capacidades\/centro-internacional-de-formacion-en-museologia-icom-itc\/\" \/>\n<meta property=\"og:locale\" content=\"es_ES\" \/>\n<meta property=\"og:type\" content=\"article\" \/>\n<meta property=\"og:title\" content=\"Centro Internacional De Formaci\u00f3n En Museolog\u00eda (ICOM-ITC) - International Council of Museums\" \/>\n<meta property=\"og:description\" content=\"El Centro Internacional de Formaci\u00f3n en Museolog\u00eda del ICOM (ICOM-ITC) es una colaboraci\u00f3n entre el ICOM, ICOM China y el Museo del Palacio de Pek\u00edn, creada para ofrecer programas de formaci\u00f3n a la creciente comunidad de los museos. El Centro desarrolla estos programas con la participaci\u00f3n de expertos internacionales y chinos que imparten conferencias y [&hellip;]\" \/>\n<meta property=\"og:url\" content=\"https:\/\/icom.museum\/es\/desarrollo-de-capacidades\/centro-internacional-de-formacion-en-museologia-icom-itc\/\" \/>\n<meta property=\"og:site_name\" content=\"International Council of Museums\" \/>\n<meta property=\"article:modified_time\" content=\"2025-10-30T20:49:29+00:00\" \/>\n<meta property=\"og:image\" content=\"https:\/\/icom.museum\/wp-content\/uploads\/2021\/09\/ITC.jpg\" \/>\n<meta name=\"twitter:card\" content=\"summary_large_image\" \/>\n<meta name=\"twitter:label1\" content=\"Tiempo de lectura\" \/>\n\t<meta name=\"twitter:data1\" content=\"2 minutos\" \/>\n<script type=\"application\/ld+json\" class=\"yoast-schema-graph\">{\"@context\":\"https:\/\/schema.org\",\"@graph\":[{\"@type\":\"WebPage\",\"@id\":\"https:\/\/icom.museum\/es\/desarrollo-de-capacidades\/centro-internacional-de-formacion-en-museologia-icom-itc\/\",\"url\":\"https:\/\/icom.museum\/es\/desarrollo-de-capacidades\/centro-internacional-de-formacion-en-museologia-icom-itc\/\",\"name\":\"Centro Internacional De Formaci\u00f3n En Museolog\u00eda (ICOM-ITC) - International Council of Museums\",\"isPartOf\":{\"@id\":\"https:\/\/icom.museum\/en\/#website\"},\"datePublished\":\"2021-09-07T13:25:03+00:00\",\"dateModified\":\"2025-10-30T20:49:29+00:00\",\"breadcrumb\":{\"@id\":\"https:\/\/icom.museum\/es\/desarrollo-de-capacidades\/centro-internacional-de-formacion-en-museologia-icom-itc\/#breadcrumb\"},\"inLanguage\":\"es\",\"potentialAction\":[{\"@type\":\"ReadAction\",\"target\":[\"https:\/\/icom.museum\/es\/desarrollo-de-capacidades\/centro-internacional-de-formacion-en-museologia-icom-itc\/\"]}]},{\"@type\":\"BreadcrumbList\",\"@id\":\"https:\/\/icom.museum\/es\/desarrollo-de-capacidades\/centro-internacional-de-formacion-en-museologia-icom-itc\/#breadcrumb\",\"itemListElement\":[{\"@type\":\"ListItem\",\"position\":1,\"name\":\"Home\",\"item\":\"https:\/\/icom.museum\/es\/\"},{\"@type\":\"ListItem\",\"position\":2,\"name\":\"Formaci\u00f3n\",\"item\":\"https:\/\/icom.museum\/es\/desarrollo-de-capacidades\/\"},{\"@type\":\"ListItem\",\"position\":3,\"name\":\"Centro Internacional De Formaci\u00f3n En Museolog\u00eda (ICOM-ITC)\"}]},{\"@type\":\"WebSite\",\"@id\":\"https:\/\/icom.museum\/en\/#website\",\"url\":\"https:\/\/icom.museum\/en\/\",\"name\":\"International Council of Museums\",\"description\":\"A global organisation of museums &amp; museum professionals committed to the promotion and protection of cultural heritage\",\"publisher\":{\"@id\":\"https:\/\/icom.museum\/en\/#organization\"},\"potentialAction\":[{\"@type\":\"SearchAction\",\"target\":{\"@type\":\"EntryPoint\",\"urlTemplate\":\"https:\/\/icom.museum\/en\/?s={search_term_string}\"},\"query-input\":{\"@type\":\"PropertyValueSpecification\",\"valueRequired\":true,\"valueName\":\"search_term_string\"}}],\"inLanguage\":\"es\"},{\"@type\":\"Organization\",\"@id\":\"https:\/\/icom.museum\/en\/#organization\",\"name\":\"International Council of Museums\",\"url\":\"https:\/\/icom.museum\/en\/\",\"logo\":{\"@type\":\"ImageObject\",\"inLanguage\":\"es\",\"@id\":\"https:\/\/icom.museum\/en\/#\/schema\/logo\/image\/\",\"url\":\"https:\/\/icom.museum\/wp-content\/uploads\/2018\/07\/ICOM_M_.jpg\",\"contentUrl\":\"https:\/\/icom.museum\/wp-content\/uploads\/2018\/07\/ICOM_M_.jpg\",\"width\":1721,\"height\":1721,\"caption\":\"International Council of Museums\"},\"image\":{\"@id\":\"https:\/\/icom.museum\/en\/#\/schema\/logo\/image\/\"}}]}<\/script>\n<!-- \/ Yoast SEO plugin. -->","yoast_head_json":{"title":"Centro Internacional De Formaci\u00f3n En Museolog\u00eda (ICOM-ITC) - International Council of Museums","robots":{"index":"index","follow":"follow","max-snippet":"max-snippet:-1","max-image-preview":"max-image-preview:large","max-video-preview":"max-video-preview:-1"},"canonical":"https:\/\/icom.museum\/es\/desarrollo-de-capacidades\/centro-internacional-de-formacion-en-museologia-icom-itc\/","og_locale":"es_ES","og_type":"article","og_title":"Centro Internacional De Formaci\u00f3n En Museolog\u00eda (ICOM-ITC) - International Council of Museums","og_description":"El Centro Internacional de Formaci\u00f3n en Museolog\u00eda del ICOM (ICOM-ITC) es una colaboraci\u00f3n entre el ICOM, ICOM China y el Museo del Palacio de Pek\u00edn, creada para ofrecer programas de formaci\u00f3n a la creciente comunidad de los museos. El Centro desarrolla estos programas con la participaci\u00f3n de expertos internacionales y chinos que imparten conferencias y [&hellip;]","og_url":"https:\/\/icom.museum\/es\/desarrollo-de-capacidades\/centro-internacional-de-formacion-en-museologia-icom-itc\/","og_site_name":"International Council of Museums","article_modified_time":"2025-10-30T20:49:29+00:00","og_image":[{"url":"https:\/\/icom.museum\/wp-content\/uploads\/2021\/09\/ITC.jpg"}],"twitter_card":"summary_large_image","twitter_misc":{"Tiempo de lectura":"2 minutos"},"schema":{"@context":"https:\/\/schema.org","@graph":[{"@type":"WebPage","@id":"https:\/\/icom.museum\/es\/desarrollo-de-capacidades\/centro-internacional-de-formacion-en-museologia-icom-itc\/","url":"https:\/\/icom.museum\/es\/desarrollo-de-capacidades\/centro-internacional-de-formacion-en-museologia-icom-itc\/","name":"Centro Internacional De Formaci\u00f3n En Museolog\u00eda (ICOM-ITC) - International Council of Museums","isPartOf":{"@id":"https:\/\/icom.museum\/en\/#website"},"datePublished":"2021-09-07T13:25:03+00:00","dateModified":"2025-10-30T20:49:29+00:00","breadcrumb":{"@id":"https:\/\/icom.museum\/es\/desarrollo-de-capacidades\/centro-internacional-de-formacion-en-museologia-icom-itc\/#breadcrumb"},"inLanguage":"es","potentialAction":[{"@type":"ReadAction","target":["https:\/\/icom.museum\/es\/desarrollo-de-capacidades\/centro-internacional-de-formacion-en-museologia-icom-itc\/"]}]},{"@type":"BreadcrumbList","@id":"https:\/\/icom.museum\/es\/desarrollo-de-capacidades\/centro-internacional-de-formacion-en-museologia-icom-itc\/#breadcrumb","itemListElement":[{"@type":"ListItem","position":1,"name":"Home","item":"https:\/\/icom.museum\/es\/"},{"@type":"ListItem","position":2,"name":"Formaci\u00f3n","item":"https:\/\/icom.museum\/es\/desarrollo-de-capacidades\/"},{"@type":"ListItem","position":3,"name":"Centro Internacional De Formaci\u00f3n En Museolog\u00eda (ICOM-ITC)"}]},{"@type":"WebSite","@id":"https:\/\/icom.museum\/en\/#website","url":"https:\/\/icom.museum\/en\/","name":"International Council of Museums","description":"A global organisation of museums &amp; museum professionals committed to the promotion and protection of cultural heritage","publisher":{"@id":"https:\/\/icom.museum\/en\/#organization"},"potentialAction":[{"@type":"SearchAction","target":{"@type":"EntryPoint","urlTemplate":"https:\/\/icom.museum\/en\/?s={search_term_string}"},"query-input":{"@type":"PropertyValueSpecification","valueRequired":true,"valueName":"search_term_string"}}],"inLanguage":"es"},{"@type":"Organization","@id":"https:\/\/icom.museum\/en\/#organization","name":"International Council of Museums","url":"https:\/\/icom.museum\/en\/","logo":{"@type":"ImageObject","inLanguage":"es","@id":"https:\/\/icom.museum\/en\/#\/schema\/logo\/image\/","url":"https:\/\/icom.museum\/wp-content\/uploads\/2018\/07\/ICOM_M_.jpg","contentUrl":"https:\/\/icom.museum\/wp-content\/uploads\/2018\/07\/ICOM_M_.jpg","width":1721,"height":1721,"caption":"International Council of Museums"},"image":{"@id":"https:\/\/icom.museum\/en\/#\/schema\/logo\/image\/"}}]}},"_links":{"self":[{"href":"https:\/\/icom.museum\/es\/wp-json\/wp\/v2\/pages\/45670"}],"collection":[{"href":"https:\/\/icom.museum\/es\/wp-json\/wp\/v2\/pages"}],"about":[{"href":"https:\/\/icom.museum\/es\/wp-json\/wp\/v2\/types\/page"}],"author":[{"embeddable":true,"href":"https:\/\/icom.museum\/es\/wp-json\/wp\/v2\/users\/4"}],"replies":[{"embeddable":true,"href":"https:\/\/icom.museum\/es\/wp-json\/wp\/v2\/comments?post=45670"}],"version-history":[{"count":5,"href":"https:\/\/icom.museum\/es\/wp-json\/wp\/v2\/pages\/45670\/revisions"}],"predecessor-version":[{"id":66103,"href":"https:\/\/icom.museum\/es\/wp-json\/wp\/v2\/pages\/45670\/revisions\/66103"}],"up":[{"embeddable":true,"href":"https:\/\/icom.museum\/es\/wp-json\/wp\/v2\/pages\/45663"}],"wp:attachment":[{"href":"https:\/\/icom.museum\/es\/wp-json\/wp\/v2\/media?parent=45670"}],"curies":[{"name":"wp","href":"https:\/\/api.w.org\/{rel}","templated":true}]}}