{"id":45708,"date":"2021-09-07T16:32:30","date_gmt":"2021-09-07T14:32:30","guid":{"rendered":"https:\/\/icom.museum\/?page_id=45708"},"modified":"2023-08-28T15:27:40","modified_gmt":"2023-08-28T13:27:40","slug":"programas-de-intercambio","status":"publish","type":"page","link":"https:\/\/icom.museum\/es\/desarrollo-de-capacidades\/programas-de-intercambio\/","title":{"rendered":"Programas de intercambio"},"content":{"rendered":"<h2 class=\"headline\"><strong>Con el fin de mejorar la colaboraci\u00f3n entre los miembros de su red, el ICOM organiza Programas de Intercambio en los que dos pa\u00edses acogen respectivamente a un profesional de museo del pa\u00eds socio para trabajar juntos y compartir ideas y diferentes perspectivas en el desarrollo de una exposici\u00f3n.<\/strong><\/h2>\n<p>El programa de intercambio se basa en la idea del aprendizaje mutuo y el di\u00e1logo profesional en beneficio de ambas partes implicadas. Est\u00e1 dise\u00f1ado para responder a las necesidades y deseos profesionales del participante y de la instituci\u00f3n de acogida. Tambi\u00e9n permite un amplio y mutuo intercambio de conocimientos entre los pa\u00edses participantes.<\/p>\n<p>En colaboraci\u00f3n con ICOM-Alemania, ICOM Zambia y el Museo Livingstone, se est\u00e1 organizando una visita de estudio de 20 d\u00edas durante el mes de septiembre de 2023.<\/p>\n<p>Para esta segunda parte del programa, un profesional de museos de Alemania colaborar\u00e1 in situ con el Museo Livingstone de Zambia. El objetivo, al igual que en la primera parte del programa, es permitir un intercambio de conocimientos amplio y mutuo entre el participante y los profesionales de museos de Zambia.<\/p>\n<p>El participante tendr\u00e1 la oportunidad de colaborar en un proyecto de exposici\u00f3n y\/o en programas educativos junto con los profesionales del Museo Livingstone. El candidato seleccionado deber\u00e1 comprometerse a participar en todas las actividades y a completar la totalidad del programa.<\/p>\n<p><strong><em>Botsuana-Alemania &#8211; 2021<\/em><\/strong><\/p>\n<p>ICOM, ICOM-Alemania, ICOM Zambia y el Museo de Culturas Europeas &#8211; Museos Nacionales de Berl\u00edn (MEK) acogieron a un profesional de museos de Botsuana para una visita de estudio de un mes de duraci\u00f3n que tuvo lugar en Berl\u00edn, Alemania.<\/p>\n<p>El programa de intercambio se bas\u00f3 en el aprendizaje mutuo y el di\u00e1logo e intercambio profesional a nivel ocular para beneficio de ambas partes implicadas. La estructura se dise\u00f1\u00f3 para que el museo de cada pa\u00eds acogiera a un participante del pa\u00eds de intercambio y trabajara en un proyecto de colaboraci\u00f3n.<\/p>\n<p>En Alemania, el programa se dise\u00f1\u00f3 para responder a dos objetivos; uno era centrarse en las necesidades y deseos profesionales del participante en cuanto a los temas en los que centrarse; y el otro era posibilitar la colaboraci\u00f3n a trav\u00e9s de un proyecto de exposici\u00f3n y, como &#8220;investigador invitado&#8221;, el participante deb\u00eda desarrollar una intervenci\u00f3n en las colecciones europeas presentadas en el MEK desde su perspectiva particular. El programa pretend\u00eda un intercambio amplio y mutuo de conocimientos entre el participante y los profesionales de los museos alemanes.<\/p>\n<p>En la segunda parte del programa, un profesional de museos de Alemania colaborar\u00e1 in situ con un museo de Zambia.<\/p>\n<p><strong><em>Senegal\/Suiza &#8211; julio de 2019<\/em><\/strong><\/p>\n<p>La Secretar\u00eda del ICOM e ICOM Suiza lanzaron un programa de intercambio entre profesionales de museos suizos y senegaleses, con un profesional de museo senegal\u00e9s alojado en el Ch\u00e2teau de Prangins y otras instituciones suizas.<\/p>\n<p>El participante sigui\u00f3 un programa personalizado organizado en torno a reuniones con especialistas de museos suizos. La parte principal del programa se desarroll\u00f3 en el Ch\u00e2teau de Prangins, adem\u00e1s de visitas al Museo de las Landas en Z\u00farich, sede del Museo Nacional Suizo, y a varias otras ciudades de Suiza para que el profesional senegal\u00e9s de museos conociera el mundo de los museos suizos.<\/p>\n<p>El participante tuvo la oportunidad de participar en la preparaci\u00f3n de un m\u00f3dulo para la futura exposici\u00f3n permanente del museo, dedicado a la historia de las mujeres indias, los tejidos de algod\u00f3n estampado utilizados como moneda y el intercambio por esclavos en el contexto del comercio triangular de los siglos XVII y XVIII, del que Senegal fue uno de los centros neur\u00e1lgicos.<\/p>\n<p>Como segunda parte del programa de intercambio, se invitar\u00e1 a un profesional suizo de museos a una visita de estudio a Dakar (Senegal). ImagiNation Afrika, la instituci\u00f3n anfitriona, ofrecer\u00e1 al participante seleccionado dos semanas de inmersi\u00f3n en el mundo muse\u00edstico y educativo de Dakar, a trav\u00e9s de visitas, reuniones y colaboraciones. El intercambio se centrar\u00e1 en la co-creaci\u00f3n de materiales educativos para el Museo de la Mujer Henriette Bathily de Dakar, el \u00fanico museo dedicado a la mujer en el pa\u00eds.<\/p>\n<p><img loading=\"lazy\" decoding=\"async\" class=\"aligncenter size-full wp-image-45704\" src=\"https:\/\/icom.museum\/wp-content\/uploads\/2021\/09\/exchange-program-senegal-switzerland.jpg\" alt=\"\" width=\"516\" height=\"688\" srcset=\"https:\/\/icom.museum\/wp-content\/uploads\/2021\/09\/exchange-program-senegal-switzerland.jpg 516w, https:\/\/icom.museum\/wp-content\/uploads\/2021\/09\/exchange-program-senegal-switzerland-225x300.jpg 225w\" sizes=\"(max-width: 516px) 100vw, 516px\" \/><\/p>\n","protected":false},"excerpt":{"rendered":"<p>Con el fin de mejorar la colaboraci\u00f3n entre los miembros de su red, el ICOM organiza Programas de Intercambio en los que dos pa\u00edses acogen respectivamente a un profesional de museo del pa\u00eds socio para trabajar juntos y compartir ideas y diferentes perspectivas en el desarrollo de una exposici\u00f3n. El programa de intercambio se basa [&hellip;]<\/p>\n","protected":false},"author":4,"featured_media":0,"parent":45663,"menu_order":3,"comment_status":"closed","ping_status":"closed","template":"","meta":{"inline_featured_image":false,"footnotes":""},"class_list":["post-45708","page","type-page","status-publish","hentry"],"acf":[],"yoast_head":"<!-- This site is optimized with the Yoast SEO plugin v23.7 - https:\/\/yoast.com\/wordpress\/plugins\/seo\/ -->\n<title>Programas de intercambio - International Council of Museums<\/title>\n<meta name=\"robots\" content=\"index, follow, max-snippet:-1, max-image-preview:large, max-video-preview:-1\" \/>\n<link rel=\"canonical\" href=\"https:\/\/icom.museum\/es\/desarrollo-de-capacidades\/programas-de-intercambio\/\" \/>\n<meta property=\"og:locale\" content=\"es_ES\" \/>\n<meta property=\"og:type\" content=\"article\" \/>\n<meta property=\"og:title\" content=\"Programas de intercambio - International Council of Museums\" \/>\n<meta property=\"og:description\" content=\"Con el fin de mejorar la colaboraci\u00f3n entre los miembros de su red, el ICOM organiza Programas de Intercambio en los que dos pa\u00edses acogen respectivamente a un profesional de museo del pa\u00eds socio para trabajar juntos y compartir ideas y diferentes perspectivas en el desarrollo de una exposici\u00f3n. El programa de intercambio se basa [&hellip;]\" \/>\n<meta property=\"og:url\" content=\"https:\/\/icom.museum\/es\/desarrollo-de-capacidades\/programas-de-intercambio\/\" \/>\n<meta property=\"og:site_name\" content=\"International Council of Museums\" \/>\n<meta property=\"article:modified_time\" content=\"2023-08-28T13:27:40+00:00\" \/>\n<meta property=\"og:image\" content=\"https:\/\/icom.museum\/wp-content\/uploads\/2021\/09\/exchange-program-senegal-switzerland.jpg\" \/>\n<meta name=\"twitter:card\" content=\"summary_large_image\" \/>\n<meta name=\"twitter:label1\" content=\"Tiempo de lectura\" \/>\n\t<meta name=\"twitter:data1\" content=\"3 minutos\" \/>\n<script type=\"application\/ld+json\" class=\"yoast-schema-graph\">{\"@context\":\"https:\/\/schema.org\",\"@graph\":[{\"@type\":\"WebPage\",\"@id\":\"https:\/\/icom.museum\/es\/desarrollo-de-capacidades\/programas-de-intercambio\/\",\"url\":\"https:\/\/icom.museum\/es\/desarrollo-de-capacidades\/programas-de-intercambio\/\",\"name\":\"Programas de intercambio - International Council of Museums\",\"isPartOf\":{\"@id\":\"https:\/\/icom.museum\/en\/#website\"},\"primaryImageOfPage\":{\"@id\":\"https:\/\/icom.museum\/es\/desarrollo-de-capacidades\/programas-de-intercambio\/#primaryimage\"},\"image\":{\"@id\":\"https:\/\/icom.museum\/es\/desarrollo-de-capacidades\/programas-de-intercambio\/#primaryimage\"},\"thumbnailUrl\":\"https:\/\/icom.museum\/wp-content\/uploads\/2021\/09\/exchange-program-senegal-switzerland.jpg\",\"datePublished\":\"2021-09-07T14:32:30+00:00\",\"dateModified\":\"2023-08-28T13:27:40+00:00\",\"breadcrumb\":{\"@id\":\"https:\/\/icom.museum\/es\/desarrollo-de-capacidades\/programas-de-intercambio\/#breadcrumb\"},\"inLanguage\":\"es\",\"potentialAction\":[{\"@type\":\"ReadAction\",\"target\":[\"https:\/\/icom.museum\/es\/desarrollo-de-capacidades\/programas-de-intercambio\/\"]}]},{\"@type\":\"ImageObject\",\"inLanguage\":\"es\",\"@id\":\"https:\/\/icom.museum\/es\/desarrollo-de-capacidades\/programas-de-intercambio\/#primaryimage\",\"url\":\"https:\/\/icom.museum\/wp-content\/uploads\/2021\/09\/exchange-program-senegal-switzerland.jpg\",\"contentUrl\":\"https:\/\/icom.museum\/wp-content\/uploads\/2021\/09\/exchange-program-senegal-switzerland.jpg\"},{\"@type\":\"BreadcrumbList\",\"@id\":\"https:\/\/icom.museum\/es\/desarrollo-de-capacidades\/programas-de-intercambio\/#breadcrumb\",\"itemListElement\":[{\"@type\":\"ListItem\",\"position\":1,\"name\":\"Home\",\"item\":\"https:\/\/icom.museum\/es\/\"},{\"@type\":\"ListItem\",\"position\":2,\"name\":\"Formaci\u00f3n\",\"item\":\"https:\/\/icom.museum\/es\/desarrollo-de-capacidades\/\"},{\"@type\":\"ListItem\",\"position\":3,\"name\":\"Programas de intercambio\"}]},{\"@type\":\"WebSite\",\"@id\":\"https:\/\/icom.museum\/en\/#website\",\"url\":\"https:\/\/icom.museum\/en\/\",\"name\":\"International Council of Museums\",\"description\":\"A global organisation of museums &amp; museum professionals committed to the promotion and protection of cultural heritage\",\"publisher\":{\"@id\":\"https:\/\/icom.museum\/en\/#organization\"},\"potentialAction\":[{\"@type\":\"SearchAction\",\"target\":{\"@type\":\"EntryPoint\",\"urlTemplate\":\"https:\/\/icom.museum\/en\/?s={search_term_string}\"},\"query-input\":{\"@type\":\"PropertyValueSpecification\",\"valueRequired\":true,\"valueName\":\"search_term_string\"}}],\"inLanguage\":\"es\"},{\"@type\":\"Organization\",\"@id\":\"https:\/\/icom.museum\/en\/#organization\",\"name\":\"International Council of Museums\",\"url\":\"https:\/\/icom.museum\/en\/\",\"logo\":{\"@type\":\"ImageObject\",\"inLanguage\":\"es\",\"@id\":\"https:\/\/icom.museum\/en\/#\/schema\/logo\/image\/\",\"url\":\"https:\/\/icom.museum\/wp-content\/uploads\/2018\/07\/ICOM_M_.jpg\",\"contentUrl\":\"https:\/\/icom.museum\/wp-content\/uploads\/2018\/07\/ICOM_M_.jpg\",\"width\":1721,\"height\":1721,\"caption\":\"International Council of Museums\"},\"image\":{\"@id\":\"https:\/\/icom.museum\/en\/#\/schema\/logo\/image\/\"}}]}<\/script>\n<!-- \/ Yoast SEO plugin. -->","yoast_head_json":{"title":"Programas de intercambio - International Council of Museums","robots":{"index":"index","follow":"follow","max-snippet":"max-snippet:-1","max-image-preview":"max-image-preview:large","max-video-preview":"max-video-preview:-1"},"canonical":"https:\/\/icom.museum\/es\/desarrollo-de-capacidades\/programas-de-intercambio\/","og_locale":"es_ES","og_type":"article","og_title":"Programas de intercambio - International Council of Museums","og_description":"Con el fin de mejorar la colaboraci\u00f3n entre los miembros de su red, el ICOM organiza Programas de Intercambio en los que dos pa\u00edses acogen respectivamente a un profesional de museo del pa\u00eds socio para trabajar juntos y compartir ideas y diferentes perspectivas en el desarrollo de una exposici\u00f3n. El programa de intercambio se basa [&hellip;]","og_url":"https:\/\/icom.museum\/es\/desarrollo-de-capacidades\/programas-de-intercambio\/","og_site_name":"International Council of Museums","article_modified_time":"2023-08-28T13:27:40+00:00","og_image":[{"url":"https:\/\/icom.museum\/wp-content\/uploads\/2021\/09\/exchange-program-senegal-switzerland.jpg"}],"twitter_card":"summary_large_image","twitter_misc":{"Tiempo de lectura":"3 minutos"},"schema":{"@context":"https:\/\/schema.org","@graph":[{"@type":"WebPage","@id":"https:\/\/icom.museum\/es\/desarrollo-de-capacidades\/programas-de-intercambio\/","url":"https:\/\/icom.museum\/es\/desarrollo-de-capacidades\/programas-de-intercambio\/","name":"Programas de intercambio - International Council of Museums","isPartOf":{"@id":"https:\/\/icom.museum\/en\/#website"},"primaryImageOfPage":{"@id":"https:\/\/icom.museum\/es\/desarrollo-de-capacidades\/programas-de-intercambio\/#primaryimage"},"image":{"@id":"https:\/\/icom.museum\/es\/desarrollo-de-capacidades\/programas-de-intercambio\/#primaryimage"},"thumbnailUrl":"https:\/\/icom.museum\/wp-content\/uploads\/2021\/09\/exchange-program-senegal-switzerland.jpg","datePublished":"2021-09-07T14:32:30+00:00","dateModified":"2023-08-28T13:27:40+00:00","breadcrumb":{"@id":"https:\/\/icom.museum\/es\/desarrollo-de-capacidades\/programas-de-intercambio\/#breadcrumb"},"inLanguage":"es","potentialAction":[{"@type":"ReadAction","target":["https:\/\/icom.museum\/es\/desarrollo-de-capacidades\/programas-de-intercambio\/"]}]},{"@type":"ImageObject","inLanguage":"es","@id":"https:\/\/icom.museum\/es\/desarrollo-de-capacidades\/programas-de-intercambio\/#primaryimage","url":"https:\/\/icom.museum\/wp-content\/uploads\/2021\/09\/exchange-program-senegal-switzerland.jpg","contentUrl":"https:\/\/icom.museum\/wp-content\/uploads\/2021\/09\/exchange-program-senegal-switzerland.jpg"},{"@type":"BreadcrumbList","@id":"https:\/\/icom.museum\/es\/desarrollo-de-capacidades\/programas-de-intercambio\/#breadcrumb","itemListElement":[{"@type":"ListItem","position":1,"name":"Home","item":"https:\/\/icom.museum\/es\/"},{"@type":"ListItem","position":2,"name":"Formaci\u00f3n","item":"https:\/\/icom.museum\/es\/desarrollo-de-capacidades\/"},{"@type":"ListItem","position":3,"name":"Programas de intercambio"}]},{"@type":"WebSite","@id":"https:\/\/icom.museum\/en\/#website","url":"https:\/\/icom.museum\/en\/","name":"International Council of Museums","description":"A global organisation of museums &amp; museum professionals committed to the promotion and protection of cultural heritage","publisher":{"@id":"https:\/\/icom.museum\/en\/#organization"},"potentialAction":[{"@type":"SearchAction","target":{"@type":"EntryPoint","urlTemplate":"https:\/\/icom.museum\/en\/?s={search_term_string}"},"query-input":{"@type":"PropertyValueSpecification","valueRequired":true,"valueName":"search_term_string"}}],"inLanguage":"es"},{"@type":"Organization","@id":"https:\/\/icom.museum\/en\/#organization","name":"International Council of Museums","url":"https:\/\/icom.museum\/en\/","logo":{"@type":"ImageObject","inLanguage":"es","@id":"https:\/\/icom.museum\/en\/#\/schema\/logo\/image\/","url":"https:\/\/icom.museum\/wp-content\/uploads\/2018\/07\/ICOM_M_.jpg","contentUrl":"https:\/\/icom.museum\/wp-content\/uploads\/2018\/07\/ICOM_M_.jpg","width":1721,"height":1721,"caption":"International Council of Museums"},"image":{"@id":"https:\/\/icom.museum\/en\/#\/schema\/logo\/image\/"}}]}},"_links":{"self":[{"href":"https:\/\/icom.museum\/es\/wp-json\/wp\/v2\/pages\/45708"}],"collection":[{"href":"https:\/\/icom.museum\/es\/wp-json\/wp\/v2\/pages"}],"about":[{"href":"https:\/\/icom.museum\/es\/wp-json\/wp\/v2\/types\/page"}],"author":[{"embeddable":true,"href":"https:\/\/icom.museum\/es\/wp-json\/wp\/v2\/users\/4"}],"replies":[{"embeddable":true,"href":"https:\/\/icom.museum\/es\/wp-json\/wp\/v2\/comments?post=45708"}],"version-history":[{"count":3,"href":"https:\/\/icom.museum\/es\/wp-json\/wp\/v2\/pages\/45708\/revisions"}],"predecessor-version":[{"id":54553,"href":"https:\/\/icom.museum\/es\/wp-json\/wp\/v2\/pages\/45708\/revisions\/54553"}],"up":[{"embeddable":true,"href":"https:\/\/icom.museum\/es\/wp-json\/wp\/v2\/pages\/45663"}],"wp:attachment":[{"href":"https:\/\/icom.museum\/es\/wp-json\/wp\/v2\/media?parent=45708"}],"curies":[{"name":"wp","href":"https:\/\/api.w.org\/{rel}","templated":true}]}}