{"id":45716,"date":"2021-09-07T17:38:52","date_gmt":"2021-09-07T15:38:52","guid":{"rendered":"https:\/\/icom.museum\/?page_id=45716"},"modified":"2023-08-18T12:09:10","modified_gmt":"2023-08-18T10:09:10","slug":"formacion-en-linea","status":"publish","type":"page","link":"https:\/\/icom.museum\/es\/desarrollo-de-capacidades\/formacion-en-linea\/","title":{"rendered":"Formaci\u00f3n en l\u00ednea"},"content":{"rendered":"<h2 class=\"headline\">En 2021, el ICOM desarroll\u00f3 un curso en l\u00ednea masivo y abierto (MOOC) gratuito sobre &#8220;Creaci\u00f3n de pr\u00e1cticas muse\u00edsticas significativas e inclusivas&#8221;.<\/h2>\n<p>Este curso explora diferentes medios de inclusi\u00f3n y metodolog\u00edas que los museos de todo el mundo est\u00e1n utilizando para comprometerse significativamente con aquellos que viven en los m\u00e1rgenes de la sociedad para abordar mejor sus necesidades y convertirse en espacios de inclusi\u00f3n social y construcci\u00f3n de la comunidad. Utilizando estudios de casos representativos y debates con profesionales, acad\u00e9micos y miembros de la comunidad, este curso se adentrar\u00e1 en la exploraci\u00f3n de una serie de metodolog\u00edas y estrategias, como la cocuraci\u00f3n, la historia oral, el coleccionismo comunitario, el dise\u00f1o inclusivo y la resoluci\u00f3n de conflictos, para ilustrar una pr\u00e1ctica muse\u00edstica vibrante y en evoluci\u00f3n que tiene lugar en diferentes rincones del planeta.<\/p>\n<p>El objetivo principal de este curso es presentar diferentes estrategias y metodolog\u00edas de todo el mundo que han servido para implicar e incluir con \u00e9xito a comunidades hist\u00f3ricamente marginadas en el trabajo muse\u00edstico, as\u00ed como los retos a los que se enfrentan las instituciones y los profesionales, para que los participantes puedan evaluarlas, adaptarlas e implementarlas en sus contextos locales.<\/p>\n<p><span class=\"link_blue\">\u00a0<a href=\"https:\/\/www.futurelearn.com\/courses\/meaningful-inclusive-museum-practices\/1\/todo\/103602\">Acceda al MOOC aqu\u00ed<\/a><\/span><\/p>\n<p><img loading=\"lazy\" decoding=\"async\" class=\"aligncenter size-full wp-image-54410\" src=\"https:\/\/icom.museum\/wp-content\/uploads\/2023\/08\/9-2.png\" alt=\"\" width=\"900\" height=\"600\" srcset=\"https:\/\/icom.museum\/wp-content\/uploads\/2023\/08\/9-2.png 900w, https:\/\/icom.museum\/wp-content\/uploads\/2023\/08\/9-2-300x200.png 300w, https:\/\/icom.museum\/wp-content\/uploads\/2023\/08\/9-2-768x512.png 768w\" sizes=\"(max-width: 900px) 100vw, 900px\" \/><\/p>\n<h3><strong><em>Seminarios Web<\/em><\/strong><\/h3>\n<p>El ICOM tambi\u00e9n ha organizado una serie de seminarios web que est\u00e1n a disposici\u00f3n de todo el mundo. Estos debates en l\u00ednea tienen como objetivo promover el di\u00e1logo y el intercambio de conocimientos entre profesionales de museos de diferentes pa\u00edses y desarrollar un foro que promueva la reflexi\u00f3n y permita a los profesionales intercambiar ideas sobre temas de amplia importancia para los museos de hoy en d\u00eda.<\/p>\n<p>A continuaci\u00f3n se ofrece el contenido de los diferentes proyectos de seminarios en l\u00ednea, junto con el enlace para acceder a las grabaciones.<strong><em>\u00a0<\/em><\/strong><\/p>\n<p><span style=\"text-decoration: underline;\"><em><strong>Plan de acci\u00f3n para la sostenibilidad ICOM 2030, 21 de abril de 2023<\/strong><\/em><\/span><\/p>\n<p>Concebido como un marco del que pueden apropiarse los comit\u00e9s nacionales e internacionales del ICOM, el Plan de Acci\u00f3n proporciona los medios para que los comit\u00e9s asuman el reto de hacer frente a la emergencia clim\u00e1tica y apoyar el desarrollo sostenible mediante el intercambio de conocimientos, las redes, el compromiso y la acci\u00f3n concreta.<\/p>\n<p><span class=\"link_blue\"><a href=\"https:\/\/www.youtube.com\/watch?v=gT1e795DebI\"><strong><em>Ver el Plan de Acci\u00f3n para la Sostenibilidad 2030 del ICOM (en ingl\u00e9s)<\/em><\/strong><\/a><\/span><\/p>\n<p><span style=\"text-decoration: underline;\"><em><strong>Webinar del D\u00eda de la Tierra: Museos y sostenibilidad, 20 de mayo de 2021<\/strong><\/em><\/span><\/p>\n<p>Con motivo del D\u00eda de la Tierra 2021, este seminario web del ICOM trat\u00f3 temas relacionados con la sostenibilidad y los museos. Reuniendo a profesionales de museos de cuatro regiones diferentes, la mesa redonda incluy\u00f3 lo que significa la sostenibilidad en diferentes partes del mundo, centr\u00e1ndose en c\u00f3mo las asociaciones y la comunicaci\u00f3n pueden potenciar el \u00e9xito.<\/p>\n<p><span class=\"link_blue\"><a href=\"https:\/\/www.youtube.com\/watch?v=cpy81Z25uTk&amp;t=2691s\"><strong><em>Ver Webinar del D\u00eda de la Tierra: Museos y sostenibilidad (en ingl\u00e9s)<\/em><\/strong><\/a><\/span><\/p>\n<p><span style=\"text-decoration: underline;\"><em><strong>Museos, ciudades y comunidades sostenibles, 28 de septiembre de 2021<\/strong><\/em><\/span><\/p>\n<p>Como parte de una serie de 6 seminarios web promovidos por el Grupo de Trabajo sobre Sostenibilidad del ICOM para abordar la Agenda 2030, y en colaboraci\u00f3n con CAMOC, el Comit\u00e9 Internacional para las Colecciones y Actividades de los Museos de Ciudades, este seminario web reuni\u00f3 a profesionales de museos de diferentes pa\u00edses para debatir sobre c\u00f3mo los museos pueden contribuir y est\u00e1n contribuyendo a que las ciudades y los asentamientos humanos sean inclusivos, seguros, resilientes y sostenibles.<\/p>\n<p><span class=\"link_blue\"><a href=\"https:\/\/www.youtube.com\/watch?v=JwRyyEvoNr0&amp;t=161s\"><strong><em>Ver Museos, Ciudades y Comunidades Sostenibles<\/em><\/strong><\/a><\/span><\/p>\n<p><strong>Fomento del empleo en los museos, 18\/11\/2020<br \/>\n<\/strong><em><br \/>\n<\/em>Este seminario web se centr\u00f3 en las consecuencias de la pandemia para los profesionales de los museos, proponiendo nuevos modelos para hacer frente a la crisis. En esta sesi\u00f3n se presentaron los resultados de una segunda encuesta sobre el impacto de la COVID-19 en el sector, una visi\u00f3n general de las profesiones emergentes y se destac\u00f3 el papel que pueden desempe\u00f1ar los museos como promotores del desarrollo local tras la crisis.<\/p>\n<p><span class=\"link_blue\"><a href=\"https:\/\/www.youtube.com\/watch?v=0dhnF5KgMvY\"><strong><em>Watch Estimular el empleo en los museos<\/em><\/strong><\/a><\/span><\/p>\n<p><strong><em><u>Gesti\u00f3n de emergencias (L\u00edbano), 4\/11\/2020<\/u><\/em><\/strong><\/p>\n<p>La sesi\u00f3n reuni\u00f3 a expertos y profesionales de museos para debatir un tema de m\u00e1xima importancia y m\u00e1s de actualidad que nunca: la gesti\u00f3n de situaciones de emergencia. Se debatieron los fundamentos de la planificaci\u00f3n de emergencias, incluida la preparaci\u00f3n, la identificaci\u00f3n de los actores clave, la evaluaci\u00f3n de riesgos, la priorizaci\u00f3n de las colecciones y otros preparativos. Se prest\u00f3 especial atenci\u00f3n a la situaci\u00f3n en Beirut (L\u00edbano), cuyos museos se vieron gravemente afectados por la doble explosi\u00f3n del 4 de agosto.<\/p>\n<p><span class=\"link_blue\"><a href=\"https:\/\/www.youtube.com\/watch?v=uOtda4lLbjA\"><strong><em>Ver Gesti\u00f3n de emergencias (L\u00edbano)<\/em><\/strong><\/a><\/span><\/p>\n<p><strong><em><u>Transformaci\u00f3n digital de los museos en tiempos de COVID-19, 21\/10\/2020<\/u><\/em><\/strong><\/p>\n<p>El debate se centr\u00f3 en las estrategias y habilidades que permiten a los museos y profesionales aprovechar el poder de los medios digitales. En esta sesi\u00f3n se presentaron buenas pr\u00e1cticas sobre c\u00f3mo fomentar el aprendizaje continuo, llegar a nuestras comunidades a distancia y generar ingresos adicionales para hacer frente a la falta de visitantes in situ.<\/p>\n<p><span class=\"link_blue\"><a href=\"https:\/\/www.youtube.com\/watch?v=WTlXLgopm4s\"><strong><em>Watch Transformaci\u00f3n digital para museos en tiempos de COVID-19<\/em><\/strong><\/a><\/span><\/p>\n<p><em><span style=\"text-decoration: underline;\"><strong>Nuevos retos para las colecciones y los almacenes, 7\/10\/2020<br \/>\n<\/strong><\/span><br \/>\n<\/em>Muchos museos permanecieron completamente cerrados durante varios meses, exponiendo sus almacenes a numerosos riesgos para las colecciones. En el futuro, la escasez de mano de obra y de fondos para el mantenimiento de las colecciones ser\u00e1 un reto. En este contexto, el grupo de expertos desarroll\u00f3 un debate sobre: buenas pr\u00e1cticas en la conservaci\u00f3n de colecciones; acceso a las colecciones almacenadas; y gesti\u00f3n de riesgos para las colecciones.<\/p>\n<p><span class=\"link_blue\"><a href=\"https:\/\/www.youtube.com\/watch?v=thjIR0_6yo8\"><strong><em>Ver Nuevos retos para las colecciones y los almacenes<\/em><\/strong><\/a><\/span><\/p>\n<p><span style=\"text-decoration: underline;\"><em><strong>Preparar la reapertura de los museos, 24\/06\/2020<br \/>\n<\/strong><\/em><\/span><em><br \/>\n<\/em>Una encuesta del ICOM estim\u00f3 que el 95% de los museos de todo el mundo permanecieron cerrados durante los confinamientos relacionados con la pandemia Covid-19. El debate evalu\u00f3 el impacto global de la actual pandemia en las instituciones culturales -con sus consecuencias a corto y largo plazo para los museos-, al tiempo que se centr\u00f3 en las delicadas acciones que deben emprenderse durante la pr\u00f3xima fase de reapertura. Bas\u00e1ndose en su vasta experiencia profesional, los participantes ofrecieron al p\u00fablico ejemplos de iniciativas de museos que han demostrado su eficacia en el contexto actual.<strong><em><br \/>\n<\/em><\/strong><\/p>\n<p><span class=\"link_blue\"><a href=\"https:\/\/www.youtube.com\/watch?v=gWXxxLGGwA0\"><strong><em>Watch C\u00f3mo preparar la reapertura de los museos (en ingl\u00e9s)<\/em><\/strong><\/a><strong><em><br \/>\n<\/em><\/strong><\/span><\/p>\n<p><img loading=\"lazy\" decoding=\"async\" class=\"aligncenter size-full wp-image-54407\" src=\"https:\/\/icom.museum\/wp-content\/uploads\/2023\/08\/8-1.jpg\" alt=\"\" width=\"900\" height=\"600\" srcset=\"https:\/\/icom.museum\/wp-content\/uploads\/2023\/08\/8-1.jpg 900w, https:\/\/icom.museum\/wp-content\/uploads\/2023\/08\/8-1-300x200.jpg 300w, https:\/\/icom.museum\/wp-content\/uploads\/2023\/08\/8-1-768x512.jpg 768w\" sizes=\"(max-width: 900px) 100vw, 900px\" \/><\/p>\n","protected":false},"excerpt":{"rendered":"<p>En 2021, el ICOM desarroll\u00f3 un curso en l\u00ednea masivo y abierto (MOOC) gratuito sobre &#8220;Creaci\u00f3n de pr\u00e1cticas muse\u00edsticas significativas e inclusivas&#8221;. Este curso explora diferentes medios de inclusi\u00f3n y metodolog\u00edas que los museos de todo el mundo est\u00e1n utilizando para comprometerse significativamente con aquellos que viven en los m\u00e1rgenes de la sociedad para abordar [&hellip;]<\/p>\n","protected":false},"author":4,"featured_media":0,"parent":45663,"menu_order":4,"comment_status":"closed","ping_status":"closed","template":"","meta":{"inline_featured_image":false,"footnotes":""},"class_list":["post-45716","page","type-page","status-publish","hentry"],"acf":[],"yoast_head":"<!-- This site is optimized with the Yoast SEO plugin v23.7 - https:\/\/yoast.com\/wordpress\/plugins\/seo\/ -->\n<title>Formaci\u00f3n en l\u00ednea - International Council of Museums<\/title>\n<meta name=\"robots\" content=\"index, follow, max-snippet:-1, max-image-preview:large, max-video-preview:-1\" \/>\n<link rel=\"canonical\" href=\"https:\/\/icom.museum\/es\/desarrollo-de-capacidades\/formacion-en-linea\/\" \/>\n<meta property=\"og:locale\" content=\"es_ES\" \/>\n<meta property=\"og:type\" content=\"article\" \/>\n<meta property=\"og:title\" content=\"Formaci\u00f3n en l\u00ednea - International Council of Museums\" \/>\n<meta property=\"og:description\" content=\"En 2021, el ICOM desarroll\u00f3 un curso en l\u00ednea masivo y abierto (MOOC) gratuito sobre &#8220;Creaci\u00f3n de pr\u00e1cticas muse\u00edsticas significativas e inclusivas&#8221;. Este curso explora diferentes medios de inclusi\u00f3n y metodolog\u00edas que los museos de todo el mundo est\u00e1n utilizando para comprometerse significativamente con aquellos que viven en los m\u00e1rgenes de la sociedad para abordar [&hellip;]\" \/>\n<meta property=\"og:url\" content=\"https:\/\/icom.museum\/es\/desarrollo-de-capacidades\/formacion-en-linea\/\" \/>\n<meta property=\"og:site_name\" content=\"International Council of Museums\" \/>\n<meta property=\"article:modified_time\" content=\"2023-08-18T10:09:10+00:00\" \/>\n<meta property=\"og:image\" content=\"https:\/\/icom.museum\/wp-content\/uploads\/2023\/08\/9-2.png\" \/>\n<meta name=\"twitter:card\" content=\"summary_large_image\" \/>\n<meta name=\"twitter:label1\" content=\"Tiempo de lectura\" \/>\n\t<meta name=\"twitter:data1\" content=\"4 minutos\" \/>\n<script type=\"application\/ld+json\" class=\"yoast-schema-graph\">{\"@context\":\"https:\/\/schema.org\",\"@graph\":[{\"@type\":\"WebPage\",\"@id\":\"https:\/\/icom.museum\/es\/desarrollo-de-capacidades\/formacion-en-linea\/\",\"url\":\"https:\/\/icom.museum\/es\/desarrollo-de-capacidades\/formacion-en-linea\/\",\"name\":\"Formaci\u00f3n en l\u00ednea - International Council of Museums\",\"isPartOf\":{\"@id\":\"https:\/\/icom.museum\/en\/#website\"},\"primaryImageOfPage\":{\"@id\":\"https:\/\/icom.museum\/es\/desarrollo-de-capacidades\/formacion-en-linea\/#primaryimage\"},\"image\":{\"@id\":\"https:\/\/icom.museum\/es\/desarrollo-de-capacidades\/formacion-en-linea\/#primaryimage\"},\"thumbnailUrl\":\"https:\/\/icom.museum\/wp-content\/uploads\/2023\/08\/9-2.png\",\"datePublished\":\"2021-09-07T15:38:52+00:00\",\"dateModified\":\"2023-08-18T10:09:10+00:00\",\"breadcrumb\":{\"@id\":\"https:\/\/icom.museum\/es\/desarrollo-de-capacidades\/formacion-en-linea\/#breadcrumb\"},\"inLanguage\":\"es\",\"potentialAction\":[{\"@type\":\"ReadAction\",\"target\":[\"https:\/\/icom.museum\/es\/desarrollo-de-capacidades\/formacion-en-linea\/\"]}]},{\"@type\":\"ImageObject\",\"inLanguage\":\"es\",\"@id\":\"https:\/\/icom.museum\/es\/desarrollo-de-capacidades\/formacion-en-linea\/#primaryimage\",\"url\":\"https:\/\/icom.museum\/wp-content\/uploads\/2023\/08\/9-2.png\",\"contentUrl\":\"https:\/\/icom.museum\/wp-content\/uploads\/2023\/08\/9-2.png\"},{\"@type\":\"BreadcrumbList\",\"@id\":\"https:\/\/icom.museum\/es\/desarrollo-de-capacidades\/formacion-en-linea\/#breadcrumb\",\"itemListElement\":[{\"@type\":\"ListItem\",\"position\":1,\"name\":\"Home\",\"item\":\"https:\/\/icom.museum\/es\/\"},{\"@type\":\"ListItem\",\"position\":2,\"name\":\"Formaci\u00f3n\",\"item\":\"https:\/\/icom.museum\/es\/desarrollo-de-capacidades\/\"},{\"@type\":\"ListItem\",\"position\":3,\"name\":\"Formaci\u00f3n en l\u00ednea\"}]},{\"@type\":\"WebSite\",\"@id\":\"https:\/\/icom.museum\/en\/#website\",\"url\":\"https:\/\/icom.museum\/en\/\",\"name\":\"International Council of Museums\",\"description\":\"A global organisation of museums &amp; museum professionals committed to the promotion and protection of cultural heritage\",\"publisher\":{\"@id\":\"https:\/\/icom.museum\/en\/#organization\"},\"potentialAction\":[{\"@type\":\"SearchAction\",\"target\":{\"@type\":\"EntryPoint\",\"urlTemplate\":\"https:\/\/icom.museum\/en\/?s={search_term_string}\"},\"query-input\":{\"@type\":\"PropertyValueSpecification\",\"valueRequired\":true,\"valueName\":\"search_term_string\"}}],\"inLanguage\":\"es\"},{\"@type\":\"Organization\",\"@id\":\"https:\/\/icom.museum\/en\/#organization\",\"name\":\"International Council of Museums\",\"url\":\"https:\/\/icom.museum\/en\/\",\"logo\":{\"@type\":\"ImageObject\",\"inLanguage\":\"es\",\"@id\":\"https:\/\/icom.museum\/en\/#\/schema\/logo\/image\/\",\"url\":\"https:\/\/icom.museum\/wp-content\/uploads\/2018\/07\/ICOM_M_.jpg\",\"contentUrl\":\"https:\/\/icom.museum\/wp-content\/uploads\/2018\/07\/ICOM_M_.jpg\",\"width\":1721,\"height\":1721,\"caption\":\"International Council of Museums\"},\"image\":{\"@id\":\"https:\/\/icom.museum\/en\/#\/schema\/logo\/image\/\"}}]}<\/script>\n<!-- \/ Yoast SEO plugin. -->","yoast_head_json":{"title":"Formaci\u00f3n en l\u00ednea - International Council of Museums","robots":{"index":"index","follow":"follow","max-snippet":"max-snippet:-1","max-image-preview":"max-image-preview:large","max-video-preview":"max-video-preview:-1"},"canonical":"https:\/\/icom.museum\/es\/desarrollo-de-capacidades\/formacion-en-linea\/","og_locale":"es_ES","og_type":"article","og_title":"Formaci\u00f3n en l\u00ednea - International Council of Museums","og_description":"En 2021, el ICOM desarroll\u00f3 un curso en l\u00ednea masivo y abierto (MOOC) gratuito sobre &#8220;Creaci\u00f3n de pr\u00e1cticas muse\u00edsticas significativas e inclusivas&#8221;. Este curso explora diferentes medios de inclusi\u00f3n y metodolog\u00edas que los museos de todo el mundo est\u00e1n utilizando para comprometerse significativamente con aquellos que viven en los m\u00e1rgenes de la sociedad para abordar [&hellip;]","og_url":"https:\/\/icom.museum\/es\/desarrollo-de-capacidades\/formacion-en-linea\/","og_site_name":"International Council of Museums","article_modified_time":"2023-08-18T10:09:10+00:00","og_image":[{"url":"https:\/\/icom.museum\/wp-content\/uploads\/2023\/08\/9-2.png"}],"twitter_card":"summary_large_image","twitter_misc":{"Tiempo de lectura":"4 minutos"},"schema":{"@context":"https:\/\/schema.org","@graph":[{"@type":"WebPage","@id":"https:\/\/icom.museum\/es\/desarrollo-de-capacidades\/formacion-en-linea\/","url":"https:\/\/icom.museum\/es\/desarrollo-de-capacidades\/formacion-en-linea\/","name":"Formaci\u00f3n en l\u00ednea - International Council of Museums","isPartOf":{"@id":"https:\/\/icom.museum\/en\/#website"},"primaryImageOfPage":{"@id":"https:\/\/icom.museum\/es\/desarrollo-de-capacidades\/formacion-en-linea\/#primaryimage"},"image":{"@id":"https:\/\/icom.museum\/es\/desarrollo-de-capacidades\/formacion-en-linea\/#primaryimage"},"thumbnailUrl":"https:\/\/icom.museum\/wp-content\/uploads\/2023\/08\/9-2.png","datePublished":"2021-09-07T15:38:52+00:00","dateModified":"2023-08-18T10:09:10+00:00","breadcrumb":{"@id":"https:\/\/icom.museum\/es\/desarrollo-de-capacidades\/formacion-en-linea\/#breadcrumb"},"inLanguage":"es","potentialAction":[{"@type":"ReadAction","target":["https:\/\/icom.museum\/es\/desarrollo-de-capacidades\/formacion-en-linea\/"]}]},{"@type":"ImageObject","inLanguage":"es","@id":"https:\/\/icom.museum\/es\/desarrollo-de-capacidades\/formacion-en-linea\/#primaryimage","url":"https:\/\/icom.museum\/wp-content\/uploads\/2023\/08\/9-2.png","contentUrl":"https:\/\/icom.museum\/wp-content\/uploads\/2023\/08\/9-2.png"},{"@type":"BreadcrumbList","@id":"https:\/\/icom.museum\/es\/desarrollo-de-capacidades\/formacion-en-linea\/#breadcrumb","itemListElement":[{"@type":"ListItem","position":1,"name":"Home","item":"https:\/\/icom.museum\/es\/"},{"@type":"ListItem","position":2,"name":"Formaci\u00f3n","item":"https:\/\/icom.museum\/es\/desarrollo-de-capacidades\/"},{"@type":"ListItem","position":3,"name":"Formaci\u00f3n en l\u00ednea"}]},{"@type":"WebSite","@id":"https:\/\/icom.museum\/en\/#website","url":"https:\/\/icom.museum\/en\/","name":"International Council of Museums","description":"A global organisation of museums &amp; museum professionals committed to the promotion and protection of cultural heritage","publisher":{"@id":"https:\/\/icom.museum\/en\/#organization"},"potentialAction":[{"@type":"SearchAction","target":{"@type":"EntryPoint","urlTemplate":"https:\/\/icom.museum\/en\/?s={search_term_string}"},"query-input":{"@type":"PropertyValueSpecification","valueRequired":true,"valueName":"search_term_string"}}],"inLanguage":"es"},{"@type":"Organization","@id":"https:\/\/icom.museum\/en\/#organization","name":"International Council of Museums","url":"https:\/\/icom.museum\/en\/","logo":{"@type":"ImageObject","inLanguage":"es","@id":"https:\/\/icom.museum\/en\/#\/schema\/logo\/image\/","url":"https:\/\/icom.museum\/wp-content\/uploads\/2018\/07\/ICOM_M_.jpg","contentUrl":"https:\/\/icom.museum\/wp-content\/uploads\/2018\/07\/ICOM_M_.jpg","width":1721,"height":1721,"caption":"International Council of Museums"},"image":{"@id":"https:\/\/icom.museum\/en\/#\/schema\/logo\/image\/"}}]}},"_links":{"self":[{"href":"https:\/\/icom.museum\/es\/wp-json\/wp\/v2\/pages\/45716"}],"collection":[{"href":"https:\/\/icom.museum\/es\/wp-json\/wp\/v2\/pages"}],"about":[{"href":"https:\/\/icom.museum\/es\/wp-json\/wp\/v2\/types\/page"}],"author":[{"embeddable":true,"href":"https:\/\/icom.museum\/es\/wp-json\/wp\/v2\/users\/4"}],"replies":[{"embeddable":true,"href":"https:\/\/icom.museum\/es\/wp-json\/wp\/v2\/comments?post=45716"}],"version-history":[{"count":5,"href":"https:\/\/icom.museum\/es\/wp-json\/wp\/v2\/pages\/45716\/revisions"}],"predecessor-version":[{"id":54414,"href":"https:\/\/icom.museum\/es\/wp-json\/wp\/v2\/pages\/45716\/revisions\/54414"}],"up":[{"embeddable":true,"href":"https:\/\/icom.museum\/es\/wp-json\/wp\/v2\/pages\/45663"}],"wp:attachment":[{"href":"https:\/\/icom.museum\/es\/wp-json\/wp\/v2\/media?parent=45716"}],"curies":[{"name":"wp","href":"https:\/\/api.w.org\/{rel}","templated":true}]}}