{"id":46136,"date":"2021-10-11T10:58:21","date_gmt":"2021-10-11T08:58:21","guid":{"rendered":"https:\/\/icom.museum\/?page_id=46136"},"modified":"2023-08-01T15:14:29","modified_gmt":"2023-08-01T13:14:29","slug":"icom-imrec","status":"publish","type":"page","link":"https:\/\/icom.museum\/es\/investigacion-y-desarrollo\/icom-imrec\/","title":{"rendered":"ICOM-IMREC"},"content":{"rendered":"<h2 class=\"headline\">El Centro Internacional de Investigaci\u00f3n e Intercambio de Museos del ICOM (ICOM-IMREC) es una plataforma internacional de investigaci\u00f3n e intercambio sobre el campo de los museos y sus \u00e1reas relacionadas.<\/h2>\n<p>La idea naci\u00f3 tras la Conferencia General del ICOM, Kyoto 2019 entre el ICOM y la Universidad de Shanghai en China, para aplicar la Resoluci\u00f3n 2 de la Asamblea General sobre la integraci\u00f3n de Asia en la Comunidad del ICOM.<\/p>\n<p>Se trata de un partenariado creado para fomentar que los museos de la regi\u00f3n participen en un di\u00e1logo cultural m\u00e1s diverso, inclusivo y democr\u00e1tico y en la colaboraci\u00f3n mutua entre el ICOM y la comunidad muse\u00edstica internacional.<\/p>\n<p>ICOM-IMREC tambi\u00e9n ofrece oportunidades de investigaci\u00f3n e intercambio de conocimientos a los miembros del ICOM de todo el mundo, especialmente a los j\u00f3venes l\u00edderes de los museos de los pa\u00edses emergentes.<\/p>\n<p>Los objetivos del ICOM-IMREC son, de acuerdo con las misiones del ICOM:<\/p>\n<ul>\n<li>estimular un grupo de reflexi\u00f3n global y una red internacional<\/li>\n<li>abordar las cuestiones cr\u00edticas, te\u00f3ricas y pr\u00e1cticas a las que se enfrenta la comunidad muse\u00edstica internacional<\/li>\n<li>promover colaboraciones intergeogr\u00e1ficas e interdisciplinarias para la investigaci\u00f3n cient\u00edfica sobre temas actuales y emergentes compartidos por la comunidad muse\u00edstica<\/li>\n<li>publicar an\u00e1lisis de datos e informes de investigaci\u00f3n.<\/li>\n<\/ul>\n<p><strong>Proyectos en curso:<\/strong><\/p>\n<div class=\"separator\"><\/div>\n<p>SEMINARIO: Museos, descolonizaci\u00f3n y restituci\u00f3n: Una conversaci\u00f3n global<\/p>\n<p>Los d\u00edas 20<sup>th<\/sup> y 21<sup>st<\/sup> de marzo de 2023 ICOM-IMREC organizar\u00e1 un seminario h\u00edbrido sobre &#8220;Museos, descolonizaci\u00f3n y restituci\u00f3n: Una conversaci\u00f3n global&#8221;.<\/p>\n<p>El seminario se celebrar\u00e1 en la Universidad de Shanghai y ser\u00e1 accesible a todos a trav\u00e9s de una plataforma de streaming.<\/p>\n<p>La primera jornada se centrar\u00e1 en el concepto de descolonizaci\u00f3n, abordando el paradigma muse\u00edstico y su proceso de descolonizaci\u00f3n, explorando las diversas formas en que puede reimaginarse el museo y en qu\u00e9 medida. Se analizar\u00e1n los procesos de descolonizaci\u00f3n en el contexto de la infraestructura intelectual de los museos y la pr\u00e1ctica muse\u00edstica a trav\u00e9s del lenguaje, las colecciones y la mano de obra. La sesi\u00f3n concluir\u00e1 con la presentaci\u00f3n del t\u00edtulo de trabajo &#8220;Descolonizaci\u00f3n: historias dif\u00edciles e identidad nacional&#8221;.<\/p>\n<p>El d\u00eda 2 se investigar\u00e1 la cuesti\u00f3n de la restituci\u00f3n y sus diferentes impactos en las comunidades. Se debatir\u00e1n la legislaci\u00f3n y las pol\u00edticas de restituci\u00f3n y la innovaci\u00f3n y, para finalizar la sesi\u00f3n, diferentes ponentes presentar\u00e1n casos pr\u00e1cticos de restituci\u00f3n.<\/p>\n<p><a href=\"https:\/\/icom.museum\/es\/news\/seminario-icom-imrec-museos-descolonizacion-y-restitucion\/\">Aqu\u00ed<\/a> puede encontrar m\u00e1s informaci\u00f3n sobre el programa y el enlace a la retransmisi\u00f3n en l\u00ednea.<\/p>\n<div class=\"separator\">\n<p><strong>Convocatoria de Investigaci\u00f3n Espec\u00edfica sobre Financiaci\u00f3n P\u00fablica para Museos<\/strong><\/p>\n<\/div>\n<p>A principios de este a\u00f1o, el Consejo Acad\u00e9mico y de Programaci\u00f3n de ICOM-IMREC seleccion\u00f3 la propuesta ganadora de la Convocatoria de Investigaci\u00f3n Espec\u00edfica sobre Financiaci\u00f3n P\u00fablica para Museos. La Alianza Internacional de Investigaci\u00f3n sobre la Financiaci\u00f3n P\u00fablica de los Museos (IRAPFM), dirigida por la Universidad de Qu\u00e9bec en Qu\u00e9bec (UQAM), fue la propuesta ganadora. A la UQAM (Pr. Yves Bergeron, Pr. Lisa Baillargeon y Me Mich\u00e8le Rivet,C.M.) se han unido el Mus\u00e9e national des beaux-arts du Qu\u00e9bec en Montreal, Canad\u00e1 (Me Marc Lajoie), Te Herenga Waka Victoria University of Wellington en Nueva Zelanda (Pr. Conal McCarthy), la Universitat de Barcelona en Espa\u00f1a (Pr. Xavier Roig\u00e8) y la Universidade Federal Do Est Ado do Rio de Janeiro, Brasil (Dra Luciana M. de Carvalho). Tambi\u00e9n participar\u00e1n investigadores de India (Pr. Ambika Patel) y Sud\u00e1frica (Sra. Catherine Snel).<\/p>\n<p>El proyecto IRAPFM consta de una encuesta estad\u00edstica y otra cualitativa. En primer lugar, en las pr\u00f3ximas semanas se enviar\u00e1 una encuesta estad\u00edstica a todos los Comit\u00e9s Nacionales del ICOM y a los ministerios supervisores de los museos correspondientes. Invitamos a todos los Comit\u00e9s Nacionales del ICOM a completar esta importante encuesta en cuanto la reciban.<\/p>\n<p>En segundo lugar, se llevar\u00e1 a cabo una encuesta cualitativa entre varios museos de todo el mundo, seleccionados por el IRAPFM, como representativos de sus respectivas zonas geogr\u00e1ficas. Esta encuesta tiene por objeto poner de relieve las pr\u00e1cticas de financiaci\u00f3n adaptativas, ejemplares o innovadoras.<br \/>\nLas dos encuestas permitir\u00e1n identificar y comprender mejor las variaciones en la financiaci\u00f3n p\u00fablica de los museos y sus efectos en todo el mundo. Tambi\u00e9n permitir\u00e1n elaborar estrategias y recomendaciones para los museos, incluidos nuevos modelos de negocio.<\/p>\n<p>El proyecto se llevar\u00e1 a cabo del 1 de julio de 2023 al 30 de junio de 2024 y el informe final se espera para el 1 de septiembre de 2024. Los resultados se difundir\u00e1n a trav\u00e9s de una serie de seminarios web y una publicaci\u00f3n.<\/p>\n<p>Para m\u00e1s informaci\u00f3n sobre el proyecto IRAPFM, puede ponerse en contacto con Heidi Weber, coordinadora del proyecto, en: museums.funding@gmail.com.<\/p>\n<p><span class=\"link_red\"><a href=\"https:\/\/icom.museum\/wp-content\/uploads\/2023\/08\/IRAPFM-Press-Release.pdf\">Descargar el comunicado de prensa<br \/>\ncommuniqu\u00e9 de presse<\/a><\/span><\/p>\n<p><span class=\"link_blue\"><a href=\"https:\/\/icom.museum\/wp-content\/uploads\/2023\/08\/2023.07.26-ICOM-IMREC-Research-brief.pdf\">Descargar el informe de investigaci\u00f3n<\/a><\/span><\/p>\n","protected":false},"excerpt":{"rendered":"<p>El Centro Internacional de Investigaci\u00f3n e Intercambio de Museos del ICOM (ICOM-IMREC) es una plataforma internacional de investigaci\u00f3n e intercambio sobre el campo de los museos y sus \u00e1reas relacionadas. La idea naci\u00f3 tras la Conferencia General del ICOM, Kyoto 2019 entre el ICOM y la Universidad de Shanghai en China, para aplicar la Resoluci\u00f3n [&hellip;]<\/p>\n","protected":false},"author":4,"featured_media":0,"parent":7361,"menu_order":7,"comment_status":"closed","ping_status":"closed","template":"","meta":{"inline_featured_image":false,"footnotes":""},"class_list":["post-46136","page","type-page","status-publish","hentry"],"acf":[],"yoast_head":"<!-- This site is optimized with the Yoast SEO plugin v23.7 - https:\/\/yoast.com\/wordpress\/plugins\/seo\/ -->\n<title>ICOM-IMREC - International Council of Museums<\/title>\n<meta name=\"robots\" content=\"index, follow, max-snippet:-1, max-image-preview:large, max-video-preview:-1\" \/>\n<link rel=\"canonical\" href=\"https:\/\/icom.museum\/es\/investigacion-y-desarrollo\/icom-imrec\/\" \/>\n<meta property=\"og:locale\" content=\"es_ES\" \/>\n<meta property=\"og:type\" content=\"article\" \/>\n<meta property=\"og:title\" content=\"ICOM-IMREC - International Council of Museums\" \/>\n<meta property=\"og:description\" content=\"El Centro Internacional de Investigaci\u00f3n e Intercambio de Museos del ICOM (ICOM-IMREC) es una plataforma internacional de investigaci\u00f3n e intercambio sobre el campo de los museos y sus \u00e1reas relacionadas. La idea naci\u00f3 tras la Conferencia General del ICOM, Kyoto 2019 entre el ICOM y la Universidad de Shanghai en China, para aplicar la Resoluci\u00f3n [&hellip;]\" \/>\n<meta property=\"og:url\" content=\"https:\/\/icom.museum\/es\/investigacion-y-desarrollo\/icom-imrec\/\" \/>\n<meta property=\"og:site_name\" content=\"International Council of Museums\" \/>\n<meta property=\"article:modified_time\" content=\"2023-08-01T13:14:29+00:00\" \/>\n<meta property=\"og:image\" content=\"https:\/\/icom.museum\/wp-content\/uploads\/2021\/10\/ICOM-IMREC.png\" \/>\n<meta name=\"twitter:card\" content=\"summary_large_image\" \/>\n<meta name=\"twitter:label1\" content=\"Tiempo de lectura\" \/>\n\t<meta name=\"twitter:data1\" content=\"4 minutos\" \/>\n<script type=\"application\/ld+json\" class=\"yoast-schema-graph\">{\"@context\":\"https:\/\/schema.org\",\"@graph\":[{\"@type\":\"WebPage\",\"@id\":\"https:\/\/icom.museum\/es\/investigacion-y-desarrollo\/icom-imrec\/\",\"url\":\"https:\/\/icom.museum\/es\/investigacion-y-desarrollo\/icom-imrec\/\",\"name\":\"ICOM-IMREC - International Council of Museums\",\"isPartOf\":{\"@id\":\"https:\/\/icom.museum\/en\/#website\"},\"datePublished\":\"2021-10-11T08:58:21+00:00\",\"dateModified\":\"2023-08-01T13:14:29+00:00\",\"breadcrumb\":{\"@id\":\"https:\/\/icom.museum\/es\/investigacion-y-desarrollo\/icom-imrec\/#breadcrumb\"},\"inLanguage\":\"es\",\"potentialAction\":[{\"@type\":\"ReadAction\",\"target\":[\"https:\/\/icom.museum\/es\/investigacion-y-desarrollo\/icom-imrec\/\"]}]},{\"@type\":\"BreadcrumbList\",\"@id\":\"https:\/\/icom.museum\/es\/investigacion-y-desarrollo\/icom-imrec\/#breadcrumb\",\"itemListElement\":[{\"@type\":\"ListItem\",\"position\":1,\"name\":\"Home\",\"item\":\"https:\/\/icom.museum\/es\/\"},{\"@type\":\"ListItem\",\"position\":2,\"name\":\"Investigaci\u00f3n y desarrollo\",\"item\":\"https:\/\/icom.museum\/es\/nuestras-acciones\/investigacion-y-desarrollo\/\"},{\"@type\":\"ListItem\",\"position\":3,\"name\":\"ICOM-IMREC\"}]},{\"@type\":\"WebSite\",\"@id\":\"https:\/\/icom.museum\/en\/#website\",\"url\":\"https:\/\/icom.museum\/en\/\",\"name\":\"International Council of Museums\",\"description\":\"A global organisation of museums &amp; museum professionals committed to the promotion and protection of cultural heritage\",\"publisher\":{\"@id\":\"https:\/\/icom.museum\/en\/#organization\"},\"potentialAction\":[{\"@type\":\"SearchAction\",\"target\":{\"@type\":\"EntryPoint\",\"urlTemplate\":\"https:\/\/icom.museum\/en\/?s={search_term_string}\"},\"query-input\":{\"@type\":\"PropertyValueSpecification\",\"valueRequired\":true,\"valueName\":\"search_term_string\"}}],\"inLanguage\":\"es\"},{\"@type\":\"Organization\",\"@id\":\"https:\/\/icom.museum\/en\/#organization\",\"name\":\"International Council of Museums\",\"url\":\"https:\/\/icom.museum\/en\/\",\"logo\":{\"@type\":\"ImageObject\",\"inLanguage\":\"es\",\"@id\":\"https:\/\/icom.museum\/en\/#\/schema\/logo\/image\/\",\"url\":\"https:\/\/icom.museum\/wp-content\/uploads\/2018\/07\/ICOM_M_.jpg\",\"contentUrl\":\"https:\/\/icom.museum\/wp-content\/uploads\/2018\/07\/ICOM_M_.jpg\",\"width\":1721,\"height\":1721,\"caption\":\"International Council of Museums\"},\"image\":{\"@id\":\"https:\/\/icom.museum\/en\/#\/schema\/logo\/image\/\"}}]}<\/script>\n<!-- \/ Yoast SEO plugin. -->","yoast_head_json":{"title":"ICOM-IMREC - International Council of Museums","robots":{"index":"index","follow":"follow","max-snippet":"max-snippet:-1","max-image-preview":"max-image-preview:large","max-video-preview":"max-video-preview:-1"},"canonical":"https:\/\/icom.museum\/es\/investigacion-y-desarrollo\/icom-imrec\/","og_locale":"es_ES","og_type":"article","og_title":"ICOM-IMREC - International Council of Museums","og_description":"El Centro Internacional de Investigaci\u00f3n e Intercambio de Museos del ICOM (ICOM-IMREC) es una plataforma internacional de investigaci\u00f3n e intercambio sobre el campo de los museos y sus \u00e1reas relacionadas. La idea naci\u00f3 tras la Conferencia General del ICOM, Kyoto 2019 entre el ICOM y la Universidad de Shanghai en China, para aplicar la Resoluci\u00f3n [&hellip;]","og_url":"https:\/\/icom.museum\/es\/investigacion-y-desarrollo\/icom-imrec\/","og_site_name":"International Council of Museums","article_modified_time":"2023-08-01T13:14:29+00:00","og_image":[{"url":"https:\/\/icom.museum\/wp-content\/uploads\/2021\/10\/ICOM-IMREC.png"}],"twitter_card":"summary_large_image","twitter_misc":{"Tiempo de lectura":"4 minutos"},"schema":{"@context":"https:\/\/schema.org","@graph":[{"@type":"WebPage","@id":"https:\/\/icom.museum\/es\/investigacion-y-desarrollo\/icom-imrec\/","url":"https:\/\/icom.museum\/es\/investigacion-y-desarrollo\/icom-imrec\/","name":"ICOM-IMREC - International Council of Museums","isPartOf":{"@id":"https:\/\/icom.museum\/en\/#website"},"datePublished":"2021-10-11T08:58:21+00:00","dateModified":"2023-08-01T13:14:29+00:00","breadcrumb":{"@id":"https:\/\/icom.museum\/es\/investigacion-y-desarrollo\/icom-imrec\/#breadcrumb"},"inLanguage":"es","potentialAction":[{"@type":"ReadAction","target":["https:\/\/icom.museum\/es\/investigacion-y-desarrollo\/icom-imrec\/"]}]},{"@type":"BreadcrumbList","@id":"https:\/\/icom.museum\/es\/investigacion-y-desarrollo\/icom-imrec\/#breadcrumb","itemListElement":[{"@type":"ListItem","position":1,"name":"Home","item":"https:\/\/icom.museum\/es\/"},{"@type":"ListItem","position":2,"name":"Investigaci\u00f3n y desarrollo","item":"https:\/\/icom.museum\/es\/nuestras-acciones\/investigacion-y-desarrollo\/"},{"@type":"ListItem","position":3,"name":"ICOM-IMREC"}]},{"@type":"WebSite","@id":"https:\/\/icom.museum\/en\/#website","url":"https:\/\/icom.museum\/en\/","name":"International Council of Museums","description":"A global organisation of museums &amp; museum professionals committed to the promotion and protection of cultural heritage","publisher":{"@id":"https:\/\/icom.museum\/en\/#organization"},"potentialAction":[{"@type":"SearchAction","target":{"@type":"EntryPoint","urlTemplate":"https:\/\/icom.museum\/en\/?s={search_term_string}"},"query-input":{"@type":"PropertyValueSpecification","valueRequired":true,"valueName":"search_term_string"}}],"inLanguage":"es"},{"@type":"Organization","@id":"https:\/\/icom.museum\/en\/#organization","name":"International Council of Museums","url":"https:\/\/icom.museum\/en\/","logo":{"@type":"ImageObject","inLanguage":"es","@id":"https:\/\/icom.museum\/en\/#\/schema\/logo\/image\/","url":"https:\/\/icom.museum\/wp-content\/uploads\/2018\/07\/ICOM_M_.jpg","contentUrl":"https:\/\/icom.museum\/wp-content\/uploads\/2018\/07\/ICOM_M_.jpg","width":1721,"height":1721,"caption":"International Council of Museums"},"image":{"@id":"https:\/\/icom.museum\/en\/#\/schema\/logo\/image\/"}}]}},"_links":{"self":[{"href":"https:\/\/icom.museum\/es\/wp-json\/wp\/v2\/pages\/46136"}],"collection":[{"href":"https:\/\/icom.museum\/es\/wp-json\/wp\/v2\/pages"}],"about":[{"href":"https:\/\/icom.museum\/es\/wp-json\/wp\/v2\/types\/page"}],"author":[{"embeddable":true,"href":"https:\/\/icom.museum\/es\/wp-json\/wp\/v2\/users\/4"}],"replies":[{"embeddable":true,"href":"https:\/\/icom.museum\/es\/wp-json\/wp\/v2\/comments?post=46136"}],"version-history":[{"count":8,"href":"https:\/\/icom.museum\/es\/wp-json\/wp\/v2\/pages\/46136\/revisions"}],"predecessor-version":[{"id":54302,"href":"https:\/\/icom.museum\/es\/wp-json\/wp\/v2\/pages\/46136\/revisions\/54302"}],"up":[{"embeddable":true,"href":"https:\/\/icom.museum\/es\/wp-json\/wp\/v2\/pages\/7361"}],"wp:attachment":[{"href":"https:\/\/icom.museum\/es\/wp-json\/wp\/v2\/media?parent=46136"}],"curies":[{"name":"wp","href":"https:\/\/api.w.org\/{rel}","templated":true}]}}