{"id":46824,"date":"2021-12-17T13:28:41","date_gmt":"2021-12-17T11:28:41","guid":{"rendered":"https:\/\/icom.museum\/?page_id=46824"},"modified":"2022-07-27T17:41:10","modified_gmt":"2022-07-27T15:41:10","slug":"biblioteca-en-linea","status":"publish","type":"page","link":"https:\/\/icom.museum\/es\/recursos\/biblioteca-en-linea\/","title":{"rendered":"Biblioteca en l\u00ednea"},"content":{"rendered":"<h2 class=\"headline\"><strong>La<\/strong> <strong>Biblioteca en l\u00ednea le da a<\/strong>cceso<strong> a todos los recursos <\/strong><strong>del Centro de Documentaci\u00f3n del ICOM<\/strong><\/h2>\n<p>Fruto del trabajo de varias generaciones de documentalistas desde 1948, pero durante mucho tiempo reservado s\u00f3lo a ellos, la base de datos de la Biblioteca es ahora directamente consultable por todos, en su totalidad, en las tres lenguas oficiales del ICOM. Contiene, en primer lugar, todas las publicaciones del ICOM y de su red de comit\u00e9s internacionales, comit\u00e9s nacionales, alianzas regionales y organismos asociados desde su creaci\u00f3n, as\u00ed como un gran n\u00famero de referencias a libros, rese\u00f1as, art\u00edculos, gu\u00edas y manuales, directorios, actas de congresos, estudios e informes en los \u00e1mbitos de inter\u00e9s del ICOM, como la protecci\u00f3n del patrimonio en peligro, la lucha contra el tr\u00e1fico il\u00edcito de bienes culturales, la funci\u00f3n social de los museos, la educaci\u00f3n y la \u00e9tica.<\/p>\n<p><span class=\"link_red\"><a href=\"http:\/\/icom.jlbinfo.info\/bibliotheque\">Biblioteca en l\u00ednea<\/a><\/span><\/p>\n<div class=\"separator\"><\/div>\n<div class=\"separator\">\n<p><strong>Algunos consejos para la b\u00fasqueda<\/strong><\/p>\n<\/div>\n<p>El <strong>idioma del portal <\/strong>es el que haya elegido para su navegador si es de habla inglesa, francesa o espa\u00f1ola, y el ingl\u00e9s por defecto para los dem\u00e1s. No encontrar\u00e1 un bot\u00f3n para cambiar de un idioma a otro, pero es posible cambiar este criterio a trav\u00e9s de la configuraci\u00f3n del navegador. Son posibles <strong>dos tipos de b\u00fasqueda<\/strong>:<\/p>\n<ul>\n<li><u>B\u00fasqueda libre<\/u>: cada p\u00e1gina del portal tiene una l\u00ednea en la parte superior que le permite buscar todos los campos de la base de datos a la vez con sus propias palabras. Si la b\u00fasqueda implica varias palabras a la vez, se devolver\u00e1n los registros que contengan todas las palabras solicitadas (operador booleano AND).<\/li>\n<li><u style=\"color: #474747; font-family: Georgia; font-size: 15px;\">B\u00fasqueda avanzada<\/u><span style=\"color: #474747; font-family: Georgia; font-size: 15px;\">: m\u00e1s precisa, ofrece una amplia selecci\u00f3n de criterios que se pueden cruzar: t\u00edtulos, autores, palabras clave, a\u00f1o de publicaci\u00f3n, tipo y naturaleza del documento, idioma del texto o resumen, etc.<\/span><\/li>\n<\/ul>\n<p>Existen varias <strong>herramientas <\/strong>para optimizar la b\u00fasqueda y conservar los resultados<\/p>\n<p><strong>L\u00e9xicos<\/strong>: cada campo de la b\u00fasqueda avanzada tiene un icono para acceder al l\u00e9xico correspondiente Si decide introducir una palabra directamente, en una b\u00fasqueda libre o sin utilizar el l\u00e9xico propuesto en las l\u00edneas de los campos de b\u00fasqueda avanzada, es posible utilizar el truncamiento * al principio y\/o al final de esta palabra para ampliar la b\u00fasqueda. Ejemplo: en el campo de t\u00edtulo, la palabra &#8220;concepto&#8221; da 53 resultados. La palabra concepto* da 137 resultados, porque incluye conceptos, concepci\u00f3n&#8230;<\/p>\n<p><strong>Cesta<\/strong>: Cada registro puede guardarse en una cesta para construir una bibliograf\u00eda selectiva a partir de los resultados obtenidos.<\/p>\n<p><strong>Clasificaci\u00f3n<\/strong>: La lista de resultados se puede clasificar por<\/p>\n<ul>\n<li>fecha de entrada del registro en la base de datos (de la m\u00e1s reciente a la m\u00e1s antigua)<\/li>\n<li>fecha de publicaci\u00f3n del documento (de la m\u00e1s reciente a la m\u00e1s antigua)<\/li>\n<li>autor colectivo (organizaci\u00f3n, instituci\u00f3n o museo autor del texto)<\/li>\n<li>tipo de documento (libro o monograf\u00eda, cap\u00edtulo de libro, revista, art\u00edculo de revista, documento, sitio web)<\/li>\n<\/ul>\n<p><strong>Filtrado<\/strong>: Para afinar los resultados de una b\u00fasqueda, se puede aplicar un filtrado -reversible- para reducir la lista, seg\u00fan una selecci\u00f3n de 5 criterios:<\/p>\n<ul>\n<li>por palabra clave<\/li>\n<li>por pa\u00eds o zona geogr\u00e1fica<\/li>\n<li>por tipo de documento<\/li>\n<li>por ubicaci\u00f3n del documento: documento fuente disponible para su consulta en el ICOM, versi\u00f3n digital disponible en l\u00ednea, dep\u00f3sito en el DMF o en la ENSBA<\/li>\n<\/ul>\n<p><strong>\u2206 \u00a1Atenci\u00f3n<\/strong>! En los casos en los que una b\u00fasqueda con un alcance ligeramente demasiado amplio produzca un n\u00famero de resultados superior a 1000 referencias, la p\u00e1gina mostrar\u00e1 &#8220;1000 resultados para su selecci\u00f3n&#8221;, independientemente del n\u00famero real de registros que cumplan los criterios de b\u00fasqueda. Se recomienda entonces una b\u00fasqueda m\u00e1s precisa, cruzando al menos 2 criterios, por ejemplo.<\/p>\n<p><span class=\"link_blue\"><a href=\"mailto:agnes.roche@icom.museum\"><strong>Contactar con la bibliotecaria<\/strong><\/a><\/span><\/p>\n<div class=\"separator\">\n<p><strong>Breve historia de la Biblioteca en l\u00ednea del ICOM<\/strong><\/p>\n<\/div>\n<p><strong>1948<\/strong>: Yvonne Oddon crea el Centro de Documentaci\u00f3n de Museos UNESCO-ICOM<\/p>\n<p><strong>1981<\/strong>: Se crea la primera base de datos bibliogr\u00e1fica informatizada del ICOM. Compartida con el ICOMOS hasta 1999, la acoge la UNESCO. En 1989, las 27.400 fichas de cart\u00f3n que compon\u00edan el anterior cat\u00e1logo bibliogr\u00e1fico manual se convirtieron en registros electr\u00f3nicos y se integraron en la base de datos.<\/p>\n<p><strong>1994-1995<\/strong>: El ICOM conf\u00eda gran parte de su colecci\u00f3n de libros y revistas de museolog\u00eda y su colecci\u00f3n de cat\u00e1logos de museos y exposiciones a la Direcci\u00f3n de Museos de Francia y a la Escuela Nacional Superior de Bellas Artes de Par\u00eds. En la actual Biblioteca en l\u00ednea, los registros de los documentos en cuesti\u00f3n est\u00e1n marcados de la siguiente manera: Ubicaci\u00f3n: DMF (dep\u00f3sito del ICOM) o Ubicaci\u00f3n: ENSBA &#8211; dep\u00f3sito del ICOM. Los documentos confiados al DMF tambi\u00e9n est\u00e1n referenciados en la base de datos Capadoce, que puede consultarse a trav\u00e9s de<a href=\"http:\/\/www.culture.fr\/Ressources\/Moteur-Collections\">l Motor de Colecciones de los Museos de Francia\u00a0<\/a><\/p>\n<p><strong>2010<\/strong>: El redise\u00f1o del sitio web del ICOM es la ocasi\u00f3n para la creaci\u00f3n, en el apartado Recursos, de una <em>Base de Datos de Publicaciones <\/em>que permite al usuario consultar los registros bibliogr\u00e1ficos de una selecci\u00f3n de libros, revistas, art\u00edculos y documentos diversos publicados por el ICOM y su red. Las dos bases de datos no est\u00e1n interconectadas.<\/p>\n<p><strong>2021<\/strong>: Se crea una nueva plataforma documental que permite el acceso en l\u00ednea a todos los recursos documentales del ICOM: publicaciones del ICOM y de la red, fondos de la biblioteca y fondos de los archivos. Las bases de datos &#8220;Archivos&#8221; e &#8220;Im\u00e1genes&#8221;, dedicadas a los archivos escritos y multimedia (fotograf\u00edas, carteles y v\u00eddeos) est\u00e1n reservadas a los miembros y pueden consultarse a trav\u00e9s del \u00e1rea de miembros.<\/p>\n","protected":false},"excerpt":{"rendered":"<p>La Biblioteca en l\u00ednea le da acceso a todos los recursos del Centro de Documentaci\u00f3n del ICOM Fruto del trabajo de varias generaciones de documentalistas desde 1948, pero durante mucho tiempo reservado s\u00f3lo a ellos, la base de datos de la Biblioteca es ahora directamente consultable por todos, en su totalidad, en las tres lenguas [&hellip;]<\/p>\n","protected":false},"author":4,"featured_media":0,"parent":9727,"menu_order":3,"comment_status":"closed","ping_status":"closed","template":"","meta":{"inline_featured_image":false,"footnotes":""},"class_list":["post-46824","page","type-page","status-publish","hentry"],"acf":[],"yoast_head":"<!-- This site is optimized with the Yoast SEO plugin v23.7 - https:\/\/yoast.com\/wordpress\/plugins\/seo\/ -->\n<title>Biblioteca en l\u00ednea - International Council of Museums<\/title>\n<meta name=\"robots\" content=\"index, follow, max-snippet:-1, max-image-preview:large, max-video-preview:-1\" \/>\n<link rel=\"canonical\" href=\"https:\/\/icom.museum\/es\/recursos\/biblioteca-en-linea\/\" \/>\n<meta property=\"og:locale\" content=\"es_ES\" \/>\n<meta property=\"og:type\" content=\"article\" \/>\n<meta property=\"og:title\" content=\"Biblioteca en l\u00ednea - International Council of Museums\" \/>\n<meta property=\"og:description\" content=\"La Biblioteca en l\u00ednea le da acceso a todos los recursos del Centro de Documentaci\u00f3n del ICOM Fruto del trabajo de varias generaciones de documentalistas desde 1948, pero durante mucho tiempo reservado s\u00f3lo a ellos, la base de datos de la Biblioteca es ahora directamente consultable por todos, en su totalidad, en las tres lenguas [&hellip;]\" \/>\n<meta property=\"og:url\" content=\"https:\/\/icom.museum\/es\/recursos\/biblioteca-en-linea\/\" \/>\n<meta property=\"og:site_name\" content=\"International Council of Museums\" \/>\n<meta property=\"article:modified_time\" content=\"2022-07-27T15:41:10+00:00\" \/>\n<meta property=\"og:image\" content=\"https:\/\/icom.museum\/wp-content\/uploads\/2018\/07\/icon_resources_ICOM-documents-2.png\" \/>\n<meta name=\"twitter:card\" content=\"summary_large_image\" \/>\n<meta name=\"twitter:label1\" content=\"Tiempo de lectura\" \/>\n\t<meta name=\"twitter:data1\" content=\"4 minutos\" \/>\n<script type=\"application\/ld+json\" class=\"yoast-schema-graph\">{\"@context\":\"https:\/\/schema.org\",\"@graph\":[{\"@type\":\"WebPage\",\"@id\":\"https:\/\/icom.museum\/es\/recursos\/biblioteca-en-linea\/\",\"url\":\"https:\/\/icom.museum\/es\/recursos\/biblioteca-en-linea\/\",\"name\":\"Biblioteca en l\u00ednea - International Council of Museums\",\"isPartOf\":{\"@id\":\"https:\/\/icom.museum\/en\/#website\"},\"datePublished\":\"2021-12-17T11:28:41+00:00\",\"dateModified\":\"2022-07-27T15:41:10+00:00\",\"breadcrumb\":{\"@id\":\"https:\/\/icom.museum\/es\/recursos\/biblioteca-en-linea\/#breadcrumb\"},\"inLanguage\":\"es\",\"potentialAction\":[{\"@type\":\"ReadAction\",\"target\":[\"https:\/\/icom.museum\/es\/recursos\/biblioteca-en-linea\/\"]}]},{\"@type\":\"BreadcrumbList\",\"@id\":\"https:\/\/icom.museum\/es\/recursos\/biblioteca-en-linea\/#breadcrumb\",\"itemListElement\":[{\"@type\":\"ListItem\",\"position\":1,\"name\":\"Home\",\"item\":\"https:\/\/icom.museum\/es\/\"},{\"@type\":\"ListItem\",\"position\":2,\"name\":\"Recursos\",\"item\":\"https:\/\/icom.museum\/es\/recursos\/\"},{\"@type\":\"ListItem\",\"position\":3,\"name\":\"Biblioteca en l\u00ednea\"}]},{\"@type\":\"WebSite\",\"@id\":\"https:\/\/icom.museum\/en\/#website\",\"url\":\"https:\/\/icom.museum\/en\/\",\"name\":\"International Council of Museums\",\"description\":\"A global organisation of museums &amp; museum professionals committed to the promotion and protection of cultural heritage\",\"publisher\":{\"@id\":\"https:\/\/icom.museum\/en\/#organization\"},\"potentialAction\":[{\"@type\":\"SearchAction\",\"target\":{\"@type\":\"EntryPoint\",\"urlTemplate\":\"https:\/\/icom.museum\/en\/?s={search_term_string}\"},\"query-input\":{\"@type\":\"PropertyValueSpecification\",\"valueRequired\":true,\"valueName\":\"search_term_string\"}}],\"inLanguage\":\"es\"},{\"@type\":\"Organization\",\"@id\":\"https:\/\/icom.museum\/en\/#organization\",\"name\":\"International Council of Museums\",\"url\":\"https:\/\/icom.museum\/en\/\",\"logo\":{\"@type\":\"ImageObject\",\"inLanguage\":\"es\",\"@id\":\"https:\/\/icom.museum\/en\/#\/schema\/logo\/image\/\",\"url\":\"https:\/\/icom.museum\/wp-content\/uploads\/2018\/07\/ICOM_M_.jpg\",\"contentUrl\":\"https:\/\/icom.museum\/wp-content\/uploads\/2018\/07\/ICOM_M_.jpg\",\"width\":1721,\"height\":1721,\"caption\":\"International Council of Museums\"},\"image\":{\"@id\":\"https:\/\/icom.museum\/en\/#\/schema\/logo\/image\/\"}}]}<\/script>\n<!-- \/ Yoast SEO plugin. -->","yoast_head_json":{"title":"Biblioteca en l\u00ednea - International Council of Museums","robots":{"index":"index","follow":"follow","max-snippet":"max-snippet:-1","max-image-preview":"max-image-preview:large","max-video-preview":"max-video-preview:-1"},"canonical":"https:\/\/icom.museum\/es\/recursos\/biblioteca-en-linea\/","og_locale":"es_ES","og_type":"article","og_title":"Biblioteca en l\u00ednea - International Council of Museums","og_description":"La Biblioteca en l\u00ednea le da acceso a todos los recursos del Centro de Documentaci\u00f3n del ICOM Fruto del trabajo de varias generaciones de documentalistas desde 1948, pero durante mucho tiempo reservado s\u00f3lo a ellos, la base de datos de la Biblioteca es ahora directamente consultable por todos, en su totalidad, en las tres lenguas [&hellip;]","og_url":"https:\/\/icom.museum\/es\/recursos\/biblioteca-en-linea\/","og_site_name":"International Council of Museums","article_modified_time":"2022-07-27T15:41:10+00:00","og_image":[{"url":"https:\/\/icom.museum\/wp-content\/uploads\/2018\/07\/icon_resources_ICOM-documents-2.png"}],"twitter_card":"summary_large_image","twitter_misc":{"Tiempo de lectura":"4 minutos"},"schema":{"@context":"https:\/\/schema.org","@graph":[{"@type":"WebPage","@id":"https:\/\/icom.museum\/es\/recursos\/biblioteca-en-linea\/","url":"https:\/\/icom.museum\/es\/recursos\/biblioteca-en-linea\/","name":"Biblioteca en l\u00ednea - International Council of Museums","isPartOf":{"@id":"https:\/\/icom.museum\/en\/#website"},"datePublished":"2021-12-17T11:28:41+00:00","dateModified":"2022-07-27T15:41:10+00:00","breadcrumb":{"@id":"https:\/\/icom.museum\/es\/recursos\/biblioteca-en-linea\/#breadcrumb"},"inLanguage":"es","potentialAction":[{"@type":"ReadAction","target":["https:\/\/icom.museum\/es\/recursos\/biblioteca-en-linea\/"]}]},{"@type":"BreadcrumbList","@id":"https:\/\/icom.museum\/es\/recursos\/biblioteca-en-linea\/#breadcrumb","itemListElement":[{"@type":"ListItem","position":1,"name":"Home","item":"https:\/\/icom.museum\/es\/"},{"@type":"ListItem","position":2,"name":"Recursos","item":"https:\/\/icom.museum\/es\/recursos\/"},{"@type":"ListItem","position":3,"name":"Biblioteca en l\u00ednea"}]},{"@type":"WebSite","@id":"https:\/\/icom.museum\/en\/#website","url":"https:\/\/icom.museum\/en\/","name":"International Council of Museums","description":"A global organisation of museums &amp; museum professionals committed to the promotion and protection of cultural heritage","publisher":{"@id":"https:\/\/icom.museum\/en\/#organization"},"potentialAction":[{"@type":"SearchAction","target":{"@type":"EntryPoint","urlTemplate":"https:\/\/icom.museum\/en\/?s={search_term_string}"},"query-input":{"@type":"PropertyValueSpecification","valueRequired":true,"valueName":"search_term_string"}}],"inLanguage":"es"},{"@type":"Organization","@id":"https:\/\/icom.museum\/en\/#organization","name":"International Council of Museums","url":"https:\/\/icom.museum\/en\/","logo":{"@type":"ImageObject","inLanguage":"es","@id":"https:\/\/icom.museum\/en\/#\/schema\/logo\/image\/","url":"https:\/\/icom.museum\/wp-content\/uploads\/2018\/07\/ICOM_M_.jpg","contentUrl":"https:\/\/icom.museum\/wp-content\/uploads\/2018\/07\/ICOM_M_.jpg","width":1721,"height":1721,"caption":"International Council of Museums"},"image":{"@id":"https:\/\/icom.museum\/en\/#\/schema\/logo\/image\/"}}]}},"_links":{"self":[{"href":"https:\/\/icom.museum\/es\/wp-json\/wp\/v2\/pages\/46824"}],"collection":[{"href":"https:\/\/icom.museum\/es\/wp-json\/wp\/v2\/pages"}],"about":[{"href":"https:\/\/icom.museum\/es\/wp-json\/wp\/v2\/types\/page"}],"author":[{"embeddable":true,"href":"https:\/\/icom.museum\/es\/wp-json\/wp\/v2\/users\/4"}],"replies":[{"embeddable":true,"href":"https:\/\/icom.museum\/es\/wp-json\/wp\/v2\/comments?post=46824"}],"version-history":[{"count":7,"href":"https:\/\/icom.museum\/es\/wp-json\/wp\/v2\/pages\/46824\/revisions"}],"predecessor-version":[{"id":49169,"href":"https:\/\/icom.museum\/es\/wp-json\/wp\/v2\/pages\/46824\/revisions\/49169"}],"up":[{"embeddable":true,"href":"https:\/\/icom.museum\/es\/wp-json\/wp\/v2\/pages\/9727"}],"wp:attachment":[{"href":"https:\/\/icom.museum\/es\/wp-json\/wp\/v2\/media?parent=46824"}],"curies":[{"name":"wp","href":"https:\/\/api.w.org\/{rel}","templated":true}]}}