{"id":49349,"date":"2022-08-09T17:16:24","date_gmt":"2022-08-09T15:16:24","guid":{"rendered":"https:\/\/icom.museum\/?page_id=49349"},"modified":"2025-11-06T17:57:47","modified_gmt":"2025-11-06T15:57:47","slug":"proyectos-de-solidaridad-del-icom","status":"publish","type":"page","link":"https:\/\/icom.museum\/es\/involucrese\/proyectos-de-solidaridad-del-icom\/","title":{"rendered":"Proyectos del ICOM SAREC"},"content":{"rendered":"<h2 class=\"article-h1 headline\">Becas ICOM SAREC para proyectos especiales y proyectos solidarios<\/h2>\n<p>Cada a\u00f1o, el ICOM establece unas directrices generales para facilitar la presentaci\u00f3n de candidaturas de los participantes. Las propuestas deben destacar la pertinencia de los proyectos para el plan estrat\u00e9gico del ICOM, la claridad de sus objetivos, la colaboraci\u00f3n con otras entidades, la innovaci\u00f3n y un enfoque sostenible.<\/p>\n<p>El ICOM anima a todos sus Comit\u00e9s Nacionales (CN), Comit\u00e9s Internacionales (CI), Alianzas Regionales (AR) y Organizaciones Afiliadas (OA) a participar en estas convocatorias de proyectos.<\/p>\n<p><strong>CONVOCATORIA DE PROYECTOS 2026<\/strong><\/p>\n<p>En un esfuerzo por promover la excelencia y la solidaridad, el Comit\u00e9 de Revisi\u00f3n de Asignaciones Estrat\u00e9gicas del ICOM (SAREC), anuncia la apertura de las Convocatorias de Proyectos \u00abSubvenciones para Proyectos Especiales del ICOM 2026\u00bb y \u00abSolidaridad en Tiempos de Crisis 2026\u00bb.<\/p>\n<p>Las \u00abSubvenciones a Proyectos Especiales del ICOM 2026\u00bb invitan a los miembros de nuestra comunidad a presentar sus proyectos innovadores y de impacto. Se esperan propuestas de los Comit\u00e9s Nacionales (CN), Comit\u00e9s Internacionales (CI), Alianzas Regionales (AR) y Organizaciones Afiliadas (OA) del ICOM. <strong>El ICOM est\u00e1 dispuesto a financiar hasta el 50% del presupuesto total del proyecto, con una subvenci\u00f3n m\u00e1xima de 15.000 euros. Para ser elegibles, los proyectos deben asegurar otra fuente de financiaci\u00f3n confirmada y deben finalizarse antes del 31 de diciembre de 2026 para los proyectos de un a\u00f1o, y antes del 31 de diciembre de 2027 para los proyectos de dos a\u00f1os.<\/strong><\/p>\n<p>En reconocimiento de los retos cada vez mayores a los que se enfrenta el mundo, el ICOM presenta la Convocatoria de Proyectos \u00abSolidaridad en Tiempos de Crisis 2026\u00bb. Esta iniciativa pretende apoyar a los miembros del ICOM que se enfrentan a conflictos, cat\u00e1strofes naturales y otras crisis, tanto locales como mundiales. <strong>El ICOM se compromete a proporcionar hasta el 75% del coste total del proyecto, hasta un m\u00e1ximo de 20.000 euros, a proyectos centrados en situaciones de crisis. Estos proyectos deben conseguir otra fuente de financiaci\u00f3n confirmada y deben finalizarse antes del 31 de diciembre de 2026 para los proyectos de un a\u00f1o, y antes del 31 de diciembre de 2027 para los proyectos de dos a\u00f1os.<\/strong><\/p>\n<p>Para obtener instrucciones detalladas y m\u00e1s informaci\u00f3n, <strong>visite su Espacio Miembro del ICOM<\/strong>.<\/p>\n<p><strong>LOS PROYECTOS SUBVENCIONADOS EN 2025<\/strong><\/p>\n<p><strong>Proyectos especiales<\/strong><\/p>\n<ul>\n<li>Heritage, museums, collections. A debate for enhancing professionals\u2019 skills between Africa and Europe, con el ICOM Europa como comit\u00e9 director (15 000\u20ac)<\/li>\n<li>Revisiting Voices: Re-edition of the research on Museum Professionals and their Audiences, con el ICOM Brasil como comit\u00e9 director (7 000\u20ac)<\/li>\n<li>Bi-lingual Documentation and Outreach: Expanding ICOM MUSIC\u2019s LAC Impact, con el ICOM Music como comit\u00e9 director (4 439\u20ac)<\/li>\n<li>That Everlasting Plastic! con el ICOM Estonia como comit\u00e9 director (3 750\u20ac)<\/li>\n<li>Young people shaping the future of museology through the lens of the SDGs (Year 3), con ICOFOM como comit\u00e9 director (5 850\u20ac)<\/li>\n<li>Formulating ICOM&#8217;s Strategy and Action Plan towards Decolonization, con el ICOM Alemania como comit\u00e9 director (15 000\u20ac)<\/li>\n<li>Social Museology: Declarations and Manifestos (Book project), con SOMUS como comit\u00e9 director (7 600\u20ac)<\/li>\n<li>Museum Reputation as a Leadership Tool, con INTERCOM como comit\u00e9 director (15 000\u20ac)<\/li>\n<li>1er Forum des \u00e9tudiants et jeunes Professionnels africains membres de l&#8217;ICOM, \u00ab Etudiants et jeunes Professionnels africains : Leviers pour un ICOM dynamique \u00bb, con el ICOM Africa como comit\u00e9 director (15 000\u20ac)<\/li>\n<li>Histoire de la m\u00e9diation mus\u00e9ale en France, con CECA como comit\u00e9 director (2 650\u20ac)<\/li>\n<li>R\u00e9seau mondial pour les mus\u00e9es du sport et la formation des professionnels des mus\u00e9es du sport, con ICMAH como comit\u00e9 director (5 980\u20ac)<\/li>\n<li>N\u00famero extraordinario del Chaski: 40 a\u00f1os de la consolidaci\u00f3n del Secretariado permanente del ICOM para Am\u00e9rica Latina y el Caribe a la Alianza Regional del ICOM para Am\u00e9rica Latina y el Caribe. 1984-2024, con el ICOM LAC como comit\u00e9 director (2 400\u20ac)<\/li>\n<\/ul>\n<p><strong>Solidaridad en tiempos de crisis<\/strong><\/p>\n<ul>\n<li>Enhancing Museum Documentation: Overcoming Challenges and Building Capacity, con el ICOM-Georgia como comit\u00e9 director (15 000\u20ac)<\/li>\n<li>Leveraging Ethnographic &amp; Generational Knowledge for Art Conservation in South East Asia (LegaSEA), con el ICOM-CC como comit\u00e9 director (12 594\u20ac)<\/li>\n<li>Training on Disaster Management &#8211; Eastern Africa Region, con el ICOM Africa como comit\u00e9 director (8 731\u20ac)<\/li>\n<li>Elaboration et publication d\u2019un plan sous-r\u00e9gional ouest-africain de gestion du patrimoine culturel en temps de crise, con el ICOM Burkina Faso como comit\u00e9 director (16 450\u20ac)<\/li>\n<li>Plan regional Andino-Pac\u00edfico RE-ORG, con el ICOM B\u00e9lgica como comit\u00e9 director (20 000\u20ac)<\/li>\n<\/ul>\n<div class=\"separator\">\n<p><strong>\u00bfQU\u00c9 ES EL SAREC?<\/strong><\/p>\n<\/div>\n<p>El comit\u00e9 de examen de subsidio estrat\u00e9gico del ICOM (<a href=\"https:\/\/icom.museum\/es\/committee\/comite-de-examen-de-subsidio-estrategico\/\">SAREC<\/a>) tiene por objeto revisar las solicitudes de subvenci\u00f3n presentadas al ICOM por sus comit\u00e9s, alianzas regionales y organizaciones afiliadas, en la medida en que se relacionan con el marco del plan estrat\u00e9gico de la organizaci\u00f3n y en funci\u00f3n de su capacidad de ejecuci\u00f3n para alcanzar sus objetivos con el pleno consumo de los fondos otorgados.<\/p>\n<p>Sus tareas abarcan, por un lado, las subvenciones para los comit\u00e9s internacionales y las alianzas regionales y, por otro, la evaluaci\u00f3n de los proyectos con el fin de revisar todas las solicitudes con la visi\u00f3n m\u00e1s completa y estrat\u00e9gica.<\/p>\n","protected":false},"excerpt":{"rendered":"<p>Becas ICOM SAREC para proyectos especiales y proyectos solidarios Cada a\u00f1o, el ICOM establece unas directrices generales para facilitar la presentaci\u00f3n de candidaturas de los participantes. Las propuestas deben destacar la pertinencia de los proyectos para el plan estrat\u00e9gico del ICOM, la claridad de sus objetivos, la colaboraci\u00f3n con otras entidades, la innovaci\u00f3n y un [&hellip;]<\/p>\n","protected":false},"author":4,"featured_media":0,"parent":6934,"menu_order":6,"comment_status":"closed","ping_status":"closed","template":"","meta":{"inline_featured_image":false,"footnotes":""},"class_list":["post-49349","page","type-page","status-publish","hentry"],"acf":[],"yoast_head":"<!-- This site is optimized with the Yoast SEO plugin v23.7 - https:\/\/yoast.com\/wordpress\/plugins\/seo\/ -->\n<title>Proyectos del ICOM SAREC - International Council of Museums<\/title>\n<meta name=\"robots\" content=\"index, follow, max-snippet:-1, max-image-preview:large, max-video-preview:-1\" \/>\n<link rel=\"canonical\" href=\"https:\/\/icom.museum\/es\/involucrese\/proyectos-de-solidaridad-del-icom\/\" \/>\n<meta property=\"og:locale\" content=\"es_ES\" \/>\n<meta property=\"og:type\" content=\"article\" \/>\n<meta property=\"og:title\" content=\"Proyectos del ICOM SAREC - International Council of Museums\" \/>\n<meta property=\"og:description\" content=\"Becas ICOM SAREC para proyectos especiales y proyectos solidarios Cada a\u00f1o, el ICOM establece unas directrices generales para facilitar la presentaci\u00f3n de candidaturas de los participantes. Las propuestas deben destacar la pertinencia de los proyectos para el plan estrat\u00e9gico del ICOM, la claridad de sus objetivos, la colaboraci\u00f3n con otras entidades, la innovaci\u00f3n y un [&hellip;]\" \/>\n<meta property=\"og:url\" content=\"https:\/\/icom.museum\/es\/involucrese\/proyectos-de-solidaridad-del-icom\/\" \/>\n<meta property=\"og:site_name\" content=\"International Council of Museums\" \/>\n<meta property=\"article:modified_time\" content=\"2025-11-06T15:57:47+00:00\" \/>\n<meta property=\"og:image\" content=\"https:\/\/icom.museum\/wp-content\/uploads\/2023\/10\/Website-Article-1.jpg\" \/>\n<meta name=\"twitter:card\" content=\"summary_large_image\" \/>\n<meta name=\"twitter:label1\" content=\"Tiempo de lectura\" \/>\n\t<meta name=\"twitter:data1\" content=\"4 minutos\" \/>\n<script type=\"application\/ld+json\" class=\"yoast-schema-graph\">{\"@context\":\"https:\/\/schema.org\",\"@graph\":[{\"@type\":\"WebPage\",\"@id\":\"https:\/\/icom.museum\/es\/involucrese\/proyectos-de-solidaridad-del-icom\/\",\"url\":\"https:\/\/icom.museum\/es\/involucrese\/proyectos-de-solidaridad-del-icom\/\",\"name\":\"Proyectos del ICOM SAREC - International Council of Museums\",\"isPartOf\":{\"@id\":\"https:\/\/icom.museum\/en\/#website\"},\"datePublished\":\"2022-08-09T15:16:24+00:00\",\"dateModified\":\"2025-11-06T15:57:47+00:00\",\"breadcrumb\":{\"@id\":\"https:\/\/icom.museum\/es\/involucrese\/proyectos-de-solidaridad-del-icom\/#breadcrumb\"},\"inLanguage\":\"es\",\"potentialAction\":[{\"@type\":\"ReadAction\",\"target\":[\"https:\/\/icom.museum\/es\/involucrese\/proyectos-de-solidaridad-del-icom\/\"]}]},{\"@type\":\"BreadcrumbList\",\"@id\":\"https:\/\/icom.museum\/es\/involucrese\/proyectos-de-solidaridad-del-icom\/#breadcrumb\",\"itemListElement\":[{\"@type\":\"ListItem\",\"position\":1,\"name\":\"Home\",\"item\":\"https:\/\/icom.museum\/es\/\"},{\"@type\":\"ListItem\",\"position\":2,\"name\":\"Invol\u00facrese\",\"item\":\"https:\/\/icom.museum\/es\/involucrese\/\"},{\"@type\":\"ListItem\",\"position\":3,\"name\":\"Proyectos del ICOM SAREC\"}]},{\"@type\":\"WebSite\",\"@id\":\"https:\/\/icom.museum\/en\/#website\",\"url\":\"https:\/\/icom.museum\/en\/\",\"name\":\"International Council of Museums\",\"description\":\"A global organisation of museums &amp; museum professionals committed to the promotion and protection of cultural heritage\",\"publisher\":{\"@id\":\"https:\/\/icom.museum\/en\/#organization\"},\"potentialAction\":[{\"@type\":\"SearchAction\",\"target\":{\"@type\":\"EntryPoint\",\"urlTemplate\":\"https:\/\/icom.museum\/en\/?s={search_term_string}\"},\"query-input\":{\"@type\":\"PropertyValueSpecification\",\"valueRequired\":true,\"valueName\":\"search_term_string\"}}],\"inLanguage\":\"es\"},{\"@type\":\"Organization\",\"@id\":\"https:\/\/icom.museum\/en\/#organization\",\"name\":\"International Council of Museums\",\"url\":\"https:\/\/icom.museum\/en\/\",\"logo\":{\"@type\":\"ImageObject\",\"inLanguage\":\"es\",\"@id\":\"https:\/\/icom.museum\/en\/#\/schema\/logo\/image\/\",\"url\":\"https:\/\/icom.museum\/wp-content\/uploads\/2018\/07\/ICOM_M_.jpg\",\"contentUrl\":\"https:\/\/icom.museum\/wp-content\/uploads\/2018\/07\/ICOM_M_.jpg\",\"width\":1721,\"height\":1721,\"caption\":\"International Council of Museums\"},\"image\":{\"@id\":\"https:\/\/icom.museum\/en\/#\/schema\/logo\/image\/\"}}]}<\/script>\n<!-- \/ Yoast SEO plugin. -->","yoast_head_json":{"title":"Proyectos del ICOM SAREC - International Council of Museums","robots":{"index":"index","follow":"follow","max-snippet":"max-snippet:-1","max-image-preview":"max-image-preview:large","max-video-preview":"max-video-preview:-1"},"canonical":"https:\/\/icom.museum\/es\/involucrese\/proyectos-de-solidaridad-del-icom\/","og_locale":"es_ES","og_type":"article","og_title":"Proyectos del ICOM SAREC - International Council of Museums","og_description":"Becas ICOM SAREC para proyectos especiales y proyectos solidarios Cada a\u00f1o, el ICOM establece unas directrices generales para facilitar la presentaci\u00f3n de candidaturas de los participantes. Las propuestas deben destacar la pertinencia de los proyectos para el plan estrat\u00e9gico del ICOM, la claridad de sus objetivos, la colaboraci\u00f3n con otras entidades, la innovaci\u00f3n y un [&hellip;]","og_url":"https:\/\/icom.museum\/es\/involucrese\/proyectos-de-solidaridad-del-icom\/","og_site_name":"International Council of Museums","article_modified_time":"2025-11-06T15:57:47+00:00","og_image":[{"url":"https:\/\/icom.museum\/wp-content\/uploads\/2023\/10\/Website-Article-1.jpg"}],"twitter_card":"summary_large_image","twitter_misc":{"Tiempo de lectura":"4 minutos"},"schema":{"@context":"https:\/\/schema.org","@graph":[{"@type":"WebPage","@id":"https:\/\/icom.museum\/es\/involucrese\/proyectos-de-solidaridad-del-icom\/","url":"https:\/\/icom.museum\/es\/involucrese\/proyectos-de-solidaridad-del-icom\/","name":"Proyectos del ICOM SAREC - International Council of Museums","isPartOf":{"@id":"https:\/\/icom.museum\/en\/#website"},"datePublished":"2022-08-09T15:16:24+00:00","dateModified":"2025-11-06T15:57:47+00:00","breadcrumb":{"@id":"https:\/\/icom.museum\/es\/involucrese\/proyectos-de-solidaridad-del-icom\/#breadcrumb"},"inLanguage":"es","potentialAction":[{"@type":"ReadAction","target":["https:\/\/icom.museum\/es\/involucrese\/proyectos-de-solidaridad-del-icom\/"]}]},{"@type":"BreadcrumbList","@id":"https:\/\/icom.museum\/es\/involucrese\/proyectos-de-solidaridad-del-icom\/#breadcrumb","itemListElement":[{"@type":"ListItem","position":1,"name":"Home","item":"https:\/\/icom.museum\/es\/"},{"@type":"ListItem","position":2,"name":"Invol\u00facrese","item":"https:\/\/icom.museum\/es\/involucrese\/"},{"@type":"ListItem","position":3,"name":"Proyectos del ICOM SAREC"}]},{"@type":"WebSite","@id":"https:\/\/icom.museum\/en\/#website","url":"https:\/\/icom.museum\/en\/","name":"International Council of Museums","description":"A global organisation of museums &amp; museum professionals committed to the promotion and protection of cultural heritage","publisher":{"@id":"https:\/\/icom.museum\/en\/#organization"},"potentialAction":[{"@type":"SearchAction","target":{"@type":"EntryPoint","urlTemplate":"https:\/\/icom.museum\/en\/?s={search_term_string}"},"query-input":{"@type":"PropertyValueSpecification","valueRequired":true,"valueName":"search_term_string"}}],"inLanguage":"es"},{"@type":"Organization","@id":"https:\/\/icom.museum\/en\/#organization","name":"International Council of Museums","url":"https:\/\/icom.museum\/en\/","logo":{"@type":"ImageObject","inLanguage":"es","@id":"https:\/\/icom.museum\/en\/#\/schema\/logo\/image\/","url":"https:\/\/icom.museum\/wp-content\/uploads\/2018\/07\/ICOM_M_.jpg","contentUrl":"https:\/\/icom.museum\/wp-content\/uploads\/2018\/07\/ICOM_M_.jpg","width":1721,"height":1721,"caption":"International Council of Museums"},"image":{"@id":"https:\/\/icom.museum\/en\/#\/schema\/logo\/image\/"}}]}},"_links":{"self":[{"href":"https:\/\/icom.museum\/es\/wp-json\/wp\/v2\/pages\/49349"}],"collection":[{"href":"https:\/\/icom.museum\/es\/wp-json\/wp\/v2\/pages"}],"about":[{"href":"https:\/\/icom.museum\/es\/wp-json\/wp\/v2\/types\/page"}],"author":[{"embeddable":true,"href":"https:\/\/icom.museum\/es\/wp-json\/wp\/v2\/users\/4"}],"replies":[{"embeddable":true,"href":"https:\/\/icom.museum\/es\/wp-json\/wp\/v2\/comments?post=49349"}],"version-history":[{"count":17,"href":"https:\/\/icom.museum\/es\/wp-json\/wp\/v2\/pages\/49349\/revisions"}],"predecessor-version":[{"id":66269,"href":"https:\/\/icom.museum\/es\/wp-json\/wp\/v2\/pages\/49349\/revisions\/66269"}],"up":[{"embeddable":true,"href":"https:\/\/icom.museum\/es\/wp-json\/wp\/v2\/pages\/6934"}],"wp:attachment":[{"href":"https:\/\/icom.museum\/es\/wp-json\/wp\/v2\/media?parent=49349"}],"curies":[{"name":"wp","href":"https:\/\/api.w.org\/{rel}","templated":true}]}}