{"id":5364,"date":"2018-05-23T08:24:40","date_gmt":"2018-05-23T08:24:40","guid":{"rendered":"http:\/\/icom.museum\/?page_id=5364"},"modified":"2025-11-19T16:41:02","modified_gmt":"2025-11-19T14:41:02","slug":"junta-directiva","status":"publish","type":"page","link":"https:\/\/icom.museum\/es\/sobre-nosotros\/junta-directiva\/","title":{"rendered":"Junta directiva"},"content":{"rendered":"<h2>La junta directiva es el \u00f3rgano de gobierno del ICOM<\/h2>\n<p>La junta directiva es el jefe electo de la Organizaci\u00f3n. Tiene la competencia de aplicar las estrategias definidas por la Asamblea General y de tomar las medidas necesarias para ejecutar las decisiones de la misma. La junta directiva vela por la buena gesti\u00f3n del ICOM. Supervisa sus diferentes recursos (financieros, humanos, intelectuales y t\u00e9cnicos) y el desarrollo de estos. Asimismo, se compromete a proteger la reputaci\u00f3n del ICOM, su prestigio internacional y su consideraci\u00f3n p\u00fablica, as\u00ed como brindar orientaci\u00f3n a la Secretar\u00eda.<\/p>\n<h3>_<\/h3>\n<h3>La Presidencia<\/h3>\n<p>El Presidente del ICOM es un representante eminente de la comunidad muse\u00edstica internacional. Se encarga de las relaciones institucionales de la organizaci\u00f3n. Garante de las orientaciones del ICOM, representa a la organizaci\u00f3n en todos los actos que la implican respecto a terceros. Delega la gesti\u00f3n de la organizaci\u00f3n al director general, quien se encarga del monitoreo cotidiano del ICOM. Tras la dimisi\u00f3n con efecto inmediato de Suay Aksoy, el presidenta electa del ICOM, el 19 de junio de 2020, la Junta Directiva del ICOM ha nombrado a Alberto Garlandini, uno de los dos vicepresidentes en ejercicio del ICOM, como nuevo presidente.<\/p>\n<p>&nbsp;<\/p>\n","protected":false},"excerpt":{"rendered":"<p>La junta directiva es el \u00f3rgano de gobierno del ICOM La junta directiva es el jefe electo de la Organizaci\u00f3n. Tiene la competencia de aplicar las estrategias definidas por la Asamblea General y de tomar las medidas necesarias para ejecutar las decisiones de la misma. La junta directiva vela por la buena gesti\u00f3n del ICOM. [&hellip;]<\/p>\n","protected":false},"author":10,"featured_media":0,"parent":5368,"menu_order":3,"comment_status":"closed","ping_status":"closed","template":"page-board.php","meta":{"inline_featured_image":false,"footnotes":""},"class_list":["post-5364","page","type-page","status-publish","hentry"],"acf":[],"yoast_head":"<!-- This site is optimized with the Yoast SEO plugin v23.7 - https:\/\/yoast.com\/wordpress\/plugins\/seo\/ -->\n<title>Junta directiva - International Council of Museums<\/title>\n<meta name=\"robots\" content=\"index, follow, max-snippet:-1, max-image-preview:large, max-video-preview:-1\" \/>\n<link rel=\"canonical\" href=\"https:\/\/icom.museum\/es\/sobre-nosotros\/junta-directiva\/\" \/>\n<meta property=\"og:locale\" content=\"es_ES\" \/>\n<meta property=\"og:type\" content=\"article\" \/>\n<meta property=\"og:title\" content=\"Junta directiva - International Council of Museums\" \/>\n<meta property=\"og:description\" content=\"La junta directiva es el \u00f3rgano de gobierno del ICOM La junta directiva es el jefe electo de la Organizaci\u00f3n. Tiene la competencia de aplicar las estrategias definidas por la Asamblea General y de tomar las medidas necesarias para ejecutar las decisiones de la misma. La junta directiva vela por la buena gesti\u00f3n del ICOM. [&hellip;]\" \/>\n<meta property=\"og:url\" content=\"https:\/\/icom.museum\/es\/sobre-nosotros\/junta-directiva\/\" \/>\n<meta property=\"og:site_name\" content=\"International Council of Museums\" \/>\n<meta property=\"article:modified_time\" content=\"2025-11-19T14:41:02+00:00\" \/>\n<meta property=\"og:image\" content=\"https:\/\/icom.museum\/wp-content\/uploads\/2025\/02\/ICOM-EB-Mucem.jpg\" \/>\n<meta name=\"twitter:card\" content=\"summary_large_image\" \/>\n<meta name=\"twitter:label1\" content=\"Tiempo de lectura\" \/>\n\t<meta name=\"twitter:data1\" content=\"1 minuto\" \/>\n<script type=\"application\/ld+json\" class=\"yoast-schema-graph\">{\"@context\":\"https:\/\/schema.org\",\"@graph\":[{\"@type\":\"WebPage\",\"@id\":\"https:\/\/icom.museum\/es\/sobre-nosotros\/junta-directiva\/\",\"url\":\"https:\/\/icom.museum\/es\/sobre-nosotros\/junta-directiva\/\",\"name\":\"Junta directiva - International Council of Museums\",\"isPartOf\":{\"@id\":\"https:\/\/icom.museum\/en\/#website\"},\"datePublished\":\"2018-05-23T08:24:40+00:00\",\"dateModified\":\"2025-11-19T14:41:02+00:00\",\"breadcrumb\":{\"@id\":\"https:\/\/icom.museum\/es\/sobre-nosotros\/junta-directiva\/#breadcrumb\"},\"inLanguage\":\"es\",\"potentialAction\":[{\"@type\":\"ReadAction\",\"target\":[\"https:\/\/icom.museum\/es\/sobre-nosotros\/junta-directiva\/\"]}]},{\"@type\":\"BreadcrumbList\",\"@id\":\"https:\/\/icom.museum\/es\/sobre-nosotros\/junta-directiva\/#breadcrumb\",\"itemListElement\":[{\"@type\":\"ListItem\",\"position\":1,\"name\":\"Home\",\"item\":\"https:\/\/icom.museum\/es\/\"},{\"@type\":\"ListItem\",\"position\":2,\"name\":\"Sobre nosotros\",\"item\":\"https:\/\/icom.museum\/es\/sobre-nosotros\/\"},{\"@type\":\"ListItem\",\"position\":3,\"name\":\"Junta directiva\"}]},{\"@type\":\"WebSite\",\"@id\":\"https:\/\/icom.museum\/en\/#website\",\"url\":\"https:\/\/icom.museum\/en\/\",\"name\":\"International Council of Museums\",\"description\":\"A global organisation of museums &amp; museum professionals committed to the promotion and protection of cultural heritage\",\"publisher\":{\"@id\":\"https:\/\/icom.museum\/en\/#organization\"},\"potentialAction\":[{\"@type\":\"SearchAction\",\"target\":{\"@type\":\"EntryPoint\",\"urlTemplate\":\"https:\/\/icom.museum\/en\/?s={search_term_string}\"},\"query-input\":{\"@type\":\"PropertyValueSpecification\",\"valueRequired\":true,\"valueName\":\"search_term_string\"}}],\"inLanguage\":\"es\"},{\"@type\":\"Organization\",\"@id\":\"https:\/\/icom.museum\/en\/#organization\",\"name\":\"International Council of Museums\",\"url\":\"https:\/\/icom.museum\/en\/\",\"logo\":{\"@type\":\"ImageObject\",\"inLanguage\":\"es\",\"@id\":\"https:\/\/icom.museum\/en\/#\/schema\/logo\/image\/\",\"url\":\"https:\/\/icom.museum\/wp-content\/uploads\/2018\/07\/ICOM_M_.jpg\",\"contentUrl\":\"https:\/\/icom.museum\/wp-content\/uploads\/2018\/07\/ICOM_M_.jpg\",\"width\":1721,\"height\":1721,\"caption\":\"International Council of Museums\"},\"image\":{\"@id\":\"https:\/\/icom.museum\/en\/#\/schema\/logo\/image\/\"}}]}<\/script>\n<!-- \/ Yoast SEO plugin. -->","yoast_head_json":{"title":"Junta directiva - International Council of Museums","robots":{"index":"index","follow":"follow","max-snippet":"max-snippet:-1","max-image-preview":"max-image-preview:large","max-video-preview":"max-video-preview:-1"},"canonical":"https:\/\/icom.museum\/es\/sobre-nosotros\/junta-directiva\/","og_locale":"es_ES","og_type":"article","og_title":"Junta directiva - International Council of Museums","og_description":"La junta directiva es el \u00f3rgano de gobierno del ICOM La junta directiva es el jefe electo de la Organizaci\u00f3n. Tiene la competencia de aplicar las estrategias definidas por la Asamblea General y de tomar las medidas necesarias para ejecutar las decisiones de la misma. La junta directiva vela por la buena gesti\u00f3n del ICOM. [&hellip;]","og_url":"https:\/\/icom.museum\/es\/sobre-nosotros\/junta-directiva\/","og_site_name":"International Council of Museums","article_modified_time":"2025-11-19T14:41:02+00:00","og_image":[{"url":"https:\/\/icom.museum\/wp-content\/uploads\/2025\/02\/ICOM-EB-Mucem.jpg"}],"twitter_card":"summary_large_image","twitter_misc":{"Tiempo de lectura":"1 minuto"},"schema":{"@context":"https:\/\/schema.org","@graph":[{"@type":"WebPage","@id":"https:\/\/icom.museum\/es\/sobre-nosotros\/junta-directiva\/","url":"https:\/\/icom.museum\/es\/sobre-nosotros\/junta-directiva\/","name":"Junta directiva - International Council of Museums","isPartOf":{"@id":"https:\/\/icom.museum\/en\/#website"},"datePublished":"2018-05-23T08:24:40+00:00","dateModified":"2025-11-19T14:41:02+00:00","breadcrumb":{"@id":"https:\/\/icom.museum\/es\/sobre-nosotros\/junta-directiva\/#breadcrumb"},"inLanguage":"es","potentialAction":[{"@type":"ReadAction","target":["https:\/\/icom.museum\/es\/sobre-nosotros\/junta-directiva\/"]}]},{"@type":"BreadcrumbList","@id":"https:\/\/icom.museum\/es\/sobre-nosotros\/junta-directiva\/#breadcrumb","itemListElement":[{"@type":"ListItem","position":1,"name":"Home","item":"https:\/\/icom.museum\/es\/"},{"@type":"ListItem","position":2,"name":"Sobre nosotros","item":"https:\/\/icom.museum\/es\/sobre-nosotros\/"},{"@type":"ListItem","position":3,"name":"Junta directiva"}]},{"@type":"WebSite","@id":"https:\/\/icom.museum\/en\/#website","url":"https:\/\/icom.museum\/en\/","name":"International Council of Museums","description":"A global organisation of museums &amp; museum professionals committed to the promotion and protection of cultural heritage","publisher":{"@id":"https:\/\/icom.museum\/en\/#organization"},"potentialAction":[{"@type":"SearchAction","target":{"@type":"EntryPoint","urlTemplate":"https:\/\/icom.museum\/en\/?s={search_term_string}"},"query-input":{"@type":"PropertyValueSpecification","valueRequired":true,"valueName":"search_term_string"}}],"inLanguage":"es"},{"@type":"Organization","@id":"https:\/\/icom.museum\/en\/#organization","name":"International Council of Museums","url":"https:\/\/icom.museum\/en\/","logo":{"@type":"ImageObject","inLanguage":"es","@id":"https:\/\/icom.museum\/en\/#\/schema\/logo\/image\/","url":"https:\/\/icom.museum\/wp-content\/uploads\/2018\/07\/ICOM_M_.jpg","contentUrl":"https:\/\/icom.museum\/wp-content\/uploads\/2018\/07\/ICOM_M_.jpg","width":1721,"height":1721,"caption":"International Council of Museums"},"image":{"@id":"https:\/\/icom.museum\/en\/#\/schema\/logo\/image\/"}}]}},"_links":{"self":[{"href":"https:\/\/icom.museum\/es\/wp-json\/wp\/v2\/pages\/5364"}],"collection":[{"href":"https:\/\/icom.museum\/es\/wp-json\/wp\/v2\/pages"}],"about":[{"href":"https:\/\/icom.museum\/es\/wp-json\/wp\/v2\/types\/page"}],"author":[{"embeddable":true,"href":"https:\/\/icom.museum\/es\/wp-json\/wp\/v2\/users\/10"}],"replies":[{"embeddable":true,"href":"https:\/\/icom.museum\/es\/wp-json\/wp\/v2\/comments?post=5364"}],"version-history":[{"count":30,"href":"https:\/\/icom.museum\/es\/wp-json\/wp\/v2\/pages\/5364\/revisions"}],"predecessor-version":[{"id":66581,"href":"https:\/\/icom.museum\/es\/wp-json\/wp\/v2\/pages\/5364\/revisions\/66581"}],"up":[{"embeddable":true,"href":"https:\/\/icom.museum\/es\/wp-json\/wp\/v2\/pages\/5368"}],"wp:attachment":[{"href":"https:\/\/icom.museum\/es\/wp-json\/wp\/v2\/media?parent=5364"}],"curies":[{"name":"wp","href":"https:\/\/api.w.org\/{rel}","templated":true}]}}