{"id":5366,"date":"2018-05-23T08:28:07","date_gmt":"2018-05-23T06:28:07","guid":{"rendered":"http:\/\/icom.museum\/?page_id=5366"},"modified":"2026-04-01T10:12:11","modified_gmt":"2026-04-01T08:12:11","slug":"la-secretaria-general","status":"publish","type":"page","link":"https:\/\/icom.museum\/es\/sobre-nosotros\/la-secretaria-general\/","title":{"rendered":"La Secretar\u00eda"},"content":{"rendered":"<p>El equipo internacional de la Secretar\u00eda, conformado por m\u00faltiples nacionalidades, ejecuta las decisiones tomadas por la Junta Directiva. Asimismo, se encarga de desempe\u00f1ar su labor en conformidad con el Plan Estrat\u00e9gico, coordinar las actividades de los Comit\u00e9s, gestionar los programas relacionados con las misiones del ICOM, as\u00ed como prestar sus servicios a los miembros de la organizaci\u00f3n.<\/p>\n<p><span class=\"link_blue\"><a style=\"font-family: Arial;\" href=\"https:\/\/icom.museum\/es\/contacto\/\"><b class=\"b3\">Cont\u00e1ctenos<\/b><\/a><\/span><\/p>\n","protected":false},"excerpt":{"rendered":"<p>El equipo internacional de la Secretar\u00eda, conformado por m\u00faltiples nacionalidades, ejecuta las decisiones tomadas por la Junta Directiva. Asimismo, se encarga de desempe\u00f1ar su labor en conformidad con el Plan Estrat\u00e9gico, coordinar las actividades de los Comit\u00e9s, gestionar los programas relacionados con las misiones del ICOM, as\u00ed como prestar sus servicios a los miembros de [&hellip;]<\/p>\n","protected":false},"author":10,"featured_media":0,"parent":5368,"menu_order":7,"comment_status":"closed","ping_status":"closed","template":"page-board.php","meta":{"inline_featured_image":false,"footnotes":""},"class_list":["post-5366","page","type-page","status-publish","hentry"],"acf":[],"yoast_head":"<!-- This site is optimized with the Yoast SEO plugin v23.7 - https:\/\/yoast.com\/wordpress\/plugins\/seo\/ -->\n<title>La Secretar\u00eda - International Council of Museums<\/title>\n<meta name=\"robots\" content=\"index, follow, max-snippet:-1, max-image-preview:large, max-video-preview:-1\" \/>\n<link rel=\"canonical\" href=\"https:\/\/icom.museum\/es\/sobre-nosotros\/la-secretaria-general\/\" \/>\n<meta property=\"og:locale\" content=\"es_ES\" \/>\n<meta property=\"og:type\" content=\"article\" \/>\n<meta property=\"og:title\" content=\"La Secretar\u00eda - International Council of Museums\" \/>\n<meta property=\"og:description\" content=\"El equipo internacional de la Secretar\u00eda, conformado por m\u00faltiples nacionalidades, ejecuta las decisiones tomadas por la Junta Directiva. Asimismo, se encarga de desempe\u00f1ar su labor en conformidad con el Plan Estrat\u00e9gico, coordinar las actividades de los Comit\u00e9s, gestionar los programas relacionados con las misiones del ICOM, as\u00ed como prestar sus servicios a los miembros de [&hellip;]\" \/>\n<meta property=\"og:url\" content=\"https:\/\/icom.museum\/es\/sobre-nosotros\/la-secretaria-general\/\" \/>\n<meta property=\"og:site_name\" content=\"International Council of Museums\" \/>\n<meta property=\"article:modified_time\" content=\"2026-04-01T08:12:11+00:00\" \/>\n<meta property=\"og:image\" content=\"https:\/\/icom.museum\/wp-content\/uploads\/2025\/02\/Secretariat-ICOM-Paris.jpg\" \/>\n<meta name=\"twitter:card\" content=\"summary_large_image\" \/>\n<meta name=\"twitter:label1\" content=\"Tiempo de lectura\" \/>\n\t<meta name=\"twitter:data1\" content=\"1 minuto\" \/>\n<script type=\"application\/ld+json\" class=\"yoast-schema-graph\">{\"@context\":\"https:\/\/schema.org\",\"@graph\":[{\"@type\":\"WebPage\",\"@id\":\"https:\/\/icom.museum\/es\/sobre-nosotros\/la-secretaria-general\/\",\"url\":\"https:\/\/icom.museum\/es\/sobre-nosotros\/la-secretaria-general\/\",\"name\":\"La Secretar\u00eda - International Council of Museums\",\"isPartOf\":{\"@id\":\"https:\/\/icom.museum\/en\/#website\"},\"datePublished\":\"2018-05-23T06:28:07+00:00\",\"dateModified\":\"2026-04-01T08:12:11+00:00\",\"breadcrumb\":{\"@id\":\"https:\/\/icom.museum\/es\/sobre-nosotros\/la-secretaria-general\/#breadcrumb\"},\"inLanguage\":\"es\",\"potentialAction\":[{\"@type\":\"ReadAction\",\"target\":[\"https:\/\/icom.museum\/es\/sobre-nosotros\/la-secretaria-general\/\"]}]},{\"@type\":\"BreadcrumbList\",\"@id\":\"https:\/\/icom.museum\/es\/sobre-nosotros\/la-secretaria-general\/#breadcrumb\",\"itemListElement\":[{\"@type\":\"ListItem\",\"position\":1,\"name\":\"Home\",\"item\":\"https:\/\/icom.museum\/es\/\"},{\"@type\":\"ListItem\",\"position\":2,\"name\":\"Sobre nosotros\",\"item\":\"https:\/\/icom.museum\/es\/sobre-nosotros\/\"},{\"@type\":\"ListItem\",\"position\":3,\"name\":\"La Secretar\u00eda\"}]},{\"@type\":\"WebSite\",\"@id\":\"https:\/\/icom.museum\/en\/#website\",\"url\":\"https:\/\/icom.museum\/en\/\",\"name\":\"International Council of Museums\",\"description\":\"A global organisation of museums &amp; museum professionals committed to the promotion and protection of cultural heritage\",\"publisher\":{\"@id\":\"https:\/\/icom.museum\/en\/#organization\"},\"potentialAction\":[{\"@type\":\"SearchAction\",\"target\":{\"@type\":\"EntryPoint\",\"urlTemplate\":\"https:\/\/icom.museum\/en\/?s={search_term_string}\"},\"query-input\":{\"@type\":\"PropertyValueSpecification\",\"valueRequired\":true,\"valueName\":\"search_term_string\"}}],\"inLanguage\":\"es\"},{\"@type\":\"Organization\",\"@id\":\"https:\/\/icom.museum\/en\/#organization\",\"name\":\"International Council of Museums\",\"url\":\"https:\/\/icom.museum\/en\/\",\"logo\":{\"@type\":\"ImageObject\",\"inLanguage\":\"es\",\"@id\":\"https:\/\/icom.museum\/en\/#\/schema\/logo\/image\/\",\"url\":\"https:\/\/icom.museum\/wp-content\/uploads\/2018\/07\/ICOM_M_.jpg\",\"contentUrl\":\"https:\/\/icom.museum\/wp-content\/uploads\/2018\/07\/ICOM_M_.jpg\",\"width\":1721,\"height\":1721,\"caption\":\"International Council of Museums\"},\"image\":{\"@id\":\"https:\/\/icom.museum\/en\/#\/schema\/logo\/image\/\"}}]}<\/script>\n<!-- \/ Yoast SEO plugin. -->","yoast_head_json":{"title":"La Secretar\u00eda - International Council of Museums","robots":{"index":"index","follow":"follow","max-snippet":"max-snippet:-1","max-image-preview":"max-image-preview:large","max-video-preview":"max-video-preview:-1"},"canonical":"https:\/\/icom.museum\/es\/sobre-nosotros\/la-secretaria-general\/","og_locale":"es_ES","og_type":"article","og_title":"La Secretar\u00eda - International Council of Museums","og_description":"El equipo internacional de la Secretar\u00eda, conformado por m\u00faltiples nacionalidades, ejecuta las decisiones tomadas por la Junta Directiva. Asimismo, se encarga de desempe\u00f1ar su labor en conformidad con el Plan Estrat\u00e9gico, coordinar las actividades de los Comit\u00e9s, gestionar los programas relacionados con las misiones del ICOM, as\u00ed como prestar sus servicios a los miembros de [&hellip;]","og_url":"https:\/\/icom.museum\/es\/sobre-nosotros\/la-secretaria-general\/","og_site_name":"International Council of Museums","article_modified_time":"2026-04-01T08:12:11+00:00","og_image":[{"url":"https:\/\/icom.museum\/wp-content\/uploads\/2025\/02\/Secretariat-ICOM-Paris.jpg"}],"twitter_card":"summary_large_image","twitter_misc":{"Tiempo de lectura":"1 minuto"},"schema":{"@context":"https:\/\/schema.org","@graph":[{"@type":"WebPage","@id":"https:\/\/icom.museum\/es\/sobre-nosotros\/la-secretaria-general\/","url":"https:\/\/icom.museum\/es\/sobre-nosotros\/la-secretaria-general\/","name":"La Secretar\u00eda - International Council of Museums","isPartOf":{"@id":"https:\/\/icom.museum\/en\/#website"},"datePublished":"2018-05-23T06:28:07+00:00","dateModified":"2026-04-01T08:12:11+00:00","breadcrumb":{"@id":"https:\/\/icom.museum\/es\/sobre-nosotros\/la-secretaria-general\/#breadcrumb"},"inLanguage":"es","potentialAction":[{"@type":"ReadAction","target":["https:\/\/icom.museum\/es\/sobre-nosotros\/la-secretaria-general\/"]}]},{"@type":"BreadcrumbList","@id":"https:\/\/icom.museum\/es\/sobre-nosotros\/la-secretaria-general\/#breadcrumb","itemListElement":[{"@type":"ListItem","position":1,"name":"Home","item":"https:\/\/icom.museum\/es\/"},{"@type":"ListItem","position":2,"name":"Sobre nosotros","item":"https:\/\/icom.museum\/es\/sobre-nosotros\/"},{"@type":"ListItem","position":3,"name":"La Secretar\u00eda"}]},{"@type":"WebSite","@id":"https:\/\/icom.museum\/en\/#website","url":"https:\/\/icom.museum\/en\/","name":"International Council of Museums","description":"A global organisation of museums &amp; museum professionals committed to the promotion and protection of cultural heritage","publisher":{"@id":"https:\/\/icom.museum\/en\/#organization"},"potentialAction":[{"@type":"SearchAction","target":{"@type":"EntryPoint","urlTemplate":"https:\/\/icom.museum\/en\/?s={search_term_string}"},"query-input":{"@type":"PropertyValueSpecification","valueRequired":true,"valueName":"search_term_string"}}],"inLanguage":"es"},{"@type":"Organization","@id":"https:\/\/icom.museum\/en\/#organization","name":"International Council of Museums","url":"https:\/\/icom.museum\/en\/","logo":{"@type":"ImageObject","inLanguage":"es","@id":"https:\/\/icom.museum\/en\/#\/schema\/logo\/image\/","url":"https:\/\/icom.museum\/wp-content\/uploads\/2018\/07\/ICOM_M_.jpg","contentUrl":"https:\/\/icom.museum\/wp-content\/uploads\/2018\/07\/ICOM_M_.jpg","width":1721,"height":1721,"caption":"International Council of Museums"},"image":{"@id":"https:\/\/icom.museum\/en\/#\/schema\/logo\/image\/"}}]}},"_links":{"self":[{"href":"https:\/\/icom.museum\/es\/wp-json\/wp\/v2\/pages\/5366"}],"collection":[{"href":"https:\/\/icom.museum\/es\/wp-json\/wp\/v2\/pages"}],"about":[{"href":"https:\/\/icom.museum\/es\/wp-json\/wp\/v2\/types\/page"}],"author":[{"embeddable":true,"href":"https:\/\/icom.museum\/es\/wp-json\/wp\/v2\/users\/10"}],"replies":[{"embeddable":true,"href":"https:\/\/icom.museum\/es\/wp-json\/wp\/v2\/comments?post=5366"}],"version-history":[{"count":106,"href":"https:\/\/icom.museum\/es\/wp-json\/wp\/v2\/pages\/5366\/revisions"}],"predecessor-version":[{"id":67831,"href":"https:\/\/icom.museum\/es\/wp-json\/wp\/v2\/pages\/5366\/revisions\/67831"}],"up":[{"embeddable":true,"href":"https:\/\/icom.museum\/es\/wp-json\/wp\/v2\/pages\/5368"}],"wp:attachment":[{"href":"https:\/\/icom.museum\/es\/wp-json\/wp\/v2\/media?parent=5366"}],"curies":[{"name":"wp","href":"https:\/\/api.w.org\/{rel}","templated":true}]}}