{"id":5371,"date":"2018-05-23T08:54:35","date_gmt":"2018-05-23T08:54:35","guid":{"rendered":"http:\/\/icom.museum\/?page_id=5371"},"modified":"2025-11-18T13:37:48","modified_gmt":"2025-11-18T11:37:48","slug":"la-asamblea-general","status":"publish","type":"page","link":"https:\/\/icom.museum\/es\/sobre-nosotros\/la-asamblea-general\/","title":{"rendered":"La Asamblea General"},"content":{"rendered":"<h2 class=\"headline\">La Asamblea General es el principal \u00f3rgano decisorio del ICOM y garantiza la representaci\u00f3n de la comunidad muse\u00edstica mundial a trav\u00e9s de sus Comit\u00e9s Nacionales e Internacionales, Alianzas Regionales y Organizaciones Afiliadas.<\/h2>\n<p>Reunida anualmente, la Asamblea General aborda cuestiones cr\u00edticas, adopta planes estrat\u00e9gicos y vota resoluciones que afectan al sector muse\u00edstico en todo el mundo.<\/p>\n<p><strong>Miembros del ICOM: visiten el sitio web <a href=\"https:\/\/agora.icom.museum\/\">Agora<\/a>\u00a0para obtener m\u00e1s informaci\u00f3n.<\/strong><\/p>\n<div class=\"separator\">\n<p><strong>Logros<\/strong><\/p>\n<\/div>\n<p>Uno de los logros significativos de la Asamblea General es la adopci\u00f3n de la nueva definici\u00f3n de museo, que refleja los retos y expectativas contempor\u00e1neos de los museos. Aprobada durante la Asamblea General Extraordinaria de 2022, la <span style=\"text-decoration: underline;\">nueva definici\u00f3n<\/span> hace hincapi\u00e9 en la inclusividad, la participaci\u00f3n de la comunidad y la sostenibilidad:<\/p>\n<blockquote><p>\u201cUn museo es una instituci\u00f3n sin \u00e1nimo de lucro, permanente y al servicio de la sociedad, que investiga, colecciona, conserva, interpreta y exhibe el patrimonio material e inmaterial. Abiertos al p\u00fablico, accesibles e inclusivos, los museos fomentan la diversidad y la sostenibilidad. Con la participaci\u00f3n de las comunidades, los museos operan y comunican \u00e9tica y profesionalmente, ofreciendo experiencias variadas para la educaci\u00f3n, el disfrute, la reflexi\u00f3n y el intercambio de conocimientos.\u201d<\/p><\/blockquote>\n<p>Esta definici\u00f3n fue el resultado de un amplio proceso participativo de 18 meses en el que intervinieron profesionales de 126 Comit\u00e9s Nacionales, lo que demuestra el compromiso del ICOM con la transparencia y la inclusi\u00f3n.<\/p>\n<div class=\"separator\">\n<p><strong>Resoluciones y Estatutos<\/strong><\/p>\n<\/div>\n<p>Las resoluciones adoptadas por la Asamblea General son fundamentales para configurar las pr\u00e1cticas muse\u00edsticas mundiales. Por ejemplo, la 34\u00aa Asamblea General, celebrada en Kioto en 2019, aprob\u00f3 varias resoluciones clave, entre ellas compromisos con la sostenibilidad (en consonancia con la Agenda 2030), la integraci\u00f3n de los museos asi\u00e1ticos en la comunidad del ICOM y el papel de los museos como centros culturales.<\/p>\n<p>Adem\u00e1s, los <span style=\"text-decoration: underline;\">estatutos del ICOM<\/span>, recogidos en su sitio web, proporcionan un marco estructural y operativo para la organizaci\u00f3n. Definen las funciones y responsabilidades de la Asamblea General, incluida la elecci\u00f3n del Presidente y la Junta Ejecutiva, y la aprobaci\u00f3n de las recomendaciones del Consejo Consultivo y otros \u00f3rganos del ICOM.<\/p>\n<div class=\"separator\">\n<p><strong>Planificaci\u00f3n estrat\u00e9gica y gobernanza<\/strong><\/p>\n<\/div>\n<p>La Asamblea General tambi\u00e9n desempe\u00f1a un papel fundamental en la planificaci\u00f3n estrat\u00e9gica del ICOM. En la 37\u00aa Asamblea General Ordinaria, celebrada en Praga en 2022, los miembros votaron el <span style=\"text-decoration: underline;\">Plan Estrat\u00e9gico 2022-2028<\/span> del ICOM, que esboza las prioridades e iniciativas de la organizaci\u00f3n para los pr\u00f3ximos a\u00f1os. Entre ellas figuran la mejora de las pr\u00e1cticas muse\u00edsticas a escala mundial, la defensa de la protecci\u00f3n del patrimonio y el fomento de la cooperaci\u00f3n internacional.<\/p>\n<div class=\"separator\">\n<p><strong>Participaci\u00f3n<\/strong><\/p>\n<\/div>\n<p>La naturaleza participativa de los procesos del ICOM garantiza que se escuchen las voces de diversos or\u00edgenes culturales y geogr\u00e1ficos. Este enfoque no s\u00f3lo democratiza la toma de decisiones, sino que tambi\u00e9n enriquece el di\u00e1logo mundial sobre las pr\u00e1cticas y pol\u00edticas muse\u00edsticas.<\/p>\n<p>La Asamblea General del ICOM vela por que el ICOM siga respondiendo a las necesidades cambiantes de la comunidad muse\u00edstica mundial, fomentando un sector del patrimonio cultural sostenible e integrador.<\/p>\n","protected":false},"excerpt":{"rendered":"<p>La Asamblea General es el principal \u00f3rgano decisorio del ICOM y garantiza la representaci\u00f3n de la comunidad muse\u00edstica mundial a trav\u00e9s de sus Comit\u00e9s Nacionales e Internacionales, Alianzas Regionales y Organizaciones Afiliadas. Reunida anualmente, la Asamblea General aborda cuestiones cr\u00edticas, adopta planes estrat\u00e9gicos y vota resoluciones que afectan al sector muse\u00edstico en todo el mundo. [&hellip;]<\/p>\n","protected":false},"author":10,"featured_media":0,"parent":5368,"menu_order":5,"comment_status":"closed","ping_status":"closed","template":"","meta":{"inline_featured_image":false,"footnotes":""},"class_list":["post-5371","page","type-page","status-publish","hentry"],"acf":[],"yoast_head":"<!-- This site is optimized with the Yoast SEO plugin v23.7 - https:\/\/yoast.com\/wordpress\/plugins\/seo\/ -->\n<title>La Asamblea General - International Council of Museums<\/title>\n<meta name=\"robots\" content=\"index, follow, max-snippet:-1, max-image-preview:large, max-video-preview:-1\" \/>\n<link rel=\"canonical\" href=\"https:\/\/icom.museum\/es\/sobre-nosotros\/la-asamblea-general\/\" \/>\n<meta property=\"og:locale\" content=\"es_ES\" \/>\n<meta property=\"og:type\" content=\"article\" \/>\n<meta property=\"og:title\" content=\"La Asamblea General - International Council of Museums\" \/>\n<meta property=\"og:description\" content=\"La Asamblea General es el principal \u00f3rgano decisorio del ICOM y garantiza la representaci\u00f3n de la comunidad muse\u00edstica mundial a trav\u00e9s de sus Comit\u00e9s Nacionales e Internacionales, Alianzas Regionales y Organizaciones Afiliadas. Reunida anualmente, la Asamblea General aborda cuestiones cr\u00edticas, adopta planes estrat\u00e9gicos y vota resoluciones que afectan al sector muse\u00edstico en todo el mundo. [&hellip;]\" \/>\n<meta property=\"og:url\" content=\"https:\/\/icom.museum\/es\/sobre-nosotros\/la-asamblea-general\/\" \/>\n<meta property=\"og:site_name\" content=\"International Council of Museums\" \/>\n<meta property=\"article:modified_time\" content=\"2025-11-18T11:37:48+00:00\" \/>\n<meta property=\"og:image\" content=\"https:\/\/icom.museum\/wp-content\/uploads\/2025\/11\/DAY3_ICOM-2676-scaled.jpg\" \/>\n<meta name=\"twitter:card\" content=\"summary_large_image\" \/>\n<meta name=\"twitter:label1\" content=\"Tiempo de lectura\" \/>\n\t<meta name=\"twitter:data1\" content=\"2 minutos\" \/>\n<script type=\"application\/ld+json\" class=\"yoast-schema-graph\">{\"@context\":\"https:\/\/schema.org\",\"@graph\":[{\"@type\":\"WebPage\",\"@id\":\"https:\/\/icom.museum\/es\/sobre-nosotros\/la-asamblea-general\/\",\"url\":\"https:\/\/icom.museum\/es\/sobre-nosotros\/la-asamblea-general\/\",\"name\":\"La Asamblea General - International Council of Museums\",\"isPartOf\":{\"@id\":\"https:\/\/icom.museum\/en\/#website\"},\"datePublished\":\"2018-05-23T08:54:35+00:00\",\"dateModified\":\"2025-11-18T11:37:48+00:00\",\"breadcrumb\":{\"@id\":\"https:\/\/icom.museum\/es\/sobre-nosotros\/la-asamblea-general\/#breadcrumb\"},\"inLanguage\":\"es\",\"potentialAction\":[{\"@type\":\"ReadAction\",\"target\":[\"https:\/\/icom.museum\/es\/sobre-nosotros\/la-asamblea-general\/\"]}]},{\"@type\":\"BreadcrumbList\",\"@id\":\"https:\/\/icom.museum\/es\/sobre-nosotros\/la-asamblea-general\/#breadcrumb\",\"itemListElement\":[{\"@type\":\"ListItem\",\"position\":1,\"name\":\"Home\",\"item\":\"https:\/\/icom.museum\/es\/\"},{\"@type\":\"ListItem\",\"position\":2,\"name\":\"Sobre nosotros\",\"item\":\"https:\/\/icom.museum\/es\/sobre-nosotros\/\"},{\"@type\":\"ListItem\",\"position\":3,\"name\":\"La Asamblea General\"}]},{\"@type\":\"WebSite\",\"@id\":\"https:\/\/icom.museum\/en\/#website\",\"url\":\"https:\/\/icom.museum\/en\/\",\"name\":\"International Council of Museums\",\"description\":\"A global organisation of museums &amp; museum professionals committed to the promotion and protection of cultural heritage\",\"publisher\":{\"@id\":\"https:\/\/icom.museum\/en\/#organization\"},\"potentialAction\":[{\"@type\":\"SearchAction\",\"target\":{\"@type\":\"EntryPoint\",\"urlTemplate\":\"https:\/\/icom.museum\/en\/?s={search_term_string}\"},\"query-input\":{\"@type\":\"PropertyValueSpecification\",\"valueRequired\":true,\"valueName\":\"search_term_string\"}}],\"inLanguage\":\"es\"},{\"@type\":\"Organization\",\"@id\":\"https:\/\/icom.museum\/en\/#organization\",\"name\":\"International Council of Museums\",\"url\":\"https:\/\/icom.museum\/en\/\",\"logo\":{\"@type\":\"ImageObject\",\"inLanguage\":\"es\",\"@id\":\"https:\/\/icom.museum\/en\/#\/schema\/logo\/image\/\",\"url\":\"https:\/\/icom.museum\/wp-content\/uploads\/2018\/07\/ICOM_M_.jpg\",\"contentUrl\":\"https:\/\/icom.museum\/wp-content\/uploads\/2018\/07\/ICOM_M_.jpg\",\"width\":1721,\"height\":1721,\"caption\":\"International Council of Museums\"},\"image\":{\"@id\":\"https:\/\/icom.museum\/en\/#\/schema\/logo\/image\/\"}}]}<\/script>\n<!-- \/ Yoast SEO plugin. -->","yoast_head_json":{"title":"La Asamblea General - International Council of Museums","robots":{"index":"index","follow":"follow","max-snippet":"max-snippet:-1","max-image-preview":"max-image-preview:large","max-video-preview":"max-video-preview:-1"},"canonical":"https:\/\/icom.museum\/es\/sobre-nosotros\/la-asamblea-general\/","og_locale":"es_ES","og_type":"article","og_title":"La Asamblea General - International Council of Museums","og_description":"La Asamblea General es el principal \u00f3rgano decisorio del ICOM y garantiza la representaci\u00f3n de la comunidad muse\u00edstica mundial a trav\u00e9s de sus Comit\u00e9s Nacionales e Internacionales, Alianzas Regionales y Organizaciones Afiliadas. Reunida anualmente, la Asamblea General aborda cuestiones cr\u00edticas, adopta planes estrat\u00e9gicos y vota resoluciones que afectan al sector muse\u00edstico en todo el mundo. [&hellip;]","og_url":"https:\/\/icom.museum\/es\/sobre-nosotros\/la-asamblea-general\/","og_site_name":"International Council of Museums","article_modified_time":"2025-11-18T11:37:48+00:00","og_image":[{"url":"https:\/\/icom.museum\/wp-content\/uploads\/2025\/11\/DAY3_ICOM-2676-scaled.jpg"}],"twitter_card":"summary_large_image","twitter_misc":{"Tiempo de lectura":"2 minutos"},"schema":{"@context":"https:\/\/schema.org","@graph":[{"@type":"WebPage","@id":"https:\/\/icom.museum\/es\/sobre-nosotros\/la-asamblea-general\/","url":"https:\/\/icom.museum\/es\/sobre-nosotros\/la-asamblea-general\/","name":"La Asamblea General - International Council of Museums","isPartOf":{"@id":"https:\/\/icom.museum\/en\/#website"},"datePublished":"2018-05-23T08:54:35+00:00","dateModified":"2025-11-18T11:37:48+00:00","breadcrumb":{"@id":"https:\/\/icom.museum\/es\/sobre-nosotros\/la-asamblea-general\/#breadcrumb"},"inLanguage":"es","potentialAction":[{"@type":"ReadAction","target":["https:\/\/icom.museum\/es\/sobre-nosotros\/la-asamblea-general\/"]}]},{"@type":"BreadcrumbList","@id":"https:\/\/icom.museum\/es\/sobre-nosotros\/la-asamblea-general\/#breadcrumb","itemListElement":[{"@type":"ListItem","position":1,"name":"Home","item":"https:\/\/icom.museum\/es\/"},{"@type":"ListItem","position":2,"name":"Sobre nosotros","item":"https:\/\/icom.museum\/es\/sobre-nosotros\/"},{"@type":"ListItem","position":3,"name":"La Asamblea General"}]},{"@type":"WebSite","@id":"https:\/\/icom.museum\/en\/#website","url":"https:\/\/icom.museum\/en\/","name":"International Council of Museums","description":"A global organisation of museums &amp; museum professionals committed to the promotion and protection of cultural heritage","publisher":{"@id":"https:\/\/icom.museum\/en\/#organization"},"potentialAction":[{"@type":"SearchAction","target":{"@type":"EntryPoint","urlTemplate":"https:\/\/icom.museum\/en\/?s={search_term_string}"},"query-input":{"@type":"PropertyValueSpecification","valueRequired":true,"valueName":"search_term_string"}}],"inLanguage":"es"},{"@type":"Organization","@id":"https:\/\/icom.museum\/en\/#organization","name":"International Council of Museums","url":"https:\/\/icom.museum\/en\/","logo":{"@type":"ImageObject","inLanguage":"es","@id":"https:\/\/icom.museum\/en\/#\/schema\/logo\/image\/","url":"https:\/\/icom.museum\/wp-content\/uploads\/2018\/07\/ICOM_M_.jpg","contentUrl":"https:\/\/icom.museum\/wp-content\/uploads\/2018\/07\/ICOM_M_.jpg","width":1721,"height":1721,"caption":"International Council of Museums"},"image":{"@id":"https:\/\/icom.museum\/en\/#\/schema\/logo\/image\/"}}]}},"_links":{"self":[{"href":"https:\/\/icom.museum\/es\/wp-json\/wp\/v2\/pages\/5371"}],"collection":[{"href":"https:\/\/icom.museum\/es\/wp-json\/wp\/v2\/pages"}],"about":[{"href":"https:\/\/icom.museum\/es\/wp-json\/wp\/v2\/types\/page"}],"author":[{"embeddable":true,"href":"https:\/\/icom.museum\/es\/wp-json\/wp\/v2\/users\/10"}],"replies":[{"embeddable":true,"href":"https:\/\/icom.museum\/es\/wp-json\/wp\/v2\/comments?post=5371"}],"version-history":[{"count":20,"href":"https:\/\/icom.museum\/es\/wp-json\/wp\/v2\/pages\/5371\/revisions"}],"predecessor-version":[{"id":66390,"href":"https:\/\/icom.museum\/es\/wp-json\/wp\/v2\/pages\/5371\/revisions\/66390"}],"up":[{"embeddable":true,"href":"https:\/\/icom.museum\/es\/wp-json\/wp\/v2\/pages\/5368"}],"wp:attachment":[{"href":"https:\/\/icom.museum\/es\/wp-json\/wp\/v2\/media?parent=5371"}],"curies":[{"name":"wp","href":"https:\/\/api.w.org\/{rel}","templated":true}]}}