{"id":5375,"date":"2018-05-23T08:57:28","date_gmt":"2018-05-23T08:57:28","guid":{"rendered":"http:\/\/icom.museum\/?page_id=5375"},"modified":"2025-11-18T13:11:02","modified_gmt":"2025-11-18T11:11:02","slug":"consejo-consultivo","status":"publish","type":"page","link":"https:\/\/icom.museum\/es\/sobre-nosotros\/consejo-consultivo\/","title":{"rendered":"Consejo consultivo"},"content":{"rendered":"<h2>El consejo consultivo es el \u00f3rgano de consulta del ICOM. Est\u00e1 integrado por los Presidentes (o sus designados representantes) de los Comit\u00e9s Nacionales e Internacionales, de las Alianzas Regionales y de las Organizaciones Afiliadas.<\/h2>\n<p>El consejo consultivo asesora a la junta directiva y a la Asamblea General sobre cuestiones de inter\u00e9s general relativas a las pol\u00edticas, programas, procedimientos y finanzas del ICOM.<\/p>\n<p><strong>Yvonne Ploum<\/strong> (Pa\u00edses Bajos) y <strong>Eunice B\u00e1ez S\u00e1nchez<\/strong> (Costa Rica) ocupan actualmente los cargos de presidenta y vicepresidenta del Consejo Consultivo. Fueron elegidas durante la 99\u00aa Sesi\u00f3n del Consejo Consultivo, que se celebr\u00f3 en el marco de la 27\u00aa Conferencia General de ICOM en Dub\u00e1i.<\/p>\n<p>Para conocer las \u00faltimas noticias sobre el consejo consultivo, acceda a su \u00e1rea de miembros.<\/p>\n<p><span class=\"link_black\"><a href=\"https:\/\/icom.museum\/es\/member\/\">Area de miembros<\/a><\/span><\/p>\n<p>En la foto: La Presidenta Yvonne Ploum (izquierda) y la Vicepresidenta Eunice B\u00e1ez S\u00e1nchez (derecha) del Consejo Consultivo.<\/p>\n","protected":false},"excerpt":{"rendered":"<p>El consejo consultivo es el \u00f3rgano de consulta del ICOM. Est\u00e1 integrado por los Presidentes (o sus designados representantes) de los Comit\u00e9s Nacionales e Internacionales, de las Alianzas Regionales y de las Organizaciones Afiliadas. El consejo consultivo asesora a la junta directiva y a la Asamblea General sobre cuestiones de inter\u00e9s general relativas a las [&hellip;]<\/p>\n","protected":false},"author":10,"featured_media":0,"parent":5368,"menu_order":6,"comment_status":"closed","ping_status":"closed","template":"","meta":{"inline_featured_image":false,"footnotes":""},"class_list":["post-5375","page","type-page","status-publish","hentry"],"acf":[],"yoast_head":"<!-- This site is optimized with the Yoast SEO plugin v23.7 - https:\/\/yoast.com\/wordpress\/plugins\/seo\/ -->\n<title>Consejo consultivo - International Council of Museums<\/title>\n<meta name=\"robots\" content=\"index, follow, max-snippet:-1, max-image-preview:large, max-video-preview:-1\" \/>\n<link rel=\"canonical\" href=\"https:\/\/icom.museum\/es\/sobre-nosotros\/consejo-consultivo\/\" \/>\n<meta property=\"og:locale\" content=\"es_ES\" \/>\n<meta property=\"og:type\" content=\"article\" \/>\n<meta property=\"og:title\" content=\"Consejo consultivo - International Council of Museums\" \/>\n<meta property=\"og:description\" content=\"El consejo consultivo es el \u00f3rgano de consulta del ICOM. Est\u00e1 integrado por los Presidentes (o sus designados representantes) de los Comit\u00e9s Nacionales e Internacionales, de las Alianzas Regionales y de las Organizaciones Afiliadas. El consejo consultivo asesora a la junta directiva y a la Asamblea General sobre cuestiones de inter\u00e9s general relativas a las [&hellip;]\" \/>\n<meta property=\"og:url\" content=\"https:\/\/icom.museum\/es\/sobre-nosotros\/consejo-consultivo\/\" \/>\n<meta property=\"og:site_name\" content=\"International Council of Museums\" \/>\n<meta property=\"article:modified_time\" content=\"2025-11-18T11:11:02+00:00\" \/>\n<meta property=\"og:image\" content=\"https:\/\/icom.museum\/wp-content\/uploads\/2025\/11\/Website-Article-6.jpg\" \/>\n<meta name=\"twitter:card\" content=\"summary_large_image\" \/>\n<meta name=\"twitter:label1\" content=\"Tiempo de lectura\" \/>\n\t<meta name=\"twitter:data1\" content=\"1 minuto\" \/>\n<script type=\"application\/ld+json\" class=\"yoast-schema-graph\">{\"@context\":\"https:\/\/schema.org\",\"@graph\":[{\"@type\":\"WebPage\",\"@id\":\"https:\/\/icom.museum\/es\/sobre-nosotros\/consejo-consultivo\/\",\"url\":\"https:\/\/icom.museum\/es\/sobre-nosotros\/consejo-consultivo\/\",\"name\":\"Consejo consultivo - International Council of Museums\",\"isPartOf\":{\"@id\":\"https:\/\/icom.museum\/en\/#website\"},\"datePublished\":\"2018-05-23T08:57:28+00:00\",\"dateModified\":\"2025-11-18T11:11:02+00:00\",\"breadcrumb\":{\"@id\":\"https:\/\/icom.museum\/es\/sobre-nosotros\/consejo-consultivo\/#breadcrumb\"},\"inLanguage\":\"es\",\"potentialAction\":[{\"@type\":\"ReadAction\",\"target\":[\"https:\/\/icom.museum\/es\/sobre-nosotros\/consejo-consultivo\/\"]}]},{\"@type\":\"BreadcrumbList\",\"@id\":\"https:\/\/icom.museum\/es\/sobre-nosotros\/consejo-consultivo\/#breadcrumb\",\"itemListElement\":[{\"@type\":\"ListItem\",\"position\":1,\"name\":\"Home\",\"item\":\"https:\/\/icom.museum\/es\/\"},{\"@type\":\"ListItem\",\"position\":2,\"name\":\"Sobre nosotros\",\"item\":\"https:\/\/icom.museum\/es\/sobre-nosotros\/\"},{\"@type\":\"ListItem\",\"position\":3,\"name\":\"Consejo consultivo\"}]},{\"@type\":\"WebSite\",\"@id\":\"https:\/\/icom.museum\/en\/#website\",\"url\":\"https:\/\/icom.museum\/en\/\",\"name\":\"International Council of Museums\",\"description\":\"A global organisation of museums &amp; museum professionals committed to the promotion and protection of cultural heritage\",\"publisher\":{\"@id\":\"https:\/\/icom.museum\/en\/#organization\"},\"potentialAction\":[{\"@type\":\"SearchAction\",\"target\":{\"@type\":\"EntryPoint\",\"urlTemplate\":\"https:\/\/icom.museum\/en\/?s={search_term_string}\"},\"query-input\":{\"@type\":\"PropertyValueSpecification\",\"valueRequired\":true,\"valueName\":\"search_term_string\"}}],\"inLanguage\":\"es\"},{\"@type\":\"Organization\",\"@id\":\"https:\/\/icom.museum\/en\/#organization\",\"name\":\"International Council of Museums\",\"url\":\"https:\/\/icom.museum\/en\/\",\"logo\":{\"@type\":\"ImageObject\",\"inLanguage\":\"es\",\"@id\":\"https:\/\/icom.museum\/en\/#\/schema\/logo\/image\/\",\"url\":\"https:\/\/icom.museum\/wp-content\/uploads\/2018\/07\/ICOM_M_.jpg\",\"contentUrl\":\"https:\/\/icom.museum\/wp-content\/uploads\/2018\/07\/ICOM_M_.jpg\",\"width\":1721,\"height\":1721,\"caption\":\"International Council of Museums\"},\"image\":{\"@id\":\"https:\/\/icom.museum\/en\/#\/schema\/logo\/image\/\"}}]}<\/script>\n<!-- \/ Yoast SEO plugin. -->","yoast_head_json":{"title":"Consejo consultivo - International Council of Museums","robots":{"index":"index","follow":"follow","max-snippet":"max-snippet:-1","max-image-preview":"max-image-preview:large","max-video-preview":"max-video-preview:-1"},"canonical":"https:\/\/icom.museum\/es\/sobre-nosotros\/consejo-consultivo\/","og_locale":"es_ES","og_type":"article","og_title":"Consejo consultivo - International Council of Museums","og_description":"El consejo consultivo es el \u00f3rgano de consulta del ICOM. Est\u00e1 integrado por los Presidentes (o sus designados representantes) de los Comit\u00e9s Nacionales e Internacionales, de las Alianzas Regionales y de las Organizaciones Afiliadas. El consejo consultivo asesora a la junta directiva y a la Asamblea General sobre cuestiones de inter\u00e9s general relativas a las [&hellip;]","og_url":"https:\/\/icom.museum\/es\/sobre-nosotros\/consejo-consultivo\/","og_site_name":"International Council of Museums","article_modified_time":"2025-11-18T11:11:02+00:00","og_image":[{"url":"https:\/\/icom.museum\/wp-content\/uploads\/2025\/11\/Website-Article-6.jpg"}],"twitter_card":"summary_large_image","twitter_misc":{"Tiempo de lectura":"1 minuto"},"schema":{"@context":"https:\/\/schema.org","@graph":[{"@type":"WebPage","@id":"https:\/\/icom.museum\/es\/sobre-nosotros\/consejo-consultivo\/","url":"https:\/\/icom.museum\/es\/sobre-nosotros\/consejo-consultivo\/","name":"Consejo consultivo - International Council of Museums","isPartOf":{"@id":"https:\/\/icom.museum\/en\/#website"},"datePublished":"2018-05-23T08:57:28+00:00","dateModified":"2025-11-18T11:11:02+00:00","breadcrumb":{"@id":"https:\/\/icom.museum\/es\/sobre-nosotros\/consejo-consultivo\/#breadcrumb"},"inLanguage":"es","potentialAction":[{"@type":"ReadAction","target":["https:\/\/icom.museum\/es\/sobre-nosotros\/consejo-consultivo\/"]}]},{"@type":"BreadcrumbList","@id":"https:\/\/icom.museum\/es\/sobre-nosotros\/consejo-consultivo\/#breadcrumb","itemListElement":[{"@type":"ListItem","position":1,"name":"Home","item":"https:\/\/icom.museum\/es\/"},{"@type":"ListItem","position":2,"name":"Sobre nosotros","item":"https:\/\/icom.museum\/es\/sobre-nosotros\/"},{"@type":"ListItem","position":3,"name":"Consejo consultivo"}]},{"@type":"WebSite","@id":"https:\/\/icom.museum\/en\/#website","url":"https:\/\/icom.museum\/en\/","name":"International Council of Museums","description":"A global organisation of museums &amp; museum professionals committed to the promotion and protection of cultural heritage","publisher":{"@id":"https:\/\/icom.museum\/en\/#organization"},"potentialAction":[{"@type":"SearchAction","target":{"@type":"EntryPoint","urlTemplate":"https:\/\/icom.museum\/en\/?s={search_term_string}"},"query-input":{"@type":"PropertyValueSpecification","valueRequired":true,"valueName":"search_term_string"}}],"inLanguage":"es"},{"@type":"Organization","@id":"https:\/\/icom.museum\/en\/#organization","name":"International Council of Museums","url":"https:\/\/icom.museum\/en\/","logo":{"@type":"ImageObject","inLanguage":"es","@id":"https:\/\/icom.museum\/en\/#\/schema\/logo\/image\/","url":"https:\/\/icom.museum\/wp-content\/uploads\/2018\/07\/ICOM_M_.jpg","contentUrl":"https:\/\/icom.museum\/wp-content\/uploads\/2018\/07\/ICOM_M_.jpg","width":1721,"height":1721,"caption":"International Council of Museums"},"image":{"@id":"https:\/\/icom.museum\/en\/#\/schema\/logo\/image\/"}}]}},"_links":{"self":[{"href":"https:\/\/icom.museum\/es\/wp-json\/wp\/v2\/pages\/5375"}],"collection":[{"href":"https:\/\/icom.museum\/es\/wp-json\/wp\/v2\/pages"}],"about":[{"href":"https:\/\/icom.museum\/es\/wp-json\/wp\/v2\/types\/page"}],"author":[{"embeddable":true,"href":"https:\/\/icom.museum\/es\/wp-json\/wp\/v2\/users\/10"}],"replies":[{"embeddable":true,"href":"https:\/\/icom.museum\/es\/wp-json\/wp\/v2\/comments?post=5375"}],"version-history":[{"count":23,"href":"https:\/\/icom.museum\/es\/wp-json\/wp\/v2\/pages\/5375\/revisions"}],"predecessor-version":[{"id":66381,"href":"https:\/\/icom.museum\/es\/wp-json\/wp\/v2\/pages\/5375\/revisions\/66381"}],"up":[{"embeddable":true,"href":"https:\/\/icom.museum\/es\/wp-json\/wp\/v2\/pages\/5368"}],"wp:attachment":[{"href":"https:\/\/icom.museum\/es\/wp-json\/wp\/v2\/media?parent=5375"}],"curies":[{"name":"wp","href":"https:\/\/api.w.org\/{rel}","templated":true}]}}