{"id":5377,"date":"2018-05-23T09:01:59","date_gmt":"2018-05-23T09:01:59","guid":{"rendered":"http:\/\/icom.museum\/?page_id=5377"},"modified":"2025-01-23T13:38:25","modified_gmt":"2025-01-23T11:38:25","slug":"los-comites-del-icom","status":"publish","type":"page","link":"https:\/\/icom.museum\/es\/sobre-nosotros\/los-comites-del-icom\/","title":{"rendered":"Los Comit\u00e9s del ICOM"},"content":{"rendered":"<h2>Los Comit\u00e9s del ICOM representan tanto a los museos como a los profesionales pertenecientes a la organizaci\u00f3n. Contribuyen a los recursos, la energ\u00eda y la diversidad del ICOM.<\/h2>\n<div class=\"separator\">\n<p><strong>Comit\u00e9s Nacionales<\/strong><\/p>\n<\/div>\n<p>Los <strong>120 Comit\u00e9s Nacionales<\/strong> organizan a los miembros del ICOM a nivel nacional y garantizan los intereses de los museos y de los profesionales muse\u00edsticos en sus respectivos pa\u00edses. Asimismo, representan a sus miembros ante el ICOM y contribuyen a la aplicaci\u00f3n de los programas de la Asociaci\u00f3n.<\/p>\n<div class=\"separator\">\n<p><strong>Comit\u00e9s Internacionales<\/strong><\/p>\n<\/div>\n<p>Los <strong>35 Comit\u00e9s Internacionales<\/strong> re\u00fanen a expertos muse\u00edsticos, en funci\u00f3n de su \u00e1rea de especializaci\u00f3n. Estos son centros mundiales de reflexi\u00f3n sobre cuestiones relativas a los museos y, de manera m\u00e1s general, al patrimonio. Los Comit\u00e9s Internacionales establecen est\u00e1ndares, formulan recomendaciones e intercambian experiencia profesional e informaci\u00f3n cient\u00edfica con los miembros del ICOM.<\/p>\n<div class=\"separator\">\n<p><strong>Alianzas Regionales<\/strong><\/p>\n<\/div>\n<p>Las <strong>7<\/strong>\u00a0<strong>Alianzas Regionales<\/strong> son foros dedicados al fomento del di\u00e1logo y al intercambio de informaci\u00f3n entre los Comit\u00e9s Nacionales de una determinada regi\u00f3n.<\/p>\n<div class=\"separator\">\n<p><strong>Organizaciones Afiliadas<\/strong><\/p>\n<\/div>\n<p>Las Organizaciones Afiliadas son asociaciones internacionales o consejos que velan por los intereses de los museos y de los profesionales museales. Son entidades separadas que, al mismo tiempo, participan en las actividades del ICOM y que contribuyen en su influencia y en su red.<\/p>\n<div class=\"separator\">\n<p><strong>Comit\u00e9s Permanentes<\/strong> <strong>y Grupos de Trabajo<\/strong><\/p>\n<\/div>\n<p>La junta directiva y la Presidenta solicitan a los Comit\u00e9s Permanentes y a los Grupos de Trabajo del ICOM que presten asesoramiento y aporten su experticia sobre los aspectos fundamentales de la Asociaci\u00f3n y sobre cuestiones importantes para la comunidad muse\u00edstica global. Mientras que un Comit\u00e9 Permanente es de naturaleza fija, el mandato de un Grupo de Trabajo es limitado. Tanto los Comit\u00e9s Permanentes como los Grupos de Trabajo re\u00fanen a los expertos internacionales del ICOM para evaluar las reformas y las normas que contribuyen a la gesti\u00f3n eficaz del ICOM.<\/p>\n","protected":false},"excerpt":{"rendered":"<p>Los Comit\u00e9s del ICOM representan tanto a los museos como a los profesionales pertenecientes a la organizaci\u00f3n. Contribuyen a los recursos, la energ\u00eda y la diversidad del ICOM. Comit\u00e9s Nacionales Los 120 Comit\u00e9s Nacionales organizan a los miembros del ICOM a nivel nacional y garantizan los intereses de los museos y de los profesionales muse\u00edsticos [&hellip;]<\/p>\n","protected":false},"author":10,"featured_media":0,"parent":5368,"menu_order":4,"comment_status":"closed","ping_status":"closed","template":"","meta":{"inline_featured_image":false,"footnotes":""},"class_list":["post-5377","page","type-page","status-publish","hentry"],"acf":[],"yoast_head":"<!-- This site is optimized with the Yoast SEO plugin v23.7 - https:\/\/yoast.com\/wordpress\/plugins\/seo\/ -->\n<title>Los Comit\u00e9s del ICOM - International Council of Museums<\/title>\n<meta name=\"robots\" content=\"index, follow, max-snippet:-1, max-image-preview:large, max-video-preview:-1\" \/>\n<link rel=\"canonical\" href=\"https:\/\/icom.museum\/es\/sobre-nosotros\/los-comites-del-icom\/\" \/>\n<meta property=\"og:locale\" content=\"es_ES\" \/>\n<meta property=\"og:type\" content=\"article\" \/>\n<meta property=\"og:title\" content=\"Los Comit\u00e9s del ICOM - International Council of Museums\" \/>\n<meta property=\"og:description\" content=\"Los Comit\u00e9s del ICOM representan tanto a los museos como a los profesionales pertenecientes a la organizaci\u00f3n. Contribuyen a los recursos, la energ\u00eda y la diversidad del ICOM. Comit\u00e9s Nacionales Los 120 Comit\u00e9s Nacionales organizan a los miembros del ICOM a nivel nacional y garantizan los intereses de los museos y de los profesionales muse\u00edsticos [&hellip;]\" \/>\n<meta property=\"og:url\" content=\"https:\/\/icom.museum\/es\/sobre-nosotros\/los-comites-del-icom\/\" \/>\n<meta property=\"og:site_name\" content=\"International Council of Museums\" \/>\n<meta property=\"article:modified_time\" content=\"2025-01-23T11:38:25+00:00\" \/>\n<meta property=\"og:image\" content=\"https:\/\/icom.museum\/wp-content\/uploads\/2018\/07\/IMG_7526.jpg\" \/>\n<meta name=\"twitter:card\" content=\"summary_large_image\" \/>\n<meta name=\"twitter:label1\" content=\"Tiempo de lectura\" \/>\n\t<meta name=\"twitter:data1\" content=\"2 minutos\" \/>\n<script type=\"application\/ld+json\" class=\"yoast-schema-graph\">{\"@context\":\"https:\/\/schema.org\",\"@graph\":[{\"@type\":\"WebPage\",\"@id\":\"https:\/\/icom.museum\/es\/sobre-nosotros\/los-comites-del-icom\/\",\"url\":\"https:\/\/icom.museum\/es\/sobre-nosotros\/los-comites-del-icom\/\",\"name\":\"Los Comit\u00e9s del ICOM - International Council of Museums\",\"isPartOf\":{\"@id\":\"https:\/\/icom.museum\/en\/#website\"},\"datePublished\":\"2018-05-23T09:01:59+00:00\",\"dateModified\":\"2025-01-23T11:38:25+00:00\",\"breadcrumb\":{\"@id\":\"https:\/\/icom.museum\/es\/sobre-nosotros\/los-comites-del-icom\/#breadcrumb\"},\"inLanguage\":\"es\",\"potentialAction\":[{\"@type\":\"ReadAction\",\"target\":[\"https:\/\/icom.museum\/es\/sobre-nosotros\/los-comites-del-icom\/\"]}]},{\"@type\":\"BreadcrumbList\",\"@id\":\"https:\/\/icom.museum\/es\/sobre-nosotros\/los-comites-del-icom\/#breadcrumb\",\"itemListElement\":[{\"@type\":\"ListItem\",\"position\":1,\"name\":\"Home\",\"item\":\"https:\/\/icom.museum\/es\/\"},{\"@type\":\"ListItem\",\"position\":2,\"name\":\"Sobre nosotros\",\"item\":\"https:\/\/icom.museum\/es\/sobre-nosotros\/\"},{\"@type\":\"ListItem\",\"position\":3,\"name\":\"Los Comit\u00e9s del ICOM\"}]},{\"@type\":\"WebSite\",\"@id\":\"https:\/\/icom.museum\/en\/#website\",\"url\":\"https:\/\/icom.museum\/en\/\",\"name\":\"International Council of Museums\",\"description\":\"A global organisation of museums &amp; museum professionals committed to the promotion and protection of cultural heritage\",\"publisher\":{\"@id\":\"https:\/\/icom.museum\/en\/#organization\"},\"potentialAction\":[{\"@type\":\"SearchAction\",\"target\":{\"@type\":\"EntryPoint\",\"urlTemplate\":\"https:\/\/icom.museum\/en\/?s={search_term_string}\"},\"query-input\":{\"@type\":\"PropertyValueSpecification\",\"valueRequired\":true,\"valueName\":\"search_term_string\"}}],\"inLanguage\":\"es\"},{\"@type\":\"Organization\",\"@id\":\"https:\/\/icom.museum\/en\/#organization\",\"name\":\"International Council of Museums\",\"url\":\"https:\/\/icom.museum\/en\/\",\"logo\":{\"@type\":\"ImageObject\",\"inLanguage\":\"es\",\"@id\":\"https:\/\/icom.museum\/en\/#\/schema\/logo\/image\/\",\"url\":\"https:\/\/icom.museum\/wp-content\/uploads\/2018\/07\/ICOM_M_.jpg\",\"contentUrl\":\"https:\/\/icom.museum\/wp-content\/uploads\/2018\/07\/ICOM_M_.jpg\",\"width\":1721,\"height\":1721,\"caption\":\"International Council of Museums\"},\"image\":{\"@id\":\"https:\/\/icom.museum\/en\/#\/schema\/logo\/image\/\"}}]}<\/script>\n<!-- \/ Yoast SEO plugin. -->","yoast_head_json":{"title":"Los Comit\u00e9s del ICOM - International Council of Museums","robots":{"index":"index","follow":"follow","max-snippet":"max-snippet:-1","max-image-preview":"max-image-preview:large","max-video-preview":"max-video-preview:-1"},"canonical":"https:\/\/icom.museum\/es\/sobre-nosotros\/los-comites-del-icom\/","og_locale":"es_ES","og_type":"article","og_title":"Los Comit\u00e9s del ICOM - International Council of Museums","og_description":"Los Comit\u00e9s del ICOM representan tanto a los museos como a los profesionales pertenecientes a la organizaci\u00f3n. Contribuyen a los recursos, la energ\u00eda y la diversidad del ICOM. Comit\u00e9s Nacionales Los 120 Comit\u00e9s Nacionales organizan a los miembros del ICOM a nivel nacional y garantizan los intereses de los museos y de los profesionales muse\u00edsticos [&hellip;]","og_url":"https:\/\/icom.museum\/es\/sobre-nosotros\/los-comites-del-icom\/","og_site_name":"International Council of Museums","article_modified_time":"2025-01-23T11:38:25+00:00","og_image":[{"url":"https:\/\/icom.museum\/wp-content\/uploads\/2018\/07\/IMG_7526.jpg"}],"twitter_card":"summary_large_image","twitter_misc":{"Tiempo de lectura":"2 minutos"},"schema":{"@context":"https:\/\/schema.org","@graph":[{"@type":"WebPage","@id":"https:\/\/icom.museum\/es\/sobre-nosotros\/los-comites-del-icom\/","url":"https:\/\/icom.museum\/es\/sobre-nosotros\/los-comites-del-icom\/","name":"Los Comit\u00e9s del ICOM - International Council of Museums","isPartOf":{"@id":"https:\/\/icom.museum\/en\/#website"},"datePublished":"2018-05-23T09:01:59+00:00","dateModified":"2025-01-23T11:38:25+00:00","breadcrumb":{"@id":"https:\/\/icom.museum\/es\/sobre-nosotros\/los-comites-del-icom\/#breadcrumb"},"inLanguage":"es","potentialAction":[{"@type":"ReadAction","target":["https:\/\/icom.museum\/es\/sobre-nosotros\/los-comites-del-icom\/"]}]},{"@type":"BreadcrumbList","@id":"https:\/\/icom.museum\/es\/sobre-nosotros\/los-comites-del-icom\/#breadcrumb","itemListElement":[{"@type":"ListItem","position":1,"name":"Home","item":"https:\/\/icom.museum\/es\/"},{"@type":"ListItem","position":2,"name":"Sobre nosotros","item":"https:\/\/icom.museum\/es\/sobre-nosotros\/"},{"@type":"ListItem","position":3,"name":"Los Comit\u00e9s del ICOM"}]},{"@type":"WebSite","@id":"https:\/\/icom.museum\/en\/#website","url":"https:\/\/icom.museum\/en\/","name":"International Council of Museums","description":"A global organisation of museums &amp; museum professionals committed to the promotion and protection of cultural heritage","publisher":{"@id":"https:\/\/icom.museum\/en\/#organization"},"potentialAction":[{"@type":"SearchAction","target":{"@type":"EntryPoint","urlTemplate":"https:\/\/icom.museum\/en\/?s={search_term_string}"},"query-input":{"@type":"PropertyValueSpecification","valueRequired":true,"valueName":"search_term_string"}}],"inLanguage":"es"},{"@type":"Organization","@id":"https:\/\/icom.museum\/en\/#organization","name":"International Council of Museums","url":"https:\/\/icom.museum\/en\/","logo":{"@type":"ImageObject","inLanguage":"es","@id":"https:\/\/icom.museum\/en\/#\/schema\/logo\/image\/","url":"https:\/\/icom.museum\/wp-content\/uploads\/2018\/07\/ICOM_M_.jpg","contentUrl":"https:\/\/icom.museum\/wp-content\/uploads\/2018\/07\/ICOM_M_.jpg","width":1721,"height":1721,"caption":"International Council of Museums"},"image":{"@id":"https:\/\/icom.museum\/en\/#\/schema\/logo\/image\/"}}]}},"_links":{"self":[{"href":"https:\/\/icom.museum\/es\/wp-json\/wp\/v2\/pages\/5377"}],"collection":[{"href":"https:\/\/icom.museum\/es\/wp-json\/wp\/v2\/pages"}],"about":[{"href":"https:\/\/icom.museum\/es\/wp-json\/wp\/v2\/types\/page"}],"author":[{"embeddable":true,"href":"https:\/\/icom.museum\/es\/wp-json\/wp\/v2\/users\/10"}],"replies":[{"embeddable":true,"href":"https:\/\/icom.museum\/es\/wp-json\/wp\/v2\/comments?post=5377"}],"version-history":[{"count":13,"href":"https:\/\/icom.museum\/es\/wp-json\/wp\/v2\/pages\/5377\/revisions"}],"predecessor-version":[{"id":61953,"href":"https:\/\/icom.museum\/es\/wp-json\/wp\/v2\/pages\/5377\/revisions\/61953"}],"up":[{"embeddable":true,"href":"https:\/\/icom.museum\/es\/wp-json\/wp\/v2\/pages\/5368"}],"wp:attachment":[{"href":"https:\/\/icom.museum\/es\/wp-json\/wp\/v2\/media?parent=5377"}],"curies":[{"name":"wp","href":"https:\/\/api.w.org\/{rel}","templated":true}]}}