{"id":5380,"date":"2018-05-23T09:42:56","date_gmt":"2018-05-23T09:42:56","guid":{"rendered":"http:\/\/icom.museum\/?page_id=5380"},"modified":"2026-02-02T13:52:12","modified_gmt":"2026-02-02T11:52:12","slug":"conviertase-en-miembro-de-icom","status":"publish","type":"page","link":"https:\/\/icom.museum\/es\/involucrese\/conviertase-en-miembro-de-icom\/","title":{"rendered":"H\u00e1gase miembro"},"content":{"rendered":"<h2>Forme parte de la comunidad muse\u00edstica<\/h2>\n<p>Como miembro del ICOM, formar\u00e1 parte de la <strong>comunidad muse\u00edstica mundial<\/strong>: tendr\u00e1 la oportunidad de implicarse en misiones internacionales y de tener acceso a los recursos del ICOM.<\/p>\n<p>Con m\u00e1s de <strong>60.000<\/strong> miembros procedentes de <strong>139<\/strong>\u00a0pa\u00edses y territorios, el ICOM es la \u00fanica red profesional formada por instituciones y profesionales de los museos que le brindar\u00e1 nuevas oportunidades.<\/p>\n<div class=\"separator\">\n<p><strong>\u00bfPor qu\u00e9 ser miembro?<\/strong><\/p>\n<\/div>\n<p>Tanto si es un miembro individual como institucional, su afiliaci\u00f3n al ICOM le conceder\u00e1 una serie de ventajas para su desarrollo profesional y contribuir\u00e1 al futuro de la comunidad internacional de museos.<\/p>\n<p>M\u00e1s beneficios:<\/p>\n<ul>\n<li>Conferencias del ICOM y descuentos en los eventos de socios<\/li>\n<li>Publicaciones, herramientas y est\u00e1ndares profesionales<\/li>\n<li>Formaciones ICOM<\/li>\n<li>Tarjeta de miembro<\/li>\n<\/ul>\n<div class=\"separator\">\n<p><strong>Condiciones<\/strong><\/p>\n<\/div>\n<p>Si es un profesional del museo o si su museo es una instituci\u00f3n reconocida por el ICOM y, al mismo tiempo, usted respeta el <em>C\u00f3digo de Deontolog\u00eda del ICOM para los Museos<\/em>, puede hacerse miembro.<\/p>\n<div class=\"separator\">\n<p><strong>Categor\u00edas<\/strong><\/p>\n<\/div>\n<p>Puede unirse al ICOM como:<\/p>\n<ul>\n<li>Miembro individual: si es un profesional del museo activo o jubilado; o si ha prestado sus servicios, sus conocimientos o su experticia al servicio de los museos, siendo esta su actividad profesional principal.<\/li>\n<li>Miembro institucional: si representa a un museo o a otra instituci\u00f3n que se ajusta a la definici\u00f3n de museo.<\/li>\n<li>Miembro estudiante: si est\u00e1 inscrito en un programa acad\u00e9mico que concierne al \u00e1mbito del museo.<\/li>\n<li>Miembro benefactor: si usted o su instituci\u00f3n prestan una ayuda sustancial al ICOM mediante el apoyo financiero o de otra \u00edndole, dado su inter\u00e9s por los museos.<\/li>\n<\/ul>\n<div class=\"separator\">\n<p><strong>H\u00e1gase miembro<\/strong><\/p>\n<\/div>\n<p><span class=\"link_blue\"><a href=\"https:\/\/icom.museum\/es\/red\/directorio-de-los-comites\/?type=221\">contacte con su comit\u00e9 nacional<\/a><\/span><\/p>\n<p>Las solicitudes de membres\u00eda del ICOM se env\u00edan al Comit\u00e9 Nacional del pa\u00eds de residencia o, si no hay, directamente a la Secretar\u00eda.<\/p>\n<p><span class=\"button link_yellow\"><a href=\"https:\/\/icom.museum\/es\/red\/directorio-de-los-comites\/?type=221\">Directorio de Comit\u00e9s<\/a><\/span><\/p>\n<p><span class=\"btn link_red\"><a href=\"mailto:membership@icom.museum\">Contacte la Secretar\u00eda<\/a><\/span><\/p>\n","protected":false},"excerpt":{"rendered":"<p>Forme parte de la comunidad muse\u00edstica Como miembro del ICOM, formar\u00e1 parte de la comunidad muse\u00edstica mundial: tendr\u00e1 la oportunidad de implicarse en misiones internacionales y de tener acceso a los recursos del ICOM. Con m\u00e1s de 60.000 miembros procedentes de 139\u00a0pa\u00edses y territorios, el ICOM es la \u00fanica red profesional formada por instituciones y [&hellip;]<\/p>\n","protected":false},"author":10,"featured_media":0,"parent":6934,"menu_order":0,"comment_status":"closed","ping_status":"closed","template":"page-member-form.php","meta":{"inline_featured_image":false,"footnotes":""},"class_list":["post-5380","page","type-page","status-publish","hentry"],"acf":[],"yoast_head":"<!-- This site is optimized with the Yoast SEO plugin v23.7 - https:\/\/yoast.com\/wordpress\/plugins\/seo\/ -->\n<title>H\u00e1gase miembro - International Council of Museums<\/title>\n<meta name=\"robots\" content=\"index, follow, max-snippet:-1, max-image-preview:large, max-video-preview:-1\" \/>\n<link rel=\"canonical\" href=\"https:\/\/icom.museum\/es\/involucrese\/conviertase-en-miembro-de-icom\/\" \/>\n<meta property=\"og:locale\" content=\"es_ES\" \/>\n<meta property=\"og:type\" content=\"article\" \/>\n<meta property=\"og:title\" content=\"H\u00e1gase miembro - International Council of Museums\" \/>\n<meta property=\"og:description\" content=\"Forme parte de la comunidad muse\u00edstica Como miembro del ICOM, formar\u00e1 parte de la comunidad muse\u00edstica mundial: tendr\u00e1 la oportunidad de implicarse en misiones internacionales y de tener acceso a los recursos del ICOM. Con m\u00e1s de 60.000 miembros procedentes de 139\u00a0pa\u00edses y territorios, el ICOM es la \u00fanica red profesional formada por instituciones y [&hellip;]\" \/>\n<meta property=\"og:url\" content=\"https:\/\/icom.museum\/es\/involucrese\/conviertase-en-miembro-de-icom\/\" \/>\n<meta property=\"og:site_name\" content=\"International Council of Museums\" \/>\n<meta property=\"article:modified_time\" content=\"2026-02-02T11:52:12+00:00\" \/>\n<meta property=\"og:image\" content=\"https:\/\/icom.museum\/wp-content\/uploads\/2018\/07\/DSC0120.jpg\" \/>\n<meta name=\"twitter:card\" content=\"summary_large_image\" \/>\n<meta name=\"twitter:label1\" content=\"Tiempo de lectura\" \/>\n\t<meta name=\"twitter:data1\" content=\"2 minutos\" \/>\n<script type=\"application\/ld+json\" class=\"yoast-schema-graph\">{\"@context\":\"https:\/\/schema.org\",\"@graph\":[{\"@type\":\"WebPage\",\"@id\":\"https:\/\/icom.museum\/es\/involucrese\/conviertase-en-miembro-de-icom\/\",\"url\":\"https:\/\/icom.museum\/es\/involucrese\/conviertase-en-miembro-de-icom\/\",\"name\":\"H\u00e1gase miembro - International Council of Museums\",\"isPartOf\":{\"@id\":\"https:\/\/icom.museum\/en\/#website\"},\"datePublished\":\"2018-05-23T09:42:56+00:00\",\"dateModified\":\"2026-02-02T11:52:12+00:00\",\"breadcrumb\":{\"@id\":\"https:\/\/icom.museum\/es\/involucrese\/conviertase-en-miembro-de-icom\/#breadcrumb\"},\"inLanguage\":\"es\",\"potentialAction\":[{\"@type\":\"ReadAction\",\"target\":[\"https:\/\/icom.museum\/es\/involucrese\/conviertase-en-miembro-de-icom\/\"]}]},{\"@type\":\"BreadcrumbList\",\"@id\":\"https:\/\/icom.museum\/es\/involucrese\/conviertase-en-miembro-de-icom\/#breadcrumb\",\"itemListElement\":[{\"@type\":\"ListItem\",\"position\":1,\"name\":\"Home\",\"item\":\"https:\/\/icom.museum\/es\/\"},{\"@type\":\"ListItem\",\"position\":2,\"name\":\"Invol\u00facrese\",\"item\":\"https:\/\/icom.museum\/es\/involucrese\/\"},{\"@type\":\"ListItem\",\"position\":3,\"name\":\"H\u00e1gase miembro\"}]},{\"@type\":\"WebSite\",\"@id\":\"https:\/\/icom.museum\/en\/#website\",\"url\":\"https:\/\/icom.museum\/en\/\",\"name\":\"International Council of Museums\",\"description\":\"A global organisation of museums &amp; museum professionals committed to the promotion and protection of cultural heritage\",\"publisher\":{\"@id\":\"https:\/\/icom.museum\/en\/#organization\"},\"potentialAction\":[{\"@type\":\"SearchAction\",\"target\":{\"@type\":\"EntryPoint\",\"urlTemplate\":\"https:\/\/icom.museum\/en\/?s={search_term_string}\"},\"query-input\":{\"@type\":\"PropertyValueSpecification\",\"valueRequired\":true,\"valueName\":\"search_term_string\"}}],\"inLanguage\":\"es\"},{\"@type\":\"Organization\",\"@id\":\"https:\/\/icom.museum\/en\/#organization\",\"name\":\"International Council of Museums\",\"url\":\"https:\/\/icom.museum\/en\/\",\"logo\":{\"@type\":\"ImageObject\",\"inLanguage\":\"es\",\"@id\":\"https:\/\/icom.museum\/en\/#\/schema\/logo\/image\/\",\"url\":\"https:\/\/icom.museum\/wp-content\/uploads\/2018\/07\/ICOM_M_.jpg\",\"contentUrl\":\"https:\/\/icom.museum\/wp-content\/uploads\/2018\/07\/ICOM_M_.jpg\",\"width\":1721,\"height\":1721,\"caption\":\"International Council of Museums\"},\"image\":{\"@id\":\"https:\/\/icom.museum\/en\/#\/schema\/logo\/image\/\"}}]}<\/script>\n<!-- \/ Yoast SEO plugin. -->","yoast_head_json":{"title":"H\u00e1gase miembro - International Council of Museums","robots":{"index":"index","follow":"follow","max-snippet":"max-snippet:-1","max-image-preview":"max-image-preview:large","max-video-preview":"max-video-preview:-1"},"canonical":"https:\/\/icom.museum\/es\/involucrese\/conviertase-en-miembro-de-icom\/","og_locale":"es_ES","og_type":"article","og_title":"H\u00e1gase miembro - International Council of Museums","og_description":"Forme parte de la comunidad muse\u00edstica Como miembro del ICOM, formar\u00e1 parte de la comunidad muse\u00edstica mundial: tendr\u00e1 la oportunidad de implicarse en misiones internacionales y de tener acceso a los recursos del ICOM. Con m\u00e1s de 60.000 miembros procedentes de 139\u00a0pa\u00edses y territorios, el ICOM es la \u00fanica red profesional formada por instituciones y [&hellip;]","og_url":"https:\/\/icom.museum\/es\/involucrese\/conviertase-en-miembro-de-icom\/","og_site_name":"International Council of Museums","article_modified_time":"2026-02-02T11:52:12+00:00","og_image":[{"url":"https:\/\/icom.museum\/wp-content\/uploads\/2018\/07\/DSC0120.jpg"}],"twitter_card":"summary_large_image","twitter_misc":{"Tiempo de lectura":"2 minutos"},"schema":{"@context":"https:\/\/schema.org","@graph":[{"@type":"WebPage","@id":"https:\/\/icom.museum\/es\/involucrese\/conviertase-en-miembro-de-icom\/","url":"https:\/\/icom.museum\/es\/involucrese\/conviertase-en-miembro-de-icom\/","name":"H\u00e1gase miembro - International Council of Museums","isPartOf":{"@id":"https:\/\/icom.museum\/en\/#website"},"datePublished":"2018-05-23T09:42:56+00:00","dateModified":"2026-02-02T11:52:12+00:00","breadcrumb":{"@id":"https:\/\/icom.museum\/es\/involucrese\/conviertase-en-miembro-de-icom\/#breadcrumb"},"inLanguage":"es","potentialAction":[{"@type":"ReadAction","target":["https:\/\/icom.museum\/es\/involucrese\/conviertase-en-miembro-de-icom\/"]}]},{"@type":"BreadcrumbList","@id":"https:\/\/icom.museum\/es\/involucrese\/conviertase-en-miembro-de-icom\/#breadcrumb","itemListElement":[{"@type":"ListItem","position":1,"name":"Home","item":"https:\/\/icom.museum\/es\/"},{"@type":"ListItem","position":2,"name":"Invol\u00facrese","item":"https:\/\/icom.museum\/es\/involucrese\/"},{"@type":"ListItem","position":3,"name":"H\u00e1gase miembro"}]},{"@type":"WebSite","@id":"https:\/\/icom.museum\/en\/#website","url":"https:\/\/icom.museum\/en\/","name":"International Council of Museums","description":"A global organisation of museums &amp; museum professionals committed to the promotion and protection of cultural heritage","publisher":{"@id":"https:\/\/icom.museum\/en\/#organization"},"potentialAction":[{"@type":"SearchAction","target":{"@type":"EntryPoint","urlTemplate":"https:\/\/icom.museum\/en\/?s={search_term_string}"},"query-input":{"@type":"PropertyValueSpecification","valueRequired":true,"valueName":"search_term_string"}}],"inLanguage":"es"},{"@type":"Organization","@id":"https:\/\/icom.museum\/en\/#organization","name":"International Council of Museums","url":"https:\/\/icom.museum\/en\/","logo":{"@type":"ImageObject","inLanguage":"es","@id":"https:\/\/icom.museum\/en\/#\/schema\/logo\/image\/","url":"https:\/\/icom.museum\/wp-content\/uploads\/2018\/07\/ICOM_M_.jpg","contentUrl":"https:\/\/icom.museum\/wp-content\/uploads\/2018\/07\/ICOM_M_.jpg","width":1721,"height":1721,"caption":"International Council of Museums"},"image":{"@id":"https:\/\/icom.museum\/en\/#\/schema\/logo\/image\/"}}]}},"_links":{"self":[{"href":"https:\/\/icom.museum\/es\/wp-json\/wp\/v2\/pages\/5380"}],"collection":[{"href":"https:\/\/icom.museum\/es\/wp-json\/wp\/v2\/pages"}],"about":[{"href":"https:\/\/icom.museum\/es\/wp-json\/wp\/v2\/types\/page"}],"author":[{"embeddable":true,"href":"https:\/\/icom.museum\/es\/wp-json\/wp\/v2\/users\/10"}],"replies":[{"embeddable":true,"href":"https:\/\/icom.museum\/es\/wp-json\/wp\/v2\/comments?post=5380"}],"version-history":[{"count":17,"href":"https:\/\/icom.museum\/es\/wp-json\/wp\/v2\/pages\/5380\/revisions"}],"predecessor-version":[{"id":67325,"href":"https:\/\/icom.museum\/es\/wp-json\/wp\/v2\/pages\/5380\/revisions\/67325"}],"up":[{"embeddable":true,"href":"https:\/\/icom.museum\/es\/wp-json\/wp\/v2\/pages\/6934"}],"wp:attachment":[{"href":"https:\/\/icom.museum\/es\/wp-json\/wp\/v2\/media?parent=5380"}],"curies":[{"name":"wp","href":"https:\/\/api.w.org\/{rel}","templated":true}]}}