{"id":5383,"date":"2018-05-23T10:11:19","date_gmt":"2018-05-23T10:11:19","guid":{"rendered":"http:\/\/icom.museum\/?page_id=5383"},"modified":"2025-04-22T11:27:16","modified_gmt":"2025-04-22T09:27:16","slug":"unase-a-un-comite-internacional","status":"publish","type":"page","link":"https:\/\/icom.museum\/es\/involucrese\/unase-a-un-comite-internacional\/","title":{"rendered":"\u00danase a un Comit\u00e9 Internacional"},"content":{"rendered":"<h2>Los Comit\u00e9s Internacionales del ICOM son centros de reflexi\u00f3n mundial que agrupan a profesionales muse\u00edsticos pertenecientes a un mismo \u00e1mbito para fomentar el intercambio de conocimientos cient\u00edficos y de experiencia profesional.<\/h2>\n<p>Cada uno de los 32 Comit\u00e9s Internacionales organiza reuniones anuales y talleres por todo el mundo, ofreciendo as\u00ed a sus miembros la oportunidad de expandir sus horizontes y de construir una red profesional internacional. Sus hallazgos favorecen la conformaci\u00f3n de la profesi\u00f3n museal a trav\u00e9s de la definici\u00f3n de est\u00e1ndares, de la publicaci\u00f3n de estudios y del establecimiento de asociaciones con otras organizaciones culturales.<\/p>\n<ul>\n<li>Invol\u00facrese en misiones internacionales<\/li>\n<li>Moldee el futuro de la profesi\u00f3n del museo<\/li>\n<li>Defienda los est\u00e1ndares museales de excelencia y de \u00e9tica muse\u00edstica<\/li>\n<\/ul>\n<p><span class=\"link_blue\"><a href=\"https:\/\/icom.museum\/es\/member\/join-an-ic-committee\/\">Elija su Comit\u00e9 Internacional<\/a><\/span><\/p>\n<div class=\"separator\">\n<p><strong>Lista de los Comit\u00e9s Internacionales<\/strong><\/p>\n<\/div>\n<ul>\n<li><strong>AVICOM:<\/strong> Comit\u00e9 Internacional del Audiovisual, Nuevas Tecnolog\u00edas y Medios Sociales<\/li>\n<li><strong>CAMOC:<\/strong> Comit\u00e9 Internacional para las Colecciones y Actividades de Museos de Ciudades<\/li>\n<li><strong>CECA:<\/strong> Comit\u00e9 Internacional para la Educaci\u00f3n y la Acci\u00f3n Cultural<\/li>\n<li><strong><span data-olk-copy-source=\"MessageBody\">ICOM DOCUMENTATION<\/span>:<\/strong> Comit\u00e9 Internacional para la Documentaci\u00f3n<\/li>\n<li><strong><span data-olk-copy-source=\"MessageBody\">ICOM MUSIC<\/span>:<\/strong> Comit\u00e9 Internacional para Museos y Colecciones de Instrumentos y de M\u00fasica<\/li>\n<li><strong>CIMUSET:<\/strong> Comit\u00e9 Internacional para Museos y Colecciones de Ciencia y Tecnolog\u00eda<\/li>\n<li><strong>CIPEG:<\/strong> Comit\u00e9 Internacional para la Egiptolog\u00eda<\/li>\n<li><strong>COMCOL:<\/strong> Comit\u00e9 Internacional para Incentivar las Colecciones<\/li>\n<li><strong>COSTUME:<\/strong> Comit\u00e9 Internacional para Museos y Colecciones de Indumentaria<\/li>\n<li><strong>DEMHIST:<\/strong> Comit\u00e9 Internacional para Residencias Hist\u00f3ricas-Museos<\/li>\n<li><strong>DRMC: <\/strong>Comit\u00e9 internacional de museos resilientes a desastres<\/li>\n<li><strong>GLASS:<\/strong> Comit\u00e9 Internacional de Museos y Colecciones de Vidrio<\/li>\n<li><strong>ICAMT:<\/strong> Comit\u00e9 Internacional para la Arquitectura y las T\u00e9cnicas Museogr\u00e1ficas<\/li>\n<li><strong><span data-olk-copy-source=\"MessageBody\">ICOM DESIGN<\/span>:<\/strong> <span data-olk-copy-source=\"MessageBody\">Comit\u00e9 internacional de Artes Decorativas y Dise\u00f1o<\/span><\/li>\n<li><strong><span data-olk-copy-source=\"MessageBody\">ICOM EXHIBITIONS<\/span>:<\/strong> Comit\u00e9 Internacional para el Intercambio de Exposiciones<\/li>\n<li><strong>ICEthics:<\/strong> Comit\u00e9 Internacional sobre los Dilemas \u00c9ticos<\/li>\n<li><strong>ICFA:<\/strong> Comit\u00e9 Internacional para Museos y Colecciones de Bellas Artes<\/li>\n<li><strong>ICLCM:<\/strong> Comit\u00e9 Internacional para Museos Literarios y de Compositores<\/li>\n<li><strong>ICMAH:<\/strong> Comit\u00e9 Internacional para Museos y Colecciones de Arqueolog\u00eda e Historia<\/li>\n<li><strong>ICME:<\/strong> Comit\u00e9 Internacional para Museos y Colecciones de Etnograf\u00eda<\/li>\n<li><strong>ICMEMOHRI:<\/strong> <span class=\"ui-provider fy b c d e f g h i j k l m n o p q r s t u v w x y z ab ac ae af ag ah ai aj ak\" dir=\"ltr\">Comit\u00e9 Internacional de Museos Conmemorativos y de Derechos Humanos<\/span><\/li>\n<li><strong><span data-olk-copy-source=\"MessageBody\">ICOM SECURITY<\/span>:<\/strong> Comit\u00e9 Internacional para la Seguridad en los Museos<\/li>\n<li><strong>ICOFOM:<\/strong> Comit\u00e9 Internacional para la Museolog\u00eda<\/li>\n<li><strong><span data-olk-copy-source=\"MessageBody\">ICOM CONSERVATION<\/span>:<\/strong> Comit\u00e9 Internacional para la Conservaci\u00f3n<\/li>\n<li><strong><span data-olk-copy-source=\"MessageBody\">ICOM ARMS &amp; MILITARY<\/span>:<\/strong> Comit\u00e9 Internacional para Museos de Armas y de Historia Militar<\/li>\n<li><strong>ICOMON:<\/strong> Comit\u00e9 Internacional para los Museos Monetarios y Bancarios<\/li>\n<li><strong>ICR:<\/strong> Comit\u00e9 Internacional para los Museos Regionales<\/li>\n<li><strong>ICTOP:<\/strong> Comit\u00e9 Internacional para la Formaci\u00f3n del Personal<\/li>\n<li><strong>INTERCOM:<\/strong> Comit\u00e9 Internacional para la Gesti\u00f3n de Museos<\/li>\n<li><strong><span data-olk-copy-source=\"MessageBody\">ICOM COMMS<\/span>:<\/strong> <span data-olk-copy-source=\"MessageBody\"> Comit\u00e9 internacional de Comunicaci\u00f3n, Marketing y Participaci\u00f3n del P\u00fablico<\/span><\/li>\n<li><strong>NATHIST:<\/strong> Comit\u00e9 Internacional para los Museos y las Colecciones de Ciencias Naturales<\/li>\n<li><strong>SOMUS:<\/strong> <span lang=\"ES-AR\" style=\"color: #474747; font-family: Georgia; font-size: 15px;\">Comit\u00e9 internacional para la museolog\u00eda social<\/span><\/li>\n<li><strong style=\"color: #474747; font-family: Georgia; font-size: 15px;\">SUSTAIN:<\/strong> <span lang=\"ES-AR\" style=\"color: #474747; font-family: Georgia; font-size: 15px;\">Comit\u00e9 internacional sobre museos y desarrollo sostenible<\/span><\/li>\n<li><strong style=\"color: #474747; font-family: Georgia; font-size: 15px;\">STORAGE:<\/strong> <span lang=\"ES-AR\" style=\"color: #474747; font-family: Georgia; font-size: 15px;\">Comit\u00e9 internacional sobre las colecciones almacenadas<\/span><\/li>\n<li><strong>UMAC:<\/strong> Comit\u00e9 Internacional para los Museos y las Colecciones Universitarias<\/li>\n<\/ul>\n","protected":false},"excerpt":{"rendered":"<p>Los Comit\u00e9s Internacionales del ICOM son centros de reflexi\u00f3n mundial que agrupan a profesionales muse\u00edsticos pertenecientes a un mismo \u00e1mbito para fomentar el intercambio de conocimientos cient\u00edficos y de experiencia profesional. Cada uno de los 32 Comit\u00e9s Internacionales organiza reuniones anuales y talleres por todo el mundo, ofreciendo as\u00ed a sus miembros la oportunidad de [&hellip;]<\/p>\n","protected":false},"author":10,"featured_media":0,"parent":6934,"menu_order":0,"comment_status":"closed","ping_status":"closed","template":"","meta":{"inline_featured_image":false,"footnotes":""},"class_list":["post-5383","page","type-page","status-publish","hentry"],"acf":[],"yoast_head":"<!-- This site is optimized with the Yoast SEO plugin v23.7 - https:\/\/yoast.com\/wordpress\/plugins\/seo\/ -->\n<title>\u00danase a un Comit\u00e9 Internacional - International Council of Museums<\/title>\n<meta name=\"robots\" content=\"index, follow, max-snippet:-1, max-image-preview:large, max-video-preview:-1\" \/>\n<link rel=\"canonical\" href=\"https:\/\/icom.museum\/es\/involucrese\/unase-a-un-comite-internacional\/\" \/>\n<meta property=\"og:locale\" content=\"es_ES\" \/>\n<meta property=\"og:type\" content=\"article\" \/>\n<meta property=\"og:title\" content=\"\u00danase a un Comit\u00e9 Internacional - International Council of Museums\" \/>\n<meta property=\"og:description\" content=\"Los Comit\u00e9s Internacionales del ICOM son centros de reflexi\u00f3n mundial que agrupan a profesionales muse\u00edsticos pertenecientes a un mismo \u00e1mbito para fomentar el intercambio de conocimientos cient\u00edficos y de experiencia profesional. Cada uno de los 32 Comit\u00e9s Internacionales organiza reuniones anuales y talleres por todo el mundo, ofreciendo as\u00ed a sus miembros la oportunidad de [&hellip;]\" \/>\n<meta property=\"og:url\" content=\"https:\/\/icom.museum\/es\/involucrese\/unase-a-un-comite-internacional\/\" \/>\n<meta property=\"og:site_name\" content=\"International Council of Museums\" \/>\n<meta property=\"article:modified_time\" content=\"2025-04-22T09:27:16+00:00\" \/>\n<meta property=\"og:image\" content=\"https:\/\/icom.museum\/wp-content\/uploads\/2018\/07\/12489199_1749329005289137_6499287754450228711_o.jpg\" \/>\n<meta name=\"twitter:card\" content=\"summary_large_image\" \/>\n<meta name=\"twitter:label1\" content=\"Tiempo de lectura\" \/>\n\t<meta name=\"twitter:data1\" content=\"2 minutos\" \/>\n<script type=\"application\/ld+json\" class=\"yoast-schema-graph\">{\"@context\":\"https:\/\/schema.org\",\"@graph\":[{\"@type\":\"WebPage\",\"@id\":\"https:\/\/icom.museum\/es\/involucrese\/unase-a-un-comite-internacional\/\",\"url\":\"https:\/\/icom.museum\/es\/involucrese\/unase-a-un-comite-internacional\/\",\"name\":\"\u00danase a un Comit\u00e9 Internacional - International Council of Museums\",\"isPartOf\":{\"@id\":\"https:\/\/icom.museum\/en\/#website\"},\"datePublished\":\"2018-05-23T10:11:19+00:00\",\"dateModified\":\"2025-04-22T09:27:16+00:00\",\"breadcrumb\":{\"@id\":\"https:\/\/icom.museum\/es\/involucrese\/unase-a-un-comite-internacional\/#breadcrumb\"},\"inLanguage\":\"es\",\"potentialAction\":[{\"@type\":\"ReadAction\",\"target\":[\"https:\/\/icom.museum\/es\/involucrese\/unase-a-un-comite-internacional\/\"]}]},{\"@type\":\"BreadcrumbList\",\"@id\":\"https:\/\/icom.museum\/es\/involucrese\/unase-a-un-comite-internacional\/#breadcrumb\",\"itemListElement\":[{\"@type\":\"ListItem\",\"position\":1,\"name\":\"Home\",\"item\":\"https:\/\/icom.museum\/es\/\"},{\"@type\":\"ListItem\",\"position\":2,\"name\":\"Invol\u00facrese\",\"item\":\"https:\/\/icom.museum\/es\/involucrese\/\"},{\"@type\":\"ListItem\",\"position\":3,\"name\":\"\u00danase a un Comit\u00e9 Internacional\"}]},{\"@type\":\"WebSite\",\"@id\":\"https:\/\/icom.museum\/en\/#website\",\"url\":\"https:\/\/icom.museum\/en\/\",\"name\":\"International Council of Museums\",\"description\":\"A global organisation of museums &amp; museum professionals committed to the promotion and protection of cultural heritage\",\"publisher\":{\"@id\":\"https:\/\/icom.museum\/en\/#organization\"},\"potentialAction\":[{\"@type\":\"SearchAction\",\"target\":{\"@type\":\"EntryPoint\",\"urlTemplate\":\"https:\/\/icom.museum\/en\/?s={search_term_string}\"},\"query-input\":{\"@type\":\"PropertyValueSpecification\",\"valueRequired\":true,\"valueName\":\"search_term_string\"}}],\"inLanguage\":\"es\"},{\"@type\":\"Organization\",\"@id\":\"https:\/\/icom.museum\/en\/#organization\",\"name\":\"International Council of Museums\",\"url\":\"https:\/\/icom.museum\/en\/\",\"logo\":{\"@type\":\"ImageObject\",\"inLanguage\":\"es\",\"@id\":\"https:\/\/icom.museum\/en\/#\/schema\/logo\/image\/\",\"url\":\"https:\/\/icom.museum\/wp-content\/uploads\/2018\/07\/ICOM_M_.jpg\",\"contentUrl\":\"https:\/\/icom.museum\/wp-content\/uploads\/2018\/07\/ICOM_M_.jpg\",\"width\":1721,\"height\":1721,\"caption\":\"International Council of Museums\"},\"image\":{\"@id\":\"https:\/\/icom.museum\/en\/#\/schema\/logo\/image\/\"}}]}<\/script>\n<!-- \/ Yoast SEO plugin. -->","yoast_head_json":{"title":"\u00danase a un Comit\u00e9 Internacional - International Council of Museums","robots":{"index":"index","follow":"follow","max-snippet":"max-snippet:-1","max-image-preview":"max-image-preview:large","max-video-preview":"max-video-preview:-1"},"canonical":"https:\/\/icom.museum\/es\/involucrese\/unase-a-un-comite-internacional\/","og_locale":"es_ES","og_type":"article","og_title":"\u00danase a un Comit\u00e9 Internacional - International Council of Museums","og_description":"Los Comit\u00e9s Internacionales del ICOM son centros de reflexi\u00f3n mundial que agrupan a profesionales muse\u00edsticos pertenecientes a un mismo \u00e1mbito para fomentar el intercambio de conocimientos cient\u00edficos y de experiencia profesional. Cada uno de los 32 Comit\u00e9s Internacionales organiza reuniones anuales y talleres por todo el mundo, ofreciendo as\u00ed a sus miembros la oportunidad de [&hellip;]","og_url":"https:\/\/icom.museum\/es\/involucrese\/unase-a-un-comite-internacional\/","og_site_name":"International Council of Museums","article_modified_time":"2025-04-22T09:27:16+00:00","og_image":[{"url":"https:\/\/icom.museum\/wp-content\/uploads\/2018\/07\/12489199_1749329005289137_6499287754450228711_o.jpg"}],"twitter_card":"summary_large_image","twitter_misc":{"Tiempo de lectura":"2 minutos"},"schema":{"@context":"https:\/\/schema.org","@graph":[{"@type":"WebPage","@id":"https:\/\/icom.museum\/es\/involucrese\/unase-a-un-comite-internacional\/","url":"https:\/\/icom.museum\/es\/involucrese\/unase-a-un-comite-internacional\/","name":"\u00danase a un Comit\u00e9 Internacional - International Council of Museums","isPartOf":{"@id":"https:\/\/icom.museum\/en\/#website"},"datePublished":"2018-05-23T10:11:19+00:00","dateModified":"2025-04-22T09:27:16+00:00","breadcrumb":{"@id":"https:\/\/icom.museum\/es\/involucrese\/unase-a-un-comite-internacional\/#breadcrumb"},"inLanguage":"es","potentialAction":[{"@type":"ReadAction","target":["https:\/\/icom.museum\/es\/involucrese\/unase-a-un-comite-internacional\/"]}]},{"@type":"BreadcrumbList","@id":"https:\/\/icom.museum\/es\/involucrese\/unase-a-un-comite-internacional\/#breadcrumb","itemListElement":[{"@type":"ListItem","position":1,"name":"Home","item":"https:\/\/icom.museum\/es\/"},{"@type":"ListItem","position":2,"name":"Invol\u00facrese","item":"https:\/\/icom.museum\/es\/involucrese\/"},{"@type":"ListItem","position":3,"name":"\u00danase a un Comit\u00e9 Internacional"}]},{"@type":"WebSite","@id":"https:\/\/icom.museum\/en\/#website","url":"https:\/\/icom.museum\/en\/","name":"International Council of Museums","description":"A global organisation of museums &amp; museum professionals committed to the promotion and protection of cultural heritage","publisher":{"@id":"https:\/\/icom.museum\/en\/#organization"},"potentialAction":[{"@type":"SearchAction","target":{"@type":"EntryPoint","urlTemplate":"https:\/\/icom.museum\/en\/?s={search_term_string}"},"query-input":{"@type":"PropertyValueSpecification","valueRequired":true,"valueName":"search_term_string"}}],"inLanguage":"es"},{"@type":"Organization","@id":"https:\/\/icom.museum\/en\/#organization","name":"International Council of Museums","url":"https:\/\/icom.museum\/en\/","logo":{"@type":"ImageObject","inLanguage":"es","@id":"https:\/\/icom.museum\/en\/#\/schema\/logo\/image\/","url":"https:\/\/icom.museum\/wp-content\/uploads\/2018\/07\/ICOM_M_.jpg","contentUrl":"https:\/\/icom.museum\/wp-content\/uploads\/2018\/07\/ICOM_M_.jpg","width":1721,"height":1721,"caption":"International Council of Museums"},"image":{"@id":"https:\/\/icom.museum\/en\/#\/schema\/logo\/image\/"}}]}},"_links":{"self":[{"href":"https:\/\/icom.museum\/es\/wp-json\/wp\/v2\/pages\/5383"}],"collection":[{"href":"https:\/\/icom.museum\/es\/wp-json\/wp\/v2\/pages"}],"about":[{"href":"https:\/\/icom.museum\/es\/wp-json\/wp\/v2\/types\/page"}],"author":[{"embeddable":true,"href":"https:\/\/icom.museum\/es\/wp-json\/wp\/v2\/users\/10"}],"replies":[{"embeddable":true,"href":"https:\/\/icom.museum\/es\/wp-json\/wp\/v2\/comments?post=5383"}],"version-history":[{"count":27,"href":"https:\/\/icom.museum\/es\/wp-json\/wp\/v2\/pages\/5383\/revisions"}],"predecessor-version":[{"id":63489,"href":"https:\/\/icom.museum\/es\/wp-json\/wp\/v2\/pages\/5383\/revisions\/63489"}],"up":[{"embeddable":true,"href":"https:\/\/icom.museum\/es\/wp-json\/wp\/v2\/pages\/6934"}],"wp:attachment":[{"href":"https:\/\/icom.museum\/es\/wp-json\/wp\/v2\/media?parent=5383"}],"curies":[{"name":"wp","href":"https:\/\/api.w.org\/{rel}","templated":true}]}}