{"id":57052,"date":"2024-03-06T18:02:16","date_gmt":"2024-03-06T16:02:16","guid":{"rendered":"https:\/\/icom.museum\/?page_id=57052"},"modified":"2026-02-06T14:24:30","modified_gmt":"2026-02-06T12:24:30","slug":"icom-award","status":"publish","type":"page","link":"https:\/\/icom.museum\/es\/involucrese\/icom-award\/","title":{"rendered":"ICOM Award"},"content":{"rendered":"<h2 class=\"headline\"><b>M\u00e1s informaci\u00f3n sobre el Premio ICOM a la Pr\u00e1ctica del Desarrollo Sostenible en los Museos<\/b><\/h2>\n<div class=\"separator\">\n<p><strong>Acerca del Premio ICOM<\/strong><\/p>\n<\/div>\n<p>En 2023, el ICOM lanz\u00f3 el primer premio mundial que reconoce las iniciativas innovadoras y las pr\u00e1cticas ejemplares de los museos en materia de desarrollo sostenible.<\/p>\n<p>El ICOM, como organizaci\u00f3n mundial, tiene como objetivo demostrar las diversas formas en que el sector muse\u00edstico contribuye al desarrollo sostenible e inspirar a los museos y a los profesionales de los museos de todo el mundo a iniciar o reforzar sus esfuerzos en favor del desarrollo sostenible en la pr\u00e1ctica. El proyecto se desarroll\u00f3 en consonancia con la <a href=\"http:\/\/chrome-extension\/efaidnbmnnnibpcajpcglclefindmkaj\/https:\/icom.museum\/wp-content\/uploads\/2021\/01\/Resolution-sustainability-EN-2.pdf\">Resoluci\u00f3n de Kioto de 2019 del ICOM sobre la sostenibilidad y la aplicaci\u00f3n de la Agenda 2030, Transformar nuestro mundo<\/a>, y el <a href=\"https:\/\/icom.museum\/wp-content\/uploads\/2022\/08\/ES_OGA2022_StrategicPlan_Final_.pdf\">Plan Estrat\u00e9gico del ICOM.<\/a><\/p>\n<p>En la <b>27\u00aa Conferencia General del ICOM celebrada en Dub\u00e1i<\/b>, la <b>Sociedad Hist\u00f3rica y Muse\u00edstica de Barbados<\/b> (BMHS) ha sido anunciada como ganadora del Premio ICOM a la Pr\u00e1ctica del Desarrollo Sostenible en Museos por su proyecto <i>\u00abHistorias compartidas entre Escocia y el Caribe: intercambio transnacional de j\u00f3venes\u00bb<\/i>.<\/p>\n<p><img loading=\"lazy\" decoding=\"async\" class=\"aligncenter size-large wp-image-66314\" src=\"https:\/\/icom.museum\/wp-content\/uploads\/2025\/11\/DAY3_ICOM-02113-1024x683.jpg\" alt=\"\" width=\"1024\" height=\"683\" srcset=\"https:\/\/icom.museum\/wp-content\/uploads\/2025\/11\/DAY3_ICOM-02113-1024x683.jpg 1024w, https:\/\/icom.museum\/wp-content\/uploads\/2025\/11\/DAY3_ICOM-02113-300x200.jpg 300w, https:\/\/icom.museum\/wp-content\/uploads\/2025\/11\/DAY3_ICOM-02113-768x512.jpg 768w, https:\/\/icom.museum\/wp-content\/uploads\/2025\/11\/DAY3_ICOM-02113-1536x1024.jpg 1536w, https:\/\/icom.museum\/wp-content\/uploads\/2025\/11\/DAY3_ICOM-02113-2048x1366.jpg 2048w\" sizes=\"(max-width: 1024px) 100vw, 1024px\" \/><\/p>\n<div class=\"separator\">\n<p><strong>El Premio ICOM en cifras<\/strong><\/p>\n<\/div>\n<ul>\n<li><b>117<\/b> entidades del ICOM participaron en el proceso de aprobaci\u00f3n<\/li>\n<\/ul>\n<ul>\n<li><b>250<\/b> participantes asistieron a las sesiones de capacitaci\u00f3n del Premio ICOM, organizadas con Curating Tomorrow e ICCROM<\/li>\n<\/ul>\n<ul>\n<li><b>150<\/b> candidaturas fueron recibidas de 60 pa\u00edses durante la convocatoria, que estuvo abierta de mayo a noviembre de 2024<\/li>\n<\/ul>\n<ul>\n<li><b>7<\/b> miembros integraron el Jurado del Premio ICOM, presidido por el presidente de ICOM SUSTAIN, el Comit\u00e9 Internacional de Museos y Desarrollo Sostenible.<\/li>\n<\/ul>\n<ul>\n<li><b>130<\/b> proyectos constituyeron la lista preliminar<\/li>\n<\/ul>\n<ul>\n<li><b>25<\/b> proyectos fueron preseleccionados<\/li>\n<\/ul>\n<ul>\n<li><b>5<\/b> proyectos fueron seleccionados como finalistas<\/li>\n<\/ul>\n<div class=\"separator\">\n<p><strong>La lista preliminar del Premio ICOM<\/strong><\/p>\n<\/div>\n<p><img loading=\"lazy\" decoding=\"async\" class=\"aligncenter size-large wp-image-66614\" src=\"https:\/\/icom.museum\/wp-content\/uploads\/2025\/11\/39e99b93-520c-4d6e-8329-ea73c561dcdb-1024x576.png\" alt=\"\" width=\"1024\" height=\"576\" srcset=\"https:\/\/icom.museum\/wp-content\/uploads\/2025\/11\/39e99b93-520c-4d6e-8329-ea73c561dcdb-1024x576.png 1024w, https:\/\/icom.museum\/wp-content\/uploads\/2025\/11\/39e99b93-520c-4d6e-8329-ea73c561dcdb-300x169.png 300w, https:\/\/icom.museum\/wp-content\/uploads\/2025\/11\/39e99b93-520c-4d6e-8329-ea73c561dcdb-768x432.png 768w, https:\/\/icom.museum\/wp-content\/uploads\/2025\/11\/39e99b93-520c-4d6e-8329-ea73c561dcdb-1536x864.png 1536w, https:\/\/icom.museum\/wp-content\/uploads\/2025\/11\/39e99b93-520c-4d6e-8329-ea73c561dcdb.png 1852w\" sizes=\"(max-width: 1024px) 100vw, 1024px\" \/><\/p>\n<p>La lista preliminar del Premio ICOM se public\u00f3 con el objetivo de reconocer los esfuerzos de los museos de todo el mundo por contribuir a los Objetivos de Desarrollo Sostenible. Los 130 proyectos se presentaron en 5 categor\u00edas: <b>Personas, Planeta, Prosperidad, Paz y Partenariado<\/b>, basadas en las cinco dimensiones de los Objetivos de Desarrollo Sostenible.<\/p>\n<p>Esta lista preliminar refleja la diversidad, la creatividad y el compromiso de los museos de todo el mundo. Es un homenaje a los profesionales y las instituciones que trabajan para aprovechar el potencial de los museos en la construcci\u00f3n de un futuro m\u00e1s sostenible y equitativo.<\/p>\n<div class=\"separator\">\n<p><strong>Lista de proyectos preseleccionados para el Premio ICOM<\/strong><\/p>\n<\/div>\n<p>Los 25 proyectos preseleccionados representan la selecci\u00f3n del jurado del Premio ICOM de pr\u00e1cticas muse\u00edsticas ejemplares que contribuyen al desarrollo sostenible de nuestras sociedades. La lista incluye iniciativas muse\u00edsticas que integran los principios del desarrollo sostenible en sus misiones fundamentales, sus operaciones y su compromiso con la comunidad, demostrando c\u00f3mo las instituciones culturales pueden liderar un cambio positivo para la sociedad.<\/p>\n<div class=\"separator\">\n<p><iframe loading=\"lazy\" style=\"border: 0;\" src=\"https:\/\/icomuseums.maps.arcgis.com\/apps\/instant\/basic\/index.html?appid=0a10f576025b4241a8f54ff0b29a037a\" width=\"1200\" height=\"800\" frameborder=\"0\" allowfullscreen=\"allowfullscreen\">iFrames are not supported on this page.<\/iframe><\/p>\n<p><strong>Finalistas del Premio ICOM<\/strong><\/p>\n<\/div>\n<p>Tras un riguroso proceso de selecci\u00f3n, el jurado del Premio ICOM seleccion\u00f3 cinco proyectos para formar parte de los finalistas.<\/p>\n<p>Los proyectos se evaluaron en funci\u00f3n de su (i) contribuci\u00f3n a la Agenda 2030 y a los objetivos de los ODS, (ii) impacto y resultados tangibles, (iii) inclusi\u00f3n y (iv) los resultados de los proyectos basados en las aportaciones.<\/p>\n<ul>\n<li><strong>Galer\u00eda Nacional de Victoria, Australia<\/strong><\/li>\n<li><strong>Museo y Sociedad Hist\u00f3rica de Barbados (BMHS), Barbados<\/strong><\/li>\n<li><strong>Museo de la ciudad de Gante (STAM), B\u00e9lgica<\/strong><\/li>\n<li><strong>Museo de Arte Contempor\u00e1neo Ars Aevi de Sarajevo, Bosnia y Herzegovina<\/strong><\/li>\n<li><strong>Asociaci\u00f3n de Museos de Namibia \/ IDG, Namibia<\/strong><\/li>\n<\/ul>\n<div class=\"separator\">\n<p><strong>Recursos adicionales<\/strong><\/p>\n<\/div>\n<p><span class=\"link_red\"><a href=\"https:\/\/youtu.be\/rOjQIWWyuM0\">Sesi\u00f3n de capacitaci\u00f3n sobre pr\u00e1cticas de desarrollo sostenible para museos en colaboraci\u00f3n con el ICCROM y Curating Tomorrow<\/a><\/span><\/p>\n<p><span class=\"link_blue\"><a href=\"https:\/\/icom.museum\/wp-content\/uploads\/2024\/03\/Henry-McGhie_Agenda-2030-and-the-5Ps_ICOM-Award.pdf\">Presentaci\u00f3n de Henry McGhie sobre la Agenda 2030 y las 5 P<\/a><\/span><\/p>\n<p><span class=\"link_yellow\"><a href=\"https:\/\/icom.museum\/wp-content\/uploads\/2024\/03\/Jose-Luiz-Pederzoli_ICCROM_Our-collections-matter.pdf\">Presentaci\u00f3n de Jos\u00e9-Luiz Pederzoli sobre el kit de herramientas \u00abNuestras colecciones importan\u00bb del ICCROM<\/a><\/span><\/p>\n<p><span class=\"link_black\"><a href=\"https:\/\/ocm.iccrom.org\/\">Kit de herramientas OCM<\/a><\/span><\/p>\n","protected":false},"excerpt":{"rendered":"<p>M\u00e1s informaci\u00f3n sobre el Premio ICOM a la Pr\u00e1ctica del Desarrollo Sostenible en los Museos Acerca del Premio ICOM En 2023, el ICOM lanz\u00f3 el primer premio mundial que reconoce las iniciativas innovadoras y las pr\u00e1cticas ejemplares de los museos en materia de desarrollo sostenible. El ICOM, como organizaci\u00f3n mundial, tiene como objetivo demostrar las [&hellip;]<\/p>\n","protected":false},"author":4,"featured_media":0,"parent":6934,"menu_order":7,"comment_status":"closed","ping_status":"closed","template":"","meta":{"inline_featured_image":false,"footnotes":""},"class_list":["post-57052","page","type-page","status-publish","hentry"],"acf":[],"yoast_head":"<!-- This site is optimized with the Yoast SEO plugin v23.7 - https:\/\/yoast.com\/wordpress\/plugins\/seo\/ -->\n<title>ICOM Award - International Council of Museums<\/title>\n<meta name=\"robots\" content=\"index, follow, max-snippet:-1, max-image-preview:large, max-video-preview:-1\" \/>\n<link rel=\"canonical\" href=\"https:\/\/icom.museum\/es\/involucrese\/icom-award\/\" \/>\n<meta property=\"og:locale\" content=\"es_ES\" \/>\n<meta property=\"og:type\" content=\"article\" \/>\n<meta property=\"og:title\" content=\"ICOM Award - International Council of Museums\" \/>\n<meta property=\"og:description\" content=\"M\u00e1s informaci\u00f3n sobre el Premio ICOM a la Pr\u00e1ctica del Desarrollo Sostenible en los Museos Acerca del Premio ICOM En 2023, el ICOM lanz\u00f3 el primer premio mundial que reconoce las iniciativas innovadoras y las pr\u00e1cticas ejemplares de los museos en materia de desarrollo sostenible. El ICOM, como organizaci\u00f3n mundial, tiene como objetivo demostrar las [&hellip;]\" \/>\n<meta property=\"og:url\" content=\"https:\/\/icom.museum\/es\/involucrese\/icom-award\/\" \/>\n<meta property=\"og:site_name\" content=\"International Council of Museums\" \/>\n<meta property=\"article:modified_time\" content=\"2026-02-06T12:24:30+00:00\" \/>\n<meta property=\"og:image\" content=\"https:\/\/icom.museum\/wp-content\/uploads\/2025\/11\/DAY3_ICOM-02113-scaled.jpg\" \/>\n\t<meta property=\"og:image:width\" content=\"2560\" \/>\n\t<meta property=\"og:image:height\" content=\"1707\" \/>\n\t<meta property=\"og:image:type\" content=\"image\/jpeg\" \/>\n<meta name=\"twitter:card\" content=\"summary_large_image\" \/>\n<meta name=\"twitter:label1\" content=\"Tiempo de lectura\" \/>\n\t<meta name=\"twitter:data1\" content=\"4 minutos\" \/>\n<script type=\"application\/ld+json\" class=\"yoast-schema-graph\">{\"@context\":\"https:\/\/schema.org\",\"@graph\":[{\"@type\":\"WebPage\",\"@id\":\"https:\/\/icom.museum\/es\/involucrese\/icom-award\/\",\"url\":\"https:\/\/icom.museum\/es\/involucrese\/icom-award\/\",\"name\":\"ICOM Award - International Council of Museums\",\"isPartOf\":{\"@id\":\"https:\/\/icom.museum\/en\/#website\"},\"primaryImageOfPage\":{\"@id\":\"https:\/\/icom.museum\/es\/involucrese\/icom-award\/#primaryimage\"},\"image\":{\"@id\":\"https:\/\/icom.museum\/es\/involucrese\/icom-award\/#primaryimage\"},\"thumbnailUrl\":\"https:\/\/icom.museum\/wp-content\/uploads\/2025\/11\/DAY3_ICOM-02113-1024x683.jpg\",\"datePublished\":\"2024-03-06T16:02:16+00:00\",\"dateModified\":\"2026-02-06T12:24:30+00:00\",\"breadcrumb\":{\"@id\":\"https:\/\/icom.museum\/es\/involucrese\/icom-award\/#breadcrumb\"},\"inLanguage\":\"es\",\"potentialAction\":[{\"@type\":\"ReadAction\",\"target\":[\"https:\/\/icom.museum\/es\/involucrese\/icom-award\/\"]}]},{\"@type\":\"ImageObject\",\"inLanguage\":\"es\",\"@id\":\"https:\/\/icom.museum\/es\/involucrese\/icom-award\/#primaryimage\",\"url\":\"https:\/\/icom.museum\/wp-content\/uploads\/2025\/11\/DAY3_ICOM-02113-1024x683.jpg\",\"contentUrl\":\"https:\/\/icom.museum\/wp-content\/uploads\/2025\/11\/DAY3_ICOM-02113-1024x683.jpg\"},{\"@type\":\"BreadcrumbList\",\"@id\":\"https:\/\/icom.museum\/es\/involucrese\/icom-award\/#breadcrumb\",\"itemListElement\":[{\"@type\":\"ListItem\",\"position\":1,\"name\":\"Home\",\"item\":\"https:\/\/icom.museum\/es\/\"},{\"@type\":\"ListItem\",\"position\":2,\"name\":\"Invol\u00facrese\",\"item\":\"https:\/\/icom.museum\/es\/involucrese\/\"},{\"@type\":\"ListItem\",\"position\":3,\"name\":\"ICOM Award\"}]},{\"@type\":\"WebSite\",\"@id\":\"https:\/\/icom.museum\/en\/#website\",\"url\":\"https:\/\/icom.museum\/en\/\",\"name\":\"International Council of Museums\",\"description\":\"A global organisation of museums &amp; museum professionals committed to the promotion and protection of cultural heritage\",\"publisher\":{\"@id\":\"https:\/\/icom.museum\/en\/#organization\"},\"potentialAction\":[{\"@type\":\"SearchAction\",\"target\":{\"@type\":\"EntryPoint\",\"urlTemplate\":\"https:\/\/icom.museum\/en\/?s={search_term_string}\"},\"query-input\":{\"@type\":\"PropertyValueSpecification\",\"valueRequired\":true,\"valueName\":\"search_term_string\"}}],\"inLanguage\":\"es\"},{\"@type\":\"Organization\",\"@id\":\"https:\/\/icom.museum\/en\/#organization\",\"name\":\"International Council of Museums\",\"url\":\"https:\/\/icom.museum\/en\/\",\"logo\":{\"@type\":\"ImageObject\",\"inLanguage\":\"es\",\"@id\":\"https:\/\/icom.museum\/en\/#\/schema\/logo\/image\/\",\"url\":\"https:\/\/icom.museum\/wp-content\/uploads\/2018\/07\/ICOM_M_.jpg\",\"contentUrl\":\"https:\/\/icom.museum\/wp-content\/uploads\/2018\/07\/ICOM_M_.jpg\",\"width\":1721,\"height\":1721,\"caption\":\"International Council of Museums\"},\"image\":{\"@id\":\"https:\/\/icom.museum\/en\/#\/schema\/logo\/image\/\"}}]}<\/script>\n<!-- \/ Yoast SEO plugin. -->","yoast_head_json":{"title":"ICOM Award - International Council of Museums","robots":{"index":"index","follow":"follow","max-snippet":"max-snippet:-1","max-image-preview":"max-image-preview:large","max-video-preview":"max-video-preview:-1"},"canonical":"https:\/\/icom.museum\/es\/involucrese\/icom-award\/","og_locale":"es_ES","og_type":"article","og_title":"ICOM Award - International Council of Museums","og_description":"M\u00e1s informaci\u00f3n sobre el Premio ICOM a la Pr\u00e1ctica del Desarrollo Sostenible en los Museos Acerca del Premio ICOM En 2023, el ICOM lanz\u00f3 el primer premio mundial que reconoce las iniciativas innovadoras y las pr\u00e1cticas ejemplares de los museos en materia de desarrollo sostenible. El ICOM, como organizaci\u00f3n mundial, tiene como objetivo demostrar las [&hellip;]","og_url":"https:\/\/icom.museum\/es\/involucrese\/icom-award\/","og_site_name":"International Council of Museums","article_modified_time":"2026-02-06T12:24:30+00:00","og_image":[{"width":2560,"height":1707,"url":"https:\/\/icom.museum\/wp-content\/uploads\/2025\/11\/DAY3_ICOM-02113-scaled.jpg","type":"image\/jpeg"}],"twitter_card":"summary_large_image","twitter_misc":{"Tiempo de lectura":"4 minutos"},"schema":{"@context":"https:\/\/schema.org","@graph":[{"@type":"WebPage","@id":"https:\/\/icom.museum\/es\/involucrese\/icom-award\/","url":"https:\/\/icom.museum\/es\/involucrese\/icom-award\/","name":"ICOM Award - International Council of Museums","isPartOf":{"@id":"https:\/\/icom.museum\/en\/#website"},"primaryImageOfPage":{"@id":"https:\/\/icom.museum\/es\/involucrese\/icom-award\/#primaryimage"},"image":{"@id":"https:\/\/icom.museum\/es\/involucrese\/icom-award\/#primaryimage"},"thumbnailUrl":"https:\/\/icom.museum\/wp-content\/uploads\/2025\/11\/DAY3_ICOM-02113-1024x683.jpg","datePublished":"2024-03-06T16:02:16+00:00","dateModified":"2026-02-06T12:24:30+00:00","breadcrumb":{"@id":"https:\/\/icom.museum\/es\/involucrese\/icom-award\/#breadcrumb"},"inLanguage":"es","potentialAction":[{"@type":"ReadAction","target":["https:\/\/icom.museum\/es\/involucrese\/icom-award\/"]}]},{"@type":"ImageObject","inLanguage":"es","@id":"https:\/\/icom.museum\/es\/involucrese\/icom-award\/#primaryimage","url":"https:\/\/icom.museum\/wp-content\/uploads\/2025\/11\/DAY3_ICOM-02113-1024x683.jpg","contentUrl":"https:\/\/icom.museum\/wp-content\/uploads\/2025\/11\/DAY3_ICOM-02113-1024x683.jpg"},{"@type":"BreadcrumbList","@id":"https:\/\/icom.museum\/es\/involucrese\/icom-award\/#breadcrumb","itemListElement":[{"@type":"ListItem","position":1,"name":"Home","item":"https:\/\/icom.museum\/es\/"},{"@type":"ListItem","position":2,"name":"Invol\u00facrese","item":"https:\/\/icom.museum\/es\/involucrese\/"},{"@type":"ListItem","position":3,"name":"ICOM Award"}]},{"@type":"WebSite","@id":"https:\/\/icom.museum\/en\/#website","url":"https:\/\/icom.museum\/en\/","name":"International Council of Museums","description":"A global organisation of museums &amp; museum professionals committed to the promotion and protection of cultural heritage","publisher":{"@id":"https:\/\/icom.museum\/en\/#organization"},"potentialAction":[{"@type":"SearchAction","target":{"@type":"EntryPoint","urlTemplate":"https:\/\/icom.museum\/en\/?s={search_term_string}"},"query-input":{"@type":"PropertyValueSpecification","valueRequired":true,"valueName":"search_term_string"}}],"inLanguage":"es"},{"@type":"Organization","@id":"https:\/\/icom.museum\/en\/#organization","name":"International Council of Museums","url":"https:\/\/icom.museum\/en\/","logo":{"@type":"ImageObject","inLanguage":"es","@id":"https:\/\/icom.museum\/en\/#\/schema\/logo\/image\/","url":"https:\/\/icom.museum\/wp-content\/uploads\/2018\/07\/ICOM_M_.jpg","contentUrl":"https:\/\/icom.museum\/wp-content\/uploads\/2018\/07\/ICOM_M_.jpg","width":1721,"height":1721,"caption":"International Council of Museums"},"image":{"@id":"https:\/\/icom.museum\/en\/#\/schema\/logo\/image\/"}}]}},"_links":{"self":[{"href":"https:\/\/icom.museum\/es\/wp-json\/wp\/v2\/pages\/57052"}],"collection":[{"href":"https:\/\/icom.museum\/es\/wp-json\/wp\/v2\/pages"}],"about":[{"href":"https:\/\/icom.museum\/es\/wp-json\/wp\/v2\/types\/page"}],"author":[{"embeddable":true,"href":"https:\/\/icom.museum\/es\/wp-json\/wp\/v2\/users\/4"}],"replies":[{"embeddable":true,"href":"https:\/\/icom.museum\/es\/wp-json\/wp\/v2\/comments?post=57052"}],"version-history":[{"count":28,"href":"https:\/\/icom.museum\/es\/wp-json\/wp\/v2\/pages\/57052\/revisions"}],"predecessor-version":[{"id":67366,"href":"https:\/\/icom.museum\/es\/wp-json\/wp\/v2\/pages\/57052\/revisions\/67366"}],"up":[{"embeddable":true,"href":"https:\/\/icom.museum\/es\/wp-json\/wp\/v2\/pages\/6934"}],"wp:attachment":[{"href":"https:\/\/icom.museum\/es\/wp-json\/wp\/v2\/media?parent=57052"}],"curies":[{"name":"wp","href":"https:\/\/api.w.org\/{rel}","templated":true}]}}