{"id":61477,"date":"2024-12-17T18:04:28","date_gmt":"2024-12-17T16:04:28","guid":{"rendered":"https:\/\/icom.museum\/?page_id=61477"},"modified":"2026-01-22T18:11:41","modified_gmt":"2026-01-22T16:11:41","slug":"resoluciones-del-icom","status":"publish","type":"page","link":"https:\/\/icom.museum\/es\/recursos\/normas-y-directrices\/resoluciones-del-icom\/","title":{"rendered":"Resoluciones del ICOM"},"content":{"rendered":"<h2 class=\"headline\">Esta p\u00e1gina ofrece informaci\u00f3n esencial sobre las Resoluciones del ICOM, su importancia para la organizaci\u00f3n y c\u00f3mo contribuyen a configurar el futuro de los museos de todo el mundo.<\/h2>\n<div class=\"separator\">\n<p><strong>\u00bfQu\u00e9 son las Resoluciones del ICOM?<\/strong><\/p>\n<\/div>\n<p>Seg\u00fan la definici\u00f3n de los <a href=\"https:\/\/icom.museum\/wp-content\/uploads\/2023\/07\/Statutes_2023_ES.pdf\">Estatutos del ICOM<\/a> (art\u00edculo 19, apartado 2), las resoluciones del ICOM son declaraciones formales adoptadas cada tres a\u00f1os por la Asamblea General Ordinaria en el marco de la Conferencia General. Reflejan la visi\u00f3n colectiva, las prioridades y los compromisos de los miembros del ICOM al abordar retos amplios y significativos a los que se enfrentan los museos y el patrimonio cultural. Orientan la misi\u00f3n, los objetivos y la contribuci\u00f3n del ICOM a su Plan Estrat\u00e9gico.<\/p>\n<p>Desde 1946, el ICOM ha adoptado numerosas resoluciones centradas en el desarrollo de capacidades, la colaboraci\u00f3n transfronteriza, la lucha contra el tr\u00e1fico il\u00edcito, la promoci\u00f3n, la educaci\u00f3n y la protecci\u00f3n del patrimonio material e inmaterial. Su prop\u00f3sito es doble: articular la postura oficial de la organizaci\u00f3n y proporcionar una orientaci\u00f3n pr\u00e1ctica para el sector muse\u00edstico.<\/p>\n<p>Una vez adoptadas, se espera que los \u00f3rganos y organismos del ICOM trabajen para la aplicaci\u00f3n de las resoluciones en el siguiente per\u00edodo de tres a\u00f1os.<\/p>\n<div class=\"separator\">\n<p><strong>\u00a0<\/strong><strong>\u00bfPor qu\u00e9 son importantes las resoluciones?<\/strong><\/p>\n<\/div>\n<ul>\n<li>Representan la voz colectiva de los miembros del ICOM,<\/li>\n<li>Proporcionan medidas pr\u00e1cticas acordes con la misi\u00f3n y los objetivos del ICOM,<\/li>\n<li>Desempe\u00f1an un papel clave en la aplicaci\u00f3n del Plan Estrat\u00e9gico del ICOM,<\/li>\n<li>Defienden los intereses y valores de la comunidad muse\u00edstica mundial,<\/li>\n<li>Dejan un legado duradero de cada Conferencia General del ICOM.<\/li>\n<\/ul>\n<div class=\"separator\">\n<p><strong>Resoluciones clave <\/strong><\/p>\n<\/div>\n<p>Desde su creaci\u00f3n en 1946, el ICOM ha adoptado numerosas resoluciones que abordan cuestiones cr\u00edticas y definen sus prioridades. Estas Resoluciones se han centrado sistem\u00e1ticamente en temas clave, como la creaci\u00f3n de capacidades, el intercambio de conocimientos, las actividades transfronterizas, la lucha contra el tr\u00e1fico il\u00edcito de patrimonio cultural y natural, la educaci\u00f3n y la promoci\u00f3n a escala mundial&#8230; etc., dando a los museos y profesionales una voz fuerte en todo el mundo.<\/p>\n<div class=\"separator\">\n<p><strong>Han conducido al establecimiento de normas para los profesionales de los museos<\/strong><\/p>\n<\/div>\n<p><strong>Adopci\u00f3n de normas \u00e9ticas:<\/strong><\/p>\n<ul>\n<li>El ICOM estableci\u00f3 el primer <a href=\"https:\/\/icom.museum\/wp-content\/uploads\/2018\/07\/ICOMs-Resolutions_1986_Eng.pdf\"><em>C\u00f3digo de Deontolog\u00eda Profesional <\/em>mediante la <em>Resoluci\u00f3n n\u00ba 13 <\/em><\/a>durante la 15<sup>th<\/sup> Asamblea General del ICOM en Buenos Aires, Argentina (1986), estableciendo un punto de referencia mundial para las pr\u00e1cticas \u00e9ticas en la profesi\u00f3n muse\u00edstica<\/li>\n<\/ul>\n<p><strong>El desarrollo de capacidades como misi\u00f3n principal:<\/strong><\/p>\n<ul>\n<li>Desde su creaci\u00f3n, el ICOM no ha dejado de dar prioridad a la formaci\u00f3n y el desarrollo profesional de los profesionales de los museos, asegur\u00e1ndose de que est\u00e9n preparados para hacer frente a los retos cambiantes.<\/li>\n<li>Las resoluciones han hecho hincapi\u00e9 de forma recurrente en la importancia del desarrollo de capacidades, reforzando el compromiso del ICOM con el fortalecimiento de la comunidad muse\u00edstica mundial.<\/li>\n<\/ul>\n<div class=\"separator\">\n<p><strong>Estas Resoluciones han sentado las bases de programas e iniciativas duraderas, como:<\/strong><\/p>\n<\/div>\n<ul>\n<li><strong>D\u00eda Internacional de los Museos<\/strong>: Establecido para promover el papel de los museos en todo el mundo (<a href=\"https:\/\/icom.museum\/wp-content\/uploads\/2018\/07\/ICOMs-Resolutions_1953_Eng.pdf,\">4 <sup>th<\/sup><\/a><em>Asamblea <\/em><a href=\"https:\/\/icom.museum\/wp-content\/uploads\/2018\/07\/ICOMs-Resolutions_1953_Eng.pdf,\">General<\/a><em> del ICOM, <\/em><a href=\"https:\/\/icom.museum\/wp-content\/uploads\/2018\/07\/ICOMs-Resolutions_1953_Eng.pdf,\">Mil\u00e1n, Italia<\/a>, 1953, <em>12<sup>th<\/sup> Asamblea General del ICOM, Mosc\u00fa, URSS, 28 de mayo de 1977<\/em>).<\/li>\n<li><strong>Reforzar la cooperaci\u00f3n internacional<\/strong>: Apoyando la creaci\u00f3n de organizaciones como <a href=\"https:\/\/www.iccrom.org\/\">ICCROM<\/a>, defendiendo las voces de los profesionales de los museos a nivel internacional (<a href=\"https:\/\/www.unesco.org\/en\">UNESCO<\/a>, <a href=\"https:\/\/www.wipo.int\/portal\/en\/index.html\">OMPI<\/a>), o reforzando la cooperaci\u00f3n con instituciones asociadas (<a href=\"https:\/\/www.ifla.org\/\">IFLA<\/a>, <a href=\"https:\/\/www.ica.org\/\">ICA<\/a>, <a href=\"https:\/\/www.icomos.org\/fr\">ICOMOS<\/a>).<\/li>\n<\/ul>\n<div class=\"separator\">\n<p><strong>Posicionamiento del ICOM como socio clave en la <\/strong><strong>protecci\u00f3n del patrimonio cultural durante y despu\u00e9s de los conflictos armados<\/strong><\/p>\n<\/div>\n<ul>\n<li>El ICOM ha sensibilizado sobre la importancia de los inventarios a trav\u00e9s de iniciativas como <em>Object ID<\/em>, una norma para documentar e identificar eficazmente los bienes culturales.<\/li>\n<li>Actividades de promoci\u00f3n para fomentar la adopci\u00f3n nacional de convenios internacionales fundamentales, entre ellos:\n<ul>\n<li>Convenci\u00f3n de la UNESCO de 1954 para la protecci\u00f3n de los bienes culturales en caso de conflicto armado,<\/li>\n<li>Convenci\u00f3n de la UNESCO de 1970 sobre las medidas que deben adoptarse para prohibir e impedir la importaci\u00f3n, la exportaci\u00f3n y la transferencia de propiedad il\u00edcitas de bienes culturales,<\/li>\n<li>Convenio de UNIDROIT de 1995 sobre los Bienes Culturales Robados o Exportados Il\u00edcitamente.<\/li>\n<\/ul>\n<\/li>\n<\/ul>\n<div class=\"separator\">\n<p><strong>\u00bfCu\u00e1l es la diferencia entre Resoluciones y Recomendaciones del ICOM?<\/strong><\/p>\n<\/div>\n<p><strong>Resoluciones<\/strong><\/p>\n<p>Adoptadas por la Asamblea General del ICOM<em>, las Resoluciones <\/em>abordan cuestiones amplias y significativas relacionadas con los museos y el patrimonio cultural. Reflejan la voluntad colectiva y la postura oficial del ICOM y sus miembros sobre temas como la \u00e9tica, la preservaci\u00f3n del patrimonio y las respuestas a las crisis mundiales, al tiempo que se alinean con el Plan Estrat\u00e9gico, la misi\u00f3n y los objetivos de la organizaci\u00f3n.<\/p>\n<p><em>Las Resoluciones <\/em>proporcionan un marco general de acci\u00f3n sobre cuestiones de importancia para la comunidad muse\u00edstica mundial. Tras su adopci\u00f3n, se espera que los \u00f3rganos y organismos del ICOM que puedan verse afectados por las Resoluciones trabajen para su aplicaci\u00f3n en un plazo de tres (3) a\u00f1os.<\/p>\n<p><strong>Recomendaciones<\/strong><\/p>\n<p><em>Las recomendaciones <\/em>siguen un proceso estatutario, tal como se indica en el art\u00edculo 12, secci\u00f3n 2, de los Estatutos del ICOM. Propuestas por los Comit\u00e9s Nacionales e Internacionales, son votadas por los miembros del Consejo Consultivo.<\/p>\n<p>El \u00e1mbito de aplicaci\u00f3n de <em>las Recomendaciones <\/em>abarca, sin limitarse a ello, el funcionamiento interno de la Organizaci\u00f3n, la aplicaci\u00f3n del Plan Estrat\u00e9gico o las resoluciones adoptadas por la Asamblea General.<\/p>\n<p>Aunque no son vinculantes, <em>las Recomendaciones <\/em>se someten a la consideraci\u00f3n del Comit\u00e9 Ejecutivo. Sirven de orientaci\u00f3n voluntaria y su aplicaci\u00f3n queda a discreci\u00f3n del Comit\u00e9 Ejecutivo.<\/p>\n<p>Tanto <em>las Resoluciones <\/em>como <em>las Recomendaciones <\/em>contribuyen a la misi\u00f3n del ICOM configurando el panorama muse\u00edstico mundial, pero <em>las Resoluciones <\/em>suelen tener un peso simb\u00f3lico y estrat\u00e9gico m\u00e1s importante, mientras que las <em>Recomendaciones <\/em>se centran m\u00e1s en la aplicaci\u00f3n cotidiana.<\/p>\n<div class=\"separator\">\n<p><strong>Recursos clave<\/strong><\/p>\n<\/div>\n<ul>\n<li><a href=\"https:\/\/icom.museum\/wp-content\/uploads\/2026\/01\/ICOM-2025-Resolutions-ES.pdf\"><strong>Resoluciones del ICOM<\/strong><\/a><\/li>\n<li><a href=\"https:\/\/icom.museum\/wp-content\/uploads\/2026\/01\/ADM_Resolutions_Procedure_2024_ES.pdf\"><strong>Procedimiento de resoluci\u00f3n<\/strong><\/a><\/li>\n<li><a href=\"https:\/\/icom.museum\/wp-content\/uploads\/2022\/08\/ES_OGA2022_StrategicPlan_Final_.pdf\"><strong>Plan Estrat\u00e9gico del ICOM 2022 &#8211; 2028<\/strong>:<\/a> Entienda y descubra c\u00f3mo las Resoluciones del ICOM est\u00e1n conectadas con el Plan Estrat\u00e9gico del ICOM.<\/li>\n<li><strong><a href=\"https:\/\/icom.museum\/wp-content\/uploads\/2024\/10\/Resolutions_2001-2022_es.pdf\">Resoluciones anteriores del ICOM<\/a>: <\/strong>Explore las Resoluciones de anteriores Conferencias Generales del ICOM.<\/li>\n<\/ul>\n","protected":false},"excerpt":{"rendered":"<p>Esta p\u00e1gina ofrece informaci\u00f3n esencial sobre las Resoluciones del ICOM, su importancia para la organizaci\u00f3n y c\u00f3mo contribuyen a configurar el futuro de los museos de todo el mundo. \u00bfQu\u00e9 son las Resoluciones del ICOM? Seg\u00fan la definici\u00f3n de los Estatutos del ICOM (art\u00edculo 19, apartado 2), las resoluciones del ICOM son declaraciones formales adoptadas [&hellip;]<\/p>\n","protected":false},"author":4,"featured_media":0,"parent":7339,"menu_order":5,"comment_status":"closed","ping_status":"closed","template":"","meta":{"inline_featured_image":false,"footnotes":""},"class_list":["post-61477","page","type-page","status-publish","hentry"],"acf":[],"yoast_head":"<!-- This site is optimized with the Yoast SEO plugin v23.7 - https:\/\/yoast.com\/wordpress\/plugins\/seo\/ -->\n<title>Resoluciones del ICOM - International Council of Museums<\/title>\n<meta name=\"robots\" content=\"index, follow, max-snippet:-1, max-image-preview:large, max-video-preview:-1\" \/>\n<link rel=\"canonical\" href=\"https:\/\/icom.museum\/es\/recursos\/normas-y-directrices\/resoluciones-del-icom\/\" \/>\n<meta property=\"og:locale\" content=\"es_ES\" \/>\n<meta property=\"og:type\" content=\"article\" \/>\n<meta property=\"og:title\" content=\"Resoluciones del ICOM - International Council of Museums\" \/>\n<meta property=\"og:description\" content=\"Esta p\u00e1gina ofrece informaci\u00f3n esencial sobre las Resoluciones del ICOM, su importancia para la organizaci\u00f3n y c\u00f3mo contribuyen a configurar el futuro de los museos de todo el mundo. \u00bfQu\u00e9 son las Resoluciones del ICOM? Seg\u00fan la definici\u00f3n de los Estatutos del ICOM (art\u00edculo 19, apartado 2), las resoluciones del ICOM son declaraciones formales adoptadas [&hellip;]\" \/>\n<meta property=\"og:url\" content=\"https:\/\/icom.museum\/es\/recursos\/normas-y-directrices\/resoluciones-del-icom\/\" \/>\n<meta property=\"og:site_name\" content=\"International Council of Museums\" \/>\n<meta property=\"article:modified_time\" content=\"2026-01-22T16:11:41+00:00\" \/>\n<meta property=\"og:image\" content=\"https:\/\/icom.museum\/wp-content\/uploads\/2024\/12\/ICOM-Resolutions-Museums.jpg\" \/>\n<meta name=\"twitter:card\" content=\"summary_large_image\" \/>\n<meta name=\"twitter:label1\" content=\"Tiempo de lectura\" \/>\n\t<meta name=\"twitter:data1\" content=\"5 minutos\" \/>\n<script type=\"application\/ld+json\" class=\"yoast-schema-graph\">{\"@context\":\"https:\/\/schema.org\",\"@graph\":[{\"@type\":\"WebPage\",\"@id\":\"https:\/\/icom.museum\/es\/recursos\/normas-y-directrices\/resoluciones-del-icom\/\",\"url\":\"https:\/\/icom.museum\/es\/recursos\/normas-y-directrices\/resoluciones-del-icom\/\",\"name\":\"Resoluciones del ICOM - International Council of Museums\",\"isPartOf\":{\"@id\":\"https:\/\/icom.museum\/en\/#website\"},\"datePublished\":\"2024-12-17T16:04:28+00:00\",\"dateModified\":\"2026-01-22T16:11:41+00:00\",\"breadcrumb\":{\"@id\":\"https:\/\/icom.museum\/es\/recursos\/normas-y-directrices\/resoluciones-del-icom\/#breadcrumb\"},\"inLanguage\":\"es\",\"potentialAction\":[{\"@type\":\"ReadAction\",\"target\":[\"https:\/\/icom.museum\/es\/recursos\/normas-y-directrices\/resoluciones-del-icom\/\"]}]},{\"@type\":\"BreadcrumbList\",\"@id\":\"https:\/\/icom.museum\/es\/recursos\/normas-y-directrices\/resoluciones-del-icom\/#breadcrumb\",\"itemListElement\":[{\"@type\":\"ListItem\",\"position\":1,\"name\":\"Home\",\"item\":\"https:\/\/icom.museum\/es\/\"},{\"@type\":\"ListItem\",\"position\":2,\"name\":\"Recursos\",\"item\":\"https:\/\/icom.museum\/es\/recursos\/\"},{\"@type\":\"ListItem\",\"position\":3,\"name\":\"Normas y directrices\",\"item\":\"https:\/\/icom.museum\/es\/recursos\/normas-y-directrices\/\"},{\"@type\":\"ListItem\",\"position\":4,\"name\":\"Resoluciones del ICOM\"}]},{\"@type\":\"WebSite\",\"@id\":\"https:\/\/icom.museum\/en\/#website\",\"url\":\"https:\/\/icom.museum\/en\/\",\"name\":\"International Council of Museums\",\"description\":\"A global organisation of museums &amp; museum professionals committed to the promotion and protection of cultural heritage\",\"publisher\":{\"@id\":\"https:\/\/icom.museum\/en\/#organization\"},\"potentialAction\":[{\"@type\":\"SearchAction\",\"target\":{\"@type\":\"EntryPoint\",\"urlTemplate\":\"https:\/\/icom.museum\/en\/?s={search_term_string}\"},\"query-input\":{\"@type\":\"PropertyValueSpecification\",\"valueRequired\":true,\"valueName\":\"search_term_string\"}}],\"inLanguage\":\"es\"},{\"@type\":\"Organization\",\"@id\":\"https:\/\/icom.museum\/en\/#organization\",\"name\":\"International Council of Museums\",\"url\":\"https:\/\/icom.museum\/en\/\",\"logo\":{\"@type\":\"ImageObject\",\"inLanguage\":\"es\",\"@id\":\"https:\/\/icom.museum\/en\/#\/schema\/logo\/image\/\",\"url\":\"https:\/\/icom.museum\/wp-content\/uploads\/2018\/07\/ICOM_M_.jpg\",\"contentUrl\":\"https:\/\/icom.museum\/wp-content\/uploads\/2018\/07\/ICOM_M_.jpg\",\"width\":1721,\"height\":1721,\"caption\":\"International Council of Museums\"},\"image\":{\"@id\":\"https:\/\/icom.museum\/en\/#\/schema\/logo\/image\/\"}}]}<\/script>\n<!-- \/ Yoast SEO plugin. -->","yoast_head_json":{"title":"Resoluciones del ICOM - International Council of Museums","robots":{"index":"index","follow":"follow","max-snippet":"max-snippet:-1","max-image-preview":"max-image-preview:large","max-video-preview":"max-video-preview:-1"},"canonical":"https:\/\/icom.museum\/es\/recursos\/normas-y-directrices\/resoluciones-del-icom\/","og_locale":"es_ES","og_type":"article","og_title":"Resoluciones del ICOM - International Council of Museums","og_description":"Esta p\u00e1gina ofrece informaci\u00f3n esencial sobre las Resoluciones del ICOM, su importancia para la organizaci\u00f3n y c\u00f3mo contribuyen a configurar el futuro de los museos de todo el mundo. \u00bfQu\u00e9 son las Resoluciones del ICOM? Seg\u00fan la definici\u00f3n de los Estatutos del ICOM (art\u00edculo 19, apartado 2), las resoluciones del ICOM son declaraciones formales adoptadas [&hellip;]","og_url":"https:\/\/icom.museum\/es\/recursos\/normas-y-directrices\/resoluciones-del-icom\/","og_site_name":"International Council of Museums","article_modified_time":"2026-01-22T16:11:41+00:00","og_image":[{"url":"https:\/\/icom.museum\/wp-content\/uploads\/2024\/12\/ICOM-Resolutions-Museums.jpg"}],"twitter_card":"summary_large_image","twitter_misc":{"Tiempo de lectura":"5 minutos"},"schema":{"@context":"https:\/\/schema.org","@graph":[{"@type":"WebPage","@id":"https:\/\/icom.museum\/es\/recursos\/normas-y-directrices\/resoluciones-del-icom\/","url":"https:\/\/icom.museum\/es\/recursos\/normas-y-directrices\/resoluciones-del-icom\/","name":"Resoluciones del ICOM - International Council of Museums","isPartOf":{"@id":"https:\/\/icom.museum\/en\/#website"},"datePublished":"2024-12-17T16:04:28+00:00","dateModified":"2026-01-22T16:11:41+00:00","breadcrumb":{"@id":"https:\/\/icom.museum\/es\/recursos\/normas-y-directrices\/resoluciones-del-icom\/#breadcrumb"},"inLanguage":"es","potentialAction":[{"@type":"ReadAction","target":["https:\/\/icom.museum\/es\/recursos\/normas-y-directrices\/resoluciones-del-icom\/"]}]},{"@type":"BreadcrumbList","@id":"https:\/\/icom.museum\/es\/recursos\/normas-y-directrices\/resoluciones-del-icom\/#breadcrumb","itemListElement":[{"@type":"ListItem","position":1,"name":"Home","item":"https:\/\/icom.museum\/es\/"},{"@type":"ListItem","position":2,"name":"Recursos","item":"https:\/\/icom.museum\/es\/recursos\/"},{"@type":"ListItem","position":3,"name":"Normas y directrices","item":"https:\/\/icom.museum\/es\/recursos\/normas-y-directrices\/"},{"@type":"ListItem","position":4,"name":"Resoluciones del ICOM"}]},{"@type":"WebSite","@id":"https:\/\/icom.museum\/en\/#website","url":"https:\/\/icom.museum\/en\/","name":"International Council of Museums","description":"A global organisation of museums &amp; museum professionals committed to the promotion and protection of cultural heritage","publisher":{"@id":"https:\/\/icom.museum\/en\/#organization"},"potentialAction":[{"@type":"SearchAction","target":{"@type":"EntryPoint","urlTemplate":"https:\/\/icom.museum\/en\/?s={search_term_string}"},"query-input":{"@type":"PropertyValueSpecification","valueRequired":true,"valueName":"search_term_string"}}],"inLanguage":"es"},{"@type":"Organization","@id":"https:\/\/icom.museum\/en\/#organization","name":"International Council of Museums","url":"https:\/\/icom.museum\/en\/","logo":{"@type":"ImageObject","inLanguage":"es","@id":"https:\/\/icom.museum\/en\/#\/schema\/logo\/image\/","url":"https:\/\/icom.museum\/wp-content\/uploads\/2018\/07\/ICOM_M_.jpg","contentUrl":"https:\/\/icom.museum\/wp-content\/uploads\/2018\/07\/ICOM_M_.jpg","width":1721,"height":1721,"caption":"International Council of Museums"},"image":{"@id":"https:\/\/icom.museum\/en\/#\/schema\/logo\/image\/"}}]}},"_links":{"self":[{"href":"https:\/\/icom.museum\/es\/wp-json\/wp\/v2\/pages\/61477"}],"collection":[{"href":"https:\/\/icom.museum\/es\/wp-json\/wp\/v2\/pages"}],"about":[{"href":"https:\/\/icom.museum\/es\/wp-json\/wp\/v2\/types\/page"}],"author":[{"embeddable":true,"href":"https:\/\/icom.museum\/es\/wp-json\/wp\/v2\/users\/4"}],"replies":[{"embeddable":true,"href":"https:\/\/icom.museum\/es\/wp-json\/wp\/v2\/comments?post=61477"}],"version-history":[{"count":5,"href":"https:\/\/icom.museum\/es\/wp-json\/wp\/v2\/pages\/61477\/revisions"}],"predecessor-version":[{"id":67137,"href":"https:\/\/icom.museum\/es\/wp-json\/wp\/v2\/pages\/61477\/revisions\/67137"}],"up":[{"embeddable":true,"href":"https:\/\/icom.museum\/es\/wp-json\/wp\/v2\/pages\/7339"}],"wp:attachment":[{"href":"https:\/\/icom.museum\/es\/wp-json\/wp\/v2\/media?parent=61477"}],"curies":[{"name":"wp","href":"https:\/\/api.w.org\/{rel}","templated":true}]}}