{"id":62478,"date":"2025-03-06T14:10:23","date_gmt":"2025-03-06T12:10:23","guid":{"rendered":"https:\/\/icom.museum\/?page_id=62478"},"modified":"2026-01-08T13:44:39","modified_gmt":"2026-01-08T11:44:39","slug":"pagina-de-prensa-del-icom","status":"publish","type":"page","link":"https:\/\/icom.museum\/es\/pagina-de-prensa-del-icom\/","title":{"rendered":"P\u00e1gina de prensa del ICOM"},"content":{"rendered":"<p>El Consejo Internacional de Museos (ICOM) es la organizaci\u00f3n mundial de museos y profesionales de los museos comprometidos con la conservaci\u00f3n, la promoci\u00f3n y el desarrollo del patrimonio cultural. Desde su creaci\u00f3n en 1946, el ICOM ha desempe\u00f1ado un papel fundamental en la definici\u00f3n de las normas profesionales y \u00e9ticas del sector muse\u00edstico en todo el mundo.<\/p>\n<p><b>ICOM News desk<\/b><\/p>\n<p>Visite la sala de prensa del ICOM para consultar comunicados de prensa, contenidos multimedia y otros recursos para periodistas y profesionales de los medios de comunicaci\u00f3n.<\/p>\n<p><span class=\"link_red\"><a href=\"https:\/\/www.mynewsdesk.com\/icom\">ICOM News desk<\/a><\/span><\/p>\n<p><b>Contactos de prensa<\/b><\/p>\n<p>Para consultas de prensa, p\u00f3ngase en contacto con: <a href=\"mailto:communication@icom.museum\">communication@icom.museum<\/a><\/p>\n<p><b>Eventos y conferencias<\/b><\/p>\n<p>Descubra las conferencias y eventos mundiales del ICOM, incluida la Conferencia General trienal.<\/p>\n<p><span class=\"link_red\"><a href=\"https:\/\/www.deepl.com\/en?page_id=2952\">Agenda<\/a><\/span><\/p>\n<p><strong>28.\u00aa Conferencia General del ICOM &#8211; ICOM Rotterdam 2028 : <b>\u00abTendiendo puentes. Conectando mundos, culturas y generaciones\u00bb<\/b><\/strong><\/p>\n<p>El tema de la 27.\u00aa Conferencia General del ICOM &#8211; <a href=\"https:\/\/dubai2025.icom.museum\/es\/\">ICOM Dub\u00e1i 2025<\/a> fue \u00abEl futuro de los museos en comunidades en constante cambio\u00bb.<\/p>\n<p>En el mundo actual, una vor\u00e1gine de acontecimientos globales ha transformado nuestra comprensi\u00f3n del mundo y nuestro lugar en \u00e9l, empuj\u00e1ndonos a una era de constante transformaci\u00f3n. En este panorama en constante evoluci\u00f3n, todos nos esforzamos por adaptarnos, innovar y mantenernos a la vanguardia. \u00abEl futuro de los museos en comunidades en constante cambio\u00bb encapsul\u00f3 el panorama din\u00e1mico y en constante evoluci\u00f3n por el que navegan hoy en d\u00eda nuestras comunidades y museos, mientras que tres subtemas interconectados invitar\u00e1n a debates en profundidad sobre la salvaguardia del patrimonio inmaterial, el poder de la juventud y el auge de las nuevas tecnolog\u00edas.<\/p>\n<p>Entre los aspectos m\u00e1s destacados de la 27.\u00aa Conferencia General del ICOM se encuentraron, entre otros, la sesi\u00f3n sobre el C\u00f3digo de \u00c9tica del ICOM; la sesi\u00f3n y la ceremonia de entrega del Premio ICOM a la Pr\u00e1ctica del Desarrollo Sostenible en los Museos; la conferencia conmemorativa Stephen E. Weil del ICOM; la sesi\u00f3n del ICOM, INTERPOL y UNIDROIT, y mucho m\u00e1s.<\/p>\n<p><b>Siga al ICOM<\/b><\/p>\n<p>Mant\u00e9ngase al d\u00eda de nuestras \u00faltimas noticias sigui\u00e9ndonos en las redes sociales:<\/p>\n<p><span class=\"link_red\"><a href=\"https:\/\/www.linkedin.com\/company\/international-council-of-museums\/?originalSubdomain=fr\" target=\"_blank\" rel=\"noopener\">LinkedIn<\/a><\/span><span class=\"link_yellow\"><a href=\"https:\/\/www.instagram.com\/icomofficiel\/?hl=fr\" target=\"_blank\" rel=\"noopener\">Instagram<\/a><\/span><span class=\"link_blue\"><a href=\"https:\/\/www.facebook.com\/IcomOfficiel\/?locale=fr_FR\" target=\"_blank\" rel=\"noopener\">Facebook<\/a><\/span><span class=\"link_black\"><a href=\"https:\/\/www.youtube.com\/@internationalcouncilofmuseums\" target=\"_blank\" rel=\"noopener\"><span data-ccp-props=\"{&quot;134233117&quot;:false,&quot;134233118&quot;:false,&quot;335559738&quot;:240,&quot;335559739&quot;:240}\">Youtube<\/span><\/a><\/span><span class=\"link_yellow\"><a href=\"https:\/\/www.threads.com\/@icomofficiel\" target=\"_blank\" rel=\"noopener\">Threads<\/a><\/span><\/p>\n","protected":false},"excerpt":{"rendered":"<p>El Consejo Internacional de Museos (ICOM) es la organizaci\u00f3n mundial de museos y profesionales de los museos comprometidos con la conservaci\u00f3n, la promoci\u00f3n y el desarrollo del patrimonio cultural. Desde su creaci\u00f3n en 1946, el ICOM ha desempe\u00f1ado un papel fundamental en la definici\u00f3n de las normas profesionales y \u00e9ticas del sector muse\u00edstico en todo [&hellip;]<\/p>\n","protected":false},"author":4,"featured_media":0,"parent":0,"menu_order":0,"comment_status":"closed","ping_status":"closed","template":"","meta":{"inline_featured_image":false,"footnotes":""},"class_list":["post-62478","page","type-page","status-publish","hentry"],"acf":[],"yoast_head":"<!-- This site is optimized with the Yoast SEO plugin v23.7 - https:\/\/yoast.com\/wordpress\/plugins\/seo\/ -->\n<title>P\u00e1gina de prensa del ICOM - International Council of Museums<\/title>\n<meta name=\"robots\" content=\"index, follow, max-snippet:-1, max-image-preview:large, max-video-preview:-1\" \/>\n<link rel=\"canonical\" href=\"https:\/\/icom.museum\/es\/pagina-de-prensa-del-icom\/\" \/>\n<meta property=\"og:locale\" content=\"es_ES\" \/>\n<meta property=\"og:type\" content=\"article\" \/>\n<meta property=\"og:title\" content=\"P\u00e1gina de prensa del ICOM - International Council of Museums\" \/>\n<meta property=\"og:description\" content=\"El Consejo Internacional de Museos (ICOM) es la organizaci\u00f3n mundial de museos y profesionales de los museos comprometidos con la conservaci\u00f3n, la promoci\u00f3n y el desarrollo del patrimonio cultural. Desde su creaci\u00f3n en 1946, el ICOM ha desempe\u00f1ado un papel fundamental en la definici\u00f3n de las normas profesionales y \u00e9ticas del sector muse\u00edstico en todo [&hellip;]\" \/>\n<meta property=\"og:url\" content=\"https:\/\/icom.museum\/es\/pagina-de-prensa-del-icom\/\" \/>\n<meta property=\"og:site_name\" content=\"International Council of Museums\" \/>\n<meta property=\"article:modified_time\" content=\"2026-01-08T11:44:39+00:00\" \/>\n<meta property=\"og:image\" content=\"https:\/\/icom.museum\/wp-content\/uploads\/2025\/03\/Website-Article-6.jpg\" \/>\n<meta name=\"twitter:card\" content=\"summary_large_image\" \/>\n<meta name=\"twitter:label1\" content=\"Tiempo de lectura\" \/>\n\t<meta name=\"twitter:data1\" content=\"2 minutos\" \/>\n<script type=\"application\/ld+json\" class=\"yoast-schema-graph\">{\"@context\":\"https:\/\/schema.org\",\"@graph\":[{\"@type\":\"WebPage\",\"@id\":\"https:\/\/icom.museum\/es\/pagina-de-prensa-del-icom\/\",\"url\":\"https:\/\/icom.museum\/es\/pagina-de-prensa-del-icom\/\",\"name\":\"P\u00e1gina de prensa del ICOM - International Council of Museums\",\"isPartOf\":{\"@id\":\"https:\/\/icom.museum\/en\/#website\"},\"datePublished\":\"2025-03-06T12:10:23+00:00\",\"dateModified\":\"2026-01-08T11:44:39+00:00\",\"breadcrumb\":{\"@id\":\"https:\/\/icom.museum\/es\/pagina-de-prensa-del-icom\/#breadcrumb\"},\"inLanguage\":\"es\",\"potentialAction\":[{\"@type\":\"ReadAction\",\"target\":[\"https:\/\/icom.museum\/es\/pagina-de-prensa-del-icom\/\"]}]},{\"@type\":\"BreadcrumbList\",\"@id\":\"https:\/\/icom.museum\/es\/pagina-de-prensa-del-icom\/#breadcrumb\",\"itemListElement\":[{\"@type\":\"ListItem\",\"position\":1,\"name\":\"Home\",\"item\":\"https:\/\/icom.museum\/es\/\"},{\"@type\":\"ListItem\",\"position\":2,\"name\":\"P\u00e1gina de prensa del ICOM\"}]},{\"@type\":\"WebSite\",\"@id\":\"https:\/\/icom.museum\/en\/#website\",\"url\":\"https:\/\/icom.museum\/en\/\",\"name\":\"International Council of Museums\",\"description\":\"A global organisation of museums &amp; museum professionals committed to the promotion and protection of cultural heritage\",\"publisher\":{\"@id\":\"https:\/\/icom.museum\/en\/#organization\"},\"potentialAction\":[{\"@type\":\"SearchAction\",\"target\":{\"@type\":\"EntryPoint\",\"urlTemplate\":\"https:\/\/icom.museum\/en\/?s={search_term_string}\"},\"query-input\":{\"@type\":\"PropertyValueSpecification\",\"valueRequired\":true,\"valueName\":\"search_term_string\"}}],\"inLanguage\":\"es\"},{\"@type\":\"Organization\",\"@id\":\"https:\/\/icom.museum\/en\/#organization\",\"name\":\"International Council of Museums\",\"url\":\"https:\/\/icom.museum\/en\/\",\"logo\":{\"@type\":\"ImageObject\",\"inLanguage\":\"es\",\"@id\":\"https:\/\/icom.museum\/en\/#\/schema\/logo\/image\/\",\"url\":\"https:\/\/icom.museum\/wp-content\/uploads\/2018\/07\/ICOM_M_.jpg\",\"contentUrl\":\"https:\/\/icom.museum\/wp-content\/uploads\/2018\/07\/ICOM_M_.jpg\",\"width\":1721,\"height\":1721,\"caption\":\"International Council of Museums\"},\"image\":{\"@id\":\"https:\/\/icom.museum\/en\/#\/schema\/logo\/image\/\"}}]}<\/script>\n<!-- \/ Yoast SEO plugin. -->","yoast_head_json":{"title":"P\u00e1gina de prensa del ICOM - International Council of Museums","robots":{"index":"index","follow":"follow","max-snippet":"max-snippet:-1","max-image-preview":"max-image-preview:large","max-video-preview":"max-video-preview:-1"},"canonical":"https:\/\/icom.museum\/es\/pagina-de-prensa-del-icom\/","og_locale":"es_ES","og_type":"article","og_title":"P\u00e1gina de prensa del ICOM - International Council of Museums","og_description":"El Consejo Internacional de Museos (ICOM) es la organizaci\u00f3n mundial de museos y profesionales de los museos comprometidos con la conservaci\u00f3n, la promoci\u00f3n y el desarrollo del patrimonio cultural. Desde su creaci\u00f3n en 1946, el ICOM ha desempe\u00f1ado un papel fundamental en la definici\u00f3n de las normas profesionales y \u00e9ticas del sector muse\u00edstico en todo [&hellip;]","og_url":"https:\/\/icom.museum\/es\/pagina-de-prensa-del-icom\/","og_site_name":"International Council of Museums","article_modified_time":"2026-01-08T11:44:39+00:00","og_image":[{"url":"https:\/\/icom.museum\/wp-content\/uploads\/2025\/03\/Website-Article-6.jpg"}],"twitter_card":"summary_large_image","twitter_misc":{"Tiempo de lectura":"2 minutos"},"schema":{"@context":"https:\/\/schema.org","@graph":[{"@type":"WebPage","@id":"https:\/\/icom.museum\/es\/pagina-de-prensa-del-icom\/","url":"https:\/\/icom.museum\/es\/pagina-de-prensa-del-icom\/","name":"P\u00e1gina de prensa del ICOM - International Council of Museums","isPartOf":{"@id":"https:\/\/icom.museum\/en\/#website"},"datePublished":"2025-03-06T12:10:23+00:00","dateModified":"2026-01-08T11:44:39+00:00","breadcrumb":{"@id":"https:\/\/icom.museum\/es\/pagina-de-prensa-del-icom\/#breadcrumb"},"inLanguage":"es","potentialAction":[{"@type":"ReadAction","target":["https:\/\/icom.museum\/es\/pagina-de-prensa-del-icom\/"]}]},{"@type":"BreadcrumbList","@id":"https:\/\/icom.museum\/es\/pagina-de-prensa-del-icom\/#breadcrumb","itemListElement":[{"@type":"ListItem","position":1,"name":"Home","item":"https:\/\/icom.museum\/es\/"},{"@type":"ListItem","position":2,"name":"P\u00e1gina de prensa del ICOM"}]},{"@type":"WebSite","@id":"https:\/\/icom.museum\/en\/#website","url":"https:\/\/icom.museum\/en\/","name":"International Council of Museums","description":"A global organisation of museums &amp; museum professionals committed to the promotion and protection of cultural heritage","publisher":{"@id":"https:\/\/icom.museum\/en\/#organization"},"potentialAction":[{"@type":"SearchAction","target":{"@type":"EntryPoint","urlTemplate":"https:\/\/icom.museum\/en\/?s={search_term_string}"},"query-input":{"@type":"PropertyValueSpecification","valueRequired":true,"valueName":"search_term_string"}}],"inLanguage":"es"},{"@type":"Organization","@id":"https:\/\/icom.museum\/en\/#organization","name":"International Council of Museums","url":"https:\/\/icom.museum\/en\/","logo":{"@type":"ImageObject","inLanguage":"es","@id":"https:\/\/icom.museum\/en\/#\/schema\/logo\/image\/","url":"https:\/\/icom.museum\/wp-content\/uploads\/2018\/07\/ICOM_M_.jpg","contentUrl":"https:\/\/icom.museum\/wp-content\/uploads\/2018\/07\/ICOM_M_.jpg","width":1721,"height":1721,"caption":"International Council of Museums"},"image":{"@id":"https:\/\/icom.museum\/en\/#\/schema\/logo\/image\/"}}]}},"_links":{"self":[{"href":"https:\/\/icom.museum\/es\/wp-json\/wp\/v2\/pages\/62478"}],"collection":[{"href":"https:\/\/icom.museum\/es\/wp-json\/wp\/v2\/pages"}],"about":[{"href":"https:\/\/icom.museum\/es\/wp-json\/wp\/v2\/types\/page"}],"author":[{"embeddable":true,"href":"https:\/\/icom.museum\/es\/wp-json\/wp\/v2\/users\/4"}],"replies":[{"embeddable":true,"href":"https:\/\/icom.museum\/es\/wp-json\/wp\/v2\/comments?post=62478"}],"version-history":[{"count":10,"href":"https:\/\/icom.museum\/es\/wp-json\/wp\/v2\/pages\/62478\/revisions"}],"predecessor-version":[{"id":66968,"href":"https:\/\/icom.museum\/es\/wp-json\/wp\/v2\/pages\/62478\/revisions\/66968"}],"wp:attachment":[{"href":"https:\/\/icom.museum\/es\/wp-json\/wp\/v2\/media?parent=62478"}],"curies":[{"name":"wp","href":"https:\/\/api.w.org\/{rel}","templated":true}]}}