{"id":64384,"date":"2025-07-01T15:00:00","date_gmt":"2025-07-01T13:00:00","guid":{"rendered":"https:\/\/icom.museum\/concours\/"},"modified":"2025-07-03T16:42:06","modified_gmt":"2025-07-03T14:42:06","slug":"premio-icom-a-la-practica-del-desarrollo-sostenible-en-museos-lista-preliminar","status":"publish","type":"page","link":"https:\/\/icom.museum\/es\/premio-icom-a-la-practica-del-desarrollo-sostenible-en-museos-lista-preliminar\/","title":{"rendered":"Premio ICOM a la Pr\u00e1ctica del Desarrollo Sostenible en Museos  \u2013 Lista Preliminar"},"content":{"rendered":"<p>Como organizaci\u00f3n global, ICOM tiene el compromiso de destacar el papel esencial que desempe\u00f1an los museos en la promoci\u00f3n del desarrollo sostenible. Con esta iniciativa, buscamos inspirar a los museos y a los profesionales del sector en todo el mundo a iniciar \u2013 o fortalecer \u2013 sus esfuerzos para integrar el desarrollo sostenible en sus pr\u00e1cticas.<\/p>\n<p>Con este objetivo, ICOM lanz\u00f3 el <a href=\"https:\/\/icom.museum\/es\/news\/premio-icom-a-las-practicas-de-desarrollo-sostenible-en-museos\/\">Premio ICOM a la Pr\u00e1ctica del Desarrollo Sostenible en Museos<\/a>, el primer galard\u00f3n global que reconoce iniciativas innovadoras y pr\u00e1cticas ejemplares que contribuyen de manera significativa al desarrollo sostenible en el \u00e1mbito muse\u00edstico.<\/p>\n<p>Tras la convocatoria lanzada en 2024, y con el valioso apoyo de nuestros \u00d3rganos de ICOM, el Premio recibi\u00f3 130 proyectos elegibles procedentes de 60 pa\u00edses \u2013 una clara muestra del compromiso del sector con los Objetivos de Desarrollo Sostenible. Esta lista preliminar refleja la diversidad, la creatividad y el compromiso de los museos en todo el mundo. Es un homenaje a los profesionales e instituciones que trabajan incansablemente para aprovechar el potencial de los museos en la construcci\u00f3n de un futuro m\u00e1s sostenible y equitativo.<\/p>\n","protected":false},"excerpt":{"rendered":"<p>Como organizaci\u00f3n global, ICOM tiene el compromiso de destacar el papel esencial que desempe\u00f1an los museos en la promoci\u00f3n del desarrollo sostenible. Con esta iniciativa, buscamos inspirar a los museos y a los profesionales del sector en todo el mundo a iniciar \u2013 o fortalecer \u2013 sus esfuerzos para integrar el desarrollo sostenible en sus [&hellip;]<\/p>\n","protected":false},"author":4916,"featured_media":0,"parent":0,"menu_order":0,"comment_status":"closed","ping_status":"closed","template":"page-awards-longlist.php","meta":{"inline_featured_image":false,"footnotes":""},"class_list":["post-64384","page","type-page","status-publish","hentry"],"acf":[],"yoast_head":"<!-- This site is optimized with the Yoast SEO plugin v23.7 - https:\/\/yoast.com\/wordpress\/plugins\/seo\/ -->\n<title>Premio ICOM a la Pr\u00e1ctica del Desarrollo Sostenible en Museos \u2013 Lista Preliminar - International Council of Museums<\/title>\n<meta name=\"robots\" content=\"index, follow, max-snippet:-1, max-image-preview:large, max-video-preview:-1\" \/>\n<link rel=\"canonical\" href=\"https:\/\/icom.museum\/es\/premio-icom-a-la-practica-del-desarrollo-sostenible-en-museos-lista-preliminar\/\" \/>\n<meta property=\"og:locale\" content=\"es_ES\" \/>\n<meta property=\"og:type\" content=\"article\" \/>\n<meta property=\"og:title\" content=\"Premio ICOM a la Pr\u00e1ctica del Desarrollo Sostenible en Museos \u2013 Lista Preliminar - International Council of Museums\" \/>\n<meta property=\"og:description\" content=\"Como organizaci\u00f3n global, ICOM tiene el compromiso de destacar el papel esencial que desempe\u00f1an los museos en la promoci\u00f3n del desarrollo sostenible. Con esta iniciativa, buscamos inspirar a los museos y a los profesionales del sector en todo el mundo a iniciar \u2013 o fortalecer \u2013 sus esfuerzos para integrar el desarrollo sostenible en sus [&hellip;]\" \/>\n<meta property=\"og:url\" content=\"https:\/\/icom.museum\/es\/premio-icom-a-la-practica-del-desarrollo-sostenible-en-museos-lista-preliminar\/\" \/>\n<meta property=\"og:site_name\" content=\"International Council of Museums\" \/>\n<meta property=\"article:modified_time\" content=\"2025-07-03T14:42:06+00:00\" \/>\n<meta name=\"twitter:card\" content=\"summary_large_image\" \/>\n<meta name=\"twitter:label1\" content=\"Tiempo de lectura\" \/>\n\t<meta name=\"twitter:data1\" content=\"1 minuto\" \/>\n<script type=\"application\/ld+json\" class=\"yoast-schema-graph\">{\"@context\":\"https:\/\/schema.org\",\"@graph\":[{\"@type\":\"WebPage\",\"@id\":\"https:\/\/icom.museum\/es\/premio-icom-a-la-practica-del-desarrollo-sostenible-en-museos-lista-preliminar\/\",\"url\":\"https:\/\/icom.museum\/es\/premio-icom-a-la-practica-del-desarrollo-sostenible-en-museos-lista-preliminar\/\",\"name\":\"Premio ICOM a la Pr\u00e1ctica del Desarrollo Sostenible en Museos \u2013 Lista Preliminar - International Council of Museums\",\"isPartOf\":{\"@id\":\"https:\/\/icom.museum\/en\/#website\"},\"datePublished\":\"2025-07-01T13:00:00+00:00\",\"dateModified\":\"2025-07-03T14:42:06+00:00\",\"breadcrumb\":{\"@id\":\"https:\/\/icom.museum\/es\/premio-icom-a-la-practica-del-desarrollo-sostenible-en-museos-lista-preliminar\/#breadcrumb\"},\"inLanguage\":\"es\",\"potentialAction\":[{\"@type\":\"ReadAction\",\"target\":[\"https:\/\/icom.museum\/es\/premio-icom-a-la-practica-del-desarrollo-sostenible-en-museos-lista-preliminar\/\"]}]},{\"@type\":\"BreadcrumbList\",\"@id\":\"https:\/\/icom.museum\/es\/premio-icom-a-la-practica-del-desarrollo-sostenible-en-museos-lista-preliminar\/#breadcrumb\",\"itemListElement\":[{\"@type\":\"ListItem\",\"position\":1,\"name\":\"Home\",\"item\":\"https:\/\/icom.museum\/es\/\"},{\"@type\":\"ListItem\",\"position\":2,\"name\":\"Premio ICOM a la Pr\u00e1ctica del Desarrollo Sostenible en Museos \u2013 Lista Preliminar\"}]},{\"@type\":\"WebSite\",\"@id\":\"https:\/\/icom.museum\/en\/#website\",\"url\":\"https:\/\/icom.museum\/en\/\",\"name\":\"International Council of Museums\",\"description\":\"A global organisation of museums &amp; museum professionals committed to the promotion and protection of cultural heritage\",\"publisher\":{\"@id\":\"https:\/\/icom.museum\/en\/#organization\"},\"potentialAction\":[{\"@type\":\"SearchAction\",\"target\":{\"@type\":\"EntryPoint\",\"urlTemplate\":\"https:\/\/icom.museum\/en\/?s={search_term_string}\"},\"query-input\":{\"@type\":\"PropertyValueSpecification\",\"valueRequired\":true,\"valueName\":\"search_term_string\"}}],\"inLanguage\":\"es\"},{\"@type\":\"Organization\",\"@id\":\"https:\/\/icom.museum\/en\/#organization\",\"name\":\"International Council of Museums\",\"url\":\"https:\/\/icom.museum\/en\/\",\"logo\":{\"@type\":\"ImageObject\",\"inLanguage\":\"es\",\"@id\":\"https:\/\/icom.museum\/en\/#\/schema\/logo\/image\/\",\"url\":\"https:\/\/icom.museum\/wp-content\/uploads\/2018\/07\/ICOM_M_.jpg\",\"contentUrl\":\"https:\/\/icom.museum\/wp-content\/uploads\/2018\/07\/ICOM_M_.jpg\",\"width\":1721,\"height\":1721,\"caption\":\"International Council of Museums\"},\"image\":{\"@id\":\"https:\/\/icom.museum\/en\/#\/schema\/logo\/image\/\"}}]}<\/script>\n<!-- \/ Yoast SEO plugin. -->","yoast_head_json":{"title":"Premio ICOM a la Pr\u00e1ctica del Desarrollo Sostenible en Museos \u2013 Lista Preliminar - International Council of Museums","robots":{"index":"index","follow":"follow","max-snippet":"max-snippet:-1","max-image-preview":"max-image-preview:large","max-video-preview":"max-video-preview:-1"},"canonical":"https:\/\/icom.museum\/es\/premio-icom-a-la-practica-del-desarrollo-sostenible-en-museos-lista-preliminar\/","og_locale":"es_ES","og_type":"article","og_title":"Premio ICOM a la Pr\u00e1ctica del Desarrollo Sostenible en Museos \u2013 Lista Preliminar - International Council of Museums","og_description":"Como organizaci\u00f3n global, ICOM tiene el compromiso de destacar el papel esencial que desempe\u00f1an los museos en la promoci\u00f3n del desarrollo sostenible. Con esta iniciativa, buscamos inspirar a los museos y a los profesionales del sector en todo el mundo a iniciar \u2013 o fortalecer \u2013 sus esfuerzos para integrar el desarrollo sostenible en sus [&hellip;]","og_url":"https:\/\/icom.museum\/es\/premio-icom-a-la-practica-del-desarrollo-sostenible-en-museos-lista-preliminar\/","og_site_name":"International Council of Museums","article_modified_time":"2025-07-03T14:42:06+00:00","twitter_card":"summary_large_image","twitter_misc":{"Tiempo de lectura":"1 minuto"},"schema":{"@context":"https:\/\/schema.org","@graph":[{"@type":"WebPage","@id":"https:\/\/icom.museum\/es\/premio-icom-a-la-practica-del-desarrollo-sostenible-en-museos-lista-preliminar\/","url":"https:\/\/icom.museum\/es\/premio-icom-a-la-practica-del-desarrollo-sostenible-en-museos-lista-preliminar\/","name":"Premio ICOM a la Pr\u00e1ctica del Desarrollo Sostenible en Museos \u2013 Lista Preliminar - International Council of Museums","isPartOf":{"@id":"https:\/\/icom.museum\/en\/#website"},"datePublished":"2025-07-01T13:00:00+00:00","dateModified":"2025-07-03T14:42:06+00:00","breadcrumb":{"@id":"https:\/\/icom.museum\/es\/premio-icom-a-la-practica-del-desarrollo-sostenible-en-museos-lista-preliminar\/#breadcrumb"},"inLanguage":"es","potentialAction":[{"@type":"ReadAction","target":["https:\/\/icom.museum\/es\/premio-icom-a-la-practica-del-desarrollo-sostenible-en-museos-lista-preliminar\/"]}]},{"@type":"BreadcrumbList","@id":"https:\/\/icom.museum\/es\/premio-icom-a-la-practica-del-desarrollo-sostenible-en-museos-lista-preliminar\/#breadcrumb","itemListElement":[{"@type":"ListItem","position":1,"name":"Home","item":"https:\/\/icom.museum\/es\/"},{"@type":"ListItem","position":2,"name":"Premio ICOM a la Pr\u00e1ctica del Desarrollo Sostenible en Museos \u2013 Lista Preliminar"}]},{"@type":"WebSite","@id":"https:\/\/icom.museum\/en\/#website","url":"https:\/\/icom.museum\/en\/","name":"International Council of Museums","description":"A global organisation of museums &amp; museum professionals committed to the promotion and protection of cultural heritage","publisher":{"@id":"https:\/\/icom.museum\/en\/#organization"},"potentialAction":[{"@type":"SearchAction","target":{"@type":"EntryPoint","urlTemplate":"https:\/\/icom.museum\/en\/?s={search_term_string}"},"query-input":{"@type":"PropertyValueSpecification","valueRequired":true,"valueName":"search_term_string"}}],"inLanguage":"es"},{"@type":"Organization","@id":"https:\/\/icom.museum\/en\/#organization","name":"International Council of Museums","url":"https:\/\/icom.museum\/en\/","logo":{"@type":"ImageObject","inLanguage":"es","@id":"https:\/\/icom.museum\/en\/#\/schema\/logo\/image\/","url":"https:\/\/icom.museum\/wp-content\/uploads\/2018\/07\/ICOM_M_.jpg","contentUrl":"https:\/\/icom.museum\/wp-content\/uploads\/2018\/07\/ICOM_M_.jpg","width":1721,"height":1721,"caption":"International Council of Museums"},"image":{"@id":"https:\/\/icom.museum\/en\/#\/schema\/logo\/image\/"}}]}},"_links":{"self":[{"href":"https:\/\/icom.museum\/es\/wp-json\/wp\/v2\/pages\/64384"}],"collection":[{"href":"https:\/\/icom.museum\/es\/wp-json\/wp\/v2\/pages"}],"about":[{"href":"https:\/\/icom.museum\/es\/wp-json\/wp\/v2\/types\/page"}],"author":[{"embeddable":true,"href":"https:\/\/icom.museum\/es\/wp-json\/wp\/v2\/users\/4916"}],"replies":[{"embeddable":true,"href":"https:\/\/icom.museum\/es\/wp-json\/wp\/v2\/comments?post=64384"}],"version-history":[{"count":2,"href":"https:\/\/icom.museum\/es\/wp-json\/wp\/v2\/pages\/64384\/revisions"}],"predecessor-version":[{"id":64422,"href":"https:\/\/icom.museum\/es\/wp-json\/wp\/v2\/pages\/64384\/revisions\/64422"}],"wp:attachment":[{"href":"https:\/\/icom.museum\/es\/wp-json\/wp\/v2\/media?parent=64384"}],"curies":[{"name":"wp","href":"https:\/\/api.w.org\/{rel}","templated":true}]}}