{"id":68163,"date":"2026-04-17T17:29:26","date_gmt":"2026-04-17T15:29:26","guid":{"rendered":"https:\/\/icom.museum\/?page_id=68163"},"modified":"2026-04-17T17:51:45","modified_gmt":"2026-04-17T15:51:45","slug":"fundacion-icom","status":"publish","type":"page","link":"https:\/\/icom.museum\/es\/involucrese\/fundacion-icom\/","title":{"rendered":"Fundaci\u00f3n ICOM"},"content":{"rendered":"<h2 class=\"headline\"><b>Apoyando a los museos y al patrimonio en todo el mundo desde 1965<\/b><\/h2>\n<p>Durante m\u00e1s de sesenta a\u00f1os, la Fundaci\u00f3n ICOM ha desempe\u00f1ado un papel fundamental en el apoyo al Consejo Internacional de Museos (ICOM) y a la comunidad muse\u00edstica mundial. Gracias al compromiso de sus colaboradores, la Fundaci\u00f3n contribuye a salvaguardar el patrimonio cultural, a empoderar a los profesionales de los museos y a reforzar la cooperaci\u00f3n internacional.<\/p>\n<div class=\"separator\">\n<p><b>Historia de la Fundaci\u00f3n ICOM<\/b><\/p>\n<\/div>\n<p>La Fundaci\u00f3n ICOM se cre\u00f3 en 1965, tras una decisi\u00f3n del Consejo Ejecutivo del ICOM. Se constituy\u00f3 formalmente en Z\u00farich el 15 de junio de 1965 por parte de figuras destacadas del mundo de los museos, entre las que se encontraban:<\/p>\n<ul>\n<li><b>Sir Philip Hendy<\/b>, director de la National Gallery de Londres<\/li>\n<li><b>Dr. Fritz Gysin<\/b>, director del Museo Nacional Suizo de Z\u00farich<\/li>\n<li><b>Dr. Arthur van Schendel<\/b>, director del Rijksmuseum de \u00c1msterdam<\/li>\n<li><b>Maurice Daumas<\/b>, director del Mus\u00e9e des Arts et M\u00e9tiers de Par\u00eds<\/li>\n<\/ul>\n<p>Su creaci\u00f3n se anunci\u00f3 oficialmente durante la 8.\u00aa Conferencia General del ICOM celebrada en Nueva York a finales de ese mismo a\u00f1o.<\/p>\n<p>Desde el principio, la Fundaci\u00f3n se concibi\u00f3 como un instrumento clave para proporcionar apoyo financiero al ICOM y reforzar su misi\u00f3n en todo el mundo.<\/p>\n<p>A lo largo de las d\u00e9cadas, varios destacados responsables de museos y antiguos presidentes del ICOM han marcado el desarrollo de la Fundaci\u00f3n, entre ellos:<\/p>\n<ul>\n<li><b>Dr. Arthur van Schendel<\/b>, figura fundadora y presidente del ICOM (1965\u20131971)<\/li>\n<li><b>Dr. Hubert Landais<\/b>, antiguo director del Louvre y presidente del ICOM (1977\u20131983)<\/li>\n<li><b>Dr. Jacques Perot<\/b>, presidente del ICOM (1998-2004), que sigue en activo en el Consejo de la Fundaci\u00f3n<\/li>\n<li><b>Dra. Elisabeth des Portes<\/b>, exsecretaria general del ICOM<\/li>\n<\/ul>\n<p>En la actualidad, la Fundaci\u00f3n est\u00e1 presidida por el <b>Dr. Alberto Garlandini<\/b>, presidente del ICOM (2020-2022).<\/p>\n<div class=\"separator\">\n<p><b>Qui\u00e9nes somos<\/b><\/p>\n<\/div>\n<p>La Fundaci\u00f3n del ICOM es una entidad jur\u00eddica independiente constituida con arreglo a la legislaci\u00f3n suiza y con sede en Z\u00farich. Su objetivo es proporcionar recursos financieros para apoyar los programas e iniciativas del ICOM, en beneficio de la comunidad muse\u00edstica internacional.<\/p>\n<p>Con <b>m\u00e1s de 1.000 contribuyentes en 27 pa\u00edses<\/b>, la Fundaci\u00f3n re\u00fane a personas comprometidas con los museos, el patrimonio cultural y los valores consagrados en el C\u00f3digo de \u00c9tica para Museos del ICOM.<\/p>\n<figure id=\"attachment_68150\" aria-describedby=\"caption-attachment-68150\" style=\"width: 1024px\" class=\"wp-caption aligncenter\"><img loading=\"lazy\" decoding=\"async\" class=\"wp-image-68150 size-large\" src=\"https:\/\/icom.museum\/wp-content\/uploads\/2026\/04\/ICOM-Foundation-President-Alberto-Garlandini-at-the-27th-ICOM-General-Conference-in-Dubai-November-2025-1024x645.jpg\" alt=\"\" width=\"1024\" height=\"645\" srcset=\"https:\/\/icom.museum\/wp-content\/uploads\/2026\/04\/ICOM-Foundation-President-Alberto-Garlandini-at-the-27th-ICOM-General-Conference-in-Dubai-November-2025-1024x645.jpg 1024w, https:\/\/icom.museum\/wp-content\/uploads\/2026\/04\/ICOM-Foundation-President-Alberto-Garlandini-at-the-27th-ICOM-General-Conference-in-Dubai-November-2025-300x189.jpg 300w, https:\/\/icom.museum\/wp-content\/uploads\/2026\/04\/ICOM-Foundation-President-Alberto-Garlandini-at-the-27th-ICOM-General-Conference-in-Dubai-November-2025-768x484.jpg 768w, https:\/\/icom.museum\/wp-content\/uploads\/2026\/04\/ICOM-Foundation-President-Alberto-Garlandini-at-the-27th-ICOM-General-Conference-in-Dubai-November-2025.jpg 1336w\" sizes=\"(max-width: 1024px) 100vw, 1024px\" \/><figcaption id=\"caption-attachment-68150\" class=\"wp-caption-text\">El presidente de la Fundaci\u00f3n ICOM, Alberto Garlandini, en la 27.\u00aaConferencia General del ICOM en Dub\u00e1i, noviembre de 2025.<\/figcaption><\/figure>\n<figure id=\"attachment_68147\" aria-describedby=\"caption-attachment-68147\" style=\"width: 1024px\" class=\"wp-caption aligncenter\"><img loading=\"lazy\" decoding=\"async\" class=\"wp-image-68147 size-large\" src=\"https:\/\/icom.museum\/wp-content\/uploads\/2026\/04\/ICOM-Director-General-Medea-Ekner-at-the-27th-ICOM-General-Conference-in-Dubai-November-2025-1024x562.jpg\" alt=\"\" width=\"1024\" height=\"562\" srcset=\"https:\/\/icom.museum\/wp-content\/uploads\/2026\/04\/ICOM-Director-General-Medea-Ekner-at-the-27th-ICOM-General-Conference-in-Dubai-November-2025-1024x562.jpg 1024w, https:\/\/icom.museum\/wp-content\/uploads\/2026\/04\/ICOM-Director-General-Medea-Ekner-at-the-27th-ICOM-General-Conference-in-Dubai-November-2025-300x165.jpg 300w, https:\/\/icom.museum\/wp-content\/uploads\/2026\/04\/ICOM-Director-General-Medea-Ekner-at-the-27th-ICOM-General-Conference-in-Dubai-November-2025-768x421.jpg 768w, https:\/\/icom.museum\/wp-content\/uploads\/2026\/04\/ICOM-Director-General-Medea-Ekner-at-the-27th-ICOM-General-Conference-in-Dubai-November-2025.jpg 1342w\" sizes=\"(max-width: 1024px) 100vw, 1024px\" \/><figcaption id=\"caption-attachment-68147\" class=\"wp-caption-text\">La directora general del ICOM, Medea Ekner, en la 27.\u00aaConferencia General del ICOM en Dub\u00e1i, noviembre de 2025.<\/figcaption><\/figure>\n<div class=\"separator\">\n<p><b>Qu\u00e9 apoyamos<\/b><\/p>\n<\/div>\n<p>Las contribuciones a la Fundaci\u00f3n ICOM apoyan directamente \u00e1reas clave del trabajo del ICOM:<\/p>\n<ul>\n<li><b>Protecci\u00f3n del patrimonio cultural:<\/b> apoyo a iniciativas que combaten el tr\u00e1fico il\u00edcito de bienes culturales, incluyendo el desarrollo y la difusi\u00f3n de las Listas Rojas del ICOM de Objetos Culturales en Peligro, en colaboraci\u00f3n con socios internacionales como la UNESCO, INTERPOL y la Organizaci\u00f3n Mundial de Aduanas.<\/li>\n<li><b>Respuesta a las crisis:<\/b> prestaci\u00f3n de asistencia a museos y profesionales del patrimonio en regiones afectadas por conflictos armados, desastres naturales o inestabilidad.<\/li>\n<li><b>Formaci\u00f3n y movilidad:<\/b> fomento del desarrollo profesional de los profesionales de los museos, con especial atenci\u00f3n a los j\u00f3venes profesionales y a los procedentes de pa\u00edses con menos recursos.<\/li>\n<li><b>Acceso a eventos internacionales:<\/b> facilitaci\u00f3n de la participaci\u00f3n \u2014tanto presencial como en l\u00ednea\u2014 en los principales eventos del ICOM, incluidas las Conferencias Generales.<\/li>\n<\/ul>\n<p><img loading=\"lazy\" decoding=\"async\" class=\"wp-image-68153 size-large\" src=\"https:\/\/icom.museum\/wp-content\/uploads\/2026\/04\/Recent-Heritage-Protection-Department-projects-supported-by-the-ICOM-Foundation-2-1024x777.jpg\" alt=\"\" width=\"1024\" height=\"777\" srcset=\"https:\/\/icom.museum\/wp-content\/uploads\/2026\/04\/Recent-Heritage-Protection-Department-projects-supported-by-the-ICOM-Foundation-2-1024x777.jpg 1024w, https:\/\/icom.museum\/wp-content\/uploads\/2026\/04\/Recent-Heritage-Protection-Department-projects-supported-by-the-ICOM-Foundation-2-300x228.jpg 300w, https:\/\/icom.museum\/wp-content\/uploads\/2026\/04\/Recent-Heritage-Protection-Department-projects-supported-by-the-ICOM-Foundation-2-768x583.jpg 768w, https:\/\/icom.museum\/wp-content\/uploads\/2026\/04\/Recent-Heritage-Protection-Department-projects-supported-by-the-ICOM-Foundation-2.jpg 1361w\" sizes=\"(max-width: 1024px) 100vw, 1024px\" \/><\/p>\n<figure id=\"attachment_68156\" aria-describedby=\"caption-attachment-68156\" style=\"width: 1024px\" class=\"wp-caption aligncenter\"><img loading=\"lazy\" decoding=\"async\" class=\"wp-image-68156 size-large\" src=\"https:\/\/icom.museum\/wp-content\/uploads\/2026\/04\/Recent-Heritage-Protection-Department-projects-supported-by-the-ICOM-Foundation-1024x782.jpg\" alt=\"\" width=\"1024\" height=\"782\" srcset=\"https:\/\/icom.museum\/wp-content\/uploads\/2026\/04\/Recent-Heritage-Protection-Department-projects-supported-by-the-ICOM-Foundation-1024x782.jpg 1024w, https:\/\/icom.museum\/wp-content\/uploads\/2026\/04\/Recent-Heritage-Protection-Department-projects-supported-by-the-ICOM-Foundation-300x229.jpg 300w, https:\/\/icom.museum\/wp-content\/uploads\/2026\/04\/Recent-Heritage-Protection-Department-projects-supported-by-the-ICOM-Foundation-768x586.jpg 768w, https:\/\/icom.museum\/wp-content\/uploads\/2026\/04\/Recent-Heritage-Protection-Department-projects-supported-by-the-ICOM-Foundation.jpg 1353w\" sizes=\"(max-width: 1024px) 100vw, 1024px\" \/><figcaption id=\"caption-attachment-68156\" class=\"wp-caption-text\">Proyectos recientes del Departamento de Protecci\u00f3n del Patrimonio apoyados por la Fundaci\u00f3n del ICOM<\/figcaption><\/figure>\n<div class=\"separator\">\n<p><b>\u00bfPor qu\u00e9 hacerse colaborador?<\/b><\/p>\n<\/div>\n<p>Al unirse a la Fundaci\u00f3n ICOM, pasar\u00e1 a formar parte de una red global dedicada a la preservaci\u00f3n y promoci\u00f3n del patrimonio cultural. Su contribuci\u00f3n ayuda a garantizar que los museos puedan seguir prestando servicio a la sociedad, incluso en contextos dif\u00edciles.<\/p>\n<p>Los colaboradores desempe\u00f1an un papel directo en el mantenimiento de proyectos de gran impacto y en el avance de la misi\u00f3n del ICOM en todo el mundo.<\/p>\n<div class=\"separator\">\n<p><b>H\u00e1gase colaborador<\/b><\/p>\n<\/div>\n<p>Hacerse colaborador es sencillo. Si est\u00e1 interesado en apoyar a la Fundaci\u00f3n del ICOM, le invitamos a ponerse en contacto con nosotros y comunicarnos su inter\u00e9s.<\/p>\n<p><span style=\"text-decoration: underline;\">Cont\u00e1ctenos en:<\/span> fondation@icom.museum<\/p>\n<p>Nuestro equipo le guiar\u00e1 a lo largo del proceso y le proporcionar\u00e1 toda la informaci\u00f3n necesaria.<\/p>\n","protected":false},"excerpt":{"rendered":"<p>Apoyando a los museos y al patrimonio en todo el mundo desde 1965 Durante m\u00e1s de sesenta a\u00f1os, la Fundaci\u00f3n ICOM ha desempe\u00f1ado un papel fundamental en el apoyo al Consejo Internacional de Museos (ICOM) y a la comunidad muse\u00edstica mundial. Gracias al compromiso de sus colaboradores, la Fundaci\u00f3n contribuye a salvaguardar el patrimonio cultural, [&hellip;]<\/p>\n","protected":false},"author":4,"featured_media":0,"parent":6934,"menu_order":8,"comment_status":"closed","ping_status":"closed","template":"","meta":{"inline_featured_image":false,"footnotes":""},"class_list":["post-68163","page","type-page","status-publish","hentry"],"acf":[],"yoast_head":"<!-- This site is optimized with the Yoast SEO plugin v23.7 - https:\/\/yoast.com\/wordpress\/plugins\/seo\/ -->\n<title>Fundaci\u00f3n ICOM - International Council of Museums<\/title>\n<meta name=\"robots\" content=\"index, follow, max-snippet:-1, max-image-preview:large, max-video-preview:-1\" \/>\n<link rel=\"canonical\" href=\"https:\/\/icom.museum\/es\/involucrese\/fundacion-icom\/\" \/>\n<meta property=\"og:locale\" content=\"es_ES\" \/>\n<meta property=\"og:type\" content=\"article\" \/>\n<meta property=\"og:title\" content=\"Fundaci\u00f3n ICOM - International Council of Museums\" \/>\n<meta property=\"og:description\" content=\"Apoyando a los museos y al patrimonio en todo el mundo desde 1965 Durante m\u00e1s de sesenta a\u00f1os, la Fundaci\u00f3n ICOM ha desempe\u00f1ado un papel fundamental en el apoyo al Consejo Internacional de Museos (ICOM) y a la comunidad muse\u00edstica mundial. Gracias al compromiso de sus colaboradores, la Fundaci\u00f3n contribuye a salvaguardar el patrimonio cultural, [&hellip;]\" \/>\n<meta property=\"og:url\" content=\"https:\/\/icom.museum\/es\/involucrese\/fundacion-icom\/\" \/>\n<meta property=\"og:site_name\" content=\"International Council of Museums\" \/>\n<meta property=\"article:modified_time\" content=\"2026-04-17T15:51:45+00:00\" \/>\n<meta property=\"og:image\" content=\"https:\/\/icom.museum\/wp-content\/uploads\/2026\/04\/ICOM-Foundation-President-Alberto-Garlandini-at-the-27th-ICOM-General-Conference-in-Dubai-November-2025.jpg\" \/>\n\t<meta property=\"og:image:width\" content=\"1336\" \/>\n\t<meta property=\"og:image:height\" content=\"842\" \/>\n\t<meta property=\"og:image:type\" content=\"image\/jpeg\" \/>\n<meta name=\"twitter:card\" content=\"summary_large_image\" \/>\n<meta name=\"twitter:label1\" content=\"Tiempo de lectura\" \/>\n\t<meta name=\"twitter:data1\" content=\"4 minutos\" \/>\n<script type=\"application\/ld+json\" class=\"yoast-schema-graph\">{\"@context\":\"https:\/\/schema.org\",\"@graph\":[{\"@type\":\"WebPage\",\"@id\":\"https:\/\/icom.museum\/es\/involucrese\/fundacion-icom\/\",\"url\":\"https:\/\/icom.museum\/es\/involucrese\/fundacion-icom\/\",\"name\":\"Fundaci\u00f3n ICOM - International Council of Museums\",\"isPartOf\":{\"@id\":\"https:\/\/icom.museum\/en\/#website\"},\"primaryImageOfPage\":{\"@id\":\"https:\/\/icom.museum\/es\/involucrese\/fundacion-icom\/#primaryimage\"},\"image\":{\"@id\":\"https:\/\/icom.museum\/es\/involucrese\/fundacion-icom\/#primaryimage\"},\"thumbnailUrl\":\"https:\/\/icom.museum\/wp-content\/uploads\/2026\/04\/ICOM-Foundation-President-Alberto-Garlandini-at-the-27th-ICOM-General-Conference-in-Dubai-November-2025-1024x645.jpg\",\"datePublished\":\"2026-04-17T15:29:26+00:00\",\"dateModified\":\"2026-04-17T15:51:45+00:00\",\"breadcrumb\":{\"@id\":\"https:\/\/icom.museum\/es\/involucrese\/fundacion-icom\/#breadcrumb\"},\"inLanguage\":\"es\",\"potentialAction\":[{\"@type\":\"ReadAction\",\"target\":[\"https:\/\/icom.museum\/es\/involucrese\/fundacion-icom\/\"]}]},{\"@type\":\"ImageObject\",\"inLanguage\":\"es\",\"@id\":\"https:\/\/icom.museum\/es\/involucrese\/fundacion-icom\/#primaryimage\",\"url\":\"https:\/\/icom.museum\/wp-content\/uploads\/2026\/04\/ICOM-Foundation-President-Alberto-Garlandini-at-the-27th-ICOM-General-Conference-in-Dubai-November-2025-1024x645.jpg\",\"contentUrl\":\"https:\/\/icom.museum\/wp-content\/uploads\/2026\/04\/ICOM-Foundation-President-Alberto-Garlandini-at-the-27th-ICOM-General-Conference-in-Dubai-November-2025-1024x645.jpg\"},{\"@type\":\"BreadcrumbList\",\"@id\":\"https:\/\/icom.museum\/es\/involucrese\/fundacion-icom\/#breadcrumb\",\"itemListElement\":[{\"@type\":\"ListItem\",\"position\":1,\"name\":\"Home\",\"item\":\"https:\/\/icom.museum\/es\/\"},{\"@type\":\"ListItem\",\"position\":2,\"name\":\"Invol\u00facrese\",\"item\":\"https:\/\/icom.museum\/es\/involucrese\/\"},{\"@type\":\"ListItem\",\"position\":3,\"name\":\"Fundaci\u00f3n ICOM\"}]},{\"@type\":\"WebSite\",\"@id\":\"https:\/\/icom.museum\/en\/#website\",\"url\":\"https:\/\/icom.museum\/en\/\",\"name\":\"International Council of Museums\",\"description\":\"A global organisation of museums &amp; museum professionals committed to the promotion and protection of cultural heritage\",\"publisher\":{\"@id\":\"https:\/\/icom.museum\/en\/#organization\"},\"potentialAction\":[{\"@type\":\"SearchAction\",\"target\":{\"@type\":\"EntryPoint\",\"urlTemplate\":\"https:\/\/icom.museum\/en\/?s={search_term_string}\"},\"query-input\":{\"@type\":\"PropertyValueSpecification\",\"valueRequired\":true,\"valueName\":\"search_term_string\"}}],\"inLanguage\":\"es\"},{\"@type\":\"Organization\",\"@id\":\"https:\/\/icom.museum\/en\/#organization\",\"name\":\"International Council of Museums\",\"url\":\"https:\/\/icom.museum\/en\/\",\"logo\":{\"@type\":\"ImageObject\",\"inLanguage\":\"es\",\"@id\":\"https:\/\/icom.museum\/en\/#\/schema\/logo\/image\/\",\"url\":\"https:\/\/icom.museum\/wp-content\/uploads\/2018\/07\/ICOM_M_.jpg\",\"contentUrl\":\"https:\/\/icom.museum\/wp-content\/uploads\/2018\/07\/ICOM_M_.jpg\",\"width\":1721,\"height\":1721,\"caption\":\"International Council of Museums\"},\"image\":{\"@id\":\"https:\/\/icom.museum\/en\/#\/schema\/logo\/image\/\"}}]}<\/script>\n<!-- \/ Yoast SEO plugin. -->","yoast_head_json":{"title":"Fundaci\u00f3n ICOM - International Council of Museums","robots":{"index":"index","follow":"follow","max-snippet":"max-snippet:-1","max-image-preview":"max-image-preview:large","max-video-preview":"max-video-preview:-1"},"canonical":"https:\/\/icom.museum\/es\/involucrese\/fundacion-icom\/","og_locale":"es_ES","og_type":"article","og_title":"Fundaci\u00f3n ICOM - International Council of Museums","og_description":"Apoyando a los museos y al patrimonio en todo el mundo desde 1965 Durante m\u00e1s de sesenta a\u00f1os, la Fundaci\u00f3n ICOM ha desempe\u00f1ado un papel fundamental en el apoyo al Consejo Internacional de Museos (ICOM) y a la comunidad muse\u00edstica mundial. Gracias al compromiso de sus colaboradores, la Fundaci\u00f3n contribuye a salvaguardar el patrimonio cultural, [&hellip;]","og_url":"https:\/\/icom.museum\/es\/involucrese\/fundacion-icom\/","og_site_name":"International Council of Museums","article_modified_time":"2026-04-17T15:51:45+00:00","og_image":[{"width":1336,"height":842,"url":"https:\/\/icom.museum\/wp-content\/uploads\/2026\/04\/ICOM-Foundation-President-Alberto-Garlandini-at-the-27th-ICOM-General-Conference-in-Dubai-November-2025.jpg","type":"image\/jpeg"}],"twitter_card":"summary_large_image","twitter_misc":{"Tiempo de lectura":"4 minutos"},"schema":{"@context":"https:\/\/schema.org","@graph":[{"@type":"WebPage","@id":"https:\/\/icom.museum\/es\/involucrese\/fundacion-icom\/","url":"https:\/\/icom.museum\/es\/involucrese\/fundacion-icom\/","name":"Fundaci\u00f3n ICOM - International Council of Museums","isPartOf":{"@id":"https:\/\/icom.museum\/en\/#website"},"primaryImageOfPage":{"@id":"https:\/\/icom.museum\/es\/involucrese\/fundacion-icom\/#primaryimage"},"image":{"@id":"https:\/\/icom.museum\/es\/involucrese\/fundacion-icom\/#primaryimage"},"thumbnailUrl":"https:\/\/icom.museum\/wp-content\/uploads\/2026\/04\/ICOM-Foundation-President-Alberto-Garlandini-at-the-27th-ICOM-General-Conference-in-Dubai-November-2025-1024x645.jpg","datePublished":"2026-04-17T15:29:26+00:00","dateModified":"2026-04-17T15:51:45+00:00","breadcrumb":{"@id":"https:\/\/icom.museum\/es\/involucrese\/fundacion-icom\/#breadcrumb"},"inLanguage":"es","potentialAction":[{"@type":"ReadAction","target":["https:\/\/icom.museum\/es\/involucrese\/fundacion-icom\/"]}]},{"@type":"ImageObject","inLanguage":"es","@id":"https:\/\/icom.museum\/es\/involucrese\/fundacion-icom\/#primaryimage","url":"https:\/\/icom.museum\/wp-content\/uploads\/2026\/04\/ICOM-Foundation-President-Alberto-Garlandini-at-the-27th-ICOM-General-Conference-in-Dubai-November-2025-1024x645.jpg","contentUrl":"https:\/\/icom.museum\/wp-content\/uploads\/2026\/04\/ICOM-Foundation-President-Alberto-Garlandini-at-the-27th-ICOM-General-Conference-in-Dubai-November-2025-1024x645.jpg"},{"@type":"BreadcrumbList","@id":"https:\/\/icom.museum\/es\/involucrese\/fundacion-icom\/#breadcrumb","itemListElement":[{"@type":"ListItem","position":1,"name":"Home","item":"https:\/\/icom.museum\/es\/"},{"@type":"ListItem","position":2,"name":"Invol\u00facrese","item":"https:\/\/icom.museum\/es\/involucrese\/"},{"@type":"ListItem","position":3,"name":"Fundaci\u00f3n ICOM"}]},{"@type":"WebSite","@id":"https:\/\/icom.museum\/en\/#website","url":"https:\/\/icom.museum\/en\/","name":"International Council of Museums","description":"A global organisation of museums &amp; museum professionals committed to the promotion and protection of cultural heritage","publisher":{"@id":"https:\/\/icom.museum\/en\/#organization"},"potentialAction":[{"@type":"SearchAction","target":{"@type":"EntryPoint","urlTemplate":"https:\/\/icom.museum\/en\/?s={search_term_string}"},"query-input":{"@type":"PropertyValueSpecification","valueRequired":true,"valueName":"search_term_string"}}],"inLanguage":"es"},{"@type":"Organization","@id":"https:\/\/icom.museum\/en\/#organization","name":"International Council of Museums","url":"https:\/\/icom.museum\/en\/","logo":{"@type":"ImageObject","inLanguage":"es","@id":"https:\/\/icom.museum\/en\/#\/schema\/logo\/image\/","url":"https:\/\/icom.museum\/wp-content\/uploads\/2018\/07\/ICOM_M_.jpg","contentUrl":"https:\/\/icom.museum\/wp-content\/uploads\/2018\/07\/ICOM_M_.jpg","width":1721,"height":1721,"caption":"International Council of Museums"},"image":{"@id":"https:\/\/icom.museum\/en\/#\/schema\/logo\/image\/"}}]}},"_links":{"self":[{"href":"https:\/\/icom.museum\/es\/wp-json\/wp\/v2\/pages\/68163"}],"collection":[{"href":"https:\/\/icom.museum\/es\/wp-json\/wp\/v2\/pages"}],"about":[{"href":"https:\/\/icom.museum\/es\/wp-json\/wp\/v2\/types\/page"}],"author":[{"embeddable":true,"href":"https:\/\/icom.museum\/es\/wp-json\/wp\/v2\/users\/4"}],"replies":[{"embeddable":true,"href":"https:\/\/icom.museum\/es\/wp-json\/wp\/v2\/comments?post=68163"}],"version-history":[{"count":2,"href":"https:\/\/icom.museum\/es\/wp-json\/wp\/v2\/pages\/68163\/revisions"}],"predecessor-version":[{"id":68168,"href":"https:\/\/icom.museum\/es\/wp-json\/wp\/v2\/pages\/68163\/revisions\/68168"}],"up":[{"embeddable":true,"href":"https:\/\/icom.museum\/es\/wp-json\/wp\/v2\/pages\/6934"}],"wp:attachment":[{"href":"https:\/\/icom.museum\/es\/wp-json\/wp\/v2\/media?parent=68163"}],"curies":[{"name":"wp","href":"https:\/\/api.w.org\/{rel}","templated":true}]}}