{"id":6916,"date":"2018-06-11T14:15:49","date_gmt":"2018-06-11T14:15:49","guid":{"rendered":"http:\/\/icom.museum\/?page_id=6916"},"modified":"2025-09-01T11:00:55","modified_gmt":"2025-09-01T09:00:55","slug":"misiones-y-objetivos","status":"publish","type":"page","link":"https:\/\/icom.museum\/es\/sobre-nosotros\/misiones-y-objetivos\/","title":{"rendered":"Misiones y objetivos"},"content":{"rendered":"<h2 class=\"headline\">El ICOM es la organizaci\u00f3n internacional de museos y profesionales de los museos cuya finalidad es investigar, perpetuar, perennizar y transmitir a la sociedad el patrimonio cultural y natural mundial, presente y futuro, tangible e intangible<\/h2>\n<div class=\"separator\">\n<p><strong><span id=\"result_box\" class=\"short_text\" lang=\"es\">\u00bfQu\u00e9 es icom?<\/span><\/strong><\/p>\n<\/div>\n<p><span id=\"result_box\" lang=\"es\">ICOM es una asociaci\u00f3n de miembros y una organizaci\u00f3n no gubernamental que establece est\u00e1ndares profesionales y \u00e9ticos para las actividades de los museos. Como foro de expertos, hace recomendaciones sobre cuestiones relacionadas con el patrimonio cultural, promueve la creaci\u00f3n de capacidades y avanza el conocimiento. ICOM es la voz de los profesionales de los museos en el escenario internacional y aumenta la conciencia cultural p\u00fablica a trav\u00e9s de redes mundiales y programas de cooperaci\u00f3n.<\/span><\/p>\n<ul>\n<li><strong>60 208<\/strong>\u00a0miembros<\/li>\n<li>en <strong>139<\/strong> pa\u00edses<\/li>\n<li><strong>120<\/strong>\u00a0Comit\u00e9s Nacionales<\/li>\n<li>y\u00a0<strong>35 <\/strong>Comit\u00e9s Internacionales<\/li>\n<li><strong>8<\/strong> Alianzas regionales<\/li>\n<li><strong>21<\/strong> Organizaciones afiliadas<\/li>\n<\/ul>\n<p>El Consejo Internacional de Museos es la organizaci\u00f3n mundial l\u00edder en el \u00e1mbito muse\u00edstico.<\/p>\n<div class=\"separator\">\n<p><strong><span id=\"result_box\" class=\"short_text\" lang=\"es\">\u00bfCu\u00e1les son sus misiones?<\/span><\/strong><\/p>\n<\/div>\n<p>Lleva a cabo cinco misiones esenciales:<\/p>\n<ul>\n<li>establecer est\u00e1ndares de excelencia<\/li>\n<li>ser un foro diplom\u00e1tico<\/li>\n<li>desarrollar la red profesiona<\/li>\n<li>animar un centro mundial de reflexi\u00f3n<\/li>\n<li>llevar a cabo misiones internacionales.<\/li>\n<\/ul>\n<div class=\"separator\">\n<p><strong>Plan Estrat\u00e9gico del ICOM para el per\u00edodo 2022-2028<\/strong><\/p>\n<\/div>\n<p>El Plan Estrat\u00e9gico del ICOM 2022-28 fue aprobado en la 37\u00aa Asamblea General, celebrada el 24 de agosto durante el ICOM Praga 2022. El Plan fue redactado por el Comit\u00e9 Permanente del Plan Estrat\u00e9gico, que dise\u00f1\u00f3 este plan tras un proceso participativo en el que intervinieron los Miembros del ICOM, el Consejo Consultivo, el Consejo Ejecutivo y la Secretar\u00eda.<\/p>\n<p><span class=\"link_blue\"><a href=\"https:\/\/icom.museum\/wp-content\/uploads\/2022\/10\/ICOM-SP-Booklet-ES.pdf\">Plan Estrat\u00e9gico 2022-28<\/a><\/span><\/p>\n<p><span class=\"link_yellow\"><a href=\"https:\/\/icom.museum\/wp-content\/uploads\/2025\/04\/ICOM-SP-One-Pager-ES.pdf\">Resumen \u2014 una pagina<\/a><\/span><\/p>\n<p><span class=\"link_red\"><a href=\"https:\/\/icom.museum\/wp-content\/uploads\/2022\/08\/Spanish-version-Infographic-SPC.pdf\">Infograf\u00eda<\/a><\/span><\/p>\n<div class=\"separator\">\n<p><strong>Los Estatutos del ICOM<\/strong><\/p>\n<\/div>\n<p>Los Estatutos del Consejo Internacional de Museos es el documento b\u00e1sico de la organizaci\u00f3n. Lo complementan el Reglamento Interno del ICOM y el C\u00f3digo de Deontolog\u00eda del ICOM para Museos.<\/p>\n<p><span class=\"link_black\"><a href=\"https:\/\/icom.museum\/wp-content\/uploads\/2023\/07\/Statutes_2023_ES.pdf\">Estatutos 2023<\/a>\u00a0<\/span><\/p>\n","protected":false},"excerpt":{"rendered":"<p>El ICOM es la organizaci\u00f3n internacional de museos y profesionales de los museos cuya finalidad es investigar, perpetuar, perennizar y transmitir a la sociedad el patrimonio cultural y natural mundial, presente y futuro, tangible e intangible \u00bfQu\u00e9 es icom? ICOM es una asociaci\u00f3n de miembros y una organizaci\u00f3n no gubernamental que establece est\u00e1ndares profesionales y [&hellip;]<\/p>\n","protected":false},"author":10,"featured_media":0,"parent":5368,"menu_order":2,"comment_status":"closed","ping_status":"closed","template":"","meta":{"inline_featured_image":false,"footnotes":""},"class_list":["post-6916","page","type-page","status-publish","hentry"],"acf":[],"yoast_head":"<!-- This site is optimized with the Yoast SEO plugin v23.7 - https:\/\/yoast.com\/wordpress\/plugins\/seo\/ -->\n<title>Misiones y objetivos - International Council of Museums<\/title>\n<meta name=\"robots\" content=\"index, follow, max-snippet:-1, max-image-preview:large, max-video-preview:-1\" \/>\n<link rel=\"canonical\" href=\"https:\/\/icom.museum\/es\/sobre-nosotros\/misiones-y-objetivos\/\" \/>\n<meta property=\"og:locale\" content=\"es_ES\" \/>\n<meta property=\"og:type\" content=\"article\" \/>\n<meta property=\"og:title\" content=\"Misiones y objetivos - International Council of Museums\" \/>\n<meta property=\"og:description\" content=\"El ICOM es la organizaci\u00f3n internacional de museos y profesionales de los museos cuya finalidad es investigar, perpetuar, perennizar y transmitir a la sociedad el patrimonio cultural y natural mundial, presente y futuro, tangible e intangible \u00bfQu\u00e9 es icom? ICOM es una asociaci\u00f3n de miembros y una organizaci\u00f3n no gubernamental que establece est\u00e1ndares profesionales y [&hellip;]\" \/>\n<meta property=\"og:url\" content=\"https:\/\/icom.museum\/es\/sobre-nosotros\/misiones-y-objetivos\/\" \/>\n<meta property=\"og:site_name\" content=\"International Council of Museums\" \/>\n<meta property=\"article:modified_time\" content=\"2025-09-01T09:00:55+00:00\" \/>\n<meta property=\"og:image\" content=\"https:\/\/icom.museum\/wp-content\/uploads\/2018\/05\/MISSIONS.jpg\" \/>\n<meta name=\"twitter:card\" content=\"summary_large_image\" \/>\n<meta name=\"twitter:label1\" content=\"Tiempo de lectura\" \/>\n\t<meta name=\"twitter:data1\" content=\"2 minutos\" \/>\n<script type=\"application\/ld+json\" class=\"yoast-schema-graph\">{\"@context\":\"https:\/\/schema.org\",\"@graph\":[{\"@type\":\"WebPage\",\"@id\":\"https:\/\/icom.museum\/es\/sobre-nosotros\/misiones-y-objetivos\/\",\"url\":\"https:\/\/icom.museum\/es\/sobre-nosotros\/misiones-y-objetivos\/\",\"name\":\"Misiones y objetivos - International Council of Museums\",\"isPartOf\":{\"@id\":\"https:\/\/icom.museum\/en\/#website\"},\"datePublished\":\"2018-06-11T14:15:49+00:00\",\"dateModified\":\"2025-09-01T09:00:55+00:00\",\"breadcrumb\":{\"@id\":\"https:\/\/icom.museum\/es\/sobre-nosotros\/misiones-y-objetivos\/#breadcrumb\"},\"inLanguage\":\"es\",\"potentialAction\":[{\"@type\":\"ReadAction\",\"target\":[\"https:\/\/icom.museum\/es\/sobre-nosotros\/misiones-y-objetivos\/\"]}]},{\"@type\":\"BreadcrumbList\",\"@id\":\"https:\/\/icom.museum\/es\/sobre-nosotros\/misiones-y-objetivos\/#breadcrumb\",\"itemListElement\":[{\"@type\":\"ListItem\",\"position\":1,\"name\":\"Home\",\"item\":\"https:\/\/icom.museum\/es\/\"},{\"@type\":\"ListItem\",\"position\":2,\"name\":\"Sobre nosotros\",\"item\":\"https:\/\/icom.museum\/es\/sobre-nosotros\/\"},{\"@type\":\"ListItem\",\"position\":3,\"name\":\"Misiones y objetivos\"}]},{\"@type\":\"WebSite\",\"@id\":\"https:\/\/icom.museum\/en\/#website\",\"url\":\"https:\/\/icom.museum\/en\/\",\"name\":\"International Council of Museums\",\"description\":\"A global organisation of museums &amp; museum professionals committed to the promotion and protection of cultural heritage\",\"publisher\":{\"@id\":\"https:\/\/icom.museum\/en\/#organization\"},\"potentialAction\":[{\"@type\":\"SearchAction\",\"target\":{\"@type\":\"EntryPoint\",\"urlTemplate\":\"https:\/\/icom.museum\/en\/?s={search_term_string}\"},\"query-input\":{\"@type\":\"PropertyValueSpecification\",\"valueRequired\":true,\"valueName\":\"search_term_string\"}}],\"inLanguage\":\"es\"},{\"@type\":\"Organization\",\"@id\":\"https:\/\/icom.museum\/en\/#organization\",\"name\":\"International Council of Museums\",\"url\":\"https:\/\/icom.museum\/en\/\",\"logo\":{\"@type\":\"ImageObject\",\"inLanguage\":\"es\",\"@id\":\"https:\/\/icom.museum\/en\/#\/schema\/logo\/image\/\",\"url\":\"https:\/\/icom.museum\/wp-content\/uploads\/2018\/07\/ICOM_M_.jpg\",\"contentUrl\":\"https:\/\/icom.museum\/wp-content\/uploads\/2018\/07\/ICOM_M_.jpg\",\"width\":1721,\"height\":1721,\"caption\":\"International Council of Museums\"},\"image\":{\"@id\":\"https:\/\/icom.museum\/en\/#\/schema\/logo\/image\/\"}}]}<\/script>\n<!-- \/ Yoast SEO plugin. -->","yoast_head_json":{"title":"Misiones y objetivos - International Council of Museums","robots":{"index":"index","follow":"follow","max-snippet":"max-snippet:-1","max-image-preview":"max-image-preview:large","max-video-preview":"max-video-preview:-1"},"canonical":"https:\/\/icom.museum\/es\/sobre-nosotros\/misiones-y-objetivos\/","og_locale":"es_ES","og_type":"article","og_title":"Misiones y objetivos - International Council of Museums","og_description":"El ICOM es la organizaci\u00f3n internacional de museos y profesionales de los museos cuya finalidad es investigar, perpetuar, perennizar y transmitir a la sociedad el patrimonio cultural y natural mundial, presente y futuro, tangible e intangible \u00bfQu\u00e9 es icom? ICOM es una asociaci\u00f3n de miembros y una organizaci\u00f3n no gubernamental que establece est\u00e1ndares profesionales y [&hellip;]","og_url":"https:\/\/icom.museum\/es\/sobre-nosotros\/misiones-y-objetivos\/","og_site_name":"International Council of Museums","article_modified_time":"2025-09-01T09:00:55+00:00","og_image":[{"url":"https:\/\/icom.museum\/wp-content\/uploads\/2018\/05\/MISSIONS.jpg"}],"twitter_card":"summary_large_image","twitter_misc":{"Tiempo de lectura":"2 minutos"},"schema":{"@context":"https:\/\/schema.org","@graph":[{"@type":"WebPage","@id":"https:\/\/icom.museum\/es\/sobre-nosotros\/misiones-y-objetivos\/","url":"https:\/\/icom.museum\/es\/sobre-nosotros\/misiones-y-objetivos\/","name":"Misiones y objetivos - International Council of Museums","isPartOf":{"@id":"https:\/\/icom.museum\/en\/#website"},"datePublished":"2018-06-11T14:15:49+00:00","dateModified":"2025-09-01T09:00:55+00:00","breadcrumb":{"@id":"https:\/\/icom.museum\/es\/sobre-nosotros\/misiones-y-objetivos\/#breadcrumb"},"inLanguage":"es","potentialAction":[{"@type":"ReadAction","target":["https:\/\/icom.museum\/es\/sobre-nosotros\/misiones-y-objetivos\/"]}]},{"@type":"BreadcrumbList","@id":"https:\/\/icom.museum\/es\/sobre-nosotros\/misiones-y-objetivos\/#breadcrumb","itemListElement":[{"@type":"ListItem","position":1,"name":"Home","item":"https:\/\/icom.museum\/es\/"},{"@type":"ListItem","position":2,"name":"Sobre nosotros","item":"https:\/\/icom.museum\/es\/sobre-nosotros\/"},{"@type":"ListItem","position":3,"name":"Misiones y objetivos"}]},{"@type":"WebSite","@id":"https:\/\/icom.museum\/en\/#website","url":"https:\/\/icom.museum\/en\/","name":"International Council of Museums","description":"A global organisation of museums &amp; museum professionals committed to the promotion and protection of cultural heritage","publisher":{"@id":"https:\/\/icom.museum\/en\/#organization"},"potentialAction":[{"@type":"SearchAction","target":{"@type":"EntryPoint","urlTemplate":"https:\/\/icom.museum\/en\/?s={search_term_string}"},"query-input":{"@type":"PropertyValueSpecification","valueRequired":true,"valueName":"search_term_string"}}],"inLanguage":"es"},{"@type":"Organization","@id":"https:\/\/icom.museum\/en\/#organization","name":"International Council of Museums","url":"https:\/\/icom.museum\/en\/","logo":{"@type":"ImageObject","inLanguage":"es","@id":"https:\/\/icom.museum\/en\/#\/schema\/logo\/image\/","url":"https:\/\/icom.museum\/wp-content\/uploads\/2018\/07\/ICOM_M_.jpg","contentUrl":"https:\/\/icom.museum\/wp-content\/uploads\/2018\/07\/ICOM_M_.jpg","width":1721,"height":1721,"caption":"International Council of Museums"},"image":{"@id":"https:\/\/icom.museum\/en\/#\/schema\/logo\/image\/"}}]}},"_links":{"self":[{"href":"https:\/\/icom.museum\/es\/wp-json\/wp\/v2\/pages\/6916"}],"collection":[{"href":"https:\/\/icom.museum\/es\/wp-json\/wp\/v2\/pages"}],"about":[{"href":"https:\/\/icom.museum\/es\/wp-json\/wp\/v2\/types\/page"}],"author":[{"embeddable":true,"href":"https:\/\/icom.museum\/es\/wp-json\/wp\/v2\/users\/10"}],"replies":[{"embeddable":true,"href":"https:\/\/icom.museum\/es\/wp-json\/wp\/v2\/comments?post=6916"}],"version-history":[{"count":42,"href":"https:\/\/icom.museum\/es\/wp-json\/wp\/v2\/pages\/6916\/revisions"}],"predecessor-version":[{"id":65011,"href":"https:\/\/icom.museum\/es\/wp-json\/wp\/v2\/pages\/6916\/revisions\/65011"}],"up":[{"embeddable":true,"href":"https:\/\/icom.museum\/es\/wp-json\/wp\/v2\/pages\/5368"}],"wp:attachment":[{"href":"https:\/\/icom.museum\/es\/wp-json\/wp\/v2\/media?parent=6916"}],"curies":[{"name":"wp","href":"https:\/\/api.w.org\/{rel}","templated":true}]}}