{"id":6940,"date":"2018-06-12T08:44:45","date_gmt":"2018-06-12T08:44:45","guid":{"rendered":"http:\/\/icom.museum\/?page_id=6940"},"modified":"2021-05-28T16:50:14","modified_gmt":"2021-05-28T14:50:14","slug":"tarjeta-de-miembro-del-icom","status":"publish","type":"page","link":"https:\/\/icom.museum\/es\/red\/tarjeta-de-miembro-del-icom\/","title":{"rendered":"Tarjeta de miembro del ICOM"},"content":{"rendered":"<h2>Los museos no tienen fronteras, tienen una red.<\/h2>\n<p>Como profesionales de los museos que respetan el C\u00f3digo de deontolog\u00eda del ICOM para los museos, los miembros del ICOM, al presentar la tarjeta de miembro, pueden acceder a las colecciones de diversas instituciones alrededor del mundo. Dicho acceso es otorgado por nuestros miembros institucionales, as\u00ed como por otro gran n\u00famero de museos de manera voluntaria.<\/p>\n<p>Ser miembro le ofrece la oportunidad de establecer una red de contactos. Al unirse a un Comit\u00e9 Nacional, obtiene acceso a los profesionales de todo el mundo en su mismo \u00e1mbito de especialidad.<\/p>\n<p><span class=\"btn link_red\"><a href=\"http:\/\/icom.museum\/es\/involucrese\/unase-a-un-comite-internacional\/\">\u00danase a un Comit\u00e9 Internacional<\/a><\/span><\/p>\n<p>La membres\u00eda dura un a\u00f1o en el calendario corriente. Su Comit\u00e9 Nacional se encargar\u00e1 de enviarle la pegatina actual tan pronto como se valide su afiliaci\u00f3n.<\/p>\n<p><span class=\"link_blue\"><a class=\"link blue\" href=\"https:\/\/icom.museum\/es\/red\/directorio-de-los-comites\/?type=221\">Contacte su Comit\u00e9 Nacional<\/a><\/span><\/p>\n<p>\u00bfA\u00fan no es miembro? Revise los t\u00e9rminos y p\u00f3ngase en contacto con el Comit\u00e9 Nacional de su pa\u00eds.<\/p>\n<p><span class=\"link_yellow\"><a class=\"link blue\" href=\"http:\/\/icom.museum\/es\/involucrese\/conviertase-en-miembro-de-icom\/\">H\u00e0gase miembro<\/a><\/span><\/p>\n","protected":false},"excerpt":{"rendered":"<p>Los museos no tienen fronteras, tienen una red. Como profesionales de los museos que respetan el C\u00f3digo de deontolog\u00eda del ICOM para los museos, los miembros del ICOM, al presentar la tarjeta de miembro, pueden acceder a las colecciones de diversas instituciones alrededor del mundo. Dicho acceso es otorgado por nuestros miembros institucionales, as\u00ed como [&hellip;]<\/p>\n","protected":false},"author":10,"featured_media":0,"parent":6938,"menu_order":2,"comment_status":"closed","ping_status":"closed","template":"","meta":{"inline_featured_image":false,"footnotes":""},"class_list":["post-6940","page","type-page","status-publish","hentry"],"acf":[],"yoast_head":"<!-- This site is optimized with the Yoast SEO plugin v23.7 - https:\/\/yoast.com\/wordpress\/plugins\/seo\/ -->\n<title>Tarjeta de miembro del ICOM - International Council of Museums<\/title>\n<meta name=\"robots\" content=\"index, follow, max-snippet:-1, max-image-preview:large, max-video-preview:-1\" \/>\n<link rel=\"canonical\" href=\"https:\/\/icom.museum\/es\/red\/tarjeta-de-miembro-del-icom\/\" \/>\n<meta property=\"og:locale\" content=\"es_ES\" \/>\n<meta property=\"og:type\" content=\"article\" \/>\n<meta property=\"og:title\" content=\"Tarjeta de miembro del ICOM - International Council of Museums\" \/>\n<meta property=\"og:description\" content=\"Los museos no tienen fronteras, tienen una red. Como profesionales de los museos que respetan el C\u00f3digo de deontolog\u00eda del ICOM para los museos, los miembros del ICOM, al presentar la tarjeta de miembro, pueden acceder a las colecciones de diversas instituciones alrededor del mundo. Dicho acceso es otorgado por nuestros miembros institucionales, as\u00ed como [&hellip;]\" \/>\n<meta property=\"og:url\" content=\"https:\/\/icom.museum\/es\/red\/tarjeta-de-miembro-del-icom\/\" \/>\n<meta property=\"og:site_name\" content=\"International Council of Museums\" \/>\n<meta property=\"article:modified_time\" content=\"2021-05-28T14:50:14+00:00\" \/>\n<meta property=\"og:image\" content=\"https:\/\/icom.museum\/wp-content\/uploads\/2018\/07\/icon_network_ICOM-membership-card-4.png\" \/>\n<meta name=\"twitter:card\" content=\"summary_large_image\" \/>\n<meta name=\"twitter:label1\" content=\"Tiempo de lectura\" \/>\n\t<meta name=\"twitter:data1\" content=\"1 minuto\" \/>\n<script type=\"application\/ld+json\" class=\"yoast-schema-graph\">{\"@context\":\"https:\/\/schema.org\",\"@graph\":[{\"@type\":\"WebPage\",\"@id\":\"https:\/\/icom.museum\/es\/red\/tarjeta-de-miembro-del-icom\/\",\"url\":\"https:\/\/icom.museum\/es\/red\/tarjeta-de-miembro-del-icom\/\",\"name\":\"Tarjeta de miembro del ICOM - International Council of Museums\",\"isPartOf\":{\"@id\":\"https:\/\/icom.museum\/en\/#website\"},\"datePublished\":\"2018-06-12T08:44:45+00:00\",\"dateModified\":\"2021-05-28T14:50:14+00:00\",\"breadcrumb\":{\"@id\":\"https:\/\/icom.museum\/es\/red\/tarjeta-de-miembro-del-icom\/#breadcrumb\"},\"inLanguage\":\"es\",\"potentialAction\":[{\"@type\":\"ReadAction\",\"target\":[\"https:\/\/icom.museum\/es\/red\/tarjeta-de-miembro-del-icom\/\"]}]},{\"@type\":\"BreadcrumbList\",\"@id\":\"https:\/\/icom.museum\/es\/red\/tarjeta-de-miembro-del-icom\/#breadcrumb\",\"itemListElement\":[{\"@type\":\"ListItem\",\"position\":1,\"name\":\"Home\",\"item\":\"https:\/\/icom.museum\/es\/\"},{\"@type\":\"ListItem\",\"position\":2,\"name\":\"Red\",\"item\":\"https:\/\/icom.museum\/es\/red\/\"},{\"@type\":\"ListItem\",\"position\":3,\"name\":\"Tarjeta de miembro del ICOM\"}]},{\"@type\":\"WebSite\",\"@id\":\"https:\/\/icom.museum\/en\/#website\",\"url\":\"https:\/\/icom.museum\/en\/\",\"name\":\"International Council of Museums\",\"description\":\"A global organisation of museums &amp; museum professionals committed to the promotion and protection of cultural heritage\",\"publisher\":{\"@id\":\"https:\/\/icom.museum\/en\/#organization\"},\"potentialAction\":[{\"@type\":\"SearchAction\",\"target\":{\"@type\":\"EntryPoint\",\"urlTemplate\":\"https:\/\/icom.museum\/en\/?s={search_term_string}\"},\"query-input\":{\"@type\":\"PropertyValueSpecification\",\"valueRequired\":true,\"valueName\":\"search_term_string\"}}],\"inLanguage\":\"es\"},{\"@type\":\"Organization\",\"@id\":\"https:\/\/icom.museum\/en\/#organization\",\"name\":\"International Council of Museums\",\"url\":\"https:\/\/icom.museum\/en\/\",\"logo\":{\"@type\":\"ImageObject\",\"inLanguage\":\"es\",\"@id\":\"https:\/\/icom.museum\/en\/#\/schema\/logo\/image\/\",\"url\":\"https:\/\/icom.museum\/wp-content\/uploads\/2018\/07\/ICOM_M_.jpg\",\"contentUrl\":\"https:\/\/icom.museum\/wp-content\/uploads\/2018\/07\/ICOM_M_.jpg\",\"width\":1721,\"height\":1721,\"caption\":\"International Council of Museums\"},\"image\":{\"@id\":\"https:\/\/icom.museum\/en\/#\/schema\/logo\/image\/\"}}]}<\/script>\n<!-- \/ Yoast SEO plugin. -->","yoast_head_json":{"title":"Tarjeta de miembro del ICOM - International Council of Museums","robots":{"index":"index","follow":"follow","max-snippet":"max-snippet:-1","max-image-preview":"max-image-preview:large","max-video-preview":"max-video-preview:-1"},"canonical":"https:\/\/icom.museum\/es\/red\/tarjeta-de-miembro-del-icom\/","og_locale":"es_ES","og_type":"article","og_title":"Tarjeta de miembro del ICOM - International Council of Museums","og_description":"Los museos no tienen fronteras, tienen una red. Como profesionales de los museos que respetan el C\u00f3digo de deontolog\u00eda del ICOM para los museos, los miembros del ICOM, al presentar la tarjeta de miembro, pueden acceder a las colecciones de diversas instituciones alrededor del mundo. Dicho acceso es otorgado por nuestros miembros institucionales, as\u00ed como [&hellip;]","og_url":"https:\/\/icom.museum\/es\/red\/tarjeta-de-miembro-del-icom\/","og_site_name":"International Council of Museums","article_modified_time":"2021-05-28T14:50:14+00:00","og_image":[{"url":"https:\/\/icom.museum\/wp-content\/uploads\/2018\/07\/icon_network_ICOM-membership-card-4.png"}],"twitter_card":"summary_large_image","twitter_misc":{"Tiempo de lectura":"1 minuto"},"schema":{"@context":"https:\/\/schema.org","@graph":[{"@type":"WebPage","@id":"https:\/\/icom.museum\/es\/red\/tarjeta-de-miembro-del-icom\/","url":"https:\/\/icom.museum\/es\/red\/tarjeta-de-miembro-del-icom\/","name":"Tarjeta de miembro del ICOM - International Council of Museums","isPartOf":{"@id":"https:\/\/icom.museum\/en\/#website"},"datePublished":"2018-06-12T08:44:45+00:00","dateModified":"2021-05-28T14:50:14+00:00","breadcrumb":{"@id":"https:\/\/icom.museum\/es\/red\/tarjeta-de-miembro-del-icom\/#breadcrumb"},"inLanguage":"es","potentialAction":[{"@type":"ReadAction","target":["https:\/\/icom.museum\/es\/red\/tarjeta-de-miembro-del-icom\/"]}]},{"@type":"BreadcrumbList","@id":"https:\/\/icom.museum\/es\/red\/tarjeta-de-miembro-del-icom\/#breadcrumb","itemListElement":[{"@type":"ListItem","position":1,"name":"Home","item":"https:\/\/icom.museum\/es\/"},{"@type":"ListItem","position":2,"name":"Red","item":"https:\/\/icom.museum\/es\/red\/"},{"@type":"ListItem","position":3,"name":"Tarjeta de miembro del ICOM"}]},{"@type":"WebSite","@id":"https:\/\/icom.museum\/en\/#website","url":"https:\/\/icom.museum\/en\/","name":"International Council of Museums","description":"A global organisation of museums &amp; museum professionals committed to the promotion and protection of cultural heritage","publisher":{"@id":"https:\/\/icom.museum\/en\/#organization"},"potentialAction":[{"@type":"SearchAction","target":{"@type":"EntryPoint","urlTemplate":"https:\/\/icom.museum\/en\/?s={search_term_string}"},"query-input":{"@type":"PropertyValueSpecification","valueRequired":true,"valueName":"search_term_string"}}],"inLanguage":"es"},{"@type":"Organization","@id":"https:\/\/icom.museum\/en\/#organization","name":"International Council of Museums","url":"https:\/\/icom.museum\/en\/","logo":{"@type":"ImageObject","inLanguage":"es","@id":"https:\/\/icom.museum\/en\/#\/schema\/logo\/image\/","url":"https:\/\/icom.museum\/wp-content\/uploads\/2018\/07\/ICOM_M_.jpg","contentUrl":"https:\/\/icom.museum\/wp-content\/uploads\/2018\/07\/ICOM_M_.jpg","width":1721,"height":1721,"caption":"International Council of Museums"},"image":{"@id":"https:\/\/icom.museum\/en\/#\/schema\/logo\/image\/"}}]}},"_links":{"self":[{"href":"https:\/\/icom.museum\/es\/wp-json\/wp\/v2\/pages\/6940"}],"collection":[{"href":"https:\/\/icom.museum\/es\/wp-json\/wp\/v2\/pages"}],"about":[{"href":"https:\/\/icom.museum\/es\/wp-json\/wp\/v2\/types\/page"}],"author":[{"embeddable":true,"href":"https:\/\/icom.museum\/es\/wp-json\/wp\/v2\/users\/10"}],"replies":[{"embeddable":true,"href":"https:\/\/icom.museum\/es\/wp-json\/wp\/v2\/comments?post=6940"}],"version-history":[{"count":9,"href":"https:\/\/icom.museum\/es\/wp-json\/wp\/v2\/pages\/6940\/revisions"}],"predecessor-version":[{"id":44419,"href":"https:\/\/icom.museum\/es\/wp-json\/wp\/v2\/pages\/6940\/revisions\/44419"}],"up":[{"embeddable":true,"href":"https:\/\/icom.museum\/es\/wp-json\/wp\/v2\/pages\/6938"}],"wp:attachment":[{"href":"https:\/\/icom.museum\/es\/wp-json\/wp\/v2\/media?parent=6940"}],"curies":[{"name":"wp","href":"https:\/\/api.w.org\/{rel}","templated":true}]}}