{"id":7183,"date":"2018-06-15T10:57:14","date_gmt":"2018-06-15T10:57:14","guid":{"rendered":"http:\/\/icom.museum\/?page_id=7183"},"modified":"2026-02-25T15:37:29","modified_gmt":"2026-02-25T13:37:29","slug":"reuniones-anuales","status":"publish","type":"page","link":"https:\/\/icom.museum\/es\/reuniones-anuales\/","title":{"rendered":"Reuniones Anuales"},"content":{"rendered":"<div class=\"separator\">\n<p>\u00bfQu\u00e9 son las reuniones anuales del ICOM?<\/p>\n<\/div>\n<h2 class=\"headline\">Las reuniones anuales constituyen un momento clave para el di\u00e1logo inclusivo y participativo entre los miembros del ICOM, las entidades del ICOM y sus \u00f3rganos rectores. Proporcionan un foro estructurado para la deliberaci\u00f3n y la toma de decisiones colectivas sobre la direcci\u00f3n estrat\u00e9gica, la gobernanza y el desarrollo futuro de la organizaci\u00f3n.<\/h2>\n<p>Las reuniones anuales del ICOM comprenden las reuniones estatutarias de la organizaci\u00f3n, a saber:<\/p>\n<ul>\n<li>Reuniones separadas de los comit\u00e9s nacionales e internacionales;<\/li>\n<li>Sesi\u00f3n del Consejo Consultivo;<\/li>\n<li>Reuniones de la Asamblea General.<\/li>\n<\/ul>\n<p>Las reuniones anuales del ICOM tambi\u00e9n pueden incluir un programa cient\u00edfico y profesional complementario organizado conjuntamente con las reuniones estatutarias. Este programa puede comprender una conferencia cient\u00edfica o sesiones tem\u00e1ticas, discursos de apertura y ponentes invitados, mesas redondas, talleres, eventos de networking, as\u00ed como conmemoraciones o celebraciones espec\u00edficas de importancia institucional.<\/p>\n<p>Las reuniones de la Asamblea General y del Consejo Consultivo se celebran tradicionalmente en Par\u00eds en junio de cada a\u00f1o, excepto durante los a\u00f1os en que se celebra la Conferencia General, en cuyo caso tienen lugar en la sede de la Conferencia General. Las reuniones separadas de los comit\u00e9s nacionales e internacionales se celebran generalmente en l\u00ednea en mayo.<\/p>\n<p><span style=\"box-sizing: border-box; margin: 0px; padding: 0px;\">Este a\u00f1o se celebra el 80.\u00ba aniversario del ICOM, bajo el lema\u00a0<em>\u00abMuseos uniendo un mundo dividido\u00bb<\/em>.<\/span><\/p>\n<p>Las reuniones anuales de 2026 se celebrar\u00e1n de forma presencial en la sede de la UNESCO en Par\u00eds (Francia), seg\u00fan el siguiente calendario:<\/p>\n<ul>\n<li>100.\u00aa sesi\u00f3n del Consejo Consultivo, que se celebrar\u00e1 el 24 de junio de 2026 (tanto de forma presencial como en l\u00ednea para el p\u00fablico correspondiente);<\/li>\n<li>41.\u00aa reuni\u00f3n ordinaria de la Asamblea General, que se celebrar\u00e1 el 25 de junio de 2026.<\/li>\n<\/ul>\n<p>La reuni\u00f3n de la Asamblea General se retransmitir\u00e1 en directo para que sea accesible en todo el mundo. El Consejo Consultivo tambi\u00e9n ser\u00e1 accesible en l\u00ednea para todos sus miembros (solo presidentes de comit\u00e9s del ICOM y organizaciones afiliadas).<\/p>\n<p>Las reuniones separadas de los comit\u00e9s nacionales e internacionales se celebrar\u00e1n en l\u00ednea, en mayo de 2026.<\/p>\n<p>Para obtener m\u00e1s informaci\u00f3n sobre la funci\u00f3n y las responsabilidades de los \u00f3rganos del ICOM, consulte <a href=\"https:\/\/icom.museum\/wp-content\/uploads\/2025\/03\/3-Languages-Decision-making-Infographic-1.pdf\">la infograf\u00eda sobre la estructura y el proceso de toma de decisiones del ICOM<\/a>, as\u00ed como los materiales explicativos que la acompa\u00f1an, disponibles <a href=\"https:\/\/icom.museum\/wp-content\/uploads\/2026\/02\/ICOM-Statutory-Meetings_2026_ES.docx\">aqu\u00ed<\/a>.<\/p>\n<div class=\"separator\">\n<p>AGORA<\/p>\n<\/div>\n<p><a href=\"https:\/\/agora.icom.museum\/\">AGORA<\/a> es la plataforma en l\u00ednea del ICOM dedicada a las reuniones estatutarias y accesible a todos los miembros a trav\u00e9s del Espacio de Miembros del ICOM. La plataforma permite a los miembros inscribirse en las reuniones estatutarias, consultar los documentos de trabajo relacionados con estas reuniones y acceder a las grabaciones de las asambleas generales anteriores. Puede acceder a AGORA <a href=\"https:\/\/agora.icom.museum\/\">aqu\u00ed<\/a>.<\/p>\n<div class=\"separator\">\n<p>Reuniones anuales anteriores del ICOM<\/p>\n<\/div>\n<p>En 2025, la 99.\u00aa sesi\u00f3n del Consejo Consultivo, as\u00ed como la 40.\u00aa reuni\u00f3n ordinaria de la Asamblea General, se celebraron en Dub\u00e1i (EAU), como parte de la 27.\u00aa Conferencia General del ICOM.<\/p>\n<p>En 2024, la 96.\u00aa sesi\u00f3n del Consejo Consultivo, as\u00ed como la 39.\u00aa reuni\u00f3n ordinaria de la Asamblea General, se celebraron en Marsella (Francia), en el MUCEM (<em>Mus\u00e9e des civilisations de l\u2019Europe et de la M\u00e9diterran\u00e9e<\/em>).<\/p>\n<p>&nbsp;<\/p>\n","protected":false},"excerpt":{"rendered":"<p>\u00bfQu\u00e9 son las reuniones anuales del ICOM? Las reuniones anuales constituyen un momento clave para el di\u00e1logo inclusivo y participativo entre los miembros del ICOM, las entidades del ICOM y sus \u00f3rganos rectores. Proporcionan un foro estructurado para la deliberaci\u00f3n y la toma de decisiones colectivas sobre la direcci\u00f3n estrat\u00e9gica, la gobernanza y el desarrollo [&hellip;]<\/p>\n","protected":false},"author":10,"featured_media":0,"parent":0,"menu_order":2,"comment_status":"closed","ping_status":"closed","template":"","meta":{"inline_featured_image":false,"footnotes":""},"class_list":["post-7183","page","type-page","status-publish","hentry"],"acf":[],"yoast_head":"<!-- This site is optimized with the Yoast SEO plugin v23.7 - https:\/\/yoast.com\/wordpress\/plugins\/seo\/ -->\n<title>Reuniones Anuales - International Council of Museums<\/title>\n<meta name=\"robots\" content=\"index, follow, max-snippet:-1, max-image-preview:large, max-video-preview:-1\" \/>\n<link rel=\"canonical\" href=\"https:\/\/icom.museum\/es\/reuniones-anuales\/\" \/>\n<meta property=\"og:locale\" content=\"es_ES\" \/>\n<meta property=\"og:type\" content=\"article\" \/>\n<meta property=\"og:title\" content=\"Reuniones Anuales - International Council of Museums\" \/>\n<meta property=\"og:description\" content=\"\u00bfQu\u00e9 son las reuniones anuales del ICOM? Las reuniones anuales constituyen un momento clave para el di\u00e1logo inclusivo y participativo entre los miembros del ICOM, las entidades del ICOM y sus \u00f3rganos rectores. Proporcionan un foro estructurado para la deliberaci\u00f3n y la toma de decisiones colectivas sobre la direcci\u00f3n estrat\u00e9gica, la gobernanza y el desarrollo [&hellip;]\" \/>\n<meta property=\"og:url\" content=\"https:\/\/icom.museum\/es\/reuniones-anuales\/\" \/>\n<meta property=\"og:site_name\" content=\"International Council of Museums\" \/>\n<meta property=\"article:modified_time\" content=\"2026-02-25T13:37:29+00:00\" \/>\n<meta property=\"og:image\" content=\"https:\/\/icom.museum\/wp-content\/uploads\/2024\/06\/3.jpg\" \/>\n<meta name=\"twitter:card\" content=\"summary_large_image\" \/>\n<meta name=\"twitter:label1\" content=\"Tiempo de lectura\" \/>\n\t<meta name=\"twitter:data1\" content=\"3 minutos\" \/>\n<script type=\"application\/ld+json\" class=\"yoast-schema-graph\">{\"@context\":\"https:\/\/schema.org\",\"@graph\":[{\"@type\":\"WebPage\",\"@id\":\"https:\/\/icom.museum\/es\/reuniones-anuales\/\",\"url\":\"https:\/\/icom.museum\/es\/reuniones-anuales\/\",\"name\":\"Reuniones Anuales - International Council of Museums\",\"isPartOf\":{\"@id\":\"https:\/\/icom.museum\/en\/#website\"},\"datePublished\":\"2018-06-15T10:57:14+00:00\",\"dateModified\":\"2026-02-25T13:37:29+00:00\",\"breadcrumb\":{\"@id\":\"https:\/\/icom.museum\/es\/reuniones-anuales\/#breadcrumb\"},\"inLanguage\":\"es\",\"potentialAction\":[{\"@type\":\"ReadAction\",\"target\":[\"https:\/\/icom.museum\/es\/reuniones-anuales\/\"]}]},{\"@type\":\"BreadcrumbList\",\"@id\":\"https:\/\/icom.museum\/es\/reuniones-anuales\/#breadcrumb\",\"itemListElement\":[{\"@type\":\"ListItem\",\"position\":1,\"name\":\"Home\",\"item\":\"https:\/\/icom.museum\/es\/\"},{\"@type\":\"ListItem\",\"position\":2,\"name\":\"Reuniones Anuales\"}]},{\"@type\":\"WebSite\",\"@id\":\"https:\/\/icom.museum\/en\/#website\",\"url\":\"https:\/\/icom.museum\/en\/\",\"name\":\"International Council of Museums\",\"description\":\"A global organisation of museums &amp; museum professionals committed to the promotion and protection of cultural heritage\",\"publisher\":{\"@id\":\"https:\/\/icom.museum\/en\/#organization\"},\"potentialAction\":[{\"@type\":\"SearchAction\",\"target\":{\"@type\":\"EntryPoint\",\"urlTemplate\":\"https:\/\/icom.museum\/en\/?s={search_term_string}\"},\"query-input\":{\"@type\":\"PropertyValueSpecification\",\"valueRequired\":true,\"valueName\":\"search_term_string\"}}],\"inLanguage\":\"es\"},{\"@type\":\"Organization\",\"@id\":\"https:\/\/icom.museum\/en\/#organization\",\"name\":\"International Council of Museums\",\"url\":\"https:\/\/icom.museum\/en\/\",\"logo\":{\"@type\":\"ImageObject\",\"inLanguage\":\"es\",\"@id\":\"https:\/\/icom.museum\/en\/#\/schema\/logo\/image\/\",\"url\":\"https:\/\/icom.museum\/wp-content\/uploads\/2018\/07\/ICOM_M_.jpg\",\"contentUrl\":\"https:\/\/icom.museum\/wp-content\/uploads\/2018\/07\/ICOM_M_.jpg\",\"width\":1721,\"height\":1721,\"caption\":\"International Council of Museums\"},\"image\":{\"@id\":\"https:\/\/icom.museum\/en\/#\/schema\/logo\/image\/\"}}]}<\/script>\n<!-- \/ Yoast SEO plugin. -->","yoast_head_json":{"title":"Reuniones Anuales - International Council of Museums","robots":{"index":"index","follow":"follow","max-snippet":"max-snippet:-1","max-image-preview":"max-image-preview:large","max-video-preview":"max-video-preview:-1"},"canonical":"https:\/\/icom.museum\/es\/reuniones-anuales\/","og_locale":"es_ES","og_type":"article","og_title":"Reuniones Anuales - International Council of Museums","og_description":"\u00bfQu\u00e9 son las reuniones anuales del ICOM? Las reuniones anuales constituyen un momento clave para el di\u00e1logo inclusivo y participativo entre los miembros del ICOM, las entidades del ICOM y sus \u00f3rganos rectores. Proporcionan un foro estructurado para la deliberaci\u00f3n y la toma de decisiones colectivas sobre la direcci\u00f3n estrat\u00e9gica, la gobernanza y el desarrollo [&hellip;]","og_url":"https:\/\/icom.museum\/es\/reuniones-anuales\/","og_site_name":"International Council of Museums","article_modified_time":"2026-02-25T13:37:29+00:00","og_image":[{"url":"https:\/\/icom.museum\/wp-content\/uploads\/2024\/06\/3.jpg"}],"twitter_card":"summary_large_image","twitter_misc":{"Tiempo de lectura":"3 minutos"},"schema":{"@context":"https:\/\/schema.org","@graph":[{"@type":"WebPage","@id":"https:\/\/icom.museum\/es\/reuniones-anuales\/","url":"https:\/\/icom.museum\/es\/reuniones-anuales\/","name":"Reuniones Anuales - International Council of Museums","isPartOf":{"@id":"https:\/\/icom.museum\/en\/#website"},"datePublished":"2018-06-15T10:57:14+00:00","dateModified":"2026-02-25T13:37:29+00:00","breadcrumb":{"@id":"https:\/\/icom.museum\/es\/reuniones-anuales\/#breadcrumb"},"inLanguage":"es","potentialAction":[{"@type":"ReadAction","target":["https:\/\/icom.museum\/es\/reuniones-anuales\/"]}]},{"@type":"BreadcrumbList","@id":"https:\/\/icom.museum\/es\/reuniones-anuales\/#breadcrumb","itemListElement":[{"@type":"ListItem","position":1,"name":"Home","item":"https:\/\/icom.museum\/es\/"},{"@type":"ListItem","position":2,"name":"Reuniones Anuales"}]},{"@type":"WebSite","@id":"https:\/\/icom.museum\/en\/#website","url":"https:\/\/icom.museum\/en\/","name":"International Council of Museums","description":"A global organisation of museums &amp; museum professionals committed to the promotion and protection of cultural heritage","publisher":{"@id":"https:\/\/icom.museum\/en\/#organization"},"potentialAction":[{"@type":"SearchAction","target":{"@type":"EntryPoint","urlTemplate":"https:\/\/icom.museum\/en\/?s={search_term_string}"},"query-input":{"@type":"PropertyValueSpecification","valueRequired":true,"valueName":"search_term_string"}}],"inLanguage":"es"},{"@type":"Organization","@id":"https:\/\/icom.museum\/en\/#organization","name":"International Council of Museums","url":"https:\/\/icom.museum\/en\/","logo":{"@type":"ImageObject","inLanguage":"es","@id":"https:\/\/icom.museum\/en\/#\/schema\/logo\/image\/","url":"https:\/\/icom.museum\/wp-content\/uploads\/2018\/07\/ICOM_M_.jpg","contentUrl":"https:\/\/icom.museum\/wp-content\/uploads\/2018\/07\/ICOM_M_.jpg","width":1721,"height":1721,"caption":"International Council of Museums"},"image":{"@id":"https:\/\/icom.museum\/en\/#\/schema\/logo\/image\/"}}]}},"_links":{"self":[{"href":"https:\/\/icom.museum\/es\/wp-json\/wp\/v2\/pages\/7183"}],"collection":[{"href":"https:\/\/icom.museum\/es\/wp-json\/wp\/v2\/pages"}],"about":[{"href":"https:\/\/icom.museum\/es\/wp-json\/wp\/v2\/types\/page"}],"author":[{"embeddable":true,"href":"https:\/\/icom.museum\/es\/wp-json\/wp\/v2\/users\/10"}],"replies":[{"embeddable":true,"href":"https:\/\/icom.museum\/es\/wp-json\/wp\/v2\/comments?post=7183"}],"version-history":[{"count":30,"href":"https:\/\/icom.museum\/es\/wp-json\/wp\/v2\/pages\/7183\/revisions"}],"predecessor-version":[{"id":67512,"href":"https:\/\/icom.museum\/es\/wp-json\/wp\/v2\/pages\/7183\/revisions\/67512"}],"wp:attachment":[{"href":"https:\/\/icom.museum\/es\/wp-json\/wp\/v2\/media?parent=7183"}],"curies":[{"name":"wp","href":"https:\/\/api.w.org\/{rel}","templated":true}]}}