{"id":7264,"date":"2018-06-18T09:14:05","date_gmt":"2018-06-18T09:14:05","guid":{"rendered":"http:\/\/icom.museum\/?page_id=7264"},"modified":"2019-03-14T14:30:08","modified_gmt":"2019-03-14T14:30:08","slug":"red-lists","status":"publish","type":"page","link":"https:\/\/icom.museum\/es\/recursos\/red-lists\/","title":{"rendered":"Base de datos de Listas Rojas"},"content":{"rendered":"<p>La base de datos recopila todas las categor\u00edas de bienes culturales ilustradas en las Listas Rojas del ICOM. Para m\u00e1s informaci\u00f3n sobre las Listas Rojas, consulte <a href=\"http:\/\/icom.museum\/es\/actividades\/proteccion-del-patrimonio\/listas-rojas\/\">su p\u00e1gina<\/a>.<\/p>\n<p>&nbsp;<\/p>\n<p>NOTA IMPORTANTE: Una Lista Roja NO es una lista de objetos robados. Los bienes culturales representados son objetos inventariados dentro de las colecciones de instituciones reconocidas. Estos sirven para ilustrar las categor\u00edas de bienes culturales m\u00e1s vulnerables al tr\u00e1fico il\u00edcito.<br \/>\nAlgunos datos pueden aparecer en ingl\u00e9s si la Lista Roja original a\u00fan no est\u00e1 disponible en espa\u00f1ol.<\/p>\n","protected":false},"excerpt":{"rendered":"<p>La base de datos recopila todas las categor\u00edas de bienes culturales ilustradas en las Listas Rojas del ICOM. Para m\u00e1s informaci\u00f3n sobre las Listas Rojas, consulte su p\u00e1gina. &nbsp; NOTA IMPORTANTE: Una Lista Roja NO es una lista de objetos robados. Los bienes culturales representados son objetos inventariados dentro de las colecciones de instituciones reconocidas. [&hellip;]<\/p>\n","protected":false},"author":1,"featured_media":0,"parent":9727,"menu_order":1,"comment_status":"closed","ping_status":"closed","template":"page-redlist.php","meta":{"inline_featured_image":false,"footnotes":""},"class_list":["post-7264","page","type-page","status-publish","hentry"],"acf":[],"yoast_head":"<!-- This site is optimized with the Yoast SEO plugin v23.7 - https:\/\/yoast.com\/wordpress\/plugins\/seo\/ -->\n<title>Base de datos de Listas Rojas - International Council of Museums<\/title>\n<meta name=\"robots\" content=\"index, follow, max-snippet:-1, max-image-preview:large, max-video-preview:-1\" \/>\n<link rel=\"canonical\" href=\"https:\/\/icom.museum\/es\/recursos\/red-lists\/\" \/>\n<meta property=\"og:locale\" content=\"es_ES\" \/>\n<meta property=\"og:type\" content=\"article\" \/>\n<meta property=\"og:title\" content=\"Base de datos de Listas Rojas - International Council of Museums\" \/>\n<meta property=\"og:description\" content=\"La base de datos recopila todas las categor\u00edas de bienes culturales ilustradas en las Listas Rojas del ICOM. Para m\u00e1s informaci\u00f3n sobre las Listas Rojas, consulte su p\u00e1gina. &nbsp; NOTA IMPORTANTE: Una Lista Roja NO es una lista de objetos robados. Los bienes culturales representados son objetos inventariados dentro de las colecciones de instituciones reconocidas. [&hellip;]\" \/>\n<meta property=\"og:url\" content=\"https:\/\/icom.museum\/es\/recursos\/red-lists\/\" \/>\n<meta property=\"og:site_name\" content=\"International Council of Museums\" \/>\n<meta property=\"article:modified_time\" content=\"2019-03-14T14:30:08+00:00\" \/>\n<meta property=\"og:image\" content=\"https:\/\/icom.museum\/wp-content\/uploads\/2018\/07\/icon_resources_red-lists-1.png\" \/>\n<meta name=\"twitter:card\" content=\"summary_large_image\" \/>\n<script type=\"application\/ld+json\" class=\"yoast-schema-graph\">{\"@context\":\"https:\/\/schema.org\",\"@graph\":[{\"@type\":\"WebPage\",\"@id\":\"https:\/\/icom.museum\/es\/recursos\/red-lists\/\",\"url\":\"https:\/\/icom.museum\/es\/recursos\/red-lists\/\",\"name\":\"Base de datos de Listas Rojas - International Council of Museums\",\"isPartOf\":{\"@id\":\"https:\/\/icom.museum\/en\/#website\"},\"datePublished\":\"2018-06-18T09:14:05+00:00\",\"dateModified\":\"2019-03-14T14:30:08+00:00\",\"breadcrumb\":{\"@id\":\"https:\/\/icom.museum\/es\/recursos\/red-lists\/#breadcrumb\"},\"inLanguage\":\"es\",\"potentialAction\":[{\"@type\":\"ReadAction\",\"target\":[\"https:\/\/icom.museum\/es\/recursos\/red-lists\/\"]}]},{\"@type\":\"BreadcrumbList\",\"@id\":\"https:\/\/icom.museum\/es\/recursos\/red-lists\/#breadcrumb\",\"itemListElement\":[{\"@type\":\"ListItem\",\"position\":1,\"name\":\"Home\",\"item\":\"https:\/\/icom.museum\/es\/\"},{\"@type\":\"ListItem\",\"position\":2,\"name\":\"Recursos\",\"item\":\"https:\/\/icom.museum\/es\/recursos\/\"},{\"@type\":\"ListItem\",\"position\":3,\"name\":\"Base de datos de Listas Rojas\"}]},{\"@type\":\"WebSite\",\"@id\":\"https:\/\/icom.museum\/en\/#website\",\"url\":\"https:\/\/icom.museum\/en\/\",\"name\":\"International Council of Museums\",\"description\":\"A global organisation of museums &amp; museum professionals committed to the promotion and protection of cultural heritage\",\"publisher\":{\"@id\":\"https:\/\/icom.museum\/en\/#organization\"},\"potentialAction\":[{\"@type\":\"SearchAction\",\"target\":{\"@type\":\"EntryPoint\",\"urlTemplate\":\"https:\/\/icom.museum\/en\/?s={search_term_string}\"},\"query-input\":{\"@type\":\"PropertyValueSpecification\",\"valueRequired\":true,\"valueName\":\"search_term_string\"}}],\"inLanguage\":\"es\"},{\"@type\":\"Organization\",\"@id\":\"https:\/\/icom.museum\/en\/#organization\",\"name\":\"International Council of Museums\",\"url\":\"https:\/\/icom.museum\/en\/\",\"logo\":{\"@type\":\"ImageObject\",\"inLanguage\":\"es\",\"@id\":\"https:\/\/icom.museum\/en\/#\/schema\/logo\/image\/\",\"url\":\"https:\/\/icom.museum\/wp-content\/uploads\/2018\/07\/ICOM_M_.jpg\",\"contentUrl\":\"https:\/\/icom.museum\/wp-content\/uploads\/2018\/07\/ICOM_M_.jpg\",\"width\":1721,\"height\":1721,\"caption\":\"International Council of Museums\"},\"image\":{\"@id\":\"https:\/\/icom.museum\/en\/#\/schema\/logo\/image\/\"}}]}<\/script>\n<!-- \/ Yoast SEO plugin. -->","yoast_head_json":{"title":"Base de datos de Listas Rojas - International Council of Museums","robots":{"index":"index","follow":"follow","max-snippet":"max-snippet:-1","max-image-preview":"max-image-preview:large","max-video-preview":"max-video-preview:-1"},"canonical":"https:\/\/icom.museum\/es\/recursos\/red-lists\/","og_locale":"es_ES","og_type":"article","og_title":"Base de datos de Listas Rojas - International Council of Museums","og_description":"La base de datos recopila todas las categor\u00edas de bienes culturales ilustradas en las Listas Rojas del ICOM. Para m\u00e1s informaci\u00f3n sobre las Listas Rojas, consulte su p\u00e1gina. &nbsp; NOTA IMPORTANTE: Una Lista Roja NO es una lista de objetos robados. Los bienes culturales representados son objetos inventariados dentro de las colecciones de instituciones reconocidas. [&hellip;]","og_url":"https:\/\/icom.museum\/es\/recursos\/red-lists\/","og_site_name":"International Council of Museums","article_modified_time":"2019-03-14T14:30:08+00:00","og_image":[{"url":"https:\/\/icom.museum\/wp-content\/uploads\/2018\/07\/icon_resources_red-lists-1.png"}],"twitter_card":"summary_large_image","schema":{"@context":"https:\/\/schema.org","@graph":[{"@type":"WebPage","@id":"https:\/\/icom.museum\/es\/recursos\/red-lists\/","url":"https:\/\/icom.museum\/es\/recursos\/red-lists\/","name":"Base de datos de Listas Rojas - International Council of Museums","isPartOf":{"@id":"https:\/\/icom.museum\/en\/#website"},"datePublished":"2018-06-18T09:14:05+00:00","dateModified":"2019-03-14T14:30:08+00:00","breadcrumb":{"@id":"https:\/\/icom.museum\/es\/recursos\/red-lists\/#breadcrumb"},"inLanguage":"es","potentialAction":[{"@type":"ReadAction","target":["https:\/\/icom.museum\/es\/recursos\/red-lists\/"]}]},{"@type":"BreadcrumbList","@id":"https:\/\/icom.museum\/es\/recursos\/red-lists\/#breadcrumb","itemListElement":[{"@type":"ListItem","position":1,"name":"Home","item":"https:\/\/icom.museum\/es\/"},{"@type":"ListItem","position":2,"name":"Recursos","item":"https:\/\/icom.museum\/es\/recursos\/"},{"@type":"ListItem","position":3,"name":"Base de datos de Listas Rojas"}]},{"@type":"WebSite","@id":"https:\/\/icom.museum\/en\/#website","url":"https:\/\/icom.museum\/en\/","name":"International Council of Museums","description":"A global organisation of museums &amp; museum professionals committed to the promotion and protection of cultural heritage","publisher":{"@id":"https:\/\/icom.museum\/en\/#organization"},"potentialAction":[{"@type":"SearchAction","target":{"@type":"EntryPoint","urlTemplate":"https:\/\/icom.museum\/en\/?s={search_term_string}"},"query-input":{"@type":"PropertyValueSpecification","valueRequired":true,"valueName":"search_term_string"}}],"inLanguage":"es"},{"@type":"Organization","@id":"https:\/\/icom.museum\/en\/#organization","name":"International Council of Museums","url":"https:\/\/icom.museum\/en\/","logo":{"@type":"ImageObject","inLanguage":"es","@id":"https:\/\/icom.museum\/en\/#\/schema\/logo\/image\/","url":"https:\/\/icom.museum\/wp-content\/uploads\/2018\/07\/ICOM_M_.jpg","contentUrl":"https:\/\/icom.museum\/wp-content\/uploads\/2018\/07\/ICOM_M_.jpg","width":1721,"height":1721,"caption":"International Council of Museums"},"image":{"@id":"https:\/\/icom.museum\/en\/#\/schema\/logo\/image\/"}}]}},"_links":{"self":[{"href":"https:\/\/icom.museum\/es\/wp-json\/wp\/v2\/pages\/7264"}],"collection":[{"href":"https:\/\/icom.museum\/es\/wp-json\/wp\/v2\/pages"}],"about":[{"href":"https:\/\/icom.museum\/es\/wp-json\/wp\/v2\/types\/page"}],"author":[{"embeddable":true,"href":"https:\/\/icom.museum\/es\/wp-json\/wp\/v2\/users\/1"}],"replies":[{"embeddable":true,"href":"https:\/\/icom.museum\/es\/wp-json\/wp\/v2\/comments?post=7264"}],"version-history":[{"count":6,"href":"https:\/\/icom.museum\/es\/wp-json\/wp\/v2\/pages\/7264\/revisions"}],"predecessor-version":[{"id":33205,"href":"https:\/\/icom.museum\/es\/wp-json\/wp\/v2\/pages\/7264\/revisions\/33205"}],"up":[{"embeddable":true,"href":"https:\/\/icom.museum\/es\/wp-json\/wp\/v2\/pages\/9727"}],"wp:attachment":[{"href":"https:\/\/icom.museum\/es\/wp-json\/wp\/v2\/media?parent=7264"}],"curies":[{"name":"wp","href":"https:\/\/api.w.org\/{rel}","templated":true}]}}