{"id":7337,"date":"2018-06-19T13:10:22","date_gmt":"2018-06-19T13:10:22","guid":{"rendered":"http:\/\/icom.museum\/?page_id=7337"},"modified":"2026-04-14T14:11:16","modified_gmt":"2026-04-14T12:11:16","slug":"dia-internacional-de-los-museos","status":"publish","type":"page","link":"https:\/\/icom.museum\/es\/dia-internacional-de-los-museos\/","title":{"rendered":"D\u00eda Internacional de los Museos"},"content":{"rendered":"<h2>Cada a\u00f1o desde 1977, el ICOM organiza el D\u00eda Internacional de los Museos, que representa un momento \u00fanico para la comunidad muse\u00edstica internacional.<\/h2>\n<p>El objetivo del D\u00eda Internacional de los Museos (DIM) es concienciar sobre el hecho de que \u00ablos museos son un medio importante de intercambio cultural, enriquecimiento de las culturas y desarrollo del entendimiento mutuo, la cooperaci\u00f3n y la paz entre los pueblos\u00bb. Organizados el 18 de mayo de cada a\u00f1o o en torno a esta fecha, los eventos y actividades programados para celebrar el D\u00eda Internacional de los Museos pueden durar un d\u00eda, un fin de semana o una semana entera. El DIM se celebr\u00f3 por primera vez hace 40 a\u00f1os. Cada vez son m\u00e1s los museos de todo el mundo que participan en el D\u00eda Internacional de los Museos. El a\u00f1o pasado, m\u00e1s de 37 000 museos participaron en el evento en unos 158 pa\u00edses y territorios.<\/p>\n<p><img loading=\"lazy\" decoding=\"async\" class=\"aligncenter size-large wp-image-67905\" src=\"https:\/\/icom.museum\/wp-content\/uploads\/2026\/04\/IMD_ES-724x1024.png\" alt=\"\" width=\"724\" height=\"1024\" srcset=\"https:\/\/icom.museum\/wp-content\/uploads\/2026\/04\/IMD_ES-724x1024.png 724w, https:\/\/icom.museum\/wp-content\/uploads\/2026\/04\/IMD_ES-212x300.png 212w, https:\/\/icom.museum\/wp-content\/uploads\/2026\/04\/IMD_ES-768x1086.png 768w, https:\/\/icom.museum\/wp-content\/uploads\/2026\/04\/IMD_ES-1086x1536.png 1086w, https:\/\/icom.museum\/wp-content\/uploads\/2026\/04\/IMD_ES-1449x2048.png 1449w\" sizes=\"(max-width: 724px) 100vw, 724px\" \/><\/p>\n<h2 class=\"headline\">D\u00eda Internacional de los Museos 2026: Museos uniendo un mundo dividido<\/h2>\n<p>El 18 de mayo de 2026, los museos de todo el mundo celebrar\u00e1n el D\u00eda Internacional de los Museos bajo el tema <a href=\"https:\/\/icom.museum\/es\/news\/museos-uniendo-un-mundo-dividido\/\"><strong>\u00abMuseos uniendo un mundo dividido\u00bb<\/strong><\/a>. El tema destaca el potencial de los museos para actuar como puentes entre las divisiones culturales, sociales y geopol\u00edticas, fomentando el di\u00e1logo, el entendimiento, la inclusi\u00f3n y la paz dentro y entre las comunidades de todo el mundo.<\/p>\n<p><span class=\"link_red\"><a href=\"https:\/\/icom.museum\/es\/news\/museos-uniendo-un-mundo-dividido\/\">Material de comunicaci\u00f3n del DIM 2026<\/a><\/span><\/p>\n<div class=\"separator\">\n<p><strong>Tema del D\u00eda Internacional de los Museos 2026<\/strong><\/p>\n<\/div>\n<p>Como lugares de aprendizaje, los museos contribuyen a la coexistencia pac\u00edfica y al respeto mutuo. Para el D\u00eda Internacional de los Museos 2026, que se celebrar\u00e1 en mayo, les invitamos a unirse a nosotros para dar visibilidad al tema <em><strong>Museos uniendo un mundo dividido<\/strong><\/em>. Este tema tambi\u00e9n guiar\u00e1 las celebraciones del 80.\u00ba aniversario del ICOM a lo largo del a\u00f1o.<\/p>\n<p>Los museos son espacios p\u00fablicos de confianza donde las personas se encuentran con historias, objetos y entre s\u00ed. En tiempos de fragmentaci\u00f3n social, polarizaci\u00f3n y acceso desigual al conocimiento y la cultura, los museos ayudan a reconstruir la conexi\u00f3n entre generaciones, comunidades y fronteras, fomentando <strong>el di\u00e1logo, el entendimiento, la inclusi\u00f3n y la paz<\/strong> dentro y entre las comunidades de todo el mundo.<\/p>\n<p>El tema \u00abMuseos uniendo un mundo dividido\u00bb destaca el potencial de los museos para actuar como puentes entre las divisiones culturales, sociales y geopol\u00edticas, fomentando el di\u00e1logo, el entendimiento y la paz dentro y entre las comunidades de todo el mundo. Los museos no borran las diferencias, sino que crean las condiciones para que estas se comprendan y se traten con respeto: salvaguardando el patrimonio y la memoria, ofreciendo aprendizaje y reflexi\u00f3n, y proporcionando espacios acogedores donde se pueden escuchar voces diversas. Abiertos y accesibles, los museos fomentan la diversidad y la sostenibilidad.<\/p>\n<p>A trav\u00e9s del D\u00eda Internacional de los Museos, el ICOM lleva apoyando desde 2020 los <a href=\"https:\/\/sdgs.un.org\/goals\">Objetivos de Desarrollo Sostenible (ODS) de las Naciones Unidas<\/a> y promueve anualmente un conjunto de objetivos. El tema de este a\u00f1o se alinea con los tres objetivos siguientes:<\/p>\n<ul>\n<li><strong>ODS 10: Reducir las desigualdades:<\/strong> Reducir la desigualdad dentro de los pa\u00edses y entre ellos<\/li>\n<li><strong>ODS 16: Paz, justicia e instituciones s\u00f3lidas:<\/strong> Promover sociedades justas, pac\u00edficas e inclusivas<\/li>\n<li><strong>ODS 17: Alianzas para lograr los objetivos:<\/strong> Revitalizar la alianza mundial para el desarrollo sostenible<\/li>\n<\/ul>\n<p>El ICOM invita a todos los miembros de la comunidad muse\u00edstica internacional a participar en el D\u00eda Internacional de los Museos 2026 y a traducir el tema en acciones significativas a nivel local, incluyendo programas participativos, alianzas y experiencias accesibles que refuercen el sentido de pertenencia y la confianza. El ICOM espera poder celebrar el D\u00eda Internacional de los Museos con usted y su museo.<\/p>\n<h3>Para garantizar el \u00e9xito del D\u00eda Internacional de los Museos, \u00a1necesitamos su ayuda!<\/h3>\n<p>Usted es el embajador del D\u00eda Internacional de los Museos. Gracias a las actividades que organiza y a los fuertes v\u00ednculos que desarrolla con su p\u00fablico, este evento sigue siendo un \u00e9xito a\u00f1o tras a\u00f1o. Adem\u00e1s de las actividades que planifica, su participaci\u00f3n en el D\u00eda Internacional de los Museos es una oportunidad para que usted:<\/p>\n<ul>\n<li><b>Ponga en marcha colaboraciones<\/b> con escuelas, asociaciones, bibliotecas, otros museos, etc. para promover su evento y reforzar sus v\u00ednculos con organizaciones con objetivos similares;<\/li>\n<li><b>Promover el<\/b> papel de los museos en nuestras sociedades informando a las autoridades locales, regionales y nacionales sobre sus actividades y por qu\u00e9 son importantes para el p\u00fablico en general.<\/li>\n<li><b>Difundir informaci\u00f3n<\/b> sobre el D\u00eda Internacional de los Museos a trav\u00e9s de la prensa local, sus redes sociales y su sitio web.<\/li>\n<li><b>Obtener visibilidad internacional<\/b> sobre sus actividades compartiendo informaci\u00f3n sobre sus eventos del D\u00eda Internacional de los Museos con el ICOM, lo que nos permite difundir las noticias a trav\u00e9s de nuestra red y m\u00e1s all\u00e1.<\/li>\n<\/ul>\n<h4>Al preparar una actividad especial para el D\u00eda Internacional de los Museos 2024, le recomendamos que siga cinco pasos importantes:<\/h4>\n<div>\n<ol>\n<li><strong>DESTINATARIOS: UN P\u00daBLICO ESPEC\u00cdFICO<br \/>\n<\/strong>Puede elegir entre dirigirse a sus visitantes habituales o a un p\u00fablico nuevo. En cualquier caso, le recomendamos que se dirija al menos a un p\u00fablico espec\u00edfico, como ni\u00f1os, personas mayores, una minor\u00eda de su comunidad, etc.<\/li>\n<li><strong>DEFINA SUS OBJETIVOS<br \/>\n<\/strong>Su objetivo puede ser llegar a un p\u00fablico nuevo, destacar su participaci\u00f3n en la comunidad, ser escuchado por las autoridades p\u00fablicas, dar a conocer su instituci\u00f3n a socios potenciales, etc.<\/li>\n<li><strong>FORJE ASOCIACIONES INSTITUCIONALES<br \/>\n<\/strong>El D\u00eda Internacional de los Museos es una oportunidad para crear asociaciones y patrocinios locales, nacionales o internacionales en relaci\u00f3n con muchos aspectos, desde colecciones hasta mediaci\u00f3n o financiaci\u00f3n.<\/li>\n<li><strong>\u00daNASE A UNA CAMPA\u00d1A INTERNACIONAL<br \/>\n<\/strong>Registre su actividad en el mapa interactivo del D\u00eda Internacional de los Museos (\u00a1pr\u00f3ximamente!) y utilice nuestros hashtags en las redes sociales para unirse a los museos de todo el mundo en la celebraci\u00f3n.<\/li>\n<li><strong>REALICE UNA EVALUACI\u00d3N POSTERIOR AL EVENTO<br \/>\n<\/strong>Es importante analizar el \u00e9xito de su D\u00eda Internacional de los Museos y su impacto. Tambi\u00e9n le animamos a que env\u00ede sus im\u00e1genes y resultados a su Comit\u00e9 Nacional del ICOM, \u00a1pueden aparecer en el Informe Anual del ICOM!<\/li>\n<\/ol>\n<\/div>\n<div class=\"column\">\n<details open=\"open\">\n<summary><strong>D\u00eda Internacional de los Museos 2025: El futuro de los museos en comunidades en constante cambio<\/strong><\/summary>\n<p>En una era marcada por la transformaci\u00f3n constante, los museos se encuentran a la vanguardia del cambio, navegando por un panorama din\u00e1mico moldeado por acontecimientos globales cambiantes y necesidades sociales en evoluci\u00f3n. El tema del D\u00eda Internacional de los Museos de este a\u00f1o, <i>El futuro de los museos en comunidades en constante cambio<\/i>, nos invita a reimaginar el papel de los museos como conectores esenciales, innovadores y guardianes de la identidad cultural. En consonancia con la 27.\u00aa Conferencia General del ICOM en Dub\u00e1i, este tema subraya las conversaciones cr\u00edticas que se avecinan, explorando c\u00f3mo los museos pueden salvaguardar el patrimonio inmaterial, aprovechar la energ\u00eda de la juventud y adaptarse a las nuevas fronteras tecnol\u00f3gicas. Juntos, trazaremos un camino colectivo para empoderar a los museos y las comunidades para que prosperen frente a los r\u00e1pidos cambios.<\/p>\n<p>Los museos son algo m\u00e1s que espacios de conservaci\u00f3n: son participantes activos en la configuraci\u00f3n de comunidades sostenibles e inclusivas. El tema de este a\u00f1o se alinea con tres Objetivos de Desarrollo Sostenible (ODS):<\/p>\n<ul>\n<li><b>ODS 8:<\/b> Los museos apoyan las econom\u00edas locales creando oportunidades de empleo y ofreciendo programas educativos que empoderan a las comunidades.<\/li>\n<\/ul>\n<ul>\n<li><b>ODS 9:<\/b> Al fomentar la creatividad y adoptar los avances tecnol\u00f3gicos, los museos impulsan la innovaci\u00f3n y mejoran la accesibilidad.<\/li>\n<\/ul>\n<ul>\n<li><b>ODS 11:<\/b> Los museos contribuyen al desarrollo urbano sostenible actuando como centros culturales que promueven la inclusi\u00f3n, la resiliencia y la preservaci\u00f3n del patrimonio.<\/li>\n<\/ul>\n<p><img loading=\"lazy\" decoding=\"async\" class=\"aligncenter size-large wp-image-63209\" src=\"https:\/\/icom.museum\/wp-content\/uploads\/2025\/04\/IMD-Main-Visual_POSTER-online-03-683x1024.png\" alt=\"\" width=\"683\" height=\"1024\" srcset=\"https:\/\/icom.museum\/wp-content\/uploads\/2025\/04\/IMD-Main-Visual_POSTER-online-03-683x1024.png 683w, https:\/\/icom.museum\/wp-content\/uploads\/2025\/04\/IMD-Main-Visual_POSTER-online-03-200x300.png 200w, https:\/\/icom.museum\/wp-content\/uploads\/2025\/04\/IMD-Main-Visual_POSTER-online-03-768x1152.png 768w, https:\/\/icom.museum\/wp-content\/uploads\/2025\/04\/IMD-Main-Visual_POSTER-online-03-1024x1536.png 1024w, https:\/\/icom.museum\/wp-content\/uploads\/2025\/04\/IMD-Main-Visual_POSTER-online-03-1366x2048.png 1366w, https:\/\/icom.museum\/wp-content\/uploads\/2025\/04\/IMD-Main-Visual_POSTER-online-03.png 1575w\" sizes=\"(max-width: 683px) 100vw, 683px\" \/><\/p>\n<p>Por favor, consulte el siguiente enlace para obtener m\u00e1s informaci\u00f3n y material sobre el DIM 2025:<\/p>\n<p><span class=\"link_red\"><a href=\"https:\/\/icom.museum\/es\/news\/el-futuro-de-los-museos-en-comunidades-en-constante-cambio\/\"><span style=\"font-family: Arial;\">Art\u00edculo de informaci\u00f3n<\/span><\/a><\/span><\/p>\n<p><iframe loading=\"lazy\" style=\"border: 0;\" src=\"https:\/\/icomuseums.maps.arcgis.com\/apps\/instant\/basic\/index.html?appid=93c9bc65446040cb96212ffa1f61c4d9\" width=\"1200\" height=\"800\" frameborder=\"0\" allowfullscreen=\"allowfullscreen\">iFrames are not supported on this page.<\/iframe><\/p>\n<\/details>\n<\/div>\n<div class=\"column\">\n<details open=\"open\">\n<summary><strong>D\u00eda Internacional de los Museos 2024: Museos por la educaci\u00f3n y la investigaci\u00f3n<\/strong><\/summary>\n<p>El tema de 2024, \u00abMuseos por la educaci\u00f3n y la investigaci\u00f3n\u00bb, subraya el papel fundamental de las instituciones culturales a la hora de proporcionar una experiencia educativa integral. Este d\u00eda impulsa un mundo m\u00e1s consciente, sostenible e inclusivo.<\/p>\n<p><img loading=\"lazy\" decoding=\"async\" class=\"aligncenter size-large wp-image-56750\" src=\"https:\/\/icom.museum\/wp-content\/uploads\/2024\/02\/IMD_Poster_Trilingual_RGB-683x1024.jpg\" alt=\"\" width=\"683\" height=\"1024\" srcset=\"https:\/\/icom.museum\/wp-content\/uploads\/2024\/02\/IMD_Poster_Trilingual_RGB-683x1024.jpg 683w, https:\/\/icom.museum\/wp-content\/uploads\/2024\/02\/IMD_Poster_Trilingual_RGB-200x300.jpg 200w, https:\/\/icom.museum\/wp-content\/uploads\/2024\/02\/IMD_Poster_Trilingual_RGB-768x1152.jpg 768w, https:\/\/icom.museum\/wp-content\/uploads\/2024\/02\/IMD_Poster_Trilingual_RGB-1024x1536.jpg 1024w, https:\/\/icom.museum\/wp-content\/uploads\/2024\/02\/IMD_Poster_Trilingual_RGB-1365x2048.jpg 1365w, https:\/\/icom.museum\/wp-content\/uploads\/2024\/02\/IMD_Poster_Trilingual_RGB-scaled.jpg 1707w\" sizes=\"(max-width: 683px) 100vw, 683px\" \/><br \/>\nLos museos sirven como centros educativos din\u00e1micos, fomentando la curiosidad, la creatividad y el pensamiento cr\u00edtico. En 2024, reconocemos su contribuci\u00f3n a la investigaci\u00f3n, proporcionando una plataforma para la exploraci\u00f3n y la difusi\u00f3n de nuevas ideas. Desde el arte y la historia hasta la ciencia y la tecnolog\u00eda, los museos son espacios vitales donde la educaci\u00f3n y la investigaci\u00f3n convergen para dar forma a nuestra comprensi\u00f3n del mundo.<\/p>\n<p>Cada a\u00f1o desde 2020, el D\u00eda Internacional de los Museos apoya un conjunto de Objetivos de Desarrollo Sostenible de las Naciones Unidas. En 2024, nos centraremos en:<\/p>\n<ul>\n<li><b>Objetivo 4: Educaci\u00f3n de calidad<\/b>: garantizar una educaci\u00f3n de calidad inclusiva y equitativa y promover oportunidades de aprendizaje permanente para todos.<\/li>\n<li><b>Objetivo 9: Industria, innovaci\u00f3n e infraestructura<\/b>: construir infraestructuras resilientes, promover la industrializaci\u00f3n inclusiva y sostenible y fomentar la innovaci\u00f3n.<\/li>\n<\/ul>\n<p>Para el D\u00eda Internacional de los Museos 2024 queremos invitar a la gente a repensar la educaci\u00f3n e imaginar un futuro en el que el intercambio de conocimientos trascienda las barreras, en el que la innovaci\u00f3n se una a la tradici\u00f3n. \u00danase a nosotros para explorar la riqueza de conocimientos que ofrecen los museos y, juntos, construir un mundo m\u00e1s informado e inclusivo.<\/p>\n<p>El sitio web dedicado al <a href=\"https:\/\/imd.icom.museum\/\">D\u00eda Internacional de los Museos<\/a> le proporciona toda la informaci\u00f3n, herramientas y material necesarios para participar en la edici\u00f3n de 2024.<\/p>\n<p><span class=\"link_black\"><a href=\"https:\/\/icom.museum\/wp-content\/uploads\/2024\/02\/IMD_Poster_En_RGB-scaled.jpg\">Descargar el cartel<\/a><\/span><\/p>\n<\/details>\n<\/div>\n<div><\/div>\n<p>&nbsp;<\/p>\n","protected":false},"excerpt":{"rendered":"<p>Cada a\u00f1o desde 1977, el ICOM organiza el D\u00eda Internacional de los Museos, que representa un momento \u00fanico para la comunidad muse\u00edstica internacional. El objetivo del D\u00eda Internacional de los Museos (DIM) es concienciar sobre el hecho de que \u00ablos museos son un medio importante de intercambio cultural, enriquecimiento de las culturas y desarrollo del [&hellip;]<\/p>\n","protected":false},"author":10,"featured_media":0,"parent":0,"menu_order":1,"comment_status":"closed","ping_status":"closed","template":"","meta":{"inline_featured_image":false,"footnotes":""},"class_list":["post-7337","page","type-page","status-publish","hentry"],"acf":[],"yoast_head":"<!-- This site is optimized with the Yoast SEO plugin v23.7 - https:\/\/yoast.com\/wordpress\/plugins\/seo\/ -->\n<title>D\u00eda Internacional de los Museos - International Council of Museums<\/title>\n<meta name=\"robots\" content=\"index, follow, max-snippet:-1, max-image-preview:large, max-video-preview:-1\" \/>\n<link rel=\"canonical\" href=\"https:\/\/icom.museum\/es\/dia-internacional-de-los-museos\/\" \/>\n<meta property=\"og:locale\" content=\"es_ES\" \/>\n<meta property=\"og:type\" content=\"article\" \/>\n<meta property=\"og:title\" content=\"D\u00eda Internacional de los Museos - International Council of Museums\" \/>\n<meta property=\"og:description\" content=\"Cada a\u00f1o desde 1977, el ICOM organiza el D\u00eda Internacional de los Museos, que representa un momento \u00fanico para la comunidad muse\u00edstica internacional. El objetivo del D\u00eda Internacional de los Museos (DIM) es concienciar sobre el hecho de que \u00ablos museos son un medio importante de intercambio cultural, enriquecimiento de las culturas y desarrollo del [&hellip;]\" \/>\n<meta property=\"og:url\" content=\"https:\/\/icom.museum\/es\/dia-internacional-de-los-museos\/\" \/>\n<meta property=\"og:site_name\" content=\"International Council of Museums\" \/>\n<meta property=\"article:modified_time\" content=\"2026-04-14T12:11:16+00:00\" \/>\n<meta property=\"og:image\" content=\"https:\/\/icom.museum\/wp-content\/uploads\/2026\/04\/IMD_ES-724x1024.png\" \/>\n\t<meta property=\"og:image:width\" content=\"724\" \/>\n\t<meta property=\"og:image:height\" content=\"1024\" \/>\n\t<meta property=\"og:image:type\" content=\"image\/png\" \/>\n<meta name=\"twitter:card\" content=\"summary_large_image\" \/>\n<meta name=\"twitter:label1\" content=\"Tiempo de lectura\" \/>\n\t<meta name=\"twitter:data1\" content=\"8 minutos\" \/>\n<script type=\"application\/ld+json\" class=\"yoast-schema-graph\">{\"@context\":\"https:\/\/schema.org\",\"@graph\":[{\"@type\":\"WebPage\",\"@id\":\"https:\/\/icom.museum\/es\/dia-internacional-de-los-museos\/\",\"url\":\"https:\/\/icom.museum\/es\/dia-internacional-de-los-museos\/\",\"name\":\"D\u00eda Internacional de los Museos - International Council of Museums\",\"isPartOf\":{\"@id\":\"https:\/\/icom.museum\/en\/#website\"},\"primaryImageOfPage\":{\"@id\":\"https:\/\/icom.museum\/es\/dia-internacional-de-los-museos\/#primaryimage\"},\"image\":{\"@id\":\"https:\/\/icom.museum\/es\/dia-internacional-de-los-museos\/#primaryimage\"},\"thumbnailUrl\":\"https:\/\/icom.museum\/wp-content\/uploads\/2026\/04\/IMD_ES-724x1024.png\",\"datePublished\":\"2018-06-19T13:10:22+00:00\",\"dateModified\":\"2026-04-14T12:11:16+00:00\",\"breadcrumb\":{\"@id\":\"https:\/\/icom.museum\/es\/dia-internacional-de-los-museos\/#breadcrumb\"},\"inLanguage\":\"es\",\"potentialAction\":[{\"@type\":\"ReadAction\",\"target\":[\"https:\/\/icom.museum\/es\/dia-internacional-de-los-museos\/\"]}]},{\"@type\":\"ImageObject\",\"inLanguage\":\"es\",\"@id\":\"https:\/\/icom.museum\/es\/dia-internacional-de-los-museos\/#primaryimage\",\"url\":\"https:\/\/icom.museum\/wp-content\/uploads\/2026\/04\/IMD_ES-724x1024.png\",\"contentUrl\":\"https:\/\/icom.museum\/wp-content\/uploads\/2026\/04\/IMD_ES-724x1024.png\"},{\"@type\":\"BreadcrumbList\",\"@id\":\"https:\/\/icom.museum\/es\/dia-internacional-de-los-museos\/#breadcrumb\",\"itemListElement\":[{\"@type\":\"ListItem\",\"position\":1,\"name\":\"Home\",\"item\":\"https:\/\/icom.museum\/es\/\"},{\"@type\":\"ListItem\",\"position\":2,\"name\":\"D\u00eda Internacional de los Museos\"}]},{\"@type\":\"WebSite\",\"@id\":\"https:\/\/icom.museum\/en\/#website\",\"url\":\"https:\/\/icom.museum\/en\/\",\"name\":\"International Council of Museums\",\"description\":\"A global organisation of museums &amp; museum professionals committed to the promotion and protection of cultural heritage\",\"publisher\":{\"@id\":\"https:\/\/icom.museum\/en\/#organization\"},\"potentialAction\":[{\"@type\":\"SearchAction\",\"target\":{\"@type\":\"EntryPoint\",\"urlTemplate\":\"https:\/\/icom.museum\/en\/?s={search_term_string}\"},\"query-input\":{\"@type\":\"PropertyValueSpecification\",\"valueRequired\":true,\"valueName\":\"search_term_string\"}}],\"inLanguage\":\"es\"},{\"@type\":\"Organization\",\"@id\":\"https:\/\/icom.museum\/en\/#organization\",\"name\":\"International Council of Museums\",\"url\":\"https:\/\/icom.museum\/en\/\",\"logo\":{\"@type\":\"ImageObject\",\"inLanguage\":\"es\",\"@id\":\"https:\/\/icom.museum\/en\/#\/schema\/logo\/image\/\",\"url\":\"https:\/\/icom.museum\/wp-content\/uploads\/2018\/07\/ICOM_M_.jpg\",\"contentUrl\":\"https:\/\/icom.museum\/wp-content\/uploads\/2018\/07\/ICOM_M_.jpg\",\"width\":1721,\"height\":1721,\"caption\":\"International Council of Museums\"},\"image\":{\"@id\":\"https:\/\/icom.museum\/en\/#\/schema\/logo\/image\/\"}}]}<\/script>\n<!-- \/ Yoast SEO plugin. -->","yoast_head_json":{"title":"D\u00eda Internacional de los Museos - International Council of Museums","robots":{"index":"index","follow":"follow","max-snippet":"max-snippet:-1","max-image-preview":"max-image-preview:large","max-video-preview":"max-video-preview:-1"},"canonical":"https:\/\/icom.museum\/es\/dia-internacional-de-los-museos\/","og_locale":"es_ES","og_type":"article","og_title":"D\u00eda Internacional de los Museos - International Council of Museums","og_description":"Cada a\u00f1o desde 1977, el ICOM organiza el D\u00eda Internacional de los Museos, que representa un momento \u00fanico para la comunidad muse\u00edstica internacional. El objetivo del D\u00eda Internacional de los Museos (DIM) es concienciar sobre el hecho de que \u00ablos museos son un medio importante de intercambio cultural, enriquecimiento de las culturas y desarrollo del [&hellip;]","og_url":"https:\/\/icom.museum\/es\/dia-internacional-de-los-museos\/","og_site_name":"International Council of Museums","article_modified_time":"2026-04-14T12:11:16+00:00","og_image":[{"width":724,"height":1024,"url":"https:\/\/icom.museum\/wp-content\/uploads\/2026\/04\/IMD_ES-724x1024.png","type":"image\/png"}],"twitter_card":"summary_large_image","twitter_misc":{"Tiempo de lectura":"8 minutos"},"schema":{"@context":"https:\/\/schema.org","@graph":[{"@type":"WebPage","@id":"https:\/\/icom.museum\/es\/dia-internacional-de-los-museos\/","url":"https:\/\/icom.museum\/es\/dia-internacional-de-los-museos\/","name":"D\u00eda Internacional de los Museos - International Council of Museums","isPartOf":{"@id":"https:\/\/icom.museum\/en\/#website"},"primaryImageOfPage":{"@id":"https:\/\/icom.museum\/es\/dia-internacional-de-los-museos\/#primaryimage"},"image":{"@id":"https:\/\/icom.museum\/es\/dia-internacional-de-los-museos\/#primaryimage"},"thumbnailUrl":"https:\/\/icom.museum\/wp-content\/uploads\/2026\/04\/IMD_ES-724x1024.png","datePublished":"2018-06-19T13:10:22+00:00","dateModified":"2026-04-14T12:11:16+00:00","breadcrumb":{"@id":"https:\/\/icom.museum\/es\/dia-internacional-de-los-museos\/#breadcrumb"},"inLanguage":"es","potentialAction":[{"@type":"ReadAction","target":["https:\/\/icom.museum\/es\/dia-internacional-de-los-museos\/"]}]},{"@type":"ImageObject","inLanguage":"es","@id":"https:\/\/icom.museum\/es\/dia-internacional-de-los-museos\/#primaryimage","url":"https:\/\/icom.museum\/wp-content\/uploads\/2026\/04\/IMD_ES-724x1024.png","contentUrl":"https:\/\/icom.museum\/wp-content\/uploads\/2026\/04\/IMD_ES-724x1024.png"},{"@type":"BreadcrumbList","@id":"https:\/\/icom.museum\/es\/dia-internacional-de-los-museos\/#breadcrumb","itemListElement":[{"@type":"ListItem","position":1,"name":"Home","item":"https:\/\/icom.museum\/es\/"},{"@type":"ListItem","position":2,"name":"D\u00eda Internacional de los Museos"}]},{"@type":"WebSite","@id":"https:\/\/icom.museum\/en\/#website","url":"https:\/\/icom.museum\/en\/","name":"International Council of Museums","description":"A global organisation of museums &amp; museum professionals committed to the promotion and protection of cultural heritage","publisher":{"@id":"https:\/\/icom.museum\/en\/#organization"},"potentialAction":[{"@type":"SearchAction","target":{"@type":"EntryPoint","urlTemplate":"https:\/\/icom.museum\/en\/?s={search_term_string}"},"query-input":{"@type":"PropertyValueSpecification","valueRequired":true,"valueName":"search_term_string"}}],"inLanguage":"es"},{"@type":"Organization","@id":"https:\/\/icom.museum\/en\/#organization","name":"International Council of Museums","url":"https:\/\/icom.museum\/en\/","logo":{"@type":"ImageObject","inLanguage":"es","@id":"https:\/\/icom.museum\/en\/#\/schema\/logo\/image\/","url":"https:\/\/icom.museum\/wp-content\/uploads\/2018\/07\/ICOM_M_.jpg","contentUrl":"https:\/\/icom.museum\/wp-content\/uploads\/2018\/07\/ICOM_M_.jpg","width":1721,"height":1721,"caption":"International Council of Museums"},"image":{"@id":"https:\/\/icom.museum\/en\/#\/schema\/logo\/image\/"}}]}},"_links":{"self":[{"href":"https:\/\/icom.museum\/es\/wp-json\/wp\/v2\/pages\/7337"}],"collection":[{"href":"https:\/\/icom.museum\/es\/wp-json\/wp\/v2\/pages"}],"about":[{"href":"https:\/\/icom.museum\/es\/wp-json\/wp\/v2\/types\/page"}],"author":[{"embeddable":true,"href":"https:\/\/icom.museum\/es\/wp-json\/wp\/v2\/users\/10"}],"replies":[{"embeddable":true,"href":"https:\/\/icom.museum\/es\/wp-json\/wp\/v2\/comments?post=7337"}],"version-history":[{"count":65,"href":"https:\/\/icom.museum\/es\/wp-json\/wp\/v2\/pages\/7337\/revisions"}],"predecessor-version":[{"id":68006,"href":"https:\/\/icom.museum\/es\/wp-json\/wp\/v2\/pages\/7337\/revisions\/68006"}],"wp:attachment":[{"href":"https:\/\/icom.museum\/es\/wp-json\/wp\/v2\/media?parent=7337"}],"curies":[{"name":"wp","href":"https:\/\/api.w.org\/{rel}","templated":true}]}}