{"id":7341,"date":"2018-06-19T13:11:24","date_gmt":"2018-06-19T13:11:24","guid":{"rendered":"http:\/\/icom.museum\/?page_id=7341"},"modified":"2023-06-05T12:18:26","modified_gmt":"2023-06-05T10:18:26","slug":"definicion-del-museo","status":"publish","type":"page","link":"https:\/\/icom.museum\/es\/recursos\/normas-y-directrices\/definicion-del-museo\/","title":{"rendered":"Definici\u00f3n de museo"},"content":{"rendered":"<p>En Praga, el 24 de agosto de 2022, la Asamblea General Extraordinaria del ICOM ha aprobado la propuesta de la nueva definici\u00f3n de museo con un 92,41% (A favor: 487, en contra: 23, abstenci\u00f3n: 17). Tras la adopci\u00f3n, la nueva definici\u00f3n de museo del ICOM es la siguiente:<\/p>\n<blockquote><p><strong>&#8220;Un museo es una instituci\u00f3n sin \u00e1nimo de lucro, permanente y al servicio de la sociedad, que investiga, colecciona, conserva, interpreta y exhibe el patrimonio material e inmaterial. Abiertos al p\u00fablico, accesibles e inclusivos, los museos fomentan la diversidad y la sostenibilidad. Con la participaci\u00f3n de las comunidades, los museos operan y comunican \u00e9tica y profesionalmente, ofreciendo experiencias variadas para la educaci\u00f3n, el disfrute, la reflexi\u00f3n y el intercambio de conocimientos.&#8221;<\/strong><\/p><\/blockquote>\n<div style=\"position: relative; width: 100%; height: 0; padding-top: 56.2500%; padding-bottom: 0; box-shadow: 0 2px 8px 0 rgba(63,69,81,0.16); margin-top: 1.6em; margin-bottom: 0.9em; overflow: hidden; border-radius: 8px; will-change: transform;\"><iframe style=\"position: absolute; width: 100%; height: 100%; top: 0; left: 0; border: none; padding: 0; margin: 0;\" src=\"https:\/\/www.canva.com\/design\/DAFekAqrFew\/view?embed\" allowfullscreen=\"allowfullscreen\"><br \/>\n<\/iframe><\/div>\n<p><a href=\"https:\/\/www.canva.com\/design\/DAFekAqrFew\/view?utm_content=DAFekAqrFew&amp;utm_campaign=designshare&amp;utm_medium=embeds&amp;utm_source=link\" target=\"_blank\" rel=\"noopener\">MUSEUM DEFINITION<\/a> by Communications<br \/>\n<span class=\"link_red\"><a href=\"https:\/\/www.canva.com\/design\/DAFekAqrFew\/3eNhh2IHN9ww2pyW9Mlihw\/view?utm_content=DAFekAqrFew&amp;utm_campaign=designshare&amp;utm_medium=link&amp;utm_source=publishsharelink\">Lea las traducciones de la definici\u00f3n del museo<\/a><\/span><\/p>\n<p><b>Definici\u00f3n de Museo: un camino a seguir<\/b><\/p>\n<p><img loading=\"lazy\" decoding=\"async\" class=\"aligncenter size-full wp-image-48815\" src=\"https:\/\/icom.museum\/wp-content\/uploads\/2022\/07\/Methodology_ICOM_Banner_Site_steps_12_ES.jpg\" alt=\"\" width=\"16667\" height=\"8334\" \/><\/p>\n<p>Con el fin de responder a la necesidad de un proceso de consulta democr\u00e1tico y abierto a los Comit\u00e9s nacionales, Comit\u00e9s internacionales, Alianzas regionales y Organizaciones afiliadas que constituyen el ICOM, el Comit\u00e9 Permanente para la Definici\u00f3n de Museo formul\u00f3 una <b>nueva metodolog\u00eda de cara al futuro<\/b>. El dise\u00f1o de esta metodolog\u00eda se basa en una mayor transparencia y en la escucha atenta de todas las propuestas. En ese momento, los miembros del MDPP2 acordaron que ser\u00eda aconsejable un cambio de nombre y se pidi\u00f3 a la direcci\u00f3n del ICOM que el nuevo nombre fuera <b>ICOM Define<\/b>: Comit\u00e9 permanente para la Definici\u00f3n de Museo.<\/p>\n<div class=\"separator\">\n<p><strong>Consulta 1<\/strong><\/p>\n<\/div>\n<p>La Consulta 1 fue la oportunidad para que los comit\u00e9s presentaran sus informes sobre las actividades que realizaron en 2019\/2020 relacionadas con la definici\u00f3n de museo. Recibimos respuestas muy variadas de 23 Comit\u00e9s Nacionales, 6 Comit\u00e9s Internacionales, 1 Organizaci\u00f3n Afiliada y 1 Grupo de Trabajo. Las respuestas a esta primera ronda de consultas aportan importantes consideraciones, todas ellas muy valiosas, que ayudar\u00e1n a los comit\u00e9s a seguir adelante cuando presenten sus respuestas a las pr\u00f3ximas consultas.<\/p>\n<p><span class=\"link_yellow\"><a href=\"https:\/\/icom.museum\/es\/news\/icom-define-consulta-2-que-deberia-formar-parte-de-la-nueva-definicion-de-museo\/\">Leer m\u00e1s<\/a><\/span><\/p>\n<div class=\"separator\">\n<p><strong>Consulta 2\u00a0<\/strong><\/p>\n<\/div>\n<p>El ICOM llev\u00f3 a cabo la Consulta 2 sobre las palabras clave y los conceptos que deber\u00eda incluir la definici\u00f3n de museo. Los resultados se sometieron a un an\u00e1lisis cuantitativo y cualitativo realizado por tres analistas de datos independientes contratados por el ICOM para este fin. Le invitamos a consultar lo que los miembros del ICOM de todo el mundo tienen que decir. Este informe sobre los resultados de la Consulta 2 ser\u00e1 el material de base para los siguientes pasos de la Metodolog\u00eda.<\/p>\n<p><span class=\"link_yellow\"><a href=\"https:\/\/icom.museum\/wp-content\/uploads\/2021\/09\/ICOM-Define-Consultation-2-Results-Report-vf-ESPANOL-corrVF-180821OK.pdf\">Resultados de la Consulta 2<\/a><\/span><\/p>\n<p><span class=\"link_blue\"><a href=\"https:\/\/icom.museum\/wp-content\/uploads\/2021\/09\/ICOM-Define-Consultation.zip\">Resultados de la Consulta 2 \u2013 versi\u00f3n resumida<\/a><\/span><\/p>\n<div class=\"separator\">\n<p><strong><u>Consulta 3<\/u><\/strong><\/p>\n<\/div>\n<p>Se pidi\u00f3 a los Comit\u00e9s, las Alianzas Regionales y las Organizaciones Afiliadas que revisaran la lista de palabras y conceptos clave publicada en el Informe de la Consulta 2 y que enviaran sus comentarios a trav\u00e9s de un formulario en l\u00ednea. Se han analizado todas las respuestas recibidas. Los analistas de datos, contratados por el ICOM para este fin, trabajaron en un informe completo que puede encontrar aqu\u00ed:<\/p>\n<p><span class=\"link_yellow\"><a href=\"https:\/\/icom.museum\/wp-content\/uploads\/2021\/12\/SPANISH-1.pdf\"><strong>Informe sobre la Consulta 3<\/strong><\/a><\/span><\/p>\n<div class=\"separator\">\n<p><strong><u>Consulta 4<\/u><\/strong><\/p>\n<\/div>\n<p>Los miembros de ICOM Define trabajaron en la redacci\u00f3n de cinco propuestas de definici\u00f3n, bas\u00e1ndose en los resultados del an\u00e1lisis de datos de la Consulta 2 y 3. En la Consulta 4 se pidi\u00f3 a los comit\u00e9s del ICOM que clasificaran las cinco propuestas y tuvieron la posibilidad de comentar su opci\u00f3n preferida. ICOM Define trabaj\u00f3 intensamente en el procesamiento de los resultados y en la elaboraci\u00f3n de las dos propuestas finales. El jueves 5 de mayo, el Consejo Consultivo se reuni\u00f3 para debatir y votar uno de ellos.<\/p>\n<p><span class=\"link_yellow\"><a href=\"https:\/\/icom.museum\/wp-content\/uploads\/2022\/07\/ES_EXAC_May2022_Item1_ICOM-Define_Final.pdf\">Informe sobre la Consulta 4<\/a><\/span><\/p>\n<div class=\"separator\">\n<p><strong>INFORME FINAL<\/strong><\/p>\n<\/div>\n<p>El Consejo Consultivo seleccion\u00f3 la propuesta de definici\u00f3n de museo para someterla a votaci\u00f3n en la Asamblea General Extraordinaria, que se celebrar\u00e1 el 24 de agosto durante el ICOM Praga 2022.<\/p>\n<p><strong>PROPUESTA DE DEFINICI\u00d3N DE MUSEO<\/strong><\/p>\n<p><em>&#8220;Un museo es una instituci\u00f3n sin \u00e1nimo de lucro, permanente y al servicio de la sociedad, que investiga, colecciona, conserva, interpreta y exhibe el patrimonio material e inmaterial. Abiertos al p\u00fablico, accesibles e inclusivos, los museos fomentan la diversidad y la sostenibilidad. Con la participaci\u00f3n de las comunidades, los museos operan y comunican \u00e9tica y profesionalmente, ofreciendo experiencias variadas para la educaci\u00f3n, el disfrute, la reflexi\u00f3n y el intercambio de conocimientos.&#8221;<\/em><\/p>\n<p>ICOM Define present\u00f3 la propuesta de definici\u00f3n de museo seleccionada a la Junta Directiva junto con el informe final.<\/p>\n<p><span class=\"link_blue\"><a href=\"https:\/\/icom.museum\/wp-content\/uploads\/2022\/07\/ES_EGA2022_MuseumDefinition_WDoc_Final-2.pdf\">Informe Final<\/a><\/span><\/p>\n<p><img loading=\"lazy\" decoding=\"async\" class=\"aligncenter size-large wp-image-49261\" src=\"https:\/\/icom.museum\/wp-content\/uploads\/2022\/07\/ES-1-410x1024.png\" alt=\"\" width=\"410\" height=\"1024\" srcset=\"https:\/\/icom.museum\/wp-content\/uploads\/2022\/07\/ES-1-410x1024.png 410w, https:\/\/icom.museum\/wp-content\/uploads\/2022\/07\/ES-1-120x300.png 120w, https:\/\/icom.museum\/wp-content\/uploads\/2022\/07\/ES-1-768x1920.png 768w, https:\/\/icom.museum\/wp-content\/uploads\/2022\/07\/ES-1.png 800w\" sizes=\"(max-width: 410px) 100vw, 410px\" \/><\/p>\n<div class=\"separator\">\n<p><strong>La metodolog\u00eda<\/strong><\/p>\n<\/div>\n<p class=\"p1\">La metodolog\u00eda aprobada, basada en gran medida en la necesidad expresada de consulta, avanza hacia una nueva fase de este proceso, con el objetivo de llegar a la pr\u00f3xima Conferencia General del ICOM en 2022 con una propuesta de definici\u00f3n de museo que se someter\u00e1 a votaci\u00f3n. La metodolog\u00eda se basa en <b>4 rondas de consulta<\/b>, divididas en <b>11 pasos<\/b> con una duraci\u00f3n de <b>18 meses<\/b>. El calendario propuesto empieza el 10 de diciembre de 2020 y finaliza a principios de mayo de 2022, pero puede ajustarse en funci\u00f3n de las circunstancias. Las fechas se indican en la siguiente metodolog\u00eda para que los comit\u00e9s puedan organizar, con suficiente antelaci\u00f3n, las actividades que deben coordinar para consultar a sus miembros.<\/p>\n<p class=\"p1\">Los resultados se publicar\u00e1n peri\u00f3dicamente y se pondr\u00e1n a disposici\u00f3n de los miembros en el espacio &#8220;<a href=\"https:\/\/icom.museum\/es\/member\/participar-en-la-nueva-definicion-del-museo\/\"><span class=\"s1\">Definici\u00f3n de Museo<\/span><\/a>&#8220;, donde podr\u00e1n consultar todos los documentos relacionados con el proyecto de reformulaci\u00f3n de la Definici\u00f3n de Museo, incluidos todos los documentos elaborados por el MDPP, as\u00ed como los informes de las encuestas y actividades realizadas por varios comit\u00e9s desde Kyoto 2019. ICOM Define anima a los miembros y comit\u00e9s a que revisen todos estos documentos, as\u00ed como las propuestas previas de definici\u00f3n de museo, y el C\u00f3digo de deontolog\u00eda y los Estatutos del ICOM cuando consideren sus respuestas.<\/p>\n<p class=\"p1\">Para cada etapa de la consulta, los presidentes de los comit\u00e9s recibir\u00e1n una comunicaci\u00f3n oficial de la Secretar\u00eda con instrucciones y plazos para presentar sus respuestas. A lo largo de todo el proceso, los comit\u00e9s tienen la libertad de crear sus propios procedimientos de consulta con sus miembros, para as\u00ed cumplir cada paso de la metodolog\u00eda.<\/p>\n<ul>\n<li class=\"p1\">Haga clic <a href=\"https:\/\/icom.museum\/wp-content\/uploads\/2020\/12\/ICOM-Define-Methodology.pdf\">aqu\u00ed<\/a> para ver la metodolog\u00eda completa!<\/li>\n<li class=\"p1\">Para cualquier pregunta, puede ponerse en contacto con <a style=\"font-family: Georgia; font-size: 15px;\" href=\"mailto:training@icom.museum\"><span class=\"s1\">training@icom.museum<\/span><\/a><\/li>\n<\/ul>\n","protected":false},"excerpt":{"rendered":"<p>En Praga, el 24 de agosto de 2022, la Asamblea General Extraordinaria del ICOM ha aprobado la propuesta de la nueva definici\u00f3n de museo con un 92,41% (A favor: 487, en contra: 23, abstenci\u00f3n: 17). Tras la adopci\u00f3n, la nueva definici\u00f3n de museo del ICOM es la siguiente: &#8220;Un museo es una instituci\u00f3n sin \u00e1nimo [&hellip;]<\/p>\n","protected":false},"author":10,"featured_media":0,"parent":7339,"menu_order":2,"comment_status":"closed","ping_status":"closed","template":"","meta":{"inline_featured_image":false,"footnotes":""},"class_list":["post-7341","page","type-page","status-publish","hentry"],"acf":[],"yoast_head":"<!-- This site is optimized with the Yoast SEO plugin v23.7 - https:\/\/yoast.com\/wordpress\/plugins\/seo\/ -->\n<title>Definici\u00f3n de museo - International Council of Museums<\/title>\n<meta name=\"description\" content=\"Since ICOM\u2019s creation in 1946, the ICOM museum definition has been evolving to reflect major societal changes and the realities of the international museum community.\" \/>\n<meta name=\"robots\" content=\"index, follow, max-snippet:-1, max-image-preview:large, max-video-preview:-1\" \/>\n<link rel=\"canonical\" href=\"https:\/\/icom.museum\/es\/recursos\/normas-y-directrices\/definicion-del-museo\/\" \/>\n<meta property=\"og:locale\" content=\"es_ES\" \/>\n<meta property=\"og:type\" content=\"article\" \/>\n<meta property=\"og:title\" content=\"Definici\u00f3n de museo - International Council of Museums\" \/>\n<meta property=\"og:description\" content=\"Since ICOM\u2019s creation in 1946, the ICOM museum definition has been evolving to reflect major societal changes and the realities of the international museum community.\" \/>\n<meta property=\"og:url\" content=\"https:\/\/icom.museum\/es\/recursos\/normas-y-directrices\/definicion-del-museo\/\" \/>\n<meta property=\"og:site_name\" content=\"International Council of Museums\" \/>\n<meta property=\"article:modified_time\" content=\"2023-06-05T10:18:26+00:00\" \/>\n<meta property=\"og:image\" content=\"https:\/\/icom.museum\/wp-content\/uploads\/2022\/07\/Methodology_ICOM_Banner_Site_steps_12_ES.jpg\" \/>\n<meta name=\"twitter:card\" content=\"summary_large_image\" \/>\n<meta name=\"twitter:label1\" content=\"Tiempo de lectura\" \/>\n\t<meta name=\"twitter:data1\" content=\"5 minutos\" \/>\n<script type=\"application\/ld+json\" class=\"yoast-schema-graph\">{\"@context\":\"https:\/\/schema.org\",\"@graph\":[{\"@type\":\"WebPage\",\"@id\":\"https:\/\/icom.museum\/es\/recursos\/normas-y-directrices\/definicion-del-museo\/\",\"url\":\"https:\/\/icom.museum\/es\/recursos\/normas-y-directrices\/definicion-del-museo\/\",\"name\":\"Definici\u00f3n de museo - International Council of Museums\",\"isPartOf\":{\"@id\":\"https:\/\/icom.museum\/en\/#website\"},\"primaryImageOfPage\":{\"@id\":\"https:\/\/icom.museum\/es\/recursos\/normas-y-directrices\/definicion-del-museo\/#primaryimage\"},\"image\":{\"@id\":\"https:\/\/icom.museum\/es\/recursos\/normas-y-directrices\/definicion-del-museo\/#primaryimage\"},\"thumbnailUrl\":\"https:\/\/icom.museum\/wp-content\/uploads\/2022\/07\/Methodology_ICOM_Banner_Site_steps_12_ES.jpg\",\"datePublished\":\"2018-06-19T13:11:24+00:00\",\"dateModified\":\"2023-06-05T10:18:26+00:00\",\"description\":\"Since ICOM\u2019s creation in 1946, the ICOM museum definition has been evolving to reflect major societal changes and the realities of the international museum community.\",\"breadcrumb\":{\"@id\":\"https:\/\/icom.museum\/es\/recursos\/normas-y-directrices\/definicion-del-museo\/#breadcrumb\"},\"inLanguage\":\"es\",\"potentialAction\":[{\"@type\":\"ReadAction\",\"target\":[\"https:\/\/icom.museum\/es\/recursos\/normas-y-directrices\/definicion-del-museo\/\"]}]},{\"@type\":\"ImageObject\",\"inLanguage\":\"es\",\"@id\":\"https:\/\/icom.museum\/es\/recursos\/normas-y-directrices\/definicion-del-museo\/#primaryimage\",\"url\":\"https:\/\/icom.museum\/wp-content\/uploads\/2022\/07\/Methodology_ICOM_Banner_Site_steps_12_ES.jpg\",\"contentUrl\":\"https:\/\/icom.museum\/wp-content\/uploads\/2022\/07\/Methodology_ICOM_Banner_Site_steps_12_ES.jpg\"},{\"@type\":\"BreadcrumbList\",\"@id\":\"https:\/\/icom.museum\/es\/recursos\/normas-y-directrices\/definicion-del-museo\/#breadcrumb\",\"itemListElement\":[{\"@type\":\"ListItem\",\"position\":1,\"name\":\"Home\",\"item\":\"https:\/\/icom.museum\/es\/\"},{\"@type\":\"ListItem\",\"position\":2,\"name\":\"Recursos\",\"item\":\"https:\/\/icom.museum\/es\/recursos\/\"},{\"@type\":\"ListItem\",\"position\":3,\"name\":\"Normas y directrices\",\"item\":\"https:\/\/icom.museum\/es\/recursos\/normas-y-directrices\/\"},{\"@type\":\"ListItem\",\"position\":4,\"name\":\"Definici\u00f3n de museo\"}]},{\"@type\":\"WebSite\",\"@id\":\"https:\/\/icom.museum\/en\/#website\",\"url\":\"https:\/\/icom.museum\/en\/\",\"name\":\"International Council of Museums\",\"description\":\"A global organisation of museums &amp; museum professionals committed to the promotion and protection of cultural heritage\",\"publisher\":{\"@id\":\"https:\/\/icom.museum\/en\/#organization\"},\"potentialAction\":[{\"@type\":\"SearchAction\",\"target\":{\"@type\":\"EntryPoint\",\"urlTemplate\":\"https:\/\/icom.museum\/en\/?s={search_term_string}\"},\"query-input\":{\"@type\":\"PropertyValueSpecification\",\"valueRequired\":true,\"valueName\":\"search_term_string\"}}],\"inLanguage\":\"es\"},{\"@type\":\"Organization\",\"@id\":\"https:\/\/icom.museum\/en\/#organization\",\"name\":\"International Council of Museums\",\"url\":\"https:\/\/icom.museum\/en\/\",\"logo\":{\"@type\":\"ImageObject\",\"inLanguage\":\"es\",\"@id\":\"https:\/\/icom.museum\/en\/#\/schema\/logo\/image\/\",\"url\":\"https:\/\/icom.museum\/wp-content\/uploads\/2018\/07\/ICOM_M_.jpg\",\"contentUrl\":\"https:\/\/icom.museum\/wp-content\/uploads\/2018\/07\/ICOM_M_.jpg\",\"width\":1721,\"height\":1721,\"caption\":\"International Council of Museums\"},\"image\":{\"@id\":\"https:\/\/icom.museum\/en\/#\/schema\/logo\/image\/\"}}]}<\/script>\n<!-- \/ Yoast SEO plugin. -->","yoast_head_json":{"title":"Definici\u00f3n de museo - International Council of Museums","description":"Since ICOM\u2019s creation in 1946, the ICOM museum definition has been evolving to reflect major societal changes and the realities of the international museum community.","robots":{"index":"index","follow":"follow","max-snippet":"max-snippet:-1","max-image-preview":"max-image-preview:large","max-video-preview":"max-video-preview:-1"},"canonical":"https:\/\/icom.museum\/es\/recursos\/normas-y-directrices\/definicion-del-museo\/","og_locale":"es_ES","og_type":"article","og_title":"Definici\u00f3n de museo - International Council of Museums","og_description":"Since ICOM\u2019s creation in 1946, the ICOM museum definition has been evolving to reflect major societal changes and the realities of the international museum community.","og_url":"https:\/\/icom.museum\/es\/recursos\/normas-y-directrices\/definicion-del-museo\/","og_site_name":"International Council of Museums","article_modified_time":"2023-06-05T10:18:26+00:00","og_image":[{"url":"https:\/\/icom.museum\/wp-content\/uploads\/2022\/07\/Methodology_ICOM_Banner_Site_steps_12_ES.jpg"}],"twitter_card":"summary_large_image","twitter_misc":{"Tiempo de lectura":"5 minutos"},"schema":{"@context":"https:\/\/schema.org","@graph":[{"@type":"WebPage","@id":"https:\/\/icom.museum\/es\/recursos\/normas-y-directrices\/definicion-del-museo\/","url":"https:\/\/icom.museum\/es\/recursos\/normas-y-directrices\/definicion-del-museo\/","name":"Definici\u00f3n de museo - International Council of Museums","isPartOf":{"@id":"https:\/\/icom.museum\/en\/#website"},"primaryImageOfPage":{"@id":"https:\/\/icom.museum\/es\/recursos\/normas-y-directrices\/definicion-del-museo\/#primaryimage"},"image":{"@id":"https:\/\/icom.museum\/es\/recursos\/normas-y-directrices\/definicion-del-museo\/#primaryimage"},"thumbnailUrl":"https:\/\/icom.museum\/wp-content\/uploads\/2022\/07\/Methodology_ICOM_Banner_Site_steps_12_ES.jpg","datePublished":"2018-06-19T13:11:24+00:00","dateModified":"2023-06-05T10:18:26+00:00","description":"Since ICOM\u2019s creation in 1946, the ICOM museum definition has been evolving to reflect major societal changes and the realities of the international museum community.","breadcrumb":{"@id":"https:\/\/icom.museum\/es\/recursos\/normas-y-directrices\/definicion-del-museo\/#breadcrumb"},"inLanguage":"es","potentialAction":[{"@type":"ReadAction","target":["https:\/\/icom.museum\/es\/recursos\/normas-y-directrices\/definicion-del-museo\/"]}]},{"@type":"ImageObject","inLanguage":"es","@id":"https:\/\/icom.museum\/es\/recursos\/normas-y-directrices\/definicion-del-museo\/#primaryimage","url":"https:\/\/icom.museum\/wp-content\/uploads\/2022\/07\/Methodology_ICOM_Banner_Site_steps_12_ES.jpg","contentUrl":"https:\/\/icom.museum\/wp-content\/uploads\/2022\/07\/Methodology_ICOM_Banner_Site_steps_12_ES.jpg"},{"@type":"BreadcrumbList","@id":"https:\/\/icom.museum\/es\/recursos\/normas-y-directrices\/definicion-del-museo\/#breadcrumb","itemListElement":[{"@type":"ListItem","position":1,"name":"Home","item":"https:\/\/icom.museum\/es\/"},{"@type":"ListItem","position":2,"name":"Recursos","item":"https:\/\/icom.museum\/es\/recursos\/"},{"@type":"ListItem","position":3,"name":"Normas y directrices","item":"https:\/\/icom.museum\/es\/recursos\/normas-y-directrices\/"},{"@type":"ListItem","position":4,"name":"Definici\u00f3n de museo"}]},{"@type":"WebSite","@id":"https:\/\/icom.museum\/en\/#website","url":"https:\/\/icom.museum\/en\/","name":"International Council of Museums","description":"A global organisation of museums &amp; museum professionals committed to the promotion and protection of cultural heritage","publisher":{"@id":"https:\/\/icom.museum\/en\/#organization"},"potentialAction":[{"@type":"SearchAction","target":{"@type":"EntryPoint","urlTemplate":"https:\/\/icom.museum\/en\/?s={search_term_string}"},"query-input":{"@type":"PropertyValueSpecification","valueRequired":true,"valueName":"search_term_string"}}],"inLanguage":"es"},{"@type":"Organization","@id":"https:\/\/icom.museum\/en\/#organization","name":"International Council of Museums","url":"https:\/\/icom.museum\/en\/","logo":{"@type":"ImageObject","inLanguage":"es","@id":"https:\/\/icom.museum\/en\/#\/schema\/logo\/image\/","url":"https:\/\/icom.museum\/wp-content\/uploads\/2018\/07\/ICOM_M_.jpg","contentUrl":"https:\/\/icom.museum\/wp-content\/uploads\/2018\/07\/ICOM_M_.jpg","width":1721,"height":1721,"caption":"International Council of Museums"},"image":{"@id":"https:\/\/icom.museum\/en\/#\/schema\/logo\/image\/"}}]}},"_links":{"self":[{"href":"https:\/\/icom.museum\/es\/wp-json\/wp\/v2\/pages\/7341"}],"collection":[{"href":"https:\/\/icom.museum\/es\/wp-json\/wp\/v2\/pages"}],"about":[{"href":"https:\/\/icom.museum\/es\/wp-json\/wp\/v2\/types\/page"}],"author":[{"embeddable":true,"href":"https:\/\/icom.museum\/es\/wp-json\/wp\/v2\/users\/10"}],"replies":[{"embeddable":true,"href":"https:\/\/icom.museum\/es\/wp-json\/wp\/v2\/comments?post=7341"}],"version-history":[{"count":49,"href":"https:\/\/icom.museum\/es\/wp-json\/wp\/v2\/pages\/7341\/revisions"}],"predecessor-version":[{"id":53555,"href":"https:\/\/icom.museum\/es\/wp-json\/wp\/v2\/pages\/7341\/revisions\/53555"}],"up":[{"embeddable":true,"href":"https:\/\/icom.museum\/es\/wp-json\/wp\/v2\/pages\/7339"}],"wp:attachment":[{"href":"https:\/\/icom.museum\/es\/wp-json\/wp\/v2\/media?parent=7341"}],"curies":[{"name":"wp","href":"https:\/\/api.w.org\/{rel}","templated":true}]}}