{"id":7343,"date":"2018-06-19T13:12:25","date_gmt":"2018-06-19T13:12:25","guid":{"rendered":"http:\/\/icom.museum\/?page_id=7343"},"modified":"2026-03-09T16:59:43","modified_gmt":"2026-03-09T14:59:43","slug":"codigo-de-deontologia","status":"publish","type":"page","link":"https:\/\/icom.museum\/es\/recursos\/normas-y-directrices\/codigo-de-deontologia\/","title":{"rendered":"C\u00f3digo de \u00e9tica"},"content":{"rendered":"<h2 class=\"headline\">El <em>C\u00f3digo de \u00c9tica del ICOM para los Museos <\/em>es un documento de referencia que establece normas para la pr\u00e1ctica de los profesionales de los museos.<\/h2>\n<p>El <em>C\u00f3digo de \u00c9tica del ICOM para los Museos<\/em> constituye un conjunto de normas profesionales m\u00ednimas y alienta a reconocer los valores compartidos por la comunidad muse\u00edstica internacional. Esta herramienta de referencia proporciona orientaci\u00f3n y se presenta como una serie de principios respaldados por normas detalladas para la pr\u00e1ctica profesional. Fue redactado de manera transversal y concebido como un instrumento de auto-regularizaci\u00f3n profesional. Los miembros del ICOM deben aceptar y cumplir las normas detalladas en el C\u00f3digo. El <em>C\u00f3digo de \u00c9tica del ICOM para los Museos<\/em> aborda diversos aspectos relacionados con el \u00e1mbito muse\u00edstico, tales como los procedimientos de adquisici\u00f3n, el cumplimiento de la legislaci\u00f3n, la gesti\u00f3n de recursos, la seguridad, las devoluciones y las restituciones. El C\u00f3digo tambi\u00e9n defiende principios s\u00f3lidos al desempe\u00f1ar un importante papel en la lucha contra el tr\u00e1fico il\u00edcito, por ejemplo, en lo pertinente a la diligencia debida y a la procedencia. El ICOM promueve e impulsa su C\u00f3digo durante sesiones de formaci\u00f3n organizadas por todo el mundo, incluyendo estudios de casos pr\u00e1cticos, con el fin de ayudar a los profesionales de los museos a aplicar sus valores y principios. Un Comit\u00e9 Permanente para la \u00c9tica (ETHCOM) se dedica a tratar cuestiones deontol\u00f3gicas de los museos para las que es requerido. Tras haber sido aprobado por primera vez en 1986 y revisado en 2004, el C\u00f3digo ha sido traducido a 38 idiomas.<\/p>\n<div class=\"separator\"><strong>Revisi\u00f3n del C\u00f3digo de \u00c9tica<\/strong><\/div>\n<p>Tras la 25\u00aa Conferencia General del ICOM, realizada en Kyoto en 2019, el ICOM decidi\u00f3 que el C\u00f3digo deb\u00eda ser examinado y, en caso necesario, revisado (141 Sesi\u00f3n del Consejo Ejecutivo). En la revisi\u00f3n, los miembros del ICOM recomendaron una revisi\u00f3n del C\u00f3digo. El proceso de revisi\u00f3n, que se basa en una metodolog\u00eda iterativa y transparente que incluye cuatro consultas con los miembros del ICOM, comenz\u00f3 en 2022.<\/p>\n<p>En la 27\u00aa Conferencia General del ICOM celebrada en Dub\u00e1i, la mesa redonda sobre la revisi\u00f3n del C\u00f3digo de \u00c9tica del ICOM fue una de las sesiones clave del evento.<br \/>\nLos miembros del grupo de trabajo de revisi\u00f3n ofrecieron una introducci\u00f3n exhaustiva al C\u00f3digo de \u00c9tica del ICOM para los Museos, incluyendo su prop\u00f3sito y significado para la comunidad muse\u00edstica mundial. Los participantes tuvieron la oportunidad de explorar la historia del C\u00f3digo, las motivaciones para su revisi\u00f3n actual y el proceso establecido para garantizar su continua relevancia para la pr\u00e1ctica muse\u00edstica contempor\u00e1nea y las normas \u00e9ticas.<\/p>\n<p>En la sesi\u00f3n tambi\u00e9n se presentaron los resultados de las cuatro fases de consulta y una revisi\u00f3n realizada con los miembros del ICOM, destacando las conclusiones clave y la forma en que los comentarios de los miembros han influido en la revisi\u00f3n. La sesi\u00f3n concluy\u00f3 con una actualizaci\u00f3n sobre la fase actual del trabajo y las pr\u00f3ximas etapas del proceso. El grupo de trabajo de revisi\u00f3n recibi\u00f3 preguntas en una sesi\u00f3n abierta de preguntas y respuestas en la que los participantes compartieron sus opiniones y comentarios directamente sobre el proceso en curso.<\/p>\n<p>Los comentarios, aportaciones y opiniones de las sesiones y los seminarios web celebrados en los meses anteriores dar\u00e1n forma al desarrollo del C\u00f3digo de \u00c9tica para los Museos del ICOM, que se someter\u00e1 a votaci\u00f3n en las reuniones anuales del ICOM en junio de 2026.<\/p>\n<p><span class=\"link_blue\"><a href=\"https:\/\/icom.museum\/en\/network\/committees-directory\/?type=140\">Acerca del ETHCOM<\/a><\/span><\/p>\n<p><span class=\"link_yellow\"><a href=\"https:\/\/icom.museum\/en\/member\/take-part-in-the-new-definition-of-the-museum\/\">Acerca de la definici\u00f3n de museo<\/a>\u00a0<\/span><\/p>\n<p><span class=\"link_red\"><a href=\"https:\/\/icom.museum\/es\/member\/revision-codigo-de-deontologia\/\">M\u00e1s informaci\u00f3n sobre la revisi\u00f3n del C\u00f3digo de \u00c9tica del ICOM<\/a><\/span><\/p>\n<p><strong>2020 &#8211; Inicio de la revisi\u00f3n<\/strong><\/p>\n<div class=\"separator\">\n<ul>\n<li>El Comit\u00e9 Permanente de \u00c9tica del ICOM (ETHCOM) propone que se revise el C\u00f3digo de \u00c9tica del ICOM.<\/li>\n<\/ul>\n<\/div>\n<p><strong>2021 &#8211; Decisi\u00f3n de revisar el C\u00f3digo<\/strong><\/p>\n<div class=\"separator\">\n<ul>\n<li>Se realiz\u00f3 una primera encuesta entre los miembros del ICOM para determinar si el C\u00f3digo deb\u00eda ser revisado.<\/li>\n<li>Los resultados confirmaron la necesidad de una revisi\u00f3n y ayudaron a identificar lo que faltaba o no estaba claro en la versi\u00f3n 2004 del C\u00f3digo.<\/li>\n<\/ul>\n<\/div>\n<p><strong>2022 &#8211; Identificaci\u00f3n de cambios<\/strong><\/p>\n<div class=\"separator\">\n<ul>\n<li>ETHCOM llev\u00f3 a cabo una segunda consulta para conocer la opini\u00f3n de los miembros sobre la revisi\u00f3n del C\u00f3digo de \u00c9tica y su evaluaci\u00f3n de cada uno de los 8 Principios del C\u00f3digo de \u00c9tica de 2004.<\/li>\n<li>La consulta se centr\u00f3 en identificar lo que deber\u00eda modificarse, a\u00f1adirse o eliminarse.<\/li>\n<\/ul>\n<\/div>\n<p><strong>2023 &#8211; Creaci\u00f3n de un esquema<\/strong><\/p>\n<div class=\"separator\">\n<ul>\n<li>Basado en los resultados de la segunda consulta, se elabor\u00f3 un esquema que propon\u00eda una serie de temas centrales y declaraciones relacionadas para el C\u00f3digo revisado.<\/li>\n<li>Este esquema se comparti\u00f3 durante la tercera ronda de consultas con los Comit\u00e9s Nacionales e Internacionales del ICOM, las Alianzas Regionales y las Organizaciones Afiliadas para recabar sus comentarios y sugerencias.<\/li>\n<\/ul>\n<\/div>\n<p><strong>2024 &#8211; Redacci\u00f3n del C\u00f3digo revisado<\/strong><\/p>\n<div class=\"separator\">\n<ul>\n<li>Incorporando los resultados de la tercera consulta, se comparti\u00f3 con los miembros del ICOM un primer borrador completo del C\u00f3digo revisado.<\/li>\n<li>El ICOM inici\u00f3 una revisi\u00f3n preliminar de este primer borrador completo con sus miembros.<\/li>\n<\/ul>\n<\/div>\n<p><strong>2025 \u2013 Perfeccionamiento del C\u00f3digo revisado<\/strong><\/p>\n<ul>\n<li>Bas\u00e1ndose en la revisi\u00f3n preliminar, se present\u00f3 a los miembros del ICOM un segundo proyecto completo.<\/li>\n<li>Se llev\u00f3 a cabo una cuarta consulta del segundo borrador completo con los Comit\u00e9s Nacionales e Internacionales, las Alianzas Regionales y las Organizaciones Afiliadas, centrada en la revisi\u00f3n y el perfeccionamiento de las declaraciones del C\u00f3digo, las descripciones de apoyo y las adiciones al glosario.<\/li>\n<li>Los resultados de la cuarta consulta se est\u00e1n evaluando y utilizando para elaborar el pr\u00f3ximo borrador del C\u00f3digo de \u00c9tica revisado.<\/li>\n<li>El ICOM organiz\u00f3 una sesi\u00f3n plenaria durante la <a href=\"https:\/\/dubai2025.icom.museum\/es\/\">Conferencia General.<\/a><\/li>\n<\/ul>\n<div class=\"separator\"><strong>NORMAS PARA LA DEONTOLOG\u00cdA DEL ICOM<\/strong><\/div>\n<ul>\n<li><a href=\"https:\/\/icom.museum\/wp-content\/uploads\/2019\/10\/Directrices-del-Consejo-Internacional-de-Museos-para-la-baja-de-colecciones.pdf\">Directrices del Consejo Internacional de Museos para la baja de colecciones<\/a>\u00a0(ETHCOM, 2019)<\/li>\n<li><a href=\"https:\/\/icom.museum\/wp-content\/uploads\/2022\/03\/Accessioning-Guidelines_ES.pdf\">Normas de catalogaci\u00f3n Del Consejo Internacional de Museos<\/a> (ETHCOM, 2020)<\/li>\n<li><a href=\"https:\/\/icom.museum\/wp-content\/uploads\/2022\/03\/Fundraising-Standards_ES.pdf\">Normas sobre recaudaci\u00f3n de fondos Del Consejo Internacional de Museos<\/a> (ETHCOM, 2020)<\/li>\n<\/ul>\n<div class=\"separator\"><strong>C\u00f3digo de Deontolog\u00eda del ICOM para los Museos de ciencias naturales<\/strong><\/div>\n<p class=\"bodytext\">El <em>C\u00f3digo de deontolog\u00eda del ICOM para los museos de ciencias naturales<\/em>, creado por NATHIST en colaboraci\u00f3n con el Comit\u00e9 del ICOM para la deontolog\u00eda (ETHCOM), fue aprobado oficialmente durante la 28\u00aa Asamblea general del ICOM el pasado 17 de agosto de 2013, en R\u00edo de Janeiro.<\/p>\n<p class=\"bodytext\">El documento est\u00e1 destinado a definir los est\u00e1ndares deontol\u00f3gicos para temas espec\u00edficos sobre los museos de ciencias naturales, proveyendo as\u00ed un est\u00e1ndar de pr\u00e1ctica profesional que puede servir como base normativa para las instituciones muse\u00edsticas.<\/p>\n<p class=\"bodytext\">El <em>C\u00f3digo de deontolog\u00eda de para los museos de ciencias naturales<\/em> comienza con una declaraci\u00f3n de posici\u00f3n explicando el prop\u00f3sito de los museos de ciencias naturales y sus responsabilidades. Luego, se concentra en los desaf\u00edos a los que se ven enfrentados los museos de ciencias naturales, dividi\u00e9ndolos en seis secciones. Estos abarcan desde la presentaci\u00f3n de restos humanos y la diseminaci\u00f3n de datos cient\u00edficos hasta la colecci\u00f3n de rocas, minerales y f\u00f3siles. El C\u00f3digo concluye presentando est\u00e1ndares espec\u00edficos para la taxidermia.<\/p>\n<div class=\"separator\">\n<p class=\"bodytext\">Lista de verificaci\u00f3n deontol\u00f3gica para la propiedad de los bienes culturales<\/p>\n<\/div>\n<p class=\"bodytext\">Teniendo en cuenta la complejidad de las cuestiones \u00e9ticas relativas al trabajo de los museos hoy en d\u00eda, la lista de verificaci\u00f3n constituye una herramienta que permite alcanzar dos objetivos: por un lado, exponer los ocho principios de organizaci\u00f3n que constituyen los art\u00edculos detallados del c\u00f3digo del ICOM y proponer una orientaci\u00f3n para tratar estos asuntos complejos; y, por otro lado, divulgar una lista de contactos que pueden ofrecer su asesoramiento sobre puntos espec\u00edficos.<\/p>\n","protected":false},"excerpt":{"rendered":"<p>El C\u00f3digo de \u00c9tica del ICOM para los Museos es un documento de referencia que establece normas para la pr\u00e1ctica de los profesionales de los museos. El C\u00f3digo de \u00c9tica del ICOM para los Museos constituye un conjunto de normas profesionales m\u00ednimas y alienta a reconocer los valores compartidos por la comunidad muse\u00edstica internacional. Esta [&hellip;]<\/p>\n","protected":false},"author":10,"featured_media":0,"parent":7339,"menu_order":1,"comment_status":"closed","ping_status":"closed","template":"","meta":{"inline_featured_image":false,"footnotes":""},"class_list":["post-7343","page","type-page","status-publish","hentry"],"acf":[],"yoast_head":"<!-- This site is optimized with the Yoast SEO plugin v23.7 - https:\/\/yoast.com\/wordpress\/plugins\/seo\/ -->\n<title>C\u00f3digo de \u00e9tica - International Council of Museums<\/title>\n<meta name=\"robots\" content=\"index, follow, max-snippet:-1, max-image-preview:large, max-video-preview:-1\" \/>\n<link rel=\"canonical\" href=\"https:\/\/icom.museum\/es\/recursos\/normas-y-directrices\/codigo-de-deontologia\/\" \/>\n<meta property=\"og:locale\" content=\"es_ES\" \/>\n<meta property=\"og:type\" content=\"article\" \/>\n<meta property=\"og:title\" content=\"C\u00f3digo de \u00e9tica - International Council of Museums\" \/>\n<meta property=\"og:description\" content=\"El C\u00f3digo de \u00c9tica del ICOM para los Museos es un documento de referencia que establece normas para la pr\u00e1ctica de los profesionales de los museos. El C\u00f3digo de \u00c9tica del ICOM para los Museos constituye un conjunto de normas profesionales m\u00ednimas y alienta a reconocer los valores compartidos por la comunidad muse\u00edstica internacional. Esta [&hellip;]\" \/>\n<meta property=\"og:url\" content=\"https:\/\/icom.museum\/es\/recursos\/normas-y-directrices\/codigo-de-deontologia\/\" \/>\n<meta property=\"og:site_name\" content=\"International Council of Museums\" \/>\n<meta property=\"article:modified_time\" content=\"2026-03-09T14:59:43+00:00\" \/>\n<meta property=\"og:image\" content=\"https:\/\/icom.museum\/wp-content\/uploads\/2018\/05\/code_of_ethics.jpg\" \/>\n<meta name=\"twitter:card\" content=\"summary_large_image\" \/>\n<meta name=\"twitter:label1\" content=\"Tiempo de lectura\" \/>\n\t<meta name=\"twitter:data1\" content=\"6 minutos\" \/>\n<script type=\"application\/ld+json\" class=\"yoast-schema-graph\">{\"@context\":\"https:\/\/schema.org\",\"@graph\":[{\"@type\":\"WebPage\",\"@id\":\"https:\/\/icom.museum\/es\/recursos\/normas-y-directrices\/codigo-de-deontologia\/\",\"url\":\"https:\/\/icom.museum\/es\/recursos\/normas-y-directrices\/codigo-de-deontologia\/\",\"name\":\"C\u00f3digo de \u00e9tica - International Council of Museums\",\"isPartOf\":{\"@id\":\"https:\/\/icom.museum\/en\/#website\"},\"datePublished\":\"2018-06-19T13:12:25+00:00\",\"dateModified\":\"2026-03-09T14:59:43+00:00\",\"breadcrumb\":{\"@id\":\"https:\/\/icom.museum\/es\/recursos\/normas-y-directrices\/codigo-de-deontologia\/#breadcrumb\"},\"inLanguage\":\"es\",\"potentialAction\":[{\"@type\":\"ReadAction\",\"target\":[\"https:\/\/icom.museum\/es\/recursos\/normas-y-directrices\/codigo-de-deontologia\/\"]}]},{\"@type\":\"BreadcrumbList\",\"@id\":\"https:\/\/icom.museum\/es\/recursos\/normas-y-directrices\/codigo-de-deontologia\/#breadcrumb\",\"itemListElement\":[{\"@type\":\"ListItem\",\"position\":1,\"name\":\"Home\",\"item\":\"https:\/\/icom.museum\/es\/\"},{\"@type\":\"ListItem\",\"position\":2,\"name\":\"Recursos\",\"item\":\"https:\/\/icom.museum\/es\/recursos\/\"},{\"@type\":\"ListItem\",\"position\":3,\"name\":\"Normas y directrices\",\"item\":\"https:\/\/icom.museum\/es\/recursos\/normas-y-directrices\/\"},{\"@type\":\"ListItem\",\"position\":4,\"name\":\"C\u00f3digo de \u00e9tica\"}]},{\"@type\":\"WebSite\",\"@id\":\"https:\/\/icom.museum\/en\/#website\",\"url\":\"https:\/\/icom.museum\/en\/\",\"name\":\"International Council of Museums\",\"description\":\"A global organisation of museums &amp; museum professionals committed to the promotion and protection of cultural heritage\",\"publisher\":{\"@id\":\"https:\/\/icom.museum\/en\/#organization\"},\"potentialAction\":[{\"@type\":\"SearchAction\",\"target\":{\"@type\":\"EntryPoint\",\"urlTemplate\":\"https:\/\/icom.museum\/en\/?s={search_term_string}\"},\"query-input\":{\"@type\":\"PropertyValueSpecification\",\"valueRequired\":true,\"valueName\":\"search_term_string\"}}],\"inLanguage\":\"es\"},{\"@type\":\"Organization\",\"@id\":\"https:\/\/icom.museum\/en\/#organization\",\"name\":\"International Council of Museums\",\"url\":\"https:\/\/icom.museum\/en\/\",\"logo\":{\"@type\":\"ImageObject\",\"inLanguage\":\"es\",\"@id\":\"https:\/\/icom.museum\/en\/#\/schema\/logo\/image\/\",\"url\":\"https:\/\/icom.museum\/wp-content\/uploads\/2018\/07\/ICOM_M_.jpg\",\"contentUrl\":\"https:\/\/icom.museum\/wp-content\/uploads\/2018\/07\/ICOM_M_.jpg\",\"width\":1721,\"height\":1721,\"caption\":\"International Council of Museums\"},\"image\":{\"@id\":\"https:\/\/icom.museum\/en\/#\/schema\/logo\/image\/\"}}]}<\/script>\n<!-- \/ Yoast SEO plugin. -->","yoast_head_json":{"title":"C\u00f3digo de \u00e9tica - International Council of Museums","robots":{"index":"index","follow":"follow","max-snippet":"max-snippet:-1","max-image-preview":"max-image-preview:large","max-video-preview":"max-video-preview:-1"},"canonical":"https:\/\/icom.museum\/es\/recursos\/normas-y-directrices\/codigo-de-deontologia\/","og_locale":"es_ES","og_type":"article","og_title":"C\u00f3digo de \u00e9tica - International Council of Museums","og_description":"El C\u00f3digo de \u00c9tica del ICOM para los Museos es un documento de referencia que establece normas para la pr\u00e1ctica de los profesionales de los museos. El C\u00f3digo de \u00c9tica del ICOM para los Museos constituye un conjunto de normas profesionales m\u00ednimas y alienta a reconocer los valores compartidos por la comunidad muse\u00edstica internacional. Esta [&hellip;]","og_url":"https:\/\/icom.museum\/es\/recursos\/normas-y-directrices\/codigo-de-deontologia\/","og_site_name":"International Council of Museums","article_modified_time":"2026-03-09T14:59:43+00:00","og_image":[{"url":"https:\/\/icom.museum\/wp-content\/uploads\/2018\/05\/code_of_ethics.jpg"}],"twitter_card":"summary_large_image","twitter_misc":{"Tiempo de lectura":"6 minutos"},"schema":{"@context":"https:\/\/schema.org","@graph":[{"@type":"WebPage","@id":"https:\/\/icom.museum\/es\/recursos\/normas-y-directrices\/codigo-de-deontologia\/","url":"https:\/\/icom.museum\/es\/recursos\/normas-y-directrices\/codigo-de-deontologia\/","name":"C\u00f3digo de \u00e9tica - International Council of Museums","isPartOf":{"@id":"https:\/\/icom.museum\/en\/#website"},"datePublished":"2018-06-19T13:12:25+00:00","dateModified":"2026-03-09T14:59:43+00:00","breadcrumb":{"@id":"https:\/\/icom.museum\/es\/recursos\/normas-y-directrices\/codigo-de-deontologia\/#breadcrumb"},"inLanguage":"es","potentialAction":[{"@type":"ReadAction","target":["https:\/\/icom.museum\/es\/recursos\/normas-y-directrices\/codigo-de-deontologia\/"]}]},{"@type":"BreadcrumbList","@id":"https:\/\/icom.museum\/es\/recursos\/normas-y-directrices\/codigo-de-deontologia\/#breadcrumb","itemListElement":[{"@type":"ListItem","position":1,"name":"Home","item":"https:\/\/icom.museum\/es\/"},{"@type":"ListItem","position":2,"name":"Recursos","item":"https:\/\/icom.museum\/es\/recursos\/"},{"@type":"ListItem","position":3,"name":"Normas y directrices","item":"https:\/\/icom.museum\/es\/recursos\/normas-y-directrices\/"},{"@type":"ListItem","position":4,"name":"C\u00f3digo de \u00e9tica"}]},{"@type":"WebSite","@id":"https:\/\/icom.museum\/en\/#website","url":"https:\/\/icom.museum\/en\/","name":"International Council of Museums","description":"A global organisation of museums &amp; museum professionals committed to the promotion and protection of cultural heritage","publisher":{"@id":"https:\/\/icom.museum\/en\/#organization"},"potentialAction":[{"@type":"SearchAction","target":{"@type":"EntryPoint","urlTemplate":"https:\/\/icom.museum\/en\/?s={search_term_string}"},"query-input":{"@type":"PropertyValueSpecification","valueRequired":true,"valueName":"search_term_string"}}],"inLanguage":"es"},{"@type":"Organization","@id":"https:\/\/icom.museum\/en\/#organization","name":"International Council of Museums","url":"https:\/\/icom.museum\/en\/","logo":{"@type":"ImageObject","inLanguage":"es","@id":"https:\/\/icom.museum\/en\/#\/schema\/logo\/image\/","url":"https:\/\/icom.museum\/wp-content\/uploads\/2018\/07\/ICOM_M_.jpg","contentUrl":"https:\/\/icom.museum\/wp-content\/uploads\/2018\/07\/ICOM_M_.jpg","width":1721,"height":1721,"caption":"International Council of Museums"},"image":{"@id":"https:\/\/icom.museum\/en\/#\/schema\/logo\/image\/"}}]}},"_links":{"self":[{"href":"https:\/\/icom.museum\/es\/wp-json\/wp\/v2\/pages\/7343"}],"collection":[{"href":"https:\/\/icom.museum\/es\/wp-json\/wp\/v2\/pages"}],"about":[{"href":"https:\/\/icom.museum\/es\/wp-json\/wp\/v2\/types\/page"}],"author":[{"embeddable":true,"href":"https:\/\/icom.museum\/es\/wp-json\/wp\/v2\/users\/10"}],"replies":[{"embeddable":true,"href":"https:\/\/icom.museum\/es\/wp-json\/wp\/v2\/comments?post=7343"}],"version-history":[{"count":39,"href":"https:\/\/icom.museum\/es\/wp-json\/wp\/v2\/pages\/7343\/revisions"}],"predecessor-version":[{"id":67662,"href":"https:\/\/icom.museum\/es\/wp-json\/wp\/v2\/pages\/7343\/revisions\/67662"}],"up":[{"embeddable":true,"href":"https:\/\/icom.museum\/es\/wp-json\/wp\/v2\/pages\/7339"}],"wp:attachment":[{"href":"https:\/\/icom.museum\/es\/wp-json\/wp\/v2\/media?parent=7343"}],"curies":[{"name":"wp","href":"https:\/\/api.w.org\/{rel}","templated":true}]}}