{"id":7345,"date":"2018-06-19T13:12:52","date_gmt":"2018-06-19T13:12:52","guid":{"rendered":"http:\/\/icom.museum\/?page_id=7345"},"modified":"2022-09-13T17:46:19","modified_gmt":"2022-09-13T15:46:19","slug":"normas","status":"publish","type":"page","link":"https:\/\/icom.museum\/es\/recursos\/normas-y-directrices\/normas\/","title":{"rendered":"Normas"},"content":{"rendered":"<h2 class=\"headline\">El Consejo Internacional de Museos promueve la excelencia y las buenas pr\u00e1cticas. Por ello, alienta encarecidamente la implementaci\u00f3n de normas profesionales en la comunidad muse\u00edstica internacional.<\/h2>\n<p>A trav\u00e9s de sus normas y directrices, el ICOM ofrece buenas pr\u00e1cticas a los profesionales de los museos sobre la adquisici\u00f3n de objetos la documentaci\u00f3n de colecciones, las descripciones, la terminolog\u00eda, la seguridad, la conservaci\u00f3n y la gesti\u00f3n y formaci\u00f3n del personal, entre otros asuntos. Estas normas son elaboradas por los Comit\u00e9s del ICOM y aprobadas por la junta directiva. El ICOM tambi\u00e9n apoya y contribuye al desarrollo de otras normas internacionales y mundiales, tales como el Object ID y la Recomendaci\u00f3n de la UNESCO de 2015 relativa a la protecci\u00f3n y promoci\u00f3n de los museos y colecciones, su diversidad y su funci\u00f3n en la sociedad.<\/p>\n<div class=\"separator\">\n<p><strong>Normas para los prestamos<\/strong><\/p>\n<\/div>\n<ul>\n<li>ICOM Guidelines for Loans\u00a0(Secretar\u00eda del ICOM,1974)<\/li>\n<\/ul>\n<p><span class=\"link_black\"><a href=\"https:\/\/icom.museum\/es\/recursos\/documentos\/?q=loans&#038;y=&#038;type=\">Encu\u00e9ntralo aqu\u00ed<\/a><\/span><\/p>\n<div class=\"separator\">\n<p><strong>Normas para la Deontolog\u00eda del ICOM<\/strong><\/p>\n<\/div>\n<ul>\n<li><a href=\"https:\/\/icom.museum\/wp-content\/uploads\/2019\/10\/Directrices-del-Consejo-Internacional-de-Museos-para-la-baja-de-colecciones.pdf\">Directrices del Consejo Internacional de Museos para la baja de colecciones<\/a> (ETHCOM, 2019)<\/li>\n<\/ul>\n<div class=\"separator\">\n<p><strong>Normas para la Educaci\u00f3n y la Acci\u00f3n Cultural<\/strong><\/p>\n<\/div>\n<ul>\n<li>Best Practice in Museum Education and Cultural Programmes<\/li>\n<li>Best Practice Books (6 vol\u00famenes), (ICOM-CECA\/Edizioni Nuova Cultura, 2017)<\/li>\n<li>Education Toolkit, Methods and Technique from Museum and Heritage Education (ICOM-CECA\/LCM\/Erfgoedhuis Zuid-Holland, 2017)<\/li>\n<\/ul>\n<p><span class=\"link_black\"><a href=\"http:\/\/network.icom.museum\/ceca\/\">Sitio web del CECA\u00a0<\/a><\/span><\/p>\n<div class=\"separator\">\n<p><strong>Normas para la Documentaci\u00f3n<\/strong><\/p>\n<\/div>\n<ul>\n<li>Statement of Principles of Museum Documentation (CIDOC, 2012)<\/li>\n<li>The CIDOC Conceptual Reference Model (CIDOC, 2011)<\/li>\n<li>Lightweight Information Describing Objects (CIDOC, 2010)<\/li>\n<li>The CIDOC Conceptual Reference Model\u00a0(CIDOC, 2001)<\/li>\n<li>International Core Data Standards for Ethnology\/Ethnography\u00a0(CIDOC, 1996)<\/li>\n<li>International Guidelines for Museum Object Information: the CIDOC Information Categories\u00a0(CIDOC, 1995)<\/li>\n<li>Recommendations for Identity Photography (CIDOC Fact Sheet 3, 2010)<\/li>\n<li>Labelling and Marking Objects\u00a0(CIDOC Fact Sheet 2, 1993)<\/li>\n<li>Registration Step by Step: When an Object Enters the Museum\u00a0(CIDOC Fact Sheet 1, 1993)<\/li>\n<\/ul>\n<p><span class=\"link_black\"><a href=\"http:\/\/network.icom.museum\/cidoc\/\">Sitio web del CIDOC<\/a><\/span><\/p>\n<div class=\"separator\">\n<p><strong>Normas para Museos y Colecciones de Instrumentos de M\u00fasica\u00a0<\/strong><\/p>\n<\/div>\n<ul>\n<li>Voices for the Silenced \u2013 Guidelines for Interpreting Musical Instruments in Museum Collections (CIMCIM,\u00a01998)<\/li>\n<li>Recommendations for the Application of Accession Numbers\u00a0on musical instruments\u00a0(CIMCIM,\u00a01995)<\/li>\n<li>CIMENT: Uniform Procedures for Data Element Description in CIMCIM Database Systems\u00a0(CIMCIM,\u00a01991)<\/li>\n<li>Recommendations for Regulating the Access to Musical Instruments in Public Collections\u00a0(CIMCIM,\u00a01985)<\/li>\n<\/ul>\n<p><span class=\"link_black\"><a href=\"http:\/\/network.icom.museum\/cimcim\/\">Sitio web del CIMCIM<\/a><\/span><\/p>\n<div class=\"separator\">\n<p><strong>Normas para Museos y Colecciones de Indumentaria\u00a0<\/strong><\/p>\n<\/div>\n<ul>\n<li>Clothes Tell Stories, Working with Costume in Museums (COSTUME,\u00a02013)<\/li>\n<li>Guidelines for Costume\u00a0(COSTUME,\u00a01998)<\/li>\n<li>Vocabulario de t\u00e9rminos b\u00e1sicos para la catalogaci\u00f3n de vestimenta\u00a0(COSTUME,\u00a01981)<\/li>\n<\/ul>\n<p><span class=\"link_black\"><a href=\"http:\/\/network.icom.museum\/costume\/\">Sitio web del COSTUME<\/a><\/span><\/p>\n<div class=\"separator\">\n<p><strong>Normas para Residencias Hist\u00f3ricas-Museos\u00a0<\/strong><\/p>\n<\/div>\n<ul>\n<li>Rules for Functions in Historic Buildings \u2013 Caterers (DEMHIST,\u00a02007)<\/li>\n<li>Rules for Filming in Historic Buildings (DEMHIST,\u00a02007)<\/li>\n<li>Rules for TV and Entertainment Crews in Historic Buildings (DEMHIST,\u00a02007)<\/li>\n<\/ul>\n<p><span class=\"link_black\"><a href=\"http:\/\/network.icom.museum\/demhist\">Sitio web del DEMHIST <\/a><\/span><\/p>\n<div class=\"separator\">\n<p><strong>Normas para Museos en Memoria de V\u00edctimas de Cr\u00edmenes P\u00fablicos\u00a0<\/strong><\/p>\n<\/div>\n<ul>\n<li>International Memorial Museums Charter (ICMEMO,\u00a02011)<\/li>\n<\/ul>\n<p><span class=\"link_black\"><a href=\"http:\/\/network.icom.museum\/icmemo\/\">Sitio web del ICMEMO<\/a><\/span><\/p>\n<div class=\"separator\">\n<p><strong>Normas para la Seguridad en los Museos<\/strong><\/p>\n<\/div>\n<ul>\n<li>Handbook on Emergency Procedures (ICMS, 2010)<\/li>\n<li>Guidelines for Disaster Preparedness in Museums(ICMS, 1993)<\/li>\n<\/ul>\n<p><span class=\"link_black\"><a href=\"http:\/\/network.icom.museum\/icms\">Sitio web del ICMS<\/a><\/span><\/p>\n<div class=\"separator\">\n<p><strong>Normas para la Conservaci\u00f3n\u00a0<\/strong><\/p>\n<\/div>\n<ul>\n<li>Environmental Guidelines: ICOM-CC and IIC Declaration (ICOM-CC,\u00a02014)<\/li>\n<\/ul>\n<p><span class=\"link_black\"><a href=\"http:\/\/www.icom-cc.org\/\">Sitio web del ICOM-CC<\/a><\/span><\/p>\n<div class=\"separator\">\n<p><strong>Normas para los Museos Monetarios y Bancarios\u00a0<\/strong><\/p>\n<\/div>\n<ul>\n<li>Resources for Curators of Numismatic Collections (ICOMON,2013)<\/li>\n<\/ul>\n<p><span class=\"link_black\"><a href=\"http:\/\/network.icom.museum\/icomon\/\">Sitio web del ICOMON<\/a><\/span><\/p>\n<div class=\"separator\">\n<p><strong>Normas para la Formaci\u00f3n del Personal\u00a0<\/strong><\/p>\n<\/div>\n<ul>\n<li>Museum Professions \u2013 A European Frame of Reference (ICTOP,2008)<\/li>\n<\/ul>\n<p><span class=\"link_black\"><a href=\"http:\/\/ictop.org\/\">Sitio web del ICTOP<\/a><\/span><\/p>\n<div class=\"separator\">\n<p><strong>Normas para la Gesti\u00f3n de Museos\u00a0<\/strong><\/p>\n<\/div>\n<ul>\n<li>INTERCOM Management Scenarios (INTERCOM,\u00a02008)<\/li>\n<\/ul>\n<p><span class=\"link_black\"><a href=\"http:\/\/www.intercom.museum\/\">Sitio web del INTERCOM<\/a><\/span><\/p>\n<div class=\"separator\">\n<p><strong>Normas para los Museos y las Colecciones de Ciencias Naturales\u00a0<\/strong><\/p>\n<\/div>\n<ul>\n<li>NATHIST Conference Planning Guide (NATHIST, 2018)<\/li>\n<\/ul>\n<p><span class=\"link_black\"><a href=\"https:\/\/icomnathist.wordpress.com\/\">Sitio web del NATHIST<\/a><\/span><\/p>\n<div class=\"separator\">\n<p><strong>Normas para los Museos y las Colecciones Universitarias\u00a0<\/strong><\/p>\n<\/div>\n<ul>\n<li>University Museums and Collections \u2013 Importance, Responsibility, Maintenance, Disposal and Closure (UMAC,2007)<\/li>\n<\/ul>\n<p><span class=\"link_black\"><a href=\"http:\/\/umac.icom.museum\/\">Sitio web del UMAC<\/a><\/span><\/p>\n<div class=\"separator\">\n<p><strong>Normas para los Museos Africanos<\/strong><\/p>\n<\/div>\n<ul>\n<li>Handbook of Standards: Documenting African Collections (AFRICOM,1996)<\/li>\n<\/ul>\n","protected":false},"excerpt":{"rendered":"<p>El Consejo Internacional de Museos promueve la excelencia y las buenas pr\u00e1cticas. Por ello, alienta encarecidamente la implementaci\u00f3n de normas profesionales en la comunidad muse\u00edstica internacional. A trav\u00e9s de sus normas y directrices, el ICOM ofrece buenas pr\u00e1cticas a los profesionales de los museos sobre la adquisici\u00f3n de objetos la documentaci\u00f3n de colecciones, las descripciones, [&hellip;]<\/p>\n","protected":false},"author":10,"featured_media":0,"parent":7339,"menu_order":2,"comment_status":"closed","ping_status":"closed","template":"","meta":{"inline_featured_image":false,"footnotes":""},"class_list":["post-7345","page","type-page","status-publish","hentry"],"acf":[],"yoast_head":"<!-- This site is optimized with the Yoast SEO plugin v23.7 - https:\/\/yoast.com\/wordpress\/plugins\/seo\/ -->\n<title>Normas - International Council of Museums<\/title>\n<meta name=\"robots\" content=\"index, follow, max-snippet:-1, max-image-preview:large, max-video-preview:-1\" \/>\n<link rel=\"canonical\" href=\"https:\/\/icom.museum\/es\/recursos\/normas-y-directrices\/normas\/\" \/>\n<meta property=\"og:locale\" content=\"es_ES\" \/>\n<meta property=\"og:type\" content=\"article\" \/>\n<meta property=\"og:title\" content=\"Normas - International Council of Museums\" \/>\n<meta property=\"og:description\" content=\"El Consejo Internacional de Museos promueve la excelencia y las buenas pr\u00e1cticas. Por ello, alienta encarecidamente la implementaci\u00f3n de normas profesionales en la comunidad muse\u00edstica internacional. A trav\u00e9s de sus normas y directrices, el ICOM ofrece buenas pr\u00e1cticas a los profesionales de los museos sobre la adquisici\u00f3n de objetos la documentaci\u00f3n de colecciones, las descripciones, [&hellip;]\" \/>\n<meta property=\"og:url\" content=\"https:\/\/icom.museum\/es\/recursos\/normas-y-directrices\/normas\/\" \/>\n<meta property=\"og:site_name\" content=\"International Council of Museums\" \/>\n<meta property=\"article:modified_time\" content=\"2022-09-13T15:46:19+00:00\" \/>\n<meta property=\"og:image\" content=\"https:\/\/icom.museum\/wp-content\/uploads\/2018\/05\/STANDARDS.jpg\" \/>\n<meta name=\"twitter:card\" content=\"summary_large_image\" \/>\n<meta name=\"twitter:label1\" content=\"Tiempo de lectura\" \/>\n\t<meta name=\"twitter:data1\" content=\"3 minutos\" \/>\n<script type=\"application\/ld+json\" class=\"yoast-schema-graph\">{\"@context\":\"https:\/\/schema.org\",\"@graph\":[{\"@type\":\"WebPage\",\"@id\":\"https:\/\/icom.museum\/es\/recursos\/normas-y-directrices\/normas\/\",\"url\":\"https:\/\/icom.museum\/es\/recursos\/normas-y-directrices\/normas\/\",\"name\":\"Normas - International Council of Museums\",\"isPartOf\":{\"@id\":\"https:\/\/icom.museum\/en\/#website\"},\"datePublished\":\"2018-06-19T13:12:52+00:00\",\"dateModified\":\"2022-09-13T15:46:19+00:00\",\"breadcrumb\":{\"@id\":\"https:\/\/icom.museum\/es\/recursos\/normas-y-directrices\/normas\/#breadcrumb\"},\"inLanguage\":\"es\",\"potentialAction\":[{\"@type\":\"ReadAction\",\"target\":[\"https:\/\/icom.museum\/es\/recursos\/normas-y-directrices\/normas\/\"]}]},{\"@type\":\"BreadcrumbList\",\"@id\":\"https:\/\/icom.museum\/es\/recursos\/normas-y-directrices\/normas\/#breadcrumb\",\"itemListElement\":[{\"@type\":\"ListItem\",\"position\":1,\"name\":\"Home\",\"item\":\"https:\/\/icom.museum\/es\/\"},{\"@type\":\"ListItem\",\"position\":2,\"name\":\"Recursos\",\"item\":\"https:\/\/icom.museum\/es\/recursos\/\"},{\"@type\":\"ListItem\",\"position\":3,\"name\":\"Normas y directrices\",\"item\":\"https:\/\/icom.museum\/es\/recursos\/normas-y-directrices\/\"},{\"@type\":\"ListItem\",\"position\":4,\"name\":\"Normas\"}]},{\"@type\":\"WebSite\",\"@id\":\"https:\/\/icom.museum\/en\/#website\",\"url\":\"https:\/\/icom.museum\/en\/\",\"name\":\"International Council of Museums\",\"description\":\"A global organisation of museums &amp; museum professionals committed to the promotion and protection of cultural heritage\",\"publisher\":{\"@id\":\"https:\/\/icom.museum\/en\/#organization\"},\"potentialAction\":[{\"@type\":\"SearchAction\",\"target\":{\"@type\":\"EntryPoint\",\"urlTemplate\":\"https:\/\/icom.museum\/en\/?s={search_term_string}\"},\"query-input\":{\"@type\":\"PropertyValueSpecification\",\"valueRequired\":true,\"valueName\":\"search_term_string\"}}],\"inLanguage\":\"es\"},{\"@type\":\"Organization\",\"@id\":\"https:\/\/icom.museum\/en\/#organization\",\"name\":\"International Council of Museums\",\"url\":\"https:\/\/icom.museum\/en\/\",\"logo\":{\"@type\":\"ImageObject\",\"inLanguage\":\"es\",\"@id\":\"https:\/\/icom.museum\/en\/#\/schema\/logo\/image\/\",\"url\":\"https:\/\/icom.museum\/wp-content\/uploads\/2018\/07\/ICOM_M_.jpg\",\"contentUrl\":\"https:\/\/icom.museum\/wp-content\/uploads\/2018\/07\/ICOM_M_.jpg\",\"width\":1721,\"height\":1721,\"caption\":\"International Council of Museums\"},\"image\":{\"@id\":\"https:\/\/icom.museum\/en\/#\/schema\/logo\/image\/\"}}]}<\/script>\n<!-- \/ Yoast SEO plugin. -->","yoast_head_json":{"title":"Normas - International Council of Museums","robots":{"index":"index","follow":"follow","max-snippet":"max-snippet:-1","max-image-preview":"max-image-preview:large","max-video-preview":"max-video-preview:-1"},"canonical":"https:\/\/icom.museum\/es\/recursos\/normas-y-directrices\/normas\/","og_locale":"es_ES","og_type":"article","og_title":"Normas - International Council of Museums","og_description":"El Consejo Internacional de Museos promueve la excelencia y las buenas pr\u00e1cticas. Por ello, alienta encarecidamente la implementaci\u00f3n de normas profesionales en la comunidad muse\u00edstica internacional. A trav\u00e9s de sus normas y directrices, el ICOM ofrece buenas pr\u00e1cticas a los profesionales de los museos sobre la adquisici\u00f3n de objetos la documentaci\u00f3n de colecciones, las descripciones, [&hellip;]","og_url":"https:\/\/icom.museum\/es\/recursos\/normas-y-directrices\/normas\/","og_site_name":"International Council of Museums","article_modified_time":"2022-09-13T15:46:19+00:00","og_image":[{"url":"https:\/\/icom.museum\/wp-content\/uploads\/2018\/05\/STANDARDS.jpg"}],"twitter_card":"summary_large_image","twitter_misc":{"Tiempo de lectura":"3 minutos"},"schema":{"@context":"https:\/\/schema.org","@graph":[{"@type":"WebPage","@id":"https:\/\/icom.museum\/es\/recursos\/normas-y-directrices\/normas\/","url":"https:\/\/icom.museum\/es\/recursos\/normas-y-directrices\/normas\/","name":"Normas - International Council of Museums","isPartOf":{"@id":"https:\/\/icom.museum\/en\/#website"},"datePublished":"2018-06-19T13:12:52+00:00","dateModified":"2022-09-13T15:46:19+00:00","breadcrumb":{"@id":"https:\/\/icom.museum\/es\/recursos\/normas-y-directrices\/normas\/#breadcrumb"},"inLanguage":"es","potentialAction":[{"@type":"ReadAction","target":["https:\/\/icom.museum\/es\/recursos\/normas-y-directrices\/normas\/"]}]},{"@type":"BreadcrumbList","@id":"https:\/\/icom.museum\/es\/recursos\/normas-y-directrices\/normas\/#breadcrumb","itemListElement":[{"@type":"ListItem","position":1,"name":"Home","item":"https:\/\/icom.museum\/es\/"},{"@type":"ListItem","position":2,"name":"Recursos","item":"https:\/\/icom.museum\/es\/recursos\/"},{"@type":"ListItem","position":3,"name":"Normas y directrices","item":"https:\/\/icom.museum\/es\/recursos\/normas-y-directrices\/"},{"@type":"ListItem","position":4,"name":"Normas"}]},{"@type":"WebSite","@id":"https:\/\/icom.museum\/en\/#website","url":"https:\/\/icom.museum\/en\/","name":"International Council of Museums","description":"A global organisation of museums &amp; museum professionals committed to the promotion and protection of cultural heritage","publisher":{"@id":"https:\/\/icom.museum\/en\/#organization"},"potentialAction":[{"@type":"SearchAction","target":{"@type":"EntryPoint","urlTemplate":"https:\/\/icom.museum\/en\/?s={search_term_string}"},"query-input":{"@type":"PropertyValueSpecification","valueRequired":true,"valueName":"search_term_string"}}],"inLanguage":"es"},{"@type":"Organization","@id":"https:\/\/icom.museum\/en\/#organization","name":"International Council of Museums","url":"https:\/\/icom.museum\/en\/","logo":{"@type":"ImageObject","inLanguage":"es","@id":"https:\/\/icom.museum\/en\/#\/schema\/logo\/image\/","url":"https:\/\/icom.museum\/wp-content\/uploads\/2018\/07\/ICOM_M_.jpg","contentUrl":"https:\/\/icom.museum\/wp-content\/uploads\/2018\/07\/ICOM_M_.jpg","width":1721,"height":1721,"caption":"International Council of Museums"},"image":{"@id":"https:\/\/icom.museum\/en\/#\/schema\/logo\/image\/"}}]}},"_links":{"self":[{"href":"https:\/\/icom.museum\/es\/wp-json\/wp\/v2\/pages\/7345"}],"collection":[{"href":"https:\/\/icom.museum\/es\/wp-json\/wp\/v2\/pages"}],"about":[{"href":"https:\/\/icom.museum\/es\/wp-json\/wp\/v2\/types\/page"}],"author":[{"embeddable":true,"href":"https:\/\/icom.museum\/es\/wp-json\/wp\/v2\/users\/10"}],"replies":[{"embeddable":true,"href":"https:\/\/icom.museum\/es\/wp-json\/wp\/v2\/comments?post=7345"}],"version-history":[{"count":21,"href":"https:\/\/icom.museum\/es\/wp-json\/wp\/v2\/pages\/7345\/revisions"}],"predecessor-version":[{"id":50150,"href":"https:\/\/icom.museum\/es\/wp-json\/wp\/v2\/pages\/7345\/revisions\/50150"}],"up":[{"embeddable":true,"href":"https:\/\/icom.museum\/es\/wp-json\/wp\/v2\/pages\/7339"}],"wp:attachment":[{"href":"https:\/\/icom.museum\/es\/wp-json\/wp\/v2\/media?parent=7345"}],"curies":[{"name":"wp","href":"https:\/\/api.w.org\/{rel}","templated":true}]}}