{"id":7347,"date":"2018-06-19T13:13:29","date_gmt":"2018-06-19T13:13:29","guid":{"rendered":"http:\/\/icom.museum\/?page_id=7347"},"modified":"2025-08-08T12:04:05","modified_gmt":"2025-08-08T10:04:05","slug":"objectid","status":"publish","type":"page","link":"https:\/\/icom.museum\/es\/recursos\/normas-y-directrices\/objectid\/","title":{"rendered":"Object ID"},"content":{"rendered":"<h2><strong>Object Identification (Object ID) es una est\u00e1ndar de documentaci\u00f3n reconocido a nivel internacional, concebido para identificar y registrar objetos culturales.<\/strong><\/h2>\n<form name=\"DropDown\"><script language=\"JavaScript\">\nfunction ChangeUrl(formulaire)\n   {\n   if (formulaire.ListeUrl.selectedIndex != 0)\n      {\n     var url ;\n     url = formulaire.ListeUrl.options[formulaire.ListeUrl.selectedIndex].value;\n     window.open(url,'_blank');\n       }\n   }\n<\/script><\/p>\n<\/form>\n<form><select name=\"ListeUrl\" size=\"1\" onchange=\"ChangeUrl(this.form)\"><option selected=\"selected\" value=\"\">-Seleccione su idioma-<\/option><option value=\"https:\/\/icom.museum\/wp-content\/uploads\/2020\/12\/ObjectID_arabic.pdf\">\u00e1rabe<\/option><option value=\"https:\/\/icom.museum\/wp-content\/uploads\/2020\/12\/ObjectID_chinese.pdf\">chino<\/option><option value=\"https:\/\/icom.museum\/wp-content\/uploads\/2020\/12\/ObjectID_czech.pdf\">checo<\/option><option value=\"https:\/\/icom.museum\/wp-content\/uploads\/2020\/12\/ObjectID_dutch.pdf\">holand\u00e9s<\/option><option value=\"https:\/\/icom.museum\/wp-content\/uploads\/2020\/12\/ObjectID_english.pdf\">ingl\u00e9s<\/option><option value=\"https:\/\/icom.museum\/wp-content\/uploads\/2020\/12\/ObjectID_french.pdf\">franc\u00e9s<\/option><option value=\"https:\/\/icom.museum\/wp-content\/uploads\/2020\/12\/ObjectID_german.pdf\">alem\u00e1n<\/option><option value=\"https:\/\/icom.museum\/wp-content\/uploads\/2020\/12\/ObjectID_magyarul.pdf\">h\u00fangaro<\/option><option value=\"https:\/\/icom.museum\/wp-content\/uploads\/2020\/12\/ObjectID_italiano.pdf\">italiano<\/option><option value=\"https:\/\/icom.museum\/wp-content\/uploads\/2020\/12\/ObjectID_korean.pdf\">coreano<\/option><option value=\"https:\/\/icom.museum\/wp-content\/uploads\/2020\/12\/ObjectID_norwegian.pdf\">noruego<\/option><option value=\"https:\/\/icom.museum\/wp-content\/uploads\/2020\/12\/ObjectID_polish.pdf\">polaco<\/option><option value=\"https:\/\/icom.museum\/wp-content\/uploads\/2020\/12\/ObjectID_portuguese.pdf\">portugu\u00e9s<\/option><option value=\"https:\/\/icom.museum\/wp-content\/uploads\/2020\/12\/ObjectID_russian.pdf\">ruso<\/option><option value=\"https:\/\/icom.museum\/wp-content\/uploads\/2020\/12\/ObjectID_slovenian.pdf\">esloveno<\/option><option value=\"https:\/\/icom.museum\/wp-content\/uploads\/2020\/12\/ObjectID_spanish.pdf\">espa\u00f1ol<\/option><option value=\"https:\/\/icom.museum\/wp-content\/uploads\/2020\/12\/ObjectID_ukrainian.pdf\">ucraniano<\/option><\/select><\/form>\n<form name=\"DropDown\">&nbsp;<\/p>\n<p><strong>Object ID<\/strong> establece un procedimiento estandarizado para documentar y describir colecciones de objetos arqueol\u00f3gicos, culturales y art\u00edsticos. Al facilitar la identificaci\u00f3n de estos objetos, una descripci\u00f3n estandarizada puede ayudar en su recuperaci\u00f3n en caso de p\u00e9rdida o robo.<\/p>\n<p>Object ID se desarroll\u00f3 en colaboraci\u00f3n con la comunidad museal, agencias policiales y aduaneras, el comercio de arte, la industria de seguros y tasadores de arte y antig\u00fcedades. Ayuda a combatir el comercio il\u00edcito de patrimonio cultural promoviendo el uso del est\u00e1ndar y reuniendo a organizaciones de todo el mundo que pueden fomentar su implementaci\u00f3n.<\/p>\n<p><u>A<\/u><u>cerca de<\/u><u> Object ID<\/u><\/p>\n<p>En caso de robo, la informaci\u00f3n recopilada y registrada gracias al uso de la norma Object ID puede cotejarse f\u00e1cilmente contra otras bases de datos de objetos robados, tales como la base de datos sobre obras de arte robadas de la INTERPOL. Object ID fue creado como un recurso pr\u00e1ctico para facilitar la recuperaci\u00f3n de bienes culturales robados, y actualmente est\u00e1 reconocido a nivel internacional como una herramienta necesaria y efectiva a la hora de inventariar una colecci\u00f3n.<\/p>\n<p>El est\u00e1ndar Object ID define nueve categor\u00edas de informaci\u00f3n y cuatro pasos para completar el procedimiento. Las categor\u00edas son:<\/p>\n<ul>\n<li>Tipo de objeto<\/li>\n<li>Materiales y t\u00e9cnicas<\/li>\n<li>Medici\u00f3n<\/li>\n<li>Inscripciones y marcas<\/li>\n<li>Caracter\u00edsticas distintivas<\/li>\n<li>T\u00edtulo<\/li>\n<li>Tema<\/li>\n<li>Fecha o per\u00edodo<\/li>\n<li>Autor<\/li>\n<\/ul>\n<p>Los cuatro pasos est\u00e1n divididos de la siguiente manera:<\/p>\n<ul>\n<li>Tomar fotograf\u00edas del objeto<\/li>\n<li>Identificar las categor\u00edas supra mencionadas<\/li>\n<li>Escribir una breve descripci\u00f3n, incluyendo informaci\u00f3n adicional<\/li>\n<li>Guardar la documentaci\u00f3n constituida en un lugar seguro<\/li>\n<\/ul>\n<p>Constantemente se promueven y emprenden nuevas iniciativas de traducci\u00f3n. Actualmente, Object ID est\u00e1 disponible en <a href=\"https:\/\/icom.museum\/wp-content\/uploads\/2020\/12\/ObjectID_german.pdf\">alem\u00e1n<\/a>, <a href=\"https:\/\/icom.museum\/wp-content\/uploads\/2020\/12\/ObjectID_arabic.pdf\">\u00e1rabe<\/a>, <a href=\"https:\/\/icom.museum\/wp-content\/uploads\/2020\/12\/ObjectID_czech.pdf\">checo<\/a>, <a href=\"https:\/\/icom.museum\/wp-content\/uploads\/2020\/12\/ObjectID_chinese.pdf\">chino<\/a>, <a href=\"https:\/\/icom.museum\/wp-content\/uploads\/2020\/12\/ObjectID_korean.pdf\">coreano<\/a>, <a href=\"https:\/\/icom.museum\/wp-content\/uploads\/2020\/12\/ObjectID_slovenian.pdf\">esloveno<\/a>, <a href=\"https:\/\/icom.museum\/wp-content\/uploads\/2020\/12\/ObjectID_spanish.pdf\">espa\u00f1ol<\/a>, <a href=\"https:\/\/icom.museum\/wp-content\/uploads\/2020\/12\/ObjectID_french.pdf\">franc\u00e9s<\/a>, <a href=\"https:\/\/icom.museum\/wp-content\/uploads\/2020\/12\/ObjectID_dutch.pdf\">holand\u00e9s<\/a>, <a href=\"https:\/\/icom.museum\/wp-content\/uploads\/2020\/12\/ObjectID_magyarul.pdf\">h\u00fangaro<\/a>, <a href=\"https:\/\/icom.museum\/wp-content\/uploads\/2020\/12\/ObjectID_english.pdf\">ingl\u00e9s<\/a>, <a href=\"https:\/\/icom.museum\/wp-content\/uploads\/2020\/12\/ObjectID_italiano.pdf\">italiano<\/a>, <a href=\"https:\/\/icom.museum\/wp-content\/uploads\/2020\/12\/ObjectID_norwegian.pdf\">noruego<\/a>, <a href=\"https:\/\/icom.museum\/wp-content\/uploads\/2020\/12\/ObjectID_polish.pdf\">polaco<\/a>, <a href=\"https:\/\/icom.museum\/wp-content\/uploads\/2020\/12\/ObjectID_portuguese.pdf\">portugu\u00e9s<\/a>, <a href=\"https:\/\/icom.museum\/wp-content\/uploads\/2020\/12\/ObjectID_russian.pdf\">ruso<\/a>, y <a href=\"https:\/\/icom.museum\/wp-content\/uploads\/2020\/12\/ObjectID_ukrainian.pdf\">ucraniano<\/a>.<u><\/u><\/p>\n<p>El comercio il\u00edcito de objetos art\u00edsticos est\u00e1 actualmente considerado como una de las formas m\u00e1s frecuentes de crimen internacional. \u00a0Las ganancias del robo, la falsificaci\u00f3n, los rescates y el contrabando de objetos culturales se utilizan a menudo para financiar otras organizaciones delictivas y actividades terroristas, y los propios objetos con frecuencia sirven como medio de intercambio entre los delincuentes y para lavar el dinero producto de las ganancias il\u00edcitas.<\/p>\n<p>Desde hace mucho tiempo las fuerzas del orden han reconocido la importancia de una buena documentaci\u00f3n en la lucha contra el robo de arte. En este sentido, la documentaci\u00f3n es fundamental para la protecci\u00f3n de los bienes culturales, ya que la polic\u00eda y los servicios aduaneros rara vez pueden recuperar y devolver objetos que no hayan sido fotografiados y descritos adecuadamente.\u00a0A menudo, los cuerpos policiales y los servicios aduaneros ponen en custodia de museos y ministerios de cultura una gran cantidad de objetos recuperados en el transcurso de las operaciones; que no pueden ser devueltos a sus leg\u00edtimos due\u00f1os porque no existe una documentaci\u00f3n que permita identificar a las v\u00edctimas.<\/p>\n<p><u>\u00bfQui\u00e9nes lo usan?<\/u><\/p>\n<p>Alrededor del mundo existe un apoyo cada vez mayor y m\u00e1s amplio para este est\u00e1ndar. La mayor\u00eda de las autoridades aduaneras de los estados miembros de la Uni\u00f3n Europea utilizan el est\u00e1ndar, y la lista de verificaci\u00f3n Object ID ya se ha traducido a 17 idiomas.<\/p>\n<p>A continuaci\u00f3n, se muestra una lista no exhaustiva de socios que est\u00e1n promoviendo y utilizando la lista de verificaci\u00f3n de Object ID:<\/p>\n<ul>\n<li><a href=\"https:\/\/www.met.police.uk\/\">Art and Antiques Unit, Metropolitan Police, London<\/a><\/li>\n<li><a href=\"https:\/\/ec.europa.eu\/culture\/cultural-heritage\/cultural-heritage-eu-policies\/protection-against-illicit-trafficking\">Comisi\u00f3n Europea<\/a><\/li>\n<li><a href=\"https:\/\/www.interpol.int\/es\/Delitos\/Delitos-contra-el-patrimonio-cultural\/Object-ID\">Interpol<\/a><\/li>\n<li><a href=\"https:\/\/www.getty.edu\">J. Paul Getty Trust, Los Angeles<\/a><\/li>\n<li><a href=\"https:\/\/www.tropenmuseum.nl\/nl\">Nationaal Museum van Wereldculturen (NMVW), Pa\u00edses Bajos<\/a><\/li>\n<li><a href=\"https:\/\/en.unesco.org\/fighttrafficking\">UNESCO<\/a><\/li>\n<li><a href=\"http:\/\/www.carabinieri.it\/multilingua\/es\/los-carabinieros-tpc\">La Unidad de los Carabineros para la Tutela del Patrimonio Cultural (Comando Carabinieri Tutela Patrimonio Culturale \u2013 TPC), Italia<\/a><\/li>\n<li><a href=\"http:\/\/www.wcoomd.org\/en\/topics\/enforcement-and-compliance\/activities-and-programmes\/cultural-heritage-programme.aspx\">World Customs Organization<\/a><\/li>\n<\/ul>\n<p><u>Antecedentes hist\u00f3ricos<\/u><\/p>\n<p>En 1993, el Getty Information Institute inici\u00f3 un proyecto de colaboraci\u00f3n para desarrollar un est\u00e1ndar de documentaci\u00f3n internacional para la informaci\u00f3n necesaria para identificar objetos culturales. Dicho est\u00e1ndar fue desarrollado en colaboraci\u00f3n con fuerzas policiales, agencias aduaneras, museos, el comercio de arte, tasadores y la industria aseguradora.<\/p>\n<p>Los contenidos del est\u00e1ndar fueron identificaron mediante una combinaci\u00f3n de investigaci\u00f3n de antecedentes, entrevistas y, a trav\u00e9s de una muy relevante serie de encuestas internacionales. \u00a0En total, se recibieron m\u00e1s de 1.000 respuestas de organizaciones en 84 pa\u00edses. \u00a0Los resultados de dichas encuestas\u2014 publicados en Protecting Cultural Objects in the Global Information Society \u2014 demostraron que exist\u00eda un amplio consenso sobre la informaci\u00f3n necesaria para describir objetos a los fines de su identificaci\u00f3n.\u00a0 El resultado fue la lista de verificaci\u00f3n de Object ID.<\/p>\n<p>El est\u00e1ndar Object ID fue lanzado en 1997. Object ID sido promovido por los principales organismos de aplicaci\u00f3n de ley, incluidos el FBI, Scotland Yard y la Interpol, as\u00ed como por la OMA, la UNESCO, diferentes museos, organizaciones de patrimonio cultural, comercio de arte, organizaciones de tasaci\u00f3n de arte, y compa\u00f1\u00edas de seguros. Habiendo establecido un est\u00e1ndar descriptivo, Object ID ahora ayuda a combatir la apropiaci\u00f3n ilegal de objetos culturales facilitando la documentaci\u00f3n de art\u00edculos de colecciones y reuniendo a organizaciones de todo el mundo para fomentar su implementaci\u00f3n.<\/p>\n<p>De 1999 a 2004, la sede del proyecto Object ID fue el Council for the Prevention of Art Theft (CoPAT) del Reino Unido. En octubre de 2004, el Consejo Internacional de Museos (ICOM) firm\u00f3 un acuerdo con J. Paul Getty Trust para el uso mundial no exclusivo por el ICOM del est\u00e1ndar Object ID de Getty. El ICOM tiene ahora los derechos de licencia para promover el uso de esta norma entre los profesionales de museales y, con este fin, organiza talleres sobre su implementaci\u00f3n, en colaboraci\u00f3n con la UNESCO, la OMA e INTERPOL.<\/p>\n<p><u>M\u00e1s informaci\u00f3n<\/u><\/p>\n<p>Fanizzo, Kelly\u00a0Yasaitis, (2005) \u2018<a href=\"https:\/\/papers.ssrn.com\/sol3\/papers.cfm?abstract_id=1661974\">Object ID: A Model of Global Collaboration<\/a>\u2019 in\u00a0<em>Journal of Museum Management and Curatorship<\/em>, Vol. 20, No. 21<\/p>\n<p>Thornes, Robin with Dorrell, Peter and Lie, Henry (1999) <em>Introducci\u00f3n al Object ID Directrices para la descripci\u00f3n de obras de arte, antig\u00fcedades y objetos arqueol\u00f3gicos<\/em> Getty Information Institute<\/p>\n<p>Thornes, Robin (1997) <em>Protecting Cultural Objects in the Global Information Society:\u00a0the\u00a0Making of Object ID <\/em>Getty Information Institute<\/p>\n<p>Thornes, Robin (1995) <em>Protecting Cultural Objects: A Preliminary Survey<\/em> Getty Art History Information Program<\/p>\n<p>Thornes, Robin and Bold, John (eds) (1998) <em>Documenting the Cultural Heritage<\/em> Getty Information Institute<\/p>\n<p>UNESCO (2006) <a href=\"https:\/\/unesdoc.unesco.org\/ark:\/48223\/pf0000146118_spa\"><em>Medidas jur\u00eddicas y pr\u00e1cticas contra el tr\u00e1fico il\u00edcito de bienes culturales &#8211; Manual de la UNESCO<\/em><\/a> Por Secci\u00f3n de Normas Internacionales, Divisi\u00f3n del Patrimonio Cultural, Paris<\/p>\n<p>Para obtener m\u00e1s informaci\u00f3n sobre los est\u00e1ndares de documentaci\u00f3n para objetos culturales, distintos de Object ID, visite el sitio web de ICOM para <a href=\"http:\/\/cidoc.mini.icom.museum\/es\/\">CIDOC \u2013 el Comit\u00e9 Internacional de Documentaci\u00f3n de ICOM<\/a>.<\/p>\n<p><u>Contacto<\/u><\/p>\n<p>Para obtener m\u00e1s informaci\u00f3n sobre ID de objeto, comun\u00edquese con:<\/p>\n<p>ICOM: Consejo Internacional de Museos,\u00a015 rue Lasson,\u00a075012 Paris France Tel: +33 1 47 34 05 00<\/p>\n<p>Email: <a href=\"mailto:illicit-taffic@icom.museum\">illicit-taffic@icom.museum<\/a><\/p>\n<p><u>Menciones legales \/ Marca registrada \/ Copyright<\/u><\/p>\n<p><strong>* Object ID \u2122 es una marca comercial de J. Paul Getty Trust. El uso de esta marca comercial est\u00e1 prohibido sin el permiso de: ICOM, 15 rue Lasson, 75012 Par\u00eds, Francia \u00a9 The J. Paul Getty Trust, 1999. Todos los derechos reservados.<\/strong><\/p>\n<\/form>\n","protected":false},"excerpt":{"rendered":"<p>Object Identification (Object ID) es una est\u00e1ndar de documentaci\u00f3n reconocido a nivel internacional, concebido para identificar y registrar objetos culturales. -Seleccione su idioma-\u00e1rabechinochecoholand\u00e9singl\u00e9sfranc\u00e9salem\u00e1nh\u00fangaroitalianocoreanonoruegopolacoportugu\u00e9srusoeslovenoespa\u00f1olucraniano &nbsp; Object ID establece un procedimiento estandarizado para documentar y describir colecciones de objetos arqueol\u00f3gicos, culturales y art\u00edsticos. Al facilitar la identificaci\u00f3n de estos objetos, una descripci\u00f3n estandarizada puede ayudar en su [&hellip;]<\/p>\n","protected":false},"author":10,"featured_media":0,"parent":7339,"menu_order":3,"comment_status":"closed","ping_status":"closed","template":"","meta":{"inline_featured_image":false,"footnotes":""},"class_list":["post-7347","page","type-page","status-publish","hentry"],"acf":[],"yoast_head":"<!-- This site is optimized with the Yoast SEO plugin v23.7 - https:\/\/yoast.com\/wordpress\/plugins\/seo\/ -->\n<title>Object ID - International Council of Museums<\/title>\n<meta name=\"robots\" content=\"index, follow, max-snippet:-1, max-image-preview:large, max-video-preview:-1\" \/>\n<link rel=\"canonical\" href=\"https:\/\/icom.museum\/es\/recursos\/normas-y-directrices\/objectid\/\" \/>\n<meta property=\"og:locale\" content=\"es_ES\" \/>\n<meta property=\"og:type\" content=\"article\" \/>\n<meta property=\"og:title\" content=\"Object ID - International Council of Museums\" \/>\n<meta property=\"og:description\" content=\"Object Identification (Object ID) es una est\u00e1ndar de documentaci\u00f3n reconocido a nivel internacional, concebido para identificar y registrar objetos culturales. -Seleccione su idioma-\u00e1rabechinochecoholand\u00e9singl\u00e9sfranc\u00e9salem\u00e1nh\u00fangaroitalianocoreanonoruegopolacoportugu\u00e9srusoeslovenoespa\u00f1olucraniano &nbsp; Object ID establece un procedimiento estandarizado para documentar y describir colecciones de objetos arqueol\u00f3gicos, culturales y art\u00edsticos. Al facilitar la identificaci\u00f3n de estos objetos, una descripci\u00f3n estandarizada puede ayudar en su [&hellip;]\" \/>\n<meta property=\"og:url\" content=\"https:\/\/icom.museum\/es\/recursos\/normas-y-directrices\/objectid\/\" \/>\n<meta property=\"og:site_name\" content=\"International Council of Museums\" \/>\n<meta property=\"article:modified_time\" content=\"2025-08-08T10:04:05+00:00\" \/>\n<meta property=\"og:image\" content=\"https:\/\/icom.museum\/wp-content\/uploads\/2025\/08\/object-ID-icom-museum.jpg\" \/>\n<meta name=\"twitter:card\" content=\"summary_large_image\" \/>\n<meta name=\"twitter:label1\" content=\"Tiempo de lectura\" \/>\n\t<meta name=\"twitter:data1\" content=\"6 minutos\" \/>\n<script type=\"application\/ld+json\" class=\"yoast-schema-graph\">{\"@context\":\"https:\/\/schema.org\",\"@graph\":[{\"@type\":\"WebPage\",\"@id\":\"https:\/\/icom.museum\/es\/recursos\/normas-y-directrices\/objectid\/\",\"url\":\"https:\/\/icom.museum\/es\/recursos\/normas-y-directrices\/objectid\/\",\"name\":\"Object ID - International Council of Museums\",\"isPartOf\":{\"@id\":\"https:\/\/icom.museum\/en\/#website\"},\"datePublished\":\"2018-06-19T13:13:29+00:00\",\"dateModified\":\"2025-08-08T10:04:05+00:00\",\"breadcrumb\":{\"@id\":\"https:\/\/icom.museum\/es\/recursos\/normas-y-directrices\/objectid\/#breadcrumb\"},\"inLanguage\":\"es\",\"potentialAction\":[{\"@type\":\"ReadAction\",\"target\":[\"https:\/\/icom.museum\/es\/recursos\/normas-y-directrices\/objectid\/\"]}]},{\"@type\":\"BreadcrumbList\",\"@id\":\"https:\/\/icom.museum\/es\/recursos\/normas-y-directrices\/objectid\/#breadcrumb\",\"itemListElement\":[{\"@type\":\"ListItem\",\"position\":1,\"name\":\"Home\",\"item\":\"https:\/\/icom.museum\/es\/\"},{\"@type\":\"ListItem\",\"position\":2,\"name\":\"Recursos\",\"item\":\"https:\/\/icom.museum\/es\/recursos\/\"},{\"@type\":\"ListItem\",\"position\":3,\"name\":\"Normas y directrices\",\"item\":\"https:\/\/icom.museum\/es\/recursos\/normas-y-directrices\/\"},{\"@type\":\"ListItem\",\"position\":4,\"name\":\"Object ID\"}]},{\"@type\":\"WebSite\",\"@id\":\"https:\/\/icom.museum\/en\/#website\",\"url\":\"https:\/\/icom.museum\/en\/\",\"name\":\"International Council of Museums\",\"description\":\"A global organisation of museums &amp; museum professionals committed to the promotion and protection of cultural heritage\",\"publisher\":{\"@id\":\"https:\/\/icom.museum\/en\/#organization\"},\"potentialAction\":[{\"@type\":\"SearchAction\",\"target\":{\"@type\":\"EntryPoint\",\"urlTemplate\":\"https:\/\/icom.museum\/en\/?s={search_term_string}\"},\"query-input\":{\"@type\":\"PropertyValueSpecification\",\"valueRequired\":true,\"valueName\":\"search_term_string\"}}],\"inLanguage\":\"es\"},{\"@type\":\"Organization\",\"@id\":\"https:\/\/icom.museum\/en\/#organization\",\"name\":\"International Council of Museums\",\"url\":\"https:\/\/icom.museum\/en\/\",\"logo\":{\"@type\":\"ImageObject\",\"inLanguage\":\"es\",\"@id\":\"https:\/\/icom.museum\/en\/#\/schema\/logo\/image\/\",\"url\":\"https:\/\/icom.museum\/wp-content\/uploads\/2018\/07\/ICOM_M_.jpg\",\"contentUrl\":\"https:\/\/icom.museum\/wp-content\/uploads\/2018\/07\/ICOM_M_.jpg\",\"width\":1721,\"height\":1721,\"caption\":\"International Council of Museums\"},\"image\":{\"@id\":\"https:\/\/icom.museum\/en\/#\/schema\/logo\/image\/\"}}]}<\/script>\n<!-- \/ Yoast SEO plugin. -->","yoast_head_json":{"title":"Object ID - International Council of Museums","robots":{"index":"index","follow":"follow","max-snippet":"max-snippet:-1","max-image-preview":"max-image-preview:large","max-video-preview":"max-video-preview:-1"},"canonical":"https:\/\/icom.museum\/es\/recursos\/normas-y-directrices\/objectid\/","og_locale":"es_ES","og_type":"article","og_title":"Object ID - International Council of Museums","og_description":"Object Identification (Object ID) es una est\u00e1ndar de documentaci\u00f3n reconocido a nivel internacional, concebido para identificar y registrar objetos culturales. -Seleccione su idioma-\u00e1rabechinochecoholand\u00e9singl\u00e9sfranc\u00e9salem\u00e1nh\u00fangaroitalianocoreanonoruegopolacoportugu\u00e9srusoeslovenoespa\u00f1olucraniano &nbsp; Object ID establece un procedimiento estandarizado para documentar y describir colecciones de objetos arqueol\u00f3gicos, culturales y art\u00edsticos. Al facilitar la identificaci\u00f3n de estos objetos, una descripci\u00f3n estandarizada puede ayudar en su [&hellip;]","og_url":"https:\/\/icom.museum\/es\/recursos\/normas-y-directrices\/objectid\/","og_site_name":"International Council of Museums","article_modified_time":"2025-08-08T10:04:05+00:00","og_image":[{"url":"https:\/\/icom.museum\/wp-content\/uploads\/2025\/08\/object-ID-icom-museum.jpg"}],"twitter_card":"summary_large_image","twitter_misc":{"Tiempo de lectura":"6 minutos"},"schema":{"@context":"https:\/\/schema.org","@graph":[{"@type":"WebPage","@id":"https:\/\/icom.museum\/es\/recursos\/normas-y-directrices\/objectid\/","url":"https:\/\/icom.museum\/es\/recursos\/normas-y-directrices\/objectid\/","name":"Object ID - International Council of Museums","isPartOf":{"@id":"https:\/\/icom.museum\/en\/#website"},"datePublished":"2018-06-19T13:13:29+00:00","dateModified":"2025-08-08T10:04:05+00:00","breadcrumb":{"@id":"https:\/\/icom.museum\/es\/recursos\/normas-y-directrices\/objectid\/#breadcrumb"},"inLanguage":"es","potentialAction":[{"@type":"ReadAction","target":["https:\/\/icom.museum\/es\/recursos\/normas-y-directrices\/objectid\/"]}]},{"@type":"BreadcrumbList","@id":"https:\/\/icom.museum\/es\/recursos\/normas-y-directrices\/objectid\/#breadcrumb","itemListElement":[{"@type":"ListItem","position":1,"name":"Home","item":"https:\/\/icom.museum\/es\/"},{"@type":"ListItem","position":2,"name":"Recursos","item":"https:\/\/icom.museum\/es\/recursos\/"},{"@type":"ListItem","position":3,"name":"Normas y directrices","item":"https:\/\/icom.museum\/es\/recursos\/normas-y-directrices\/"},{"@type":"ListItem","position":4,"name":"Object ID"}]},{"@type":"WebSite","@id":"https:\/\/icom.museum\/en\/#website","url":"https:\/\/icom.museum\/en\/","name":"International Council of Museums","description":"A global organisation of museums &amp; museum professionals committed to the promotion and protection of cultural heritage","publisher":{"@id":"https:\/\/icom.museum\/en\/#organization"},"potentialAction":[{"@type":"SearchAction","target":{"@type":"EntryPoint","urlTemplate":"https:\/\/icom.museum\/en\/?s={search_term_string}"},"query-input":{"@type":"PropertyValueSpecification","valueRequired":true,"valueName":"search_term_string"}}],"inLanguage":"es"},{"@type":"Organization","@id":"https:\/\/icom.museum\/en\/#organization","name":"International Council of Museums","url":"https:\/\/icom.museum\/en\/","logo":{"@type":"ImageObject","inLanguage":"es","@id":"https:\/\/icom.museum\/en\/#\/schema\/logo\/image\/","url":"https:\/\/icom.museum\/wp-content\/uploads\/2018\/07\/ICOM_M_.jpg","contentUrl":"https:\/\/icom.museum\/wp-content\/uploads\/2018\/07\/ICOM_M_.jpg","width":1721,"height":1721,"caption":"International Council of Museums"},"image":{"@id":"https:\/\/icom.museum\/en\/#\/schema\/logo\/image\/"}}]}},"_links":{"self":[{"href":"https:\/\/icom.museum\/es\/wp-json\/wp\/v2\/pages\/7347"}],"collection":[{"href":"https:\/\/icom.museum\/es\/wp-json\/wp\/v2\/pages"}],"about":[{"href":"https:\/\/icom.museum\/es\/wp-json\/wp\/v2\/types\/page"}],"author":[{"embeddable":true,"href":"https:\/\/icom.museum\/es\/wp-json\/wp\/v2\/users\/10"}],"replies":[{"embeddable":true,"href":"https:\/\/icom.museum\/es\/wp-json\/wp\/v2\/comments?post=7347"}],"version-history":[{"count":19,"href":"https:\/\/icom.museum\/es\/wp-json\/wp\/v2\/pages\/7347\/revisions"}],"predecessor-version":[{"id":64703,"href":"https:\/\/icom.museum\/es\/wp-json\/wp\/v2\/pages\/7347\/revisions\/64703"}],"up":[{"embeddable":true,"href":"https:\/\/icom.museum\/es\/wp-json\/wp\/v2\/pages\/7339"}],"wp:attachment":[{"href":"https:\/\/icom.museum\/es\/wp-json\/wp\/v2\/media?parent=7347"}],"curies":[{"name":"wp","href":"https:\/\/api.w.org\/{rel}","templated":true}]}}