{"id":7349,"date":"2018-06-19T13:14:07","date_gmt":"2018-06-19T13:14:07","guid":{"rendered":"http:\/\/icom.museum\/?page_id=7349"},"modified":"2025-08-13T00:37:17","modified_gmt":"2025-08-12T22:37:17","slug":"declaraciones","status":"publish","type":"page","link":"https:\/\/icom.museum\/es\/recursos\/normas-y-directrices\/declaraciones\/","title":{"rendered":"Declaraciones"},"content":{"rendered":"<h2 id=\"tw-target-text\" class=\"tw-data-text tw-ta tw-text-small headline\" dir=\"ltr\" data-placeholder=\"Traduction\">Como \u00fanica ONG que representa museos y profesionales de museos de todo el mundo, el ICOM publica declaraciones p\u00fablicas sobre cuestiones que afectan al patrimonio cultural y la profesi\u00f3n muse\u00edstica<\/h2>\n<div class=\"separator\">\n<p><strong>Declaraciones recientes (2020-actualidad)<\/strong><\/p>\n<\/div>\n<ul>\n<li><a href=\"https:\/\/icom.museum\/wp-content\/uploads\/2025\/08\/ES-Declaracion-por-la-paz.pdf\">Declaraci\u00f3n del ICOM por la paz (2025)<\/a><\/li>\n<li><a href=\"https:\/\/icom.museum\/es\/news\/el-icom-llama-a-salvaguardar-el-patrimonio-cultural-en-ucrania\/\">El ICOM llama a salvaguardar el patrimonio cultural en Ucrania (2025)<\/a><\/li>\n<li><a href=\"https:\/\/icom.museum\/es\/news\/museos-en-peligro-el-icom-teme-las-consecuencias-para-los-museos-de-la-republica-islamica-de-iran-y-el-estado-de-israe\/\">Museos en peligro: el ICOM teme las consecuencias para los museos de la Rep\u00fablica Isl\u00e1mica de Ir\u00e1n y el Estado de Israel (2025)<\/a><\/li>\n<li><a href=\"https:\/\/icom.museum\/es\/news\/declaracion-de-la-cmi-sobre-los-viajes-de-sus-miembros-a-zonas-en-conflicto-o-a-territorios-en-litigio\/\">Declaraci\u00f3n de la CMI sobre los viajes de sus miembros a zonas en conflicto o a territorios en litigio (2024)<\/a><\/li>\n<li><a href=\"https:\/\/icom.museum\/es\/news\/llamado-urgente-para-la-proteccion-del-patrimonio-cultural-en-peligro-de-bangladesh-en-la-crisis-actual\/\">Llamado urgente para la protecci\u00f3n del patrimonio cultural en peligro de Bangladesh en la crisis actual (2024)<\/a><\/li>\n<li><a href=\"https:\/\/icom.museum\/en\/news\/declaration-on-the-protection-of-archives-libraries-museums-and-heritage-places-during-armed-conflicts-and-political-instability\/\">Declaraci\u00f3n sobre la protecci\u00f3n de archivos, bibliotecas, museos y lugares patrimoniales durante los conflictos armados y la inestabilidad pol\u00edtica (2024)<\/a><\/li>\n<li><a href=\"https:\/\/icom.museum\/en\/news\/statement-condemning-violence-against-people-and-their-cultural-heritage\/\">Declaraci\u00f3n de condena de la violencia contra las personas y su patrimonio cultural<\/a> (2024)<\/li>\n<li><a href=\"https:\/\/icom.museum\/en\/news\/statement-concerning-israel-and-palestine\/\">Declaraci\u00f3n sobre Israel y Palestina (2023)<\/a><\/li>\n<li><a href=\"https:\/\/icom.museum\/en\/news\/icom-statement-climate-activism\/\">Declaraci\u00f3n:<\/a> <a href=\"https:\/\/icom.museum\/en\/news\/icom-statement-climate-activism\/\">Museos y activismo clim\u00e1tico (2022)<\/a><\/li>\n<li><a href=\"https:\/\/icom.museum\/en\/news\/statement-russia-invasion-into-ukraine\/\">Declaraci\u00f3n sobre la invasi\u00f3n rusa de Ucrania (2022)<\/a><\/li>\n<li><a href=\"https:\/\/icom.museum\/en\/news\/statement-concerning-the-situation-facing-cultural-heritage-in-afghanistan\/\">Declaraci\u00f3n sobre la situaci\u00f3n del patrimonio cultural en Afganist\u00e1n (2021)<\/a><\/li>\n<li><a href=\"https:\/\/icom.museum\/en\/news\/icomos-ica-ifla-icom-statement-on-nagorno-karabakh\/\">ICOMOS, ICA, IFLA &amp; ICOM &#8211; Declaraci\u00f3n sobre Nagorno Karabaj (2020)<\/a><\/li>\n<li><a href=\"https:\/\/icom.museum\/en\/news\/statement-of-solidarity-with-lebanon-and-support-to-recover-the-damaged-cultural-heritage-in-beirut\/\">Declaraci\u00f3n de solidaridad con el L\u00edbano y apoyo a la recuperaci\u00f3n del patrimonio cultural da\u00f1ado en Beirut<\/a> (2020)<\/li>\n<li><a href=\"https:\/\/icom.museum\/en\/news\/icom-and-icomos-joint-statement-%e2%80%a8on-hagia-sophia-istanbul-turkey\/\">Declaraci\u00f3n conjunta de ICOM e ICOMOS sobre Santa Sof\u00eda (Estambul, Turqu\u00eda) (2020)<\/a><\/li>\n<li><a href=\"https:\/\/icom.museum\/en\/news\/statement-on-the-necessity-for-relief-funds-for-museums-during-the-covid-19-crisis\/\">Declaraci\u00f3n sobre la necesidad de fondos de ayuda para los museos durante la crisis de COVID-19 (2020)<\/a><\/li>\n<li><a href=\"https:\/\/icom.museum\/en\/news\/statement-on-the-independence-of-museums\/\">Declaraci\u00f3n sobre la independencia de los museos (2020)<\/a><\/li>\n<\/ul>\n<p><b>Declaraciones y manifestaciones anteriores (anteriores a 2020)<\/b><\/p>\n<ul>\n<li><a href=\"https:\/\/icom.museum\/en\/news\/presidents-statement-on-the-alignment-of-icom-with-the-un-agenda-2030\/\">Declaraci\u00f3n del Presidente sobre la alineaci\u00f3n del ICOM con la Agenda 2030 de las Naciones Unidas (2019)<\/a><\/li>\n<li><a href=\"https:\/\/icom.museum\/en\/news\/statement-regarding-the-ethiopian-airlines-crash-in-memory-of-sebastiano-tusa\/\">Declaraci\u00f3n sobre el accidente de Ethiopian Airlines:<\/a> <a href=\"https:\/\/icom.museum\/en\/news\/statement-regarding-the-ethiopian-airlines-crash-in-memory-of-sebastiano-tusa\/\">En memoria de Sebastiano Tusa (2019)<\/a><\/li>\n<li><a href=\"https:\/\/icom.museum\/en\/news\/joint-statement-call-icom-icomos\/\">Declaraci\u00f3n conjunta\/llamamiento ICOM-ICOMOS (2019)<\/a><\/li>\n<li><a href=\"https:\/\/icom.museum\/en\/news\/the-reduction-in-public-funds-threatens-the-very-existence-of-museums\/\">Declaraci\u00f3n del ICOM sobre la necesidad de una financiaci\u00f3n p\u00fablica adecuada para los museos (2018)<\/a><\/li>\n<li><a href=\"https:\/\/icom.museum\/en\/news\/statement-regarding-the-devastating-fire-in-the-national-museum-of-brazil-in-rio-de-janeiro\/\">Declaraci\u00f3n relativa al devastador incendio en el Museo Nacional de Brasil (2018)<\/a><\/li>\n<li><a href=\"https:\/\/icom.museum\/wp-content\/uploads\/2018\/09\/CP_Statement-independence-of-museums_EN.pdf\">Declaraci\u00f3n del ICOM sobre la independencia de los museos (2018)<\/a><\/li>\n<li><a href=\"https:\/\/icom.museum\/wp-content\/uploads\/2018\/06\/20170929_Statement_Natural_Disasters_final_EN.pdf\">Declaraci\u00f3n del ICOM sobre las cat\u00e1strofes naturales que afectan al patrimonio cultural (2017)<\/a><\/li>\n<li><a href=\"https:\/\/icom.museum\/wp-content\/uploads\/2018\/06\/61_En.pdf\">Declaraci\u00f3n del ICOM sobre la Orden Ejecutiva del Presidente Trump del 27 de enero (2017)<\/a><\/li>\n<li><a href=\"https:\/\/icom.museum\/wp-content\/uploads\/2018\/06\/declaration_copy_WIPO_ICOM_eng.pdf\">Declaraci\u00f3n del ICOM relativa a la protecci\u00f3n de los bienes culturales y la modificaci\u00f3n de la ley en Alemania (2015)<\/a><\/li>\n<li>Declaraci\u00f3n del ICOM relativa a las excepciones a los derechos de autor (2015)<\/li>\n<li><a href=\"https:\/\/icom.museum\/wp-content\/uploads\/2018\/07\/Lisbon_Declaration_ENG.pdf\">Llamamiento al Parlamento Europeo y a la Comisi\u00f3n, a los Parlamentos y Gobiernos de los pa\u00edses europeos y a los gobiernos regionales y locales Apoyar la cultura y los museos para hacer frente a la crisis mundial y construir el futuro (2013)<\/a><\/li>\n<li><a href=\"https:\/\/icom.museum\/wp-content\/uploads\/2018\/07\/tourism2007_eng.pdf\">Declaraci\u00f3n del Consejo Internacional de Museos (ICOM) y la Federaci\u00f3n Mundial de Amigos de los Museos (FMAM) por un turismo cultural sostenible en todo el mundo (2007)<\/a><\/li>\n<li><a href=\"https:\/\/icom.museum\/wp-content\/uploads\/2018\/07\/Anglais.pdf\">Tr\u00e1fico il\u00edcito en Internet.<\/a> <a href=\"https:\/\/icom.museum\/wp-content\/uploads\/2018\/07\/Anglais.pdf\">Llamamiento del ICOM, la UNESCO e Interpol (2007)<\/a><\/li>\n<li><a href=\"https:\/\/icom.museum\/wp-content\/uploads\/2018\/07\/Statement_en.pdf\">Declaraci\u00f3n del Presidente del ICOM sobre las acciones legales en curso contra museos para la devoluci\u00f3n de bienes culturales exportados ilegalmente (especialmente Italia contra el Museo J Paul Getty) (2006)<\/a><\/li>\n<li><a href=\"https:\/\/icom.museum\/wp-content\/uploads\/2018\/07\/mediation_eng.pdf\">Promover el uso de la mediaci\u00f3n en la resoluci\u00f3n de conflictos sobre la propiedad de los objetos de las colecciones de los museos:<\/a> <a href=\"https:\/\/icom.museum\/wp-content\/uploads\/2018\/07\/mediation_eng.pdf\">Declaraci\u00f3n de la Presidenta del ICOM Alissandra Cummins (2006)<\/a><\/li>\n<li><a href=\"https:\/\/icom.museum\/wp-content\/uploads\/2018\/07\/Shanghay_Charter_Eng.pdf\">Museos, Patrimonio Inmaterial y Globalizaci\u00f3n &#8211; La Carta de Shanghai (2002)<\/a><\/li>\n<li><a href=\"https:\/\/icom.museum\/wp-content\/uploads\/2018\/07\/Afghanistan_Eng.pdf\">Llamamiento de ayuda al Museo Nacional de Afganist\u00e1n (2002)<\/a><\/li>\n<li>Llamamiento de Arusha (1993)<\/li>\n<\/ul>\n","protected":false},"excerpt":{"rendered":"<p>Como \u00fanica ONG que representa museos y profesionales de museos de todo el mundo, el ICOM publica declaraciones p\u00fablicas sobre cuestiones que afectan al patrimonio cultural y la profesi\u00f3n muse\u00edstica Declaraciones recientes (2020-actualidad) Declaraci\u00f3n del ICOM por la paz (2025) El ICOM llama a salvaguardar el patrimonio cultural en Ucrania (2025) Museos en peligro: el [&hellip;]<\/p>\n","protected":false},"author":10,"featured_media":0,"parent":7339,"menu_order":4,"comment_status":"closed","ping_status":"closed","template":"","meta":{"inline_featured_image":false,"footnotes":""},"class_list":["post-7349","page","type-page","status-publish","hentry"],"acf":[],"yoast_head":"<!-- This site is optimized with the Yoast SEO plugin v23.7 - https:\/\/yoast.com\/wordpress\/plugins\/seo\/ -->\n<title>Declaraciones - International Council of Museums<\/title>\n<meta name=\"robots\" content=\"index, follow, max-snippet:-1, max-image-preview:large, max-video-preview:-1\" \/>\n<link rel=\"canonical\" href=\"https:\/\/icom.museum\/es\/recursos\/normas-y-directrices\/declaraciones\/\" \/>\n<meta property=\"og:locale\" content=\"es_ES\" \/>\n<meta property=\"og:type\" content=\"article\" \/>\n<meta property=\"og:title\" content=\"Declaraciones - International Council of Museums\" \/>\n<meta property=\"og:description\" content=\"Como \u00fanica ONG que representa museos y profesionales de museos de todo el mundo, el ICOM publica declaraciones p\u00fablicas sobre cuestiones que afectan al patrimonio cultural y la profesi\u00f3n muse\u00edstica Declaraciones recientes (2020-actualidad) Declaraci\u00f3n del ICOM por la paz (2025) El ICOM llama a salvaguardar el patrimonio cultural en Ucrania (2025) Museos en peligro: el [&hellip;]\" \/>\n<meta property=\"og:url\" content=\"https:\/\/icom.museum\/es\/recursos\/normas-y-directrices\/declaraciones\/\" \/>\n<meta property=\"og:site_name\" content=\"International Council of Museums\" \/>\n<meta property=\"article:modified_time\" content=\"2025-08-12T22:37:17+00:00\" \/>\n<meta property=\"og:image\" content=\"https:\/\/icom.museum\/wp-content\/uploads\/2018\/05\/STATEMENTS_IMD-ICOM-international-conference.jpg\" \/>\n<meta name=\"twitter:card\" content=\"summary_large_image\" \/>\n<meta name=\"twitter:label1\" content=\"Tiempo de lectura\" \/>\n\t<meta name=\"twitter:data1\" content=\"3 minutos\" \/>\n<script type=\"application\/ld+json\" class=\"yoast-schema-graph\">{\"@context\":\"https:\/\/schema.org\",\"@graph\":[{\"@type\":\"WebPage\",\"@id\":\"https:\/\/icom.museum\/es\/recursos\/normas-y-directrices\/declaraciones\/\",\"url\":\"https:\/\/icom.museum\/es\/recursos\/normas-y-directrices\/declaraciones\/\",\"name\":\"Declaraciones - International Council of Museums\",\"isPartOf\":{\"@id\":\"https:\/\/icom.museum\/en\/#website\"},\"datePublished\":\"2018-06-19T13:14:07+00:00\",\"dateModified\":\"2025-08-12T22:37:17+00:00\",\"breadcrumb\":{\"@id\":\"https:\/\/icom.museum\/es\/recursos\/normas-y-directrices\/declaraciones\/#breadcrumb\"},\"inLanguage\":\"es\",\"potentialAction\":[{\"@type\":\"ReadAction\",\"target\":[\"https:\/\/icom.museum\/es\/recursos\/normas-y-directrices\/declaraciones\/\"]}]},{\"@type\":\"BreadcrumbList\",\"@id\":\"https:\/\/icom.museum\/es\/recursos\/normas-y-directrices\/declaraciones\/#breadcrumb\",\"itemListElement\":[{\"@type\":\"ListItem\",\"position\":1,\"name\":\"Home\",\"item\":\"https:\/\/icom.museum\/es\/\"},{\"@type\":\"ListItem\",\"position\":2,\"name\":\"Recursos\",\"item\":\"https:\/\/icom.museum\/es\/recursos\/\"},{\"@type\":\"ListItem\",\"position\":3,\"name\":\"Normas y directrices\",\"item\":\"https:\/\/icom.museum\/es\/recursos\/normas-y-directrices\/\"},{\"@type\":\"ListItem\",\"position\":4,\"name\":\"Declaraciones\"}]},{\"@type\":\"WebSite\",\"@id\":\"https:\/\/icom.museum\/en\/#website\",\"url\":\"https:\/\/icom.museum\/en\/\",\"name\":\"International Council of Museums\",\"description\":\"A global organisation of museums &amp; museum professionals committed to the promotion and protection of cultural heritage\",\"publisher\":{\"@id\":\"https:\/\/icom.museum\/en\/#organization\"},\"potentialAction\":[{\"@type\":\"SearchAction\",\"target\":{\"@type\":\"EntryPoint\",\"urlTemplate\":\"https:\/\/icom.museum\/en\/?s={search_term_string}\"},\"query-input\":{\"@type\":\"PropertyValueSpecification\",\"valueRequired\":true,\"valueName\":\"search_term_string\"}}],\"inLanguage\":\"es\"},{\"@type\":\"Organization\",\"@id\":\"https:\/\/icom.museum\/en\/#organization\",\"name\":\"International Council of Museums\",\"url\":\"https:\/\/icom.museum\/en\/\",\"logo\":{\"@type\":\"ImageObject\",\"inLanguage\":\"es\",\"@id\":\"https:\/\/icom.museum\/en\/#\/schema\/logo\/image\/\",\"url\":\"https:\/\/icom.museum\/wp-content\/uploads\/2018\/07\/ICOM_M_.jpg\",\"contentUrl\":\"https:\/\/icom.museum\/wp-content\/uploads\/2018\/07\/ICOM_M_.jpg\",\"width\":1721,\"height\":1721,\"caption\":\"International Council of Museums\"},\"image\":{\"@id\":\"https:\/\/icom.museum\/en\/#\/schema\/logo\/image\/\"}}]}<\/script>\n<!-- \/ Yoast SEO plugin. -->","yoast_head_json":{"title":"Declaraciones - International Council of Museums","robots":{"index":"index","follow":"follow","max-snippet":"max-snippet:-1","max-image-preview":"max-image-preview:large","max-video-preview":"max-video-preview:-1"},"canonical":"https:\/\/icom.museum\/es\/recursos\/normas-y-directrices\/declaraciones\/","og_locale":"es_ES","og_type":"article","og_title":"Declaraciones - International Council of Museums","og_description":"Como \u00fanica ONG que representa museos y profesionales de museos de todo el mundo, el ICOM publica declaraciones p\u00fablicas sobre cuestiones que afectan al patrimonio cultural y la profesi\u00f3n muse\u00edstica Declaraciones recientes (2020-actualidad) Declaraci\u00f3n del ICOM por la paz (2025) El ICOM llama a salvaguardar el patrimonio cultural en Ucrania (2025) Museos en peligro: el [&hellip;]","og_url":"https:\/\/icom.museum\/es\/recursos\/normas-y-directrices\/declaraciones\/","og_site_name":"International Council of Museums","article_modified_time":"2025-08-12T22:37:17+00:00","og_image":[{"url":"https:\/\/icom.museum\/wp-content\/uploads\/2018\/05\/STATEMENTS_IMD-ICOM-international-conference.jpg"}],"twitter_card":"summary_large_image","twitter_misc":{"Tiempo de lectura":"3 minutos"},"schema":{"@context":"https:\/\/schema.org","@graph":[{"@type":"WebPage","@id":"https:\/\/icom.museum\/es\/recursos\/normas-y-directrices\/declaraciones\/","url":"https:\/\/icom.museum\/es\/recursos\/normas-y-directrices\/declaraciones\/","name":"Declaraciones - International Council of Museums","isPartOf":{"@id":"https:\/\/icom.museum\/en\/#website"},"datePublished":"2018-06-19T13:14:07+00:00","dateModified":"2025-08-12T22:37:17+00:00","breadcrumb":{"@id":"https:\/\/icom.museum\/es\/recursos\/normas-y-directrices\/declaraciones\/#breadcrumb"},"inLanguage":"es","potentialAction":[{"@type":"ReadAction","target":["https:\/\/icom.museum\/es\/recursos\/normas-y-directrices\/declaraciones\/"]}]},{"@type":"BreadcrumbList","@id":"https:\/\/icom.museum\/es\/recursos\/normas-y-directrices\/declaraciones\/#breadcrumb","itemListElement":[{"@type":"ListItem","position":1,"name":"Home","item":"https:\/\/icom.museum\/es\/"},{"@type":"ListItem","position":2,"name":"Recursos","item":"https:\/\/icom.museum\/es\/recursos\/"},{"@type":"ListItem","position":3,"name":"Normas y directrices","item":"https:\/\/icom.museum\/es\/recursos\/normas-y-directrices\/"},{"@type":"ListItem","position":4,"name":"Declaraciones"}]},{"@type":"WebSite","@id":"https:\/\/icom.museum\/en\/#website","url":"https:\/\/icom.museum\/en\/","name":"International Council of Museums","description":"A global organisation of museums &amp; museum professionals committed to the promotion and protection of cultural heritage","publisher":{"@id":"https:\/\/icom.museum\/en\/#organization"},"potentialAction":[{"@type":"SearchAction","target":{"@type":"EntryPoint","urlTemplate":"https:\/\/icom.museum\/en\/?s={search_term_string}"},"query-input":{"@type":"PropertyValueSpecification","valueRequired":true,"valueName":"search_term_string"}}],"inLanguage":"es"},{"@type":"Organization","@id":"https:\/\/icom.museum\/en\/#organization","name":"International Council of Museums","url":"https:\/\/icom.museum\/en\/","logo":{"@type":"ImageObject","inLanguage":"es","@id":"https:\/\/icom.museum\/en\/#\/schema\/logo\/image\/","url":"https:\/\/icom.museum\/wp-content\/uploads\/2018\/07\/ICOM_M_.jpg","contentUrl":"https:\/\/icom.museum\/wp-content\/uploads\/2018\/07\/ICOM_M_.jpg","width":1721,"height":1721,"caption":"International Council of Museums"},"image":{"@id":"https:\/\/icom.museum\/en\/#\/schema\/logo\/image\/"}}]}},"_links":{"self":[{"href":"https:\/\/icom.museum\/es\/wp-json\/wp\/v2\/pages\/7349"}],"collection":[{"href":"https:\/\/icom.museum\/es\/wp-json\/wp\/v2\/pages"}],"about":[{"href":"https:\/\/icom.museum\/es\/wp-json\/wp\/v2\/types\/page"}],"author":[{"embeddable":true,"href":"https:\/\/icom.museum\/es\/wp-json\/wp\/v2\/users\/10"}],"replies":[{"embeddable":true,"href":"https:\/\/icom.museum\/es\/wp-json\/wp\/v2\/comments?post=7349"}],"version-history":[{"count":24,"href":"https:\/\/icom.museum\/es\/wp-json\/wp\/v2\/pages\/7349\/revisions"}],"predecessor-version":[{"id":64813,"href":"https:\/\/icom.museum\/es\/wp-json\/wp\/v2\/pages\/7349\/revisions\/64813"}],"up":[{"embeddable":true,"href":"https:\/\/icom.museum\/es\/wp-json\/wp\/v2\/pages\/7339"}],"wp:attachment":[{"href":"https:\/\/icom.museum\/es\/wp-json\/wp\/v2\/media?parent=7349"}],"curies":[{"name":"wp","href":"https:\/\/api.w.org\/{rel}","templated":true}]}}