{"id":7351,"date":"2018-06-19T13:15:06","date_gmt":"2018-06-19T13:15:06","guid":{"rendered":"http:\/\/icom.museum\/?page_id=7351"},"modified":"2026-04-17T15:23:01","modified_gmt":"2026-04-17T13:23:01","slug":"proteccion-del-patrimonio","status":"publish","type":"page","link":"https:\/\/icom.museum\/es\/proteccion-del-patrimonio\/","title":{"rendered":"Protecci\u00f3n del patrimonio"},"content":{"rendered":"<figure id=\"attachment_68130\" aria-describedby=\"caption-attachment-68130\" style=\"width: 1024px\" class=\"wp-caption aligncenter\"><img loading=\"lazy\" decoding=\"async\" class=\"size-large wp-image-68130\" src=\"https:\/\/icom.museum\/wp-content\/uploads\/2026\/04\/albert-canite-0uA4ssswvLw-unsplash-1024x683.jpg\" alt=\"\" width=\"1024\" height=\"683\" srcset=\"https:\/\/icom.museum\/wp-content\/uploads\/2026\/04\/albert-canite-0uA4ssswvLw-unsplash-1024x683.jpg 1024w, https:\/\/icom.museum\/wp-content\/uploads\/2026\/04\/albert-canite-0uA4ssswvLw-unsplash-300x200.jpg 300w, https:\/\/icom.museum\/wp-content\/uploads\/2026\/04\/albert-canite-0uA4ssswvLw-unsplash-768x512.jpg 768w, https:\/\/icom.museum\/wp-content\/uploads\/2026\/04\/albert-canite-0uA4ssswvLw-unsplash-1536x1024.jpg 1536w, https:\/\/icom.museum\/wp-content\/uploads\/2026\/04\/albert-canite-0uA4ssswvLw-unsplash-2048x1365.jpg 2048w\" sizes=\"(max-width: 1024px) 100vw, 1024px\" \/><figcaption id=\"caption-attachment-68130\" class=\"wp-caption-text\">\u00a9 Unsplash<\/figcaption><\/figure>\n<section class=\"text-token-text-primary w-full focus:outline-none [--shadow-height:45px] has-data-writing-block:pointer-events-none has-data-writing-block:-mt-(--shadow-height) has-data-writing-block:pt-(--shadow-height) [&amp;:has([data-writing-block])&gt;*]:pointer-events-auto scroll-mt-(--header-height)\" dir=\"auto\" data-turn-id=\"4752d0a9-bc04-4972-b0a3-666d249f268a\" data-testid=\"conversation-turn-1\" data-scroll-anchor=\"false\" data-turn=\"user\">\n<div class=\"text-base my-auto mx-auto pt-3 [--thread-content-margin:var(--thread-content-margin-xs,calc(var(--spacing)*4))] @w-sm\/main:[--thread-content-margin:var(--thread-content-margin-sm,calc(var(--spacing)*6))] @w-lg\/main:[--thread-content-margin:var(--thread-content-margin-lg,calc(var(--spacing)*16))] px-(--thread-content-margin)\">\n<div class=\"[--thread-content-max-width:40rem] @w-lg\/main:[--thread-content-max-width:48rem] mx-auto max-w-(--thread-content-max-width) flex-1 group\/turn-messages focus-visible:outline-hidden relative flex w-full min-w-0 flex-col\">\n<div class=\"flex max-w-full flex-col gap-4 grow\">\n<div class=\"min-h-8 text-message relative flex w-full flex-col items-end gap-2 text-start break-words whitespace-normal outline-none keyboard-focused:focus-ring [.text-message+&amp;]:mt-1\" dir=\"auto\" data-message-author-role=\"user\" data-message-id=\"4752d0a9-bc04-4972-b0a3-666d249f268a\">\n<div class=\"flex w-full flex-col gap-1 empty:hidden items-end rtl:items-start\">\n<div class=\"user-message-bubble-color corner-superellipse\/0.98 relative min-w-0 rounded-[22px] px-4 py-2.5 leading-6 max-w-(--user-chat-width,70%)\"><\/div>\n<\/div>\n<\/div>\n<\/div>\n<div>\n<div class=\"flex flex-col text-sm pb-25\">\n<section class=\"text-token-text-primary w-full focus:outline-none [--shadow-height:45px] has-data-writing-block:pointer-events-none has-data-writing-block:-mt-(--shadow-height) has-data-writing-block:pt-(--shadow-height) [&amp;:has([data-writing-block])&gt;*]:pointer-events-auto scroll-mt-[calc(var(--header-height)+min(200px,max(70px,20svh)))]\" dir=\"auto\" data-turn-id=\"request-69e232cc-b394-8330-ae58-ccfe604843b9-0\" data-testid=\"conversation-turn-4\" data-scroll-anchor=\"true\" data-turn=\"assistant\">\n<div class=\"text-base my-auto mx-auto pb-10 [--thread-content-margin:var(--thread-content-margin-xs,calc(var(--spacing)*4))] @w-sm\/main:[--thread-content-margin:var(--thread-content-margin-sm,calc(var(--spacing)*6))] @w-lg\/main:[--thread-content-margin:var(--thread-content-margin-lg,calc(var(--spacing)*16))] px-(--thread-content-margin)\">\n<div class=\"[--thread-content-max-width:40rem] @w-lg\/main:[--thread-content-max-width:48rem] mx-auto max-w-(--thread-content-max-width) flex-1 group\/turn-messages focus-visible:outline-hidden relative flex w-full min-w-0 flex-col agent-turn\">\n<div class=\"flex max-w-full flex-col gap-4 grow\">\n<div class=\"min-h-8 text-message relative flex w-full flex-col items-end gap-2 text-start break-words whitespace-normal outline-none keyboard-focused:focus-ring [.text-message+&amp;]:mt-1\" dir=\"auto\" tabindex=\"0\" data-message-author-role=\"assistant\" data-message-id=\"2a7108be-8a6f-4147-9c88-72d09a2cf5f1\" data-message-model-slug=\"gpt-5-3\" data-turn-start-message=\"true\">\n<div class=\"flex w-full flex-col gap-1 empty:hidden\">\n<div class=\"markdown prose dark:prose-invert w-full wrap-break-word dark markdown-new-styling\">\n<p data-start=\"865\" data-end=\"1581\">El Departamento de Protecci\u00f3n del Patrimonio del ICOM trabaja en primera l\u00ednea para salvaguardar el patrimonio cultural a nivel mundial, especialmente en tiempos de crisis. Coordina los esfuerzos internacionales para prevenir el tr\u00e1fico il\u00edcito de bienes culturales, apoya las respuestas de emergencia para museos e instituciones patrimoniales, y desarrolla herramientas y normas para fortalecer las pr\u00e1cticas de protecci\u00f3n. A trav\u00e9s de la colaboraci\u00f3n con socios internacionales, fuerzas del orden y profesionales del patrimonio, el departamento desempe\u00f1a un papel clave en la sensibilizaci\u00f3n y el fortalecimiento de capacidades para preservar el patrimonio cultural para las futuras generaciones.<\/p>\n<p data-start=\"1583\" data-end=\"1692\" data-is-last-node=\"\" data-is-only-node=\"\">Para saber m\u00e1s sobre su labor y acceder a herramientas y recursos clave, consulte los enlaces a continuaci\u00f3n.<\/p>\n<\/div>\n<\/div>\n<\/div>\n<\/div>\n<\/div>\n<\/div>\n<\/section>\n<\/div>\n<\/div>\n<\/div>\n<\/div>\n<\/section>\n<p><span class=\"link_black\"><a href=\"https:\/\/icom.museum\/es\/recursos\/normas-y-directrices\/declaraciones\/\">Declaraciones y comunicados<\/a><\/span><\/p>\n<p><span class=\"link_yellow\"><a href=\"https:\/\/icom.museum\/es\/proteccion-del-patrimonio\/preparacion-y-respuesta-ante-emergencias\/\">Preparaci\u00f3n y respuesta ante emergencias<\/a><\/span><\/p>\n<p><span class=\"link_blue\"><a href=\"https:\/\/icom.museum\/es\/proteccion-del-patrimonio\/observatorio-internacional-del-trafico-ilicito-de-bienes-culturales\/\">Observatorio Internacional del Tr\u00e1fico Il\u00edcito de Bienes Culturales<\/a><\/span><\/p>\n<p><span class=\"link_red\"><a href=\"https:\/\/icom.museum\/es\/listas-rojas\/\">Listas Rojas<\/a><\/span><\/p>\n<p><span class=\"link_black\"><a href=\"https:\/\/icom.museum\/es\/proteccion-del-patrimonio\/patrimonio-inmaterial\/\">Patrimonio inmaterial<\/a><\/span><\/p>\n<p><span class=\"link_red\"><a href=\"https:\/\/icom.museum\/es\/proteccion-del-patrimonio\/derechos-de-autor\/\">Derechos de autor<\/a><\/span><\/p>\n","protected":false},"excerpt":{"rendered":"<p>El Departamento de Protecci\u00f3n del Patrimonio del ICOM trabaja en primera l\u00ednea para salvaguardar el patrimonio cultural a nivel mundial, especialmente en tiempos de crisis. Coordina los esfuerzos internacionales para prevenir el tr\u00e1fico il\u00edcito de bienes culturales, apoya las respuestas de emergencia para museos e instituciones patrimoniales, y desarrolla herramientas y normas para fortalecer las [&hellip;]<\/p>\n","protected":false},"author":10,"featured_media":0,"parent":0,"menu_order":2,"comment_status":"closed","ping_status":"closed","template":"","meta":{"inline_featured_image":false,"footnotes":""},"class_list":["post-7351","page","type-page","status-publish","hentry"],"acf":[],"yoast_head":"<!-- This site is optimized with the Yoast SEO plugin v23.7 - https:\/\/yoast.com\/wordpress\/plugins\/seo\/ -->\n<title>Protecci\u00f3n del patrimonio - International Council of Museums<\/title>\n<meta name=\"robots\" content=\"index, follow, max-snippet:-1, max-image-preview:large, max-video-preview:-1\" \/>\n<link rel=\"canonical\" href=\"https:\/\/icom.museum\/es\/proteccion-del-patrimonio\/\" \/>\n<meta property=\"og:locale\" content=\"es_ES\" \/>\n<meta property=\"og:type\" content=\"article\" \/>\n<meta property=\"og:title\" content=\"Protecci\u00f3n del patrimonio - International Council of Museums\" \/>\n<meta property=\"og:description\" content=\"El Departamento de Protecci\u00f3n del Patrimonio del ICOM trabaja en primera l\u00ednea para salvaguardar el patrimonio cultural a nivel mundial, especialmente en tiempos de crisis. Coordina los esfuerzos internacionales para prevenir el tr\u00e1fico il\u00edcito de bienes culturales, apoya las respuestas de emergencia para museos e instituciones patrimoniales, y desarrolla herramientas y normas para fortalecer las [&hellip;]\" \/>\n<meta property=\"og:url\" content=\"https:\/\/icom.museum\/es\/proteccion-del-patrimonio\/\" \/>\n<meta property=\"og:site_name\" content=\"International Council of Museums\" \/>\n<meta property=\"article:modified_time\" content=\"2026-04-17T13:23:01+00:00\" \/>\n<meta property=\"og:image\" content=\"https:\/\/icom.museum\/wp-content\/uploads\/2026\/04\/albert-canite-0uA4ssswvLw-unsplash-scaled.jpg\" \/>\n\t<meta property=\"og:image:width\" content=\"2560\" \/>\n\t<meta property=\"og:image:height\" content=\"1707\" \/>\n\t<meta property=\"og:image:type\" content=\"image\/jpeg\" \/>\n<meta name=\"twitter:card\" content=\"summary_large_image\" \/>\n<meta name=\"twitter:label1\" content=\"Tiempo de lectura\" \/>\n\t<meta name=\"twitter:data1\" content=\"1 minuto\" \/>\n<script type=\"application\/ld+json\" class=\"yoast-schema-graph\">{\"@context\":\"https:\/\/schema.org\",\"@graph\":[{\"@type\":\"WebPage\",\"@id\":\"https:\/\/icom.museum\/es\/proteccion-del-patrimonio\/\",\"url\":\"https:\/\/icom.museum\/es\/proteccion-del-patrimonio\/\",\"name\":\"Protecci\u00f3n del patrimonio - International Council of Museums\",\"isPartOf\":{\"@id\":\"https:\/\/icom.museum\/en\/#website\"},\"primaryImageOfPage\":{\"@id\":\"https:\/\/icom.museum\/es\/proteccion-del-patrimonio\/#primaryimage\"},\"image\":{\"@id\":\"https:\/\/icom.museum\/es\/proteccion-del-patrimonio\/#primaryimage\"},\"thumbnailUrl\":\"https:\/\/icom.museum\/wp-content\/uploads\/2026\/04\/albert-canite-0uA4ssswvLw-unsplash-1024x683.jpg\",\"datePublished\":\"2018-06-19T13:15:06+00:00\",\"dateModified\":\"2026-04-17T13:23:01+00:00\",\"breadcrumb\":{\"@id\":\"https:\/\/icom.museum\/es\/proteccion-del-patrimonio\/#breadcrumb\"},\"inLanguage\":\"es\",\"potentialAction\":[{\"@type\":\"ReadAction\",\"target\":[\"https:\/\/icom.museum\/es\/proteccion-del-patrimonio\/\"]}]},{\"@type\":\"ImageObject\",\"inLanguage\":\"es\",\"@id\":\"https:\/\/icom.museum\/es\/proteccion-del-patrimonio\/#primaryimage\",\"url\":\"https:\/\/icom.museum\/wp-content\/uploads\/2026\/04\/albert-canite-0uA4ssswvLw-unsplash-1024x683.jpg\",\"contentUrl\":\"https:\/\/icom.museum\/wp-content\/uploads\/2026\/04\/albert-canite-0uA4ssswvLw-unsplash-1024x683.jpg\"},{\"@type\":\"BreadcrumbList\",\"@id\":\"https:\/\/icom.museum\/es\/proteccion-del-patrimonio\/#breadcrumb\",\"itemListElement\":[{\"@type\":\"ListItem\",\"position\":1,\"name\":\"Home\",\"item\":\"https:\/\/icom.museum\/es\/\"},{\"@type\":\"ListItem\",\"position\":2,\"name\":\"Protecci\u00f3n del patrimonio\"}]},{\"@type\":\"WebSite\",\"@id\":\"https:\/\/icom.museum\/en\/#website\",\"url\":\"https:\/\/icom.museum\/en\/\",\"name\":\"International Council of Museums\",\"description\":\"A global organisation of museums &amp; museum professionals committed to the promotion and protection of cultural heritage\",\"publisher\":{\"@id\":\"https:\/\/icom.museum\/en\/#organization\"},\"potentialAction\":[{\"@type\":\"SearchAction\",\"target\":{\"@type\":\"EntryPoint\",\"urlTemplate\":\"https:\/\/icom.museum\/en\/?s={search_term_string}\"},\"query-input\":{\"@type\":\"PropertyValueSpecification\",\"valueRequired\":true,\"valueName\":\"search_term_string\"}}],\"inLanguage\":\"es\"},{\"@type\":\"Organization\",\"@id\":\"https:\/\/icom.museum\/en\/#organization\",\"name\":\"International Council of Museums\",\"url\":\"https:\/\/icom.museum\/en\/\",\"logo\":{\"@type\":\"ImageObject\",\"inLanguage\":\"es\",\"@id\":\"https:\/\/icom.museum\/en\/#\/schema\/logo\/image\/\",\"url\":\"https:\/\/icom.museum\/wp-content\/uploads\/2018\/07\/ICOM_M_.jpg\",\"contentUrl\":\"https:\/\/icom.museum\/wp-content\/uploads\/2018\/07\/ICOM_M_.jpg\",\"width\":1721,\"height\":1721,\"caption\":\"International Council of Museums\"},\"image\":{\"@id\":\"https:\/\/icom.museum\/en\/#\/schema\/logo\/image\/\"}}]}<\/script>\n<!-- \/ Yoast SEO plugin. -->","yoast_head_json":{"title":"Protecci\u00f3n del patrimonio - International Council of Museums","robots":{"index":"index","follow":"follow","max-snippet":"max-snippet:-1","max-image-preview":"max-image-preview:large","max-video-preview":"max-video-preview:-1"},"canonical":"https:\/\/icom.museum\/es\/proteccion-del-patrimonio\/","og_locale":"es_ES","og_type":"article","og_title":"Protecci\u00f3n del patrimonio - International Council of Museums","og_description":"El Departamento de Protecci\u00f3n del Patrimonio del ICOM trabaja en primera l\u00ednea para salvaguardar el patrimonio cultural a nivel mundial, especialmente en tiempos de crisis. Coordina los esfuerzos internacionales para prevenir el tr\u00e1fico il\u00edcito de bienes culturales, apoya las respuestas de emergencia para museos e instituciones patrimoniales, y desarrolla herramientas y normas para fortalecer las [&hellip;]","og_url":"https:\/\/icom.museum\/es\/proteccion-del-patrimonio\/","og_site_name":"International Council of Museums","article_modified_time":"2026-04-17T13:23:01+00:00","og_image":[{"width":2560,"height":1707,"url":"https:\/\/icom.museum\/wp-content\/uploads\/2026\/04\/albert-canite-0uA4ssswvLw-unsplash-scaled.jpg","type":"image\/jpeg"}],"twitter_card":"summary_large_image","twitter_misc":{"Tiempo de lectura":"1 minuto"},"schema":{"@context":"https:\/\/schema.org","@graph":[{"@type":"WebPage","@id":"https:\/\/icom.museum\/es\/proteccion-del-patrimonio\/","url":"https:\/\/icom.museum\/es\/proteccion-del-patrimonio\/","name":"Protecci\u00f3n del patrimonio - International Council of Museums","isPartOf":{"@id":"https:\/\/icom.museum\/en\/#website"},"primaryImageOfPage":{"@id":"https:\/\/icom.museum\/es\/proteccion-del-patrimonio\/#primaryimage"},"image":{"@id":"https:\/\/icom.museum\/es\/proteccion-del-patrimonio\/#primaryimage"},"thumbnailUrl":"https:\/\/icom.museum\/wp-content\/uploads\/2026\/04\/albert-canite-0uA4ssswvLw-unsplash-1024x683.jpg","datePublished":"2018-06-19T13:15:06+00:00","dateModified":"2026-04-17T13:23:01+00:00","breadcrumb":{"@id":"https:\/\/icom.museum\/es\/proteccion-del-patrimonio\/#breadcrumb"},"inLanguage":"es","potentialAction":[{"@type":"ReadAction","target":["https:\/\/icom.museum\/es\/proteccion-del-patrimonio\/"]}]},{"@type":"ImageObject","inLanguage":"es","@id":"https:\/\/icom.museum\/es\/proteccion-del-patrimonio\/#primaryimage","url":"https:\/\/icom.museum\/wp-content\/uploads\/2026\/04\/albert-canite-0uA4ssswvLw-unsplash-1024x683.jpg","contentUrl":"https:\/\/icom.museum\/wp-content\/uploads\/2026\/04\/albert-canite-0uA4ssswvLw-unsplash-1024x683.jpg"},{"@type":"BreadcrumbList","@id":"https:\/\/icom.museum\/es\/proteccion-del-patrimonio\/#breadcrumb","itemListElement":[{"@type":"ListItem","position":1,"name":"Home","item":"https:\/\/icom.museum\/es\/"},{"@type":"ListItem","position":2,"name":"Protecci\u00f3n del patrimonio"}]},{"@type":"WebSite","@id":"https:\/\/icom.museum\/en\/#website","url":"https:\/\/icom.museum\/en\/","name":"International Council of Museums","description":"A global organisation of museums &amp; museum professionals committed to the promotion and protection of cultural heritage","publisher":{"@id":"https:\/\/icom.museum\/en\/#organization"},"potentialAction":[{"@type":"SearchAction","target":{"@type":"EntryPoint","urlTemplate":"https:\/\/icom.museum\/en\/?s={search_term_string}"},"query-input":{"@type":"PropertyValueSpecification","valueRequired":true,"valueName":"search_term_string"}}],"inLanguage":"es"},{"@type":"Organization","@id":"https:\/\/icom.museum\/en\/#organization","name":"International Council of Museums","url":"https:\/\/icom.museum\/en\/","logo":{"@type":"ImageObject","inLanguage":"es","@id":"https:\/\/icom.museum\/en\/#\/schema\/logo\/image\/","url":"https:\/\/icom.museum\/wp-content\/uploads\/2018\/07\/ICOM_M_.jpg","contentUrl":"https:\/\/icom.museum\/wp-content\/uploads\/2018\/07\/ICOM_M_.jpg","width":1721,"height":1721,"caption":"International Council of Museums"},"image":{"@id":"https:\/\/icom.museum\/en\/#\/schema\/logo\/image\/"}}]}},"_links":{"self":[{"href":"https:\/\/icom.museum\/es\/wp-json\/wp\/v2\/pages\/7351"}],"collection":[{"href":"https:\/\/icom.museum\/es\/wp-json\/wp\/v2\/pages"}],"about":[{"href":"https:\/\/icom.museum\/es\/wp-json\/wp\/v2\/types\/page"}],"author":[{"embeddable":true,"href":"https:\/\/icom.museum\/es\/wp-json\/wp\/v2\/users\/10"}],"replies":[{"embeddable":true,"href":"https:\/\/icom.museum\/es\/wp-json\/wp\/v2\/comments?post=7351"}],"version-history":[{"count":6,"href":"https:\/\/icom.museum\/es\/wp-json\/wp\/v2\/pages\/7351\/revisions"}],"predecessor-version":[{"id":68137,"href":"https:\/\/icom.museum\/es\/wp-json\/wp\/v2\/pages\/7351\/revisions\/68137"}],"wp:attachment":[{"href":"https:\/\/icom.museum\/es\/wp-json\/wp\/v2\/media?parent=7351"}],"curies":[{"name":"wp","href":"https:\/\/api.w.org\/{rel}","templated":true}]}}