{"id":7353,"date":"2018-06-19T13:15:38","date_gmt":"2018-06-19T13:15:38","guid":{"rendered":"http:\/\/icom.museum\/?page_id=7353"},"modified":"2026-03-10T18:06:58","modified_gmt":"2026-03-10T16:06:58","slug":"listas-rojas","status":"publish","type":"page","link":"https:\/\/icom.museum\/es\/listas-rojas\/","title":{"rendered":"Listas Rojas"},"content":{"rendered":"<h2>Las Listas Rojas de bienes culturales en peligro del ICOM son una herramienta pr\u00e1ctica para frenar el tr\u00e1fico il\u00edcito de objetos culturales.<\/h2>\n<p><span class=\"btn link_red\"><a href=\"http:\/\/icom.museum\/es\/recursos\/red-lists\/\">Base de datos de Listas rojas<\/a><\/span><\/p>\n<p>Las Listas Rojas dan a conocer las categor\u00edas de los bienes culturales m\u00e1s susceptibles a sufrir robos y al tr\u00e1fico il\u00edcito. De esta manera, ayudan a individuos, organizaciones y autoridades, tales como la polic\u00eda o los agentes aduaneros, a identificar los objetos en peligro y prevenir que sean vendidos o exportados de manera ilegal.<\/p>\n<p>Es importante destacar que una Lista Roja no es una lista de objetos robados: los bienes culturales representados son objetos inventariados pertenecientes a colecciones de instituciones reconocidas. \u00c9stos permiten ilustrar las categor\u00edas de bienes culturales m\u00e1s vulnerables al tr\u00e1fico il\u00edcito.<\/p>\n<p>La primera Lista Roja se cre\u00f3 en 1997 y se public\u00f3 en 2000. Desde entonces, el ICOM ha publicado m\u00e1s de 20 Listas Rojas con la colaboraci\u00f3n cient\u00edfica de expertos nacionales e internacionales y con el constante apoyo de dedicados patrocinadores para cubrir las regiones m\u00e1s vulnerables del mundo en t\u00e9rminos de tr\u00e1fico il\u00edcito de bienes culturales.<\/p>\n<p>Las Listas se publican en diferentes idiomas seg\u00fan el contexto de cada una de ellas. Esta herramienta ha contribuido a la identificaci\u00f3n, recuperaci\u00f3n y restituci\u00f3n de miles de objetos culturales de Iraq, Afganist\u00e1n y Mali, entre otros casos de \u00e9xito.<\/p>\n<p>Las Listas Rojas est\u00e1n disponibles de manera gratuita en formato digital (ver a continuaci\u00f3n), mientras que los folletos se distribuyen principalmente a los cuerpos de seguridad. Cualquiera que est\u00e9 involucrado en el \u00e1mbito del comercio o de la protecci\u00f3n de bienes culturales est\u00e1 invitado a consultar y divulgar las Listas para amplificar el uso e impacto de este recurso reconocido a nivel internacional.<\/p>\n<p>Hasta la fecha, la colecci\u00f3n de Listas Rojas es constituida por los siguientes folletos:<\/p>\n<div class=\"separator\">\n<p><strong>Asia<\/strong><\/p>\n<\/div>\n<ul>\n<li>Lista Roja de antig\u00fcedades afganas en peligro<\/li>\n<li>Lista Roja de antig\u00fcedades camboyanas en peligro<\/li>\n<li>Lista Roja de bienes culturales chinos en peligro<\/li>\n<\/ul>\n<div class=\"separator\">\n<p><strong>Am\u00e9rica Latina y el Caribe<\/strong><\/p>\n<\/div>\n<ul>\n<li>Lista Roja de bienes culturales en peligro de Centroam\u00e9rica y M\u00e9xico<\/li>\n<li>Lista Roja de bienes culturales colombianos en peligro<\/li>\n<li>Lista Roja de bienes culturales dominicanos en peligro<\/li>\n<li>Lista Roja de emergencia de bienes culturales haitianos en peligro<\/li>\n<li>Lista Roja de antig\u00fcedades peruanas en peligro<\/li>\n<li>Lista Roja de bienes culturales latinoamericanos en peligro<\/li>\n<\/ul>\n<div class=\"separator\">\n<p><strong>\u00c1frica del Norte y el Oriente Medio<\/strong><\/p>\n<\/div>\n<ul>\n<li>Lista Roja de urgencia de antig\u00fcedades iraqu\u00edes en peligro<\/li>\n<li>Lista roja de emergencia de bienes culturales libios en peligro<\/li>\n<li>Lista Roja de urgencia de bienes culturales sirios en peligro<\/li>\n<li>Lista Roja de urgencia de bienes culturales yemen\u00edes en peligro<\/li>\n<li>Lista Roja de urgencia de bienes culturales egipcios en peligro<\/li>\n<\/ul>\n<div class=\"separator\">\n<p><strong>\u00c1frica Occidental<\/strong><\/p>\n<\/div>\n<ul>\n<li>Lista Roja de bienes culturales de \u00c1frica Occidental en peligro<\/li>\n<\/ul>\n<p><span class=\"link_red\"><a href=\"https:\/\/icom.museum\/en\/resources\/red-lists\/\">Todos los PDF<\/a><\/span><\/p>\n","protected":false},"excerpt":{"rendered":"<p>Las Listas Rojas de bienes culturales en peligro del ICOM son una herramienta pr\u00e1ctica para frenar el tr\u00e1fico il\u00edcito de objetos culturales. Base de datos de Listas rojas Las Listas Rojas dan a conocer las categor\u00edas de los bienes culturales m\u00e1s susceptibles a sufrir robos y al tr\u00e1fico il\u00edcito. De esta manera, ayudan a individuos, [&hellip;]<\/p>\n","protected":false},"author":10,"featured_media":0,"parent":0,"menu_order":0,"comment_status":"closed","ping_status":"closed","template":"","meta":{"inline_featured_image":false,"footnotes":""},"class_list":["post-7353","page","type-page","status-publish","hentry"],"acf":[],"yoast_head":"<!-- This site is optimized with the Yoast SEO plugin v23.7 - https:\/\/yoast.com\/wordpress\/plugins\/seo\/ -->\n<title>Listas Rojas - International Council of Museums<\/title>\n<meta name=\"robots\" content=\"index, follow, max-snippet:-1, max-image-preview:large, max-video-preview:-1\" \/>\n<link rel=\"canonical\" href=\"https:\/\/icom.museum\/es\/listas-rojas\/\" \/>\n<meta property=\"og:locale\" content=\"es_ES\" \/>\n<meta property=\"og:type\" content=\"article\" \/>\n<meta property=\"og:title\" content=\"Listas Rojas - International Council of Museums\" \/>\n<meta property=\"og:description\" content=\"Las Listas Rojas de bienes culturales en peligro del ICOM son una herramienta pr\u00e1ctica para frenar el tr\u00e1fico il\u00edcito de objetos culturales. Base de datos de Listas rojas Las Listas Rojas dan a conocer las categor\u00edas de los bienes culturales m\u00e1s susceptibles a sufrir robos y al tr\u00e1fico il\u00edcito. De esta manera, ayudan a individuos, [&hellip;]\" \/>\n<meta property=\"og:url\" content=\"https:\/\/icom.museum\/es\/listas-rojas\/\" \/>\n<meta property=\"og:site_name\" content=\"International Council of Museums\" \/>\n<meta property=\"article:modified_time\" content=\"2026-03-10T16:06:58+00:00\" \/>\n<meta property=\"og:image\" content=\"https:\/\/icom.museum\/wp-content\/uploads\/2018\/09\/Red-Lists-photo.jpg\" \/>\n<meta name=\"twitter:card\" content=\"summary_large_image\" \/>\n<meta name=\"twitter:label1\" content=\"Tiempo de lectura\" \/>\n\t<meta name=\"twitter:data1\" content=\"2 minutos\" \/>\n<script type=\"application\/ld+json\" class=\"yoast-schema-graph\">{\"@context\":\"https:\/\/schema.org\",\"@graph\":[{\"@type\":\"WebPage\",\"@id\":\"https:\/\/icom.museum\/es\/listas-rojas\/\",\"url\":\"https:\/\/icom.museum\/es\/listas-rojas\/\",\"name\":\"Listas Rojas - International Council of Museums\",\"isPartOf\":{\"@id\":\"https:\/\/icom.museum\/en\/#website\"},\"datePublished\":\"2018-06-19T13:15:38+00:00\",\"dateModified\":\"2026-03-10T16:06:58+00:00\",\"breadcrumb\":{\"@id\":\"https:\/\/icom.museum\/es\/listas-rojas\/#breadcrumb\"},\"inLanguage\":\"es\",\"potentialAction\":[{\"@type\":\"ReadAction\",\"target\":[\"https:\/\/icom.museum\/es\/listas-rojas\/\"]}]},{\"@type\":\"BreadcrumbList\",\"@id\":\"https:\/\/icom.museum\/es\/listas-rojas\/#breadcrumb\",\"itemListElement\":[{\"@type\":\"ListItem\",\"position\":1,\"name\":\"Home\",\"item\":\"https:\/\/icom.museum\/es\/\"},{\"@type\":\"ListItem\",\"position\":2,\"name\":\"Listas Rojas\"}]},{\"@type\":\"WebSite\",\"@id\":\"https:\/\/icom.museum\/en\/#website\",\"url\":\"https:\/\/icom.museum\/en\/\",\"name\":\"International Council of Museums\",\"description\":\"A global organisation of museums &amp; museum professionals committed to the promotion and protection of cultural heritage\",\"publisher\":{\"@id\":\"https:\/\/icom.museum\/en\/#organization\"},\"potentialAction\":[{\"@type\":\"SearchAction\",\"target\":{\"@type\":\"EntryPoint\",\"urlTemplate\":\"https:\/\/icom.museum\/en\/?s={search_term_string}\"},\"query-input\":{\"@type\":\"PropertyValueSpecification\",\"valueRequired\":true,\"valueName\":\"search_term_string\"}}],\"inLanguage\":\"es\"},{\"@type\":\"Organization\",\"@id\":\"https:\/\/icom.museum\/en\/#organization\",\"name\":\"International Council of Museums\",\"url\":\"https:\/\/icom.museum\/en\/\",\"logo\":{\"@type\":\"ImageObject\",\"inLanguage\":\"es\",\"@id\":\"https:\/\/icom.museum\/en\/#\/schema\/logo\/image\/\",\"url\":\"https:\/\/icom.museum\/wp-content\/uploads\/2018\/07\/ICOM_M_.jpg\",\"contentUrl\":\"https:\/\/icom.museum\/wp-content\/uploads\/2018\/07\/ICOM_M_.jpg\",\"width\":1721,\"height\":1721,\"caption\":\"International Council of Museums\"},\"image\":{\"@id\":\"https:\/\/icom.museum\/en\/#\/schema\/logo\/image\/\"}}]}<\/script>\n<!-- \/ Yoast SEO plugin. -->","yoast_head_json":{"title":"Listas Rojas - International Council of Museums","robots":{"index":"index","follow":"follow","max-snippet":"max-snippet:-1","max-image-preview":"max-image-preview:large","max-video-preview":"max-video-preview:-1"},"canonical":"https:\/\/icom.museum\/es\/listas-rojas\/","og_locale":"es_ES","og_type":"article","og_title":"Listas Rojas - International Council of Museums","og_description":"Las Listas Rojas de bienes culturales en peligro del ICOM son una herramienta pr\u00e1ctica para frenar el tr\u00e1fico il\u00edcito de objetos culturales. Base de datos de Listas rojas Las Listas Rojas dan a conocer las categor\u00edas de los bienes culturales m\u00e1s susceptibles a sufrir robos y al tr\u00e1fico il\u00edcito. De esta manera, ayudan a individuos, [&hellip;]","og_url":"https:\/\/icom.museum\/es\/listas-rojas\/","og_site_name":"International Council of Museums","article_modified_time":"2026-03-10T16:06:58+00:00","og_image":[{"url":"https:\/\/icom.museum\/wp-content\/uploads\/2018\/09\/Red-Lists-photo.jpg"}],"twitter_card":"summary_large_image","twitter_misc":{"Tiempo de lectura":"2 minutos"},"schema":{"@context":"https:\/\/schema.org","@graph":[{"@type":"WebPage","@id":"https:\/\/icom.museum\/es\/listas-rojas\/","url":"https:\/\/icom.museum\/es\/listas-rojas\/","name":"Listas Rojas - International Council of Museums","isPartOf":{"@id":"https:\/\/icom.museum\/en\/#website"},"datePublished":"2018-06-19T13:15:38+00:00","dateModified":"2026-03-10T16:06:58+00:00","breadcrumb":{"@id":"https:\/\/icom.museum\/es\/listas-rojas\/#breadcrumb"},"inLanguage":"es","potentialAction":[{"@type":"ReadAction","target":["https:\/\/icom.museum\/es\/listas-rojas\/"]}]},{"@type":"BreadcrumbList","@id":"https:\/\/icom.museum\/es\/listas-rojas\/#breadcrumb","itemListElement":[{"@type":"ListItem","position":1,"name":"Home","item":"https:\/\/icom.museum\/es\/"},{"@type":"ListItem","position":2,"name":"Listas Rojas"}]},{"@type":"WebSite","@id":"https:\/\/icom.museum\/en\/#website","url":"https:\/\/icom.museum\/en\/","name":"International Council of Museums","description":"A global organisation of museums &amp; museum professionals committed to the promotion and protection of cultural heritage","publisher":{"@id":"https:\/\/icom.museum\/en\/#organization"},"potentialAction":[{"@type":"SearchAction","target":{"@type":"EntryPoint","urlTemplate":"https:\/\/icom.museum\/en\/?s={search_term_string}"},"query-input":{"@type":"PropertyValueSpecification","valueRequired":true,"valueName":"search_term_string"}}],"inLanguage":"es"},{"@type":"Organization","@id":"https:\/\/icom.museum\/en\/#organization","name":"International Council of Museums","url":"https:\/\/icom.museum\/en\/","logo":{"@type":"ImageObject","inLanguage":"es","@id":"https:\/\/icom.museum\/en\/#\/schema\/logo\/image\/","url":"https:\/\/icom.museum\/wp-content\/uploads\/2018\/07\/ICOM_M_.jpg","contentUrl":"https:\/\/icom.museum\/wp-content\/uploads\/2018\/07\/ICOM_M_.jpg","width":1721,"height":1721,"caption":"International Council of Museums"},"image":{"@id":"https:\/\/icom.museum\/en\/#\/schema\/logo\/image\/"}}]}},"_links":{"self":[{"href":"https:\/\/icom.museum\/es\/wp-json\/wp\/v2\/pages\/7353"}],"collection":[{"href":"https:\/\/icom.museum\/es\/wp-json\/wp\/v2\/pages"}],"about":[{"href":"https:\/\/icom.museum\/es\/wp-json\/wp\/v2\/types\/page"}],"author":[{"embeddable":true,"href":"https:\/\/icom.museum\/es\/wp-json\/wp\/v2\/users\/10"}],"replies":[{"embeddable":true,"href":"https:\/\/icom.museum\/es\/wp-json\/wp\/v2\/comments?post=7353"}],"version-history":[{"count":15,"href":"https:\/\/icom.museum\/es\/wp-json\/wp\/v2\/pages\/7353\/revisions"}],"predecessor-version":[{"id":67673,"href":"https:\/\/icom.museum\/es\/wp-json\/wp\/v2\/pages\/7353\/revisions\/67673"}],"wp:attachment":[{"href":"https:\/\/icom.museum\/es\/wp-json\/wp\/v2\/media?parent=7353"}],"curies":[{"name":"wp","href":"https:\/\/api.w.org\/{rel}","templated":true}]}}