{"id":7355,"date":"2018-06-19T13:18:00","date_gmt":"2018-06-19T13:18:00","guid":{"rendered":"http:\/\/icom.museum\/?page_id=7355"},"modified":"2018-10-10T09:15:09","modified_gmt":"2018-10-10T09:15:09","slug":"observatorio-internacional-del-trafico-ilicito-de-bienes-culturales","status":"publish","type":"page","link":"https:\/\/icom.museum\/es\/proteccion-del-patrimonio\/observatorio-internacional-del-trafico-ilicito-de-bienes-culturales\/","title":{"rendered":"Observatorio Internacional del Tr\u00e1fico Il\u00edcito de Bienes Culturales"},"content":{"rendered":"<h2>El Observatorio Internacional es una plataforma de cooperaci\u00f3n a escala mundial que comparte informaci\u00f3n y promueve la colaboraci\u00f3n en la lucha contra el tr\u00e1fico il\u00edcito.<\/h2>\n<p><span class=\"link_red\"><a href=\"https:\/\/www.obs-traffic.museum\">Sitio web del Observatorio<\/a><\/span><\/p>\n<div class=\"separator\">\n<p><strong>C\u00f3mo funciona<\/strong><\/p>\n<\/div>\n<p>El Observatorio\u00a0es una herramienta innovadora que act\u00faa como banco de informaci\u00f3n, pues comparte en su p\u00e1gina web biling\u00fce una gran cantidad de recursos relacionados con el tr\u00e1fico il\u00edcito de bienes culturales y los medios para combatirlo. Como el mayor centro dedicado a esta cuesti\u00f3n, concentra y disemina todo tipo de recursos y materiales para el entendimiento p\u00fablico a nivel internacional y para la orientaci\u00f3n pol\u00edtica.<\/p>\n<p>Adem\u00e1s de su potencial para recopilar la informaci\u00f3n esencial en el tema, el Observatorio tambi\u00e9n trabaja como plataforma cooperativa permanente a nivel internacional. Esta refuerza una s\u00f3lida red de socios internacionales, entre ellos: organizaciones internacionales, cuerpos de seguridad, instituciones de investigaci\u00f3n y dem\u00e1s especialistas externos interesados. En este sentido, organiza reuniones anuales destinadas al intercambio de informaci\u00f3n entre los socios principales.<\/p>\n<p>A trav\u00e9s de la colaboraci\u00f3n y la diseminaci\u00f3n de informaci\u00f3n, los principales objetivos del Observatorio son: la mejora de los m\u00e9todos de seguimiento, la recopilaci\u00f3n de datos, la investigaci\u00f3n cient\u00edfica y el fomento de pr\u00e1cticas \u00f3ptimas. Tambi\u00e9n juega un papel importante a la hora de concienciar sobre el tr\u00e1fico il\u00edcito de bienes culturales.<\/p>\n<div class=\"separator\">\n<p><strong>Publicaci\u00f3n<\/strong><\/p>\n<\/div>\n<p>El Observatorio aporta conocimiento y recopila experiencia profesional. La publicaci\u00f3n interdisciplinar <em>Countering Illicit Traffic in Cultural Goods: The Global Challenge of Protecting the World\u2019s Heritage<\/em>\u00a0contribuye al alcance de los objetivos a trav\u00e9s de art\u00edculos realizados por investigadores, acad\u00e9micos, profesionales del museo y del patrimonio, arque\u00f3logos, asesores legales, curadores y periodistas. Asimismo, incluye estudios de casos sobre pa\u00edses espec\u00edficos con el principal objeto de explicar la naturaleza del comercio de antig\u00fcedades, la fuente del tr\u00e1fico y las posibles soluciones.<\/p>\n<p><span class=\"link_blue\"><a href=\"https:\/\/www.obs-traffic.museum\/sites\/default\/files\/ressources\/files\/Book_observatory_illicit_traffic_version%20issuu.pdf\">Publicaci\u00f3n del Observatorio\u00a0<\/a><\/span><\/p>\n<div class=\"separator\">\n<p><strong>Or\u00edgenes del proyecto<\/strong><\/p>\n<\/div>\n<p>El Observatorio Internacional del ICOM sobre el Trafico Il\u00edcito de Bienes Culturales fue puesto en marcha en enero del 2013 a iniciativa del ICOM y con el apoyo financiero del Programa de Prevenci\u00f3n y Lucha contra la Delincuencia de la Direcci\u00f3n General de Asuntos de Interior de la Comisi\u00f3n Europea.<\/p>\n<p>El Observatorio fue concebido de conformidad con el art\u00edculo 17 de la Convenci\u00f3n de la UNESCO de 1970 sobre las medidas que deben adoptarse para prohibir e impedir la importaci\u00f3n, la exportaci\u00f3n y la transferencia de propiedad il\u00edcitas de bienes culturales. Dicho art\u00edculo menciona la posibilidad de que las organizaciones pertinentes realicen estudios sobre el tr\u00e1fico il\u00edcito de propiedad cultural, y pretende iniciar un proceso continuo de amplia labor de investigaci\u00f3n y de informaci\u00f3n.<\/p>\n<p>&nbsp;<\/p>\n<p>&nbsp;<\/p>\n","protected":false},"excerpt":{"rendered":"<p>El Observatorio Internacional es una plataforma de cooperaci\u00f3n a escala mundial que comparte informaci\u00f3n y promueve la colaboraci\u00f3n en la lucha contra el tr\u00e1fico il\u00edcito. Sitio web del Observatorio C\u00f3mo funciona El Observatorio\u00a0es una herramienta innovadora que act\u00faa como banco de informaci\u00f3n, pues comparte en su p\u00e1gina web biling\u00fce una gran cantidad de recursos relacionados [&hellip;]<\/p>\n","protected":false},"author":10,"featured_media":0,"parent":7351,"menu_order":1,"comment_status":"closed","ping_status":"closed","template":"","meta":{"inline_featured_image":false,"footnotes":""},"class_list":["post-7355","page","type-page","status-publish","hentry"],"acf":[],"yoast_head":"<!-- This site is optimized with the Yoast SEO plugin v23.7 - https:\/\/yoast.com\/wordpress\/plugins\/seo\/ -->\n<title>Observatorio Internacional del Tr\u00e1fico Il\u00edcito de Bienes Culturales - International Council of Museums<\/title>\n<meta name=\"robots\" content=\"index, follow, max-snippet:-1, max-image-preview:large, max-video-preview:-1\" \/>\n<link rel=\"canonical\" href=\"https:\/\/icom.museum\/es\/proteccion-del-patrimonio\/observatorio-internacional-del-trafico-ilicito-de-bienes-culturales\/\" \/>\n<meta property=\"og:locale\" content=\"es_ES\" \/>\n<meta property=\"og:type\" content=\"article\" \/>\n<meta property=\"og:title\" content=\"Observatorio Internacional del Tr\u00e1fico Il\u00edcito de Bienes Culturales - International Council of Museums\" \/>\n<meta property=\"og:description\" content=\"El Observatorio Internacional es una plataforma de cooperaci\u00f3n a escala mundial que comparte informaci\u00f3n y promueve la colaboraci\u00f3n en la lucha contra el tr\u00e1fico il\u00edcito. Sitio web del Observatorio C\u00f3mo funciona El Observatorio\u00a0es una herramienta innovadora que act\u00faa como banco de informaci\u00f3n, pues comparte en su p\u00e1gina web biling\u00fce una gran cantidad de recursos relacionados [&hellip;]\" \/>\n<meta property=\"og:url\" content=\"https:\/\/icom.museum\/es\/proteccion-del-patrimonio\/observatorio-internacional-del-trafico-ilicito-de-bienes-culturales\/\" \/>\n<meta property=\"og:site_name\" content=\"International Council of Museums\" \/>\n<meta property=\"article:modified_time\" content=\"2018-10-10T09:15:09+00:00\" \/>\n<meta property=\"og:image\" content=\"https:\/\/icom.museum\/wp-content\/uploads\/2018\/05\/OBSERVATORY.jpg\" \/>\n<meta name=\"twitter:card\" content=\"summary_large_image\" \/>\n<meta name=\"twitter:label1\" content=\"Tiempo de lectura\" \/>\n\t<meta name=\"twitter:data1\" content=\"2 minutos\" \/>\n<script type=\"application\/ld+json\" class=\"yoast-schema-graph\">{\"@context\":\"https:\/\/schema.org\",\"@graph\":[{\"@type\":\"WebPage\",\"@id\":\"https:\/\/icom.museum\/es\/proteccion-del-patrimonio\/observatorio-internacional-del-trafico-ilicito-de-bienes-culturales\/\",\"url\":\"https:\/\/icom.museum\/es\/proteccion-del-patrimonio\/observatorio-internacional-del-trafico-ilicito-de-bienes-culturales\/\",\"name\":\"Observatorio Internacional del Tr\u00e1fico Il\u00edcito de Bienes Culturales - International Council of Museums\",\"isPartOf\":{\"@id\":\"https:\/\/icom.museum\/en\/#website\"},\"datePublished\":\"2018-06-19T13:18:00+00:00\",\"dateModified\":\"2018-10-10T09:15:09+00:00\",\"breadcrumb\":{\"@id\":\"https:\/\/icom.museum\/es\/proteccion-del-patrimonio\/observatorio-internacional-del-trafico-ilicito-de-bienes-culturales\/#breadcrumb\"},\"inLanguage\":\"es\",\"potentialAction\":[{\"@type\":\"ReadAction\",\"target\":[\"https:\/\/icom.museum\/es\/proteccion-del-patrimonio\/observatorio-internacional-del-trafico-ilicito-de-bienes-culturales\/\"]}]},{\"@type\":\"BreadcrumbList\",\"@id\":\"https:\/\/icom.museum\/es\/proteccion-del-patrimonio\/observatorio-internacional-del-trafico-ilicito-de-bienes-culturales\/#breadcrumb\",\"itemListElement\":[{\"@type\":\"ListItem\",\"position\":1,\"name\":\"Home\",\"item\":\"https:\/\/icom.museum\/es\/\"},{\"@type\":\"ListItem\",\"position\":2,\"name\":\"Protecci\u00f3n del patrimonio\",\"item\":\"https:\/\/icom.museum\/es\/proteccion-del-patrimonio\/\"},{\"@type\":\"ListItem\",\"position\":3,\"name\":\"Observatorio Internacional del Tr\u00e1fico Il\u00edcito de Bienes Culturales\"}]},{\"@type\":\"WebSite\",\"@id\":\"https:\/\/icom.museum\/en\/#website\",\"url\":\"https:\/\/icom.museum\/en\/\",\"name\":\"International Council of Museums\",\"description\":\"A global organisation of museums &amp; museum professionals committed to the promotion and protection of cultural heritage\",\"publisher\":{\"@id\":\"https:\/\/icom.museum\/en\/#organization\"},\"potentialAction\":[{\"@type\":\"SearchAction\",\"target\":{\"@type\":\"EntryPoint\",\"urlTemplate\":\"https:\/\/icom.museum\/en\/?s={search_term_string}\"},\"query-input\":{\"@type\":\"PropertyValueSpecification\",\"valueRequired\":true,\"valueName\":\"search_term_string\"}}],\"inLanguage\":\"es\"},{\"@type\":\"Organization\",\"@id\":\"https:\/\/icom.museum\/en\/#organization\",\"name\":\"International Council of Museums\",\"url\":\"https:\/\/icom.museum\/en\/\",\"logo\":{\"@type\":\"ImageObject\",\"inLanguage\":\"es\",\"@id\":\"https:\/\/icom.museum\/en\/#\/schema\/logo\/image\/\",\"url\":\"https:\/\/icom.museum\/wp-content\/uploads\/2018\/07\/ICOM_M_.jpg\",\"contentUrl\":\"https:\/\/icom.museum\/wp-content\/uploads\/2018\/07\/ICOM_M_.jpg\",\"width\":1721,\"height\":1721,\"caption\":\"International Council of Museums\"},\"image\":{\"@id\":\"https:\/\/icom.museum\/en\/#\/schema\/logo\/image\/\"}}]}<\/script>\n<!-- \/ Yoast SEO plugin. -->","yoast_head_json":{"title":"Observatorio Internacional del Tr\u00e1fico Il\u00edcito de Bienes Culturales - International Council of Museums","robots":{"index":"index","follow":"follow","max-snippet":"max-snippet:-1","max-image-preview":"max-image-preview:large","max-video-preview":"max-video-preview:-1"},"canonical":"https:\/\/icom.museum\/es\/proteccion-del-patrimonio\/observatorio-internacional-del-trafico-ilicito-de-bienes-culturales\/","og_locale":"es_ES","og_type":"article","og_title":"Observatorio Internacional del Tr\u00e1fico Il\u00edcito de Bienes Culturales - International Council of Museums","og_description":"El Observatorio Internacional es una plataforma de cooperaci\u00f3n a escala mundial que comparte informaci\u00f3n y promueve la colaboraci\u00f3n en la lucha contra el tr\u00e1fico il\u00edcito. Sitio web del Observatorio C\u00f3mo funciona El Observatorio\u00a0es una herramienta innovadora que act\u00faa como banco de informaci\u00f3n, pues comparte en su p\u00e1gina web biling\u00fce una gran cantidad de recursos relacionados [&hellip;]","og_url":"https:\/\/icom.museum\/es\/proteccion-del-patrimonio\/observatorio-internacional-del-trafico-ilicito-de-bienes-culturales\/","og_site_name":"International Council of Museums","article_modified_time":"2018-10-10T09:15:09+00:00","og_image":[{"url":"https:\/\/icom.museum\/wp-content\/uploads\/2018\/05\/OBSERVATORY.jpg"}],"twitter_card":"summary_large_image","twitter_misc":{"Tiempo de lectura":"2 minutos"},"schema":{"@context":"https:\/\/schema.org","@graph":[{"@type":"WebPage","@id":"https:\/\/icom.museum\/es\/proteccion-del-patrimonio\/observatorio-internacional-del-trafico-ilicito-de-bienes-culturales\/","url":"https:\/\/icom.museum\/es\/proteccion-del-patrimonio\/observatorio-internacional-del-trafico-ilicito-de-bienes-culturales\/","name":"Observatorio Internacional del Tr\u00e1fico Il\u00edcito de Bienes Culturales - International Council of Museums","isPartOf":{"@id":"https:\/\/icom.museum\/en\/#website"},"datePublished":"2018-06-19T13:18:00+00:00","dateModified":"2018-10-10T09:15:09+00:00","breadcrumb":{"@id":"https:\/\/icom.museum\/es\/proteccion-del-patrimonio\/observatorio-internacional-del-trafico-ilicito-de-bienes-culturales\/#breadcrumb"},"inLanguage":"es","potentialAction":[{"@type":"ReadAction","target":["https:\/\/icom.museum\/es\/proteccion-del-patrimonio\/observatorio-internacional-del-trafico-ilicito-de-bienes-culturales\/"]}]},{"@type":"BreadcrumbList","@id":"https:\/\/icom.museum\/es\/proteccion-del-patrimonio\/observatorio-internacional-del-trafico-ilicito-de-bienes-culturales\/#breadcrumb","itemListElement":[{"@type":"ListItem","position":1,"name":"Home","item":"https:\/\/icom.museum\/es\/"},{"@type":"ListItem","position":2,"name":"Protecci\u00f3n del patrimonio","item":"https:\/\/icom.museum\/es\/proteccion-del-patrimonio\/"},{"@type":"ListItem","position":3,"name":"Observatorio Internacional del Tr\u00e1fico Il\u00edcito de Bienes Culturales"}]},{"@type":"WebSite","@id":"https:\/\/icom.museum\/en\/#website","url":"https:\/\/icom.museum\/en\/","name":"International Council of Museums","description":"A global organisation of museums &amp; museum professionals committed to the promotion and protection of cultural heritage","publisher":{"@id":"https:\/\/icom.museum\/en\/#organization"},"potentialAction":[{"@type":"SearchAction","target":{"@type":"EntryPoint","urlTemplate":"https:\/\/icom.museum\/en\/?s={search_term_string}"},"query-input":{"@type":"PropertyValueSpecification","valueRequired":true,"valueName":"search_term_string"}}],"inLanguage":"es"},{"@type":"Organization","@id":"https:\/\/icom.museum\/en\/#organization","name":"International Council of Museums","url":"https:\/\/icom.museum\/en\/","logo":{"@type":"ImageObject","inLanguage":"es","@id":"https:\/\/icom.museum\/en\/#\/schema\/logo\/image\/","url":"https:\/\/icom.museum\/wp-content\/uploads\/2018\/07\/ICOM_M_.jpg","contentUrl":"https:\/\/icom.museum\/wp-content\/uploads\/2018\/07\/ICOM_M_.jpg","width":1721,"height":1721,"caption":"International Council of Museums"},"image":{"@id":"https:\/\/icom.museum\/en\/#\/schema\/logo\/image\/"}}]}},"_links":{"self":[{"href":"https:\/\/icom.museum\/es\/wp-json\/wp\/v2\/pages\/7355"}],"collection":[{"href":"https:\/\/icom.museum\/es\/wp-json\/wp\/v2\/pages"}],"about":[{"href":"https:\/\/icom.museum\/es\/wp-json\/wp\/v2\/types\/page"}],"author":[{"embeddable":true,"href":"https:\/\/icom.museum\/es\/wp-json\/wp\/v2\/users\/10"}],"replies":[{"embeddable":true,"href":"https:\/\/icom.museum\/es\/wp-json\/wp\/v2\/comments?post=7355"}],"version-history":[{"count":11,"href":"https:\/\/icom.museum\/es\/wp-json\/wp\/v2\/pages\/7355\/revisions"}],"predecessor-version":[{"id":27252,"href":"https:\/\/icom.museum\/es\/wp-json\/wp\/v2\/pages\/7355\/revisions\/27252"}],"up":[{"embeddable":true,"href":"https:\/\/icom.museum\/es\/wp-json\/wp\/v2\/pages\/7351"}],"wp:attachment":[{"href":"https:\/\/icom.museum\/es\/wp-json\/wp\/v2\/media?parent=7355"}],"curies":[{"name":"wp","href":"https:\/\/api.w.org\/{rel}","templated":true}]}}