{"id":7363,"date":"2018-06-19T13:20:28","date_gmt":"2018-06-19T13:20:28","guid":{"rendered":"http:\/\/icom.museum\/?page_id=7363"},"modified":"2023-01-04T14:57:23","modified_gmt":"2023-01-04T12:57:23","slug":"publicaciones","status":"publish","type":"page","link":"https:\/\/icom.museum\/es\/publicaciones\/","title":{"rendered":"Publicaciones"},"content":{"rendered":"<h2>Las publicaciones del ICOM aportan una plataforma para el desarrollo de experiencia y de conocimientos en el \u00e1mbito museal. Estas incluyen una revista arbitrada y una serie de libros de investigaci\u00f3n. Los Comit\u00e9s tambi\u00e9n publican a menudo revistas, libros y newsletters, entre otros.<\/h2>\n<div class=\"separator\">\n<p><strong>Museum International<\/strong><\/p>\n<\/div>\n<p><em>Museum International<\/em>\u00a0es la revista arbitrada del ICOM que, a nivel internacional, contribuye al di\u00e1logo entre expertos en el \u00e1mbito de los museos y del patrimonio. Su objetivo es favorecer el intercambio de conocimientos y estimular el debate a trav\u00e9s de la investigaci\u00f3n interdisciplinaria y de la definici\u00f3n de buenas pr\u00e1cticas \u00f3ptimas para la protecci\u00f3n del patrimonio en un mundo cambiante.<\/p>\n<p><span class=\"link_red\"><a href=\"https:\/\/www.tandfonline.com\/toc\/rmil20\/current\">\u00a0Encuentre <span id=\"result_box\" class=\"short_text\" lang=\"es\">el \u00faltimo num\u00e9ro y el archivo de <\/span><em>Museum International<\/em><\/a><\/span><\/p>\n<p><span class=\"link_blue\"><a href=\"http:\/\/icom.museum\/en\/member\/submit-a-contribution\/\">Env\u00ede su contribucion desde su panel de control<\/a><\/span><\/p>\n<p><span class=\"link_yellow\"><a href=\"https:\/\/icom.museum\/wp-content\/uploads\/2021\/03\/VF_MI_issues_2021_ES.pdf\">Pedir Museum International<\/a><\/span><\/p>\n<div class=\"separator\">\n<p><strong>Diccionario de museolog\u00eda<\/strong><\/p>\n<\/div>\n<p>Esta publicaci\u00f3n de referencia (edici\u00f3n en franc\u00e9s) es publicado en conjunto por Armand Colin (Dunod) y el ICOM, bajo la direcci\u00f3n de Fran\u00e7ois Mairesse.<br \/>\nAbarca las \u00e1reas de la museolog\u00eda, la exhibici\u00f3n, los m\u00e9todos de investigaci\u00f3n, la gesti\u00f3n de colecciones y la conservaci\u00f3n\/restauraci\u00f3n, la educaci\u00f3n muse\u00edstica y la mediaci\u00f3n, la gesti\u00f3n\/marketing, la historia y el an\u00e1lisis cr\u00edtico del museo.<br \/>\nFruto de varios a\u00f1os de investigaci\u00f3n, en los que se ha reunido un equipo de expertos y autores internacionales, con m\u00e1s de 1.200 entradas, el Diccionario de Museolog\u00eda define, analiza y pone en perspectiva todos los t\u00e9rminos utilizados en el \u00e1mbito muse\u00edstico, desde los m\u00e1s acad\u00e9micos (exposici\u00f3n, artefacto, patrimonio inmaterial, gabinete de curiosidades) hasta los m\u00e1s innovadores (NFT, puntos de memoria, cibermuseo\u2026).<br \/>\nLos miembros del ICOM reciben un 30% de descuento. Si usted est\u00e1 interesado, contacte al departamento de publicaciones: publications@icom.museum<\/p>\n<p>La edici\u00f3n en ingl\u00e9s del Diccionario de Museolog\u00eda se publicar\u00e1 en primavera de 2023.<\/p>\n<div class=\"separator\">\n<p><strong>Avances del ICOM en la investigaci\u00f3n muse\u00edstica<\/strong><\/p>\n<\/div>\n<p>Esta serie monogr\u00e1fica editada por el ICOM en colaboraci\u00f3n con el editor acad\u00e9mico Routledge, se sirve de la experiencia de la red mundial de profesionales muse\u00edsticos del ICOM, que abarca una amplia gama de disciplinas relacionadas con los museos y el patrimonio. El enfoque de perspectivas m\u00faltiples de esta serie monogr\u00e1fica, que contempla tanto la teor\u00eda como la pr\u00e1ctica, es relevante para acad\u00e9micos, investigadores y estudiantes de museolog\u00eda. El primer libro de la colecci\u00f3n, The Future of Natural History Museums, fue publicado en 2017.<\/p>\n<p><span class=\"link_yellow\"><a href=\"https:\/\/www.routledge.com\/The-Future-of-Natural-History-Museums\/Dorfman\/p\/book\/9781138692633\">\u00a0M\u00e1s informaci\u00f3n sobre\u00a0<em>The Future of Natural History Museums<\/em><\/a><\/span><\/p>\n<div class=\"separator\">\n<p><strong>Conceptos claves de museolog\u00eda<\/strong><\/p>\n<\/div>\n<p>Conceptos claves de museolog\u00eda es un recurso de referencia elaborado por el Comit\u00e9 Internacional para la Museolog\u00eda del ICOM (ICOFOM), que ofrece los profesionales de los museos de todo el mundo un lenguaje com\u00fan, pues presenta 21 conceptos fundamentales de museolog\u00eda. Conceptos claves de museolog\u00eda puede encontrarse en 11 idiomas:<\/p>\n<ul>\n<li><a href=\"https:\/\/icom.museum\/wp-content\/uploads\/2022\/02\/Key_concepts_EN.pdf\">Key Concepts of Museology<\/a><\/li>\n<li><a href=\"https:\/\/icom.museum\/wp-content\/uploads\/2022\/02\/Concepts-Cles_FR.pdf\">Concepts cl\u00e9s de mus\u00e9ologie<\/a><\/li>\n<li><a href=\"https:\/\/icom.museum\/wp-content\/uploads\/2022\/02\/Conceptos_claves_ES.pdf\">Conceptos claves de museolog\u00eda<\/a><\/li>\n<li><a href=\"https:\/\/icom.museum\/wp-content\/uploads\/2022\/02\/Key_concepts_RU.pdf\">\u041a\u043b\u044e\u0447\u0435\u0432\u044b\u0435 \u043f\u043e\u043d\u044f\u0442\u0438\u044f \u043c\u0443\u0437\u0435\u043e\u043b\u043e\u0433\u0438\u0438<\/a><\/li>\n<li><a href=\"https:\/\/icom.museum\/wp-content\/uploads\/2022\/02\/Muzeologijas_pamatjedzieni_LV.pdf\">Muzeolo\u0123ijas Pamatj\u0113dzieni<\/a><\/li>\n<li><a href=\"https:\/\/icom.museum\/wp-content\/uploads\/2022\/02\/Conceitos-Chave_POR_BR.pdf\">Conceitos-chave de museologia<\/a><\/li>\n<li><a href=\"https:\/\/icom.museum\/wp-content\/uploads\/2022\/02\/Key_concepts_GR.pdf\">\u0392\u03b1\u03c3\u03b9\u03ba\u03ad\u03c2 \u0388\u03bd\u03bd\u03bf\u03b9\u03b5\u03c2 \u03c4\u03b7\u03c2 M\u03bf\u03c5\u03c3\u03b5\u03b9\u03bf\u03bb\u03bf\u03b3\u03af\u03b1\u03c2<\/a><\/li>\n<li><a href=\"https:\/\/icom.museum\/wp-content\/uploads\/2022\/02\/Key-Concepts-of-Museology_jp.pdf\">\u535a\u7269\u9928\u5b66\u306e\u30ad\u30fc\u30b3\u30f3\u30bb\u30d7\u30c8<\/a><\/li>\n<li><a href=\"https:\/\/icom.museum\/wp-content\/uploads\/2022\/02\/Key_concepts_2016_IT.pdf\">Concetti chiave di museologia<\/a><\/li>\n<li><a href=\"https:\/\/icom.museum\/wp-content\/uploads\/2022\/02\/Museoloogia_pohimoisted_EE.pdf\">Museoloogia p\u00f5him\u00f5isted<\/a><\/li>\n<li><a href=\"https:\/\/icom.museum\/wp-content\/uploads\/2022\/02\/Key_Concepts_VIE.pdf\">C\u00e1c kh\u00e1i ni\u1ec7m c\u01a1 b\u1ea3n v\u1ec1 b\u1ea3o t\u00e0ng h\u1ecdc<\/a><\/li>\n<\/ul>\n<div class=\"separator\">\n<p><strong>Manual de edici\u00f3n<\/strong><\/p>\n<\/div>\n<p>El Manual de edici\u00f3n del ICOM (ICOM Publishing Manual) fue elaborado para apoyar a los comit\u00e9s del ICOM en el fomento de sus actividades editoriales. El Manual de edici\u00f3n del ICOM ofrece directrices pr\u00e1cticas en cada paso del proceso de publicaci\u00f3n, abordando tanto las publicaciones impresas como las digitales, as\u00ed como todos los formatos: desde el bolet\u00edn electr\u00f3nico hasta las series de libros. El manual se actualizar\u00e1 de manera regular.<\/p>\n<p><span class=\"link_blue\"><a href=\"mailto:publications@icom.museum\">Contacto con el departamiento de publicaciones<\/a><\/span><\/p>\n<div class=\"separator\">\n<p><strong>Cat\u00e1logo de las publicaciones del ICOM<\/strong><\/p>\n<\/div>\n<p>En 2018, el ICOM public\u00f3 un primer cat\u00e1logo que presentaba las publicaciones elaboradas por la Secretar\u00eda, como la revista Museum Internacional, las herramientas de referencia y las obras colectivas.<br \/>\nEn 2019, un segundo cat\u00e1logo incluy\u00f3 las publicaciones de los comit\u00e9s del ICOM y las alianzas regionales.<\/p>\n<p>Los libros, revistas y otros documentos publicados desde 2019 por la Secretar\u00eda y la red del ICOM est\u00e1n registrados en la Biblioteca en l\u00ednea. La lista completa de cada a\u00f1o se puede encontrar f\u00e1cilmente rellenando el espacio de b\u00fasqueda libre de la siguiente manera: ICOM + a\u00f1o (ICOM 2022, ICOM 2019&#8230;)<\/p>\n","protected":false},"excerpt":{"rendered":"<p>Las publicaciones del ICOM aportan una plataforma para el desarrollo de experiencia y de conocimientos en el \u00e1mbito museal. Estas incluyen una revista arbitrada y una serie de libros de investigaci\u00f3n. Los Comit\u00e9s tambi\u00e9n publican a menudo revistas, libros y newsletters, entre otros. Museum International Museum International\u00a0es la revista arbitrada del ICOM que, a nivel [&hellip;]<\/p>\n","protected":false},"author":10,"featured_media":0,"parent":0,"menu_order":0,"comment_status":"closed","ping_status":"closed","template":"","meta":{"inline_featured_image":false,"footnotes":""},"class_list":["post-7363","page","type-page","status-publish","hentry"],"acf":[],"yoast_head":"<!-- This site is optimized with the Yoast SEO plugin v23.7 - https:\/\/yoast.com\/wordpress\/plugins\/seo\/ -->\n<title>Publicaciones - International Council of Museums<\/title>\n<meta name=\"robots\" content=\"index, follow, max-snippet:-1, max-image-preview:large, max-video-preview:-1\" \/>\n<link rel=\"canonical\" href=\"https:\/\/icom.museum\/es\/publicaciones\/\" \/>\n<meta property=\"og:locale\" content=\"es_ES\" \/>\n<meta property=\"og:type\" content=\"article\" \/>\n<meta property=\"og:title\" content=\"Publicaciones - International Council of Museums\" \/>\n<meta property=\"og:description\" content=\"Las publicaciones del ICOM aportan una plataforma para el desarrollo de experiencia y de conocimientos en el \u00e1mbito museal. Estas incluyen una revista arbitrada y una serie de libros de investigaci\u00f3n. Los Comit\u00e9s tambi\u00e9n publican a menudo revistas, libros y newsletters, entre otros. Museum International Museum International\u00a0es la revista arbitrada del ICOM que, a nivel [&hellip;]\" \/>\n<meta property=\"og:url\" content=\"https:\/\/icom.museum\/es\/publicaciones\/\" \/>\n<meta property=\"og:site_name\" content=\"International Council of Museums\" \/>\n<meta property=\"article:modified_time\" content=\"2023-01-04T12:57:23+00:00\" \/>\n<meta name=\"twitter:card\" content=\"summary_large_image\" \/>\n<meta name=\"twitter:label1\" content=\"Tiempo de lectura\" \/>\n\t<meta name=\"twitter:data1\" content=\"3 minutos\" \/>\n<script type=\"application\/ld+json\" class=\"yoast-schema-graph\">{\"@context\":\"https:\/\/schema.org\",\"@graph\":[{\"@type\":\"WebPage\",\"@id\":\"https:\/\/icom.museum\/es\/publicaciones\/\",\"url\":\"https:\/\/icom.museum\/es\/publicaciones\/\",\"name\":\"Publicaciones - International Council of Museums\",\"isPartOf\":{\"@id\":\"https:\/\/icom.museum\/en\/#website\"},\"datePublished\":\"2018-06-19T13:20:28+00:00\",\"dateModified\":\"2023-01-04T12:57:23+00:00\",\"breadcrumb\":{\"@id\":\"https:\/\/icom.museum\/es\/publicaciones\/#breadcrumb\"},\"inLanguage\":\"es\",\"potentialAction\":[{\"@type\":\"ReadAction\",\"target\":[\"https:\/\/icom.museum\/es\/publicaciones\/\"]}]},{\"@type\":\"BreadcrumbList\",\"@id\":\"https:\/\/icom.museum\/es\/publicaciones\/#breadcrumb\",\"itemListElement\":[{\"@type\":\"ListItem\",\"position\":1,\"name\":\"Home\",\"item\":\"https:\/\/icom.museum\/es\/\"},{\"@type\":\"ListItem\",\"position\":2,\"name\":\"Publicaciones\"}]},{\"@type\":\"WebSite\",\"@id\":\"https:\/\/icom.museum\/en\/#website\",\"url\":\"https:\/\/icom.museum\/en\/\",\"name\":\"International Council of Museums\",\"description\":\"A global organisation of museums &amp; museum professionals committed to the promotion and protection of cultural heritage\",\"publisher\":{\"@id\":\"https:\/\/icom.museum\/en\/#organization\"},\"potentialAction\":[{\"@type\":\"SearchAction\",\"target\":{\"@type\":\"EntryPoint\",\"urlTemplate\":\"https:\/\/icom.museum\/en\/?s={search_term_string}\"},\"query-input\":{\"@type\":\"PropertyValueSpecification\",\"valueRequired\":true,\"valueName\":\"search_term_string\"}}],\"inLanguage\":\"es\"},{\"@type\":\"Organization\",\"@id\":\"https:\/\/icom.museum\/en\/#organization\",\"name\":\"International Council of Museums\",\"url\":\"https:\/\/icom.museum\/en\/\",\"logo\":{\"@type\":\"ImageObject\",\"inLanguage\":\"es\",\"@id\":\"https:\/\/icom.museum\/en\/#\/schema\/logo\/image\/\",\"url\":\"https:\/\/icom.museum\/wp-content\/uploads\/2018\/07\/ICOM_M_.jpg\",\"contentUrl\":\"https:\/\/icom.museum\/wp-content\/uploads\/2018\/07\/ICOM_M_.jpg\",\"width\":1721,\"height\":1721,\"caption\":\"International Council of Museums\"},\"image\":{\"@id\":\"https:\/\/icom.museum\/en\/#\/schema\/logo\/image\/\"}}]}<\/script>\n<!-- \/ Yoast SEO plugin. -->","yoast_head_json":{"title":"Publicaciones - International Council of Museums","robots":{"index":"index","follow":"follow","max-snippet":"max-snippet:-1","max-image-preview":"max-image-preview:large","max-video-preview":"max-video-preview:-1"},"canonical":"https:\/\/icom.museum\/es\/publicaciones\/","og_locale":"es_ES","og_type":"article","og_title":"Publicaciones - International Council of Museums","og_description":"Las publicaciones del ICOM aportan una plataforma para el desarrollo de experiencia y de conocimientos en el \u00e1mbito museal. Estas incluyen una revista arbitrada y una serie de libros de investigaci\u00f3n. Los Comit\u00e9s tambi\u00e9n publican a menudo revistas, libros y newsletters, entre otros. Museum International Museum International\u00a0es la revista arbitrada del ICOM que, a nivel [&hellip;]","og_url":"https:\/\/icom.museum\/es\/publicaciones\/","og_site_name":"International Council of Museums","article_modified_time":"2023-01-04T12:57:23+00:00","twitter_card":"summary_large_image","twitter_misc":{"Tiempo de lectura":"3 minutos"},"schema":{"@context":"https:\/\/schema.org","@graph":[{"@type":"WebPage","@id":"https:\/\/icom.museum\/es\/publicaciones\/","url":"https:\/\/icom.museum\/es\/publicaciones\/","name":"Publicaciones - International Council of Museums","isPartOf":{"@id":"https:\/\/icom.museum\/en\/#website"},"datePublished":"2018-06-19T13:20:28+00:00","dateModified":"2023-01-04T12:57:23+00:00","breadcrumb":{"@id":"https:\/\/icom.museum\/es\/publicaciones\/#breadcrumb"},"inLanguage":"es","potentialAction":[{"@type":"ReadAction","target":["https:\/\/icom.museum\/es\/publicaciones\/"]}]},{"@type":"BreadcrumbList","@id":"https:\/\/icom.museum\/es\/publicaciones\/#breadcrumb","itemListElement":[{"@type":"ListItem","position":1,"name":"Home","item":"https:\/\/icom.museum\/es\/"},{"@type":"ListItem","position":2,"name":"Publicaciones"}]},{"@type":"WebSite","@id":"https:\/\/icom.museum\/en\/#website","url":"https:\/\/icom.museum\/en\/","name":"International Council of Museums","description":"A global organisation of museums &amp; museum professionals committed to the promotion and protection of cultural heritage","publisher":{"@id":"https:\/\/icom.museum\/en\/#organization"},"potentialAction":[{"@type":"SearchAction","target":{"@type":"EntryPoint","urlTemplate":"https:\/\/icom.museum\/en\/?s={search_term_string}"},"query-input":{"@type":"PropertyValueSpecification","valueRequired":true,"valueName":"search_term_string"}}],"inLanguage":"es"},{"@type":"Organization","@id":"https:\/\/icom.museum\/en\/#organization","name":"International Council of Museums","url":"https:\/\/icom.museum\/en\/","logo":{"@type":"ImageObject","inLanguage":"es","@id":"https:\/\/icom.museum\/en\/#\/schema\/logo\/image\/","url":"https:\/\/icom.museum\/wp-content\/uploads\/2018\/07\/ICOM_M_.jpg","contentUrl":"https:\/\/icom.museum\/wp-content\/uploads\/2018\/07\/ICOM_M_.jpg","width":1721,"height":1721,"caption":"International Council of Museums"},"image":{"@id":"https:\/\/icom.museum\/en\/#\/schema\/logo\/image\/"}}]}},"_links":{"self":[{"href":"https:\/\/icom.museum\/es\/wp-json\/wp\/v2\/pages\/7363"}],"collection":[{"href":"https:\/\/icom.museum\/es\/wp-json\/wp\/v2\/pages"}],"about":[{"href":"https:\/\/icom.museum\/es\/wp-json\/wp\/v2\/types\/page"}],"author":[{"embeddable":true,"href":"https:\/\/icom.museum\/es\/wp-json\/wp\/v2\/users\/10"}],"replies":[{"embeddable":true,"href":"https:\/\/icom.museum\/es\/wp-json\/wp\/v2\/comments?post=7363"}],"version-history":[{"count":25,"href":"https:\/\/icom.museum\/es\/wp-json\/wp\/v2\/pages\/7363\/revisions"}],"predecessor-version":[{"id":51918,"href":"https:\/\/icom.museum\/es\/wp-json\/wp\/v2\/pages\/7363\/revisions\/51918"}],"wp:attachment":[{"href":"https:\/\/icom.museum\/es\/wp-json\/wp\/v2\/media?parent=7363"}],"curies":[{"name":"wp","href":"https:\/\/api.w.org\/{rel}","templated":true}]}}