{"id":7367,"date":"2018-06-19T13:22:42","date_gmt":"2018-06-19T13:22:42","guid":{"rendered":"http:\/\/icom.museum\/?page_id=7367"},"modified":"2023-05-30T15:59:45","modified_gmt":"2023-05-30T13:59:45","slug":"centro-de-informacion-del-icom","status":"publish","type":"page","link":"https:\/\/icom.museum\/es\/investigacion-y-desarrollo\/centro-de-informacion-del-icom\/","title":{"rendered":"Centro de Informaci\u00f3n del ICOM"},"content":{"rendered":"<h2>Creado en 1948, el Centro de Documentaci\u00f3n del ICOM est\u00e1 gestionado por la Secretar\u00eda.<\/h2>\n<div class=\"separator\">\n<p><strong>Colecciones conservadas en la sede del ICOM<\/strong><\/p>\n<\/div>\n<p>Las publicaciones del ICOM, sus Comit\u00e9s y Alianzas Regionales se conservan en la sede. Adem\u00e1s, el centro cuenta con una colecci\u00f3n de legislaci\u00f3n nacional relativa a la protecci\u00f3n del patrimonio cultural, directorios de museos nacionales e internacionales, publicaciones e informes sobre el tr\u00e1fico il\u00edcito y sobre el patrimonio en peligro en situaciones de emergencia.<\/p>\n<p>M\u00e1s de <strong>44.000 referencias<\/strong> est\u00e1n indexadas en la biblioteca en l\u00ednea del ICOM.<\/p>\n<p>Los archivos de la secretar\u00eda y parte de los archivos de los comit\u00e9s internacionales tambi\u00e9n se conservan en la sede del ICOM. La base de datos del archivo es accesible en l\u00ednea para los miembros a trav\u00e9s del <strong>\u00e1rea de miembros<\/strong>.<\/p>\n<p><strong>Acceso al Centro de Informaci\u00f3n Museol\u00f3gica del ICOM<\/strong><\/p>\n<p>El Centro est\u00e1 situado en el 15 rue Lasson &#8211; 75012 Par\u00eds. Est\u00e1 abierto a los miembros del ICOM, investigadores y estudiantes con cita previa.<\/p>\n<p><span class=\"btn link_blue\"><a href=\"mailto:elisabeth.jani@icom.museum\">Para solicitar una cita, contacte con la Documentalista del Centro<\/a><\/span><\/p>\n<div class=\"separator\">\n<p><strong>Colecciones desplazadas<\/strong><\/p>\n<\/div>\n<p>En 1995, la colecci\u00f3n de monograf\u00edas y publicaciones peri\u00f3dicas sobre museolog\u00eda, museograf\u00eda y conservaci\u00f3n, as\u00ed como la colecci\u00f3n de cat\u00e1logos de museos, se transfiri\u00f3 en dep\u00f3sito a la Unidad de Documentaci\u00f3n del Servicio de Museos de Francia de la Direcci\u00f3n General de Patrimonio. En 2022, esta colecci\u00f3n se traslad\u00f3 de nuevo. Ahora se encuentra en el <a href=\"https:\/\/www.louvre.fr\/recherche-et-conservation\/sources-et-ressources\/centre-d-etudes-et-de-documentation-centre-dominique-vivant-denon\">Centre d&#8217;\u00e9tudes et de documentation du Centre Dominique-Vivant Denon<\/a>, situado en el ala sur de la Cour Carr\u00e9e del Museo del Louvre (con cita previa).<\/p>\n<p><span class=\"btn link_yellow\"><a href=\"http:\/\/capadoce.ext.culture.fr\/\">Cat\u00e1logo de la Unidad de Documentaci\u00f3n<\/a><\/span><\/p>\n<p><span class=\"btn link_red\"><a href=\"mailto:doc-mf.dgpat@culture.gouv.fr\">Enviar un email<\/a><\/span><\/p>\n<p>En 1994, una importante colecci\u00f3n de cat\u00e1logos de exposiciones fue transferida a la biblioteca de la \u00c9cole nationale sup\u00e9rieure des beaux-arts (ENSBA). Para m\u00e1s informaci\u00f3n, p\u00f3ngase en contacto con ellos por correo electr\u00f3nico o por tel\u00e9fono en el +33 (0)1 47 03 50 82.<\/p>\n<p><span class=\"btn link_yellow\"><a href=\"http:\/\/www.ensba.fr\/aloes\/opacwebaloes\/\">Cat\u00e1logo de la Biblioteca ENSBA<\/a><\/span><\/p>\n<p><span class=\"btn link_blue link_red\"><a href=\"mailto:consultation-collections@beauxartsparis.fr\">Enviar un email<\/a><\/span><\/p>\n","protected":false},"excerpt":{"rendered":"<p>Creado en 1948, el Centro de Documentaci\u00f3n del ICOM est\u00e1 gestionado por la Secretar\u00eda. Colecciones conservadas en la sede del ICOM Las publicaciones del ICOM, sus Comit\u00e9s y Alianzas Regionales se conservan en la sede. Adem\u00e1s, el centro cuenta con una colecci\u00f3n de legislaci\u00f3n nacional relativa a la protecci\u00f3n del patrimonio cultural, directorios de museos [&hellip;]<\/p>\n","protected":false},"author":10,"featured_media":0,"parent":7361,"menu_order":2,"comment_status":"closed","ping_status":"closed","template":"","meta":{"inline_featured_image":false,"footnotes":""},"class_list":["post-7367","page","type-page","status-publish","hentry"],"acf":[],"yoast_head":"<!-- This site is optimized with the Yoast SEO plugin v23.7 - https:\/\/yoast.com\/wordpress\/plugins\/seo\/ -->\n<title>Centro de Informaci\u00f3n del ICOM - International Council of Museums<\/title>\n<meta name=\"robots\" content=\"index, follow, max-snippet:-1, max-image-preview:large, max-video-preview:-1\" \/>\n<link rel=\"canonical\" href=\"https:\/\/icom.museum\/es\/investigacion-y-desarrollo\/centro-de-informacion-del-icom\/\" \/>\n<meta property=\"og:locale\" content=\"es_ES\" \/>\n<meta property=\"og:type\" content=\"article\" \/>\n<meta property=\"og:title\" content=\"Centro de Informaci\u00f3n del ICOM - International Council of Museums\" \/>\n<meta property=\"og:description\" content=\"Creado en 1948, el Centro de Documentaci\u00f3n del ICOM est\u00e1 gestionado por la Secretar\u00eda. Colecciones conservadas en la sede del ICOM Las publicaciones del ICOM, sus Comit\u00e9s y Alianzas Regionales se conservan en la sede. Adem\u00e1s, el centro cuenta con una colecci\u00f3n de legislaci\u00f3n nacional relativa a la protecci\u00f3n del patrimonio cultural, directorios de museos [&hellip;]\" \/>\n<meta property=\"og:url\" content=\"https:\/\/icom.museum\/es\/investigacion-y-desarrollo\/centro-de-informacion-del-icom\/\" \/>\n<meta property=\"og:site_name\" content=\"International Council of Museums\" \/>\n<meta property=\"article:modified_time\" content=\"2023-05-30T13:59:45+00:00\" \/>\n<meta property=\"og:image\" content=\"https:\/\/icom.museum\/wp-content\/uploads\/2018\/05\/MG_Conceitos3-1.jpg\" \/>\n<meta name=\"twitter:card\" content=\"summary_large_image\" \/>\n<meta name=\"twitter:label1\" content=\"Tiempo de lectura\" \/>\n\t<meta name=\"twitter:data1\" content=\"2 minutos\" \/>\n<script type=\"application\/ld+json\" class=\"yoast-schema-graph\">{\"@context\":\"https:\/\/schema.org\",\"@graph\":[{\"@type\":\"WebPage\",\"@id\":\"https:\/\/icom.museum\/es\/investigacion-y-desarrollo\/centro-de-informacion-del-icom\/\",\"url\":\"https:\/\/icom.museum\/es\/investigacion-y-desarrollo\/centro-de-informacion-del-icom\/\",\"name\":\"Centro de Informaci\u00f3n del ICOM - International Council of Museums\",\"isPartOf\":{\"@id\":\"https:\/\/icom.museum\/en\/#website\"},\"datePublished\":\"2018-06-19T13:22:42+00:00\",\"dateModified\":\"2023-05-30T13:59:45+00:00\",\"breadcrumb\":{\"@id\":\"https:\/\/icom.museum\/es\/investigacion-y-desarrollo\/centro-de-informacion-del-icom\/#breadcrumb\"},\"inLanguage\":\"es\",\"potentialAction\":[{\"@type\":\"ReadAction\",\"target\":[\"https:\/\/icom.museum\/es\/investigacion-y-desarrollo\/centro-de-informacion-del-icom\/\"]}]},{\"@type\":\"BreadcrumbList\",\"@id\":\"https:\/\/icom.museum\/es\/investigacion-y-desarrollo\/centro-de-informacion-del-icom\/#breadcrumb\",\"itemListElement\":[{\"@type\":\"ListItem\",\"position\":1,\"name\":\"Home\",\"item\":\"https:\/\/icom.museum\/es\/\"},{\"@type\":\"ListItem\",\"position\":2,\"name\":\"Investigaci\u00f3n y desarrollo\",\"item\":\"https:\/\/icom.museum\/es\/nuestras-acciones\/investigacion-y-desarrollo\/\"},{\"@type\":\"ListItem\",\"position\":3,\"name\":\"Centro de Informaci\u00f3n del ICOM\"}]},{\"@type\":\"WebSite\",\"@id\":\"https:\/\/icom.museum\/en\/#website\",\"url\":\"https:\/\/icom.museum\/en\/\",\"name\":\"International Council of Museums\",\"description\":\"A global organisation of museums &amp; museum professionals committed to the promotion and protection of cultural heritage\",\"publisher\":{\"@id\":\"https:\/\/icom.museum\/en\/#organization\"},\"potentialAction\":[{\"@type\":\"SearchAction\",\"target\":{\"@type\":\"EntryPoint\",\"urlTemplate\":\"https:\/\/icom.museum\/en\/?s={search_term_string}\"},\"query-input\":{\"@type\":\"PropertyValueSpecification\",\"valueRequired\":true,\"valueName\":\"search_term_string\"}}],\"inLanguage\":\"es\"},{\"@type\":\"Organization\",\"@id\":\"https:\/\/icom.museum\/en\/#organization\",\"name\":\"International Council of Museums\",\"url\":\"https:\/\/icom.museum\/en\/\",\"logo\":{\"@type\":\"ImageObject\",\"inLanguage\":\"es\",\"@id\":\"https:\/\/icom.museum\/en\/#\/schema\/logo\/image\/\",\"url\":\"https:\/\/icom.museum\/wp-content\/uploads\/2018\/07\/ICOM_M_.jpg\",\"contentUrl\":\"https:\/\/icom.museum\/wp-content\/uploads\/2018\/07\/ICOM_M_.jpg\",\"width\":1721,\"height\":1721,\"caption\":\"International Council of Museums\"},\"image\":{\"@id\":\"https:\/\/icom.museum\/en\/#\/schema\/logo\/image\/\"}}]}<\/script>\n<!-- \/ Yoast SEO plugin. -->","yoast_head_json":{"title":"Centro de Informaci\u00f3n del ICOM - International Council of Museums","robots":{"index":"index","follow":"follow","max-snippet":"max-snippet:-1","max-image-preview":"max-image-preview:large","max-video-preview":"max-video-preview:-1"},"canonical":"https:\/\/icom.museum\/es\/investigacion-y-desarrollo\/centro-de-informacion-del-icom\/","og_locale":"es_ES","og_type":"article","og_title":"Centro de Informaci\u00f3n del ICOM - International Council of Museums","og_description":"Creado en 1948, el Centro de Documentaci\u00f3n del ICOM est\u00e1 gestionado por la Secretar\u00eda. Colecciones conservadas en la sede del ICOM Las publicaciones del ICOM, sus Comit\u00e9s y Alianzas Regionales se conservan en la sede. Adem\u00e1s, el centro cuenta con una colecci\u00f3n de legislaci\u00f3n nacional relativa a la protecci\u00f3n del patrimonio cultural, directorios de museos [&hellip;]","og_url":"https:\/\/icom.museum\/es\/investigacion-y-desarrollo\/centro-de-informacion-del-icom\/","og_site_name":"International Council of Museums","article_modified_time":"2023-05-30T13:59:45+00:00","og_image":[{"url":"https:\/\/icom.museum\/wp-content\/uploads\/2018\/05\/MG_Conceitos3-1.jpg"}],"twitter_card":"summary_large_image","twitter_misc":{"Tiempo de lectura":"2 minutos"},"schema":{"@context":"https:\/\/schema.org","@graph":[{"@type":"WebPage","@id":"https:\/\/icom.museum\/es\/investigacion-y-desarrollo\/centro-de-informacion-del-icom\/","url":"https:\/\/icom.museum\/es\/investigacion-y-desarrollo\/centro-de-informacion-del-icom\/","name":"Centro de Informaci\u00f3n del ICOM - International Council of Museums","isPartOf":{"@id":"https:\/\/icom.museum\/en\/#website"},"datePublished":"2018-06-19T13:22:42+00:00","dateModified":"2023-05-30T13:59:45+00:00","breadcrumb":{"@id":"https:\/\/icom.museum\/es\/investigacion-y-desarrollo\/centro-de-informacion-del-icom\/#breadcrumb"},"inLanguage":"es","potentialAction":[{"@type":"ReadAction","target":["https:\/\/icom.museum\/es\/investigacion-y-desarrollo\/centro-de-informacion-del-icom\/"]}]},{"@type":"BreadcrumbList","@id":"https:\/\/icom.museum\/es\/investigacion-y-desarrollo\/centro-de-informacion-del-icom\/#breadcrumb","itemListElement":[{"@type":"ListItem","position":1,"name":"Home","item":"https:\/\/icom.museum\/es\/"},{"@type":"ListItem","position":2,"name":"Investigaci\u00f3n y desarrollo","item":"https:\/\/icom.museum\/es\/nuestras-acciones\/investigacion-y-desarrollo\/"},{"@type":"ListItem","position":3,"name":"Centro de Informaci\u00f3n del ICOM"}]},{"@type":"WebSite","@id":"https:\/\/icom.museum\/en\/#website","url":"https:\/\/icom.museum\/en\/","name":"International Council of Museums","description":"A global organisation of museums &amp; museum professionals committed to the promotion and protection of cultural heritage","publisher":{"@id":"https:\/\/icom.museum\/en\/#organization"},"potentialAction":[{"@type":"SearchAction","target":{"@type":"EntryPoint","urlTemplate":"https:\/\/icom.museum\/en\/?s={search_term_string}"},"query-input":{"@type":"PropertyValueSpecification","valueRequired":true,"valueName":"search_term_string"}}],"inLanguage":"es"},{"@type":"Organization","@id":"https:\/\/icom.museum\/en\/#organization","name":"International Council of Museums","url":"https:\/\/icom.museum\/en\/","logo":{"@type":"ImageObject","inLanguage":"es","@id":"https:\/\/icom.museum\/en\/#\/schema\/logo\/image\/","url":"https:\/\/icom.museum\/wp-content\/uploads\/2018\/07\/ICOM_M_.jpg","contentUrl":"https:\/\/icom.museum\/wp-content\/uploads\/2018\/07\/ICOM_M_.jpg","width":1721,"height":1721,"caption":"International Council of Museums"},"image":{"@id":"https:\/\/icom.museum\/en\/#\/schema\/logo\/image\/"}}]}},"_links":{"self":[{"href":"https:\/\/icom.museum\/es\/wp-json\/wp\/v2\/pages\/7367"}],"collection":[{"href":"https:\/\/icom.museum\/es\/wp-json\/wp\/v2\/pages"}],"about":[{"href":"https:\/\/icom.museum\/es\/wp-json\/wp\/v2\/types\/page"}],"author":[{"embeddable":true,"href":"https:\/\/icom.museum\/es\/wp-json\/wp\/v2\/users\/10"}],"replies":[{"embeddable":true,"href":"https:\/\/icom.museum\/es\/wp-json\/wp\/v2\/comments?post=7367"}],"version-history":[{"count":16,"href":"https:\/\/icom.museum\/es\/wp-json\/wp\/v2\/pages\/7367\/revisions"}],"predecessor-version":[{"id":53482,"href":"https:\/\/icom.museum\/es\/wp-json\/wp\/v2\/pages\/7367\/revisions\/53482"}],"up":[{"embeddable":true,"href":"https:\/\/icom.museum\/es\/wp-json\/wp\/v2\/pages\/7361"}],"wp:attachment":[{"href":"https:\/\/icom.museum\/es\/wp-json\/wp\/v2\/media?parent=7367"}],"curies":[{"name":"wp","href":"https:\/\/api.w.org\/{rel}","templated":true}]}}